{"id":1573,"date":"2025-10-29T09:05:47","date_gmt":"2025-10-29T08:05:47","guid":{"rendered":"https:\/\/aufildespierres.com\/?page_id=1573"},"modified":"2025-11-01T13:34:43","modified_gmt":"2025-11-01T12:34:43","slug":"jaspe","status":"publish","type":"page","link":"https:\/\/aufildespierres.com\/index.php\/guide-des-pierres-et-vertus-en-lithotherapie\/jaspe\/","title":{"rendered":"JASPE"},"content":{"rendered":"\n<figure class=\"wp-block-image aligncenter size-large is-resized\"><img loading=\"lazy\" decoding=\"async\" width=\"985\" height=\"1024\" src=\"https:\/\/aufildespierres.com\/wp-content\/uploads\/2025\/11\/20251029_103554-985x1024.jpg\" alt=\"\" class=\"wp-image-4419\" style=\"width:398px\" srcset=\"https:\/\/aufildespierres.com\/wp-content\/uploads\/2025\/11\/20251029_103554-985x1024.jpg 985w, https:\/\/aufildespierres.com\/wp-content\/uploads\/2025\/11\/20251029_103554-288x300.jpg 288w, https:\/\/aufildespierres.com\/wp-content\/uploads\/2025\/11\/20251029_103554-768x799.jpg 768w, https:\/\/aufildespierres.com\/wp-content\/uploads\/2025\/11\/20251029_103554-1477x1536.jpg 1477w, https:\/\/aufildespierres.com\/wp-content\/uploads\/2025\/11\/20251029_103554-1969x2048.jpg 1969w, https:\/\/aufildespierres.com\/wp-content\/uploads\/2025\/11\/20251029_103554-1000x1040.jpg 1000w\" sizes=\"auto, (max-width: 985px) 100vw, 985px\" \/><\/figure>\n\n\n\n<figure class=\"wp-block-table aligncenter is-style-regular has-medium-font-size\"><table style=\"border-style:none;border-width:0px\"><tbody><tr><td><br><br> <strong>Formation du Jaspe<\/strong><br><br>Le <strong>jaspe<\/strong> est une <strong>vari\u00e9t\u00e9 microcristalline de quartz<\/strong>, appartenant \u00e0 la famille des <strong>calc\u00e9doines<\/strong>.<br>Il se forme principalement \u00e0 partir de <strong>d\u00e9p\u00f4ts de silice<\/strong> dans les roches s\u00e9dimentaires ou volcaniques.<br>Lors de sa formation :<br>Des <strong>solutions riches en silice<\/strong> s\u2019infiltrent dans des fissures ou des cavit\u00e9s de la roche.<br>La silice se <strong>cristallise lentement<\/strong>, souvent m\u00eal\u00e9e \u00e0 d\u2019autres <strong>impuret\u00e9s min\u00e9rales<\/strong> (fer, argile, mangan\u00e8se, etc.) qui donnent au jaspe sa <strong>palette infinie de couleurs et de motifs<\/strong>.<br>Ce processus peut durer <strong>des millions d\u2019ann\u00e9es<\/strong>, cr\u00e9ant une pierre <strong>opaque, dense et tr\u00e8s stable<\/strong>.<br>Le jaspe est donc une <strong>pierre d\u2019ancrage \u00e0 la Terre<\/strong>, directement issue des forces lentes et profondes du monde min\u00e9ral.<br><br> <strong>\u00c9nergie et symbolique du Jaspe<\/strong><br>Le jaspe est souvent surnomm\u00e9 <strong>\u00ab la nourrici\u00e8re \u00bb<\/strong> ou <strong>\u00ab la pierre du soutien \u00bb<\/strong> en lithoth\u00e9rapie.<br>Il incarne la <strong>stabilit\u00e9, la force tranquille et la vitalit\u00e9 de la Terre<\/strong>.<br>C\u2019est une pierre <strong>rassurante et protectrice<\/strong>, associ\u00e9e \u00e0 la <strong>s\u00e9curit\u00e9 int\u00e9rieure<\/strong> et \u00e0 la <strong>pers\u00e9v\u00e9rance<\/strong>.<br><br>\ud83e\udeb6 <br><br><\/td><td class=\"has-text-align-left\" data-align=\"left\"><\/td><\/tr><\/tbody><\/table><\/figure>\n\n\n\n<figure class=\"wp-block-table is-style-regular has-medium-font-size\"><table style=\"border-width:1px\"><tbody><tr><td><strong>Chakra<\/strong> : Selon la couleur <br><br><strong>Purification :<\/strong> Eau, fumigation <br><br><strong>Rechargement<\/strong> : soleil doux <br><br><strong>Couleur\/variante<\/strong> : nombreuses couleurs souvent polychrome, motifs uniques <br><br><strong>Signe astrologique<\/strong> : A renseigner<br><br><strong>Gisements<\/strong> : Dans le monde entier <br><br><strong>Duret\u00e9<\/strong> : 6 \u00e0 7 \/10<br><br><strong>Syst\u00e8me cristallin<\/strong> : Trigonal <\/td><\/tr><\/tbody><\/table><\/figure>\n\n\n\n<div class=\"wp-block-columns alignwide is-layout-flex wp-container-core-columns-is-layout-d8ea5e3a wp-block-columns-is-layout-flex\" style=\"margin-top:0;margin-bottom:var(--wp--preset--spacing--40);padding-top:0;padding-right:0;padding-bottom:0;padding-left:0\">\n<div class=\"wp-block-column has-ast-global-color-0-background-color has-text-color has-background has-link-color wp-elements-79d88ebe593740f4e7983463191808f6 is-layout-flow wp-block-column-is-layout-flow\" style=\"border-top-style:none;border-top-width:0px;border-right-color:var(--wp--preset--color--vivid-cyan-blue);border-right-style:none;border-right-width:0px;border-bottom-color:var(--wp--preset--color--vivid-cyan-blue);border-bottom-style:none;border-bottom-width:0px;border-left-color:var(--wp--preset--color--vivid-cyan-blue);border-left-style:none;border-left-width:0px;color:#000000;padding-top:2em;padding-right:2em;padding-bottom:2em;padding-left:2em\">\n<h2 class=\"wp-block-heading\" id=\"single\" style=\"font-size:40px\">Propri\u00e9t\u00e9s psychiques et \u00e9motionnelles<\/h2>\n\n\n\n<hr class=\"wp-block-separator has-text-color has-ast-global-color-1-color has-alpha-channel-opacity has-ast-global-color-1-background-color has-background is-style-wide\"\/>\n\n\n\n<ul class=\"wp-block-list has-normal-font-size\">\n<li>Renforce la confiance en soi et la d\u00e9termination <\/li>\n\n\n\n<li>Encourage patience, constance et courage dans les projets<\/li>\n\n\n\n<li>Pierre d\u2019<strong>ancrage<\/strong> par excellence, elle <strong>relie profond\u00e9ment \u00e0 l\u2019\u00e9nergie de la Terre<\/strong>.<br>Favorise la <strong>circulation harmonieuse de l\u2019\u00e9nergie vitale<\/strong> dans le corps.<br>Prot\u00e8ge des <strong>\u00e9nergies n\u00e9gatives<\/strong> et aide \u00e0 se recentrer m\u00eame dans les p\u00e9riodes difficiles <br>Aide \u00e0 <strong>int\u00e9grer les exp\u00e9riences de vie<\/strong> avec sagesse et \u00e9quilibre.<\/li>\n<\/ul>\n<\/div>\n\n\n\n<div class=\"wp-block-column has-text-color has-background has-link-color wp-elements-b7e4f5fc037916e70e6eacdc8e5d37b1 is-layout-flow wp-block-column-is-layout-flow\" style=\"border-style:none;border-width:0px;color:#000000;background-color:#d1d1e1;padding-top:2em;padding-right:2em;padding-bottom:2em;padding-left:2em\">\n<h2 class=\"wp-block-heading has-ast-global-color-3-color has-text-color\" id=\"family\" style=\"font-size:40px\">Propri\u00e9t\u00e9s physiques                  <\/h2>\n\n\n\n<hr class=\"wp-block-separator has-text-color has-ast-global-color-1-color has-alpha-channel-opacity has-ast-global-color-1-background-color has-background is-style-wide\"\/>\n\n\n\n<ul class=\"wp-block-list has-normal-font-size\">\n<li>On lui attribue une action tonifiante et <strong>revitalisante sur le corps<\/strong>.<br>Il soutiendrait la <strong>circulation sanguine<\/strong> et renforcerait le <strong>syst\u00e8me immunitaire<\/strong>.<br>Encourage la <strong>r\u00e9cup\u00e9ration physique<\/strong> apr\u00e8s un effort ou une p\u00e9riode de faiblesse.<\/li>\n\n\n\n<li>Soutient en cas de <strong>fatigue \u00e9motionnelle<\/strong> ou de <strong>doutes<\/strong>, en redonnant de la force et du courage.<\/li>\n<\/ul>\n<\/div>\n<\/div>\n\n\n\n<p><strong>Les propri\u00e9t\u00e9s des pierres vous sont donn\u00e9es \u00e0 titre indicatif et ne remplacent pas une consultation m\u00e9dicale<\/strong><\/p>\n","protected":false},"excerpt":{"rendered":"<p>Formation du Jaspe Le jaspe est une vari\u00e9t\u00e9 microcristalline de quartz, appartenant \u00e0 la famille des calc\u00e9doines.Il se forme principalement \u00e0 partir de d\u00e9p\u00f4ts de silice dans les roches s\u00e9dimentaires ou volcaniques.Lors de sa formation :Des solutions riches en silice s\u2019infiltrent dans des fissures ou des cavit\u00e9s de la roche.La silice se cristallise lentement, souvent [&hellip;]<\/p>\n","protected":false},"author":1,"featured_media":387,"parent":77,"menu_order":0,"comment_status":"closed","ping_status":"closed","template":"","meta":{"site-sidebar-layout":"default","site-content-layout":"","ast-site-content-layout":"default","site-content-style":"default","site-sidebar-style":"default","ast-global-header-display":"","ast-banner-title-visibility":"","ast-main-header-display":"","ast-hfb-above-header-display":"","ast-hfb-below-header-display":"","ast-hfb-mobile-header-display":"","site-post-title":"","ast-breadcrumbs-content":"","ast-featured-img":"","footer-sml-layout":"","ast-disable-related-posts":"","theme-transparent-header-meta":"","adv-header-id-meta":"","stick-header-meta":"","header-above-stick-meta":"","header-main-stick-meta":"","header-below-stick-meta":"","astra-migrate-meta-layouts":"set","ast-page-background-enabled":"default","ast-page-background-meta":{"desktop":{"background-color":"var(--ast-global-color-4)","background-image":"","background-repeat":"repeat","background-position":"center center","background-size":"auto","background-attachment":"scroll","background-type":"","background-media":"","overlay-type":"","overlay-color":"","overlay-opacity":"","overlay-gradient":""},"tablet":{"background-color":"","background-image":"","background-repeat":"repeat","background-position":"center center","background-size":"auto","background-attachment":"scroll","background-type":"","background-media":"","overlay-type":"","overlay-color":"","overlay-opacity":"","overlay-gradient":""},"mobile":{"background-color":"","background-image":"","background-repeat":"repeat","background-position":"center center","background-size":"auto","background-attachment":"scroll","background-type":"","background-media":"","overlay-type":"","overlay-color":"","overlay-opacity":"","overlay-gradient":""}},"ast-content-background-meta":{"desktop":{"background-color":"var(--ast-global-color-5)","background-image":"","background-repeat":"repeat","background-position":"center center","background-size":"auto","background-attachment":"scroll","background-type":"","background-media":"","overlay-type":"","overlay-color":"","overlay-opacity":"","overlay-gradient":""},"tablet":{"background-color":"var(--ast-global-color-5)","background-image":"","background-repeat":"repeat","background-position":"center center","background-size":"auto","background-attachment":"scroll","background-type":"","background-media":"","overlay-type":"","overlay-color":"","overlay-opacity":"","overlay-gradient":""},"mobile":{"background-color":"var(--ast-global-color-5)","background-image":"","background-repeat":"repeat","background-position":"center center","background-size":"auto","background-attachment":"scroll","background-type":"","background-media":"","overlay-type":"","overlay-color":"","overlay-opacity":"","overlay-gradient":""}},"_glsr_average":0,"_glsr_ranking":0,"_glsr_reviews":0,"footnotes":""},"class_list":["post-1573","page","type-page","status-publish","has-post-thumbnail","hentry"],"yoast_head":"<!-- This site is optimized with the Yoast SEO plugin v27.4 - https:\/\/yoast.com\/product\/yoast-seo-wordpress\/ -->\n<title>JASPE - Au fil des pierres<\/title>\n<meta name=\"description\" content=\"Le jaspe, pierre d\u2019ancrage et de stabilit\u00e9, favorise la confiance en soi, la vitalit\u00e9 et la protection. En lithoth\u00e9rapie, il apaise les \u00e9motions, renforce l\u2019\u00e9nergie et relie profond\u00e9ment \u00e0 la Terre.\" \/>\n<meta name=\"robots\" content=\"index, follow, max-snippet:-1, max-image-preview:large, max-video-preview:-1\" \/>\n<link rel=\"canonical\" href=\"https:\/\/aufildespierres.com\/index.php\/guide-des-pierres-et-vertus-en-lithotherapie\/jaspe\/\" \/>\n<meta property=\"og:locale\" content=\"fr_FR\" \/>\n<meta property=\"og:type\" content=\"article\" \/>\n<meta property=\"og:title\" content=\"JASPE - Au fil des pierres\" \/>\n<meta property=\"og:description\" content=\"Le jaspe, pierre d\u2019ancrage et de stabilit\u00e9, favorise la confiance en soi, la vitalit\u00e9 et la protection. En lithoth\u00e9rapie, il apaise les \u00e9motions, renforce l\u2019\u00e9nergie et relie profond\u00e9ment \u00e0 la Terre.\" \/>\n<meta property=\"og:url\" content=\"https:\/\/aufildespierres.com\/index.php\/guide-des-pierres-et-vertus-en-lithotherapie\/jaspe\/\" \/>\n<meta property=\"og:site_name\" content=\"Au fil des pierres\" \/>\n<meta property=\"article:modified_time\" content=\"2025-11-01T12:34:43+00:00\" \/>\n<meta property=\"og:image\" content=\"https:\/\/aufildespierres.com\/wp-content\/uploads\/2023\/08\/z-amazonite.jpg\" \/>\n\t<meta property=\"og:image:width\" content=\"650\" \/>\n\t<meta property=\"og:image:height\" content=\"504\" \/>\n\t<meta property=\"og:image:type\" content=\"image\/jpeg\" \/>\n<meta name=\"twitter:card\" content=\"summary_large_image\" \/>\n<meta name=\"twitter:label1\" content=\"Dur\u00e9e de lecture estim\u00e9e\" \/>\n\t<meta name=\"twitter:data1\" content=\"3 minutes\" \/>\n<script type=\"application\/ld+json\" class=\"yoast-schema-graph\">{\"@context\":\"https:\\\/\\\/schema.org\",\"@graph\":[{\"@type\":\"WebPage\",\"@id\":\"https:\\\/\\\/aufildespierres.com\\\/index.php\\\/guide-des-pierres-et-vertus-en-lithotherapie\\\/jaspe\\\/\",\"url\":\"https:\\\/\\\/aufildespierres.com\\\/index.php\\\/guide-des-pierres-et-vertus-en-lithotherapie\\\/jaspe\\\/\",\"name\":\"JASPE - Au fil des pierres\",\"isPartOf\":{\"@id\":\"https:\\\/\\\/aufildespierres.com\\\/#website\"},\"primaryImageOfPage\":{\"@id\":\"https:\\\/\\\/aufildespierres.com\\\/index.php\\\/guide-des-pierres-et-vertus-en-lithotherapie\\\/jaspe\\\/#primaryimage\"},\"image\":{\"@id\":\"https:\\\/\\\/aufildespierres.com\\\/index.php\\\/guide-des-pierres-et-vertus-en-lithotherapie\\\/jaspe\\\/#primaryimage\"},\"thumbnailUrl\":\"https:\\\/\\\/aufildespierres.com\\\/wp-content\\\/uploads\\\/2023\\\/08\\\/z-amazonite.jpg\",\"datePublished\":\"2025-10-29T08:05:47+00:00\",\"dateModified\":\"2025-11-01T12:34:43+00:00\",\"description\":\"Le jaspe, pierre d\u2019ancrage et de stabilit\u00e9, favorise la confiance en soi, la vitalit\u00e9 et la protection. En lithoth\u00e9rapie, il apaise les \u00e9motions, renforce l\u2019\u00e9nergie et relie profond\u00e9ment \u00e0 la Terre.\",\"breadcrumb\":{\"@id\":\"https:\\\/\\\/aufildespierres.com\\\/index.php\\\/guide-des-pierres-et-vertus-en-lithotherapie\\\/jaspe\\\/#breadcrumb\"},\"inLanguage\":\"fr-FR\",\"potentialAction\":[{\"@type\":\"ReadAction\",\"target\":[\"https:\\\/\\\/aufildespierres.com\\\/index.php\\\/guide-des-pierres-et-vertus-en-lithotherapie\\\/jaspe\\\/\"]}]},{\"@type\":\"ImageObject\",\"inLanguage\":\"fr-FR\",\"@id\":\"https:\\\/\\\/aufildespierres.com\\\/index.php\\\/guide-des-pierres-et-vertus-en-lithotherapie\\\/jaspe\\\/#primaryimage\",\"url\":\"https:\\\/\\\/aufildespierres.com\\\/wp-content\\\/uploads\\\/2023\\\/08\\\/z-amazonite.jpg\",\"contentUrl\":\"https:\\\/\\\/aufildespierres.com\\\/wp-content\\\/uploads\\\/2023\\\/08\\\/z-amazonite.jpg\",\"width\":650,\"height\":504},{\"@type\":\"BreadcrumbList\",\"@id\":\"https:\\\/\\\/aufildespierres.com\\\/index.php\\\/guide-des-pierres-et-vertus-en-lithotherapie\\\/jaspe\\\/#breadcrumb\",\"itemListElement\":[{\"@type\":\"ListItem\",\"position\":1,\"name\":\"Accueil\",\"item\":\"https:\\\/\\\/aufildespierres.com\\\/\"},{\"@type\":\"ListItem\",\"position\":2,\"name\":\"Guide des pierres et vertus en Lithoth\u00e9rapie\",\"item\":\"https:\\\/\\\/aufildespierres.com\\\/index.php\\\/guide-des-pierres-et-vertus-en-lithotherapie\\\/\"},{\"@type\":\"ListItem\",\"position\":3,\"name\":\"JASPE\"}]},{\"@type\":\"WebSite\",\"@id\":\"https:\\\/\\\/aufildespierres.com\\\/#website\",\"url\":\"https:\\\/\\\/aufildespierres.com\\\/\",\"name\":\"Au fil des pierres\",\"description\":\"Au fil des pierres\",\"publisher\":{\"@id\":\"https:\\\/\\\/aufildespierres.com\\\/#organization\"},\"potentialAction\":[{\"@type\":\"SearchAction\",\"target\":{\"@type\":\"EntryPoint\",\"urlTemplate\":\"https:\\\/\\\/aufildespierres.com\\\/?s={search_term_string}\"},\"query-input\":{\"@type\":\"PropertyValueSpecification\",\"valueRequired\":true,\"valueName\":\"search_term_string\"}}],\"inLanguage\":\"fr-FR\"},{\"@type\":\"Organization\",\"@id\":\"https:\\\/\\\/aufildespierres.com\\\/#organization\",\"name\":\"Au fil des pierres\",\"url\":\"https:\\\/\\\/aufildespierres.com\\\/\",\"logo\":{\"@type\":\"ImageObject\",\"inLanguage\":\"fr-FR\",\"@id\":\"https:\\\/\\\/aufildespierres.com\\\/#\\\/schema\\\/logo\\\/image\\\/\",\"url\":\"https:\\\/\\\/aufildespierres.com\\\/wp-content\\\/uploads\\\/2023\\\/05\\\/cropped-Logo-PNG-Transparent.png\",\"contentUrl\":\"https:\\\/\\\/aufildespierres.com\\\/wp-content\\\/uploads\\\/2023\\\/05\\\/cropped-Logo-PNG-Transparent.png\",\"width\":1776,\"height\":1625,\"caption\":\"Au fil des pierres\"},\"image\":{\"@id\":\"https:\\\/\\\/aufildespierres.com\\\/#\\\/schema\\\/logo\\\/image\\\/\"}}]}<\/script>\n<!-- \/ Yoast SEO plugin. -->","yoast_head_json":{"title":"JASPE - Au fil des pierres","description":"Le jaspe, pierre d\u2019ancrage et de stabilit\u00e9, favorise la confiance en soi, la vitalit\u00e9 et la protection. En lithoth\u00e9rapie, il apaise les \u00e9motions, renforce l\u2019\u00e9nergie et relie profond\u00e9ment \u00e0 la Terre.","robots":{"index":"index","follow":"follow","max-snippet":"max-snippet:-1","max-image-preview":"max-image-preview:large","max-video-preview":"max-video-preview:-1"},"canonical":"https:\/\/aufildespierres.com\/index.php\/guide-des-pierres-et-vertus-en-lithotherapie\/jaspe\/","og_locale":"fr_FR","og_type":"article","og_title":"JASPE - Au fil des pierres","og_description":"Le jaspe, pierre d\u2019ancrage et de stabilit\u00e9, favorise la confiance en soi, la vitalit\u00e9 et la protection. En lithoth\u00e9rapie, il apaise les \u00e9motions, renforce l\u2019\u00e9nergie et relie profond\u00e9ment \u00e0 la Terre.","og_url":"https:\/\/aufildespierres.com\/index.php\/guide-des-pierres-et-vertus-en-lithotherapie\/jaspe\/","og_site_name":"Au fil des pierres","article_modified_time":"2025-11-01T12:34:43+00:00","og_image":[{"width":650,"height":504,"url":"https:\/\/aufildespierres.com\/wp-content\/uploads\/2023\/08\/z-amazonite.jpg","type":"image\/jpeg"}],"twitter_card":"summary_large_image","twitter_misc":{"Dur\u00e9e de lecture estim\u00e9e":"3 minutes"},"schema":{"@context":"https:\/\/schema.org","@graph":[{"@type":"WebPage","@id":"https:\/\/aufildespierres.com\/index.php\/guide-des-pierres-et-vertus-en-lithotherapie\/jaspe\/","url":"https:\/\/aufildespierres.com\/index.php\/guide-des-pierres-et-vertus-en-lithotherapie\/jaspe\/","name":"JASPE - Au fil des pierres","isPartOf":{"@id":"https:\/\/aufildespierres.com\/#website"},"primaryImageOfPage":{"@id":"https:\/\/aufildespierres.com\/index.php\/guide-des-pierres-et-vertus-en-lithotherapie\/jaspe\/#primaryimage"},"image":{"@id":"https:\/\/aufildespierres.com\/index.php\/guide-des-pierres-et-vertus-en-lithotherapie\/jaspe\/#primaryimage"},"thumbnailUrl":"https:\/\/aufildespierres.com\/wp-content\/uploads\/2023\/08\/z-amazonite.jpg","datePublished":"2025-10-29T08:05:47+00:00","dateModified":"2025-11-01T12:34:43+00:00","description":"Le jaspe, pierre d\u2019ancrage et de stabilit\u00e9, favorise la confiance en soi, la vitalit\u00e9 et la protection. En lithoth\u00e9rapie, il apaise les \u00e9motions, renforce l\u2019\u00e9nergie et relie profond\u00e9ment \u00e0 la Terre.","breadcrumb":{"@id":"https:\/\/aufildespierres.com\/index.php\/guide-des-pierres-et-vertus-en-lithotherapie\/jaspe\/#breadcrumb"},"inLanguage":"fr-FR","potentialAction":[{"@type":"ReadAction","target":["https:\/\/aufildespierres.com\/index.php\/guide-des-pierres-et-vertus-en-lithotherapie\/jaspe\/"]}]},{"@type":"ImageObject","inLanguage":"fr-FR","@id":"https:\/\/aufildespierres.com\/index.php\/guide-des-pierres-et-vertus-en-lithotherapie\/jaspe\/#primaryimage","url":"https:\/\/aufildespierres.com\/wp-content\/uploads\/2023\/08\/z-amazonite.jpg","contentUrl":"https:\/\/aufildespierres.com\/wp-content\/uploads\/2023\/08\/z-amazonite.jpg","width":650,"height":504},{"@type":"BreadcrumbList","@id":"https:\/\/aufildespierres.com\/index.php\/guide-des-pierres-et-vertus-en-lithotherapie\/jaspe\/#breadcrumb","itemListElement":[{"@type":"ListItem","position":1,"name":"Accueil","item":"https:\/\/aufildespierres.com\/"},{"@type":"ListItem","position":2,"name":"Guide des pierres et vertus en Lithoth\u00e9rapie","item":"https:\/\/aufildespierres.com\/index.php\/guide-des-pierres-et-vertus-en-lithotherapie\/"},{"@type":"ListItem","position":3,"name":"JASPE"}]},{"@type":"WebSite","@id":"https:\/\/aufildespierres.com\/#website","url":"https:\/\/aufildespierres.com\/","name":"Au fil des pierres","description":"Au fil des pierres","publisher":{"@id":"https:\/\/aufildespierres.com\/#organization"},"potentialAction":[{"@type":"SearchAction","target":{"@type":"EntryPoint","urlTemplate":"https:\/\/aufildespierres.com\/?s={search_term_string}"},"query-input":{"@type":"PropertyValueSpecification","valueRequired":true,"valueName":"search_term_string"}}],"inLanguage":"fr-FR"},{"@type":"Organization","@id":"https:\/\/aufildespierres.com\/#organization","name":"Au fil des pierres","url":"https:\/\/aufildespierres.com\/","logo":{"@type":"ImageObject","inLanguage":"fr-FR","@id":"https:\/\/aufildespierres.com\/#\/schema\/logo\/image\/","url":"https:\/\/aufildespierres.com\/wp-content\/uploads\/2023\/05\/cropped-Logo-PNG-Transparent.png","contentUrl":"https:\/\/aufildespierres.com\/wp-content\/uploads\/2023\/05\/cropped-Logo-PNG-Transparent.png","width":1776,"height":1625,"caption":"Au fil des pierres"},"image":{"@id":"https:\/\/aufildespierres.com\/#\/schema\/logo\/image\/"}}]}},"_links":{"self":[{"href":"https:\/\/aufildespierres.com\/index.php\/wp-json\/wp\/v2\/pages\/1573","targetHints":{"allow":["GET"]}}],"collection":[{"href":"https:\/\/aufildespierres.com\/index.php\/wp-json\/wp\/v2\/pages"}],"about":[{"href":"https:\/\/aufildespierres.com\/index.php\/wp-json\/wp\/v2\/types\/page"}],"author":[{"embeddable":true,"href":"https:\/\/aufildespierres.com\/index.php\/wp-json\/wp\/v2\/users\/1"}],"replies":[{"embeddable":true,"href":"https:\/\/aufildespierres.com\/index.php\/wp-json\/wp\/v2\/comments?post=1573"}],"version-history":[{"count":3,"href":"https:\/\/aufildespierres.com\/index.php\/wp-json\/wp\/v2\/pages\/1573\/revisions"}],"predecessor-version":[{"id":4420,"href":"https:\/\/aufildespierres.com\/index.php\/wp-json\/wp\/v2\/pages\/1573\/revisions\/4420"}],"up":[{"embeddable":true,"href":"https:\/\/aufildespierres.com\/index.php\/wp-json\/wp\/v2\/pages\/77"}],"wp:featuredmedia":[{"embeddable":true,"href":"https:\/\/aufildespierres.com\/index.php\/wp-json\/wp\/v2\/media\/387"}],"wp:attachment":[{"href":"https:\/\/aufildespierres.com\/index.php\/wp-json\/wp\/v2\/media?parent=1573"}],"curies":[{"name":"wp","href":"https:\/\/api.w.org\/{rel}","templated":true}]}}