{"id":1581,"date":"2025-03-05T16:43:56","date_gmt":"2025-03-05T15:43:56","guid":{"rendered":"https:\/\/aufildespierres.com\/?page_id=1581"},"modified":"2025-11-04T17:25:25","modified_gmt":"2025-11-04T16:25:25","slug":"larimar","status":"publish","type":"page","link":"https:\/\/aufildespierres.com\/index.php\/guide-des-pierres-et-vertus-en-lithotherapie\/larimar\/","title":{"rendered":"LARIMAR"},"content":{"rendered":"\n<figure class=\"wp-block-table aligncenter is-style-regular has-medium-font-size\"><table style=\"border-style:none;border-width:0px\"><tbody><tr><td>                                                                         <img loading=\"lazy\" decoding=\"async\" width=\"400\" height=\"225\" class=\"wp-image-3427\" style=\"width: 400px;\" src=\"https:\/\/aufildespierres.com\/wp-content\/uploads\/2025\/03\/Larimar-Stone-.jpg\" alt=\"\" srcset=\"https:\/\/aufildespierres.com\/wp-content\/uploads\/2025\/03\/Larimar-Stone-.jpg 1280w, https:\/\/aufildespierres.com\/wp-content\/uploads\/2025\/03\/Larimar-Stone--300x169.jpg 300w, https:\/\/aufildespierres.com\/wp-content\/uploads\/2025\/03\/Larimar-Stone--1024x576.jpg 1024w, https:\/\/aufildespierres.com\/wp-content\/uploads\/2025\/03\/Larimar-Stone--768x432.jpg 768w, https:\/\/aufildespierres.com\/wp-content\/uploads\/2025\/03\/Larimar-Stone--1000x563.jpg 1000w\" sizes=\"auto, (max-width: 400px) 100vw, 400px\" \/><br><br><strong> Les Vertus du Larimar : S\u00e9r\u00e9nit\u00e9 et Expression Int\u00e9rieure<\/strong><br><br>Le larimar est une pierre rare et pr\u00e9cieuse, particuli\u00e8rement reconnue pour ses vertus apaisantes. En effet, elle favorise la s\u00e9r\u00e9nit\u00e9, l\u2019expression de soi et une communication douce. Ainsi, elle est id\u00e9ale pour les personnes souhaitant harmoniser leurs \u00e9motions et s\u2019exprimer avec plus de clart\u00e9 et de calme.<br><br><strong> Une Couleur Bleu Azur, Source de Paix et d\u2019\u00c9vasion<\/strong><br>Sa couleur bleu azur, \u00e9voquant les eaux tranquilles des Cara\u00efbes, inspire imm\u00e9diatement le calme et la fluidit\u00e9. Par cons\u00e9quent, elle apaise l\u2019esprit, dissipe le stress et invite \u00e0 la d\u00e9tente. De plus, cette vibration favorise les \u00e9changes bienveillants, en soutenant une communication sinc\u00e8re et pos\u00e9e. Elle convient donc particuli\u00e8rement aux personnes en qu\u00eate de paix int\u00e9rieure et d\u2019\u00e9quilibre \u00e9motionnel.<br><br><strong> Intuition, Douceur et Connexion Int\u00e9rieure<\/strong><br>Gr\u00e2ce \u00e0 ses propri\u00e9t\u00e9s \u00e9nerg\u00e9tiques uniques, le larimar stimule l\u2019intuition et la conscience de soi. Il permet une meilleure compr\u00e9hension des \u00e9motions et encourage une r\u00e9flexion plus profonde. Cependant, son \u00e9nergie douce et enveloppante peut ne pas convenir \u00e0 ceux qui recherchent un soutien plus dynamique ou ancr\u00e9 dans l\u2019action.<br><br>\ud83e\udeb7 <strong>Une Pierre pour le Calme au Quotidien<\/strong><br>Au-del\u00e0 de ses effets personnels, le larimar contribue \u00e0 instaurer un climat serein dans l\u2019environnement. En r\u00e9duisant les tensions et en apaisant les pens\u00e9es agit\u00e9es, il accompagne vers un quotidien plus fluide et d\u00e9tendu.<br><br>En r\u00e9sum\u00e9, le larimar est une pierre d\u2019harmonie, d\u2019expression et de douceur. Il soutient une vie plus paisible, \u00e9quilibr\u00e9e et align\u00e9e avec soi-m\u00eame.<br><br><br><\/td><td class=\"has-text-align-left\" data-align=\"left\"><\/td><\/tr><\/tbody><\/table><\/figure>\n\n\n\n<figure class=\"wp-block-table is-style-regular has-medium-font-size\"><table style=\"border-width:1px\"><tbody><tr><td><strong>Chakra<\/strong> : Gorge<br><br><strong>Purification :<\/strong> Eau fumigation vibration <br><br><strong>Rechargement<\/strong> : lumi\u00e8re du jour sans soleil direct ( photosensible )<br><br><strong>Couleur\/variante<\/strong> : bleu clair \u00e0 bleu ciel vein\u00e9 de blanc<br><br><strong>Signe astrologique<\/strong> : Poissons Verseau Vierge <br><br><strong>Gisements<\/strong> : R\u00e9publique Dominicaine ( unique gisement ce qui explique sa raret\u00e9 et son prix \u00e9lev\u00e9)<br><br><strong>Duret\u00e9<\/strong> : 4 \u00e0 5 \/10<br><br><strong>Syst\u00e8me cristallin<\/strong> : Triclinique<\/td><\/tr><\/tbody><\/table><\/figure>\n\n\n\n<div class=\"wp-block-columns alignwide is-layout-flex wp-container-core-columns-is-layout-d8ea5e3a wp-block-columns-is-layout-flex\" style=\"margin-top:0;margin-bottom:var(--wp--preset--spacing--40);padding-top:0;padding-right:0;padding-bottom:0;padding-left:0\">\n<div class=\"wp-block-column has-ast-global-color-0-background-color has-text-color has-background has-link-color wp-elements-2adf6c359dd27d921b1c677d76c76c0b is-layout-flow wp-block-column-is-layout-flow\" style=\"border-top-style:none;border-top-width:0px;border-right-color:var(--wp--preset--color--vivid-cyan-blue);border-right-style:none;border-right-width:0px;border-bottom-color:var(--wp--preset--color--vivid-cyan-blue);border-bottom-style:none;border-bottom-width:0px;border-left-color:var(--wp--preset--color--vivid-cyan-blue);border-left-style:none;border-left-width:0px;color:#000000;padding-top:2em;padding-right:2em;padding-bottom:2em;padding-left:2em\">\n<h2 class=\"wp-block-heading\" id=\"single\" style=\"font-size:40px\">Propri\u00e9t\u00e9s psychiques et \u00e9motionnelles<\/h2>\n\n\n\n<hr class=\"wp-block-separator has-text-color has-ast-global-color-1-color has-alpha-channel-opacity has-ast-global-color-1-background-color has-background is-style-wide\"\/>\n\n\n\n<ul class=\"wp-block-list has-normal-font-size\">\n<li>Favorise le l\u00e2cher prise en calmant le corps \u00e9motionnel<\/li>\n\n\n\n<li>Energie apaisante maternelle, de paix int\u00e9rieure<\/li>\n\n\n\n<li>Diminue le besoin de contr\u00f4le ou manipulation<\/li>\n\n\n\n<li>Apprends \u00e0 se respecter, s&rsquo;aimer et communiquer avec son c\u0153ur en parlant de ses  sentiments<\/li>\n\n\n\n<li>Aide \u00e0 se satisfaire de ce que l&rsquo;on a et aimer ce qui  existe<\/li>\n\n\n\n<li>Facilite la lib\u00e9ration des peurs, col\u00e8res et ce qui s&rsquo;est ancr\u00e9 \u00e9motionnellement depuis la naissance<\/li>\n\n\n\n<li>Accompagne les femmes enceintes durant la grossesse et en d\u00e9pression post partum, allaitement.<\/li>\n\n\n\n<li>Stimule les capacit\u00e9s de compr\u00e9hension et les connexions \u00e0 diff\u00e9rents plans, notamment percevoir la raison de sa pr\u00e9sence dans ce monde.<\/li>\n\n\n\n<li>Renforce joie de vivre et esprit positif<\/li>\n\n\n\n<li>Harmonise les \u00e9nergies.<\/li>\n<\/ul>\n<\/div>\n\n\n\n<div class=\"wp-block-column has-text-color has-background has-link-color wp-elements-71dcd5bc8c9d868abf4f5d70413fde30 is-layout-flow wp-block-column-is-layout-flow\" style=\"border-style:none;border-width:0px;color:#000000;background-color:#d1d1e1;padding-top:2em;padding-right:2em;padding-bottom:2em;padding-left:2em\">\n<h2 class=\"wp-block-heading has-ast-global-color-3-color has-text-color\" id=\"family\" style=\"font-size:40px\">Propri\u00e9t\u00e9s physiques                  <\/h2>\n\n\n\n<hr class=\"wp-block-separator has-text-color has-ast-global-color-1-color has-alpha-channel-opacity has-ast-global-color-1-background-color has-background is-style-wide\"\/>\n\n\n\n<ul class=\"wp-block-list has-normal-font-size\">\n<li>Renforce cartilages et articulations, os,  fortifie la croissance des enfants<\/li>\n\n\n\n<li>Associ\u00e9 au thymus<\/li>\n\n\n\n<li>Calme les bouff\u00e9es de chaleur, les affections cutan\u00e9es<\/li>\n\n\n\n<li>Soutient en cas d&rsquo;affection ORL <\/li>\n\n\n\n<li>Prot\u00e8ge les cordes vocales des chanteurs.<\/li>\n<\/ul>\n<\/div>\n<\/div>\n\n\n\n<p><strong>Les propri\u00e9t\u00e9s des pierres vous sont donn\u00e9es \u00e0 titre indicatif et ne remplacent pas une consultation m\u00e9dicale<\/strong><\/p>\n\n\n\n<p>Retrouvez notre s\u00e9lection de Larimar dans notre&nbsp;<a href=\"https:\/\/aufildespierres.com\/index.php\/product-category\/mineraux\/larimar\/\">boutique<\/a><\/p>\n\n\n\n<p>Suivez nous sur notre groupe&nbsp;<a href=\"https:\/\/www.facebook.com\/groups\/933263570928569\">Facebook<\/a><\/p>\n\n\n\n<p><\/p>\n","protected":false},"excerpt":{"rendered":"<p>Les Vertus du Larimar : S\u00e9r\u00e9nit\u00e9 et Expression Int\u00e9rieure Le larimar est une pierre rare et pr\u00e9cieuse, particuli\u00e8rement reconnue pour ses vertus apaisantes. En effet, elle favorise la s\u00e9r\u00e9nit\u00e9, l\u2019expression de soi et une communication douce. Ainsi, elle est id\u00e9ale pour les personnes souhaitant harmoniser leurs \u00e9motions et s\u2019exprimer avec plus de clart\u00e9 et de [&hellip;]<\/p>\n","protected":false},"author":1,"featured_media":387,"parent":77,"menu_order":0,"comment_status":"closed","ping_status":"closed","template":"","meta":{"site-sidebar-layout":"default","site-content-layout":"","ast-site-content-layout":"default","site-content-style":"default","site-sidebar-style":"default","ast-global-header-display":"","ast-banner-title-visibility":"","ast-main-header-display":"","ast-hfb-above-header-display":"","ast-hfb-below-header-display":"","ast-hfb-mobile-header-display":"","site-post-title":"","ast-breadcrumbs-content":"","ast-featured-img":"","footer-sml-layout":"","ast-disable-related-posts":"","theme-transparent-header-meta":"","adv-header-id-meta":"","stick-header-meta":"","header-above-stick-meta":"","header-main-stick-meta":"","header-below-stick-meta":"","astra-migrate-meta-layouts":"set","ast-page-background-enabled":"default","ast-page-background-meta":{"desktop":{"background-color":"var(--ast-global-color-4)","background-image":"","background-repeat":"repeat","background-position":"center center","background-size":"auto","background-attachment":"scroll","background-type":"","background-media":"","overlay-type":"","overlay-color":"","overlay-opacity":"","overlay-gradient":""},"tablet":{"background-color":"","background-image":"","background-repeat":"repeat","background-position":"center center","background-size":"auto","background-attachment":"scroll","background-type":"","background-media":"","overlay-type":"","overlay-color":"","overlay-opacity":"","overlay-gradient":""},"mobile":{"background-color":"","background-image":"","background-repeat":"repeat","background-position":"center center","background-size":"auto","background-attachment":"scroll","background-type":"","background-media":"","overlay-type":"","overlay-color":"","overlay-opacity":"","overlay-gradient":""}},"ast-content-background-meta":{"desktop":{"background-color":"var(--ast-global-color-5)","background-image":"","background-repeat":"repeat","background-position":"center center","background-size":"auto","background-attachment":"scroll","background-type":"","background-media":"","overlay-type":"","overlay-color":"","overlay-opacity":"","overlay-gradient":""},"tablet":{"background-color":"var(--ast-global-color-5)","background-image":"","background-repeat":"repeat","background-position":"center center","background-size":"auto","background-attachment":"scroll","background-type":"","background-media":"","overlay-type":"","overlay-color":"","overlay-opacity":"","overlay-gradient":""},"mobile":{"background-color":"var(--ast-global-color-5)","background-image":"","background-repeat":"repeat","background-position":"center center","background-size":"auto","background-attachment":"scroll","background-type":"","background-media":"","overlay-type":"","overlay-color":"","overlay-opacity":"","overlay-gradient":""}},"_glsr_average":0,"_glsr_ranking":0,"_glsr_reviews":0,"footnotes":""},"class_list":["post-1581","page","type-page","status-publish","has-post-thumbnail","hentry"],"yoast_head":"<!-- This site is optimized with the Yoast SEO plugin v27.4 - https:\/\/yoast.com\/product\/yoast-seo-wordpress\/ -->\n<title>LARIMAR - Au fil des pierres<\/title>\n<meta name=\"description\" content=\"D\u00e9couvrez le larimar, une pierre d\u2019exception aux nuances apaisantes, s\u00e9lectionn\u00e9e pour sa qualit\u00e9 premium et ses bienfaits \u00e9nerg\u00e9tiques uniques.\" \/>\n<meta name=\"robots\" content=\"index, follow, max-snippet:-1, max-image-preview:large, max-video-preview:-1\" \/>\n<link rel=\"canonical\" href=\"https:\/\/aufildespierres.com\/index.php\/guide-des-pierres-et-vertus-en-lithotherapie\/larimar\/\" \/>\n<meta property=\"og:locale\" content=\"fr_FR\" \/>\n<meta property=\"og:type\" content=\"article\" \/>\n<meta property=\"og:title\" content=\"LARIMAR - Au fil des pierres\" \/>\n<meta property=\"og:description\" content=\"D\u00e9couvrez le larimar, une pierre d\u2019exception aux nuances apaisantes, s\u00e9lectionn\u00e9e pour sa qualit\u00e9 premium et ses bienfaits \u00e9nerg\u00e9tiques uniques.\" \/>\n<meta property=\"og:url\" content=\"https:\/\/aufildespierres.com\/index.php\/guide-des-pierres-et-vertus-en-lithotherapie\/larimar\/\" \/>\n<meta property=\"og:site_name\" content=\"Au fil des pierres\" \/>\n<meta property=\"article:modified_time\" content=\"2025-11-04T16:25:25+00:00\" \/>\n<meta property=\"og:image\" content=\"https:\/\/aufildespierres.com\/wp-content\/uploads\/2023\/08\/z-amazonite.jpg\" \/>\n\t<meta property=\"og:image:width\" content=\"650\" \/>\n\t<meta property=\"og:image:height\" content=\"504\" \/>\n\t<meta property=\"og:image:type\" content=\"image\/jpeg\" \/>\n<meta name=\"twitter:card\" content=\"summary_large_image\" \/>\n<meta name=\"twitter:label1\" content=\"Dur\u00e9e de lecture estim\u00e9e\" \/>\n\t<meta name=\"twitter:data1\" content=\"3 minutes\" \/>\n<script type=\"application\/ld+json\" class=\"yoast-schema-graph\">{\"@context\":\"https:\\\/\\\/schema.org\",\"@graph\":[{\"@type\":\"WebPage\",\"@id\":\"https:\\\/\\\/aufildespierres.com\\\/index.php\\\/guide-des-pierres-et-vertus-en-lithotherapie\\\/larimar\\\/\",\"url\":\"https:\\\/\\\/aufildespierres.com\\\/index.php\\\/guide-des-pierres-et-vertus-en-lithotherapie\\\/larimar\\\/\",\"name\":\"LARIMAR - Au fil des pierres\",\"isPartOf\":{\"@id\":\"https:\\\/\\\/aufildespierres.com\\\/#website\"},\"primaryImageOfPage\":{\"@id\":\"https:\\\/\\\/aufildespierres.com\\\/index.php\\\/guide-des-pierres-et-vertus-en-lithotherapie\\\/larimar\\\/#primaryimage\"},\"image\":{\"@id\":\"https:\\\/\\\/aufildespierres.com\\\/index.php\\\/guide-des-pierres-et-vertus-en-lithotherapie\\\/larimar\\\/#primaryimage\"},\"thumbnailUrl\":\"https:\\\/\\\/aufildespierres.com\\\/wp-content\\\/uploads\\\/2023\\\/08\\\/z-amazonite.jpg\",\"datePublished\":\"2025-03-05T15:43:56+00:00\",\"dateModified\":\"2025-11-04T16:25:25+00:00\",\"description\":\"D\u00e9couvrez le larimar, une pierre d\u2019exception aux nuances apaisantes, s\u00e9lectionn\u00e9e pour sa qualit\u00e9 premium et ses bienfaits \u00e9nerg\u00e9tiques uniques.\",\"breadcrumb\":{\"@id\":\"https:\\\/\\\/aufildespierres.com\\\/index.php\\\/guide-des-pierres-et-vertus-en-lithotherapie\\\/larimar\\\/#breadcrumb\"},\"inLanguage\":\"fr-FR\",\"potentialAction\":[{\"@type\":\"ReadAction\",\"target\":[\"https:\\\/\\\/aufildespierres.com\\\/index.php\\\/guide-des-pierres-et-vertus-en-lithotherapie\\\/larimar\\\/\"]}]},{\"@type\":\"ImageObject\",\"inLanguage\":\"fr-FR\",\"@id\":\"https:\\\/\\\/aufildespierres.com\\\/index.php\\\/guide-des-pierres-et-vertus-en-lithotherapie\\\/larimar\\\/#primaryimage\",\"url\":\"https:\\\/\\\/aufildespierres.com\\\/wp-content\\\/uploads\\\/2023\\\/08\\\/z-amazonite.jpg\",\"contentUrl\":\"https:\\\/\\\/aufildespierres.com\\\/wp-content\\\/uploads\\\/2023\\\/08\\\/z-amazonite.jpg\",\"width\":650,\"height\":504},{\"@type\":\"BreadcrumbList\",\"@id\":\"https:\\\/\\\/aufildespierres.com\\\/index.php\\\/guide-des-pierres-et-vertus-en-lithotherapie\\\/larimar\\\/#breadcrumb\",\"itemListElement\":[{\"@type\":\"ListItem\",\"position\":1,\"name\":\"Accueil\",\"item\":\"https:\\\/\\\/aufildespierres.com\\\/\"},{\"@type\":\"ListItem\",\"position\":2,\"name\":\"Guide des pierres et vertus en Lithoth\u00e9rapie\",\"item\":\"https:\\\/\\\/aufildespierres.com\\\/index.php\\\/guide-des-pierres-et-vertus-en-lithotherapie\\\/\"},{\"@type\":\"ListItem\",\"position\":3,\"name\":\"LARIMAR\"}]},{\"@type\":\"WebSite\",\"@id\":\"https:\\\/\\\/aufildespierres.com\\\/#website\",\"url\":\"https:\\\/\\\/aufildespierres.com\\\/\",\"name\":\"Au fil des pierres\",\"description\":\"Au fil des pierres\",\"publisher\":{\"@id\":\"https:\\\/\\\/aufildespierres.com\\\/#organization\"},\"potentialAction\":[{\"@type\":\"SearchAction\",\"target\":{\"@type\":\"EntryPoint\",\"urlTemplate\":\"https:\\\/\\\/aufildespierres.com\\\/?s={search_term_string}\"},\"query-input\":{\"@type\":\"PropertyValueSpecification\",\"valueRequired\":true,\"valueName\":\"search_term_string\"}}],\"inLanguage\":\"fr-FR\"},{\"@type\":\"Organization\",\"@id\":\"https:\\\/\\\/aufildespierres.com\\\/#organization\",\"name\":\"Au fil des pierres\",\"url\":\"https:\\\/\\\/aufildespierres.com\\\/\",\"logo\":{\"@type\":\"ImageObject\",\"inLanguage\":\"fr-FR\",\"@id\":\"https:\\\/\\\/aufildespierres.com\\\/#\\\/schema\\\/logo\\\/image\\\/\",\"url\":\"https:\\\/\\\/aufildespierres.com\\\/wp-content\\\/uploads\\\/2023\\\/05\\\/cropped-Logo-PNG-Transparent.png\",\"contentUrl\":\"https:\\\/\\\/aufildespierres.com\\\/wp-content\\\/uploads\\\/2023\\\/05\\\/cropped-Logo-PNG-Transparent.png\",\"width\":1776,\"height\":1625,\"caption\":\"Au fil des pierres\"},\"image\":{\"@id\":\"https:\\\/\\\/aufildespierres.com\\\/#\\\/schema\\\/logo\\\/image\\\/\"}}]}<\/script>\n<!-- \/ Yoast SEO plugin. -->","yoast_head_json":{"title":"LARIMAR - Au fil des pierres","description":"D\u00e9couvrez le larimar, une pierre d\u2019exception aux nuances apaisantes, s\u00e9lectionn\u00e9e pour sa qualit\u00e9 premium et ses bienfaits \u00e9nerg\u00e9tiques uniques.","robots":{"index":"index","follow":"follow","max-snippet":"max-snippet:-1","max-image-preview":"max-image-preview:large","max-video-preview":"max-video-preview:-1"},"canonical":"https:\/\/aufildespierres.com\/index.php\/guide-des-pierres-et-vertus-en-lithotherapie\/larimar\/","og_locale":"fr_FR","og_type":"article","og_title":"LARIMAR - Au fil des pierres","og_description":"D\u00e9couvrez le larimar, une pierre d\u2019exception aux nuances apaisantes, s\u00e9lectionn\u00e9e pour sa qualit\u00e9 premium et ses bienfaits \u00e9nerg\u00e9tiques uniques.","og_url":"https:\/\/aufildespierres.com\/index.php\/guide-des-pierres-et-vertus-en-lithotherapie\/larimar\/","og_site_name":"Au fil des pierres","article_modified_time":"2025-11-04T16:25:25+00:00","og_image":[{"width":650,"height":504,"url":"https:\/\/aufildespierres.com\/wp-content\/uploads\/2023\/08\/z-amazonite.jpg","type":"image\/jpeg"}],"twitter_card":"summary_large_image","twitter_misc":{"Dur\u00e9e de lecture estim\u00e9e":"3 minutes"},"schema":{"@context":"https:\/\/schema.org","@graph":[{"@type":"WebPage","@id":"https:\/\/aufildespierres.com\/index.php\/guide-des-pierres-et-vertus-en-lithotherapie\/larimar\/","url":"https:\/\/aufildespierres.com\/index.php\/guide-des-pierres-et-vertus-en-lithotherapie\/larimar\/","name":"LARIMAR - Au fil des pierres","isPartOf":{"@id":"https:\/\/aufildespierres.com\/#website"},"primaryImageOfPage":{"@id":"https:\/\/aufildespierres.com\/index.php\/guide-des-pierres-et-vertus-en-lithotherapie\/larimar\/#primaryimage"},"image":{"@id":"https:\/\/aufildespierres.com\/index.php\/guide-des-pierres-et-vertus-en-lithotherapie\/larimar\/#primaryimage"},"thumbnailUrl":"https:\/\/aufildespierres.com\/wp-content\/uploads\/2023\/08\/z-amazonite.jpg","datePublished":"2025-03-05T15:43:56+00:00","dateModified":"2025-11-04T16:25:25+00:00","description":"D\u00e9couvrez le larimar, une pierre d\u2019exception aux nuances apaisantes, s\u00e9lectionn\u00e9e pour sa qualit\u00e9 premium et ses bienfaits \u00e9nerg\u00e9tiques uniques.","breadcrumb":{"@id":"https:\/\/aufildespierres.com\/index.php\/guide-des-pierres-et-vertus-en-lithotherapie\/larimar\/#breadcrumb"},"inLanguage":"fr-FR","potentialAction":[{"@type":"ReadAction","target":["https:\/\/aufildespierres.com\/index.php\/guide-des-pierres-et-vertus-en-lithotherapie\/larimar\/"]}]},{"@type":"ImageObject","inLanguage":"fr-FR","@id":"https:\/\/aufildespierres.com\/index.php\/guide-des-pierres-et-vertus-en-lithotherapie\/larimar\/#primaryimage","url":"https:\/\/aufildespierres.com\/wp-content\/uploads\/2023\/08\/z-amazonite.jpg","contentUrl":"https:\/\/aufildespierres.com\/wp-content\/uploads\/2023\/08\/z-amazonite.jpg","width":650,"height":504},{"@type":"BreadcrumbList","@id":"https:\/\/aufildespierres.com\/index.php\/guide-des-pierres-et-vertus-en-lithotherapie\/larimar\/#breadcrumb","itemListElement":[{"@type":"ListItem","position":1,"name":"Accueil","item":"https:\/\/aufildespierres.com\/"},{"@type":"ListItem","position":2,"name":"Guide des pierres et vertus en Lithoth\u00e9rapie","item":"https:\/\/aufildespierres.com\/index.php\/guide-des-pierres-et-vertus-en-lithotherapie\/"},{"@type":"ListItem","position":3,"name":"LARIMAR"}]},{"@type":"WebSite","@id":"https:\/\/aufildespierres.com\/#website","url":"https:\/\/aufildespierres.com\/","name":"Au fil des pierres","description":"Au fil des pierres","publisher":{"@id":"https:\/\/aufildespierres.com\/#organization"},"potentialAction":[{"@type":"SearchAction","target":{"@type":"EntryPoint","urlTemplate":"https:\/\/aufildespierres.com\/?s={search_term_string}"},"query-input":{"@type":"PropertyValueSpecification","valueRequired":true,"valueName":"search_term_string"}}],"inLanguage":"fr-FR"},{"@type":"Organization","@id":"https:\/\/aufildespierres.com\/#organization","name":"Au fil des pierres","url":"https:\/\/aufildespierres.com\/","logo":{"@type":"ImageObject","inLanguage":"fr-FR","@id":"https:\/\/aufildespierres.com\/#\/schema\/logo\/image\/","url":"https:\/\/aufildespierres.com\/wp-content\/uploads\/2023\/05\/cropped-Logo-PNG-Transparent.png","contentUrl":"https:\/\/aufildespierres.com\/wp-content\/uploads\/2023\/05\/cropped-Logo-PNG-Transparent.png","width":1776,"height":1625,"caption":"Au fil des pierres"},"image":{"@id":"https:\/\/aufildespierres.com\/#\/schema\/logo\/image\/"}}]}},"_links":{"self":[{"href":"https:\/\/aufildespierres.com\/index.php\/wp-json\/wp\/v2\/pages\/1581","targetHints":{"allow":["GET"]}}],"collection":[{"href":"https:\/\/aufildespierres.com\/index.php\/wp-json\/wp\/v2\/pages"}],"about":[{"href":"https:\/\/aufildespierres.com\/index.php\/wp-json\/wp\/v2\/types\/page"}],"author":[{"embeddable":true,"href":"https:\/\/aufildespierres.com\/index.php\/wp-json\/wp\/v2\/users\/1"}],"replies":[{"embeddable":true,"href":"https:\/\/aufildespierres.com\/index.php\/wp-json\/wp\/v2\/comments?post=1581"}],"version-history":[{"count":5,"href":"https:\/\/aufildespierres.com\/index.php\/wp-json\/wp\/v2\/pages\/1581\/revisions"}],"predecessor-version":[{"id":4462,"href":"https:\/\/aufildespierres.com\/index.php\/wp-json\/wp\/v2\/pages\/1581\/revisions\/4462"}],"up":[{"embeddable":true,"href":"https:\/\/aufildespierres.com\/index.php\/wp-json\/wp\/v2\/pages\/77"}],"wp:featuredmedia":[{"embeddable":true,"href":"https:\/\/aufildespierres.com\/index.php\/wp-json\/wp\/v2\/media\/387"}],"wp:attachment":[{"href":"https:\/\/aufildespierres.com\/index.php\/wp-json\/wp\/v2\/media?parent=1581"}],"curies":[{"name":"wp","href":"https:\/\/api.w.org\/{rel}","templated":true}]}}