{"id":1593,"date":"2025-11-01T22:29:08","date_gmt":"2025-11-01T21:29:08","guid":{"rendered":"https:\/\/aufildespierres.com\/?page_id=1593"},"modified":"2025-11-03T10:44:25","modified_gmt":"2025-11-03T09:44:25","slug":"morganite","status":"publish","type":"page","link":"https:\/\/aufildespierres.com\/index.php\/guide-des-pierres-et-vertus-en-lithotherapie\/morganite\/","title":{"rendered":"MORGANITE"},"content":{"rendered":"\n\n\n<figure class=\"wp-block-image aligncenter size-large is-resized\"><img loading=\"lazy\" decoding=\"async\" width=\"576\" height=\"1024\" src=\"https:\/\/aufildespierres.com\/wp-content\/uploads\/2025\/11\/20251102_155652-576x1024.png\" alt=\"\" class=\"wp-image-4434\" style=\"object-fit:cover;width:400px;height:404px\" srcset=\"https:\/\/aufildespierres.com\/wp-content\/uploads\/2025\/11\/20251102_155652-576x1024.png 576w, https:\/\/aufildespierres.com\/wp-content\/uploads\/2025\/11\/20251102_155652-169x300.png 169w, https:\/\/aufildespierres.com\/wp-content\/uploads\/2025\/11\/20251102_155652-768x1365.png 768w, https:\/\/aufildespierres.com\/wp-content\/uploads\/2025\/11\/20251102_155652-864x1536.png 864w, https:\/\/aufildespierres.com\/wp-content\/uploads\/2025\/11\/20251102_155652-1000x1778.png 1000w, https:\/\/aufildespierres.com\/wp-content\/uploads\/2025\/11\/20251102_155652.png 1152w\" sizes=\"auto, (max-width: 576px) 100vw, 576px\" \/><\/figure>\n\n\n\n<figure class=\"wp-block-table is-style-regular has-medium-font-size\"><table style=\"border-style:none;border-width:0px\"><tbody><tr><td><br><br><strong>Morganite <\/strong><br><strong> pierre de douceur, d\u2019amour et de confiance<\/strong><br><br><br>La <strong>Morganite<\/strong> est une pierre appartenant \u00e0 la famille des B\u00e9ryls, tout comme l\u2019\u00e9meraude et l\u2019aigue-marine. Elle se distingue par ses <strong>nuances d\u00e9licates de rose p\u00e2le, rose orang\u00e9 ou rose violac\u00e9<\/strong>. Sa couleur douce provient de traces naturelles de mangan\u00e8se pr\u00e9sentes lors de sa formation, au c\u0153ur des <strong>roches granitiques riches en b\u00e9ryllium<\/strong>. Derri\u00e8re cette apparente tendresse se cache une pierre <strong>\u00e9nergisante et puissante<\/strong>, symbole d\u2019amour et d\u2019harmonie.<br><br>Vertus et bienfaits en lithoth\u00e9rapie<br>En <strong>lithoth\u00e9rapie<\/strong>, la Morganite est connue pour <strong>rendre plus joyeux<\/strong> et <strong>aider \u00e0 trouver le bonheur<\/strong>. Elle <strong>apaise les tensions \u00e9motionnelles<\/strong> et <strong>renforce la confiance en soi<\/strong>, tout en procurant un <strong>sentiment de s\u00e9curit\u00e9 affective<\/strong>. Cette pierre invite \u00e0 la <strong>tol\u00e9rance<\/strong>, \u00e0 la <strong>bienveillance envers soi-m\u00eame et envers les autres<\/strong>, et aide \u00e0 <strong>exprimer librement ses \u00e9motions<\/strong>.<br>Pierre de c\u0153ur, la Morganite <strong>favorise l\u2019amour durable<\/strong>, soutient les couples dans une relation <strong>\u00e9quilibr\u00e9e et sinc\u00e8re<\/strong>, et <strong>prot\u00e8ge de la brutalit\u00e9 \u00e9motionnelle<\/strong>. Elle <strong>encourage les amiti\u00e9s sinc\u00e8res<\/strong>, <strong>augmente la sensualit\u00e9 et la libido<\/strong>, et aide \u00e0 <strong>reconna\u00eetre ses d\u00e9sirs profonds<\/strong>. Elle peut \u00e9galement <strong>combler le vide laiss\u00e9 par un \u00eatre cher<\/strong>, en apportant paix et r\u00e9confort.<br><br>Harmonie du corps et de l\u2019esprit<br>Sur le plan physique, la Morganite <strong>soutient le syst\u00e8me cardiaque<\/strong>, <strong>apaise les angoisses respiratoires<\/strong> et agit sur <strong>l\u2019asthme et la bronchite<\/strong>. Elle <strong>stimule la circulation sanguine<\/strong> et <strong>am\u00e9liore la qualit\u00e9 de la peau<\/strong>, redonnant \u00e9clat et vitalit\u00e9.<br>Ainsi, la Morganite est une <strong>alli\u00e9e pr\u00e9cieuse pour \u00e9quilibrer le c\u0153ur, l\u2019esprit et le corps<\/strong>, tout en diffusant une \u00e9nergie d\u2019amour et de s\u00e9r\u00e9nit\u00e9.<\/td><td class=\"has-text-align-left\" data-align=\"left\"><\/td><\/tr><\/tbody><\/table><\/figure>\n\n\n\n<figure class=\"wp-block-table is-style-regular has-medium-font-size\"><table style=\"border-width:1px\"><tbody><tr><td><strong>Chakra<\/strong> : Coeur<br><br><strong>Purification :<\/strong> Eau encens fumigation sel indirect, vibrations <br><br><strong>Rechargement<\/strong> : Lumi\u00e8re naturelle sans soleil direct <br><br><strong>Couleur\/variante<\/strong> : rose pale, orang\u00e9 ou violac\u00e9<br><br><strong>Signe astrologique<\/strong> : Taureau Vierge Capricorne <br><br><strong>Gisements<\/strong> : A renseigner<br><br><strong>Duret\u00e9<\/strong> : 7,5 \u00e0 8 \/10<br><br><strong>Syst\u00e8me cristallin<\/strong> : Hexagonal <\/td><\/tr><\/tbody><\/table><\/figure>\n\n\n\n<div class=\"wp-block-columns alignwide is-layout-flex wp-container-core-columns-is-layout-d8ea5e3a wp-block-columns-is-layout-flex\" style=\"margin-top:0;margin-bottom:var(--wp--preset--spacing--40);padding-top:0;padding-right:0;padding-bottom:0;padding-left:0\">\n<div class=\"wp-block-column has-ast-global-color-0-background-color has-text-color has-background has-link-color wp-elements-c77b0e9661a635014385e85c2855914c is-layout-flow wp-block-column-is-layout-flow\" style=\"border-top-style:none;border-top-width:0px;border-right-color:var(--wp--preset--color--vivid-cyan-blue);border-right-style:none;border-right-width:0px;border-bottom-color:var(--wp--preset--color--vivid-cyan-blue);border-bottom-style:none;border-bottom-width:0px;border-left-color:var(--wp--preset--color--vivid-cyan-blue);border-left-style:none;border-left-width:0px;color:#000000;padding-top:2em;padding-right:2em;padding-bottom:2em;padding-left:2em\">\n<h2 class=\"wp-block-heading\" id=\"single\" style=\"font-size:40px\">Propri\u00e9t\u00e9s psychiques et \u00e9motionnelles<\/h2>\n\n\n\n<hr class=\"wp-block-separator has-text-color has-ast-global-color-1-color has-alpha-channel-opacity has-ast-global-color-1-background-color has-background is-style-wide\"\/>\n\n\n\n<ul class=\"wp-block-list has-normal-font-size\">\n<li>Soulage des vieilles douleurs affectives et de vieux chagrins, apaisant les fardeaux<\/li>\n\n\n\n<li>Facilite le travail int\u00e9rieur des traumas \u00e9motionnels pour s&rsquo;en lib\u00e9rer <\/li>\n\n\n\n<li>Apaise peur, ressentiment et col\u00e8re<\/li>\n\n\n\n<li>Aide \u00e0 gu\u00e9rir d&rsquo;une relation pass\u00e9e rest\u00e9e sans r\u00e9ponse ,et facilite le d\u00e9passement des anciens sch\u00e9mas <\/li>\n\n\n\n<li>Transmet la sagesse du c\u0153ur et la voie de l&rsquo;amour plut\u00f4t que la peur<\/li>\n\n\n\n<li>Aide \u00e0 passer les crises \u00e9motionnelles, faire le point sur ses blessures et se repositionner au niveau affectif.<\/li>\n\n\n\n<li>Ouvre \u00e0 l&rsquo;amour cosmique, divin et apprends que les blessures servent \u00e0 notre croissance spirituelle.<\/li>\n<\/ul>\n<\/div>\n\n\n\n<div class=\"wp-block-column has-text-color has-background has-link-color wp-elements-88bb06def051bcb88af6d313bc150670 is-layout-flow wp-block-column-is-layout-flow\" style=\"border-style:none;border-width:0px;color:#000000;background-color:#d1d1e1;padding-top:2em;padding-right:2em;padding-bottom:2em;padding-left:2em\">\n<h2 class=\"wp-block-heading has-ast-global-color-3-color has-text-color\" id=\"family\" style=\"font-size:40px\">Propri\u00e9t\u00e9s physiques                  <\/h2>\n\n\n\n<hr class=\"wp-block-separator has-text-color has-ast-global-color-1-color has-alpha-channel-opacity has-ast-global-color-1-background-color has-background is-style-wide\"\/>\n\n\n\n<ul class=\"wp-block-list has-normal-font-size\">\n<li>Calme le syst\u00e8me nerveux<\/li>\n\n\n\n<li>pierre indiqu\u00e9e pour brulures d&rsquo;estomac, hypoglyc\u00e9mie, soucis pulmonaires.<\/li>\n<\/ul>\n<\/div>\n<\/div>\n\n\n\n<p><strong>Les propri\u00e9t\u00e9s des pierres vous sont donn\u00e9es \u00e0 titre indicatif et ne remplacent pas une consultation m\u00e9dicale<\/strong><\/p>\n","protected":false},"excerpt":{"rendered":"<p>Morganite pierre de douceur, d\u2019amour et de confiance La Morganite est une pierre appartenant \u00e0 la famille des B\u00e9ryls, tout comme l\u2019\u00e9meraude et l\u2019aigue-marine. Elle se distingue par ses nuances d\u00e9licates de rose p\u00e2le, rose orang\u00e9 ou rose violac\u00e9. Sa couleur douce provient de traces naturelles de mangan\u00e8se pr\u00e9sentes lors de sa formation, au c\u0153ur [&hellip;]<\/p>\n","protected":false},"author":1,"featured_media":387,"parent":77,"menu_order":0,"comment_status":"closed","ping_status":"closed","template":"","meta":{"site-sidebar-layout":"default","site-content-layout":"","ast-site-content-layout":"default","site-content-style":"default","site-sidebar-style":"default","ast-global-header-display":"","ast-banner-title-visibility":"","ast-main-header-display":"","ast-hfb-above-header-display":"","ast-hfb-below-header-display":"","ast-hfb-mobile-header-display":"","site-post-title":"","ast-breadcrumbs-content":"","ast-featured-img":"","footer-sml-layout":"","ast-disable-related-posts":"","theme-transparent-header-meta":"","adv-header-id-meta":"","stick-header-meta":"","header-above-stick-meta":"","header-main-stick-meta":"","header-below-stick-meta":"","astra-migrate-meta-layouts":"set","ast-page-background-enabled":"default","ast-page-background-meta":{"desktop":{"background-color":"var(--ast-global-color-4)","background-image":"","background-repeat":"repeat","background-position":"center center","background-size":"auto","background-attachment":"scroll","background-type":"","background-media":"","overlay-type":"","overlay-color":"","overlay-opacity":"","overlay-gradient":""},"tablet":{"background-color":"","background-image":"","background-repeat":"repeat","background-position":"center center","background-size":"auto","background-attachment":"scroll","background-type":"","background-media":"","overlay-type":"","overlay-color":"","overlay-opacity":"","overlay-gradient":""},"mobile":{"background-color":"","background-image":"","background-repeat":"repeat","background-position":"center center","background-size":"auto","background-attachment":"scroll","background-type":"","background-media":"","overlay-type":"","overlay-color":"","overlay-opacity":"","overlay-gradient":""}},"ast-content-background-meta":{"desktop":{"background-color":"var(--ast-global-color-5)","background-image":"","background-repeat":"repeat","background-position":"center center","background-size":"auto","background-attachment":"scroll","background-type":"","background-media":"","overlay-type":"","overlay-color":"","overlay-opacity":"","overlay-gradient":""},"tablet":{"background-color":"var(--ast-global-color-5)","background-image":"","background-repeat":"repeat","background-position":"center center","background-size":"auto","background-attachment":"scroll","background-type":"","background-media":"","overlay-type":"","overlay-color":"","overlay-opacity":"","overlay-gradient":""},"mobile":{"background-color":"var(--ast-global-color-5)","background-image":"","background-repeat":"repeat","background-position":"center center","background-size":"auto","background-attachment":"scroll","background-type":"","background-media":"","overlay-type":"","overlay-color":"","overlay-opacity":"","overlay-gradient":""}},"_glsr_average":0,"_glsr_ranking":0,"_glsr_reviews":0,"footnotes":""},"class_list":["post-1593","page","type-page","status-publish","has-post-thumbnail","hentry"],"yoast_head":"<!-- This site is optimized with the Yoast SEO plugin v27.5 - https:\/\/yoast.com\/product\/yoast-seo-wordpress\/ -->\n<title>MORGANITE - Au fil des pierres<\/title>\n<meta name=\"description\" content=\"D\u00e9couvrez la Morganite, pierre de douceur et d\u2019amour, qui apaise le c\u0153ur, renforce la confiance en soi et harmonise les \u00e9motions au quotidien.\" \/>\n<meta name=\"robots\" content=\"index, follow, max-snippet:-1, max-image-preview:large, max-video-preview:-1\" \/>\n<link rel=\"canonical\" href=\"https:\/\/aufildespierres.com\/index.php\/guide-des-pierres-et-vertus-en-lithotherapie\/morganite\/\" \/>\n<meta property=\"og:locale\" content=\"fr_FR\" \/>\n<meta property=\"og:type\" content=\"article\" \/>\n<meta property=\"og:title\" content=\"MORGANITE - Au fil des pierres\" \/>\n<meta property=\"og:description\" content=\"D\u00e9couvrez la Morganite, pierre de douceur et d\u2019amour, qui apaise le c\u0153ur, renforce la confiance en soi et harmonise les \u00e9motions au quotidien.\" \/>\n<meta property=\"og:url\" content=\"https:\/\/aufildespierres.com\/index.php\/guide-des-pierres-et-vertus-en-lithotherapie\/morganite\/\" \/>\n<meta property=\"og:site_name\" content=\"Au fil des pierres\" \/>\n<meta property=\"article:modified_time\" content=\"2025-11-03T09:44:25+00:00\" \/>\n<meta property=\"og:image\" content=\"https:\/\/aufildespierres.com\/wp-content\/uploads\/2023\/08\/z-amazonite.jpg\" \/>\n\t<meta property=\"og:image:width\" content=\"650\" \/>\n\t<meta property=\"og:image:height\" content=\"504\" \/>\n\t<meta property=\"og:image:type\" content=\"image\/jpeg\" \/>\n<meta name=\"twitter:card\" content=\"summary_large_image\" \/>\n<meta name=\"twitter:label1\" content=\"Dur\u00e9e de lecture estim\u00e9e\" \/>\n\t<meta name=\"twitter:data1\" content=\"3 minutes\" \/>\n<script type=\"application\/ld+json\" class=\"yoast-schema-graph\">{\"@context\":\"https:\\\/\\\/schema.org\",\"@graph\":[{\"@type\":\"WebPage\",\"@id\":\"https:\\\/\\\/aufildespierres.com\\\/index.php\\\/guide-des-pierres-et-vertus-en-lithotherapie\\\/morganite\\\/\",\"url\":\"https:\\\/\\\/aufildespierres.com\\\/index.php\\\/guide-des-pierres-et-vertus-en-lithotherapie\\\/morganite\\\/\",\"name\":\"MORGANITE - Au fil des pierres\",\"isPartOf\":{\"@id\":\"https:\\\/\\\/aufildespierres.com\\\/#website\"},\"primaryImageOfPage\":{\"@id\":\"https:\\\/\\\/aufildespierres.com\\\/index.php\\\/guide-des-pierres-et-vertus-en-lithotherapie\\\/morganite\\\/#primaryimage\"},\"image\":{\"@id\":\"https:\\\/\\\/aufildespierres.com\\\/index.php\\\/guide-des-pierres-et-vertus-en-lithotherapie\\\/morganite\\\/#primaryimage\"},\"thumbnailUrl\":\"https:\\\/\\\/aufildespierres.com\\\/wp-content\\\/uploads\\\/2023\\\/08\\\/z-amazonite.jpg\",\"datePublished\":\"2025-11-01T21:29:08+00:00\",\"dateModified\":\"2025-11-03T09:44:25+00:00\",\"description\":\"D\u00e9couvrez la Morganite, pierre de douceur et d\u2019amour, qui apaise le c\u0153ur, renforce la confiance en soi et harmonise les \u00e9motions au quotidien.\",\"breadcrumb\":{\"@id\":\"https:\\\/\\\/aufildespierres.com\\\/index.php\\\/guide-des-pierres-et-vertus-en-lithotherapie\\\/morganite\\\/#breadcrumb\"},\"inLanguage\":\"fr-FR\",\"potentialAction\":[{\"@type\":\"ReadAction\",\"target\":[\"https:\\\/\\\/aufildespierres.com\\\/index.php\\\/guide-des-pierres-et-vertus-en-lithotherapie\\\/morganite\\\/\"]}]},{\"@type\":\"ImageObject\",\"inLanguage\":\"fr-FR\",\"@id\":\"https:\\\/\\\/aufildespierres.com\\\/index.php\\\/guide-des-pierres-et-vertus-en-lithotherapie\\\/morganite\\\/#primaryimage\",\"url\":\"https:\\\/\\\/aufildespierres.com\\\/wp-content\\\/uploads\\\/2023\\\/08\\\/z-amazonite.jpg\",\"contentUrl\":\"https:\\\/\\\/aufildespierres.com\\\/wp-content\\\/uploads\\\/2023\\\/08\\\/z-amazonite.jpg\",\"width\":650,\"height\":504},{\"@type\":\"BreadcrumbList\",\"@id\":\"https:\\\/\\\/aufildespierres.com\\\/index.php\\\/guide-des-pierres-et-vertus-en-lithotherapie\\\/morganite\\\/#breadcrumb\",\"itemListElement\":[{\"@type\":\"ListItem\",\"position\":1,\"name\":\"Accueil\",\"item\":\"https:\\\/\\\/aufildespierres.com\\\/\"},{\"@type\":\"ListItem\",\"position\":2,\"name\":\"Guide des pierres et vertus en Lithoth\u00e9rapie\",\"item\":\"https:\\\/\\\/aufildespierres.com\\\/index.php\\\/guide-des-pierres-et-vertus-en-lithotherapie\\\/\"},{\"@type\":\"ListItem\",\"position\":3,\"name\":\"MORGANITE\"}]},{\"@type\":\"WebSite\",\"@id\":\"https:\\\/\\\/aufildespierres.com\\\/#website\",\"url\":\"https:\\\/\\\/aufildespierres.com\\\/\",\"name\":\"Au fil des pierres\",\"description\":\"Au fil des pierres\",\"publisher\":{\"@id\":\"https:\\\/\\\/aufildespierres.com\\\/#organization\"},\"potentialAction\":[{\"@type\":\"SearchAction\",\"target\":{\"@type\":\"EntryPoint\",\"urlTemplate\":\"https:\\\/\\\/aufildespierres.com\\\/?s={search_term_string}\"},\"query-input\":{\"@type\":\"PropertyValueSpecification\",\"valueRequired\":true,\"valueName\":\"search_term_string\"}}],\"inLanguage\":\"fr-FR\"},{\"@type\":\"Organization\",\"@id\":\"https:\\\/\\\/aufildespierres.com\\\/#organization\",\"name\":\"Au fil des pierres\",\"url\":\"https:\\\/\\\/aufildespierres.com\\\/\",\"logo\":{\"@type\":\"ImageObject\",\"inLanguage\":\"fr-FR\",\"@id\":\"https:\\\/\\\/aufildespierres.com\\\/#\\\/schema\\\/logo\\\/image\\\/\",\"url\":\"https:\\\/\\\/aufildespierres.com\\\/wp-content\\\/uploads\\\/2023\\\/05\\\/cropped-Logo-PNG-Transparent.png\",\"contentUrl\":\"https:\\\/\\\/aufildespierres.com\\\/wp-content\\\/uploads\\\/2023\\\/05\\\/cropped-Logo-PNG-Transparent.png\",\"width\":1776,\"height\":1625,\"caption\":\"Au fil des pierres\"},\"image\":{\"@id\":\"https:\\\/\\\/aufildespierres.com\\\/#\\\/schema\\\/logo\\\/image\\\/\"}}]}<\/script>\n<!-- \/ Yoast SEO plugin. -->","yoast_head_json":{"title":"MORGANITE - Au fil des pierres","description":"D\u00e9couvrez la Morganite, pierre de douceur et d\u2019amour, qui apaise le c\u0153ur, renforce la confiance en soi et harmonise les \u00e9motions au quotidien.","robots":{"index":"index","follow":"follow","max-snippet":"max-snippet:-1","max-image-preview":"max-image-preview:large","max-video-preview":"max-video-preview:-1"},"canonical":"https:\/\/aufildespierres.com\/index.php\/guide-des-pierres-et-vertus-en-lithotherapie\/morganite\/","og_locale":"fr_FR","og_type":"article","og_title":"MORGANITE - Au fil des pierres","og_description":"D\u00e9couvrez la Morganite, pierre de douceur et d\u2019amour, qui apaise le c\u0153ur, renforce la confiance en soi et harmonise les \u00e9motions au quotidien.","og_url":"https:\/\/aufildespierres.com\/index.php\/guide-des-pierres-et-vertus-en-lithotherapie\/morganite\/","og_site_name":"Au fil des pierres","article_modified_time":"2025-11-03T09:44:25+00:00","og_image":[{"width":650,"height":504,"url":"https:\/\/aufildespierres.com\/wp-content\/uploads\/2023\/08\/z-amazonite.jpg","type":"image\/jpeg"}],"twitter_card":"summary_large_image","twitter_misc":{"Dur\u00e9e de lecture estim\u00e9e":"3 minutes"},"schema":{"@context":"https:\/\/schema.org","@graph":[{"@type":"WebPage","@id":"https:\/\/aufildespierres.com\/index.php\/guide-des-pierres-et-vertus-en-lithotherapie\/morganite\/","url":"https:\/\/aufildespierres.com\/index.php\/guide-des-pierres-et-vertus-en-lithotherapie\/morganite\/","name":"MORGANITE - Au fil des pierres","isPartOf":{"@id":"https:\/\/aufildespierres.com\/#website"},"primaryImageOfPage":{"@id":"https:\/\/aufildespierres.com\/index.php\/guide-des-pierres-et-vertus-en-lithotherapie\/morganite\/#primaryimage"},"image":{"@id":"https:\/\/aufildespierres.com\/index.php\/guide-des-pierres-et-vertus-en-lithotherapie\/morganite\/#primaryimage"},"thumbnailUrl":"https:\/\/aufildespierres.com\/wp-content\/uploads\/2023\/08\/z-amazonite.jpg","datePublished":"2025-11-01T21:29:08+00:00","dateModified":"2025-11-03T09:44:25+00:00","description":"D\u00e9couvrez la Morganite, pierre de douceur et d\u2019amour, qui apaise le c\u0153ur, renforce la confiance en soi et harmonise les \u00e9motions au quotidien.","breadcrumb":{"@id":"https:\/\/aufildespierres.com\/index.php\/guide-des-pierres-et-vertus-en-lithotherapie\/morganite\/#breadcrumb"},"inLanguage":"fr-FR","potentialAction":[{"@type":"ReadAction","target":["https:\/\/aufildespierres.com\/index.php\/guide-des-pierres-et-vertus-en-lithotherapie\/morganite\/"]}]},{"@type":"ImageObject","inLanguage":"fr-FR","@id":"https:\/\/aufildespierres.com\/index.php\/guide-des-pierres-et-vertus-en-lithotherapie\/morganite\/#primaryimage","url":"https:\/\/aufildespierres.com\/wp-content\/uploads\/2023\/08\/z-amazonite.jpg","contentUrl":"https:\/\/aufildespierres.com\/wp-content\/uploads\/2023\/08\/z-amazonite.jpg","width":650,"height":504},{"@type":"BreadcrumbList","@id":"https:\/\/aufildespierres.com\/index.php\/guide-des-pierres-et-vertus-en-lithotherapie\/morganite\/#breadcrumb","itemListElement":[{"@type":"ListItem","position":1,"name":"Accueil","item":"https:\/\/aufildespierres.com\/"},{"@type":"ListItem","position":2,"name":"Guide des pierres et vertus en Lithoth\u00e9rapie","item":"https:\/\/aufildespierres.com\/index.php\/guide-des-pierres-et-vertus-en-lithotherapie\/"},{"@type":"ListItem","position":3,"name":"MORGANITE"}]},{"@type":"WebSite","@id":"https:\/\/aufildespierres.com\/#website","url":"https:\/\/aufildespierres.com\/","name":"Au fil des pierres","description":"Au fil des pierres","publisher":{"@id":"https:\/\/aufildespierres.com\/#organization"},"potentialAction":[{"@type":"SearchAction","target":{"@type":"EntryPoint","urlTemplate":"https:\/\/aufildespierres.com\/?s={search_term_string}"},"query-input":{"@type":"PropertyValueSpecification","valueRequired":true,"valueName":"search_term_string"}}],"inLanguage":"fr-FR"},{"@type":"Organization","@id":"https:\/\/aufildespierres.com\/#organization","name":"Au fil des pierres","url":"https:\/\/aufildespierres.com\/","logo":{"@type":"ImageObject","inLanguage":"fr-FR","@id":"https:\/\/aufildespierres.com\/#\/schema\/logo\/image\/","url":"https:\/\/aufildespierres.com\/wp-content\/uploads\/2023\/05\/cropped-Logo-PNG-Transparent.png","contentUrl":"https:\/\/aufildespierres.com\/wp-content\/uploads\/2023\/05\/cropped-Logo-PNG-Transparent.png","width":1776,"height":1625,"caption":"Au fil des pierres"},"image":{"@id":"https:\/\/aufildespierres.com\/#\/schema\/logo\/image\/"}}]}},"_links":{"self":[{"href":"https:\/\/aufildespierres.com\/index.php\/wp-json\/wp\/v2\/pages\/1593","targetHints":{"allow":["GET"]}}],"collection":[{"href":"https:\/\/aufildespierres.com\/index.php\/wp-json\/wp\/v2\/pages"}],"about":[{"href":"https:\/\/aufildespierres.com\/index.php\/wp-json\/wp\/v2\/types\/page"}],"author":[{"embeddable":true,"href":"https:\/\/aufildespierres.com\/index.php\/wp-json\/wp\/v2\/users\/1"}],"replies":[{"embeddable":true,"href":"https:\/\/aufildespierres.com\/index.php\/wp-json\/wp\/v2\/comments?post=1593"}],"version-history":[{"count":3,"href":"https:\/\/aufildespierres.com\/index.php\/wp-json\/wp\/v2\/pages\/1593\/revisions"}],"predecessor-version":[{"id":4435,"href":"https:\/\/aufildespierres.com\/index.php\/wp-json\/wp\/v2\/pages\/1593\/revisions\/4435"}],"up":[{"embeddable":true,"href":"https:\/\/aufildespierres.com\/index.php\/wp-json\/wp\/v2\/pages\/77"}],"wp:featuredmedia":[{"embeddable":true,"href":"https:\/\/aufildespierres.com\/index.php\/wp-json\/wp\/v2\/media\/387"}],"wp:attachment":[{"href":"https:\/\/aufildespierres.com\/index.php\/wp-json\/wp\/v2\/media?parent=1593"}],"curies":[{"name":"wp","href":"https:\/\/api.w.org\/{rel}","templated":true}]}}