{"id":1601,"date":"2025-11-01T21:30:16","date_gmt":"2025-11-01T20:30:16","guid":{"rendered":"https:\/\/aufildespierres.com\/?page_id=1601"},"modified":"2025-11-01T21:30:21","modified_gmt":"2025-11-01T20:30:21","slug":"oeil-de-chat","status":"publish","type":"page","link":"https:\/\/aufildespierres.com\/index.php\/guide-des-pierres-et-vertus-en-lithotherapie\/oeil-de-chat\/","title":{"rendered":"Tourmaline \u0152il de chat"},"content":{"rendered":"\n<figure class=\"wp-block-image aligncenter size-full is-resized\"><img loading=\"lazy\" decoding=\"async\" width=\"180\" height=\"180\" src=\"https:\/\/aufildespierres.com\/wp-content\/uploads\/2025\/11\/OIP.jpeg\" alt=\"\" class=\"wp-image-4423\" style=\"width:400px\" srcset=\"https:\/\/aufildespierres.com\/wp-content\/uploads\/2025\/11\/OIP.jpeg 180w, https:\/\/aufildespierres.com\/wp-content\/uploads\/2025\/11\/OIP-150x150.jpeg 150w, https:\/\/aufildespierres.com\/wp-content\/uploads\/2025\/11\/OIP-100x100.jpeg 100w\" sizes=\"auto, (max-width: 180px) 100vw, 180px\" \/><\/figure>\n\n\n\n<figure class=\"wp-block-table is-style-regular has-medium-font-size\"><table style=\"border-style:none;border-width:0px\"><tbody><tr><td><br><strong>Tourmaline \u0153il de chat <\/strong><br><br>Pierre d\u2019ancrage et de transformation<br>Une pierre fascinante venue d\u2019Afrique du Sud<br><br>La <strong>Tourmaline \u0153il de chat<\/strong> est une gemme rare et pr\u00e9cieuse, originaire d\u2019<strong>Afrique du Sud<\/strong>. Elle tire son nom de sa <strong>chatoyance unique<\/strong>, cette r\u00e9flexion lumineuse qui \u00e9voque la pupille d\u2019un \u0153il de chat. Cette particularit\u00e9 optique provient de la structure fibreuse interne de la pierre, form\u00e9e au c\u0153ur des roches m\u00e9tamorphiques riches en min\u00e9raux.<br><br>Vertus et bienfaits en lithoth\u00e9rapie<br>En <strong>lithoth\u00e9rapie<\/strong>, la Tourmaline \u0153il de chat est reconnue pour son <strong>pouvoir protecteur<\/strong>. Elle <strong>diminue les \u00e9nergies et influences n\u00e9gatives<\/strong>, souvent g\u00e9n\u00e9r\u00e9es par la col\u00e8re, la ranc\u0153ur, la jalousie ou l\u2019envie. V\u00e9ritable <strong>pierre d\u2019ancrage<\/strong>, elle invite \u00e0 <strong>vivre pleinement le moment pr\u00e9sent<\/strong>.<br><br>Gr\u00e2ce \u00e0 son \u00e9nergie douce et \u00e9quilibrante, cette pierre <strong>aide \u00e0 lib\u00e9rer les traumas de l\u2019enfance<\/strong> et \u00e0 <strong>agir pour les d\u00e9passer<\/strong>. Elle <strong>apaise les angoisses, l\u2019anxi\u00e9t\u00e9 et la timidit\u00e9<\/strong>, tout en renfor\u00e7ant la <strong>confiance en soi et l\u2019assurance<\/strong>. Par ailleurs, elle stimule <strong>l\u2019intuition et la concentration<\/strong>, aidant chacun \u00e0 avancer avec clart\u00e9 et d\u00e9termination.<br><br>\u00c9nergie, \u00e9quilibre et protection<br><br>En dissipant les craintes, la Tourmaline \u0153il de chat <strong>favorise la r\u00e9ussite personnelle<\/strong> et <strong>soutient la vitalit\u00e9<\/strong>. Elle <strong>apaise les pens\u00e9es tourment\u00e9es<\/strong>, notamment au moment du sommeil. Sur le plan physique, elle <strong>renforce le syst\u00e8me immunitaire<\/strong>, <strong>la circulation des fluides<\/strong> et le syst\u00e8me <strong>cardiovasculaire<\/strong>, tout en soutenant les <strong>yeux, l\u2019ou\u00efe et la digestion<\/strong>.<br>Enfin, cette pierre <strong>prot\u00e8ge efficacement des ondes \u00e9lectromagn\u00e9tiques<\/strong>, <strong>aligne les chakras inf\u00e9rieurs<\/strong> et <strong>apaise les douleurs articulaires<\/strong> comme l\u2019arthrite.<\/td><td class=\"has-text-align-left\" data-align=\"left\"><\/td><\/tr><\/tbody><\/table><\/figure>\n\n\n\n<figure class=\"wp-block-table is-style-regular has-medium-font-size\"><table style=\"border-width:1px\"><tbody><tr><td><strong>Chakra<\/strong> : Racine et autres selon couleur <br><br><strong>Purification :<\/strong> Eau ,fumigation, bol chantant <br><br><strong>Rechargement<\/strong> : Soleil doux, lune g\u00e9ode de cristal de roche <br><br><strong>Couleur\/variante<\/strong> : vert, bleu vert, rose jaune orange <br><br><strong>Signe astrologique<\/strong> : Balance Cancer Capricorne Lion Sagittaire <br><br><strong>Gisements<\/strong> : Afrique du Sud <br><br><strong>Duret\u00e9<\/strong> :  7\/10<br><br><strong>Syst\u00e8me cristallin<\/strong> : Rhombo\u00e9drique <\/td><\/tr><\/tbody><\/table><\/figure>\n\n\n\n<div class=\"wp-block-columns alignwide is-layout-flex wp-container-core-columns-is-layout-d8ea5e3a wp-block-columns-is-layout-flex\" style=\"margin-top:0;margin-bottom:var(--wp--preset--spacing--40);padding-top:0;padding-right:0;padding-bottom:0;padding-left:0\">\n<div class=\"wp-block-column has-ast-global-color-0-background-color has-text-color has-background has-link-color wp-elements-ef424e83b481c2065a88514ec7dfdf55 is-layout-flow wp-block-column-is-layout-flow\" style=\"border-top-style:none;border-top-width:0px;border-right-color:var(--wp--preset--color--vivid-cyan-blue);border-right-style:none;border-right-width:0px;border-bottom-color:var(--wp--preset--color--vivid-cyan-blue);border-bottom-style:none;border-bottom-width:0px;border-left-color:var(--wp--preset--color--vivid-cyan-blue);border-left-style:none;border-left-width:0px;color:#000000;padding-top:2em;padding-right:2em;padding-bottom:2em;padding-left:2em\">\n<h2 class=\"wp-block-heading\" id=\"single\" style=\"font-size:40px\">Propri\u00e9t\u00e9s psychiques et \u00e9motionnelles<\/h2>\n\n\n\n<hr class=\"wp-block-separator has-text-color has-ast-global-color-1-color has-alpha-channel-opacity has-ast-global-color-1-background-color has-background is-style-wide\"\/>\n\n\n\n<ul class=\"wp-block-list has-normal-font-size\">\n<li>D\u00e9veloppe intuition, concentration et introspection. Aide \u00e0 se connecter \u00e0 son moi int\u00e9rieur <\/li>\n\n\n\n<li>Prot\u00e8ge du mauvais \u0153il et repousse les \u00e9nergies n\u00e9fastes et les personnes envieuses ou jalouses<\/li>\n\n\n\n<li>Pierre d&rsquo;ancrage qui incite au passage \u00e0 l&rsquo;action.<\/li>\n\n\n\n<li>Procure assurance et confiance en soi, att\u00e9nue les peurs et craintes <\/li>\n\n\n\n<li>Calme le mental au moment de l&rsquo;endormissement <\/li>\n<\/ul>\n<\/div>\n\n\n\n<div class=\"wp-block-column has-text-color has-background has-link-color wp-elements-e4219898cc8f756e70d447e028f6f460 is-layout-flow wp-block-column-is-layout-flow\" style=\"border-style:none;border-width:0px;color:#000000;background-color:#d1d1e1;padding-top:2em;padding-right:2em;padding-bottom:2em;padding-left:2em\">\n<h2 class=\"wp-block-heading has-ast-global-color-3-color has-text-color\" id=\"family\" style=\"font-size:40px\">Propri\u00e9t\u00e9s physiques                  <\/h2>\n\n\n\n<hr class=\"wp-block-separator has-text-color has-ast-global-color-1-color has-alpha-channel-opacity has-ast-global-color-1-background-color has-background is-style-wide\"\/>\n\n\n\n<ul class=\"wp-block-list has-normal-font-size\">\n<li>Renforce le syst\u00e8me immunitaire et cardio vasculaire <\/li>\n\n\n\n<li>Soutient vision, digestif et apaise l&rsquo;arthrite3<\/li>\n\n\n\n<li>Prot\u00e8ge des ondes electro magn\u00e9tiques<\/li>\n\n\n\n<li>Convient aux sportifs pour son \u00e9nergie et vitalit\u00e9.<\/li>\n\n\n\n<li><\/li>\n<\/ul>\n<\/div>\n<\/div>\n\n\n\n<p><strong>Les propri\u00e9t\u00e9s des pierres vous sont donn\u00e9es \u00e0 titre indicatif et ne remplacent pas une consultation m\u00e9dicale<\/strong><\/p>\n","protected":false},"excerpt":{"rendered":"<p>Tourmaline \u0153il de chat Pierre d\u2019ancrage et de transformationUne pierre fascinante venue d\u2019Afrique du Sud La Tourmaline \u0153il de chat est une gemme rare et pr\u00e9cieuse, originaire d\u2019Afrique du Sud. Elle tire son nom de sa chatoyance unique, cette r\u00e9flexion lumineuse qui \u00e9voque la pupille d\u2019un \u0153il de chat. Cette particularit\u00e9 optique provient de la [&hellip;]<\/p>\n","protected":false},"author":1,"featured_media":387,"parent":77,"menu_order":0,"comment_status":"closed","ping_status":"closed","template":"","meta":{"site-sidebar-layout":"default","site-content-layout":"","ast-site-content-layout":"default","site-content-style":"default","site-sidebar-style":"default","ast-global-header-display":"","ast-banner-title-visibility":"","ast-main-header-display":"","ast-hfb-above-header-display":"","ast-hfb-below-header-display":"","ast-hfb-mobile-header-display":"","site-post-title":"","ast-breadcrumbs-content":"","ast-featured-img":"","footer-sml-layout":"","ast-disable-related-posts":"","theme-transparent-header-meta":"","adv-header-id-meta":"","stick-header-meta":"","header-above-stick-meta":"","header-main-stick-meta":"","header-below-stick-meta":"","astra-migrate-meta-layouts":"set","ast-page-background-enabled":"default","ast-page-background-meta":{"desktop":{"background-color":"var(--ast-global-color-4)","background-image":"","background-repeat":"repeat","background-position":"center center","background-size":"auto","background-attachment":"scroll","background-type":"","background-media":"","overlay-type":"","overlay-color":"","overlay-opacity":"","overlay-gradient":""},"tablet":{"background-color":"","background-image":"","background-repeat":"repeat","background-position":"center center","background-size":"auto","background-attachment":"scroll","background-type":"","background-media":"","overlay-type":"","overlay-color":"","overlay-opacity":"","overlay-gradient":""},"mobile":{"background-color":"","background-image":"","background-repeat":"repeat","background-position":"center center","background-size":"auto","background-attachment":"scroll","background-type":"","background-media":"","overlay-type":"","overlay-color":"","overlay-opacity":"","overlay-gradient":""}},"ast-content-background-meta":{"desktop":{"background-color":"var(--ast-global-color-5)","background-image":"","background-repeat":"repeat","background-position":"center center","background-size":"auto","background-attachment":"scroll","background-type":"","background-media":"","overlay-type":"","overlay-color":"","overlay-opacity":"","overlay-gradient":""},"tablet":{"background-color":"var(--ast-global-color-5)","background-image":"","background-repeat":"repeat","background-position":"center center","background-size":"auto","background-attachment":"scroll","background-type":"","background-media":"","overlay-type":"","overlay-color":"","overlay-opacity":"","overlay-gradient":""},"mobile":{"background-color":"var(--ast-global-color-5)","background-image":"","background-repeat":"repeat","background-position":"center center","background-size":"auto","background-attachment":"scroll","background-type":"","background-media":"","overlay-type":"","overlay-color":"","overlay-opacity":"","overlay-gradient":""}},"_glsr_average":0,"_glsr_ranking":0,"_glsr_reviews":0,"footnotes":""},"class_list":["post-1601","page","type-page","status-publish","has-post-thumbnail","hentry"],"yoast_head":"<!-- This site is optimized with the Yoast SEO plugin v27.5 - https:\/\/yoast.com\/product\/yoast-seo-wordpress\/ -->\n<title>Tourmaline \u0152il de chat - Au fil des pierres<\/title>\n<meta name=\"robots\" content=\"index, follow, max-snippet:-1, max-image-preview:large, max-video-preview:-1\" \/>\n<link rel=\"canonical\" href=\"https:\/\/aufildespierres.com\/index.php\/guide-des-pierres-et-vertus-en-lithotherapie\/oeil-de-chat\/\" \/>\n<meta property=\"og:locale\" content=\"fr_FR\" \/>\n<meta property=\"og:type\" content=\"article\" \/>\n<meta property=\"og:title\" content=\"Tourmaline \u0152il de chat - Au fil des pierres\" \/>\n<meta property=\"og:description\" content=\"Tourmaline \u0153il de chat Pierre d\u2019ancrage et de transformationUne pierre fascinante venue d\u2019Afrique du Sud La Tourmaline \u0153il de chat est une gemme rare et pr\u00e9cieuse, originaire d\u2019Afrique du Sud. Elle tire son nom de sa chatoyance unique, cette r\u00e9flexion lumineuse qui \u00e9voque la pupille d\u2019un \u0153il de chat. Cette particularit\u00e9 optique provient de la [&hellip;]\" \/>\n<meta property=\"og:url\" content=\"https:\/\/aufildespierres.com\/index.php\/guide-des-pierres-et-vertus-en-lithotherapie\/oeil-de-chat\/\" \/>\n<meta property=\"og:site_name\" content=\"Au fil des pierres\" \/>\n<meta property=\"article:modified_time\" content=\"2025-11-01T20:30:21+00:00\" \/>\n<meta property=\"og:image\" content=\"https:\/\/aufildespierres.com\/wp-content\/uploads\/2023\/08\/z-amazonite.jpg\" \/>\n\t<meta property=\"og:image:width\" content=\"650\" \/>\n\t<meta property=\"og:image:height\" content=\"504\" \/>\n\t<meta property=\"og:image:type\" content=\"image\/jpeg\" \/>\n<meta name=\"twitter:card\" content=\"summary_large_image\" \/>\n<meta name=\"twitter:label1\" content=\"Dur\u00e9e de lecture estim\u00e9e\" \/>\n\t<meta name=\"twitter:data1\" content=\"3 minutes\" \/>\n<script type=\"application\/ld+json\" class=\"yoast-schema-graph\">{\"@context\":\"https:\\\/\\\/schema.org\",\"@graph\":[{\"@type\":\"WebPage\",\"@id\":\"https:\\\/\\\/aufildespierres.com\\\/index.php\\\/guide-des-pierres-et-vertus-en-lithotherapie\\\/oeil-de-chat\\\/\",\"url\":\"https:\\\/\\\/aufildespierres.com\\\/index.php\\\/guide-des-pierres-et-vertus-en-lithotherapie\\\/oeil-de-chat\\\/\",\"name\":\"Tourmaline \u0152il de chat - Au fil des pierres\",\"isPartOf\":{\"@id\":\"https:\\\/\\\/aufildespierres.com\\\/#website\"},\"primaryImageOfPage\":{\"@id\":\"https:\\\/\\\/aufildespierres.com\\\/index.php\\\/guide-des-pierres-et-vertus-en-lithotherapie\\\/oeil-de-chat\\\/#primaryimage\"},\"image\":{\"@id\":\"https:\\\/\\\/aufildespierres.com\\\/index.php\\\/guide-des-pierres-et-vertus-en-lithotherapie\\\/oeil-de-chat\\\/#primaryimage\"},\"thumbnailUrl\":\"https:\\\/\\\/aufildespierres.com\\\/wp-content\\\/uploads\\\/2023\\\/08\\\/z-amazonite.jpg\",\"datePublished\":\"2025-11-01T20:30:16+00:00\",\"dateModified\":\"2025-11-01T20:30:21+00:00\",\"breadcrumb\":{\"@id\":\"https:\\\/\\\/aufildespierres.com\\\/index.php\\\/guide-des-pierres-et-vertus-en-lithotherapie\\\/oeil-de-chat\\\/#breadcrumb\"},\"inLanguage\":\"fr-FR\",\"potentialAction\":[{\"@type\":\"ReadAction\",\"target\":[\"https:\\\/\\\/aufildespierres.com\\\/index.php\\\/guide-des-pierres-et-vertus-en-lithotherapie\\\/oeil-de-chat\\\/\"]}]},{\"@type\":\"ImageObject\",\"inLanguage\":\"fr-FR\",\"@id\":\"https:\\\/\\\/aufildespierres.com\\\/index.php\\\/guide-des-pierres-et-vertus-en-lithotherapie\\\/oeil-de-chat\\\/#primaryimage\",\"url\":\"https:\\\/\\\/aufildespierres.com\\\/wp-content\\\/uploads\\\/2023\\\/08\\\/z-amazonite.jpg\",\"contentUrl\":\"https:\\\/\\\/aufildespierres.com\\\/wp-content\\\/uploads\\\/2023\\\/08\\\/z-amazonite.jpg\",\"width\":650,\"height\":504},{\"@type\":\"BreadcrumbList\",\"@id\":\"https:\\\/\\\/aufildespierres.com\\\/index.php\\\/guide-des-pierres-et-vertus-en-lithotherapie\\\/oeil-de-chat\\\/#breadcrumb\",\"itemListElement\":[{\"@type\":\"ListItem\",\"position\":1,\"name\":\"Accueil\",\"item\":\"https:\\\/\\\/aufildespierres.com\\\/\"},{\"@type\":\"ListItem\",\"position\":2,\"name\":\"Guide des pierres et vertus en Lithoth\u00e9rapie\",\"item\":\"https:\\\/\\\/aufildespierres.com\\\/index.php\\\/guide-des-pierres-et-vertus-en-lithotherapie\\\/\"},{\"@type\":\"ListItem\",\"position\":3,\"name\":\"Tourmaline \u0152il de chat\"}]},{\"@type\":\"WebSite\",\"@id\":\"https:\\\/\\\/aufildespierres.com\\\/#website\",\"url\":\"https:\\\/\\\/aufildespierres.com\\\/\",\"name\":\"Au fil des pierres\",\"description\":\"Au fil des pierres\",\"publisher\":{\"@id\":\"https:\\\/\\\/aufildespierres.com\\\/#organization\"},\"potentialAction\":[{\"@type\":\"SearchAction\",\"target\":{\"@type\":\"EntryPoint\",\"urlTemplate\":\"https:\\\/\\\/aufildespierres.com\\\/?s={search_term_string}\"},\"query-input\":{\"@type\":\"PropertyValueSpecification\",\"valueRequired\":true,\"valueName\":\"search_term_string\"}}],\"inLanguage\":\"fr-FR\"},{\"@type\":\"Organization\",\"@id\":\"https:\\\/\\\/aufildespierres.com\\\/#organization\",\"name\":\"Au fil des pierres\",\"url\":\"https:\\\/\\\/aufildespierres.com\\\/\",\"logo\":{\"@type\":\"ImageObject\",\"inLanguage\":\"fr-FR\",\"@id\":\"https:\\\/\\\/aufildespierres.com\\\/#\\\/schema\\\/logo\\\/image\\\/\",\"url\":\"https:\\\/\\\/aufildespierres.com\\\/wp-content\\\/uploads\\\/2023\\\/05\\\/cropped-Logo-PNG-Transparent.png\",\"contentUrl\":\"https:\\\/\\\/aufildespierres.com\\\/wp-content\\\/uploads\\\/2023\\\/05\\\/cropped-Logo-PNG-Transparent.png\",\"width\":1776,\"height\":1625,\"caption\":\"Au fil des pierres\"},\"image\":{\"@id\":\"https:\\\/\\\/aufildespierres.com\\\/#\\\/schema\\\/logo\\\/image\\\/\"}}]}<\/script>\n<!-- \/ Yoast SEO plugin. -->","yoast_head_json":{"title":"Tourmaline \u0152il de chat - Au fil des pierres","robots":{"index":"index","follow":"follow","max-snippet":"max-snippet:-1","max-image-preview":"max-image-preview:large","max-video-preview":"max-video-preview:-1"},"canonical":"https:\/\/aufildespierres.com\/index.php\/guide-des-pierres-et-vertus-en-lithotherapie\/oeil-de-chat\/","og_locale":"fr_FR","og_type":"article","og_title":"Tourmaline \u0152il de chat - Au fil des pierres","og_description":"Tourmaline \u0153il de chat Pierre d\u2019ancrage et de transformationUne pierre fascinante venue d\u2019Afrique du Sud La Tourmaline \u0153il de chat est une gemme rare et pr\u00e9cieuse, originaire d\u2019Afrique du Sud. Elle tire son nom de sa chatoyance unique, cette r\u00e9flexion lumineuse qui \u00e9voque la pupille d\u2019un \u0153il de chat. Cette particularit\u00e9 optique provient de la [&hellip;]","og_url":"https:\/\/aufildespierres.com\/index.php\/guide-des-pierres-et-vertus-en-lithotherapie\/oeil-de-chat\/","og_site_name":"Au fil des pierres","article_modified_time":"2025-11-01T20:30:21+00:00","og_image":[{"width":650,"height":504,"url":"https:\/\/aufildespierres.com\/wp-content\/uploads\/2023\/08\/z-amazonite.jpg","type":"image\/jpeg"}],"twitter_card":"summary_large_image","twitter_misc":{"Dur\u00e9e de lecture estim\u00e9e":"3 minutes"},"schema":{"@context":"https:\/\/schema.org","@graph":[{"@type":"WebPage","@id":"https:\/\/aufildespierres.com\/index.php\/guide-des-pierres-et-vertus-en-lithotherapie\/oeil-de-chat\/","url":"https:\/\/aufildespierres.com\/index.php\/guide-des-pierres-et-vertus-en-lithotherapie\/oeil-de-chat\/","name":"Tourmaline \u0152il de chat - Au fil des pierres","isPartOf":{"@id":"https:\/\/aufildespierres.com\/#website"},"primaryImageOfPage":{"@id":"https:\/\/aufildespierres.com\/index.php\/guide-des-pierres-et-vertus-en-lithotherapie\/oeil-de-chat\/#primaryimage"},"image":{"@id":"https:\/\/aufildespierres.com\/index.php\/guide-des-pierres-et-vertus-en-lithotherapie\/oeil-de-chat\/#primaryimage"},"thumbnailUrl":"https:\/\/aufildespierres.com\/wp-content\/uploads\/2023\/08\/z-amazonite.jpg","datePublished":"2025-11-01T20:30:16+00:00","dateModified":"2025-11-01T20:30:21+00:00","breadcrumb":{"@id":"https:\/\/aufildespierres.com\/index.php\/guide-des-pierres-et-vertus-en-lithotherapie\/oeil-de-chat\/#breadcrumb"},"inLanguage":"fr-FR","potentialAction":[{"@type":"ReadAction","target":["https:\/\/aufildespierres.com\/index.php\/guide-des-pierres-et-vertus-en-lithotherapie\/oeil-de-chat\/"]}]},{"@type":"ImageObject","inLanguage":"fr-FR","@id":"https:\/\/aufildespierres.com\/index.php\/guide-des-pierres-et-vertus-en-lithotherapie\/oeil-de-chat\/#primaryimage","url":"https:\/\/aufildespierres.com\/wp-content\/uploads\/2023\/08\/z-amazonite.jpg","contentUrl":"https:\/\/aufildespierres.com\/wp-content\/uploads\/2023\/08\/z-amazonite.jpg","width":650,"height":504},{"@type":"BreadcrumbList","@id":"https:\/\/aufildespierres.com\/index.php\/guide-des-pierres-et-vertus-en-lithotherapie\/oeil-de-chat\/#breadcrumb","itemListElement":[{"@type":"ListItem","position":1,"name":"Accueil","item":"https:\/\/aufildespierres.com\/"},{"@type":"ListItem","position":2,"name":"Guide des pierres et vertus en Lithoth\u00e9rapie","item":"https:\/\/aufildespierres.com\/index.php\/guide-des-pierres-et-vertus-en-lithotherapie\/"},{"@type":"ListItem","position":3,"name":"Tourmaline \u0152il de chat"}]},{"@type":"WebSite","@id":"https:\/\/aufildespierres.com\/#website","url":"https:\/\/aufildespierres.com\/","name":"Au fil des pierres","description":"Au fil des pierres","publisher":{"@id":"https:\/\/aufildespierres.com\/#organization"},"potentialAction":[{"@type":"SearchAction","target":{"@type":"EntryPoint","urlTemplate":"https:\/\/aufildespierres.com\/?s={search_term_string}"},"query-input":{"@type":"PropertyValueSpecification","valueRequired":true,"valueName":"search_term_string"}}],"inLanguage":"fr-FR"},{"@type":"Organization","@id":"https:\/\/aufildespierres.com\/#organization","name":"Au fil des pierres","url":"https:\/\/aufildespierres.com\/","logo":{"@type":"ImageObject","inLanguage":"fr-FR","@id":"https:\/\/aufildespierres.com\/#\/schema\/logo\/image\/","url":"https:\/\/aufildespierres.com\/wp-content\/uploads\/2023\/05\/cropped-Logo-PNG-Transparent.png","contentUrl":"https:\/\/aufildespierres.com\/wp-content\/uploads\/2023\/05\/cropped-Logo-PNG-Transparent.png","width":1776,"height":1625,"caption":"Au fil des pierres"},"image":{"@id":"https:\/\/aufildespierres.com\/#\/schema\/logo\/image\/"}}]}},"_links":{"self":[{"href":"https:\/\/aufildespierres.com\/index.php\/wp-json\/wp\/v2\/pages\/1601","targetHints":{"allow":["GET"]}}],"collection":[{"href":"https:\/\/aufildespierres.com\/index.php\/wp-json\/wp\/v2\/pages"}],"about":[{"href":"https:\/\/aufildespierres.com\/index.php\/wp-json\/wp\/v2\/types\/page"}],"author":[{"embeddable":true,"href":"https:\/\/aufildespierres.com\/index.php\/wp-json\/wp\/v2\/users\/1"}],"replies":[{"embeddable":true,"href":"https:\/\/aufildespierres.com\/index.php\/wp-json\/wp\/v2\/comments?post=1601"}],"version-history":[{"count":2,"href":"https:\/\/aufildespierres.com\/index.php\/wp-json\/wp\/v2\/pages\/1601\/revisions"}],"predecessor-version":[{"id":4424,"href":"https:\/\/aufildespierres.com\/index.php\/wp-json\/wp\/v2\/pages\/1601\/revisions\/4424"}],"up":[{"embeddable":true,"href":"https:\/\/aufildespierres.com\/index.php\/wp-json\/wp\/v2\/pages\/77"}],"wp:featuredmedia":[{"embeddable":true,"href":"https:\/\/aufildespierres.com\/index.php\/wp-json\/wp\/v2\/media\/387"}],"wp:attachment":[{"href":"https:\/\/aufildespierres.com\/index.php\/wp-json\/wp\/v2\/media?parent=1601"}],"curies":[{"name":"wp","href":"https:\/\/api.w.org\/{rel}","templated":true}]}}