{"id":1649,"date":"2025-10-10T22:11:37","date_gmt":"2025-10-10T20:11:37","guid":{"rendered":"https:\/\/aufildespierres.com\/?page_id=1649"},"modified":"2025-10-11T19:22:33","modified_gmt":"2025-10-11T17:22:33","slug":"saphir-bleu","status":"publish","type":"page","link":"https:\/\/aufildespierres.com\/index.php\/guide-des-pierres-et-vertus-en-lithotherapie\/saphir-bleu\/","title":{"rendered":"SAPHIR BLEU"},"content":{"rendered":"\n<figure class=\"wp-block-table is-style-regular has-medium-font-size\"><table style=\"border-style:none;border-width:0px\"><tbody><tr><td><img loading=\"lazy\" decoding=\"async\" width=\"400\" height=\"310\" class=\"wp-image-387\" style=\"width: 400px;\" src=\"https:\/\/aufildespierres.com\/wp-content\/uploads\/2023\/08\/z-amazonite.jpg\" alt=\"\" srcset=\"https:\/\/aufildespierres.com\/wp-content\/uploads\/2023\/08\/z-amazonite.jpg 650w, https:\/\/aufildespierres.com\/wp-content\/uploads\/2023\/08\/z-amazonite-300x233.jpg 300w\" sizes=\"auto, (max-width: 400px) 100vw, 400px\" \/><br><br>Saphir bleu \u2013 Pierre pr\u00e9cieuse de sagesse et de paix int\u00e9rieure<br><br>Le <strong>Saphir bleu<\/strong>, pierre pr\u00e9cieuse d\u2019une beaut\u00e9 envo\u00fbtante, symbolise la <strong>sagesse, la fid\u00e9lit\u00e9 et la v\u00e9rit\u00e9<\/strong>. Bien que le saphir puisse exister dans diff\u00e9rentes teintes, le bleu reste la couleur la plus recherch\u00e9e. Reli\u00e9 au <strong>chakra du troisi\u00e8me \u0153il<\/strong>, il favorise le d\u00e9veloppement des <strong>capacit\u00e9s extra-sensorielles<\/strong>, de l\u2019<strong>intuition<\/strong>, de l\u2019<strong>imagination<\/strong> et de la <strong>cr\u00e9ativit\u00e9<\/strong>.<br><br><strong>Vertus \u00e9motionnelles et spirituelles du Saphir bleu<\/strong><br><br>Pierre profond\u00e9ment <strong>spirituelle<\/strong>, le saphir bleu <strong>apaise l\u2019activit\u00e9 mentale<\/strong>, dissipe les <strong>craintes<\/strong> et <strong>calme la col\u00e8re<\/strong>. Il aide \u00e0 traverser les \u00e9preuves avec <strong>foi et esp\u00e9rance<\/strong>, permettant de surmonter les temp\u00eates de la vie avec <strong>diplomatie<\/strong> et <strong>tol\u00e9rance<\/strong>. V\u00e9ritable <strong>pierre de patience et de t\u00e9nacit\u00e9<\/strong>, il convient \u00e0 ceux qui se sentent trop press\u00e9s ou manquent de confiance en eux. Il soutient \u00e9galement les personnes ambitieuses en leur apportant <strong>pers\u00e9v\u00e9rance<\/strong> et <strong>motivation<\/strong> pour atteindre leurs objectifs.<br>Pierre d\u2019amour, de fid\u00e9lit\u00e9 et d\u2019ancrage.<br><br>Symbole d\u2019<strong>ancrage et de solidit\u00e9<\/strong>, le saphir bleu est traditionnellement offert lors de <strong>fian\u00e7ailles ou mariages<\/strong>, car il repr\u00e9sente la <strong>fid\u00e9lit\u00e9<\/strong> et renforce le lien entre deux \u00e2mes. On dit qu\u2019il <strong>prolonge la connexion<\/strong> entre partenaires. En cas de s\u00e9paration, la tradition veut que la pierre soit rendue \u00e0 celui qui l\u2019a offerte.<br><br><strong>Bienfaits physiques du Saphir bleu<\/strong><br>Sur le plan physique, le saphir favorise la <strong>paix int\u00e9rieure<\/strong>, la <strong>clart\u00e9 mentale<\/strong> et la <strong>m\u00e9moire<\/strong>. Il soutient la <strong>circulation sanguine<\/strong>, am\u00e9liore la sant\u00e9 de la <strong>peau<\/strong>, des <strong>cheveux<\/strong> et des <strong>ongles<\/strong>. Il aide \u00e0 soulager les <strong>troubles oculaires<\/strong>, <strong>auditifs<\/strong>, <strong>pulmonaires<\/strong> ou encore les <strong>probl\u00e8mes de sommeil<\/strong>.<br>Lorsqu\u2019il est <strong>\u00e9toil\u00e9<\/strong>, le saphir se charge des propri\u00e9t\u00e9s du <strong>rutile<\/strong>, apportant <strong>force, r\u00e9sistance et puissance<\/strong>. V\u00e9ritable alli\u00e9 de lumi\u00e8re, le <strong>Saphir bleu<\/strong> invite \u00e0 la <strong>s\u00e9r\u00e9nit\u00e9<\/strong>, \u00e0 la <strong>sagesse<\/strong> et \u00e0 l\u2019<strong>harmonie int\u00e9rieure<\/strong>.<\/td><td class=\"has-text-align-left\" data-align=\"left\"><\/td><\/tr><\/tbody><\/table><\/figure>\n\n\n\n<figure class=\"wp-block-table is-style-regular has-medium-font-size\"><table style=\"border-width:1px\"><tbody><tr><td><strong>Chakra<\/strong> : 3\u00e8me oeil <br><br><strong>Purification :<\/strong> Eau, sel indirect, vibrations, fumigations<br><br><strong>Rechargement<\/strong> : Lumi\u00e8re lunaire<br><br><strong>Couleur\/variante<\/strong> : bleu <br><br><strong>Signe astrologique<\/strong> : Sagittaire Poissons Cancer<br><br><strong>Gisements<\/strong> : Sri Lanka, Birmanie, Thailande<br><br><strong>Duret\u00e9<\/strong> : 9\/10<br><br><strong>Syst\u00e8me cristallin<\/strong> : Rhombo\u00e9drique<\/td><\/tr><\/tbody><\/table><\/figure>\n\n\n\n<div class=\"wp-block-columns alignwide is-layout-flex wp-container-core-columns-is-layout-d8ea5e3a wp-block-columns-is-layout-flex\" style=\"margin-top:0;margin-bottom:var(--wp--preset--spacing--40);padding-top:0;padding-right:0;padding-bottom:0;padding-left:0\">\n<div class=\"wp-block-column has-ast-global-color-0-background-color has-text-color has-background has-link-color wp-elements-6306091367a527fda569af962d7ed78e is-layout-flow wp-block-column-is-layout-flow\" style=\"border-top-style:none;border-top-width:0px;border-right-color:var(--wp--preset--color--vivid-cyan-blue);border-right-style:none;border-right-width:0px;border-bottom-color:var(--wp--preset--color--vivid-cyan-blue);border-bottom-style:none;border-bottom-width:0px;border-left-color:var(--wp--preset--color--vivid-cyan-blue);border-left-style:none;border-left-width:0px;color:#000000;padding-top:2em;padding-right:2em;padding-bottom:2em;padding-left:2em\">\n<h2 class=\"wp-block-heading\" id=\"single\" style=\"font-size:40px\">Propri\u00e9t\u00e9s psychiques et \u00e9motionnelles<\/h2>\n\n\n\n<hr class=\"wp-block-separator has-text-color has-ast-global-color-1-color has-alpha-channel-opacity has-ast-global-color-1-background-color has-background is-style-wide\"\/>\n\n\n\n<ul class=\"wp-block-list has-normal-font-size\">\n<li>Aligne le corp physique mental et spirituel<\/li>\n\n\n\n<li>Amplifie les s\u00e9ances d&rsquo;hypnose, renforce concentration, intuition et m\u00e9moire. D\u00e9veloppe la cr\u00e9ativit\u00e9 des artistes.<\/li>\n\n\n\n<li>Apaise les peurs et recentre en apportant paix et s\u00e9r\u00e9nit\u00e9 int\u00e9rieure<\/li>\n\n\n\n<li>Augmente perspicacit\u00e9 et perceptions extra sensorielles<\/li>\n\n\n\n<li>Favorise la discipline mentale pour atteindre ses objectifs, renforce la volont\u00e9 et concentration. Soutient pers\u00e9v\u00e9rance confiance en soi et assurance.<\/li>\n\n\n\n<li>Renforce ordre structure et cadre.<\/li>\n\n\n\n<li>Pierre de prosp\u00e9rit\u00e9 qui apporte plus de clart\u00e9 mentale et de foi.<\/li>\n\n\n\n<li>S&rsquo;offre comme pierre de fian\u00e7ailles car symbole de fid\u00e9lit\u00e9 et liens durables.<\/li>\n\n\n\n<li>Apaise col\u00e8re, jalousie et ranc\u0153ur.<\/li>\n<\/ul>\n<\/div>\n\n\n\n<div class=\"wp-block-column has-text-color has-background has-link-color wp-elements-6ae0491da5760704cfc78cf4e3508e4a is-layout-flow wp-block-column-is-layout-flow\" style=\"border-style:none;border-width:0px;color:#000000;background-color:#d1d1e1;padding-top:2em;padding-right:2em;padding-bottom:2em;padding-left:2em\">\n<h2 class=\"wp-block-heading has-ast-global-color-3-color has-text-color\" id=\"family\" style=\"font-size:40px\">Propri\u00e9t\u00e9s physiques                  <\/h2>\n\n\n\n<hr class=\"wp-block-separator has-text-color has-ast-global-color-1-color has-alpha-channel-opacity has-ast-global-color-1-background-color has-background is-style-wide\"\/>\n\n\n\n<ul class=\"wp-block-list has-normal-font-size\">\n<li>Facilite le sommeil et calme une physiologie hyperactive, calme les esprits trop agit\u00e9s. Diminue les cauchemars et \u00e9tats de tristesse intense. Lib\u00e8re des craintes et peurs enfouies.<\/li>\n\n\n\n<li>Apaise les migraines, maladies des yeux et du sang<\/li>\n\n\n\n<li>Renforce la circulation sanguine, calme les troubles des intestins et du syst\u00e8me nerveux.<\/li>\n<\/ul>\n<\/div>\n<\/div>\n\n\n\n<p><strong>Les propri\u00e9t\u00e9s des pierres vous sont donn\u00e9es \u00e0 titre indicatif et ne remplacent pas une consultation m\u00e9dicale<\/strong><\/p>\n\n\n\n<p>Retrouvez notre s\u00e9lection de Saphir  dans notre <a href=\"https:\/\/aufildespierres.com\/index.php\/product-category\/mineraux\/saphir\/\">boutique<\/a><\/p>\n\n\n\n<p>Suivez nous sur notre groupe <a href=\"https:\/\/www.facebook.com\/groups\/933263570928569\">Facebook<\/a><\/p>\n\n\n\n<p><\/p>\n","protected":false},"excerpt":{"rendered":"<p>Saphir bleu \u2013 Pierre pr\u00e9cieuse de sagesse et de paix int\u00e9rieure Le Saphir bleu, pierre pr\u00e9cieuse d\u2019une beaut\u00e9 envo\u00fbtante, symbolise la sagesse, la fid\u00e9lit\u00e9 et la v\u00e9rit\u00e9. Bien que le saphir puisse exister dans diff\u00e9rentes teintes, le bleu reste la couleur la plus recherch\u00e9e. Reli\u00e9 au chakra du troisi\u00e8me \u0153il, il favorise le d\u00e9veloppement des [&hellip;]<\/p>\n","protected":false},"author":1,"featured_media":387,"parent":77,"menu_order":0,"comment_status":"closed","ping_status":"closed","template":"","meta":{"site-sidebar-layout":"default","site-content-layout":"","ast-site-content-layout":"default","site-content-style":"default","site-sidebar-style":"default","ast-global-header-display":"","ast-banner-title-visibility":"","ast-main-header-display":"","ast-hfb-above-header-display":"","ast-hfb-below-header-display":"","ast-hfb-mobile-header-display":"","site-post-title":"","ast-breadcrumbs-content":"","ast-featured-img":"","footer-sml-layout":"","ast-disable-related-posts":"","theme-transparent-header-meta":"","adv-header-id-meta":"","stick-header-meta":"","header-above-stick-meta":"","header-main-stick-meta":"","header-below-stick-meta":"","astra-migrate-meta-layouts":"set","ast-page-background-enabled":"default","ast-page-background-meta":{"desktop":{"background-color":"var(--ast-global-color-4)","background-image":"","background-repeat":"repeat","background-position":"center center","background-size":"auto","background-attachment":"scroll","background-type":"","background-media":"","overlay-type":"","overlay-color":"","overlay-opacity":"","overlay-gradient":""},"tablet":{"background-color":"","background-image":"","background-repeat":"repeat","background-position":"center center","background-size":"auto","background-attachment":"scroll","background-type":"","background-media":"","overlay-type":"","overlay-color":"","overlay-opacity":"","overlay-gradient":""},"mobile":{"background-color":"","background-image":"","background-repeat":"repeat","background-position":"center center","background-size":"auto","background-attachment":"scroll","background-type":"","background-media":"","overlay-type":"","overlay-color":"","overlay-opacity":"","overlay-gradient":""}},"ast-content-background-meta":{"desktop":{"background-color":"var(--ast-global-color-5)","background-image":"","background-repeat":"repeat","background-position":"center center","background-size":"auto","background-attachment":"scroll","background-type":"","background-media":"","overlay-type":"","overlay-color":"","overlay-opacity":"","overlay-gradient":""},"tablet":{"background-color":"var(--ast-global-color-5)","background-image":"","background-repeat":"repeat","background-position":"center center","background-size":"auto","background-attachment":"scroll","background-type":"","background-media":"","overlay-type":"","overlay-color":"","overlay-opacity":"","overlay-gradient":""},"mobile":{"background-color":"var(--ast-global-color-5)","background-image":"","background-repeat":"repeat","background-position":"center center","background-size":"auto","background-attachment":"scroll","background-type":"","background-media":"","overlay-type":"","overlay-color":"","overlay-opacity":"","overlay-gradient":""}},"_glsr_average":0,"_glsr_ranking":0,"_glsr_reviews":0,"footnotes":""},"class_list":["post-1649","page","type-page","status-publish","has-post-thumbnail","hentry"],"yoast_head":"<!-- This site is optimized with the Yoast SEO plugin v27.3 - https:\/\/yoast.com\/product\/yoast-seo-wordpress\/ -->\n<title>SAPHIR BLEU - Au fil des pierres<\/title>\n<meta name=\"description\" content=\"D\u00e9couvrez le Saphir bleu, pierre pr\u00e9cieuse de sagesse et de s\u00e9r\u00e9nit\u00e9. Apaise l\u2019esprit, renforce la foi, la fid\u00e9lit\u00e9 et l\u2019\u00e9quilibre int\u00e9rieur.\" \/>\n<meta name=\"robots\" content=\"index, follow, max-snippet:-1, max-image-preview:large, max-video-preview:-1\" \/>\n<link rel=\"canonical\" href=\"https:\/\/aufildespierres.com\/index.php\/guide-des-pierres-et-vertus-en-lithotherapie\/saphir-bleu\/\" \/>\n<meta property=\"og:locale\" content=\"fr_FR\" \/>\n<meta property=\"og:type\" content=\"article\" \/>\n<meta property=\"og:title\" content=\"SAPHIR BLEU - Au fil des pierres\" \/>\n<meta property=\"og:description\" content=\"D\u00e9couvrez le Saphir bleu, pierre pr\u00e9cieuse de sagesse et de s\u00e9r\u00e9nit\u00e9. Apaise l\u2019esprit, renforce la foi, la fid\u00e9lit\u00e9 et l\u2019\u00e9quilibre int\u00e9rieur.\" \/>\n<meta property=\"og:url\" content=\"https:\/\/aufildespierres.com\/index.php\/guide-des-pierres-et-vertus-en-lithotherapie\/saphir-bleu\/\" \/>\n<meta property=\"og:site_name\" content=\"Au fil des pierres\" \/>\n<meta property=\"article:modified_time\" content=\"2025-10-11T17:22:33+00:00\" \/>\n<meta property=\"og:image\" content=\"https:\/\/aufildespierres.com\/wp-content\/uploads\/2023\/08\/z-amazonite.jpg\" \/>\n\t<meta property=\"og:image:width\" content=\"650\" \/>\n\t<meta property=\"og:image:height\" content=\"504\" \/>\n\t<meta property=\"og:image:type\" content=\"image\/jpeg\" \/>\n<meta name=\"twitter:card\" content=\"summary_large_image\" \/>\n<meta name=\"twitter:label1\" content=\"Dur\u00e9e de lecture estim\u00e9e\" \/>\n\t<meta name=\"twitter:data1\" content=\"3 minutes\" \/>\n<script type=\"application\/ld+json\" class=\"yoast-schema-graph\">{\"@context\":\"https:\\\/\\\/schema.org\",\"@graph\":[{\"@type\":\"WebPage\",\"@id\":\"https:\\\/\\\/aufildespierres.com\\\/index.php\\\/guide-des-pierres-et-vertus-en-lithotherapie\\\/saphir-bleu\\\/\",\"url\":\"https:\\\/\\\/aufildespierres.com\\\/index.php\\\/guide-des-pierres-et-vertus-en-lithotherapie\\\/saphir-bleu\\\/\",\"name\":\"SAPHIR BLEU - Au fil des pierres\",\"isPartOf\":{\"@id\":\"https:\\\/\\\/aufildespierres.com\\\/#website\"},\"primaryImageOfPage\":{\"@id\":\"https:\\\/\\\/aufildespierres.com\\\/index.php\\\/guide-des-pierres-et-vertus-en-lithotherapie\\\/saphir-bleu\\\/#primaryimage\"},\"image\":{\"@id\":\"https:\\\/\\\/aufildespierres.com\\\/index.php\\\/guide-des-pierres-et-vertus-en-lithotherapie\\\/saphir-bleu\\\/#primaryimage\"},\"thumbnailUrl\":\"https:\\\/\\\/aufildespierres.com\\\/wp-content\\\/uploads\\\/2023\\\/08\\\/z-amazonite.jpg\",\"datePublished\":\"2025-10-10T20:11:37+00:00\",\"dateModified\":\"2025-10-11T17:22:33+00:00\",\"description\":\"D\u00e9couvrez le Saphir bleu, pierre pr\u00e9cieuse de sagesse et de s\u00e9r\u00e9nit\u00e9. Apaise l\u2019esprit, renforce la foi, la fid\u00e9lit\u00e9 et l\u2019\u00e9quilibre int\u00e9rieur.\",\"breadcrumb\":{\"@id\":\"https:\\\/\\\/aufildespierres.com\\\/index.php\\\/guide-des-pierres-et-vertus-en-lithotherapie\\\/saphir-bleu\\\/#breadcrumb\"},\"inLanguage\":\"fr-FR\",\"potentialAction\":[{\"@type\":\"ReadAction\",\"target\":[\"https:\\\/\\\/aufildespierres.com\\\/index.php\\\/guide-des-pierres-et-vertus-en-lithotherapie\\\/saphir-bleu\\\/\"]}]},{\"@type\":\"ImageObject\",\"inLanguage\":\"fr-FR\",\"@id\":\"https:\\\/\\\/aufildespierres.com\\\/index.php\\\/guide-des-pierres-et-vertus-en-lithotherapie\\\/saphir-bleu\\\/#primaryimage\",\"url\":\"https:\\\/\\\/aufildespierres.com\\\/wp-content\\\/uploads\\\/2023\\\/08\\\/z-amazonite.jpg\",\"contentUrl\":\"https:\\\/\\\/aufildespierres.com\\\/wp-content\\\/uploads\\\/2023\\\/08\\\/z-amazonite.jpg\",\"width\":650,\"height\":504},{\"@type\":\"BreadcrumbList\",\"@id\":\"https:\\\/\\\/aufildespierres.com\\\/index.php\\\/guide-des-pierres-et-vertus-en-lithotherapie\\\/saphir-bleu\\\/#breadcrumb\",\"itemListElement\":[{\"@type\":\"ListItem\",\"position\":1,\"name\":\"Accueil\",\"item\":\"https:\\\/\\\/aufildespierres.com\\\/\"},{\"@type\":\"ListItem\",\"position\":2,\"name\":\"Guide des pierres et vertus en Lithoth\u00e9rapie\",\"item\":\"https:\\\/\\\/aufildespierres.com\\\/index.php\\\/guide-des-pierres-et-vertus-en-lithotherapie\\\/\"},{\"@type\":\"ListItem\",\"position\":3,\"name\":\"SAPHIR BLEU\"}]},{\"@type\":\"WebSite\",\"@id\":\"https:\\\/\\\/aufildespierres.com\\\/#website\",\"url\":\"https:\\\/\\\/aufildespierres.com\\\/\",\"name\":\"Au fil des pierres\",\"description\":\"Au fil des pierres\",\"publisher\":{\"@id\":\"https:\\\/\\\/aufildespierres.com\\\/#organization\"},\"potentialAction\":[{\"@type\":\"SearchAction\",\"target\":{\"@type\":\"EntryPoint\",\"urlTemplate\":\"https:\\\/\\\/aufildespierres.com\\\/?s={search_term_string}\"},\"query-input\":{\"@type\":\"PropertyValueSpecification\",\"valueRequired\":true,\"valueName\":\"search_term_string\"}}],\"inLanguage\":\"fr-FR\"},{\"@type\":\"Organization\",\"@id\":\"https:\\\/\\\/aufildespierres.com\\\/#organization\",\"name\":\"Au fil des pierres\",\"url\":\"https:\\\/\\\/aufildespierres.com\\\/\",\"logo\":{\"@type\":\"ImageObject\",\"inLanguage\":\"fr-FR\",\"@id\":\"https:\\\/\\\/aufildespierres.com\\\/#\\\/schema\\\/logo\\\/image\\\/\",\"url\":\"https:\\\/\\\/aufildespierres.com\\\/wp-content\\\/uploads\\\/2023\\\/05\\\/cropped-Logo-PNG-Transparent.png\",\"contentUrl\":\"https:\\\/\\\/aufildespierres.com\\\/wp-content\\\/uploads\\\/2023\\\/05\\\/cropped-Logo-PNG-Transparent.png\",\"width\":1776,\"height\":1625,\"caption\":\"Au fil des pierres\"},\"image\":{\"@id\":\"https:\\\/\\\/aufildespierres.com\\\/#\\\/schema\\\/logo\\\/image\\\/\"}}]}<\/script>\n<!-- \/ Yoast SEO plugin. -->","yoast_head_json":{"title":"SAPHIR BLEU - Au fil des pierres","description":"D\u00e9couvrez le Saphir bleu, pierre pr\u00e9cieuse de sagesse et de s\u00e9r\u00e9nit\u00e9. Apaise l\u2019esprit, renforce la foi, la fid\u00e9lit\u00e9 et l\u2019\u00e9quilibre int\u00e9rieur.","robots":{"index":"index","follow":"follow","max-snippet":"max-snippet:-1","max-image-preview":"max-image-preview:large","max-video-preview":"max-video-preview:-1"},"canonical":"https:\/\/aufildespierres.com\/index.php\/guide-des-pierres-et-vertus-en-lithotherapie\/saphir-bleu\/","og_locale":"fr_FR","og_type":"article","og_title":"SAPHIR BLEU - Au fil des pierres","og_description":"D\u00e9couvrez le Saphir bleu, pierre pr\u00e9cieuse de sagesse et de s\u00e9r\u00e9nit\u00e9. Apaise l\u2019esprit, renforce la foi, la fid\u00e9lit\u00e9 et l\u2019\u00e9quilibre int\u00e9rieur.","og_url":"https:\/\/aufildespierres.com\/index.php\/guide-des-pierres-et-vertus-en-lithotherapie\/saphir-bleu\/","og_site_name":"Au fil des pierres","article_modified_time":"2025-10-11T17:22:33+00:00","og_image":[{"width":650,"height":504,"url":"https:\/\/aufildespierres.com\/wp-content\/uploads\/2023\/08\/z-amazonite.jpg","type":"image\/jpeg"}],"twitter_card":"summary_large_image","twitter_misc":{"Dur\u00e9e de lecture estim\u00e9e":"3 minutes"},"schema":{"@context":"https:\/\/schema.org","@graph":[{"@type":"WebPage","@id":"https:\/\/aufildespierres.com\/index.php\/guide-des-pierres-et-vertus-en-lithotherapie\/saphir-bleu\/","url":"https:\/\/aufildespierres.com\/index.php\/guide-des-pierres-et-vertus-en-lithotherapie\/saphir-bleu\/","name":"SAPHIR BLEU - Au fil des pierres","isPartOf":{"@id":"https:\/\/aufildespierres.com\/#website"},"primaryImageOfPage":{"@id":"https:\/\/aufildespierres.com\/index.php\/guide-des-pierres-et-vertus-en-lithotherapie\/saphir-bleu\/#primaryimage"},"image":{"@id":"https:\/\/aufildespierres.com\/index.php\/guide-des-pierres-et-vertus-en-lithotherapie\/saphir-bleu\/#primaryimage"},"thumbnailUrl":"https:\/\/aufildespierres.com\/wp-content\/uploads\/2023\/08\/z-amazonite.jpg","datePublished":"2025-10-10T20:11:37+00:00","dateModified":"2025-10-11T17:22:33+00:00","description":"D\u00e9couvrez le Saphir bleu, pierre pr\u00e9cieuse de sagesse et de s\u00e9r\u00e9nit\u00e9. Apaise l\u2019esprit, renforce la foi, la fid\u00e9lit\u00e9 et l\u2019\u00e9quilibre int\u00e9rieur.","breadcrumb":{"@id":"https:\/\/aufildespierres.com\/index.php\/guide-des-pierres-et-vertus-en-lithotherapie\/saphir-bleu\/#breadcrumb"},"inLanguage":"fr-FR","potentialAction":[{"@type":"ReadAction","target":["https:\/\/aufildespierres.com\/index.php\/guide-des-pierres-et-vertus-en-lithotherapie\/saphir-bleu\/"]}]},{"@type":"ImageObject","inLanguage":"fr-FR","@id":"https:\/\/aufildespierres.com\/index.php\/guide-des-pierres-et-vertus-en-lithotherapie\/saphir-bleu\/#primaryimage","url":"https:\/\/aufildespierres.com\/wp-content\/uploads\/2023\/08\/z-amazonite.jpg","contentUrl":"https:\/\/aufildespierres.com\/wp-content\/uploads\/2023\/08\/z-amazonite.jpg","width":650,"height":504},{"@type":"BreadcrumbList","@id":"https:\/\/aufildespierres.com\/index.php\/guide-des-pierres-et-vertus-en-lithotherapie\/saphir-bleu\/#breadcrumb","itemListElement":[{"@type":"ListItem","position":1,"name":"Accueil","item":"https:\/\/aufildespierres.com\/"},{"@type":"ListItem","position":2,"name":"Guide des pierres et vertus en Lithoth\u00e9rapie","item":"https:\/\/aufildespierres.com\/index.php\/guide-des-pierres-et-vertus-en-lithotherapie\/"},{"@type":"ListItem","position":3,"name":"SAPHIR BLEU"}]},{"@type":"WebSite","@id":"https:\/\/aufildespierres.com\/#website","url":"https:\/\/aufildespierres.com\/","name":"Au fil des pierres","description":"Au fil des pierres","publisher":{"@id":"https:\/\/aufildespierres.com\/#organization"},"potentialAction":[{"@type":"SearchAction","target":{"@type":"EntryPoint","urlTemplate":"https:\/\/aufildespierres.com\/?s={search_term_string}"},"query-input":{"@type":"PropertyValueSpecification","valueRequired":true,"valueName":"search_term_string"}}],"inLanguage":"fr-FR"},{"@type":"Organization","@id":"https:\/\/aufildespierres.com\/#organization","name":"Au fil des pierres","url":"https:\/\/aufildespierres.com\/","logo":{"@type":"ImageObject","inLanguage":"fr-FR","@id":"https:\/\/aufildespierres.com\/#\/schema\/logo\/image\/","url":"https:\/\/aufildespierres.com\/wp-content\/uploads\/2023\/05\/cropped-Logo-PNG-Transparent.png","contentUrl":"https:\/\/aufildespierres.com\/wp-content\/uploads\/2023\/05\/cropped-Logo-PNG-Transparent.png","width":1776,"height":1625,"caption":"Au fil des pierres"},"image":{"@id":"https:\/\/aufildespierres.com\/#\/schema\/logo\/image\/"}}]}},"_links":{"self":[{"href":"https:\/\/aufildespierres.com\/index.php\/wp-json\/wp\/v2\/pages\/1649","targetHints":{"allow":["GET"]}}],"collection":[{"href":"https:\/\/aufildespierres.com\/index.php\/wp-json\/wp\/v2\/pages"}],"about":[{"href":"https:\/\/aufildespierres.com\/index.php\/wp-json\/wp\/v2\/types\/page"}],"author":[{"embeddable":true,"href":"https:\/\/aufildespierres.com\/index.php\/wp-json\/wp\/v2\/users\/1"}],"replies":[{"embeddable":true,"href":"https:\/\/aufildespierres.com\/index.php\/wp-json\/wp\/v2\/comments?post=1649"}],"version-history":[{"count":5,"href":"https:\/\/aufildespierres.com\/index.php\/wp-json\/wp\/v2\/pages\/1649\/revisions"}],"predecessor-version":[{"id":4349,"href":"https:\/\/aufildespierres.com\/index.php\/wp-json\/wp\/v2\/pages\/1649\/revisions\/4349"}],"up":[{"embeddable":true,"href":"https:\/\/aufildespierres.com\/index.php\/wp-json\/wp\/v2\/pages\/77"}],"wp:featuredmedia":[{"embeddable":true,"href":"https:\/\/aufildespierres.com\/index.php\/wp-json\/wp\/v2\/media\/387"}],"wp:attachment":[{"href":"https:\/\/aufildespierres.com\/index.php\/wp-json\/wp\/v2\/media?parent=1649"}],"curies":[{"name":"wp","href":"https:\/\/api.w.org\/{rel}","templated":true}]}}