{"id":1653,"date":"2025-11-01T23:08:41","date_gmt":"2025-11-01T22:08:41","guid":{"rendered":"https:\/\/aufildespierres.com\/?page_id=1653"},"modified":"2025-11-04T14:50:17","modified_gmt":"2025-11-04T13:50:17","slug":"selenite","status":"publish","type":"page","link":"https:\/\/aufildespierres.com\/index.php\/guide-des-pierres-et-vertus-en-lithotherapie\/selenite\/","title":{"rendered":"SELENITE"},"content":{"rendered":"\n<figure class=\"wp-block-image aligncenter size-full is-resized\"><img loading=\"lazy\" decoding=\"async\" width=\"612\" height=\"408\" src=\"https:\/\/aufildespierres.com\/wp-content\/uploads\/2025\/11\/istockphoto-1057208566-612x612-1.jpg\" alt=\"\" class=\"wp-image-4439\" style=\"object-fit:cover;width:400px;height:400px\" srcset=\"https:\/\/aufildespierres.com\/wp-content\/uploads\/2025\/11\/istockphoto-1057208566-612x612-1.jpg 612w, https:\/\/aufildespierres.com\/wp-content\/uploads\/2025\/11\/istockphoto-1057208566-612x612-1-300x200.jpg 300w\" sizes=\"auto, (max-width: 612px) 100vw, 612px\" \/><\/figure>\n\n\n\n<figure class=\"wp-block-table is-style-regular has-medium-font-size\"><table style=\"border-style:none;border-width:0px\"><tbody><tr><td><br><br><br><strong>S<\/strong>ELENITE <br><strong> <\/strong><br>La <strong>S\u00e9l\u00e9nite<\/strong> est une pierre douce et apaisante, facilement reconnaissable \u00e0 sa teinte blanche nacr\u00e9e et \u00e0 son \u00e9clat satin\u00e9. Issue de d\u00e9p\u00f4ts s\u00e9dimentaires riches en gypse, elle se forme lorsque l\u2019eau s\u2019\u00e9vapore lentement dans des couches argileuses, laissant appara\u00eetre des cristaux d\u2019une grande puret\u00e9. Son nom vient de <strong>S\u00e9l\u00e9n\u00e9<\/strong>, d\u00e9esse grecque de la Lune, symbole de lumi\u00e8re, de f\u00e9minit\u00e9 et de paix int\u00e9rieure.<br><br><strong>Vertus et bienfaits psychiques<\/strong><br><br>En <strong>lithoth\u00e9rapie<\/strong>, la S\u00e9l\u00e9nite est associ\u00e9e au <strong>chakra du troisi\u00e8me \u0153il<\/strong>, centre de l\u2019intuition et de la clart\u00e9 mentale. Elle favorise la <strong>s\u00e9r\u00e9nit\u00e9 int\u00e9rieure<\/strong>, la <strong>m\u00e9ditation<\/strong> et un profond <strong>calme mental<\/strong>, tout en aidant \u00e0 r\u00e9duire le <strong>stress<\/strong> et l\u2019agitation \u00e9motionnelle. Gr\u00e2ce \u00e0 ses <strong>vibrations \u00e9lev\u00e9es<\/strong>, elle guide vers une conscience sup\u00e9rieure et renforce la <strong>confiance en soi<\/strong>.<br>De plus, la S\u00e9l\u00e9nite met en lumi\u00e8re les <strong>blocages \u00e9motionnels<\/strong> enfouis et aide \u00e0 les lib\u00e9rer, notamment ceux li\u00e9s au manque d\u2019estime ou aux blessures pass\u00e9es. Douce et protectrice, elle accompagne \u00e9galement les <strong>femmes enceintes<\/strong>, car elle favorise le bien-\u00eatre pendant la grossesse et soutient l\u2019allaitement.<br><br><strong>Bienfaits physiques et \u00e9nerg\u00e9tiques<\/strong><br>Sur le plan \u00e9nerg\u00e9tique, la S\u00e9l\u00e9nite <strong>purifie l\u2019air<\/strong> et <strong>harmonise les lieux de vie<\/strong>, d\u2019o\u00f9 la popularit\u00e9 des <strong>lampes en s\u00e9l\u00e9nite<\/strong>. Elle contribue aussi \u00e0 apaiser les <strong>douleurs articulaires<\/strong> et <strong>migraines<\/strong>, tout en stimulant la <strong>libido<\/strong>. En outre, elle peut aider \u00e0 soulager certains <strong>troubles cutan\u00e9s<\/strong> tels que l\u2019acn\u00e9, l\u2019ecz\u00e9ma ou le psoriasis.<br>Enfin, il existe des <strong>baguettes de S\u00e9l\u00e9nite<\/strong> utilis\u00e9es pour <strong>r\u00e9aligner les chakras<\/strong> et l\u2019aura, \u00e0 manipuler avec pr\u00e9caution par une personne exp\u00e9riment\u00e9e.<br>\u00c0 noter : <strong>les plaques de S\u00e9l\u00e9nite ne servent pas \u00e0 recharger les pierres<\/strong>.<\/td><td class=\"has-text-align-left\" data-align=\"left\"><\/td><\/tr><\/tbody><\/table><\/figure>\n\n\n\n<figure class=\"wp-block-table is-style-regular has-medium-font-size\"><table style=\"border-width:1px\"><tbody><tr><td><strong>Chakra<\/strong> : Tous et couronne <br><br><strong>Purification :<\/strong> fumigation encens vibrations; jamais d&rsquo;eau <br><br><strong>Rechargement<\/strong> : lune <br><br><strong>Couleur\/variante<\/strong> : Blanc translucide a ros\u00e9 ou orange <br><br><strong>Signe astrologique<\/strong> : Taureau Cancer Verseau<br><br><strong>Gisements<\/strong> : Maroc Mexique Br\u00e9sil Canada, Pologne Usa ..<br><br><strong>Duret\u00e9<\/strong> : 1,5 \u00e0 2 \/10<br><br><strong>Syst\u00e8me cristallin<\/strong> : Monoclinique <\/td><\/tr><\/tbody><\/table><\/figure>\n\n\n\n<div class=\"wp-block-columns alignwide is-layout-flex wp-container-core-columns-is-layout-d8ea5e3a wp-block-columns-is-layout-flex\" style=\"margin-top:0;margin-bottom:var(--wp--preset--spacing--40);padding-top:0;padding-right:0;padding-bottom:0;padding-left:0\">\n<div class=\"wp-block-column has-ast-global-color-0-background-color has-text-color has-background has-link-color wp-elements-e545600f510329b35c433708d5176a20 is-layout-flow wp-block-column-is-layout-flow\" style=\"border-top-style:none;border-top-width:0px;border-right-color:var(--wp--preset--color--vivid-cyan-blue);border-right-style:none;border-right-width:0px;border-bottom-color:var(--wp--preset--color--vivid-cyan-blue);border-bottom-style:none;border-bottom-width:0px;border-left-color:var(--wp--preset--color--vivid-cyan-blue);border-left-style:none;border-left-width:0px;color:#000000;padding-top:2em;padding-right:2em;padding-bottom:2em;padding-left:2em\">\n<h2 class=\"wp-block-heading\" id=\"single\" style=\"font-size:40px\">Propri\u00e9t\u00e9s psychiques et \u00e9motionnelles<\/h2>\n\n\n\n<hr class=\"wp-block-separator has-text-color has-ast-global-color-1-color has-alpha-channel-opacity has-ast-global-color-1-background-color has-background is-style-wide\"\/>\n\n\n\n<ul class=\"wp-block-list has-normal-font-size\">\n<li>Apporte douceur, relaxation et calme <\/li>\n\n\n\n<li>Augmente les capacit\u00e9s de synth\u00e8se, cr\u00e9ativit\u00e9 et imagination <\/li>\n\n\n\n<li>Elargit conscience et esprit, stimule m\u00e9moire cerveau  et facilite le calme int\u00e9rieur.<\/li>\n\n\n\n<li>Amplifie les dons psychiques en m\u00e9ditation<\/li>\n\n\n\n<li>Aide \u00e0 s&rsquo;ouvrir aux autres et \u00e0 connecter son esprit \u00e0 l&rsquo;\u00e9nergie c\u00e9leste.<\/li>\n\n\n\n<li>Anti stress elle permet de g\u00e9rer ses \u00e9motions et angoisses <\/li>\n<\/ul>\n<\/div>\n\n\n\n<div class=\"wp-block-column has-text-color has-background has-link-color wp-elements-1bfbd1313c8d7d5dd8bdc13a5f58d582 is-layout-flow wp-block-column-is-layout-flow\" style=\"border-style:none;border-width:0px;color:#000000;background-color:#d1d1e1;padding-top:2em;padding-right:2em;padding-bottom:2em;padding-left:2em\">\n<h2 class=\"wp-block-heading has-ast-global-color-3-color has-text-color\" id=\"family\" style=\"font-size:40px\">Propri\u00e9t\u00e9s physiques                  <\/h2>\n\n\n\n<hr class=\"wp-block-separator has-text-color has-ast-global-color-1-color has-alpha-channel-opacity has-ast-global-color-1-background-color has-background is-style-wide\"\/>\n\n\n\n<ul class=\"wp-block-list has-normal-font-size\">\n<li>Aide \u00e0 s&rsquo;apaiser avant le sommeil, peut se placer sur une table de nuit<\/li>\n\n\n\n<li>Apaise le syst\u00e8me nerveux <\/li>\n\n\n\n<li>Soutient ut\u00e9rus, grossesse et allaitement<\/li>\n\n\n\n<li>Renforce os et dents <\/li>\n\n\n\n<li>Calme les douleurs articulaires.<\/li>\n\n\n\n<li>purifie l&rsquo;environnement en chassant les energies n\u00e9gatives <\/li>\n<\/ul>\n<\/div>\n<\/div>\n\n\n\n<p><strong>Les propri\u00e9t\u00e9s des pierres vous sont donn\u00e9es \u00e0 titre indicatif et ne remplacent pas une consultation m\u00e9dicale<\/strong><\/p>\n","protected":false},"excerpt":{"rendered":"<p>SELENITE La S\u00e9l\u00e9nite est une pierre douce et apaisante, facilement reconnaissable \u00e0 sa teinte blanche nacr\u00e9e et \u00e0 son \u00e9clat satin\u00e9. Issue de d\u00e9p\u00f4ts s\u00e9dimentaires riches en gypse, elle se forme lorsque l\u2019eau s\u2019\u00e9vapore lentement dans des couches argileuses, laissant appara\u00eetre des cristaux d\u2019une grande puret\u00e9. Son nom vient de S\u00e9l\u00e9n\u00e9, d\u00e9esse grecque de la [&hellip;]<\/p>\n","protected":false},"author":1,"featured_media":387,"parent":77,"menu_order":0,"comment_status":"closed","ping_status":"closed","template":"","meta":{"site-sidebar-layout":"default","site-content-layout":"","ast-site-content-layout":"default","site-content-style":"default","site-sidebar-style":"default","ast-global-header-display":"","ast-banner-title-visibility":"","ast-main-header-display":"","ast-hfb-above-header-display":"","ast-hfb-below-header-display":"","ast-hfb-mobile-header-display":"","site-post-title":"","ast-breadcrumbs-content":"","ast-featured-img":"","footer-sml-layout":"","ast-disable-related-posts":"","theme-transparent-header-meta":"","adv-header-id-meta":"","stick-header-meta":"","header-above-stick-meta":"","header-main-stick-meta":"","header-below-stick-meta":"","astra-migrate-meta-layouts":"set","ast-page-background-enabled":"default","ast-page-background-meta":{"desktop":{"background-color":"var(--ast-global-color-4)","background-image":"","background-repeat":"repeat","background-position":"center center","background-size":"auto","background-attachment":"scroll","background-type":"","background-media":"","overlay-type":"","overlay-color":"","overlay-opacity":"","overlay-gradient":""},"tablet":{"background-color":"","background-image":"","background-repeat":"repeat","background-position":"center center","background-size":"auto","background-attachment":"scroll","background-type":"","background-media":"","overlay-type":"","overlay-color":"","overlay-opacity":"","overlay-gradient":""},"mobile":{"background-color":"","background-image":"","background-repeat":"repeat","background-position":"center center","background-size":"auto","background-attachment":"scroll","background-type":"","background-media":"","overlay-type":"","overlay-color":"","overlay-opacity":"","overlay-gradient":""}},"ast-content-background-meta":{"desktop":{"background-color":"var(--ast-global-color-5)","background-image":"","background-repeat":"repeat","background-position":"center center","background-size":"auto","background-attachment":"scroll","background-type":"","background-media":"","overlay-type":"","overlay-color":"","overlay-opacity":"","overlay-gradient":""},"tablet":{"background-color":"var(--ast-global-color-5)","background-image":"","background-repeat":"repeat","background-position":"center center","background-size":"auto","background-attachment":"scroll","background-type":"","background-media":"","overlay-type":"","overlay-color":"","overlay-opacity":"","overlay-gradient":""},"mobile":{"background-color":"var(--ast-global-color-5)","background-image":"","background-repeat":"repeat","background-position":"center center","background-size":"auto","background-attachment":"scroll","background-type":"","background-media":"","overlay-type":"","overlay-color":"","overlay-opacity":"","overlay-gradient":""}},"_glsr_average":0,"_glsr_ranking":0,"_glsr_reviews":0,"footnotes":""},"class_list":["post-1653","page","type-page","status-publish","has-post-thumbnail","hentry"],"yoast_head":"<!-- This site is optimized with the Yoast SEO plugin v27.5 - https:\/\/yoast.com\/product\/yoast-seo-wordpress\/ -->\n<title>SELENITE - Au fil des pierres<\/title>\n<meta name=\"description\" content=\"La SELENITE, pierre de lumi\u00e8re et de puret\u00e9, apaise l\u2019esprit, purifie les \u00e9nergies et favorise la s\u00e9r\u00e9nit\u00e9 int\u00e9rieure et la clart\u00e9 mentale.\" \/>\n<meta name=\"robots\" content=\"index, follow, max-snippet:-1, max-image-preview:large, max-video-preview:-1\" \/>\n<link rel=\"canonical\" href=\"https:\/\/aufildespierres.com\/index.php\/guide-des-pierres-et-vertus-en-lithotherapie\/selenite\/\" \/>\n<meta property=\"og:locale\" content=\"fr_FR\" \/>\n<meta property=\"og:type\" content=\"article\" \/>\n<meta property=\"og:title\" content=\"SELENITE - Au fil des pierres\" \/>\n<meta property=\"og:description\" content=\"La SELENITE, pierre de lumi\u00e8re et de puret\u00e9, apaise l\u2019esprit, purifie les \u00e9nergies et favorise la s\u00e9r\u00e9nit\u00e9 int\u00e9rieure et la clart\u00e9 mentale.\" \/>\n<meta property=\"og:url\" content=\"https:\/\/aufildespierres.com\/index.php\/guide-des-pierres-et-vertus-en-lithotherapie\/selenite\/\" \/>\n<meta property=\"og:site_name\" content=\"Au fil des pierres\" \/>\n<meta property=\"article:modified_time\" content=\"2025-11-04T13:50:17+00:00\" \/>\n<meta property=\"og:image\" content=\"https:\/\/aufildespierres.com\/wp-content\/uploads\/2023\/08\/z-amazonite.jpg\" \/>\n\t<meta property=\"og:image:width\" content=\"650\" \/>\n\t<meta property=\"og:image:height\" content=\"504\" \/>\n\t<meta property=\"og:image:type\" content=\"image\/jpeg\" \/>\n<meta name=\"twitter:card\" content=\"summary_large_image\" \/>\n<meta name=\"twitter:label1\" content=\"Dur\u00e9e de lecture estim\u00e9e\" \/>\n\t<meta name=\"twitter:data1\" content=\"3 minutes\" \/>\n<script type=\"application\/ld+json\" class=\"yoast-schema-graph\">{\"@context\":\"https:\\\/\\\/schema.org\",\"@graph\":[{\"@type\":\"WebPage\",\"@id\":\"https:\\\/\\\/aufildespierres.com\\\/index.php\\\/guide-des-pierres-et-vertus-en-lithotherapie\\\/selenite\\\/\",\"url\":\"https:\\\/\\\/aufildespierres.com\\\/index.php\\\/guide-des-pierres-et-vertus-en-lithotherapie\\\/selenite\\\/\",\"name\":\"SELENITE - Au fil des pierres\",\"isPartOf\":{\"@id\":\"https:\\\/\\\/aufildespierres.com\\\/#website\"},\"primaryImageOfPage\":{\"@id\":\"https:\\\/\\\/aufildespierres.com\\\/index.php\\\/guide-des-pierres-et-vertus-en-lithotherapie\\\/selenite\\\/#primaryimage\"},\"image\":{\"@id\":\"https:\\\/\\\/aufildespierres.com\\\/index.php\\\/guide-des-pierres-et-vertus-en-lithotherapie\\\/selenite\\\/#primaryimage\"},\"thumbnailUrl\":\"https:\\\/\\\/aufildespierres.com\\\/wp-content\\\/uploads\\\/2023\\\/08\\\/z-amazonite.jpg\",\"datePublished\":\"2025-11-01T22:08:41+00:00\",\"dateModified\":\"2025-11-04T13:50:17+00:00\",\"description\":\"La SELENITE, pierre de lumi\u00e8re et de puret\u00e9, apaise l\u2019esprit, purifie les \u00e9nergies et favorise la s\u00e9r\u00e9nit\u00e9 int\u00e9rieure et la clart\u00e9 mentale.\",\"breadcrumb\":{\"@id\":\"https:\\\/\\\/aufildespierres.com\\\/index.php\\\/guide-des-pierres-et-vertus-en-lithotherapie\\\/selenite\\\/#breadcrumb\"},\"inLanguage\":\"fr-FR\",\"potentialAction\":[{\"@type\":\"ReadAction\",\"target\":[\"https:\\\/\\\/aufildespierres.com\\\/index.php\\\/guide-des-pierres-et-vertus-en-lithotherapie\\\/selenite\\\/\"]}]},{\"@type\":\"ImageObject\",\"inLanguage\":\"fr-FR\",\"@id\":\"https:\\\/\\\/aufildespierres.com\\\/index.php\\\/guide-des-pierres-et-vertus-en-lithotherapie\\\/selenite\\\/#primaryimage\",\"url\":\"https:\\\/\\\/aufildespierres.com\\\/wp-content\\\/uploads\\\/2023\\\/08\\\/z-amazonite.jpg\",\"contentUrl\":\"https:\\\/\\\/aufildespierres.com\\\/wp-content\\\/uploads\\\/2023\\\/08\\\/z-amazonite.jpg\",\"width\":650,\"height\":504},{\"@type\":\"BreadcrumbList\",\"@id\":\"https:\\\/\\\/aufildespierres.com\\\/index.php\\\/guide-des-pierres-et-vertus-en-lithotherapie\\\/selenite\\\/#breadcrumb\",\"itemListElement\":[{\"@type\":\"ListItem\",\"position\":1,\"name\":\"Accueil\",\"item\":\"https:\\\/\\\/aufildespierres.com\\\/\"},{\"@type\":\"ListItem\",\"position\":2,\"name\":\"Guide des pierres et vertus en Lithoth\u00e9rapie\",\"item\":\"https:\\\/\\\/aufildespierres.com\\\/index.php\\\/guide-des-pierres-et-vertus-en-lithotherapie\\\/\"},{\"@type\":\"ListItem\",\"position\":3,\"name\":\"SELENITE\"}]},{\"@type\":\"WebSite\",\"@id\":\"https:\\\/\\\/aufildespierres.com\\\/#website\",\"url\":\"https:\\\/\\\/aufildespierres.com\\\/\",\"name\":\"Au fil des pierres\",\"description\":\"Au fil des pierres\",\"publisher\":{\"@id\":\"https:\\\/\\\/aufildespierres.com\\\/#organization\"},\"potentialAction\":[{\"@type\":\"SearchAction\",\"target\":{\"@type\":\"EntryPoint\",\"urlTemplate\":\"https:\\\/\\\/aufildespierres.com\\\/?s={search_term_string}\"},\"query-input\":{\"@type\":\"PropertyValueSpecification\",\"valueRequired\":true,\"valueName\":\"search_term_string\"}}],\"inLanguage\":\"fr-FR\"},{\"@type\":\"Organization\",\"@id\":\"https:\\\/\\\/aufildespierres.com\\\/#organization\",\"name\":\"Au fil des pierres\",\"url\":\"https:\\\/\\\/aufildespierres.com\\\/\",\"logo\":{\"@type\":\"ImageObject\",\"inLanguage\":\"fr-FR\",\"@id\":\"https:\\\/\\\/aufildespierres.com\\\/#\\\/schema\\\/logo\\\/image\\\/\",\"url\":\"https:\\\/\\\/aufildespierres.com\\\/wp-content\\\/uploads\\\/2023\\\/05\\\/cropped-Logo-PNG-Transparent.png\",\"contentUrl\":\"https:\\\/\\\/aufildespierres.com\\\/wp-content\\\/uploads\\\/2023\\\/05\\\/cropped-Logo-PNG-Transparent.png\",\"width\":1776,\"height\":1625,\"caption\":\"Au fil des pierres\"},\"image\":{\"@id\":\"https:\\\/\\\/aufildespierres.com\\\/#\\\/schema\\\/logo\\\/image\\\/\"}}]}<\/script>\n<!-- \/ Yoast SEO plugin. -->","yoast_head_json":{"title":"SELENITE - Au fil des pierres","description":"La SELENITE, pierre de lumi\u00e8re et de puret\u00e9, apaise l\u2019esprit, purifie les \u00e9nergies et favorise la s\u00e9r\u00e9nit\u00e9 int\u00e9rieure et la clart\u00e9 mentale.","robots":{"index":"index","follow":"follow","max-snippet":"max-snippet:-1","max-image-preview":"max-image-preview:large","max-video-preview":"max-video-preview:-1"},"canonical":"https:\/\/aufildespierres.com\/index.php\/guide-des-pierres-et-vertus-en-lithotherapie\/selenite\/","og_locale":"fr_FR","og_type":"article","og_title":"SELENITE - Au fil des pierres","og_description":"La SELENITE, pierre de lumi\u00e8re et de puret\u00e9, apaise l\u2019esprit, purifie les \u00e9nergies et favorise la s\u00e9r\u00e9nit\u00e9 int\u00e9rieure et la clart\u00e9 mentale.","og_url":"https:\/\/aufildespierres.com\/index.php\/guide-des-pierres-et-vertus-en-lithotherapie\/selenite\/","og_site_name":"Au fil des pierres","article_modified_time":"2025-11-04T13:50:17+00:00","og_image":[{"width":650,"height":504,"url":"https:\/\/aufildespierres.com\/wp-content\/uploads\/2023\/08\/z-amazonite.jpg","type":"image\/jpeg"}],"twitter_card":"summary_large_image","twitter_misc":{"Dur\u00e9e de lecture estim\u00e9e":"3 minutes"},"schema":{"@context":"https:\/\/schema.org","@graph":[{"@type":"WebPage","@id":"https:\/\/aufildespierres.com\/index.php\/guide-des-pierres-et-vertus-en-lithotherapie\/selenite\/","url":"https:\/\/aufildespierres.com\/index.php\/guide-des-pierres-et-vertus-en-lithotherapie\/selenite\/","name":"SELENITE - Au fil des pierres","isPartOf":{"@id":"https:\/\/aufildespierres.com\/#website"},"primaryImageOfPage":{"@id":"https:\/\/aufildespierres.com\/index.php\/guide-des-pierres-et-vertus-en-lithotherapie\/selenite\/#primaryimage"},"image":{"@id":"https:\/\/aufildespierres.com\/index.php\/guide-des-pierres-et-vertus-en-lithotherapie\/selenite\/#primaryimage"},"thumbnailUrl":"https:\/\/aufildespierres.com\/wp-content\/uploads\/2023\/08\/z-amazonite.jpg","datePublished":"2025-11-01T22:08:41+00:00","dateModified":"2025-11-04T13:50:17+00:00","description":"La SELENITE, pierre de lumi\u00e8re et de puret\u00e9, apaise l\u2019esprit, purifie les \u00e9nergies et favorise la s\u00e9r\u00e9nit\u00e9 int\u00e9rieure et la clart\u00e9 mentale.","breadcrumb":{"@id":"https:\/\/aufildespierres.com\/index.php\/guide-des-pierres-et-vertus-en-lithotherapie\/selenite\/#breadcrumb"},"inLanguage":"fr-FR","potentialAction":[{"@type":"ReadAction","target":["https:\/\/aufildespierres.com\/index.php\/guide-des-pierres-et-vertus-en-lithotherapie\/selenite\/"]}]},{"@type":"ImageObject","inLanguage":"fr-FR","@id":"https:\/\/aufildespierres.com\/index.php\/guide-des-pierres-et-vertus-en-lithotherapie\/selenite\/#primaryimage","url":"https:\/\/aufildespierres.com\/wp-content\/uploads\/2023\/08\/z-amazonite.jpg","contentUrl":"https:\/\/aufildespierres.com\/wp-content\/uploads\/2023\/08\/z-amazonite.jpg","width":650,"height":504},{"@type":"BreadcrumbList","@id":"https:\/\/aufildespierres.com\/index.php\/guide-des-pierres-et-vertus-en-lithotherapie\/selenite\/#breadcrumb","itemListElement":[{"@type":"ListItem","position":1,"name":"Accueil","item":"https:\/\/aufildespierres.com\/"},{"@type":"ListItem","position":2,"name":"Guide des pierres et vertus en Lithoth\u00e9rapie","item":"https:\/\/aufildespierres.com\/index.php\/guide-des-pierres-et-vertus-en-lithotherapie\/"},{"@type":"ListItem","position":3,"name":"SELENITE"}]},{"@type":"WebSite","@id":"https:\/\/aufildespierres.com\/#website","url":"https:\/\/aufildespierres.com\/","name":"Au fil des pierres","description":"Au fil des pierres","publisher":{"@id":"https:\/\/aufildespierres.com\/#organization"},"potentialAction":[{"@type":"SearchAction","target":{"@type":"EntryPoint","urlTemplate":"https:\/\/aufildespierres.com\/?s={search_term_string}"},"query-input":{"@type":"PropertyValueSpecification","valueRequired":true,"valueName":"search_term_string"}}],"inLanguage":"fr-FR"},{"@type":"Organization","@id":"https:\/\/aufildespierres.com\/#organization","name":"Au fil des pierres","url":"https:\/\/aufildespierres.com\/","logo":{"@type":"ImageObject","inLanguage":"fr-FR","@id":"https:\/\/aufildespierres.com\/#\/schema\/logo\/image\/","url":"https:\/\/aufildespierres.com\/wp-content\/uploads\/2023\/05\/cropped-Logo-PNG-Transparent.png","contentUrl":"https:\/\/aufildespierres.com\/wp-content\/uploads\/2023\/05\/cropped-Logo-PNG-Transparent.png","width":1776,"height":1625,"caption":"Au fil des pierres"},"image":{"@id":"https:\/\/aufildespierres.com\/#\/schema\/logo\/image\/"}}]}},"_links":{"self":[{"href":"https:\/\/aufildespierres.com\/index.php\/wp-json\/wp\/v2\/pages\/1653","targetHints":{"allow":["GET"]}}],"collection":[{"href":"https:\/\/aufildespierres.com\/index.php\/wp-json\/wp\/v2\/pages"}],"about":[{"href":"https:\/\/aufildespierres.com\/index.php\/wp-json\/wp\/v2\/types\/page"}],"author":[{"embeddable":true,"href":"https:\/\/aufildespierres.com\/index.php\/wp-json\/wp\/v2\/users\/1"}],"replies":[{"embeddable":true,"href":"https:\/\/aufildespierres.com\/index.php\/wp-json\/wp\/v2\/comments?post=1653"}],"version-history":[{"count":4,"href":"https:\/\/aufildespierres.com\/index.php\/wp-json\/wp\/v2\/pages\/1653\/revisions"}],"predecessor-version":[{"id":4452,"href":"https:\/\/aufildespierres.com\/index.php\/wp-json\/wp\/v2\/pages\/1653\/revisions\/4452"}],"up":[{"embeddable":true,"href":"https:\/\/aufildespierres.com\/index.php\/wp-json\/wp\/v2\/pages\/77"}],"wp:featuredmedia":[{"embeddable":true,"href":"https:\/\/aufildespierres.com\/index.php\/wp-json\/wp\/v2\/media\/387"}],"wp:attachment":[{"href":"https:\/\/aufildespierres.com\/index.php\/wp-json\/wp\/v2\/media?parent=1653"}],"curies":[{"name":"wp","href":"https:\/\/api.w.org\/{rel}","templated":true}]}}