{"id":1679,"date":"2025-03-10T15:04:14","date_gmt":"2025-03-10T14:04:14","guid":{"rendered":"https:\/\/aufildespierres.com\/?page_id=1679"},"modified":"2025-10-10T21:21:14","modified_gmt":"2025-10-10T19:21:14","slug":"turquoise","status":"publish","type":"page","link":"https:\/\/aufildespierres.com\/index.php\/guide-des-pierres-et-vertus-en-lithotherapie\/turquoise\/","title":{"rendered":"TURQUOISE"},"content":{"rendered":"\n<figure class=\"wp-block-image size-full is-resized\"><img loading=\"lazy\" decoding=\"async\" width=\"800\" height=\"532\" src=\"https:\/\/aufildespierres.com\/wp-content\/uploads\/2025\/07\/turquoise.jpg\" alt=\"turquoise brute\" class=\"wp-image-4062\" style=\"width:400px\" srcset=\"https:\/\/aufildespierres.com\/wp-content\/uploads\/2025\/07\/turquoise.jpg 800w, https:\/\/aufildespierres.com\/wp-content\/uploads\/2025\/07\/turquoise-300x200.jpg 300w, https:\/\/aufildespierres.com\/wp-content\/uploads\/2025\/07\/turquoise-768x511.jpg 768w\" sizes=\"auto, (max-width: 800px) 100vw, 800px\" \/><\/figure>\n\n\n\n<figure class=\"wp-block-table is-style-regular has-medium-font-size\"><table style=\"border-style:none;border-width:0px\"><tbody><tr><td><strong>Vertus de la Turquoise : Protection, Communication et S\u00e9r\u00e9nit\u00e9<\/strong><br><br>La turquoise est  tr\u00e8s appr\u00e9ci\u00e9e pour ses vertus protectrices et apaisantes. Elle agit \u00e0 la fois sur le mental et le corps, en favorisant la communication sinc\u00e8re, la paix int\u00e9rieure et l\u2019\u00e9quilibre \u00e9motionnel. En effet, cette pierre ancienne est id\u00e9ale pour ceux qui souhaitent se recentrer, s\u2019exprimer avec authenticit\u00e9 et apaiser leurs tensions.<br><br>Avec ses teintes allant du bleu clair au vert bleut\u00e9, la turquoise \u00e9voque \u00e0 la fois le ciel et la mer. Cette couleur inspire naturellement la tranquillit\u00e9 et la confiance. Par cons\u00e9quent, elle favorise l\u2019ouverture aux autres et am\u00e9liore la qualit\u00e9 des \u00e9changes. Ainsi, elle se r\u00e9v\u00e8le particuli\u00e8rement utile aux personnes timides ou stress\u00e9es, en leur permettant de mieux exprimer leurs id\u00e9es et leurs sentiments.<br><br><strong>Protection \u00c9nerg\u00e9tique et Soutien \u00c9motionnel<\/strong><br><br> La turquoise agit comme un bouclier \u00e9nerg\u00e9tique. Elle absorbe les \u00e9nergies n\u00e9gatives, calme les pens\u00e9es anxieuses et aide \u00e0 retrouver un \u00e9tat d\u2019\u00e9quilibre. Elle est \u00e9galement connue pour prot\u00e9ger les voyageurs et renforcer le syst\u00e8me immunitaire. Ainsi, elle offre \u00e0 la fois s\u00e9curit\u00e9 et r\u00e9confort.<br><br><strong>Clart\u00e9 Int\u00e9rieure et Renforcement de la Confiance<\/strong><br>En plus de ses bienfaits sur la communication, la turquoise encourage la confiance en soi et la lucidit\u00e9. Elle aide \u00e0 prendre du recul, \u00e0 relativiser les difficult\u00e9s et \u00e0 mieux g\u00e9rer les \u00e9motions. De ce fait, elle convient particuli\u00e8rement aux personnes en p\u00e9riode de transition ou en qu\u00eate de stabilit\u00e9 \u00e9motionnelle.<br><br>En r\u00e9sum\u00e9, la turquoise est une pierre compl\u00e8te. Elle allie beaut\u00e9, douceur et force protectrice pour accompagner votre quotidien avec \u00e9quilibre et s\u00e9r\u00e9nit\u00e9.<br><br><br><br><br><br><br><br><br><br><br><\/td><td class=\"has-text-align-left\" data-align=\"left\"><\/td><\/tr><\/tbody><\/table><\/figure>\n\n\n\n<figure class=\"wp-block-table is-style-regular has-medium-font-size\"><table style=\"border-width:1px\"><tbody><tr><td><strong>Chakra<\/strong> : gorge , coeur,3\u00e8me oeil <br><br><strong>Purification :<\/strong> eau distill\u00e9e fumigation <br><br><strong>Rechargement<\/strong> : lune ou soleil tr\u00e8s doux <br><br><strong>Couleur\/variante<\/strong> : Bleu, bleu azur \u00e0 bleu vert <br><br><strong>Signe astrologique<\/strong> : A renseigner<br><br><strong>Gisements<\/strong> : Australie, Chine, Etats Unis, Iran, Israel, Mexique, Afghanistan <br><br><strong>Duret\u00e9<\/strong> : 5 \u00e0 6 \/10<br><br><strong>Syst\u00e8me cristallin<\/strong> : Triclinique <\/td><\/tr><\/tbody><\/table><\/figure>\n\n\n\n<div class=\"wp-block-columns alignwide is-layout-flex wp-container-core-columns-is-layout-d8ea5e3a wp-block-columns-is-layout-flex\" style=\"margin-top:0;margin-bottom:var(--wp--preset--spacing--40);padding-top:0;padding-right:0;padding-bottom:0;padding-left:0\">\n<div class=\"wp-block-column has-ast-global-color-0-background-color has-text-color has-background has-link-color wp-elements-493e5e1d450c5983087557d6fe934b28 is-layout-flow wp-block-column-is-layout-flow\" style=\"border-top-style:none;border-top-width:0px;border-right-color:var(--wp--preset--color--vivid-cyan-blue);border-right-style:none;border-right-width:0px;border-bottom-color:var(--wp--preset--color--vivid-cyan-blue);border-bottom-style:none;border-bottom-width:0px;border-left-color:var(--wp--preset--color--vivid-cyan-blue);border-left-style:none;border-left-width:0px;color:#000000;padding-top:2em;padding-right:2em;padding-bottom:2em;padding-left:2em\">\n<h2 class=\"wp-block-heading\" id=\"single\" style=\"font-size:40px\">Propri\u00e9t\u00e9s psychiques et \u00e9motionnelles<\/h2>\n\n\n\n<hr class=\"wp-block-separator has-text-color has-ast-global-color-1-color has-alpha-channel-opacity has-ast-global-color-1-background-color has-background is-style-wide\"\/>\n\n\n\n<ul class=\"wp-block-list has-normal-font-size\">\n<li>Apaise et calme la col\u00e8re <\/li>\n\n\n\n<li>Pierre de communication et d&rsquo;\u00e9coute qui incite \u00e0 exprimer ses \u00e9motions et d\u00e9sirs , et s&rsquo;exprimer en public <\/li>\n\n\n\n<li>Apaise le stress et aide \u00e0 avancer dans sa vie <\/li>\n\n\n\n<li>Prot\u00e8ge des sortil\u00e8ges et de la malchance <\/li>\n\n\n\n<li>Favorise le pardon, la r\u00e9conciliation et la diminution des tensions<\/li>\n\n\n\n<li><\/li>\n<\/ul>\n<\/div>\n\n\n\n<div class=\"wp-block-column has-text-color has-background has-link-color wp-elements-c671bc3f82a2ea12c821f0a6b1efeafb is-layout-flow wp-block-column-is-layout-flow\" style=\"border-style:none;border-width:0px;color:#000000;background-color:#d1d1e1;padding-top:2em;padding-right:2em;padding-bottom:2em;padding-left:2em\">\n<h2 class=\"wp-block-heading has-ast-global-color-3-color has-text-color\" id=\"family\" style=\"font-size:40px\">Propri\u00e9t\u00e9s physiques                  <\/h2>\n\n\n\n<hr class=\"wp-block-separator has-text-color has-ast-global-color-1-color has-alpha-channel-opacity has-ast-global-color-1-background-color has-background is-style-wide\"\/>\n\n\n\n<ul class=\"wp-block-list has-normal-font-size\">\n<li>Favorise un sommeil profond <\/li>\n\n\n\n<li>Purifie les fluides corporels <\/li>\n\n\n\n<li>Soutient poumons, gorge, syst\u00e8me immunitaire , r\u00e9gule le syst\u00e8me nerveux <\/li>\n\n\n\n<li>Calme des douleurs musculaires et articulaires <\/li>\n\n\n\n<li>Soulage les douleurs d&rsquo;estomac, limite les exc\u00e8s de gras et acidit\u00e9 <\/li>\n\n\n\n<li>Apaise les piqures de scorpion ou serpent<\/li>\n\n\n\n<li>Diminue les migraines <\/li>\n\n\n\n<li>Renforce la gu\u00e9rison d&rsquo;une blessure <\/li>\n<\/ul>\n<\/div>\n<\/div>\n\n\n\n<p><strong>Les propri\u00e9t\u00e9s des pierres vous sont donn\u00e9es \u00e0 titre indicatif et ne remplacent pas une consultation m\u00e9dicale<\/strong><\/p>\n","protected":false},"excerpt":{"rendered":"<p>Vertus de la Turquoise : Protection, Communication et S\u00e9r\u00e9nit\u00e9 La turquoise est tr\u00e8s appr\u00e9ci\u00e9e pour ses vertus protectrices et apaisantes. Elle agit \u00e0 la fois sur le mental et le corps, en favorisant la communication sinc\u00e8re, la paix int\u00e9rieure et l\u2019\u00e9quilibre \u00e9motionnel. En effet, cette pierre ancienne est id\u00e9ale pour ceux qui souhaitent se recentrer, [&hellip;]<\/p>\n","protected":false},"author":1,"featured_media":387,"parent":77,"menu_order":0,"comment_status":"closed","ping_status":"closed","template":"","meta":{"site-sidebar-layout":"default","site-content-layout":"","ast-site-content-layout":"default","site-content-style":"default","site-sidebar-style":"default","ast-global-header-display":"","ast-banner-title-visibility":"","ast-main-header-display":"","ast-hfb-above-header-display":"","ast-hfb-below-header-display":"","ast-hfb-mobile-header-display":"","site-post-title":"","ast-breadcrumbs-content":"","ast-featured-img":"","footer-sml-layout":"","ast-disable-related-posts":"","theme-transparent-header-meta":"","adv-header-id-meta":"","stick-header-meta":"","header-above-stick-meta":"","header-main-stick-meta":"","header-below-stick-meta":"","astra-migrate-meta-layouts":"set","ast-page-background-enabled":"default","ast-page-background-meta":{"desktop":{"background-color":"var(--ast-global-color-4)","background-image":"","background-repeat":"repeat","background-position":"center center","background-size":"auto","background-attachment":"scroll","background-type":"","background-media":"","overlay-type":"","overlay-color":"","overlay-opacity":"","overlay-gradient":""},"tablet":{"background-color":"","background-image":"","background-repeat":"repeat","background-position":"center center","background-size":"auto","background-attachment":"scroll","background-type":"","background-media":"","overlay-type":"","overlay-color":"","overlay-opacity":"","overlay-gradient":""},"mobile":{"background-color":"","background-image":"","background-repeat":"repeat","background-position":"center center","background-size":"auto","background-attachment":"scroll","background-type":"","background-media":"","overlay-type":"","overlay-color":"","overlay-opacity":"","overlay-gradient":""}},"ast-content-background-meta":{"desktop":{"background-color":"var(--ast-global-color-5)","background-image":"","background-repeat":"repeat","background-position":"center center","background-size":"auto","background-attachment":"scroll","background-type":"","background-media":"","overlay-type":"","overlay-color":"","overlay-opacity":"","overlay-gradient":""},"tablet":{"background-color":"var(--ast-global-color-5)","background-image":"","background-repeat":"repeat","background-position":"center center","background-size":"auto","background-attachment":"scroll","background-type":"","background-media":"","overlay-type":"","overlay-color":"","overlay-opacity":"","overlay-gradient":""},"mobile":{"background-color":"var(--ast-global-color-5)","background-image":"","background-repeat":"repeat","background-position":"center center","background-size":"auto","background-attachment":"scroll","background-type":"","background-media":"","overlay-type":"","overlay-color":"","overlay-opacity":"","overlay-gradient":""}},"_glsr_average":0,"_glsr_ranking":0,"_glsr_reviews":0,"footnotes":""},"class_list":["post-1679","page","type-page","status-publish","has-post-thumbnail","hentry"],"yoast_head":"<!-- This site is optimized with the Yoast SEO plugin v27.5 - https:\/\/yoast.com\/product\/yoast-seo-wordpress\/ -->\n<title>TURQUOISE - Au fil des pierres<\/title>\n<meta name=\"description\" content=\"Turquoise naturelle de qualit\u00e9 sup\u00e9rieure. Pierre de protection, communication et apaisement. Id\u00e9ale pour \u00e9quilibre \u00e9motionnel et expression authentique.\" \/>\n<meta name=\"robots\" content=\"index, follow, max-snippet:-1, max-image-preview:large, max-video-preview:-1\" \/>\n<link rel=\"canonical\" href=\"https:\/\/aufildespierres.com\/index.php\/guide-des-pierres-et-vertus-en-lithotherapie\/turquoise\/\" \/>\n<meta property=\"og:locale\" content=\"fr_FR\" \/>\n<meta property=\"og:type\" content=\"article\" \/>\n<meta property=\"og:title\" content=\"TURQUOISE - Au fil des pierres\" \/>\n<meta property=\"og:description\" content=\"Turquoise naturelle de qualit\u00e9 sup\u00e9rieure. Pierre de protection, communication et apaisement. Id\u00e9ale pour \u00e9quilibre \u00e9motionnel et expression authentique.\" \/>\n<meta property=\"og:url\" content=\"https:\/\/aufildespierres.com\/index.php\/guide-des-pierres-et-vertus-en-lithotherapie\/turquoise\/\" \/>\n<meta property=\"og:site_name\" content=\"Au fil des pierres\" \/>\n<meta property=\"article:modified_time\" content=\"2025-10-10T19:21:14+00:00\" \/>\n<meta property=\"og:image\" content=\"https:\/\/aufildespierres.com\/wp-content\/uploads\/2023\/08\/z-amazonite.jpg\" \/>\n\t<meta property=\"og:image:width\" content=\"650\" \/>\n\t<meta property=\"og:image:height\" content=\"504\" \/>\n\t<meta property=\"og:image:type\" content=\"image\/jpeg\" \/>\n<meta name=\"twitter:card\" content=\"summary_large_image\" \/>\n<meta name=\"twitter:label1\" content=\"Dur\u00e9e de lecture estim\u00e9e\" \/>\n\t<meta name=\"twitter:data1\" content=\"3 minutes\" \/>\n<script type=\"application\/ld+json\" class=\"yoast-schema-graph\">{\"@context\":\"https:\\\/\\\/schema.org\",\"@graph\":[{\"@type\":\"WebPage\",\"@id\":\"https:\\\/\\\/aufildespierres.com\\\/index.php\\\/guide-des-pierres-et-vertus-en-lithotherapie\\\/turquoise\\\/\",\"url\":\"https:\\\/\\\/aufildespierres.com\\\/index.php\\\/guide-des-pierres-et-vertus-en-lithotherapie\\\/turquoise\\\/\",\"name\":\"TURQUOISE - Au fil des pierres\",\"isPartOf\":{\"@id\":\"https:\\\/\\\/aufildespierres.com\\\/#website\"},\"primaryImageOfPage\":{\"@id\":\"https:\\\/\\\/aufildespierres.com\\\/index.php\\\/guide-des-pierres-et-vertus-en-lithotherapie\\\/turquoise\\\/#primaryimage\"},\"image\":{\"@id\":\"https:\\\/\\\/aufildespierres.com\\\/index.php\\\/guide-des-pierres-et-vertus-en-lithotherapie\\\/turquoise\\\/#primaryimage\"},\"thumbnailUrl\":\"https:\\\/\\\/aufildespierres.com\\\/wp-content\\\/uploads\\\/2023\\\/08\\\/z-amazonite.jpg\",\"datePublished\":\"2025-03-10T14:04:14+00:00\",\"dateModified\":\"2025-10-10T19:21:14+00:00\",\"description\":\"Turquoise naturelle de qualit\u00e9 sup\u00e9rieure. Pierre de protection, communication et apaisement. Id\u00e9ale pour \u00e9quilibre \u00e9motionnel et expression authentique.\",\"breadcrumb\":{\"@id\":\"https:\\\/\\\/aufildespierres.com\\\/index.php\\\/guide-des-pierres-et-vertus-en-lithotherapie\\\/turquoise\\\/#breadcrumb\"},\"inLanguage\":\"fr-FR\",\"potentialAction\":[{\"@type\":\"ReadAction\",\"target\":[\"https:\\\/\\\/aufildespierres.com\\\/index.php\\\/guide-des-pierres-et-vertus-en-lithotherapie\\\/turquoise\\\/\"]}]},{\"@type\":\"ImageObject\",\"inLanguage\":\"fr-FR\",\"@id\":\"https:\\\/\\\/aufildespierres.com\\\/index.php\\\/guide-des-pierres-et-vertus-en-lithotherapie\\\/turquoise\\\/#primaryimage\",\"url\":\"https:\\\/\\\/aufildespierres.com\\\/wp-content\\\/uploads\\\/2023\\\/08\\\/z-amazonite.jpg\",\"contentUrl\":\"https:\\\/\\\/aufildespierres.com\\\/wp-content\\\/uploads\\\/2023\\\/08\\\/z-amazonite.jpg\",\"width\":650,\"height\":504},{\"@type\":\"BreadcrumbList\",\"@id\":\"https:\\\/\\\/aufildespierres.com\\\/index.php\\\/guide-des-pierres-et-vertus-en-lithotherapie\\\/turquoise\\\/#breadcrumb\",\"itemListElement\":[{\"@type\":\"ListItem\",\"position\":1,\"name\":\"Accueil\",\"item\":\"https:\\\/\\\/aufildespierres.com\\\/\"},{\"@type\":\"ListItem\",\"position\":2,\"name\":\"Guide des pierres et vertus en Lithoth\u00e9rapie\",\"item\":\"https:\\\/\\\/aufildespierres.com\\\/index.php\\\/guide-des-pierres-et-vertus-en-lithotherapie\\\/\"},{\"@type\":\"ListItem\",\"position\":3,\"name\":\"TURQUOISE\"}]},{\"@type\":\"WebSite\",\"@id\":\"https:\\\/\\\/aufildespierres.com\\\/#website\",\"url\":\"https:\\\/\\\/aufildespierres.com\\\/\",\"name\":\"Au fil des pierres\",\"description\":\"Au fil des pierres\",\"publisher\":{\"@id\":\"https:\\\/\\\/aufildespierres.com\\\/#organization\"},\"potentialAction\":[{\"@type\":\"SearchAction\",\"target\":{\"@type\":\"EntryPoint\",\"urlTemplate\":\"https:\\\/\\\/aufildespierres.com\\\/?s={search_term_string}\"},\"query-input\":{\"@type\":\"PropertyValueSpecification\",\"valueRequired\":true,\"valueName\":\"search_term_string\"}}],\"inLanguage\":\"fr-FR\"},{\"@type\":\"Organization\",\"@id\":\"https:\\\/\\\/aufildespierres.com\\\/#organization\",\"name\":\"Au fil des pierres\",\"url\":\"https:\\\/\\\/aufildespierres.com\\\/\",\"logo\":{\"@type\":\"ImageObject\",\"inLanguage\":\"fr-FR\",\"@id\":\"https:\\\/\\\/aufildespierres.com\\\/#\\\/schema\\\/logo\\\/image\\\/\",\"url\":\"https:\\\/\\\/aufildespierres.com\\\/wp-content\\\/uploads\\\/2023\\\/05\\\/cropped-Logo-PNG-Transparent.png\",\"contentUrl\":\"https:\\\/\\\/aufildespierres.com\\\/wp-content\\\/uploads\\\/2023\\\/05\\\/cropped-Logo-PNG-Transparent.png\",\"width\":1776,\"height\":1625,\"caption\":\"Au fil des pierres\"},\"image\":{\"@id\":\"https:\\\/\\\/aufildespierres.com\\\/#\\\/schema\\\/logo\\\/image\\\/\"}}]}<\/script>\n<!-- \/ Yoast SEO plugin. -->","yoast_head_json":{"title":"TURQUOISE - Au fil des pierres","description":"Turquoise naturelle de qualit\u00e9 sup\u00e9rieure. Pierre de protection, communication et apaisement. Id\u00e9ale pour \u00e9quilibre \u00e9motionnel et expression authentique.","robots":{"index":"index","follow":"follow","max-snippet":"max-snippet:-1","max-image-preview":"max-image-preview:large","max-video-preview":"max-video-preview:-1"},"canonical":"https:\/\/aufildespierres.com\/index.php\/guide-des-pierres-et-vertus-en-lithotherapie\/turquoise\/","og_locale":"fr_FR","og_type":"article","og_title":"TURQUOISE - Au fil des pierres","og_description":"Turquoise naturelle de qualit\u00e9 sup\u00e9rieure. Pierre de protection, communication et apaisement. Id\u00e9ale pour \u00e9quilibre \u00e9motionnel et expression authentique.","og_url":"https:\/\/aufildespierres.com\/index.php\/guide-des-pierres-et-vertus-en-lithotherapie\/turquoise\/","og_site_name":"Au fil des pierres","article_modified_time":"2025-10-10T19:21:14+00:00","og_image":[{"width":650,"height":504,"url":"https:\/\/aufildespierres.com\/wp-content\/uploads\/2023\/08\/z-amazonite.jpg","type":"image\/jpeg"}],"twitter_card":"summary_large_image","twitter_misc":{"Dur\u00e9e de lecture estim\u00e9e":"3 minutes"},"schema":{"@context":"https:\/\/schema.org","@graph":[{"@type":"WebPage","@id":"https:\/\/aufildespierres.com\/index.php\/guide-des-pierres-et-vertus-en-lithotherapie\/turquoise\/","url":"https:\/\/aufildespierres.com\/index.php\/guide-des-pierres-et-vertus-en-lithotherapie\/turquoise\/","name":"TURQUOISE - Au fil des pierres","isPartOf":{"@id":"https:\/\/aufildespierres.com\/#website"},"primaryImageOfPage":{"@id":"https:\/\/aufildespierres.com\/index.php\/guide-des-pierres-et-vertus-en-lithotherapie\/turquoise\/#primaryimage"},"image":{"@id":"https:\/\/aufildespierres.com\/index.php\/guide-des-pierres-et-vertus-en-lithotherapie\/turquoise\/#primaryimage"},"thumbnailUrl":"https:\/\/aufildespierres.com\/wp-content\/uploads\/2023\/08\/z-amazonite.jpg","datePublished":"2025-03-10T14:04:14+00:00","dateModified":"2025-10-10T19:21:14+00:00","description":"Turquoise naturelle de qualit\u00e9 sup\u00e9rieure. Pierre de protection, communication et apaisement. Id\u00e9ale pour \u00e9quilibre \u00e9motionnel et expression authentique.","breadcrumb":{"@id":"https:\/\/aufildespierres.com\/index.php\/guide-des-pierres-et-vertus-en-lithotherapie\/turquoise\/#breadcrumb"},"inLanguage":"fr-FR","potentialAction":[{"@type":"ReadAction","target":["https:\/\/aufildespierres.com\/index.php\/guide-des-pierres-et-vertus-en-lithotherapie\/turquoise\/"]}]},{"@type":"ImageObject","inLanguage":"fr-FR","@id":"https:\/\/aufildespierres.com\/index.php\/guide-des-pierres-et-vertus-en-lithotherapie\/turquoise\/#primaryimage","url":"https:\/\/aufildespierres.com\/wp-content\/uploads\/2023\/08\/z-amazonite.jpg","contentUrl":"https:\/\/aufildespierres.com\/wp-content\/uploads\/2023\/08\/z-amazonite.jpg","width":650,"height":504},{"@type":"BreadcrumbList","@id":"https:\/\/aufildespierres.com\/index.php\/guide-des-pierres-et-vertus-en-lithotherapie\/turquoise\/#breadcrumb","itemListElement":[{"@type":"ListItem","position":1,"name":"Accueil","item":"https:\/\/aufildespierres.com\/"},{"@type":"ListItem","position":2,"name":"Guide des pierres et vertus en Lithoth\u00e9rapie","item":"https:\/\/aufildespierres.com\/index.php\/guide-des-pierres-et-vertus-en-lithotherapie\/"},{"@type":"ListItem","position":3,"name":"TURQUOISE"}]},{"@type":"WebSite","@id":"https:\/\/aufildespierres.com\/#website","url":"https:\/\/aufildespierres.com\/","name":"Au fil des pierres","description":"Au fil des pierres","publisher":{"@id":"https:\/\/aufildespierres.com\/#organization"},"potentialAction":[{"@type":"SearchAction","target":{"@type":"EntryPoint","urlTemplate":"https:\/\/aufildespierres.com\/?s={search_term_string}"},"query-input":{"@type":"PropertyValueSpecification","valueRequired":true,"valueName":"search_term_string"}}],"inLanguage":"fr-FR"},{"@type":"Organization","@id":"https:\/\/aufildespierres.com\/#organization","name":"Au fil des pierres","url":"https:\/\/aufildespierres.com\/","logo":{"@type":"ImageObject","inLanguage":"fr-FR","@id":"https:\/\/aufildespierres.com\/#\/schema\/logo\/image\/","url":"https:\/\/aufildespierres.com\/wp-content\/uploads\/2023\/05\/cropped-Logo-PNG-Transparent.png","contentUrl":"https:\/\/aufildespierres.com\/wp-content\/uploads\/2023\/05\/cropped-Logo-PNG-Transparent.png","width":1776,"height":1625,"caption":"Au fil des pierres"},"image":{"@id":"https:\/\/aufildespierres.com\/#\/schema\/logo\/image\/"}}]}},"_links":{"self":[{"href":"https:\/\/aufildespierres.com\/index.php\/wp-json\/wp\/v2\/pages\/1679","targetHints":{"allow":["GET"]}}],"collection":[{"href":"https:\/\/aufildespierres.com\/index.php\/wp-json\/wp\/v2\/pages"}],"about":[{"href":"https:\/\/aufildespierres.com\/index.php\/wp-json\/wp\/v2\/types\/page"}],"author":[{"embeddable":true,"href":"https:\/\/aufildespierres.com\/index.php\/wp-json\/wp\/v2\/users\/1"}],"replies":[{"embeddable":true,"href":"https:\/\/aufildespierres.com\/index.php\/wp-json\/wp\/v2\/comments?post=1679"}],"version-history":[{"count":5,"href":"https:\/\/aufildespierres.com\/index.php\/wp-json\/wp\/v2\/pages\/1679\/revisions"}],"predecessor-version":[{"id":4338,"href":"https:\/\/aufildespierres.com\/index.php\/wp-json\/wp\/v2\/pages\/1679\/revisions\/4338"}],"up":[{"embeddable":true,"href":"https:\/\/aufildespierres.com\/index.php\/wp-json\/wp\/v2\/pages\/77"}],"wp:featuredmedia":[{"embeddable":true,"href":"https:\/\/aufildespierres.com\/index.php\/wp-json\/wp\/v2\/media\/387"}],"wp:attachment":[{"href":"https:\/\/aufildespierres.com\/index.php\/wp-json\/wp\/v2\/media?parent=1679"}],"curies":[{"name":"wp","href":"https:\/\/api.w.org\/{rel}","templated":true}]}}