{"id":76,"date":"2023-05-01T07:18:22","date_gmt":"2023-05-01T05:17:29","guid":{"rendered":"https:\/\/aufildespierres.com\/?page_id=76"},"modified":"2026-04-11T21:21:01","modified_gmt":"2026-04-11T19:21:01","slug":"creation-de-bracelet-de-lithotherapie-personnalise","status":"publish","type":"page","link":"https:\/\/aufildespierres.com\/index.php\/creation-de-bracelet-de-lithotherapie-personnalise\/","title":{"rendered":"Cr\u00e9ation de Bracelet De Lithoth\u00e9rapie Personnalis\u00e9"},"content":{"rendered":"\n<p class=\"has-text-align-center\">Cr\u00e9ez un bijou unique gr\u00e2ce \u00e0 une <strong>Cr\u00e9ation de bracelet de lithoth\u00e9rapie personnalis\u00e9e<\/strong>, enti\u00e8rement adapt\u00e9e \u00e0 vos besoins. Vous choisissez l\u2019assemblage, la taille des pierres, les couleurs, le rythme ainsi que les accessoires comme une breloque. Ainsi, votre bracelet devient une pi\u00e8ce sur mesure, en parfaite harmonie avec vos attentes.<\/p>\n\n\n\n<p>Cette <strong>Cr\u00e9ation de bracelet de lithoth\u00e9rapie personnalis\u00e9e<\/strong> repose sur un \u00e9change approfondi. Il peut se faire en pr\u00e9sentiel si vous habitez pr\u00e8s de la Haute-Savoie, ou \u00e0 distance via WhatsApp. Cet accompagnement se d\u00e9roule en deux s\u00e9ances, pour une dur\u00e9e totale de 1h30 environ \u00e0 chaque s\u00e9ance.<\/p>\n\n\n\n<p>Lors de la premi\u00e8re s\u00e9ance, nous identifions ensemble vos besoins et vos objectifs. Ensuite, j\u2019analyse les informations recueillies afin de concevoir un bracelet adapt\u00e9 \u00e0 votre \u00e9nergie. Je vous partage r\u00e9guli\u00e8rement des photos et vid\u00e9os pour suivre chaque \u00e9tape. Toutes les informations \u00e9chang\u00e9es restent strictement confidentielles.<\/p>\n\n\n\n<p>Par la suite, j\u2019effectue une analyse \u00e9nerg\u00e9tique bas\u00e9e sur les chakras et la m\u00e9decine chinoise. Je vous pr\u00e9sente ensuite une lecture d\u00e9taill\u00e9e, expliqu\u00e9e de mani\u00e8re claire. Vous choisissez alors vos pierres en vous fiant \u00e0 votre intuition, \u00e9l\u00e9ment essentiel du processus.<\/p>\n\n\n\n<p>Lors de la seconde s\u00e9ance, je vous pr\u00e9sente le bracelet finalis\u00e9. Nous ajustons les d\u00e9tails si n\u00e9cessaire, puis je vous explique sa conception.<\/p>\n\n\n\n<p>Enfin, vous recevez votre bijou dans une pochette en tissu, accompagn\u00e9e de conseils d\u2019entretien et des vertus des pierres et votre lecture \u00e9nerg\u00e9tique imprim\u00e9e.<\/p>\n\n\n\n<p class=\"has-text-align-center\">Chaque bracelet est con\u00e7u sur mesure selon votre poignet et votre style de port.<\/p>\n\n\n\n<p>La lithoth\u00e9rapie ne remplace pas une consultation m\u00e9dicale , les pierres sont l\u00e0 pour vous apporter plus de bien \u00eatre.<\/p>\n\n\n\n<div class=\"wp-block-buttons alignfull is-layout-flex wp-block-buttons-is-layout-flex\" id=\"commande\"><\/div>\n\n\n\n<p class=\"has-text-align-center has-pale-cyan-blue-background-color has-background\"><strong><em>Le montant de cette prestation de Cr\u00e9ation De Bracelet De Lithoth\u00e9rapie personnalis\u00e9 comprend le temps pass\u00e9 \u00e0 l&rsquo;\u00e9change entre nous , la recherche et r\u00e9flexion, proposition de projet et r\u00e9alisation<\/em><\/strong>, <strong>puis un suivi de 2 mois apr\u00e8s la livraison du bracelet.<\/strong><\/p>\n\n\n\n<p class=\"has-text-align-center has-pale-cyan-blue-background-color has-background\"><strong>Tarif : 90 euros pour un bracelet hors frais de port <\/strong><\/p>\n\n\n\n<figure class=\"wp-block-image size-full\"><img loading=\"lazy\" decoding=\"async\" width=\"353\" height=\"212\" src=\"https:\/\/aufildespierres.com\/wp-content\/uploads\/2026\/04\/650907834_10237821089380654_938788032571346517_n.jpg\" alt=\"\" class=\"wp-image-4941\" srcset=\"https:\/\/aufildespierres.com\/wp-content\/uploads\/2026\/04\/650907834_10237821089380654_938788032571346517_n.jpg 353w, https:\/\/aufildespierres.com\/wp-content\/uploads\/2026\/04\/650907834_10237821089380654_938788032571346517_n-300x180.jpg 300w\" sizes=\"auto, (max-width: 353px) 100vw, 353px\" \/><\/figure>\n\n\n\n<figure class=\"wp-block-image size-large is-resized\"><img loading=\"lazy\" decoding=\"async\" width=\"1024\" height=\"683\" src=\"https:\/\/aufildespierres.com\/wp-content\/uploads\/2026\/02\/186b0c1a-843e-4fb2-af3e-32b695823c3b-1024x683.png\" alt=\"\" class=\"wp-image-4674\" style=\"aspect-ratio:1.499314454463956;width:454px;height:auto\" srcset=\"https:\/\/aufildespierres.com\/wp-content\/uploads\/2026\/02\/186b0c1a-843e-4fb2-af3e-32b695823c3b-1024x683.png 1024w, https:\/\/aufildespierres.com\/wp-content\/uploads\/2026\/02\/186b0c1a-843e-4fb2-af3e-32b695823c3b-300x200.png 300w, https:\/\/aufildespierres.com\/wp-content\/uploads\/2026\/02\/186b0c1a-843e-4fb2-af3e-32b695823c3b-768x512.png 768w, https:\/\/aufildespierres.com\/wp-content\/uploads\/2026\/02\/186b0c1a-843e-4fb2-af3e-32b695823c3b-1000x667.png 1000w, https:\/\/aufildespierres.com\/wp-content\/uploads\/2026\/02\/186b0c1a-843e-4fb2-af3e-32b695823c3b.png 1536w\" sizes=\"auto, (max-width: 1024px) 100vw, 1024px\" \/><\/figure>\n\n\n\n<p class=\"has-text-align-center has-pale-cyan-blue-background-color has-background\">Prestation <strong>sur devis pour un bracelet avec des pierres dites d&rsquo;exception.<\/strong> (gemmes pierre pr\u00e9cieuse et au prix \u00e9lev\u00e9 ).<\/p>\n\n\n\n<p class=\"has-text-align-center\">Vous pouvez \u00e9galement me consulter pour toute commande de min\u00e9raux, ou pendentifs que vous souhaiteriez.<\/p>\n\n\n\n<p class=\"has-text-align-center\">Une personnalisation d&rsquo;un bracelet existant ne coute que le prix de l&rsquo;\u00e9l\u00e9ment rajout\u00e9. <\/p>\n\n\n\n<div class=\"wp-block-buttons is-layout-flex wp-block-buttons-is-layout-flex\">\n<div class=\"wp-block-button\"><a class=\"wp-block-button__link wp-element-button\" href=\"https:\/\/aufildespierres.com\/index.php\/mon-panier\/?add-to-cart=5041&amp;quantity=1\">Commander mon bracelet personnalis\u00e9 <\/a><\/div>\n<\/div>\n\n\n\n<p><\/p>\n","protected":false},"excerpt":{"rendered":"<p>Cr\u00e9ez un bijou unique gr\u00e2ce \u00e0 une Cr\u00e9ation de bracelet de lithoth\u00e9rapie personnalis\u00e9e, enti\u00e8rement adapt\u00e9e \u00e0 vos besoins. Vous choisissez l\u2019assemblage, la taille des pierres, les couleurs, le rythme ainsi que les accessoires comme une breloque. Ainsi, votre bracelet devient une pi\u00e8ce sur mesure, en parfaite harmonie avec vos attentes. Cette Cr\u00e9ation de bracelet de [&hellip;]<\/p>\n","protected":false},"author":1,"featured_media":0,"parent":0,"menu_order":0,"comment_status":"closed","ping_status":"closed","template":"","meta":{"site-sidebar-layout":"default","site-content-layout":"","ast-site-content-layout":"default","site-content-style":"default","site-sidebar-style":"default","ast-global-header-display":"","ast-banner-title-visibility":"","ast-main-header-display":"","ast-hfb-above-header-display":"","ast-hfb-below-header-display":"","ast-hfb-mobile-header-display":"","site-post-title":"","ast-breadcrumbs-content":"","ast-featured-img":"","footer-sml-layout":"","ast-disable-related-posts":"","theme-transparent-header-meta":"","adv-header-id-meta":"","stick-header-meta":"","header-above-stick-meta":"","header-main-stick-meta":"","header-below-stick-meta":"","astra-migrate-meta-layouts":"set","ast-page-background-enabled":"default","ast-page-background-meta":{"desktop":{"background-color":"var(--ast-global-color-4)","background-image":"","background-repeat":"repeat","background-position":"center center","background-size":"auto","background-attachment":"scroll","background-type":"","background-media":"","overlay-type":"","overlay-color":"","overlay-opacity":"","overlay-gradient":""},"tablet":{"background-color":"","background-image":"","background-repeat":"repeat","background-position":"center center","background-size":"auto","background-attachment":"scroll","background-type":"","background-media":"","overlay-type":"","overlay-color":"","overlay-opacity":"","overlay-gradient":""},"mobile":{"background-color":"","background-image":"","background-repeat":"repeat","background-position":"center center","background-size":"auto","background-attachment":"scroll","background-type":"","background-media":"","overlay-type":"","overlay-color":"","overlay-opacity":"","overlay-gradient":""}},"ast-content-background-meta":{"desktop":{"background-color":"var(--ast-global-color-5)","background-image":"","background-repeat":"repeat","background-position":"center center","background-size":"auto","background-attachment":"scroll","background-type":"","background-media":"","overlay-type":"","overlay-color":"","overlay-opacity":"","overlay-gradient":""},"tablet":{"background-color":"var(--ast-global-color-5)","background-image":"","background-repeat":"repeat","background-position":"center center","background-size":"auto","background-attachment":"scroll","background-type":"","background-media":"","overlay-type":"","overlay-color":"","overlay-opacity":"","overlay-gradient":""},"mobile":{"background-color":"var(--ast-global-color-5)","background-image":"","background-repeat":"repeat","background-position":"center center","background-size":"auto","background-attachment":"scroll","background-type":"","background-media":"","overlay-type":"","overlay-color":"","overlay-opacity":"","overlay-gradient":""}},"_glsr_average":0,"_glsr_ranking":0,"_glsr_reviews":0,"footnotes":""},"class_list":["post-76","page","type-page","status-publish","hentry"],"yoast_head":"<!-- This site is optimized with the Yoast SEO plugin v27.3 - https:\/\/yoast.com\/product\/yoast-seo-wordpress\/ -->\n<title>Cr\u00e9ation de Bracelet De Lithoth\u00e9rapie Personnalis\u00e9 - Au fil des pierres<\/title>\n<meta name=\"description\" content=\"D\u00e9couvrez notre service de Cr\u00e9ation De Bracelet De Lithoth\u00e9rapie personnalis\u00e9 : bijoux et pi\u00e8ces personnalis\u00e9es, con\u00e7us avec des pierres naturelles s\u00e9lectionn\u00e9es pour leurs vertus \u00e9nerg\u00e9tiques et leur qualit\u00e9. Offrez-vous une cr\u00e9ation unique, pens\u00e9e pour votre intention et votre bien-\u00eatre.\" \/>\n<meta name=\"robots\" content=\"index, follow, max-snippet:-1, max-image-preview:large, max-video-preview:-1\" \/>\n<link rel=\"canonical\" href=\"https:\/\/aufildespierres.com\/index.php\/creation-de-bracelet-de-lithotherapie-personnalise\/\" \/>\n<meta property=\"og:locale\" content=\"fr_FR\" \/>\n<meta property=\"og:type\" content=\"article\" \/>\n<meta property=\"og:title\" content=\"Cr\u00e9ation de Bracelet De Lithoth\u00e9rapie Personnalis\u00e9 - Au fil des pierres\" \/>\n<meta property=\"og:description\" content=\"D\u00e9couvrez notre service de Cr\u00e9ation De Bracelet De Lithoth\u00e9rapie personnalis\u00e9 : bijoux et pi\u00e8ces personnalis\u00e9es, con\u00e7us avec des pierres naturelles s\u00e9lectionn\u00e9es pour leurs vertus \u00e9nerg\u00e9tiques et leur qualit\u00e9. Offrez-vous une cr\u00e9ation unique, pens\u00e9e pour votre intention et votre bien-\u00eatre.\" \/>\n<meta property=\"og:url\" content=\"https:\/\/aufildespierres.com\/index.php\/creation-de-bracelet-de-lithotherapie-personnalise\/\" \/>\n<meta property=\"og:site_name\" content=\"Au fil des pierres\" \/>\n<meta property=\"article:modified_time\" content=\"2026-04-11T19:21:01+00:00\" \/>\n<meta property=\"og:image\" content=\"https:\/\/aufildespierres.com\/wp-content\/uploads\/2026\/04\/650907834_10237821089380654_938788032571346517_n.jpg\" \/>\n\t<meta property=\"og:image:width\" content=\"353\" \/>\n\t<meta property=\"og:image:height\" content=\"212\" \/>\n\t<meta property=\"og:image:type\" content=\"image\/jpeg\" \/>\n<meta name=\"twitter:card\" content=\"summary_large_image\" \/>\n<meta name=\"twitter:label1\" content=\"Dur\u00e9e de lecture estim\u00e9e\" \/>\n\t<meta name=\"twitter:data1\" content=\"3 minutes\" \/>\n<script type=\"application\/ld+json\" class=\"yoast-schema-graph\">{\"@context\":\"https:\\\/\\\/schema.org\",\"@graph\":[{\"@type\":\"WebPage\",\"@id\":\"https:\\\/\\\/aufildespierres.com\\\/index.php\\\/creation-de-bracelet-de-lithotherapie-personnalise\\\/\",\"url\":\"https:\\\/\\\/aufildespierres.com\\\/index.php\\\/creation-de-bracelet-de-lithotherapie-personnalise\\\/\",\"name\":\"Cr\u00e9ation de Bracelet De Lithoth\u00e9rapie Personnalis\u00e9 - Au fil des pierres\",\"isPartOf\":{\"@id\":\"https:\\\/\\\/aufildespierres.com\\\/#website\"},\"primaryImageOfPage\":{\"@id\":\"https:\\\/\\\/aufildespierres.com\\\/index.php\\\/creation-de-bracelet-de-lithotherapie-personnalise\\\/#primaryimage\"},\"image\":{\"@id\":\"https:\\\/\\\/aufildespierres.com\\\/index.php\\\/creation-de-bracelet-de-lithotherapie-personnalise\\\/#primaryimage\"},\"thumbnailUrl\":\"https:\\\/\\\/aufildespierres.com\\\/wp-content\\\/uploads\\\/2026\\\/04\\\/650907834_10237821089380654_938788032571346517_n.jpg\",\"datePublished\":\"2023-05-01T05:17:29+00:00\",\"dateModified\":\"2026-04-11T19:21:01+00:00\",\"description\":\"D\u00e9couvrez notre service de Cr\u00e9ation De Bracelet De Lithoth\u00e9rapie personnalis\u00e9 : bijoux et pi\u00e8ces personnalis\u00e9es, con\u00e7us avec des pierres naturelles s\u00e9lectionn\u00e9es pour leurs vertus \u00e9nerg\u00e9tiques et leur qualit\u00e9. Offrez-vous une cr\u00e9ation unique, pens\u00e9e pour votre intention et votre bien-\u00eatre.\",\"breadcrumb\":{\"@id\":\"https:\\\/\\\/aufildespierres.com\\\/index.php\\\/creation-de-bracelet-de-lithotherapie-personnalise\\\/#breadcrumb\"},\"inLanguage\":\"fr-FR\",\"potentialAction\":[{\"@type\":\"ReadAction\",\"target\":[\"https:\\\/\\\/aufildespierres.com\\\/index.php\\\/creation-de-bracelet-de-lithotherapie-personnalise\\\/\"]}]},{\"@type\":\"ImageObject\",\"inLanguage\":\"fr-FR\",\"@id\":\"https:\\\/\\\/aufildespierres.com\\\/index.php\\\/creation-de-bracelet-de-lithotherapie-personnalise\\\/#primaryimage\",\"url\":\"https:\\\/\\\/aufildespierres.com\\\/wp-content\\\/uploads\\\/2026\\\/04\\\/650907834_10237821089380654_938788032571346517_n.jpg\",\"contentUrl\":\"https:\\\/\\\/aufildespierres.com\\\/wp-content\\\/uploads\\\/2026\\\/04\\\/650907834_10237821089380654_938788032571346517_n.jpg\",\"width\":353,\"height\":212},{\"@type\":\"BreadcrumbList\",\"@id\":\"https:\\\/\\\/aufildespierres.com\\\/index.php\\\/creation-de-bracelet-de-lithotherapie-personnalise\\\/#breadcrumb\",\"itemListElement\":[{\"@type\":\"ListItem\",\"position\":1,\"name\":\"Accueil\",\"item\":\"https:\\\/\\\/aufildespierres.com\\\/\"},{\"@type\":\"ListItem\",\"position\":2,\"name\":\"Cr\u00e9ation de Bracelet De Lithoth\u00e9rapie Personnalis\u00e9\"}]},{\"@type\":\"WebSite\",\"@id\":\"https:\\\/\\\/aufildespierres.com\\\/#website\",\"url\":\"https:\\\/\\\/aufildespierres.com\\\/\",\"name\":\"Au fil des pierres\",\"description\":\"Au fil des pierres\",\"publisher\":{\"@id\":\"https:\\\/\\\/aufildespierres.com\\\/#organization\"},\"potentialAction\":[{\"@type\":\"SearchAction\",\"target\":{\"@type\":\"EntryPoint\",\"urlTemplate\":\"https:\\\/\\\/aufildespierres.com\\\/?s={search_term_string}\"},\"query-input\":{\"@type\":\"PropertyValueSpecification\",\"valueRequired\":true,\"valueName\":\"search_term_string\"}}],\"inLanguage\":\"fr-FR\"},{\"@type\":\"Organization\",\"@id\":\"https:\\\/\\\/aufildespierres.com\\\/#organization\",\"name\":\"Au fil des pierres\",\"url\":\"https:\\\/\\\/aufildespierres.com\\\/\",\"logo\":{\"@type\":\"ImageObject\",\"inLanguage\":\"fr-FR\",\"@id\":\"https:\\\/\\\/aufildespierres.com\\\/#\\\/schema\\\/logo\\\/image\\\/\",\"url\":\"https:\\\/\\\/aufildespierres.com\\\/wp-content\\\/uploads\\\/2023\\\/05\\\/cropped-Logo-PNG-Transparent.png\",\"contentUrl\":\"https:\\\/\\\/aufildespierres.com\\\/wp-content\\\/uploads\\\/2023\\\/05\\\/cropped-Logo-PNG-Transparent.png\",\"width\":1776,\"height\":1625,\"caption\":\"Au fil des pierres\"},\"image\":{\"@id\":\"https:\\\/\\\/aufildespierres.com\\\/#\\\/schema\\\/logo\\\/image\\\/\"}}]}<\/script>\n<!-- \/ Yoast SEO plugin. -->","yoast_head_json":{"title":"Cr\u00e9ation de Bracelet De Lithoth\u00e9rapie Personnalis\u00e9 - Au fil des pierres","description":"D\u00e9couvrez notre service de Cr\u00e9ation De Bracelet De Lithoth\u00e9rapie personnalis\u00e9 : bijoux et pi\u00e8ces personnalis\u00e9es, con\u00e7us avec des pierres naturelles s\u00e9lectionn\u00e9es pour leurs vertus \u00e9nerg\u00e9tiques et leur qualit\u00e9. Offrez-vous une cr\u00e9ation unique, pens\u00e9e pour votre intention et votre bien-\u00eatre.","robots":{"index":"index","follow":"follow","max-snippet":"max-snippet:-1","max-image-preview":"max-image-preview:large","max-video-preview":"max-video-preview:-1"},"canonical":"https:\/\/aufildespierres.com\/index.php\/creation-de-bracelet-de-lithotherapie-personnalise\/","og_locale":"fr_FR","og_type":"article","og_title":"Cr\u00e9ation de Bracelet De Lithoth\u00e9rapie Personnalis\u00e9 - Au fil des pierres","og_description":"D\u00e9couvrez notre service de Cr\u00e9ation De Bracelet De Lithoth\u00e9rapie personnalis\u00e9 : bijoux et pi\u00e8ces personnalis\u00e9es, con\u00e7us avec des pierres naturelles s\u00e9lectionn\u00e9es pour leurs vertus \u00e9nerg\u00e9tiques et leur qualit\u00e9. Offrez-vous une cr\u00e9ation unique, pens\u00e9e pour votre intention et votre bien-\u00eatre.","og_url":"https:\/\/aufildespierres.com\/index.php\/creation-de-bracelet-de-lithotherapie-personnalise\/","og_site_name":"Au fil des pierres","article_modified_time":"2026-04-11T19:21:01+00:00","og_image":[{"width":353,"height":212,"url":"https:\/\/aufildespierres.com\/wp-content\/uploads\/2026\/04\/650907834_10237821089380654_938788032571346517_n.jpg","type":"image\/jpeg"}],"twitter_card":"summary_large_image","twitter_misc":{"Dur\u00e9e de lecture estim\u00e9e":"3 minutes"},"schema":{"@context":"https:\/\/schema.org","@graph":[{"@type":"WebPage","@id":"https:\/\/aufildespierres.com\/index.php\/creation-de-bracelet-de-lithotherapie-personnalise\/","url":"https:\/\/aufildespierres.com\/index.php\/creation-de-bracelet-de-lithotherapie-personnalise\/","name":"Cr\u00e9ation de Bracelet De Lithoth\u00e9rapie Personnalis\u00e9 - Au fil des pierres","isPartOf":{"@id":"https:\/\/aufildespierres.com\/#website"},"primaryImageOfPage":{"@id":"https:\/\/aufildespierres.com\/index.php\/creation-de-bracelet-de-lithotherapie-personnalise\/#primaryimage"},"image":{"@id":"https:\/\/aufildespierres.com\/index.php\/creation-de-bracelet-de-lithotherapie-personnalise\/#primaryimage"},"thumbnailUrl":"https:\/\/aufildespierres.com\/wp-content\/uploads\/2026\/04\/650907834_10237821089380654_938788032571346517_n.jpg","datePublished":"2023-05-01T05:17:29+00:00","dateModified":"2026-04-11T19:21:01+00:00","description":"D\u00e9couvrez notre service de Cr\u00e9ation De Bracelet De Lithoth\u00e9rapie personnalis\u00e9 : bijoux et pi\u00e8ces personnalis\u00e9es, con\u00e7us avec des pierres naturelles s\u00e9lectionn\u00e9es pour leurs vertus \u00e9nerg\u00e9tiques et leur qualit\u00e9. Offrez-vous une cr\u00e9ation unique, pens\u00e9e pour votre intention et votre bien-\u00eatre.","breadcrumb":{"@id":"https:\/\/aufildespierres.com\/index.php\/creation-de-bracelet-de-lithotherapie-personnalise\/#breadcrumb"},"inLanguage":"fr-FR","potentialAction":[{"@type":"ReadAction","target":["https:\/\/aufildespierres.com\/index.php\/creation-de-bracelet-de-lithotherapie-personnalise\/"]}]},{"@type":"ImageObject","inLanguage":"fr-FR","@id":"https:\/\/aufildespierres.com\/index.php\/creation-de-bracelet-de-lithotherapie-personnalise\/#primaryimage","url":"https:\/\/aufildespierres.com\/wp-content\/uploads\/2026\/04\/650907834_10237821089380654_938788032571346517_n.jpg","contentUrl":"https:\/\/aufildespierres.com\/wp-content\/uploads\/2026\/04\/650907834_10237821089380654_938788032571346517_n.jpg","width":353,"height":212},{"@type":"BreadcrumbList","@id":"https:\/\/aufildespierres.com\/index.php\/creation-de-bracelet-de-lithotherapie-personnalise\/#breadcrumb","itemListElement":[{"@type":"ListItem","position":1,"name":"Accueil","item":"https:\/\/aufildespierres.com\/"},{"@type":"ListItem","position":2,"name":"Cr\u00e9ation de Bracelet De Lithoth\u00e9rapie Personnalis\u00e9"}]},{"@type":"WebSite","@id":"https:\/\/aufildespierres.com\/#website","url":"https:\/\/aufildespierres.com\/","name":"Au fil des pierres","description":"Au fil des pierres","publisher":{"@id":"https:\/\/aufildespierres.com\/#organization"},"potentialAction":[{"@type":"SearchAction","target":{"@type":"EntryPoint","urlTemplate":"https:\/\/aufildespierres.com\/?s={search_term_string}"},"query-input":{"@type":"PropertyValueSpecification","valueRequired":true,"valueName":"search_term_string"}}],"inLanguage":"fr-FR"},{"@type":"Organization","@id":"https:\/\/aufildespierres.com\/#organization","name":"Au fil des pierres","url":"https:\/\/aufildespierres.com\/","logo":{"@type":"ImageObject","inLanguage":"fr-FR","@id":"https:\/\/aufildespierres.com\/#\/schema\/logo\/image\/","url":"https:\/\/aufildespierres.com\/wp-content\/uploads\/2023\/05\/cropped-Logo-PNG-Transparent.png","contentUrl":"https:\/\/aufildespierres.com\/wp-content\/uploads\/2023\/05\/cropped-Logo-PNG-Transparent.png","width":1776,"height":1625,"caption":"Au fil des pierres"},"image":{"@id":"https:\/\/aufildespierres.com\/#\/schema\/logo\/image\/"}}]}},"_links":{"self":[{"href":"https:\/\/aufildespierres.com\/index.php\/wp-json\/wp\/v2\/pages\/76","targetHints":{"allow":["GET"]}}],"collection":[{"href":"https:\/\/aufildespierres.com\/index.php\/wp-json\/wp\/v2\/pages"}],"about":[{"href":"https:\/\/aufildespierres.com\/index.php\/wp-json\/wp\/v2\/types\/page"}],"author":[{"embeddable":true,"href":"https:\/\/aufildespierres.com\/index.php\/wp-json\/wp\/v2\/users\/1"}],"replies":[{"embeddable":true,"href":"https:\/\/aufildespierres.com\/index.php\/wp-json\/wp\/v2\/comments?post=76"}],"version-history":[{"count":21,"href":"https:\/\/aufildespierres.com\/index.php\/wp-json\/wp\/v2\/pages\/76\/revisions"}],"predecessor-version":[{"id":5057,"href":"https:\/\/aufildespierres.com\/index.php\/wp-json\/wp\/v2\/pages\/76\/revisions\/5057"}],"wp:attachment":[{"href":"https:\/\/aufildespierres.com\/index.php\/wp-json\/wp\/v2\/media?parent=76"}],"curies":[{"name":"wp","href":"https:\/\/api.w.org\/{rel}","templated":true}]}}