{"id":77,"date":"2023-05-01T07:18:22","date_gmt":"2023-05-01T05:18:00","guid":{"rendered":"https:\/\/aufildespierres.com\/?page_id=77"},"modified":"2026-04-11T21:28:43","modified_gmt":"2026-04-11T19:28:43","slug":"guide-des-pierres-et-vertus-en-lithotherapie","status":"publish","type":"page","link":"https:\/\/aufildespierres.com\/index.php\/guide-des-pierres-et-vertus-en-lithotherapie\/","title":{"rendered":"Guide des pierres et vertus en Lithoth\u00e9rapie"},"content":{"rendered":"\n<div class=\"wp-block-columns is-layout-flex wp-container-core-columns-is-layout-28f84493 wp-block-columns-is-layout-flex\">\n<div class=\"wp-block-column is-layout-flow wp-block-column-is-layout-flow\" style=\"flex-basis:50%\">\n<ul class=\"wp-block-list\">\n<li><a href=\"https:\/\/aufildespierres.com\/index.php\/glossaire\/agate\/\">AGATE<\/a><\/li>\n\n\n\n<li><a href=\"https:\/\/aufildespierres.com\/index.php\/glossaires-pierres\/aigue-marine-2\/\">AIGUE MARINE<\/a><\/li>\n\n\n\n<li><a href=\"https:\/\/aufildespierres.com\/index.php\/glossaires-pierres\/amazonite\/\">AMAZONITE<\/a><\/li>\n\n\n\n<li><a href=\"https:\/\/aufildespierres.com\/index.php\/glossaires-pierres\/ambre\/\" data-type=\"link\" data-id=\"https:\/\/aufildespierres.com\/index.php\/glossaires-pierres\/ambre\/\">AMBRE<\/a><\/li>\n\n\n\n<li><a href=\"https:\/\/aufildespierres.com\/index.php\/glossaires-pierres\/amethyste\/\">AMETHYSTE<\/a><\/li>\n\n\n\n<li><a href=\"https:\/\/aufildespierres.com\/index.php\/glossaires-pierres\/ametrine\/\" data-type=\"link\" data-id=\"https:\/\/aufildespierres.com\/index.php\/glossaires-pierres\/ametrine\/\">AMETRINE<\/a><\/li>\n\n\n\n<li><a href=\"https:\/\/aufildespierres.com\/index.php\/glossaire\/ammonite\/\">AMMONITE<\/a><\/li>\n\n\n\n<li><a href=\"https:\/\/aufildespierres.com\/index.php\/glossaires-pierres\/angelite\/\" data-type=\"link\" data-id=\"https:\/\/aufildespierres.com\/index.php\/glossaires-pierres\/angelite\/\">ANGELITE<\/a><\/li>\n\n\n\n<li><a href=\"https:\/\/aufildespierres.com\/index.php\/glossaires-pierres\/anthophyllite\/\" data-type=\"link\" data-id=\"https:\/\/aufildespierres.com\/index.php\/glossaires-pierres\/anthophyllite\/\">ANTHOPHYLLITE<\/a><\/li>\n\n\n\n<li><a href=\"https:\/\/aufildespierres.com\/index.php\/glossaire\/apatite\/\">APATITE<\/a><\/li>\n\n\n\n<li><a href=\"https:\/\/aufildespierres.com\/index.php\/glossaires-pierres\/aragonite\/\">ARAGONITE<\/a><\/li>\n\n\n\n<li><a href=\"https:\/\/aufildespierres.com\/index.php\/glossaires-pierres\/astrophyllite\/\">ASTROPHYLLITE<\/a><\/li>\n\n\n\n<li><a href=\"https:\/\/aufildespierres.com\/index.php\/glossaire\/aventurine\/\">AVENTURINE<\/a><\/li>\n\n\n\n<li><a href=\"https:\/\/aufildespierres.com\/index.php\/glossaires-pierres\/azurite\/\">AZURITE<\/a><\/li>\n\n\n\n<li><a href=\"https:\/\/aufildespierres.com\/index.php\/glossaires-pierres\/beryl\/\">BERYL<\/a><\/li>\n\n\n\n<li><a href=\"https:\/\/aufildespierres.com\/index.php\/glossaires-pierres\/bois-fossile\/\">BOIS FOSSILE<\/a><\/li>\n\n\n\n<li>BIOTITE<\/li>\n\n\n\n<li><a href=\"https:\/\/aufildespierres.com\/index.php\/glossaires-pierres\/bronzite\/\">BRONZITE<\/a><\/li>\n\n\n\n<li>CACOXENITE<\/li>\n\n\n\n<li><a href=\"https:\/\/aufildespierres.com\/index.php\/guide-des-pierres-et-vertus-en-lithotherapie\/calcedoine-bleue\/\">CALCEDOINE BLEUE<\/a><\/li>\n\n\n\n<li><a href=\"https:\/\/aufildespierres.com\/index.php\/glossaire\/calcite-bleue\/\">CALCITE BLEUE<\/a><\/li>\n\n\n\n<li>CALCITE ORANGE<\/li>\n\n\n\n<li>CALCITE ROSE<\/li>\n\n\n\n<li>CELESTINE<\/li>\n\n\n\n<li><a href=\"https:\/\/aufildespierres.com\/index.php\/glossaires-pierres\/citrine\/\">CITRINE<\/a><\/li>\n\n\n\n<li><a href=\"https:\/\/aufildespierres.com\/index.php\/glossaires-pierres\/charoite\/\">CHAROITE<\/a><\/li>\n\n\n\n<li><a href=\"https:\/\/aufildespierres.com\/index.php\/glossaires-pierres\/chrysocolle\/\">CHRYSOCOLLE<\/a><\/li>\n\n\n\n<li><a href=\"https:\/\/aufildespierres.com\/index.php\/glossaires-pierres\/chrysoprase\/\">CHRYSOPRASE<\/a><\/li>\n\n\n\n<li><a href=\"https:\/\/aufildespierres.com\/index.php\/glossaires-pierres\/cornaline\/\">CORNALINE<\/a><\/li>\n\n\n\n<li><a href=\"https:\/\/aufildespierres.com\/index.php\/glossaires-pierres\/cristal-de-roche\/\">CRISTAL DE ROCHE<\/a><\/li>\n\n\n\n<li><a href=\"https:\/\/aufildespierres.com\/index.php\/glossaire\/diopside\/\">DIOPSIDE<\/a><\/li>\n\n\n\n<li><a href=\"https:\/\/aufildespierres.com\/index.php\/glossaire\/dumortierite\/\">DUMORTIERITE<\/a><\/li>\n\n\n\n<li><a href=\"https:\/\/aufildespierres.com\/index.php\/glossaire\/diamant-de-herkimer\/\">DIAMANT DE HERKIMER<\/a><\/li>\n\n\n\n<li><a href=\"https:\/\/aufildespierres.com\/index.php\/glossaires-pierres\/emeraude\/\">EMERAUDE<\/a><\/li>\n\n\n\n<li>EPIDOTE<\/li>\n\n\n\n<li><a href=\"https:\/\/aufildespierres.com\/index.php\/glossaire\/fluorite\/\">FLUORITE<\/a><\/li>\n\n\n\n<li><a href=\"https:\/\/aufildespierres.com\/index.php\/glossaires-pierres\/gabbro\/\">GABBRO<\/a><\/li>\n\n\n\n<li>GARNIERITE<\/li>\n\n\n\n<li><a href=\"https:\/\/aufildespierres.com\/index.php\/glossaire\/grenat\/\">GRENATS<\/a><\/li>\n\n\n\n<li><a href=\"https:\/\/aufildespierres.com\/index.php\/glossaires-pierres\/hematite\/\">HEMATITE<\/a><\/li>\n\n\n\n<li><a href=\"https:\/\/aufildespierres.com\/index.php\/glossaires-pierres\/howlite\/\">HOWLITE<\/a><\/li>\n\n\n\n<li>HELIODORE<\/li>\n\n\n\n<li>HEISHI COQUILLAGE<\/li>\n\n\n\n<li>HYPERSTHENE<\/li>\n\n\n\n<li>IOLITE (CORDIERITE)<\/li>\n\n\n\n<li><a href=\"https:\/\/aufildespierres.com\/index.php\/guide-des-pierres-et-vertus-en-lithotherapie\/jade\/\">JADE<\/a><\/li>\n\n\n\n<li><a href=\"http:\/\/JASPE\">JASPE ( G\u00e9n\u00e9ral ) <\/a><\/li>\n\n\n\n<li>JASPE BUMBLEBEE<\/li>\n\n\n\n<li>JASPE ROUGE <\/li>\n\n\n\n<li>JASPE OCEAN <\/li>\n\n\n\n<li>JASPE KAMBABA<\/li>\n\n\n\n<li>JASPE K2<\/li>\n\n\n\n<li><\/li>\n\n\n\n<li><a href=\"https:\/\/aufildespierres.com\/index.php\/glossaire\/kunzite\/\">KUNZITE<\/a><\/li>\n\n\n\n<li>KYANITE (CYANITE)<\/li>\n\n\n\n<li><a href=\"https:\/\/aufildespierres.com\/index.php\/glossaires-pierres\/labradorite\/\" target=\"_blank\" rel=\"noreferrer noopener\">LABRADORITE<\/a><\/li>\n\n\n\n<li><a href=\"https:\/\/aufildespierres.com\/index.php\/glossaires-pierres\/lapis-lazuli\/\">LAPIS LAZULI<\/a><\/li>\n\n\n\n<li><a href=\"https:\/\/aufildespierres.com\/index.php\/glossaire\/larimar\/\">LARIMAR<\/a><\/li>\n\n\n\n<li>LARVIKITE<\/li>\n\n\n\n<li><a href=\"https:\/\/aufildespierres.com\/index.php\/glossaire\/lepidolite\/\">LEPIDOLITE<\/a><\/li>\n\n\n\n<li>LODOLITE<\/li>\n\n\n\n<li><a href=\"https:\/\/aufildespierres.com\/index.php\/glossaires-pierres\/malachite\/\">MALACHITE<\/a><\/li>\n\n\n\n<li>MAGNESITE<\/li>\n\n\n\n<li><a href=\"https:\/\/aufildespierres.com\/index.php\/guide-des-pierres-et-vertus-en-lithotherapie\/morganite\/\">MORGANITE<\/a><\/li>\n\n\n\n<li><\/li>\n\n\n\n<li>MOLDAVITE<\/li>\n\n\n\n<li>MUSCOVITE<\/li>\n<\/ul>\n<\/div>\n\n\n\n<div class=\"wp-block-column is-layout-flow wp-block-column-is-layout-flow\" style=\"flex-basis:50%\">\n<ul class=\"wp-block-list\">\n<li>NACRE<\/li>\n\n\n\n<li><a href=\"https:\/\/aufildespierres.com\/index.php\/glossaires-pierres\/obsidienne\/\">OBSIDIENNE<\/a> <\/li>\n\n\n\n<li>\u0152IL DE CHAT (CHRYSOBERYL)<\/li>\n\n\n\n<li><a href=\"https:\/\/aufildespierres.com\/index.php\/glossaires-pierres\/oeil-de-faucon\/\">\u0152IL DE FAUCON<\/a><\/li>\n\n\n\n<li>\u0152IL DE FER<\/li>\n\n\n\n<li><a href=\"https:\/\/aufildespierres.com\/index.php\/glossaires-pierres\/oeil-de-taureau\/\">\u0152IL DE TAUREAU<\/a><\/li>\n\n\n\n<li> <a href=\"https:\/\/aufildespierres.com\/index.php\/glossaires-pierres\/oeil-de-tigre\/\">\u0152IL DE TIGRE<\/a><\/li>\n\n\n\n<li><a href=\"https:\/\/aufildespierres.com\/index.php\/glossaire\/oeil-de-sainte-lucie\/\">\u0152IL DE SAINTE LUCIE<\/a><\/li>\n\n\n\n<li>\u0152UF DE YONI<\/li>\n\n\n\n<li><a href=\"https:\/\/aufildespierres.com\/index.php\/glossaires-pierres\/onyx\/\">ONYX NOIR<\/a><\/li>\n\n\n\n<li>OPALE BLEUE<\/li>\n\n\n\n<li>OPALE BOULDER<\/li>\n\n\n\n<li>OPALE&nbsp;ROSE <\/li>\n\n\n\n<li>OPALE VERTE<\/li>\n\n\n\n<li>ORTHOCERAS<\/li>\n\n\n\n<li>PERIDOT<\/li>\n\n\n\n<li><a href=\"https:\/\/aufildespierres.com\/index.php\/glossaire\/peristerite\/\">PERISTERITE<\/a><\/li>\n\n\n\n<li><a href=\"https:\/\/aufildespierres.com\/index.php\/glossaire\/perle-eau-douce\/\">PERLE D\u2019EAU DOUCE<\/a><\/li>\n\n\n\n<li><a href=\"https:\/\/aufildespierres.com\/index.php\/glossaire\/phosphosiderite\/\">PHOSPHOSIDERITE<\/a><\/li>\n\n\n\n<li><a href=\"https:\/\/aufildespierres.com\/index.php\/glossaire\/pierre-de-lave\/\">PIERRE DE LAVE<\/a> <\/li>\n\n\n\n<li><a href=\"https:\/\/aufildespierres.com\/index.php\/glossaires-pierres\/pierre-de-lune\/\" target=\"_blank\" rel=\"noreferrer noopener\">PIERRE DE LUNE<\/a><\/li>\n\n\n\n<li><a href=\"https:\/\/aufildespierres.com\/index.php\/glossaire\/pierre-de-soleil\/\">PIERRE DE SOLEIL ( H\u00e9liolite )<\/a><\/li>\n\n\n\n<li><a href=\"https:\/\/aufildespierres.com\/index.php\/glossaire\/pietersite\/\">PIETERSITE<\/a><\/li>\n\n\n\n<li><a href=\"https:\/\/aufildespierres.com\/index.php\/glossaire\/prehnite\/\">PREHNITE <\/a><\/li>\n\n\n\n<li>PURPURITE<\/li>\n\n\n\n<li> <a href=\"https:\/\/aufildespierres.com\/index.php\/glossaire\/pyrite\/\">PYRITE<\/a><\/li>\n\n\n\n<li><a href=\"https:\/\/aufildespierres.com\/index.php\/glossaires-pierres\/quartz\/\">QUARTZ ROSE<\/a><\/li>\n\n\n\n<li>QUARTZ FRAISE<\/li>\n\n\n\n<li>QUARTZ RUTILE<\/li>\n\n\n\n<li>QUARTZ HEMATOIDE<\/li>\n\n\n\n<li><a href=\"https:\/\/aufildespierres.com\/index.php\/glossaires-pierres\/rhodochrosite\/\">RHODOCHROSITE<\/a><\/li>\n\n\n\n<li> <a href=\"https:\/\/aufildespierres.com\/index.php\/glossaires-pierres\/rhodonite\/\">RHODONITE<\/a><\/li>\n\n\n\n<li><a href=\"https:\/\/aufildespierres.com\/index.php\/glossaire\/rubis\/\">RUBIS<\/a><\/li>\n\n\n\n<li><a href=\"https:\/\/aufildespierres.com\/index.php\/glossaire\/rubis-zoisite\/\">RUBIS ZOISITE<\/a><\/li>\n\n\n\n<li>RYOLITE<\/li>\n\n\n\n<li>SAPHIR<\/li>\n\n\n\n<li>SARDONYX<\/li>\n\n\n\n<li><a href=\"https:\/\/aufildespierres.com\/index.php\/guide-des-pierres-et-vertus-en-lithotherapie\/selenite\/\">SELENITE<\/a><\/li>\n\n\n\n<li>SEPTARIA<\/li>\n\n\n\n<li><a href=\"http:\/\/SERPENTINE\">SERPENTINE<\/a><\/li>\n\n\n\n<li><a href=\"https:\/\/aufildespierres.com\/index.php\/glossaires-pierres\/sodalite\/\">SODALITE<\/a><\/li>\n\n\n\n<li>SHIVA LINGAM<\/li>\n\n\n\n<li><a href=\"https:\/\/aufildespierres.com\/index.php\/glossaire\/shungite\/\">SHUNGITE<\/a><\/li>\n\n\n\n<li><a href=\"https:\/\/aufildespierres.com\/index.php\/glossaire\/spinelle-noir\/\">SPINELLE NOIR<\/a><\/li>\n\n\n\n<li>STICHITE<\/li>\n\n\n\n<li>SUGILITE<\/li>\n\n\n\n<li>SUPER SEVEN<\/li>\n\n\n\n<li>TANZANITE<\/li>\n\n\n\n<li><a href=\"https:\/\/aufildespierres.com\/index.php\/glossaire\/thulite\/\">THULITE ( ou Rosalite ou zoisite rose )<\/a><\/li>\n\n\n\n<li>TOPAZE BLEUE <\/li>\n\n\n\n<li><a href=\"https:\/\/aufildespierres.com\/index.php\/glossaire\/tourmaline\/\">TOURMALINE NOIRE<\/a><\/li>\n\n\n\n<li>TOURMALINE ROSE <\/li>\n\n\n\n<li><a href=\"https:\/\/aufildespierres.com\/index.php\/guide-des-pierres-et-vertus-en-lithotherapie\/oeil-de-chat\/\">TOURMALINE OEIL DE CHAT <\/a><\/li>\n\n\n\n<li><a href=\"https:\/\/aufildespierres.com\/index.php\/guide-des-pierres-et-vertus-en-lithotherapie\/turquoise\/\">TURQUOISE<\/a><\/li>\n\n\n\n<li><a href=\"https:\/\/aufildespierres.com\/index.php\/glossaire\/turquoise-africaine\/\">TURQUOISE AFRICAINE (JASPE)<\/a><\/li>\n\n\n\n<li><a href=\"https:\/\/aufildespierres.com\/index.php\/guide-des-pierres-et-vertus-en-lithotherapie\/unakite\/\">UNAKITE<\/a><\/li>\n\n\n\n<li>VARISCITE<\/li>\n\n\n\n<li>YOOPERLITE<\/li>\n\n\n\n<li>ZIRCON<\/li>\n<\/ul>\n<\/div>\n<\/div>\n\n\n\n<p>Retrouvez notre s\u00e9lection de pierres dans notre&nbsp;<a href=\"https:\/\/aufildespierres.com\/index.php\/shop\/\">boutique<\/a><\/p>\n\n\n\n<p>Suivez nous sur notre groupe&nbsp;<a href=\"https:\/\/www.facebook.com\/groups\/933263570928569\">Facebook<\/a><\/p>\n","protected":false},"excerpt":{"rendered":"<p>Retrouvez notre s\u00e9lection de pierres dans notre&nbsp;boutique Suivez nous sur notre groupe&nbsp;Facebook<\/p>\n","protected":false},"author":1,"featured_media":0,"parent":0,"menu_order":0,"comment_status":"closed","ping_status":"closed","template":"","meta":{"site-sidebar-layout":"default","site-content-layout":"","ast-site-content-layout":"default","site-content-style":"default","site-sidebar-style":"default","ast-global-header-display":"","ast-banner-title-visibility":"","ast-main-header-display":"","ast-hfb-above-header-display":"","ast-hfb-below-header-display":"","ast-hfb-mobile-header-display":"","site-post-title":"","ast-breadcrumbs-content":"","ast-featured-img":"","footer-sml-layout":"","ast-disable-related-posts":"","theme-transparent-header-meta":"","adv-header-id-meta":"","stick-header-meta":"","header-above-stick-meta":"","header-main-stick-meta":"","header-below-stick-meta":"","astra-migrate-meta-layouts":"set","ast-page-background-enabled":"default","ast-page-background-meta":{"desktop":{"background-color":"var(--ast-global-color-4)","background-image":"","background-repeat":"repeat","background-position":"center center","background-size":"auto","background-attachment":"scroll","background-type":"","background-media":"","overlay-type":"","overlay-color":"","overlay-opacity":"","overlay-gradient":""},"tablet":{"background-color":"","background-image":"","background-repeat":"repeat","background-position":"center center","background-size":"auto","background-attachment":"scroll","background-type":"","background-media":"","overlay-type":"","overlay-color":"","overlay-opacity":"","overlay-gradient":""},"mobile":{"background-color":"","background-image":"","background-repeat":"repeat","background-position":"center center","background-size":"auto","background-attachment":"scroll","background-type":"","background-media":"","overlay-type":"","overlay-color":"","overlay-opacity":"","overlay-gradient":""}},"ast-content-background-meta":{"desktop":{"background-color":"var(--ast-global-color-5)","background-image":"","background-repeat":"repeat","background-position":"center center","background-size":"auto","background-attachment":"scroll","background-type":"","background-media":"","overlay-type":"","overlay-color":"","overlay-opacity":"","overlay-gradient":""},"tablet":{"background-color":"var(--ast-global-color-5)","background-image":"","background-repeat":"repeat","background-position":"center center","background-size":"auto","background-attachment":"scroll","background-type":"","background-media":"","overlay-type":"","overlay-color":"","overlay-opacity":"","overlay-gradient":""},"mobile":{"background-color":"var(--ast-global-color-5)","background-image":"","background-repeat":"repeat","background-position":"center center","background-size":"auto","background-attachment":"scroll","background-type":"","background-media":"","overlay-type":"","overlay-color":"","overlay-opacity":"","overlay-gradient":""}},"_glsr_average":0,"_glsr_ranking":0,"_glsr_reviews":0,"footnotes":""},"class_list":["post-77","page","type-page","status-publish","hentry"],"yoast_head":"<!-- This site is optimized with the Yoast SEO plugin v27.5 - https:\/\/yoast.com\/product\/yoast-seo-wordpress\/ -->\n<title>Guide des pierres et vertus en Lithoth\u00e9rapie - Au fil des pierres<\/title>\n<meta name=\"description\" content=\"D\u00e9couvrez notre guide des pierres et des vertus de lithoth\u00e9rapie : vertus et propri\u00e9t\u00e9s pour choisir la pierre qui vous correspond.\" \/>\n<meta name=\"robots\" content=\"index, follow, max-snippet:-1, max-image-preview:large, max-video-preview:-1\" \/>\n<link rel=\"canonical\" href=\"https:\/\/aufildespierres.com\/index.php\/guide-des-pierres-et-vertus-en-lithotherapie\/\" \/>\n<meta property=\"og:locale\" content=\"fr_FR\" \/>\n<meta property=\"og:type\" content=\"article\" \/>\n<meta property=\"og:title\" content=\"Guide des pierres et vertus en Lithoth\u00e9rapie - Au fil des pierres\" \/>\n<meta property=\"og:description\" content=\"D\u00e9couvrez notre guide des pierres et des vertus de lithoth\u00e9rapie : vertus et propri\u00e9t\u00e9s pour choisir la pierre qui vous correspond.\" \/>\n<meta property=\"og:url\" content=\"https:\/\/aufildespierres.com\/index.php\/guide-des-pierres-et-vertus-en-lithotherapie\/\" \/>\n<meta property=\"og:site_name\" content=\"Au fil des pierres\" \/>\n<meta property=\"article:modified_time\" content=\"2026-04-11T19:28:43+00:00\" \/>\n<meta name=\"twitter:card\" content=\"summary_large_image\" \/>\n<meta name=\"twitter:label1\" content=\"Dur\u00e9e de lecture estim\u00e9e\" \/>\n\t<meta name=\"twitter:data1\" content=\"2 minutes\" \/>\n<script type=\"application\/ld+json\" class=\"yoast-schema-graph\">{\"@context\":\"https:\\\/\\\/schema.org\",\"@graph\":[{\"@type\":\"WebPage\",\"@id\":\"https:\\\/\\\/aufildespierres.com\\\/index.php\\\/guide-des-pierres-et-vertus-en-lithotherapie\\\/\",\"url\":\"https:\\\/\\\/aufildespierres.com\\\/index.php\\\/guide-des-pierres-et-vertus-en-lithotherapie\\\/\",\"name\":\"Guide des pierres et vertus en Lithoth\u00e9rapie - Au fil des pierres\",\"isPartOf\":{\"@id\":\"https:\\\/\\\/aufildespierres.com\\\/#website\"},\"datePublished\":\"2023-05-01T05:18:00+00:00\",\"dateModified\":\"2026-04-11T19:28:43+00:00\",\"description\":\"D\u00e9couvrez notre guide des pierres et des vertus de lithoth\u00e9rapie : vertus et propri\u00e9t\u00e9s pour choisir la pierre qui vous correspond.\",\"breadcrumb\":{\"@id\":\"https:\\\/\\\/aufildespierres.com\\\/index.php\\\/guide-des-pierres-et-vertus-en-lithotherapie\\\/#breadcrumb\"},\"inLanguage\":\"fr-FR\",\"potentialAction\":[{\"@type\":\"ReadAction\",\"target\":[\"https:\\\/\\\/aufildespierres.com\\\/index.php\\\/guide-des-pierres-et-vertus-en-lithotherapie\\\/\"]}]},{\"@type\":\"BreadcrumbList\",\"@id\":\"https:\\\/\\\/aufildespierres.com\\\/index.php\\\/guide-des-pierres-et-vertus-en-lithotherapie\\\/#breadcrumb\",\"itemListElement\":[{\"@type\":\"ListItem\",\"position\":1,\"name\":\"Accueil\",\"item\":\"https:\\\/\\\/aufildespierres.com\\\/\"},{\"@type\":\"ListItem\",\"position\":2,\"name\":\"Guide des pierres et vertus en Lithoth\u00e9rapie\"}]},{\"@type\":\"WebSite\",\"@id\":\"https:\\\/\\\/aufildespierres.com\\\/#website\",\"url\":\"https:\\\/\\\/aufildespierres.com\\\/\",\"name\":\"Au fil des pierres\",\"description\":\"Au fil des pierres\",\"publisher\":{\"@id\":\"https:\\\/\\\/aufildespierres.com\\\/#organization\"},\"potentialAction\":[{\"@type\":\"SearchAction\",\"target\":{\"@type\":\"EntryPoint\",\"urlTemplate\":\"https:\\\/\\\/aufildespierres.com\\\/?s={search_term_string}\"},\"query-input\":{\"@type\":\"PropertyValueSpecification\",\"valueRequired\":true,\"valueName\":\"search_term_string\"}}],\"inLanguage\":\"fr-FR\"},{\"@type\":\"Organization\",\"@id\":\"https:\\\/\\\/aufildespierres.com\\\/#organization\",\"name\":\"Au fil des pierres\",\"url\":\"https:\\\/\\\/aufildespierres.com\\\/\",\"logo\":{\"@type\":\"ImageObject\",\"inLanguage\":\"fr-FR\",\"@id\":\"https:\\\/\\\/aufildespierres.com\\\/#\\\/schema\\\/logo\\\/image\\\/\",\"url\":\"https:\\\/\\\/aufildespierres.com\\\/wp-content\\\/uploads\\\/2023\\\/05\\\/cropped-Logo-PNG-Transparent.png\",\"contentUrl\":\"https:\\\/\\\/aufildespierres.com\\\/wp-content\\\/uploads\\\/2023\\\/05\\\/cropped-Logo-PNG-Transparent.png\",\"width\":1776,\"height\":1625,\"caption\":\"Au fil des pierres\"},\"image\":{\"@id\":\"https:\\\/\\\/aufildespierres.com\\\/#\\\/schema\\\/logo\\\/image\\\/\"}}]}<\/script>\n<!-- \/ Yoast SEO plugin. -->","yoast_head_json":{"title":"Guide des pierres et vertus en Lithoth\u00e9rapie - Au fil des pierres","description":"D\u00e9couvrez notre guide des pierres et des vertus de lithoth\u00e9rapie : vertus et propri\u00e9t\u00e9s pour choisir la pierre qui vous correspond.","robots":{"index":"index","follow":"follow","max-snippet":"max-snippet:-1","max-image-preview":"max-image-preview:large","max-video-preview":"max-video-preview:-1"},"canonical":"https:\/\/aufildespierres.com\/index.php\/guide-des-pierres-et-vertus-en-lithotherapie\/","og_locale":"fr_FR","og_type":"article","og_title":"Guide des pierres et vertus en Lithoth\u00e9rapie - Au fil des pierres","og_description":"D\u00e9couvrez notre guide des pierres et des vertus de lithoth\u00e9rapie : vertus et propri\u00e9t\u00e9s pour choisir la pierre qui vous correspond.","og_url":"https:\/\/aufildespierres.com\/index.php\/guide-des-pierres-et-vertus-en-lithotherapie\/","og_site_name":"Au fil des pierres","article_modified_time":"2026-04-11T19:28:43+00:00","twitter_card":"summary_large_image","twitter_misc":{"Dur\u00e9e de lecture estim\u00e9e":"2 minutes"},"schema":{"@context":"https:\/\/schema.org","@graph":[{"@type":"WebPage","@id":"https:\/\/aufildespierres.com\/index.php\/guide-des-pierres-et-vertus-en-lithotherapie\/","url":"https:\/\/aufildespierres.com\/index.php\/guide-des-pierres-et-vertus-en-lithotherapie\/","name":"Guide des pierres et vertus en Lithoth\u00e9rapie - Au fil des pierres","isPartOf":{"@id":"https:\/\/aufildespierres.com\/#website"},"datePublished":"2023-05-01T05:18:00+00:00","dateModified":"2026-04-11T19:28:43+00:00","description":"D\u00e9couvrez notre guide des pierres et des vertus de lithoth\u00e9rapie : vertus et propri\u00e9t\u00e9s pour choisir la pierre qui vous correspond.","breadcrumb":{"@id":"https:\/\/aufildespierres.com\/index.php\/guide-des-pierres-et-vertus-en-lithotherapie\/#breadcrumb"},"inLanguage":"fr-FR","potentialAction":[{"@type":"ReadAction","target":["https:\/\/aufildespierres.com\/index.php\/guide-des-pierres-et-vertus-en-lithotherapie\/"]}]},{"@type":"BreadcrumbList","@id":"https:\/\/aufildespierres.com\/index.php\/guide-des-pierres-et-vertus-en-lithotherapie\/#breadcrumb","itemListElement":[{"@type":"ListItem","position":1,"name":"Accueil","item":"https:\/\/aufildespierres.com\/"},{"@type":"ListItem","position":2,"name":"Guide des pierres et vertus en Lithoth\u00e9rapie"}]},{"@type":"WebSite","@id":"https:\/\/aufildespierres.com\/#website","url":"https:\/\/aufildespierres.com\/","name":"Au fil des pierres","description":"Au fil des pierres","publisher":{"@id":"https:\/\/aufildespierres.com\/#organization"},"potentialAction":[{"@type":"SearchAction","target":{"@type":"EntryPoint","urlTemplate":"https:\/\/aufildespierres.com\/?s={search_term_string}"},"query-input":{"@type":"PropertyValueSpecification","valueRequired":true,"valueName":"search_term_string"}}],"inLanguage":"fr-FR"},{"@type":"Organization","@id":"https:\/\/aufildespierres.com\/#organization","name":"Au fil des pierres","url":"https:\/\/aufildespierres.com\/","logo":{"@type":"ImageObject","inLanguage":"fr-FR","@id":"https:\/\/aufildespierres.com\/#\/schema\/logo\/image\/","url":"https:\/\/aufildespierres.com\/wp-content\/uploads\/2023\/05\/cropped-Logo-PNG-Transparent.png","contentUrl":"https:\/\/aufildespierres.com\/wp-content\/uploads\/2023\/05\/cropped-Logo-PNG-Transparent.png","width":1776,"height":1625,"caption":"Au fil des pierres"},"image":{"@id":"https:\/\/aufildespierres.com\/#\/schema\/logo\/image\/"}}]}},"_links":{"self":[{"href":"https:\/\/aufildespierres.com\/index.php\/wp-json\/wp\/v2\/pages\/77","targetHints":{"allow":["GET"]}}],"collection":[{"href":"https:\/\/aufildespierres.com\/index.php\/wp-json\/wp\/v2\/pages"}],"about":[{"href":"https:\/\/aufildespierres.com\/index.php\/wp-json\/wp\/v2\/types\/page"}],"author":[{"embeddable":true,"href":"https:\/\/aufildespierres.com\/index.php\/wp-json\/wp\/v2\/users\/1"}],"replies":[{"embeddable":true,"href":"https:\/\/aufildespierres.com\/index.php\/wp-json\/wp\/v2\/comments?post=77"}],"version-history":[{"count":108,"href":"https:\/\/aufildespierres.com\/index.php\/wp-json\/wp\/v2\/pages\/77\/revisions"}],"predecessor-version":[{"id":5060,"href":"https:\/\/aufildespierres.com\/index.php\/wp-json\/wp\/v2\/pages\/77\/revisions\/5060"}],"wp:attachment":[{"href":"https:\/\/aufildespierres.com\/index.php\/wp-json\/wp\/v2\/media?parent=77"}],"curies":[{"name":"wp","href":"https:\/\/api.w.org\/{rel}","templated":true}]}}