{"id":1055,"date":"2023-10-24T18:05:23","date_gmt":"2023-10-24T16:05:23","guid":{"rendered":"https:\/\/aufildespierres.com\/?post_type=product&#038;p=1055"},"modified":"2024-09-06T18:48:08","modified_gmt":"2024-09-06T16:48:08","slug":"petit-pendentif-en-cornaline","status":"publish","type":"product","link":"https:\/\/aufildespierres.com\/index.php\/product\/petit-pendentif-en-cornaline\/","title":{"rendered":"Petit pendentif en CORNALINE"},"content":{"rendered":"<p><strong>Petit pendentif en Cornaline\u00a0<\/strong><\/p>\n<p>environ 20 x 20 mm<\/p>\n<p><strong><em>\u00a0<\/em><\/strong><\/p>\n<p><em>\u00a0\u00a0\u00a0\u00a0\u00a0\u00a0\u00a0\u00a0\u00a0\u00a0\u00a0\u00a0\u00a0\u00a0\u00a0\u00a0\u00a0\u00a0\u00a0\u00a0\u00a0\u00a0\u00a0\u00a0\u00a0\u00a0\u00a0\u00a0\u00a0\u00a0\u00a0\u00a0\u00a0\u00a0\u00a0\u00a0\u00a0\u00a0\u00a0\u00a0\u00a0\u00a0\u00a0\u00a0\u00a0\u00a0\u00a0\u00a0\u00a0\u00a0\u00a0\u00a0\u00a0\u00a0\u00a0\u00a0\u00a0\u00a0\u00a0\u00a0\u00a0\u00a0\u00a0\u00a0\u00a0\u00a0\u00a0\u00a0 Cornaline<\/em><\/p>\n<p><em>Pierre pour la femme tout au long de sa vie <\/em><\/p>\n<p><strong>Chakra<\/strong>\u00a0: \u00a0plexus solaire et sacr\u00e9<\/p>\n<p><strong>Purification<\/strong>\u00a0: eau l\u00e9g\u00e8rement sal\u00e9e, sel indirect, terre<\/p>\n<p><strong>Rechargement<\/strong>\u00a0: soleil lune ou g\u00e9ode de quartz<\/p>\n<p><strong>Couleurs \/ variantes<\/strong> : rouge \u00e0 brun, vermillon, orange, rose orang\u00e9<\/p>\n<p>Sa couleur orang\u00e9e chaleureuse aide \u00e0 se sentir de bonne humeur<\/p>\n<p><strong>Signes astrologiques<\/strong>\u00a0: Taureau \u00a0Vierge Scorpion B\u00e9lier<\/p>\n<p><strong>Gisements<\/strong> \u00a0: Br\u00e9sil Inde Madagascar Uruguay<\/p>\n<p><strong>Duret\u00e9<\/strong>\u00a0: 6 1\/2 \u2013 7<\/p>\n<p><strong>Syst\u00e8me cristallin<\/strong>\u00a0: Rhombo\u00e9drique Famille des Agates<\/p>\n<p><em>\u00a0 \u00a0 \u00a0 \u00a0 \u00a0 \u00a0 \u00a0 \u00a0\u00a0<\/em><\/p>\n<p><strong><em>Propri\u00e9t\u00e9s psychiques <\/em><\/strong><\/p>\n<ul>\n<li>Favorise la confiance en soi, aide \u00e0 prendre des initiatives en ayant le sens des responsabilit\u00e9s, elle aide \u00e0 engager de nouvelles perspectives, ne pas rester fig\u00e9 sur une exp\u00e9rience douloureuse. C&rsquo;est un soutien \u00e9nerg\u00e9tique qui aidera \u00e0 avancer.<\/li>\n<\/ul>\n<ul>\n<li>Permet de vivre le moment pr\u00e9sent en nous reliant \u00e0 la terre<\/li>\n<li>Apporte r\u00e9confort et apaisement, acceptation de soi et gestion des \u00e9motions<\/li>\n<\/ul>\n<ul>\n<li>Permet de limiter l&rsquo;agitation mentale pour favoriser un ressenti corporel<\/li>\n<li>Stimule la vitalit\u00e9, concentration, m\u00e9moire et sens des responsabilit\u00e9s<\/li>\n<li>Aide les personnes distraites et confuses \u00e0 trouver un sens \u00e0 leur vie<\/li>\n<li>Dissipe col\u00e8re, jalousie, rancune, peut apaiser des personnes col\u00e9riques ou \u00e9motives<\/li>\n<li>Lib\u00e8re les complexes, aide \u00e0 accepter son corps physique \u00a0stimule la libido et le d\u00e9sir, aide \u00e0 la fertilit\u00e9 et en cas d\u2019envie de f\u00e9condit\u00e9<\/li>\n<\/ul>\n<p><strong>Propri\u00e9t\u00e9s physiques\u00a0: <\/strong><\/p>\n<p>R\u00e9gule l\u2019\u00e9nergie du corps en absorbant les blocages au lieu de les amplifier par rayonnement<\/p>\n<ul>\n<li>Soulage m\u00e9nopause et cycles menstruels, agit sur les ovaires, favorise la f\u00e9condit\u00e9 et diminue les blocages sexuels.<\/li>\n<li>Purifie le sang et les liquides du corps (toxines ),stimule la circulation du sang<\/li>\n<li>Agit sur syst\u00e8me digestif et pulmonaire (asthme, rhume des foins, bronchite, rhume, troubles h\u00e9patiques, colites, maux de ventre \u00a0).<\/li>\n<li>Stimule la circulation sanguine<\/li>\n<\/ul>\n<p>Aphrodisiaque, booste la libido, lib\u00e8re des complexes, stimule le d\u00e9sir en cas de frigidit\u00e9 ou probl\u00e8me d\u2019\u00e9rection .<\/p>\n<p>Att\u00e9nue les souffrances articulaires ,musculaires, tendons, ligaments, arthrite, sciatique,\u00a0 rhumatismes<\/p>\n<p>Cicatrise les plaies et blessures<\/p>\n<p>Porte bonheur \u00e0 l\u2019entr\u00e9e de la maison.<\/p>\n<p>&nbsp;<\/p>\n<p>&nbsp;<\/p>\n<p>&nbsp;<\/p>\n<p>&nbsp;<\/p>\n","protected":false},"excerpt":{"rendered":"<p>Petit pendentif en Cornaline\u00a0 environ 20 x 20 mm \u00a0 \u00a0\u00a0\u00a0\u00a0\u00a0\u00a0\u00a0\u00a0\u00a0\u00a0\u00a0\u00a0\u00a0\u00a0\u00a0\u00a0\u00a0\u00a0\u00a0\u00a0\u00a0\u00a0\u00a0\u00a0\u00a0\u00a0\u00a0\u00a0\u00a0\u00a0\u00a0\u00a0\u00a0\u00a0\u00a0\u00a0\u00a0\u00a0\u00a0\u00a0\u00a0\u00a0\u00a0\u00a0\u00a0\u00a0\u00a0\u00a0\u00a0\u00a0\u00a0\u00a0\u00a0\u00a0\u00a0\u00a0\u00a0\u00a0\u00a0\u00a0\u00a0\u00a0\u00a0\u00a0\u00a0\u00a0\u00a0\u00a0 Cornaline Pierre pour la femme tout au long de sa vie Chakra\u00a0: \u00a0plexus solaire et sacr\u00e9 Purification\u00a0: eau l\u00e9g\u00e8rement sal\u00e9e, sel indirect, terre Rechargement\u00a0: soleil lune ou g\u00e9ode de quartz Couleurs \/ variantes : rouge \u00e0 brun, vermillon, orange, rose orang\u00e9 Sa couleur orang\u00e9e [&hellip;]<\/p>\n","protected":false},"featured_media":1056,"comment_status":"open","ping_status":"closed","template":"","meta":{"site-sidebar-layout":"default","site-content-layout":"","ast-site-content-layout":"default","site-content-style":"default","site-sidebar-style":"default","ast-global-header-display":"","ast-banner-title-visibility":"","ast-main-header-display":"","ast-hfb-above-header-display":"","ast-hfb-below-header-display":"","ast-hfb-mobile-header-display":"","site-post-title":"","ast-breadcrumbs-content":"","ast-featured-img":"","footer-sml-layout":"","ast-disable-related-posts":"","theme-transparent-header-meta":"default","adv-header-id-meta":"","stick-header-meta":"","header-above-stick-meta":"","header-main-stick-meta":"","header-below-stick-meta":"","astra-migrate-meta-layouts":"set","ast-page-background-enabled":"default","ast-page-background-meta":{"desktop":{"background-color":"var(--ast-global-color-4)","background-image":"","background-repeat":"repeat","background-position":"center center","background-size":"auto","background-attachment":"scroll","background-type":"","background-media":"","overlay-type":"","overlay-color":"","overlay-opacity":"","overlay-gradient":""},"tablet":{"background-color":"","background-image":"","background-repeat":"repeat","background-position":"center center","background-size":"auto","background-attachment":"scroll","background-type":"","background-media":"","overlay-type":"","overlay-color":"","overlay-opacity":"","overlay-gradient":""},"mobile":{"background-color":"","background-image":"","background-repeat":"repeat","background-position":"center center","background-size":"auto","background-attachment":"scroll","background-type":"","background-media":"","overlay-type":"","overlay-color":"","overlay-opacity":"","overlay-gradient":""}},"ast-content-background-meta":{"desktop":{"background-color":"var(--ast-global-color-5)","background-image":"","background-repeat":"repeat","background-position":"center center","background-size":"auto","background-attachment":"scroll","background-type":"","background-media":"","overlay-type":"","overlay-color":"","overlay-opacity":"","overlay-gradient":""},"tablet":{"background-color":"var(--ast-global-color-5)","background-image":"","background-repeat":"repeat","background-position":"center center","background-size":"auto","background-attachment":"scroll","background-type":"","background-media":"","overlay-type":"","overlay-color":"","overlay-opacity":"","overlay-gradient":""},"mobile":{"background-color":"var(--ast-global-color-5)","background-image":"","background-repeat":"repeat","background-position":"center center","background-size":"auto","background-attachment":"scroll","background-type":"","background-media":"","overlay-type":"","overlay-color":"","overlay-opacity":"","overlay-gradient":""}},"_glsr_average":0,"_glsr_ranking":0,"_glsr_reviews":0},"product_brand":[],"product_cat":[15],"product_tag":[],"class_list":{"0":"post-1055","1":"product","2":"type-product","3":"status-publish","4":"has-post-thumbnail","6":"product_cat-tout","7":"desktop-align-left","8":"tablet-align-left","9":"mobile-align-left","11":"first","12":"instock","13":"purchasable","14":"product-type-simple"},"yoast_head":"<!-- This site is optimized with the Yoast SEO plugin v27.5 - https:\/\/yoast.com\/product\/yoast-seo-wordpress\/ -->\n<title>Petit pendentif en CORNALINE - Au fil des pierres<\/title>\n<meta name=\"robots\" content=\"index, follow, max-snippet:-1, max-image-preview:large, max-video-preview:-1\" \/>\n<link rel=\"canonical\" href=\"https:\/\/aufildespierres.com\/index.php\/product\/petit-pendentif-en-cornaline\/\" \/>\n<meta property=\"og:locale\" content=\"fr_FR\" \/>\n<meta property=\"og:type\" content=\"article\" \/>\n<meta property=\"og:title\" content=\"Petit pendentif en CORNALINE - Au fil des pierres\" \/>\n<meta property=\"og:description\" content=\"Petit pendentif en Cornaline\u00a0 environ 20 x 20 mm \u00a0 \u00a0\u00a0\u00a0\u00a0\u00a0\u00a0\u00a0\u00a0\u00a0\u00a0\u00a0\u00a0\u00a0\u00a0\u00a0\u00a0\u00a0\u00a0\u00a0\u00a0\u00a0\u00a0\u00a0\u00a0\u00a0\u00a0\u00a0\u00a0\u00a0\u00a0\u00a0\u00a0\u00a0\u00a0\u00a0\u00a0\u00a0\u00a0\u00a0\u00a0\u00a0\u00a0\u00a0\u00a0\u00a0\u00a0\u00a0\u00a0\u00a0\u00a0\u00a0\u00a0\u00a0\u00a0\u00a0\u00a0\u00a0\u00a0\u00a0\u00a0\u00a0\u00a0\u00a0\u00a0\u00a0\u00a0\u00a0\u00a0 Cornaline Pierre pour la femme tout au long de sa vie Chakra\u00a0: \u00a0plexus solaire et sacr\u00e9 Purification\u00a0: eau l\u00e9g\u00e8rement sal\u00e9e, sel indirect, terre Rechargement\u00a0: soleil lune ou g\u00e9ode de quartz Couleurs \/ variantes : rouge \u00e0 brun, vermillon, orange, rose orang\u00e9 Sa couleur orang\u00e9e [&hellip;]\" \/>\n<meta property=\"og:url\" content=\"https:\/\/aufildespierres.com\/index.php\/product\/petit-pendentif-en-cornaline\/\" \/>\n<meta property=\"og:site_name\" content=\"Au fil des pierres\" \/>\n<meta property=\"article:modified_time\" content=\"2024-09-06T16:48:08+00:00\" \/>\n<meta property=\"og:image\" content=\"https:\/\/aufildespierres.com\/wp-content\/uploads\/2023\/10\/20231012_145925.jpg\" \/>\n\t<meta property=\"og:image:width\" content=\"1657\" \/>\n\t<meta property=\"og:image:height\" content=\"1892\" \/>\n\t<meta property=\"og:image:type\" content=\"image\/jpeg\" \/>\n<meta name=\"twitter:card\" content=\"summary_large_image\" \/>\n<meta name=\"twitter:label1\" content=\"Dur\u00e9e de lecture estim\u00e9e\" \/>\n\t<meta name=\"twitter:data1\" content=\"2 minutes\" \/>\n<script type=\"application\/ld+json\" class=\"yoast-schema-graph\">{\"@context\":\"https:\\\/\\\/schema.org\",\"@graph\":[{\"@type\":\"WebPage\",\"@id\":\"https:\\\/\\\/aufildespierres.com\\\/index.php\\\/product\\\/petit-pendentif-en-cornaline\\\/\",\"url\":\"https:\\\/\\\/aufildespierres.com\\\/index.php\\\/product\\\/petit-pendentif-en-cornaline\\\/\",\"name\":\"Petit pendentif en CORNALINE - Au fil des pierres\",\"isPartOf\":{\"@id\":\"https:\\\/\\\/aufildespierres.com\\\/#website\"},\"primaryImageOfPage\":{\"@id\":\"https:\\\/\\\/aufildespierres.com\\\/index.php\\\/product\\\/petit-pendentif-en-cornaline\\\/#primaryimage\"},\"image\":{\"@id\":\"https:\\\/\\\/aufildespierres.com\\\/index.php\\\/product\\\/petit-pendentif-en-cornaline\\\/#primaryimage\"},\"thumbnailUrl\":\"https:\\\/\\\/aufildespierres.com\\\/wp-content\\\/uploads\\\/2023\\\/10\\\/20231012_145925.jpg\",\"datePublished\":\"2023-10-24T16:05:23+00:00\",\"dateModified\":\"2024-09-06T16:48:08+00:00\",\"breadcrumb\":{\"@id\":\"https:\\\/\\\/aufildespierres.com\\\/index.php\\\/product\\\/petit-pendentif-en-cornaline\\\/#breadcrumb\"},\"inLanguage\":\"fr-FR\",\"potentialAction\":[{\"@type\":\"ReadAction\",\"target\":[\"https:\\\/\\\/aufildespierres.com\\\/index.php\\\/product\\\/petit-pendentif-en-cornaline\\\/\"]}]},{\"@type\":\"ImageObject\",\"inLanguage\":\"fr-FR\",\"@id\":\"https:\\\/\\\/aufildespierres.com\\\/index.php\\\/product\\\/petit-pendentif-en-cornaline\\\/#primaryimage\",\"url\":\"https:\\\/\\\/aufildespierres.com\\\/wp-content\\\/uploads\\\/2023\\\/10\\\/20231012_145925.jpg\",\"contentUrl\":\"https:\\\/\\\/aufildespierres.com\\\/wp-content\\\/uploads\\\/2023\\\/10\\\/20231012_145925.jpg\",\"width\":1657,\"height\":1892},{\"@type\":\"BreadcrumbList\",\"@id\":\"https:\\\/\\\/aufildespierres.com\\\/index.php\\\/product\\\/petit-pendentif-en-cornaline\\\/#breadcrumb\",\"itemListElement\":[{\"@type\":\"ListItem\",\"position\":1,\"name\":\"Accueil\",\"item\":\"https:\\\/\\\/aufildespierres.com\\\/\"},{\"@type\":\"ListItem\",\"position\":2,\"name\":\"Boutique de Lithoth\u00e9rapie\",\"item\":\"https:\\\/\\\/aufildespierres.com\\\/index.php\\\/boutique-de-lithotherapie\\\/\"},{\"@type\":\"ListItem\",\"position\":3,\"name\":\"Petit pendentif en CORNALINE\"}]},{\"@type\":\"WebSite\",\"@id\":\"https:\\\/\\\/aufildespierres.com\\\/#website\",\"url\":\"https:\\\/\\\/aufildespierres.com\\\/\",\"name\":\"Au fil des pierres\",\"description\":\"Au fil des pierres\",\"publisher\":{\"@id\":\"https:\\\/\\\/aufildespierres.com\\\/#organization\"},\"potentialAction\":[{\"@type\":\"SearchAction\",\"target\":{\"@type\":\"EntryPoint\",\"urlTemplate\":\"https:\\\/\\\/aufildespierres.com\\\/?s={search_term_string}\"},\"query-input\":{\"@type\":\"PropertyValueSpecification\",\"valueRequired\":true,\"valueName\":\"search_term_string\"}}],\"inLanguage\":\"fr-FR\"},{\"@type\":\"Organization\",\"@id\":\"https:\\\/\\\/aufildespierres.com\\\/#organization\",\"name\":\"Au fil des pierres\",\"url\":\"https:\\\/\\\/aufildespierres.com\\\/\",\"logo\":{\"@type\":\"ImageObject\",\"inLanguage\":\"fr-FR\",\"@id\":\"https:\\\/\\\/aufildespierres.com\\\/#\\\/schema\\\/logo\\\/image\\\/\",\"url\":\"https:\\\/\\\/aufildespierres.com\\\/wp-content\\\/uploads\\\/2023\\\/05\\\/cropped-Logo-PNG-Transparent.png\",\"contentUrl\":\"https:\\\/\\\/aufildespierres.com\\\/wp-content\\\/uploads\\\/2023\\\/05\\\/cropped-Logo-PNG-Transparent.png\",\"width\":1776,\"height\":1625,\"caption\":\"Au fil des pierres\"},\"image\":{\"@id\":\"https:\\\/\\\/aufildespierres.com\\\/#\\\/schema\\\/logo\\\/image\\\/\"}}]}<\/script>\n<!-- \/ Yoast SEO plugin. -->","yoast_head_json":{"title":"Petit pendentif en CORNALINE - Au fil des pierres","robots":{"index":"index","follow":"follow","max-snippet":"max-snippet:-1","max-image-preview":"max-image-preview:large","max-video-preview":"max-video-preview:-1"},"canonical":"https:\/\/aufildespierres.com\/index.php\/product\/petit-pendentif-en-cornaline\/","og_locale":"fr_FR","og_type":"article","og_title":"Petit pendentif en CORNALINE - Au fil des pierres","og_description":"Petit pendentif en Cornaline\u00a0 environ 20 x 20 mm \u00a0 \u00a0\u00a0\u00a0\u00a0\u00a0\u00a0\u00a0\u00a0\u00a0\u00a0\u00a0\u00a0\u00a0\u00a0\u00a0\u00a0\u00a0\u00a0\u00a0\u00a0\u00a0\u00a0\u00a0\u00a0\u00a0\u00a0\u00a0\u00a0\u00a0\u00a0\u00a0\u00a0\u00a0\u00a0\u00a0\u00a0\u00a0\u00a0\u00a0\u00a0\u00a0\u00a0\u00a0\u00a0\u00a0\u00a0\u00a0\u00a0\u00a0\u00a0\u00a0\u00a0\u00a0\u00a0\u00a0\u00a0\u00a0\u00a0\u00a0\u00a0\u00a0\u00a0\u00a0\u00a0\u00a0\u00a0\u00a0\u00a0 Cornaline Pierre pour la femme tout au long de sa vie Chakra\u00a0: \u00a0plexus solaire et sacr\u00e9 Purification\u00a0: eau l\u00e9g\u00e8rement sal\u00e9e, sel indirect, terre Rechargement\u00a0: soleil lune ou g\u00e9ode de quartz Couleurs \/ variantes : rouge \u00e0 brun, vermillon, orange, rose orang\u00e9 Sa couleur orang\u00e9e [&hellip;]","og_url":"https:\/\/aufildespierres.com\/index.php\/product\/petit-pendentif-en-cornaline\/","og_site_name":"Au fil des pierres","article_modified_time":"2024-09-06T16:48:08+00:00","og_image":[{"width":1657,"height":1892,"url":"https:\/\/aufildespierres.com\/wp-content\/uploads\/2023\/10\/20231012_145925.jpg","type":"image\/jpeg"}],"twitter_card":"summary_large_image","twitter_misc":{"Dur\u00e9e de lecture estim\u00e9e":"2 minutes"},"schema":{"@context":"https:\/\/schema.org","@graph":[{"@type":"WebPage","@id":"https:\/\/aufildespierres.com\/index.php\/product\/petit-pendentif-en-cornaline\/","url":"https:\/\/aufildespierres.com\/index.php\/product\/petit-pendentif-en-cornaline\/","name":"Petit pendentif en CORNALINE - Au fil des pierres","isPartOf":{"@id":"https:\/\/aufildespierres.com\/#website"},"primaryImageOfPage":{"@id":"https:\/\/aufildespierres.com\/index.php\/product\/petit-pendentif-en-cornaline\/#primaryimage"},"image":{"@id":"https:\/\/aufildespierres.com\/index.php\/product\/petit-pendentif-en-cornaline\/#primaryimage"},"thumbnailUrl":"https:\/\/aufildespierres.com\/wp-content\/uploads\/2023\/10\/20231012_145925.jpg","datePublished":"2023-10-24T16:05:23+00:00","dateModified":"2024-09-06T16:48:08+00:00","breadcrumb":{"@id":"https:\/\/aufildespierres.com\/index.php\/product\/petit-pendentif-en-cornaline\/#breadcrumb"},"inLanguage":"fr-FR","potentialAction":[{"@type":"ReadAction","target":["https:\/\/aufildespierres.com\/index.php\/product\/petit-pendentif-en-cornaline\/"]}]},{"@type":"ImageObject","inLanguage":"fr-FR","@id":"https:\/\/aufildespierres.com\/index.php\/product\/petit-pendentif-en-cornaline\/#primaryimage","url":"https:\/\/aufildespierres.com\/wp-content\/uploads\/2023\/10\/20231012_145925.jpg","contentUrl":"https:\/\/aufildespierres.com\/wp-content\/uploads\/2023\/10\/20231012_145925.jpg","width":1657,"height":1892},{"@type":"BreadcrumbList","@id":"https:\/\/aufildespierres.com\/index.php\/product\/petit-pendentif-en-cornaline\/#breadcrumb","itemListElement":[{"@type":"ListItem","position":1,"name":"Accueil","item":"https:\/\/aufildespierres.com\/"},{"@type":"ListItem","position":2,"name":"Boutique de Lithoth\u00e9rapie","item":"https:\/\/aufildespierres.com\/index.php\/boutique-de-lithotherapie\/"},{"@type":"ListItem","position":3,"name":"Petit pendentif en CORNALINE"}]},{"@type":"WebSite","@id":"https:\/\/aufildespierres.com\/#website","url":"https:\/\/aufildespierres.com\/","name":"Au fil des pierres","description":"Au fil des pierres","publisher":{"@id":"https:\/\/aufildespierres.com\/#organization"},"potentialAction":[{"@type":"SearchAction","target":{"@type":"EntryPoint","urlTemplate":"https:\/\/aufildespierres.com\/?s={search_term_string}"},"query-input":{"@type":"PropertyValueSpecification","valueRequired":true,"valueName":"search_term_string"}}],"inLanguage":"fr-FR"},{"@type":"Organization","@id":"https:\/\/aufildespierres.com\/#organization","name":"Au fil des pierres","url":"https:\/\/aufildespierres.com\/","logo":{"@type":"ImageObject","inLanguage":"fr-FR","@id":"https:\/\/aufildespierres.com\/#\/schema\/logo\/image\/","url":"https:\/\/aufildespierres.com\/wp-content\/uploads\/2023\/05\/cropped-Logo-PNG-Transparent.png","contentUrl":"https:\/\/aufildespierres.com\/wp-content\/uploads\/2023\/05\/cropped-Logo-PNG-Transparent.png","width":1776,"height":1625,"caption":"Au fil des pierres"},"image":{"@id":"https:\/\/aufildespierres.com\/#\/schema\/logo\/image\/"}}]}},"_links":{"self":[{"href":"https:\/\/aufildespierres.com\/index.php\/wp-json\/wp\/v2\/product\/1055","targetHints":{"allow":["GET"]}}],"collection":[{"href":"https:\/\/aufildespierres.com\/index.php\/wp-json\/wp\/v2\/product"}],"about":[{"href":"https:\/\/aufildespierres.com\/index.php\/wp-json\/wp\/v2\/types\/product"}],"replies":[{"embeddable":true,"href":"https:\/\/aufildespierres.com\/index.php\/wp-json\/wp\/v2\/comments?post=1055"}],"wp:featuredmedia":[{"embeddable":true,"href":"https:\/\/aufildespierres.com\/index.php\/wp-json\/wp\/v2\/media\/1056"}],"wp:attachment":[{"href":"https:\/\/aufildespierres.com\/index.php\/wp-json\/wp\/v2\/media?parent=1055"}],"wp:term":[{"taxonomy":"product_brand","embeddable":true,"href":"https:\/\/aufildespierres.com\/index.php\/wp-json\/wp\/v2\/product_brand?post=1055"},{"taxonomy":"product_cat","embeddable":true,"href":"https:\/\/aufildespierres.com\/index.php\/wp-json\/wp\/v2\/product_cat?post=1055"},{"taxonomy":"product_tag","embeddable":true,"href":"https:\/\/aufildespierres.com\/index.php\/wp-json\/wp\/v2\/product_tag?post=1055"}],"curies":[{"name":"wp","href":"https:\/\/api.w.org\/{rel}","templated":true}]}}