{"id":1121,"date":"2023-11-05T20:07:53","date_gmt":"2023-11-05T19:07:53","guid":{"rendered":"https:\/\/aufildespierres.com\/?post_type=product&#038;p=1121"},"modified":"2024-09-06T18:48:07","modified_gmt":"2024-09-06T16:48:07","slug":"septaria-sauvage","status":"publish","type":"product","link":"https:\/\/aufildespierres.com\/index.php\/product\/septaria-sauvage\/","title":{"rendered":"SEPTARIA SAUVAGE"},"content":{"rendered":"<p>Septaria dite sauvage dans son oeuf<\/p>\n<p>Poids 454 grammes<\/p>\n<p>L&rsquo;envoi est bien prot\u00e9g\u00e9 et effectu\u00e9 en suivi<\/p>\n<p><strong><u>SEPTARIA\u00a0 ou pierre du dragon <\/u><\/strong><\/p>\n<p>Chakra racine et plexus<\/p>\n<p>Purification : palo santo, sauge blanche, eau<\/p>\n<p>Recharge : soleil doux\u00a0 ou g\u00e9ode de quartz<\/p>\n<p>Pierre qui porte en elle l\u2019origine du monde et le lien \u00e0 la Terre<\/p>\n<p>Elle sert \u00e0 lier le corps physique et la Terre pour soigner les blessures de l\u2019\u00e2me de l\u2019enfance en accord entre corps et esprit<\/p>\n<p>Transforme les peurs en \u00e9nergie<\/p>\n<p>Aide \u00e0 un travail de conscience qui lib\u00e8re les automatismes, l\u2019\u00e9motionnel et les m\u00e9moires du pass\u00e9<\/p>\n<p>Favorise le d\u00e9gagement en profondeur des barrages \u00e9motionnels en les ramenant \u00e0 la surface<\/p>\n<p>Favorise maitrise de soi, contr\u00f4le et donne le courage et la force d\u2019avancer et de prendre sa vie en main<\/p>\n<p>Evite le d\u00e9ni et les refoulements<\/p>\n<p>Apporte l\u2019\u00e9nergie du renouveau et incite \u00e0 un nouveau d\u00e9part<\/p>\n<p>Calme les \u00e9motions et am\u00e9liore la communication avec les autres<\/p>\n<p>Utile aux m\u00e9ditations, aide \u00e0 se mettre en lien avec les vies ant\u00e9rieures<\/p>\n<p>Permet d\u2019\u00e9lever ses pens\u00e9es tout en gardant un accrochage au sol (ancrage)<\/p>\n<p>Favorise estime de soi et confiance, diminue frustrations et d\u00e9couragement.<\/p>\n<p>Soutient les os, muscles dents<\/p>\n<p>R\u00e9gule les troubles du sommeil et cauchemars, la septaria peut se placer dans une chambre si on se sent bien avec pendant le sommeil<\/p>\n<p>Aide \u00e0 d\u00e9crypter les messages pendant le sommeil pour trouver des r\u00e9ponses \u00e0 nos questions.<\/p>\n<p>&nbsp;<\/p>\n<p><img loading=\"lazy\" decoding=\"async\" class=\"alignnone size-medium wp-image-1128\" src=\"https:\/\/aufildespierres.com\/wp-content\/uploads\/2023\/11\/20231105_161249-216x300.jpg\" alt=\"\" width=\"216\" height=\"300\" \/> <img loading=\"lazy\" decoding=\"async\" class=\"alignnone size-medium wp-image-1127\" src=\"https:\/\/aufildespierres.com\/wp-content\/uploads\/2023\/11\/20231105_161244-186x300.jpg\" alt=\"\" width=\"186\" height=\"300\" \/><\/p>\n","protected":false},"excerpt":{"rendered":"<p>Septaria dite sauvage dans son oeuf Poids 454 grammes L&rsquo;envoi est bien prot\u00e9g\u00e9 et effectu\u00e9 en suivi SEPTARIA\u00a0 ou pierre du dragon Chakra racine et plexus Purification : palo santo, sauge blanche, eau Recharge : soleil doux\u00a0 ou g\u00e9ode de quartz Pierre qui porte en elle l\u2019origine du monde et le lien \u00e0 la Terre [&hellip;]<\/p>\n","protected":false},"featured_media":0,"comment_status":"open","ping_status":"closed","template":"","meta":{"site-sidebar-layout":"default","site-content-layout":"","ast-site-content-layout":"default","site-content-style":"default","site-sidebar-style":"default","ast-global-header-display":"","ast-banner-title-visibility":"","ast-main-header-display":"","ast-hfb-above-header-display":"","ast-hfb-below-header-display":"","ast-hfb-mobile-header-display":"","site-post-title":"","ast-breadcrumbs-content":"","ast-featured-img":"","footer-sml-layout":"","ast-disable-related-posts":"","theme-transparent-header-meta":"default","adv-header-id-meta":"","stick-header-meta":"","header-above-stick-meta":"","header-main-stick-meta":"","header-below-stick-meta":"","astra-migrate-meta-layouts":"set","ast-page-background-enabled":"default","ast-page-background-meta":{"desktop":{"background-color":"var(--ast-global-color-4)","background-image":"","background-repeat":"repeat","background-position":"center center","background-size":"auto","background-attachment":"scroll","background-type":"","background-media":"","overlay-type":"","overlay-color":"","overlay-opacity":"","overlay-gradient":""},"tablet":{"background-color":"","background-image":"","background-repeat":"repeat","background-position":"center center","background-size":"auto","background-attachment":"scroll","background-type":"","background-media":"","overlay-type":"","overlay-color":"","overlay-opacity":"","overlay-gradient":""},"mobile":{"background-color":"","background-image":"","background-repeat":"repeat","background-position":"center center","background-size":"auto","background-attachment":"scroll","background-type":"","background-media":"","overlay-type":"","overlay-color":"","overlay-opacity":"","overlay-gradient":""}},"ast-content-background-meta":{"desktop":{"background-color":"var(--ast-global-color-5)","background-image":"","background-repeat":"repeat","background-position":"center center","background-size":"auto","background-attachment":"scroll","background-type":"","background-media":"","overlay-type":"","overlay-color":"","overlay-opacity":"","overlay-gradient":""},"tablet":{"background-color":"var(--ast-global-color-5)","background-image":"","background-repeat":"repeat","background-position":"center center","background-size":"auto","background-attachment":"scroll","background-type":"","background-media":"","overlay-type":"","overlay-color":"","overlay-opacity":"","overlay-gradient":""},"mobile":{"background-color":"var(--ast-global-color-5)","background-image":"","background-repeat":"repeat","background-position":"center center","background-size":"auto","background-attachment":"scroll","background-type":"","background-media":"","overlay-type":"","overlay-color":"","overlay-opacity":"","overlay-gradient":""}},"_glsr_average":0,"_glsr_ranking":0,"_glsr_reviews":0},"product_brand":[],"product_cat":[123,49,30,66,31,176],"product_tag":[],"class_list":{"0":"post-1121","1":"product","2":"type-product","3":"status-publish","5":"product_cat-ancrage-et-determination","6":"product_cat-confiance-en-soi","7":"product_cat-mineraux","8":"product_cat-noir","9":"product_cat-pierres-brutes","10":"product_cat-septaria","11":"desktop-align-left","12":"tablet-align-left","13":"mobile-align-left","15":"first","16":"outofstock","17":"purchasable","18":"product-type-simple"},"yoast_head":"<!-- This site is optimized with the Yoast SEO plugin v27.3 - https:\/\/yoast.com\/product\/yoast-seo-wordpress\/ -->\n<title>SEPTARIA SAUVAGE - Au fil des pierres<\/title>\n<meta name=\"robots\" content=\"index, follow, max-snippet:-1, max-image-preview:large, max-video-preview:-1\" \/>\n<link rel=\"canonical\" href=\"https:\/\/aufildespierres.com\/index.php\/product\/septaria-sauvage\/\" \/>\n<meta property=\"og:locale\" content=\"fr_FR\" \/>\n<meta property=\"og:type\" content=\"article\" \/>\n<meta property=\"og:title\" content=\"SEPTARIA SAUVAGE - Au fil des pierres\" \/>\n<meta property=\"og:description\" content=\"Septaria dite sauvage dans son oeuf Poids 454 grammes L&rsquo;envoi est bien prot\u00e9g\u00e9 et effectu\u00e9 en suivi SEPTARIA\u00a0 ou pierre du dragon Chakra racine et plexus Purification : palo santo, sauge blanche, eau Recharge : soleil doux\u00a0 ou g\u00e9ode de quartz Pierre qui porte en elle l\u2019origine du monde et le lien \u00e0 la Terre [&hellip;]\" \/>\n<meta property=\"og:url\" content=\"https:\/\/aufildespierres.com\/index.php\/product\/septaria-sauvage\/\" \/>\n<meta property=\"og:site_name\" content=\"Au fil des pierres\" \/>\n<meta property=\"article:modified_time\" content=\"2024-09-06T16:48:07+00:00\" \/>\n<meta property=\"og:image\" content=\"http:\/\/aufildespierres.com\/wp-content\/uploads\/2023\/11\/20231105_161249-216x300.jpg\" \/>\n<meta name=\"twitter:card\" content=\"summary_large_image\" \/>\n<meta name=\"twitter:label1\" content=\"Dur\u00e9e de lecture estim\u00e9e\" \/>\n\t<meta name=\"twitter:data1\" content=\"1 minute\" \/>\n<script type=\"application\/ld+json\" class=\"yoast-schema-graph\">{\"@context\":\"https:\\\/\\\/schema.org\",\"@graph\":[{\"@type\":\"WebPage\",\"@id\":\"https:\\\/\\\/aufildespierres.com\\\/index.php\\\/product\\\/septaria-sauvage\\\/\",\"url\":\"https:\\\/\\\/aufildespierres.com\\\/index.php\\\/product\\\/septaria-sauvage\\\/\",\"name\":\"SEPTARIA SAUVAGE - Au fil des pierres\",\"isPartOf\":{\"@id\":\"https:\\\/\\\/aufildespierres.com\\\/#website\"},\"primaryImageOfPage\":{\"@id\":\"https:\\\/\\\/aufildespierres.com\\\/index.php\\\/product\\\/septaria-sauvage\\\/#primaryimage\"},\"image\":{\"@id\":\"https:\\\/\\\/aufildespierres.com\\\/index.php\\\/product\\\/septaria-sauvage\\\/#primaryimage\"},\"thumbnailUrl\":\"http:\\\/\\\/aufildespierres.com\\\/wp-content\\\/uploads\\\/2023\\\/11\\\/20231105_161249-216x300.jpg\",\"datePublished\":\"2023-11-05T19:07:53+00:00\",\"dateModified\":\"2024-09-06T16:48:07+00:00\",\"breadcrumb\":{\"@id\":\"https:\\\/\\\/aufildespierres.com\\\/index.php\\\/product\\\/septaria-sauvage\\\/#breadcrumb\"},\"inLanguage\":\"fr-FR\",\"potentialAction\":[{\"@type\":\"ReadAction\",\"target\":[\"https:\\\/\\\/aufildespierres.com\\\/index.php\\\/product\\\/septaria-sauvage\\\/\"]}]},{\"@type\":\"ImageObject\",\"inLanguage\":\"fr-FR\",\"@id\":\"https:\\\/\\\/aufildespierres.com\\\/index.php\\\/product\\\/septaria-sauvage\\\/#primaryimage\",\"url\":\"http:\\\/\\\/aufildespierres.com\\\/wp-content\\\/uploads\\\/2023\\\/11\\\/20231105_161249-216x300.jpg\",\"contentUrl\":\"http:\\\/\\\/aufildespierres.com\\\/wp-content\\\/uploads\\\/2023\\\/11\\\/20231105_161249-216x300.jpg\"},{\"@type\":\"BreadcrumbList\",\"@id\":\"https:\\\/\\\/aufildespierres.com\\\/index.php\\\/product\\\/septaria-sauvage\\\/#breadcrumb\",\"itemListElement\":[{\"@type\":\"ListItem\",\"position\":1,\"name\":\"Accueil\",\"item\":\"https:\\\/\\\/aufildespierres.com\\\/\"},{\"@type\":\"ListItem\",\"position\":2,\"name\":\"Boutique de Lithoth\u00e9rapie\",\"item\":\"https:\\\/\\\/aufildespierres.com\\\/index.php\\\/boutique-de-lithotherapie\\\/\"},{\"@type\":\"ListItem\",\"position\":3,\"name\":\"SEPTARIA SAUVAGE\"}]},{\"@type\":\"WebSite\",\"@id\":\"https:\\\/\\\/aufildespierres.com\\\/#website\",\"url\":\"https:\\\/\\\/aufildespierres.com\\\/\",\"name\":\"Au fil des pierres\",\"description\":\"Au fil des pierres\",\"publisher\":{\"@id\":\"https:\\\/\\\/aufildespierres.com\\\/#organization\"},\"potentialAction\":[{\"@type\":\"SearchAction\",\"target\":{\"@type\":\"EntryPoint\",\"urlTemplate\":\"https:\\\/\\\/aufildespierres.com\\\/?s={search_term_string}\"},\"query-input\":{\"@type\":\"PropertyValueSpecification\",\"valueRequired\":true,\"valueName\":\"search_term_string\"}}],\"inLanguage\":\"fr-FR\"},{\"@type\":\"Organization\",\"@id\":\"https:\\\/\\\/aufildespierres.com\\\/#organization\",\"name\":\"Au fil des pierres\",\"url\":\"https:\\\/\\\/aufildespierres.com\\\/\",\"logo\":{\"@type\":\"ImageObject\",\"inLanguage\":\"fr-FR\",\"@id\":\"https:\\\/\\\/aufildespierres.com\\\/#\\\/schema\\\/logo\\\/image\\\/\",\"url\":\"https:\\\/\\\/aufildespierres.com\\\/wp-content\\\/uploads\\\/2023\\\/05\\\/cropped-Logo-PNG-Transparent.png\",\"contentUrl\":\"https:\\\/\\\/aufildespierres.com\\\/wp-content\\\/uploads\\\/2023\\\/05\\\/cropped-Logo-PNG-Transparent.png\",\"width\":1776,\"height\":1625,\"caption\":\"Au fil des pierres\"},\"image\":{\"@id\":\"https:\\\/\\\/aufildespierres.com\\\/#\\\/schema\\\/logo\\\/image\\\/\"}}]}<\/script>\n<!-- \/ Yoast SEO plugin. -->","yoast_head_json":{"title":"SEPTARIA SAUVAGE - Au fil des pierres","robots":{"index":"index","follow":"follow","max-snippet":"max-snippet:-1","max-image-preview":"max-image-preview:large","max-video-preview":"max-video-preview:-1"},"canonical":"https:\/\/aufildespierres.com\/index.php\/product\/septaria-sauvage\/","og_locale":"fr_FR","og_type":"article","og_title":"SEPTARIA SAUVAGE - Au fil des pierres","og_description":"Septaria dite sauvage dans son oeuf Poids 454 grammes L&rsquo;envoi est bien prot\u00e9g\u00e9 et effectu\u00e9 en suivi SEPTARIA\u00a0 ou pierre du dragon Chakra racine et plexus Purification : palo santo, sauge blanche, eau Recharge : soleil doux\u00a0 ou g\u00e9ode de quartz Pierre qui porte en elle l\u2019origine du monde et le lien \u00e0 la Terre [&hellip;]","og_url":"https:\/\/aufildespierres.com\/index.php\/product\/septaria-sauvage\/","og_site_name":"Au fil des pierres","article_modified_time":"2024-09-06T16:48:07+00:00","og_image":[{"url":"http:\/\/aufildespierres.com\/wp-content\/uploads\/2023\/11\/20231105_161249-216x300.jpg","type":"","width":"","height":""}],"twitter_card":"summary_large_image","twitter_misc":{"Dur\u00e9e de lecture estim\u00e9e":"1 minute"},"schema":{"@context":"https:\/\/schema.org","@graph":[{"@type":"WebPage","@id":"https:\/\/aufildespierres.com\/index.php\/product\/septaria-sauvage\/","url":"https:\/\/aufildespierres.com\/index.php\/product\/septaria-sauvage\/","name":"SEPTARIA SAUVAGE - Au fil des pierres","isPartOf":{"@id":"https:\/\/aufildespierres.com\/#website"},"primaryImageOfPage":{"@id":"https:\/\/aufildespierres.com\/index.php\/product\/septaria-sauvage\/#primaryimage"},"image":{"@id":"https:\/\/aufildespierres.com\/index.php\/product\/septaria-sauvage\/#primaryimage"},"thumbnailUrl":"http:\/\/aufildespierres.com\/wp-content\/uploads\/2023\/11\/20231105_161249-216x300.jpg","datePublished":"2023-11-05T19:07:53+00:00","dateModified":"2024-09-06T16:48:07+00:00","breadcrumb":{"@id":"https:\/\/aufildespierres.com\/index.php\/product\/septaria-sauvage\/#breadcrumb"},"inLanguage":"fr-FR","potentialAction":[{"@type":"ReadAction","target":["https:\/\/aufildespierres.com\/index.php\/product\/septaria-sauvage\/"]}]},{"@type":"ImageObject","inLanguage":"fr-FR","@id":"https:\/\/aufildespierres.com\/index.php\/product\/septaria-sauvage\/#primaryimage","url":"http:\/\/aufildespierres.com\/wp-content\/uploads\/2023\/11\/20231105_161249-216x300.jpg","contentUrl":"http:\/\/aufildespierres.com\/wp-content\/uploads\/2023\/11\/20231105_161249-216x300.jpg"},{"@type":"BreadcrumbList","@id":"https:\/\/aufildespierres.com\/index.php\/product\/septaria-sauvage\/#breadcrumb","itemListElement":[{"@type":"ListItem","position":1,"name":"Accueil","item":"https:\/\/aufildespierres.com\/"},{"@type":"ListItem","position":2,"name":"Boutique de Lithoth\u00e9rapie","item":"https:\/\/aufildespierres.com\/index.php\/boutique-de-lithotherapie\/"},{"@type":"ListItem","position":3,"name":"SEPTARIA SAUVAGE"}]},{"@type":"WebSite","@id":"https:\/\/aufildespierres.com\/#website","url":"https:\/\/aufildespierres.com\/","name":"Au fil des pierres","description":"Au fil des pierres","publisher":{"@id":"https:\/\/aufildespierres.com\/#organization"},"potentialAction":[{"@type":"SearchAction","target":{"@type":"EntryPoint","urlTemplate":"https:\/\/aufildespierres.com\/?s={search_term_string}"},"query-input":{"@type":"PropertyValueSpecification","valueRequired":true,"valueName":"search_term_string"}}],"inLanguage":"fr-FR"},{"@type":"Organization","@id":"https:\/\/aufildespierres.com\/#organization","name":"Au fil des pierres","url":"https:\/\/aufildespierres.com\/","logo":{"@type":"ImageObject","inLanguage":"fr-FR","@id":"https:\/\/aufildespierres.com\/#\/schema\/logo\/image\/","url":"https:\/\/aufildespierres.com\/wp-content\/uploads\/2023\/05\/cropped-Logo-PNG-Transparent.png","contentUrl":"https:\/\/aufildespierres.com\/wp-content\/uploads\/2023\/05\/cropped-Logo-PNG-Transparent.png","width":1776,"height":1625,"caption":"Au fil des pierres"},"image":{"@id":"https:\/\/aufildespierres.com\/#\/schema\/logo\/image\/"}}]}},"_links":{"self":[{"href":"https:\/\/aufildespierres.com\/index.php\/wp-json\/wp\/v2\/product\/1121","targetHints":{"allow":["GET"]}}],"collection":[{"href":"https:\/\/aufildespierres.com\/index.php\/wp-json\/wp\/v2\/product"}],"about":[{"href":"https:\/\/aufildespierres.com\/index.php\/wp-json\/wp\/v2\/types\/product"}],"replies":[{"embeddable":true,"href":"https:\/\/aufildespierres.com\/index.php\/wp-json\/wp\/v2\/comments?post=1121"}],"wp:attachment":[{"href":"https:\/\/aufildespierres.com\/index.php\/wp-json\/wp\/v2\/media?parent=1121"}],"wp:term":[{"taxonomy":"product_brand","embeddable":true,"href":"https:\/\/aufildespierres.com\/index.php\/wp-json\/wp\/v2\/product_brand?post=1121"},{"taxonomy":"product_cat","embeddable":true,"href":"https:\/\/aufildespierres.com\/index.php\/wp-json\/wp\/v2\/product_cat?post=1121"},{"taxonomy":"product_tag","embeddable":true,"href":"https:\/\/aufildespierres.com\/index.php\/wp-json\/wp\/v2\/product_tag?post=1121"}],"curies":[{"name":"wp","href":"https:\/\/api.w.org\/{rel}","templated":true}]}}