{"id":1135,"date":"2023-11-05T20:31:12","date_gmt":"2023-11-05T19:31:12","guid":{"rendered":"https:\/\/aufildespierres.com\/?post_type=product&#038;p=1135"},"modified":"2025-09-14T17:19:40","modified_gmt":"2025-09-14T15:19:40","slug":"pendentif-en-pierre-de-lune","status":"publish","type":"product","link":"https:\/\/aufildespierres.com\/index.php\/product\/pendentif-en-pierre-de-lune\/","title":{"rendered":"Pendentif en Pierre de lune"},"content":{"rendered":"<p>Pendentif en Pierre de lune noire<\/p>\n<p>35x 35 mm environ\u00a0 poids 16 grammes.<\/p>\n<p><u>PIERRE DE LUNE<\/u><\/p>\n<p>La pierre de lune dont le nom est une appellation non min\u00e9ralogique est un feldspath appel\u00e9 Adulaire ou Hecatolite\u00a0: \u00a0les couches diffractent la lumi\u00e8re et cr\u00e9ent un effet d\u2019optique appel\u00e9 adularescence, c\u2019est le reflet bleut\u00e9 ou argent\u00e9 que vous voyez sur vos pierres.<\/p>\n<p>On l\u2019appelle Pierre de lune en raison de son aspect similaire \u00e0 l\u2019astre lunaire.<\/p>\n<p>Chakra du 3\u00e8me \u0153il : libido, fertilit\u00e9 et aisance relationnelle<\/p>\n<p>Purification\u00a0: Sauge, encens, terre<\/p>\n<p>Rechargement\u00a0: Lune<\/p>\n<p>Couleurs\u00a0: La pierre de lune peut \u00eatre blanche, beige saumon, grise, noire.<\/p>\n<p>Signes astrologiques\u00a0: Pierre associ\u00e9 au signe du Cancer qui l\u2019aidera \u00e0 r\u00e9guler ses \u00e9motions et d\u00e9velopper leurs qualit\u00e9s d\u2019instinct, pers\u00e9v\u00e9rance et loyaut\u00e9.<\/p>\n<p>Aidera en cas de forte autorit\u00e9, rancune et conflits.<\/p>\n<p>&nbsp;<\/p>\n<p>Gisements\u00a0: Australie Br\u00e9sil USA Inde Sri Lanka Madagascar Tanzanie Birmanie<\/p>\n<p>Duret\u00e9 : 6 \u00e0 6,5<\/p>\n<p>Syst\u00e8me cristallin : monoclinique groupe Feldspath<\/p>\n<p>&nbsp;<\/p>\n<p><strong>Propri\u00e9t\u00e9s psychiques\u00a0: <\/strong><\/p>\n<p><strong>\u00a0<\/strong><\/p>\n<p>Depuis l\u2019Antiquit\u00e9 la pierre de lune est associ\u00e9e \u00e0 la f\u00e9minit\u00e9, clairvoyance et intuition, elle a une \u00e9nergie Yin<\/p>\n<p>Elle r\u00e9gule le corps astral et mental temporisant les \u00e9motions, elle lie conscient et inconscient et favorise la spiritualit\u00e9<\/p>\n<p>Elle aide \u00e0 se relaxer et s\u2019\u00e9quilibrer diminue col\u00e8re et frustrations facilitant les relations avec autrui<\/p>\n<p>La pierre\u00a0 d\u00e9veloppe spiritualit\u00e9, sinc\u00e9rit\u00e9, intuition, r\u00e9ceptivit\u00e9.<\/p>\n<p>Elle favorise le bonheur des couples et encourage la passion amoureuse, stimule l\u2019ouverture d\u2019esprit et diminue la peur de l\u2019autre<\/p>\n<p>Elle apporte douceur et tol\u00e9rance en cas de trop de s\u00e9v\u00e9rit\u00e9<\/p>\n<p>Stimule intuition, imagination et cr\u00e9ativit\u00e9\u00a0; apporte douceur, po\u00e9sie et sensibilit\u00e9<\/p>\n<p>Aide \u00e0 la prise de d\u00e9cision encourageant \u00e0 choisir sa voie<\/p>\n<p>Pierre Yin qui stimule chez l\u2019homme les bons c\u00f4t\u00e9s f\u00e9minins en compensation des mauvais c\u00f4t\u00e9s masculins<\/p>\n<p>Favorise les r\u00eaves pr\u00e9monitoires, augmente intuition, clairvoyance et capacit\u00e9s r\u00e9ceptives comme m\u00e9diumnit\u00e9.<\/p>\n<p>&nbsp;<\/p>\n<p><strong>Propri\u00e9t\u00e9s physiques\u00a0: <\/strong><\/p>\n<p>Elle r\u00e9gules les cycles menstruels et la st\u00e9rilit\u00e9<\/p>\n<p>Soutient la fertilit\u00e9, maternit\u00e9 et \u00a0la lactation<\/p>\n<p>Diminue insomnie et apn\u00e9e du sommeil et hyperactivit\u00e9 (placer une pierre de lune dans sa chambre)<\/p>\n<p>R\u00e9gule le syst\u00e8me nerveux, diminue le cortisol li\u00e9 au stress et augmente la dopamine<\/p>\n<p>Stimule la digestion et diminue les soucis digestifs li\u00e9s au stress, et att\u00e9nue les probl\u00e8mes de peau<\/p>\n<p>Equilibre les fluides corporels (r\u00e9tention d\u2019eau)<\/p>\n<p>Peut soulager des soucis oculaires<\/p>\n<p>Agit sur les soucis de tyro\u00efde, Calme les hyperactifs.<\/p>\n<p><u>\u00a0<\/u><\/p>\n<p>&nbsp;<\/p>\n<p><u>\u00a0<\/u><\/p>\n<p>&nbsp;<\/p>\n<p>&nbsp;<\/p>\n<p>&nbsp;<\/p>\n<p>&nbsp;<\/p>\n<p>&nbsp;<\/p>\n<p>&nbsp;<\/p>\n","protected":false},"excerpt":{"rendered":"<p>Pendentif en Pierre de lune noire 35x 35 mm environ\u00a0 poids 16 grammes. PIERRE DE LUNE La pierre de lune dont le nom est une appellation non min\u00e9ralogique est un feldspath appel\u00e9 Adulaire ou Hecatolite\u00a0: \u00a0les couches diffractent la lumi\u00e8re et cr\u00e9ent un effet d\u2019optique appel\u00e9 adularescence, c\u2019est le reflet bleut\u00e9 ou argent\u00e9 que vous [&hellip;]<\/p>\n","protected":false},"featured_media":1136,"comment_status":"open","ping_status":"closed","template":"","meta":{"site-sidebar-layout":"default","site-content-layout":"","ast-site-content-layout":"default","site-content-style":"default","site-sidebar-style":"default","ast-global-header-display":"","ast-banner-title-visibility":"","ast-main-header-display":"","ast-hfb-above-header-display":"","ast-hfb-below-header-display":"","ast-hfb-mobile-header-display":"","site-post-title":"","ast-breadcrumbs-content":"","ast-featured-img":"","footer-sml-layout":"","ast-disable-related-posts":"","theme-transparent-header-meta":"default","adv-header-id-meta":"","stick-header-meta":"","header-above-stick-meta":"","header-main-stick-meta":"","header-below-stick-meta":"","astra-migrate-meta-layouts":"set","ast-page-background-enabled":"default","ast-page-background-meta":{"desktop":{"background-color":"var(--ast-global-color-4)","background-image":"","background-repeat":"repeat","background-position":"center center","background-size":"auto","background-attachment":"scroll","background-type":"","background-media":"","overlay-type":"","overlay-color":"","overlay-opacity":"","overlay-gradient":""},"tablet":{"background-color":"","background-image":"","background-repeat":"repeat","background-position":"center center","background-size":"auto","background-attachment":"scroll","background-type":"","background-media":"","overlay-type":"","overlay-color":"","overlay-opacity":"","overlay-gradient":""},"mobile":{"background-color":"","background-image":"","background-repeat":"repeat","background-position":"center center","background-size":"auto","background-attachment":"scroll","background-type":"","background-media":"","overlay-type":"","overlay-color":"","overlay-opacity":"","overlay-gradient":""}},"ast-content-background-meta":{"desktop":{"background-color":"var(--ast-global-color-5)","background-image":"","background-repeat":"repeat","background-position":"center center","background-size":"auto","background-attachment":"scroll","background-type":"","background-media":"","overlay-type":"","overlay-color":"","overlay-opacity":"","overlay-gradient":""},"tablet":{"background-color":"var(--ast-global-color-5)","background-image":"","background-repeat":"repeat","background-position":"center center","background-size":"auto","background-attachment":"scroll","background-type":"","background-media":"","overlay-type":"","overlay-color":"","overlay-opacity":"","overlay-gradient":""},"mobile":{"background-color":"var(--ast-global-color-5)","background-image":"","background-repeat":"repeat","background-position":"center center","background-size":"auto","background-attachment":"scroll","background-type":"","background-media":"","overlay-type":"","overlay-color":"","overlay-opacity":"","overlay-gradient":""}},"_glsr_average":0,"_glsr_ranking":0,"_glsr_reviews":0},"product_brand":[],"product_cat":[136,103,66,21,101],"product_tag":[],"class_list":{"0":"post-1135","1":"product","2":"type-product","3":"status-publish","4":"has-post-thumbnail","6":"product_cat-beige","7":"product_cat-marron","8":"product_cat-noir","9":"product_cat-pendentifs-de-lithotherapie","10":"product_cat-pierre-de-lune","11":"desktop-align-left","12":"tablet-align-left","13":"mobile-align-left","15":"first","16":"instock","17":"purchasable","18":"product-type-simple"},"yoast_head":"<!-- This site is optimized with the Yoast SEO plugin v27.5 - https:\/\/yoast.com\/product\/yoast-seo-wordpress\/ -->\n<title>Pendentif en Pierre de lune - Au fil des pierres<\/title>\n<meta name=\"description\" content=\"\u00c9levez votre \u00e9nergie f\u00e9minine avec ce pendentif en Pierre de Lune. Symbole d\u2019intuition et de douceur, cette pierre naturelle favorise l\u2019harmonie \u00e9motionnelle et accompagne vos cycles int\u00e9rieurs.&quot;\" \/>\n<meta name=\"robots\" content=\"index, follow, max-snippet:-1, max-image-preview:large, max-video-preview:-1\" \/>\n<link rel=\"canonical\" href=\"https:\/\/aufildespierres.com\/index.php\/product\/pendentif-en-pierre-de-lune\/\" \/>\n<meta property=\"og:locale\" content=\"fr_FR\" \/>\n<meta property=\"og:type\" content=\"article\" \/>\n<meta property=\"og:title\" content=\"Pendentif en Pierre de lune - Au fil des pierres\" \/>\n<meta property=\"og:description\" content=\"\u00c9levez votre \u00e9nergie f\u00e9minine avec ce pendentif en Pierre de Lune. Symbole d\u2019intuition et de douceur, cette pierre naturelle favorise l\u2019harmonie \u00e9motionnelle et accompagne vos cycles int\u00e9rieurs.&quot;\" \/>\n<meta property=\"og:url\" content=\"https:\/\/aufildespierres.com\/index.php\/product\/pendentif-en-pierre-de-lune\/\" \/>\n<meta property=\"og:site_name\" content=\"Au fil des pierres\" \/>\n<meta property=\"article:modified_time\" content=\"2025-09-14T15:19:40+00:00\" \/>\n<meta property=\"og:image\" content=\"https:\/\/aufildespierres.com\/wp-content\/uploads\/2023\/11\/20231105_160908.jpg\" \/>\n\t<meta property=\"og:image:width\" content=\"2029\" \/>\n\t<meta property=\"og:image:height\" content=\"2146\" \/>\n\t<meta property=\"og:image:type\" content=\"image\/jpeg\" \/>\n<meta name=\"twitter:card\" content=\"summary_large_image\" \/>\n<meta name=\"twitter:label1\" content=\"Dur\u00e9e de lecture estim\u00e9e\" \/>\n\t<meta name=\"twitter:data1\" content=\"3 minutes\" \/>\n<script type=\"application\/ld+json\" class=\"yoast-schema-graph\">{\"@context\":\"https:\\\/\\\/schema.org\",\"@graph\":[{\"@type\":\"WebPage\",\"@id\":\"https:\\\/\\\/aufildespierres.com\\\/index.php\\\/product\\\/pendentif-en-pierre-de-lune\\\/\",\"url\":\"https:\\\/\\\/aufildespierres.com\\\/index.php\\\/product\\\/pendentif-en-pierre-de-lune\\\/\",\"name\":\"Pendentif en Pierre de lune - Au fil des pierres\",\"isPartOf\":{\"@id\":\"https:\\\/\\\/aufildespierres.com\\\/#website\"},\"primaryImageOfPage\":{\"@id\":\"https:\\\/\\\/aufildespierres.com\\\/index.php\\\/product\\\/pendentif-en-pierre-de-lune\\\/#primaryimage\"},\"image\":{\"@id\":\"https:\\\/\\\/aufildespierres.com\\\/index.php\\\/product\\\/pendentif-en-pierre-de-lune\\\/#primaryimage\"},\"thumbnailUrl\":\"https:\\\/\\\/aufildespierres.com\\\/wp-content\\\/uploads\\\/2023\\\/11\\\/20231105_160908.jpg\",\"datePublished\":\"2023-11-05T19:31:12+00:00\",\"dateModified\":\"2025-09-14T15:19:40+00:00\",\"description\":\"\u00c9levez votre \u00e9nergie f\u00e9minine avec ce pendentif en Pierre de Lune. Symbole d\u2019intuition et de douceur, cette pierre naturelle favorise l\u2019harmonie \u00e9motionnelle et accompagne vos cycles int\u00e9rieurs.\\\"\",\"breadcrumb\":{\"@id\":\"https:\\\/\\\/aufildespierres.com\\\/index.php\\\/product\\\/pendentif-en-pierre-de-lune\\\/#breadcrumb\"},\"inLanguage\":\"fr-FR\",\"potentialAction\":[{\"@type\":\"ReadAction\",\"target\":[\"https:\\\/\\\/aufildespierres.com\\\/index.php\\\/product\\\/pendentif-en-pierre-de-lune\\\/\"]}]},{\"@type\":\"ImageObject\",\"inLanguage\":\"fr-FR\",\"@id\":\"https:\\\/\\\/aufildespierres.com\\\/index.php\\\/product\\\/pendentif-en-pierre-de-lune\\\/#primaryimage\",\"url\":\"https:\\\/\\\/aufildespierres.com\\\/wp-content\\\/uploads\\\/2023\\\/11\\\/20231105_160908.jpg\",\"contentUrl\":\"https:\\\/\\\/aufildespierres.com\\\/wp-content\\\/uploads\\\/2023\\\/11\\\/20231105_160908.jpg\",\"width\":2029,\"height\":2146},{\"@type\":\"BreadcrumbList\",\"@id\":\"https:\\\/\\\/aufildespierres.com\\\/index.php\\\/product\\\/pendentif-en-pierre-de-lune\\\/#breadcrumb\",\"itemListElement\":[{\"@type\":\"ListItem\",\"position\":1,\"name\":\"Accueil\",\"item\":\"https:\\\/\\\/aufildespierres.com\\\/\"},{\"@type\":\"ListItem\",\"position\":2,\"name\":\"Boutique de Lithoth\u00e9rapie\",\"item\":\"https:\\\/\\\/aufildespierres.com\\\/index.php\\\/boutique-de-lithotherapie\\\/\"},{\"@type\":\"ListItem\",\"position\":3,\"name\":\"Pendentif en Pierre de lune\"}]},{\"@type\":\"WebSite\",\"@id\":\"https:\\\/\\\/aufildespierres.com\\\/#website\",\"url\":\"https:\\\/\\\/aufildespierres.com\\\/\",\"name\":\"Au fil des pierres\",\"description\":\"Au fil des pierres\",\"publisher\":{\"@id\":\"https:\\\/\\\/aufildespierres.com\\\/#organization\"},\"potentialAction\":[{\"@type\":\"SearchAction\",\"target\":{\"@type\":\"EntryPoint\",\"urlTemplate\":\"https:\\\/\\\/aufildespierres.com\\\/?s={search_term_string}\"},\"query-input\":{\"@type\":\"PropertyValueSpecification\",\"valueRequired\":true,\"valueName\":\"search_term_string\"}}],\"inLanguage\":\"fr-FR\"},{\"@type\":\"Organization\",\"@id\":\"https:\\\/\\\/aufildespierres.com\\\/#organization\",\"name\":\"Au fil des pierres\",\"url\":\"https:\\\/\\\/aufildespierres.com\\\/\",\"logo\":{\"@type\":\"ImageObject\",\"inLanguage\":\"fr-FR\",\"@id\":\"https:\\\/\\\/aufildespierres.com\\\/#\\\/schema\\\/logo\\\/image\\\/\",\"url\":\"https:\\\/\\\/aufildespierres.com\\\/wp-content\\\/uploads\\\/2023\\\/05\\\/cropped-Logo-PNG-Transparent.png\",\"contentUrl\":\"https:\\\/\\\/aufildespierres.com\\\/wp-content\\\/uploads\\\/2023\\\/05\\\/cropped-Logo-PNG-Transparent.png\",\"width\":1776,\"height\":1625,\"caption\":\"Au fil des pierres\"},\"image\":{\"@id\":\"https:\\\/\\\/aufildespierres.com\\\/#\\\/schema\\\/logo\\\/image\\\/\"}}]}<\/script>\n<!-- \/ Yoast SEO plugin. -->","yoast_head_json":{"title":"Pendentif en Pierre de lune - Au fil des pierres","description":"\u00c9levez votre \u00e9nergie f\u00e9minine avec ce pendentif en Pierre de Lune. Symbole d\u2019intuition et de douceur, cette pierre naturelle favorise l\u2019harmonie \u00e9motionnelle et accompagne vos cycles int\u00e9rieurs.\"","robots":{"index":"index","follow":"follow","max-snippet":"max-snippet:-1","max-image-preview":"max-image-preview:large","max-video-preview":"max-video-preview:-1"},"canonical":"https:\/\/aufildespierres.com\/index.php\/product\/pendentif-en-pierre-de-lune\/","og_locale":"fr_FR","og_type":"article","og_title":"Pendentif en Pierre de lune - Au fil des pierres","og_description":"\u00c9levez votre \u00e9nergie f\u00e9minine avec ce pendentif en Pierre de Lune. Symbole d\u2019intuition et de douceur, cette pierre naturelle favorise l\u2019harmonie \u00e9motionnelle et accompagne vos cycles int\u00e9rieurs.\"","og_url":"https:\/\/aufildespierres.com\/index.php\/product\/pendentif-en-pierre-de-lune\/","og_site_name":"Au fil des pierres","article_modified_time":"2025-09-14T15:19:40+00:00","og_image":[{"width":2029,"height":2146,"url":"https:\/\/aufildespierres.com\/wp-content\/uploads\/2023\/11\/20231105_160908.jpg","type":"image\/jpeg"}],"twitter_card":"summary_large_image","twitter_misc":{"Dur\u00e9e de lecture estim\u00e9e":"3 minutes"},"schema":{"@context":"https:\/\/schema.org","@graph":[{"@type":"WebPage","@id":"https:\/\/aufildespierres.com\/index.php\/product\/pendentif-en-pierre-de-lune\/","url":"https:\/\/aufildespierres.com\/index.php\/product\/pendentif-en-pierre-de-lune\/","name":"Pendentif en Pierre de lune - Au fil des pierres","isPartOf":{"@id":"https:\/\/aufildespierres.com\/#website"},"primaryImageOfPage":{"@id":"https:\/\/aufildespierres.com\/index.php\/product\/pendentif-en-pierre-de-lune\/#primaryimage"},"image":{"@id":"https:\/\/aufildespierres.com\/index.php\/product\/pendentif-en-pierre-de-lune\/#primaryimage"},"thumbnailUrl":"https:\/\/aufildespierres.com\/wp-content\/uploads\/2023\/11\/20231105_160908.jpg","datePublished":"2023-11-05T19:31:12+00:00","dateModified":"2025-09-14T15:19:40+00:00","description":"\u00c9levez votre \u00e9nergie f\u00e9minine avec ce pendentif en Pierre de Lune. Symbole d\u2019intuition et de douceur, cette pierre naturelle favorise l\u2019harmonie \u00e9motionnelle et accompagne vos cycles int\u00e9rieurs.\"","breadcrumb":{"@id":"https:\/\/aufildespierres.com\/index.php\/product\/pendentif-en-pierre-de-lune\/#breadcrumb"},"inLanguage":"fr-FR","potentialAction":[{"@type":"ReadAction","target":["https:\/\/aufildespierres.com\/index.php\/product\/pendentif-en-pierre-de-lune\/"]}]},{"@type":"ImageObject","inLanguage":"fr-FR","@id":"https:\/\/aufildespierres.com\/index.php\/product\/pendentif-en-pierre-de-lune\/#primaryimage","url":"https:\/\/aufildespierres.com\/wp-content\/uploads\/2023\/11\/20231105_160908.jpg","contentUrl":"https:\/\/aufildespierres.com\/wp-content\/uploads\/2023\/11\/20231105_160908.jpg","width":2029,"height":2146},{"@type":"BreadcrumbList","@id":"https:\/\/aufildespierres.com\/index.php\/product\/pendentif-en-pierre-de-lune\/#breadcrumb","itemListElement":[{"@type":"ListItem","position":1,"name":"Accueil","item":"https:\/\/aufildespierres.com\/"},{"@type":"ListItem","position":2,"name":"Boutique de Lithoth\u00e9rapie","item":"https:\/\/aufildespierres.com\/index.php\/boutique-de-lithotherapie\/"},{"@type":"ListItem","position":3,"name":"Pendentif en Pierre de lune"}]},{"@type":"WebSite","@id":"https:\/\/aufildespierres.com\/#website","url":"https:\/\/aufildespierres.com\/","name":"Au fil des pierres","description":"Au fil des pierres","publisher":{"@id":"https:\/\/aufildespierres.com\/#organization"},"potentialAction":[{"@type":"SearchAction","target":{"@type":"EntryPoint","urlTemplate":"https:\/\/aufildespierres.com\/?s={search_term_string}"},"query-input":{"@type":"PropertyValueSpecification","valueRequired":true,"valueName":"search_term_string"}}],"inLanguage":"fr-FR"},{"@type":"Organization","@id":"https:\/\/aufildespierres.com\/#organization","name":"Au fil des pierres","url":"https:\/\/aufildespierres.com\/","logo":{"@type":"ImageObject","inLanguage":"fr-FR","@id":"https:\/\/aufildespierres.com\/#\/schema\/logo\/image\/","url":"https:\/\/aufildespierres.com\/wp-content\/uploads\/2023\/05\/cropped-Logo-PNG-Transparent.png","contentUrl":"https:\/\/aufildespierres.com\/wp-content\/uploads\/2023\/05\/cropped-Logo-PNG-Transparent.png","width":1776,"height":1625,"caption":"Au fil des pierres"},"image":{"@id":"https:\/\/aufildespierres.com\/#\/schema\/logo\/image\/"}}]}},"_links":{"self":[{"href":"https:\/\/aufildespierres.com\/index.php\/wp-json\/wp\/v2\/product\/1135","targetHints":{"allow":["GET"]}}],"collection":[{"href":"https:\/\/aufildespierres.com\/index.php\/wp-json\/wp\/v2\/product"}],"about":[{"href":"https:\/\/aufildespierres.com\/index.php\/wp-json\/wp\/v2\/types\/product"}],"replies":[{"embeddable":true,"href":"https:\/\/aufildespierres.com\/index.php\/wp-json\/wp\/v2\/comments?post=1135"}],"wp:featuredmedia":[{"embeddable":true,"href":"https:\/\/aufildespierres.com\/index.php\/wp-json\/wp\/v2\/media\/1136"}],"wp:attachment":[{"href":"https:\/\/aufildespierres.com\/index.php\/wp-json\/wp\/v2\/media?parent=1135"}],"wp:term":[{"taxonomy":"product_brand","embeddable":true,"href":"https:\/\/aufildespierres.com\/index.php\/wp-json\/wp\/v2\/product_brand?post=1135"},{"taxonomy":"product_cat","embeddable":true,"href":"https:\/\/aufildespierres.com\/index.php\/wp-json\/wp\/v2\/product_cat?post=1135"},{"taxonomy":"product_tag","embeddable":true,"href":"https:\/\/aufildespierres.com\/index.php\/wp-json\/wp\/v2\/product_tag?post=1135"}],"curies":[{"name":"wp","href":"https:\/\/api.w.org\/{rel}","templated":true}]}}