{"id":1139,"date":"2023-11-06T14:59:23","date_gmt":"2023-11-06T13:59:23","guid":{"rendered":"https:\/\/aufildespierres.com\/?post_type=product&#038;p=1139"},"modified":"2025-09-10T18:53:46","modified_gmt":"2025-09-10T16:53:46","slug":"bracelet-charoite-rhodonite-pierre-de-lune-phosphosiderite","status":"publish","type":"product","link":"https:\/\/aufildespierres.com\/index.php\/product\/bracelet-charoite-rhodonite-pierre-de-lune-phosphosiderite\/","title":{"rendered":"Bracelet Charoite Rhodonite Pierre de lune Phosphosid\u00e9rite"},"content":{"rendered":"<p>Bracelet en 8mm\u00a0 compos\u00e9 de :<\/p>\n<p>2 perles en Charoite et Charoite en forme chips, 5 pierres en pierre de Lune blanche, 5 pierres en Rhodonite,3 pierres en Phosphosid\u00e9rite<\/p>\n<p>Perles d&rsquo;espacement argent en acier inoxydable.<\/p>\n<p>Le bracelet est adapt\u00e9 \u00e0 une mesure de poignet de 17 \u00e0 18 cm.<\/p>\n<p><strong>CHAROITE <\/strong><\/p>\n<p><strong>En purifiant mes \u00e9motions internes je m\u2019en lib\u00e8re et agis consciemment\u00a0<\/strong><\/p>\n<p>Propri\u00e9t\u00e9s psychiques\u00a0:<\/p>\n<p>D\u00e9veloppe le sens de l\u2019observation et am\u00e9liore les capacit\u00e9s d\u2019observation analyse et synth\u00e8se, stimule la vision int\u00e9rieure et l\u2019intuition spirituelle, aide \u00e0 prendre de bonnes d\u00e9cisions, l\u2019effet \u00a0purification de l\u2019inconscient et son contenu n\u00e9gatif aide \u00e0 gu\u00e9rir.<\/p>\n<p>Apaise angoisses et stress quotidiens, calme les pens\u00e9es et aide \u00e0 s\u2019endormir, lutte contre somnambulisme\u00a0 cauchemars, angoisses \u00a0nocturnes, calme les peurs du subconscient.<\/p>\n<p>Pierre de sagesse qui aide \u00e0 g\u00e9rer les \u00e9motions, tensions nerveuses, \u00a0ouvre \u00e0 l\u2019extra sensoriel<\/p>\n<p>Favorise confiance assurance et d\u00e9termination<\/p>\n<p>Elle permet de ne pas se laisser submerger, dissipe tristesse\u00a0; utile en cas de burn out ou surmenage ou charge mentale trop \u00e9lev\u00e9e.<\/p>\n<p>Diminue les fixettes et obsessions sur 1 personne ou une situation, diminue les troubles obsessionnels compulsifs<\/p>\n<p>Aide \u00e0 prendre du recul sur des situations pour les aborder sereinement et prendre les bonnes d\u00e9cisions\u00a0; aide \u00e0 l\u00e2cher prise pour affronter des montagnes de travail de fa\u00e7on sereine.<\/p>\n<p>Aide les personnes qui sont\u00a0 dirig\u00e9es par les id\u00e9es des autres \u00e0 garder les leurs.<\/p>\n<p>Aide \u00e0 finir ce qui est commenc\u00e9 avec patience et constance.<\/p>\n<p>&nbsp;<\/p>\n<p>Propri\u00e9t\u00e9s physiques\u00a0:<\/p>\n<p>D\u00e9veloppe le sens du gout et de l\u2019odorat<\/p>\n<p>Calme les nerfs , att\u00e9nue douleurs et crampes, diminue les tensions cervicales et lombaires\u00a0; diminue les spasmes musculaires et digestifs et douleur des r\u00e8gles.<\/p>\n<p>Stimule le corps physique et la motivation<\/p>\n<p>Calme les maux de t\u00eate, \u00a0stimule le syst\u00e8me immunitaire, purifie foie, reins, pancr\u00e9as, d\u00e9toxifie des graisses et toxines, accompagne de ce fait un r\u00e9gime amincissant<\/p>\n<p>Purifie la circulation sanguine et r\u00e9gule sa pression, et l\u2019organisme en g\u00e9n\u00e9ral, fortifie le muscle cardiaque<\/p>\n<p>Diminue les crampes des sportifs. Incite \u00e0 l\u2019activit\u00e9 physique<\/p>\n<p>Diminue les insomnies et aide \u00e0 un sommeil plus r\u00e9cup\u00e9rateur<\/p>\n<p>Am\u00e9liore l\u2019\u00e9quilibre acido- basique gr\u00e2ce \u00e0 son ph alcalin<\/p>\n<p>Peut aider en cas d\u2019autisme et troubles bi polaires.<\/p>\n<p><strong>La phosphosid\u00e9rite :\u00a0<\/strong><\/p>\n<ul>\n<li>C&rsquo;est une pierre \u00e9quilibrante tr\u00e8s apaisante pour les stress, angoisses, et en cas de surmenage.<\/li>\n<li>Elle am\u00e9liore l&rsquo;\u00e9nergie vitale du corps, aide au sommeil et diminue les pens\u00e9es et \u00e9motions n\u00e9gatives.<\/li>\n<li>Elle aidera les personnes irritables aux humeurs changeantes, les \u00e9puis\u00e9es ou surmen\u00e9es et augmentera le niveau de concentration en diminuant la charge mentale.<\/li>\n<li>Elle renforce le syst\u00e8me immunitaire et lors des infections type rhino et grippe<\/li>\n<li>Stimule foie, thyro\u00efde, c\u0153ur, circulation sanguine.<\/li>\n<li>Soulage les maux de ventre li\u00e9s au stress<\/li>\n<li>Bon pour peau et cheveux.<\/li>\n<\/ul>\n<p>&nbsp;<\/p>\n<p><strong>\u00a0 Rhodonite :\u00a0<\/strong><\/p>\n<p>Apaisement des blessures \u00e9motionnelles du pass\u00e9 en ouverture vers l\u2019ext\u00e9rieur. Acceptation, amour inconditionnel.<\/p>\n<p><u>Propri\u00e9t\u00e9s psychiques\u00a0: <\/u><\/p>\n<p>Apaise les chocs et traumas du pass\u00e9 et favorise l\u2019auto gu\u00e9rison<\/p>\n<ul>\n<li>Pierre de but, de g\u00e9n\u00e9rosit\u00e9 d&rsquo;esprit et d&rsquo;altruisme.<\/li>\n<li>Favorise le pardon et l\u2019amour pour apaiser une ancienne relation, elle agit sur les conflits, les non- dits, peurs, regrets.<\/li>\n<\/ul>\n<ul>\n<li>\u00a0Diminue la col\u00e8re, utile aux personnes nerveuses angoiss\u00e9es, ou ayant des trop plein \u00e9motionnels\u00a0; Aide \u00e0 se r\u00e9concilier avec autrui , \u00e0 maitriser ses \u00e9motions et les canaliser.<\/li>\n<\/ul>\n<ul>\n<li>Apporte confiance en soi, prise de recul et l\u00e2cher prise sur des \u00e9v\u00e8nements angoissants ou situation stressante, diminue les inqui\u00e9tudes .<\/li>\n<li>Calme les nerveux et emport\u00e9s, les sensibles et \u00e9motifs en favorisant \u00e9coute et tol\u00e9rance.<\/li>\n<li>Calme avant un examen ou un concours<\/li>\n<li>Favorise la conciliation et la r\u00e9solution de conflits, limite les craintes amoureuses apporte douceur et tendresse dans le couple. Prot\u00e8ge de la jalousie d\u2019autrui.<\/li>\n<\/ul>\n<ul>\n<li>Aide \u00e0 s\u2019accepter et se r\u00e9concilier avec soi, et d\u00e9gager une aura et un rayonnement personnel ce qui permettra une bonne configuration pour attirer une relation<\/li>\n<li>Soutient l\u2019estime de soi<\/li>\n<li>Renforce un couple existant et permet une relation profonde ou aide pour trouver l\u2019amour ou encourager une relation naissante (en augmentant les vibrations du chakra du c\u0153ur) favorise les rencontres amoureuses et ravive la capacit\u00e9 \u00e0 aimer et a revivre une passion<\/li>\n<\/ul>\n<p>Calme les exc\u00e8s, s\u00e9r\u00e9nit\u00e9 \u00e9quilibre confiance douceur et tendresse.<\/p>\n<p><u>Propri\u00e9t\u00e9s physiques\u00a0: <\/u><\/p>\n<ul>\n<li>Renforce le syst\u00e8me immunitaire et cardiaque ( accidents vasculaires ) et apaise les soucis li\u00e9s au stress ( digestif, cutan\u00e9)<\/li>\n<li>Soulage les tensions articulaires<\/li>\n<li>Favorise l&rsquo;endormissement.<\/li>\n<\/ul>\n<p><u>PIERRE DE LUNE<\/u><\/p>\n<p>La pierre de lune dont le nom est une appellation non min\u00e9ralogique est un feldspath appel\u00e9 Adulaire ou Hecatolite\u00a0: \u00a0les couches diffractent la lumi\u00e8re et cr\u00e9ent un effet d\u2019optique appel\u00e9 adularescence, c\u2019est le reflet bleut\u00e9 ou argent\u00e9 que vous voyez sur vos pierres.<\/p>\n<p>On l\u2019appelle Pierre de lune en raison de son aspect similaire \u00e0 l\u2019astre lunaire.<\/p>\n<p><strong>Propri\u00e9t\u00e9s psychiques\u00a0: <\/strong><\/p>\n<p>Depuis l\u2019Antiquit\u00e9 la pierre de lune est associ\u00e9e \u00e0 la f\u00e9minit\u00e9, clairvoyance et intuition, elle a une \u00e9nergie Yin<\/p>\n<p>Elle r\u00e9gule le corps astral et mental temporisant les \u00e9motions, elle lie conscient et inconscient et favorise la spiritualit\u00e9<\/p>\n<p>Elle aide \u00e0 se relaxer et s\u2019\u00e9quilibrer diminue col\u00e8re et frustrations facilitant les relations avec autrui<\/p>\n<p>La pierre\u00a0 d\u00e9veloppe spiritualit\u00e9, sinc\u00e9rit\u00e9, intuition, r\u00e9ceptivit\u00e9.<\/p>\n<p>Elle favorise le bonheur des couples et encourage la passion amoureuse, stimule l\u2019ouverture d\u2019esprit et diminue la peur de l\u2019autre<\/p>\n<p>Elle apporte douceur et tol\u00e9rance en cas de trop de s\u00e9v\u00e9rit\u00e9<\/p>\n<p>Stimule intuition, imagination et cr\u00e9ativit\u00e9\u00a0; apporte douceur, po\u00e9sie et sensibilit\u00e9<\/p>\n<p>Aide \u00e0 la prise de d\u00e9cision encourageant \u00e0 choisir sa voie<\/p>\n<p>Pierre Yin qui stimule chez l\u2019homme les bons c\u00f4t\u00e9s f\u00e9minins en compensation des mauvais c\u00f4t\u00e9s masculins<\/p>\n<p>Favorise les r\u00eaves pr\u00e9monitoires, augmente intuition, clairvoyance et capacit\u00e9s r\u00e9ceptives comme m\u00e9diumnit\u00e9.<\/p>\n<p><strong>Propri\u00e9t\u00e9s physiques\u00a0: <\/strong><\/p>\n<p>Elle r\u00e9gules les cycles menstruels et la st\u00e9rilit\u00e9<\/p>\n<p>Soutient la fertilit\u00e9, maternit\u00e9 et \u00a0la lactation<\/p>\n<p>Diminue insomnie et apn\u00e9e du sommeil et hyperactivit\u00e9 (placer une pierre de lune dans sa chambre)<\/p>\n<p>R\u00e9gule le syst\u00e8me nerveux, diminue le cortisol li\u00e9 au stress et augmente la dopamine<\/p>\n<p>Stimule la digestion et diminue les soucis digestifs li\u00e9s au stress, et att\u00e9nue les probl\u00e8mes de peau<\/p>\n<p>Equilibre les fluides corporels (r\u00e9tention d\u2019eau)<\/p>\n<p>Peut soulager des soucis oculaires<\/p>\n<p>Agit sur les soucis de tyro\u00efde, Calme les hyperactifs.<\/p>\n<p>&nbsp;<\/p>\n<p><u>\u00a0<\/u><\/p>\n<p>&nbsp;<\/p>\n<p><u>\u00a0<\/u><\/p>\n<p>&nbsp;<\/p>\n<p>&nbsp;<\/p>\n<p>&nbsp;<\/p>\n<p>&nbsp;<\/p>\n<p>&nbsp;<\/p>\n<p>&nbsp;<\/p>\n","protected":false},"excerpt":{"rendered":"<p>Bracelet en 8mm\u00a0 compos\u00e9 de : 2 perles en Charoite et Charoite en forme chips, 5 pierres en pierre de Lune blanche, 5 pierres en Rhodonite,3 pierres en Phosphosid\u00e9rite Perles d&rsquo;espacement argent en acier inoxydable. Le bracelet est adapt\u00e9 \u00e0 une mesure de poignet de 17 \u00e0 18 cm. CHAROITE En purifiant mes \u00e9motions internes [&hellip;]<\/p>\n","protected":false},"featured_media":1141,"comment_status":"open","ping_status":"closed","template":"","meta":{"site-sidebar-layout":"default","site-content-layout":"","ast-site-content-layout":"default","site-content-style":"default","site-sidebar-style":"default","ast-global-header-display":"","ast-banner-title-visibility":"","ast-main-header-display":"","ast-hfb-above-header-display":"","ast-hfb-below-header-display":"","ast-hfb-mobile-header-display":"","site-post-title":"","ast-breadcrumbs-content":"","ast-featured-img":"","footer-sml-layout":"","ast-disable-related-posts":"","theme-transparent-header-meta":"default","adv-header-id-meta":"","stick-header-meta":"","header-above-stick-meta":"","header-main-stick-meta":"","header-below-stick-meta":"","astra-migrate-meta-layouts":"set","ast-page-background-enabled":"default","ast-page-background-meta":{"desktop":{"background-color":"var(--ast-global-color-4)","background-image":"","background-repeat":"repeat","background-position":"center center","background-size":"auto","background-attachment":"scroll","background-type":"","background-media":"","overlay-type":"","overlay-color":"","overlay-opacity":"","overlay-gradient":""},"tablet":{"background-color":"","background-image":"","background-repeat":"repeat","background-position":"center center","background-size":"auto","background-attachment":"scroll","background-type":"","background-media":"","overlay-type":"","overlay-color":"","overlay-opacity":"","overlay-gradient":""},"mobile":{"background-color":"","background-image":"","background-repeat":"repeat","background-position":"center center","background-size":"auto","background-attachment":"scroll","background-type":"","background-media":"","overlay-type":"","overlay-color":"","overlay-opacity":"","overlay-gradient":""}},"ast-content-background-meta":{"desktop":{"background-color":"var(--ast-global-color-5)","background-image":"","background-repeat":"repeat","background-position":"center center","background-size":"auto","background-attachment":"scroll","background-type":"","background-media":"","overlay-type":"","overlay-color":"","overlay-opacity":"","overlay-gradient":""},"tablet":{"background-color":"var(--ast-global-color-5)","background-image":"","background-repeat":"repeat","background-position":"center center","background-size":"auto","background-attachment":"scroll","background-type":"","background-media":"","overlay-type":"","overlay-color":"","overlay-opacity":"","overlay-gradient":""},"mobile":{"background-color":"var(--ast-global-color-5)","background-image":"","background-repeat":"repeat","background-position":"center center","background-size":"auto","background-attachment":"scroll","background-type":"","background-media":"","overlay-type":"","overlay-color":"","overlay-opacity":"","overlay-gradient":""}},"_glsr_average":0,"_glsr_ranking":0,"_glsr_reviews":0},"product_brand":[],"product_cat":[54,56,290,133,180,101,90,65,69],"product_tag":[],"class_list":{"0":"post-1139","1":"product","2":"type-product","3":"status-publish","4":"has-post-thumbnail","6":"product_cat-8-mm","7":"product_cat-bracelets-de-lithotherapie","8":"product_cat-bracelets-de-lithotherapie-femmes","9":"product_cat-charoite","10":"product_cat-phosposiderite","11":"product_cat-pierre-de-lune","12":"product_cat-rhodonite","13":"product_cat-rose","14":"product_cat-violet","15":"desktop-align-left","16":"tablet-align-left","17":"mobile-align-left","19":"first","20":"instock","21":"purchasable","22":"product-type-simple"},"yoast_head":"<!-- This site is optimized with the Yoast SEO plugin v27.5 - https:\/\/yoast.com\/product\/yoast-seo-wordpress\/ -->\n<title>Bracelet Charoite Rhodonite Pierre de lune Phosphosid\u00e9rite - Au fil des pierres<\/title>\n<meta name=\"robots\" content=\"index, follow, max-snippet:-1, max-image-preview:large, max-video-preview:-1\" \/>\n<link rel=\"canonical\" href=\"https:\/\/aufildespierres.com\/index.php\/product\/bracelet-charoite-rhodonite-pierre-de-lune-phosphosiderite\/\" \/>\n<meta property=\"og:locale\" content=\"fr_FR\" \/>\n<meta property=\"og:type\" content=\"article\" \/>\n<meta property=\"og:title\" content=\"Bracelet Charoite Rhodonite Pierre de lune Phosphosid\u00e9rite - Au fil des pierres\" \/>\n<meta property=\"og:description\" content=\"Bracelet en 8mm\u00a0 compos\u00e9 de : 2 perles en Charoite et Charoite en forme chips, 5 pierres en pierre de Lune blanche, 5 pierres en Rhodonite,3 pierres en Phosphosid\u00e9rite Perles d&rsquo;espacement argent en acier inoxydable. Le bracelet est adapt\u00e9 \u00e0 une mesure de poignet de 17 \u00e0 18 cm. CHAROITE En purifiant mes \u00e9motions internes [&hellip;]\" \/>\n<meta property=\"og:url\" content=\"https:\/\/aufildespierres.com\/index.php\/product\/bracelet-charoite-rhodonite-pierre-de-lune-phosphosiderite\/\" \/>\n<meta property=\"og:site_name\" content=\"Au fil des pierres\" \/>\n<meta property=\"article:modified_time\" content=\"2025-09-10T16:53:46+00:00\" \/>\n<meta property=\"og:image\" content=\"https:\/\/aufildespierres.com\/wp-content\/uploads\/2023\/11\/20231105_163022.jpg\" \/>\n\t<meta property=\"og:image:width\" content=\"2240\" \/>\n\t<meta property=\"og:image:height\" content=\"2242\" \/>\n\t<meta property=\"og:image:type\" content=\"image\/jpeg\" \/>\n<meta name=\"twitter:card\" content=\"summary_large_image\" \/>\n<meta name=\"twitter:label1\" content=\"Dur\u00e9e de lecture estim\u00e9e\" \/>\n\t<meta name=\"twitter:data1\" content=\"6 minutes\" \/>\n<script type=\"application\/ld+json\" class=\"yoast-schema-graph\">{\"@context\":\"https:\\\/\\\/schema.org\",\"@graph\":[{\"@type\":\"WebPage\",\"@id\":\"https:\\\/\\\/aufildespierres.com\\\/index.php\\\/product\\\/bracelet-charoite-rhodonite-pierre-de-lune-phosphosiderite\\\/\",\"url\":\"https:\\\/\\\/aufildespierres.com\\\/index.php\\\/product\\\/bracelet-charoite-rhodonite-pierre-de-lune-phosphosiderite\\\/\",\"name\":\"Bracelet Charoite Rhodonite Pierre de lune Phosphosid\u00e9rite - Au fil des pierres\",\"isPartOf\":{\"@id\":\"https:\\\/\\\/aufildespierres.com\\\/#website\"},\"primaryImageOfPage\":{\"@id\":\"https:\\\/\\\/aufildespierres.com\\\/index.php\\\/product\\\/bracelet-charoite-rhodonite-pierre-de-lune-phosphosiderite\\\/#primaryimage\"},\"image\":{\"@id\":\"https:\\\/\\\/aufildespierres.com\\\/index.php\\\/product\\\/bracelet-charoite-rhodonite-pierre-de-lune-phosphosiderite\\\/#primaryimage\"},\"thumbnailUrl\":\"https:\\\/\\\/aufildespierres.com\\\/wp-content\\\/uploads\\\/2023\\\/11\\\/20231105_163022.jpg\",\"datePublished\":\"2023-11-06T13:59:23+00:00\",\"dateModified\":\"2025-09-10T16:53:46+00:00\",\"breadcrumb\":{\"@id\":\"https:\\\/\\\/aufildespierres.com\\\/index.php\\\/product\\\/bracelet-charoite-rhodonite-pierre-de-lune-phosphosiderite\\\/#breadcrumb\"},\"inLanguage\":\"fr-FR\",\"potentialAction\":[{\"@type\":\"ReadAction\",\"target\":[\"https:\\\/\\\/aufildespierres.com\\\/index.php\\\/product\\\/bracelet-charoite-rhodonite-pierre-de-lune-phosphosiderite\\\/\"]}]},{\"@type\":\"ImageObject\",\"inLanguage\":\"fr-FR\",\"@id\":\"https:\\\/\\\/aufildespierres.com\\\/index.php\\\/product\\\/bracelet-charoite-rhodonite-pierre-de-lune-phosphosiderite\\\/#primaryimage\",\"url\":\"https:\\\/\\\/aufildespierres.com\\\/wp-content\\\/uploads\\\/2023\\\/11\\\/20231105_163022.jpg\",\"contentUrl\":\"https:\\\/\\\/aufildespierres.com\\\/wp-content\\\/uploads\\\/2023\\\/11\\\/20231105_163022.jpg\",\"width\":2240,\"height\":2242},{\"@type\":\"BreadcrumbList\",\"@id\":\"https:\\\/\\\/aufildespierres.com\\\/index.php\\\/product\\\/bracelet-charoite-rhodonite-pierre-de-lune-phosphosiderite\\\/#breadcrumb\",\"itemListElement\":[{\"@type\":\"ListItem\",\"position\":1,\"name\":\"Accueil\",\"item\":\"https:\\\/\\\/aufildespierres.com\\\/\"},{\"@type\":\"ListItem\",\"position\":2,\"name\":\"Boutique de Lithoth\u00e9rapie\",\"item\":\"https:\\\/\\\/aufildespierres.com\\\/index.php\\\/boutique-de-lithotherapie\\\/\"},{\"@type\":\"ListItem\",\"position\":3,\"name\":\"Bracelet Charoite Rhodonite Pierre de lune Phosphosid\u00e9rite\"}]},{\"@type\":\"WebSite\",\"@id\":\"https:\\\/\\\/aufildespierres.com\\\/#website\",\"url\":\"https:\\\/\\\/aufildespierres.com\\\/\",\"name\":\"Au fil des pierres\",\"description\":\"Au fil des pierres\",\"publisher\":{\"@id\":\"https:\\\/\\\/aufildespierres.com\\\/#organization\"},\"potentialAction\":[{\"@type\":\"SearchAction\",\"target\":{\"@type\":\"EntryPoint\",\"urlTemplate\":\"https:\\\/\\\/aufildespierres.com\\\/?s={search_term_string}\"},\"query-input\":{\"@type\":\"PropertyValueSpecification\",\"valueRequired\":true,\"valueName\":\"search_term_string\"}}],\"inLanguage\":\"fr-FR\"},{\"@type\":\"Organization\",\"@id\":\"https:\\\/\\\/aufildespierres.com\\\/#organization\",\"name\":\"Au fil des pierres\",\"url\":\"https:\\\/\\\/aufildespierres.com\\\/\",\"logo\":{\"@type\":\"ImageObject\",\"inLanguage\":\"fr-FR\",\"@id\":\"https:\\\/\\\/aufildespierres.com\\\/#\\\/schema\\\/logo\\\/image\\\/\",\"url\":\"https:\\\/\\\/aufildespierres.com\\\/wp-content\\\/uploads\\\/2023\\\/05\\\/cropped-Logo-PNG-Transparent.png\",\"contentUrl\":\"https:\\\/\\\/aufildespierres.com\\\/wp-content\\\/uploads\\\/2023\\\/05\\\/cropped-Logo-PNG-Transparent.png\",\"width\":1776,\"height\":1625,\"caption\":\"Au fil des pierres\"},\"image\":{\"@id\":\"https:\\\/\\\/aufildespierres.com\\\/#\\\/schema\\\/logo\\\/image\\\/\"}}]}<\/script>\n<!-- \/ Yoast SEO plugin. -->","yoast_head_json":{"title":"Bracelet Charoite Rhodonite Pierre de lune Phosphosid\u00e9rite - Au fil des pierres","robots":{"index":"index","follow":"follow","max-snippet":"max-snippet:-1","max-image-preview":"max-image-preview:large","max-video-preview":"max-video-preview:-1"},"canonical":"https:\/\/aufildespierres.com\/index.php\/product\/bracelet-charoite-rhodonite-pierre-de-lune-phosphosiderite\/","og_locale":"fr_FR","og_type":"article","og_title":"Bracelet Charoite Rhodonite Pierre de lune Phosphosid\u00e9rite - Au fil des pierres","og_description":"Bracelet en 8mm\u00a0 compos\u00e9 de : 2 perles en Charoite et Charoite en forme chips, 5 pierres en pierre de Lune blanche, 5 pierres en Rhodonite,3 pierres en Phosphosid\u00e9rite Perles d&rsquo;espacement argent en acier inoxydable. Le bracelet est adapt\u00e9 \u00e0 une mesure de poignet de 17 \u00e0 18 cm. CHAROITE En purifiant mes \u00e9motions internes [&hellip;]","og_url":"https:\/\/aufildespierres.com\/index.php\/product\/bracelet-charoite-rhodonite-pierre-de-lune-phosphosiderite\/","og_site_name":"Au fil des pierres","article_modified_time":"2025-09-10T16:53:46+00:00","og_image":[{"width":2240,"height":2242,"url":"https:\/\/aufildespierres.com\/wp-content\/uploads\/2023\/11\/20231105_163022.jpg","type":"image\/jpeg"}],"twitter_card":"summary_large_image","twitter_misc":{"Dur\u00e9e de lecture estim\u00e9e":"6 minutes"},"schema":{"@context":"https:\/\/schema.org","@graph":[{"@type":"WebPage","@id":"https:\/\/aufildespierres.com\/index.php\/product\/bracelet-charoite-rhodonite-pierre-de-lune-phosphosiderite\/","url":"https:\/\/aufildespierres.com\/index.php\/product\/bracelet-charoite-rhodonite-pierre-de-lune-phosphosiderite\/","name":"Bracelet Charoite Rhodonite Pierre de lune Phosphosid\u00e9rite - Au fil des pierres","isPartOf":{"@id":"https:\/\/aufildespierres.com\/#website"},"primaryImageOfPage":{"@id":"https:\/\/aufildespierres.com\/index.php\/product\/bracelet-charoite-rhodonite-pierre-de-lune-phosphosiderite\/#primaryimage"},"image":{"@id":"https:\/\/aufildespierres.com\/index.php\/product\/bracelet-charoite-rhodonite-pierre-de-lune-phosphosiderite\/#primaryimage"},"thumbnailUrl":"https:\/\/aufildespierres.com\/wp-content\/uploads\/2023\/11\/20231105_163022.jpg","datePublished":"2023-11-06T13:59:23+00:00","dateModified":"2025-09-10T16:53:46+00:00","breadcrumb":{"@id":"https:\/\/aufildespierres.com\/index.php\/product\/bracelet-charoite-rhodonite-pierre-de-lune-phosphosiderite\/#breadcrumb"},"inLanguage":"fr-FR","potentialAction":[{"@type":"ReadAction","target":["https:\/\/aufildespierres.com\/index.php\/product\/bracelet-charoite-rhodonite-pierre-de-lune-phosphosiderite\/"]}]},{"@type":"ImageObject","inLanguage":"fr-FR","@id":"https:\/\/aufildespierres.com\/index.php\/product\/bracelet-charoite-rhodonite-pierre-de-lune-phosphosiderite\/#primaryimage","url":"https:\/\/aufildespierres.com\/wp-content\/uploads\/2023\/11\/20231105_163022.jpg","contentUrl":"https:\/\/aufildespierres.com\/wp-content\/uploads\/2023\/11\/20231105_163022.jpg","width":2240,"height":2242},{"@type":"BreadcrumbList","@id":"https:\/\/aufildespierres.com\/index.php\/product\/bracelet-charoite-rhodonite-pierre-de-lune-phosphosiderite\/#breadcrumb","itemListElement":[{"@type":"ListItem","position":1,"name":"Accueil","item":"https:\/\/aufildespierres.com\/"},{"@type":"ListItem","position":2,"name":"Boutique de Lithoth\u00e9rapie","item":"https:\/\/aufildespierres.com\/index.php\/boutique-de-lithotherapie\/"},{"@type":"ListItem","position":3,"name":"Bracelet Charoite Rhodonite Pierre de lune Phosphosid\u00e9rite"}]},{"@type":"WebSite","@id":"https:\/\/aufildespierres.com\/#website","url":"https:\/\/aufildespierres.com\/","name":"Au fil des pierres","description":"Au fil des pierres","publisher":{"@id":"https:\/\/aufildespierres.com\/#organization"},"potentialAction":[{"@type":"SearchAction","target":{"@type":"EntryPoint","urlTemplate":"https:\/\/aufildespierres.com\/?s={search_term_string}"},"query-input":{"@type":"PropertyValueSpecification","valueRequired":true,"valueName":"search_term_string"}}],"inLanguage":"fr-FR"},{"@type":"Organization","@id":"https:\/\/aufildespierres.com\/#organization","name":"Au fil des pierres","url":"https:\/\/aufildespierres.com\/","logo":{"@type":"ImageObject","inLanguage":"fr-FR","@id":"https:\/\/aufildespierres.com\/#\/schema\/logo\/image\/","url":"https:\/\/aufildespierres.com\/wp-content\/uploads\/2023\/05\/cropped-Logo-PNG-Transparent.png","contentUrl":"https:\/\/aufildespierres.com\/wp-content\/uploads\/2023\/05\/cropped-Logo-PNG-Transparent.png","width":1776,"height":1625,"caption":"Au fil des pierres"},"image":{"@id":"https:\/\/aufildespierres.com\/#\/schema\/logo\/image\/"}}]}},"_links":{"self":[{"href":"https:\/\/aufildespierres.com\/index.php\/wp-json\/wp\/v2\/product\/1139","targetHints":{"allow":["GET"]}}],"collection":[{"href":"https:\/\/aufildespierres.com\/index.php\/wp-json\/wp\/v2\/product"}],"about":[{"href":"https:\/\/aufildespierres.com\/index.php\/wp-json\/wp\/v2\/types\/product"}],"replies":[{"embeddable":true,"href":"https:\/\/aufildespierres.com\/index.php\/wp-json\/wp\/v2\/comments?post=1139"}],"wp:featuredmedia":[{"embeddable":true,"href":"https:\/\/aufildespierres.com\/index.php\/wp-json\/wp\/v2\/media\/1141"}],"wp:attachment":[{"href":"https:\/\/aufildespierres.com\/index.php\/wp-json\/wp\/v2\/media?parent=1139"}],"wp:term":[{"taxonomy":"product_brand","embeddable":true,"href":"https:\/\/aufildespierres.com\/index.php\/wp-json\/wp\/v2\/product_brand?post=1139"},{"taxonomy":"product_cat","embeddable":true,"href":"https:\/\/aufildespierres.com\/index.php\/wp-json\/wp\/v2\/product_cat?post=1139"},{"taxonomy":"product_tag","embeddable":true,"href":"https:\/\/aufildespierres.com\/index.php\/wp-json\/wp\/v2\/product_tag?post=1139"}],"curies":[{"name":"wp","href":"https:\/\/api.w.org\/{rel}","templated":true}]}}