{"id":1154,"date":"2023-11-06T18:41:04","date_gmt":"2023-11-06T17:41:04","guid":{"rendered":"https:\/\/aufildespierres.com\/?post_type=product&#038;p=1154"},"modified":"2025-09-10T18:48:04","modified_gmt":"2025-09-10T16:48:04","slug":"bracelet-grenat-et-quartz-rutile","status":"publish","type":"product","link":"https:\/\/aufildespierres.com\/index.php\/product\/bracelet-grenat-et-quartz-rutile\/","title":{"rendered":"Bracelet Grenat et Quartz rutile"},"content":{"rendered":"<p>Bracelet avec Grenat et Quartz rutile jaune en 8mm<\/p>\n<p>Adapt\u00e9 pour un poignet de 17 \u00e0 18 cm<\/p>\n<p>GRENAT<\/p>\n<p>Le terme grenat est associ\u00e9 \u00e0 la couleur rouge fonc\u00e9 mais il existe des grenats verts bruns, violac\u00e9s et jaunes et rouge ros\u00e9 ou rouge orang\u00e9<\/p>\n<p>Pierre agissant sur le chakra sacr\u00e9 et plexus solaire<\/p>\n<p><em>Propri\u00e9t\u00e9s psychiques :<\/em><\/p>\n<ul>\n<li>Apporte du positif, dynamise, procure force et courage et confiance en soi augmente la volont\u00e9 et la joie de vivre<\/li>\n<li>Favorise le respect de soi et combat l&rsquo;instabilit\u00e9 \u00e9motionnelle<\/li>\n<li>Augmente l&rsquo;assurance et aide \u00e0 r\u00e9ussir ses projets<\/li>\n<li>Aide \u00e0 l&rsquo;amour d\u2019autrui, la compassion et l&rsquo;\u00e9coute sans jugements<\/li>\n<li>Encourage la passion, stimule intimit\u00e9 et sexualit\u00e9<\/li>\n<li>Pierre qui soutient les engagements<\/li>\n<li>Favorise ancrage et apaisement<\/li>\n<li>Aide \u00e0 surmonter ses difficult\u00e9s et \u00e0 en sortir grandi.<\/li>\n<\/ul>\n<p><em>Propri\u00e9t\u00e9s physiques :<\/em><\/p>\n<ul>\n<li>Revigorant et tonifiant g\u00e9n\u00e9ral en particulier pour foie, rate reins<\/li>\n<li>Tonifie le c\u0153ur et purifie le sang (lutte contre insuffisances veineuses et jambes lourdes)<\/li>\n<li>Agit sur an\u00e9mie, hypotension, inflammations<\/li>\n<li>Fortifie les os, r\u00e9duit arthrite et arthrose, consolide les fractures et douleurs de la colonne vert\u00e9brale<\/li>\n<li>Purifie les chakras.<\/li>\n<\/ul>\n<p><strong>QUARTZ RUTILE<\/strong><\/p>\n<p>Des inclusions de plusieurs min\u00e9raux lui donnent un aspect avec des aiguilles au c\u0153ur du cristal, aucune pierre n&rsquo;est identique.<\/p>\n<p><em>Propri\u00e9t\u00e9s psychiques :<\/em><\/p>\n<ul>\n<li>Favorise le bien \u00eatre mental et spirituel<\/li>\n<li>Permet plus de stabilit\u00e9, sinc\u00e9rit\u00e9 et fluidit\u00e9 dans une relation sentimentale<\/li>\n<li>Favorise confiance en soi et ind\u00e9pendance<\/li>\n<li>Diminue la timidit\u00e9<\/li>\n<li>Aide \u00e0 g\u00e9rer les conflits et les \u00e9motions<\/li>\n<li>Soutien mental \u00e0 l&rsquo;amaigrissement ou \u00e0 l&rsquo;arr\u00eat du tabac<\/li>\n<li>Augmente force morale et volont\u00e9<\/li>\n<li>D\u00e9bloque les \u00e9nergies n\u00e9gatives du pass\u00e9 en favorisant leur l\u00e2cher prise<\/li>\n<li>Apporte harmonie, gaiet\u00e9 et ouverture au monde ext\u00e9rieur.<\/li>\n<\/ul>\n<p><em>Propri\u00e9t\u00e9s physiques :<\/em><\/p>\n<ul>\n<li>Am\u00e9liore la fonction cardiaque<\/li>\n<li>Soutient la circulation sanguine<\/li>\n<li>R\u00e9gule le syst\u00e8me nerveux<\/li>\n<li>Diminue les aigreurs d&rsquo;estomac<\/li>\n<li>Soulage les voies respiratoires, bronches, asthme<\/li>\n<li>Am\u00e9liore les performances physiques des sportifs, pour ceux qui ont besoin de force dans leur sport ou pour les professions d\u00e9pla\u00e7ant des charges lourdes.<\/li>\n<li>Action sur les blessures du tendon et musculaire<\/li>\n<li>Soulagerait l&rsquo;\u00e9pilepsie.<\/li>\n<\/ul>\n","protected":false},"excerpt":{"rendered":"<p>Confiance en soi\u00a0 Force morale\u00a0 Volont\u00e9<\/p>\n","protected":false},"featured_media":1155,"comment_status":"open","ping_status":"closed","template":"","meta":{"site-sidebar-layout":"default","site-content-layout":"","ast-site-content-layout":"default","site-content-style":"default","site-sidebar-style":"default","ast-global-header-display":"","ast-banner-title-visibility":"","ast-main-header-display":"","ast-hfb-above-header-display":"","ast-hfb-below-header-display":"","ast-hfb-mobile-header-display":"","site-post-title":"","ast-breadcrumbs-content":"","ast-featured-img":"","footer-sml-layout":"","ast-disable-related-posts":"","theme-transparent-header-meta":"default","adv-header-id-meta":"","stick-header-meta":"","header-above-stick-meta":"","header-main-stick-meta":"","header-below-stick-meta":"","astra-migrate-meta-layouts":"set","ast-page-background-enabled":"default","ast-page-background-meta":{"desktop":{"background-color":"var(--ast-global-color-4)","background-image":"","background-repeat":"repeat","background-position":"center center","background-size":"auto","background-attachment":"scroll","background-type":"","background-media":"","overlay-type":"","overlay-color":"","overlay-opacity":"","overlay-gradient":""},"tablet":{"background-color":"","background-image":"","background-repeat":"repeat","background-position":"center center","background-size":"auto","background-attachment":"scroll","background-type":"","background-media":"","overlay-type":"","overlay-color":"","overlay-opacity":"","overlay-gradient":""},"mobile":{"background-color":"","background-image":"","background-repeat":"repeat","background-position":"center center","background-size":"auto","background-attachment":"scroll","background-type":"","background-media":"","overlay-type":"","overlay-color":"","overlay-opacity":"","overlay-gradient":""}},"ast-content-background-meta":{"desktop":{"background-color":"var(--ast-global-color-5)","background-image":"","background-repeat":"repeat","background-position":"center center","background-size":"auto","background-attachment":"scroll","background-type":"","background-media":"","overlay-type":"","overlay-color":"","overlay-opacity":"","overlay-gradient":""},"tablet":{"background-color":"var(--ast-global-color-5)","background-image":"","background-repeat":"repeat","background-position":"center center","background-size":"auto","background-attachment":"scroll","background-type":"","background-media":"","overlay-type":"","overlay-color":"","overlay-opacity":"","overlay-gradient":""},"mobile":{"background-color":"var(--ast-global-color-5)","background-image":"","background-repeat":"repeat","background-position":"center center","background-size":"auto","background-attachment":"scroll","background-type":"","background-media":"","overlay-type":"","overlay-color":"","overlay-opacity":"","overlay-gradient":""}},"_glsr_average":0,"_glsr_ranking":0,"_glsr_reviews":0},"product_brand":[],"product_cat":[54,123,102,56,290,49,100,84,174,15],"product_tag":[],"class_list":{"0":"post-1154","1":"product","2":"type-product","3":"status-publish","4":"has-post-thumbnail","6":"product_cat-8-mm","7":"product_cat-ancrage-et-determination","8":"product_cat-bordeaux","9":"product_cat-bracelets-de-lithotherapie","10":"product_cat-bracelets-de-lithotherapie-femmes","11":"product_cat-confiance-en-soi","12":"product_cat-grenat","13":"product_cat-jaune","14":"product_cat-quartz-rutile","15":"product_cat-tout","16":"desktop-align-left","17":"tablet-align-left","18":"mobile-align-left","20":"first","21":"instock","22":"purchasable","23":"product-type-simple"},"yoast_head":"<!-- This site is optimized with the Yoast SEO plugin v27.5 - https:\/\/yoast.com\/product\/yoast-seo-wordpress\/ -->\n<title>Bracelet Grenat et Quartz rutile - Au fil des pierres<\/title>\n<meta name=\"robots\" content=\"index, follow, max-snippet:-1, max-image-preview:large, max-video-preview:-1\" \/>\n<link rel=\"canonical\" href=\"https:\/\/aufildespierres.com\/index.php\/product\/bracelet-grenat-et-quartz-rutile\/\" \/>\n<meta property=\"og:locale\" content=\"fr_FR\" \/>\n<meta property=\"og:type\" content=\"article\" \/>\n<meta property=\"og:title\" content=\"Bracelet Grenat et Quartz rutile - Au fil des pierres\" \/>\n<meta property=\"og:description\" content=\"Confiance en soi\u00a0 Force morale\u00a0 Volont\u00e9\" \/>\n<meta property=\"og:url\" content=\"https:\/\/aufildespierres.com\/index.php\/product\/bracelet-grenat-et-quartz-rutile\/\" \/>\n<meta property=\"og:site_name\" content=\"Au fil des pierres\" \/>\n<meta property=\"article:modified_time\" content=\"2025-09-10T16:48:04+00:00\" \/>\n<meta property=\"og:image\" content=\"https:\/\/aufildespierres.com\/wp-content\/uploads\/2023\/11\/20231105_164028.jpg\" \/>\n\t<meta property=\"og:image:width\" content=\"2240\" \/>\n\t<meta property=\"og:image:height\" content=\"2350\" \/>\n\t<meta property=\"og:image:type\" content=\"image\/jpeg\" \/>\n<meta name=\"twitter:card\" content=\"summary_large_image\" \/>\n<meta name=\"twitter:label1\" content=\"Dur\u00e9e de lecture estim\u00e9e\" \/>\n\t<meta name=\"twitter:data1\" content=\"2 minutes\" \/>\n<script type=\"application\/ld+json\" class=\"yoast-schema-graph\">{\"@context\":\"https:\\\/\\\/schema.org\",\"@graph\":[{\"@type\":\"WebPage\",\"@id\":\"https:\\\/\\\/aufildespierres.com\\\/index.php\\\/product\\\/bracelet-grenat-et-quartz-rutile\\\/\",\"url\":\"https:\\\/\\\/aufildespierres.com\\\/index.php\\\/product\\\/bracelet-grenat-et-quartz-rutile\\\/\",\"name\":\"Bracelet Grenat et Quartz rutile - Au fil des pierres\",\"isPartOf\":{\"@id\":\"https:\\\/\\\/aufildespierres.com\\\/#website\"},\"primaryImageOfPage\":{\"@id\":\"https:\\\/\\\/aufildespierres.com\\\/index.php\\\/product\\\/bracelet-grenat-et-quartz-rutile\\\/#primaryimage\"},\"image\":{\"@id\":\"https:\\\/\\\/aufildespierres.com\\\/index.php\\\/product\\\/bracelet-grenat-et-quartz-rutile\\\/#primaryimage\"},\"thumbnailUrl\":\"https:\\\/\\\/aufildespierres.com\\\/wp-content\\\/uploads\\\/2023\\\/11\\\/20231105_164028.jpg\",\"datePublished\":\"2023-11-06T17:41:04+00:00\",\"dateModified\":\"2025-09-10T16:48:04+00:00\",\"breadcrumb\":{\"@id\":\"https:\\\/\\\/aufildespierres.com\\\/index.php\\\/product\\\/bracelet-grenat-et-quartz-rutile\\\/#breadcrumb\"},\"inLanguage\":\"fr-FR\",\"potentialAction\":[{\"@type\":\"ReadAction\",\"target\":[\"https:\\\/\\\/aufildespierres.com\\\/index.php\\\/product\\\/bracelet-grenat-et-quartz-rutile\\\/\"]}]},{\"@type\":\"ImageObject\",\"inLanguage\":\"fr-FR\",\"@id\":\"https:\\\/\\\/aufildespierres.com\\\/index.php\\\/product\\\/bracelet-grenat-et-quartz-rutile\\\/#primaryimage\",\"url\":\"https:\\\/\\\/aufildespierres.com\\\/wp-content\\\/uploads\\\/2023\\\/11\\\/20231105_164028.jpg\",\"contentUrl\":\"https:\\\/\\\/aufildespierres.com\\\/wp-content\\\/uploads\\\/2023\\\/11\\\/20231105_164028.jpg\",\"width\":2240,\"height\":2350},{\"@type\":\"BreadcrumbList\",\"@id\":\"https:\\\/\\\/aufildespierres.com\\\/index.php\\\/product\\\/bracelet-grenat-et-quartz-rutile\\\/#breadcrumb\",\"itemListElement\":[{\"@type\":\"ListItem\",\"position\":1,\"name\":\"Accueil\",\"item\":\"https:\\\/\\\/aufildespierres.com\\\/\"},{\"@type\":\"ListItem\",\"position\":2,\"name\":\"Boutique de Lithoth\u00e9rapie\",\"item\":\"https:\\\/\\\/aufildespierres.com\\\/index.php\\\/boutique-de-lithotherapie\\\/\"},{\"@type\":\"ListItem\",\"position\":3,\"name\":\"Bracelet Grenat et Quartz rutile\"}]},{\"@type\":\"WebSite\",\"@id\":\"https:\\\/\\\/aufildespierres.com\\\/#website\",\"url\":\"https:\\\/\\\/aufildespierres.com\\\/\",\"name\":\"Au fil des pierres\",\"description\":\"Au fil des pierres\",\"publisher\":{\"@id\":\"https:\\\/\\\/aufildespierres.com\\\/#organization\"},\"potentialAction\":[{\"@type\":\"SearchAction\",\"target\":{\"@type\":\"EntryPoint\",\"urlTemplate\":\"https:\\\/\\\/aufildespierres.com\\\/?s={search_term_string}\"},\"query-input\":{\"@type\":\"PropertyValueSpecification\",\"valueRequired\":true,\"valueName\":\"search_term_string\"}}],\"inLanguage\":\"fr-FR\"},{\"@type\":\"Organization\",\"@id\":\"https:\\\/\\\/aufildespierres.com\\\/#organization\",\"name\":\"Au fil des pierres\",\"url\":\"https:\\\/\\\/aufildespierres.com\\\/\",\"logo\":{\"@type\":\"ImageObject\",\"inLanguage\":\"fr-FR\",\"@id\":\"https:\\\/\\\/aufildespierres.com\\\/#\\\/schema\\\/logo\\\/image\\\/\",\"url\":\"https:\\\/\\\/aufildespierres.com\\\/wp-content\\\/uploads\\\/2023\\\/05\\\/cropped-Logo-PNG-Transparent.png\",\"contentUrl\":\"https:\\\/\\\/aufildespierres.com\\\/wp-content\\\/uploads\\\/2023\\\/05\\\/cropped-Logo-PNG-Transparent.png\",\"width\":1776,\"height\":1625,\"caption\":\"Au fil des pierres\"},\"image\":{\"@id\":\"https:\\\/\\\/aufildespierres.com\\\/#\\\/schema\\\/logo\\\/image\\\/\"}}]}<\/script>\n<!-- \/ Yoast SEO plugin. -->","yoast_head_json":{"title":"Bracelet Grenat et Quartz rutile - Au fil des pierres","robots":{"index":"index","follow":"follow","max-snippet":"max-snippet:-1","max-image-preview":"max-image-preview:large","max-video-preview":"max-video-preview:-1"},"canonical":"https:\/\/aufildespierres.com\/index.php\/product\/bracelet-grenat-et-quartz-rutile\/","og_locale":"fr_FR","og_type":"article","og_title":"Bracelet Grenat et Quartz rutile - Au fil des pierres","og_description":"Confiance en soi\u00a0 Force morale\u00a0 Volont\u00e9","og_url":"https:\/\/aufildespierres.com\/index.php\/product\/bracelet-grenat-et-quartz-rutile\/","og_site_name":"Au fil des pierres","article_modified_time":"2025-09-10T16:48:04+00:00","og_image":[{"width":2240,"height":2350,"url":"https:\/\/aufildespierres.com\/wp-content\/uploads\/2023\/11\/20231105_164028.jpg","type":"image\/jpeg"}],"twitter_card":"summary_large_image","twitter_misc":{"Dur\u00e9e de lecture estim\u00e9e":"2 minutes"},"schema":{"@context":"https:\/\/schema.org","@graph":[{"@type":"WebPage","@id":"https:\/\/aufildespierres.com\/index.php\/product\/bracelet-grenat-et-quartz-rutile\/","url":"https:\/\/aufildespierres.com\/index.php\/product\/bracelet-grenat-et-quartz-rutile\/","name":"Bracelet Grenat et Quartz rutile - Au fil des pierres","isPartOf":{"@id":"https:\/\/aufildespierres.com\/#website"},"primaryImageOfPage":{"@id":"https:\/\/aufildespierres.com\/index.php\/product\/bracelet-grenat-et-quartz-rutile\/#primaryimage"},"image":{"@id":"https:\/\/aufildespierres.com\/index.php\/product\/bracelet-grenat-et-quartz-rutile\/#primaryimage"},"thumbnailUrl":"https:\/\/aufildespierres.com\/wp-content\/uploads\/2023\/11\/20231105_164028.jpg","datePublished":"2023-11-06T17:41:04+00:00","dateModified":"2025-09-10T16:48:04+00:00","breadcrumb":{"@id":"https:\/\/aufildespierres.com\/index.php\/product\/bracelet-grenat-et-quartz-rutile\/#breadcrumb"},"inLanguage":"fr-FR","potentialAction":[{"@type":"ReadAction","target":["https:\/\/aufildespierres.com\/index.php\/product\/bracelet-grenat-et-quartz-rutile\/"]}]},{"@type":"ImageObject","inLanguage":"fr-FR","@id":"https:\/\/aufildespierres.com\/index.php\/product\/bracelet-grenat-et-quartz-rutile\/#primaryimage","url":"https:\/\/aufildespierres.com\/wp-content\/uploads\/2023\/11\/20231105_164028.jpg","contentUrl":"https:\/\/aufildespierres.com\/wp-content\/uploads\/2023\/11\/20231105_164028.jpg","width":2240,"height":2350},{"@type":"BreadcrumbList","@id":"https:\/\/aufildespierres.com\/index.php\/product\/bracelet-grenat-et-quartz-rutile\/#breadcrumb","itemListElement":[{"@type":"ListItem","position":1,"name":"Accueil","item":"https:\/\/aufildespierres.com\/"},{"@type":"ListItem","position":2,"name":"Boutique de Lithoth\u00e9rapie","item":"https:\/\/aufildespierres.com\/index.php\/boutique-de-lithotherapie\/"},{"@type":"ListItem","position":3,"name":"Bracelet Grenat et Quartz rutile"}]},{"@type":"WebSite","@id":"https:\/\/aufildespierres.com\/#website","url":"https:\/\/aufildespierres.com\/","name":"Au fil des pierres","description":"Au fil des pierres","publisher":{"@id":"https:\/\/aufildespierres.com\/#organization"},"potentialAction":[{"@type":"SearchAction","target":{"@type":"EntryPoint","urlTemplate":"https:\/\/aufildespierres.com\/?s={search_term_string}"},"query-input":{"@type":"PropertyValueSpecification","valueRequired":true,"valueName":"search_term_string"}}],"inLanguage":"fr-FR"},{"@type":"Organization","@id":"https:\/\/aufildespierres.com\/#organization","name":"Au fil des pierres","url":"https:\/\/aufildespierres.com\/","logo":{"@type":"ImageObject","inLanguage":"fr-FR","@id":"https:\/\/aufildespierres.com\/#\/schema\/logo\/image\/","url":"https:\/\/aufildespierres.com\/wp-content\/uploads\/2023\/05\/cropped-Logo-PNG-Transparent.png","contentUrl":"https:\/\/aufildespierres.com\/wp-content\/uploads\/2023\/05\/cropped-Logo-PNG-Transparent.png","width":1776,"height":1625,"caption":"Au fil des pierres"},"image":{"@id":"https:\/\/aufildespierres.com\/#\/schema\/logo\/image\/"}}]}},"_links":{"self":[{"href":"https:\/\/aufildespierres.com\/index.php\/wp-json\/wp\/v2\/product\/1154","targetHints":{"allow":["GET"]}}],"collection":[{"href":"https:\/\/aufildespierres.com\/index.php\/wp-json\/wp\/v2\/product"}],"about":[{"href":"https:\/\/aufildespierres.com\/index.php\/wp-json\/wp\/v2\/types\/product"}],"replies":[{"embeddable":true,"href":"https:\/\/aufildespierres.com\/index.php\/wp-json\/wp\/v2\/comments?post=1154"}],"wp:featuredmedia":[{"embeddable":true,"href":"https:\/\/aufildespierres.com\/index.php\/wp-json\/wp\/v2\/media\/1155"}],"wp:attachment":[{"href":"https:\/\/aufildespierres.com\/index.php\/wp-json\/wp\/v2\/media?parent=1154"}],"wp:term":[{"taxonomy":"product_brand","embeddable":true,"href":"https:\/\/aufildespierres.com\/index.php\/wp-json\/wp\/v2\/product_brand?post=1154"},{"taxonomy":"product_cat","embeddable":true,"href":"https:\/\/aufildespierres.com\/index.php\/wp-json\/wp\/v2\/product_cat?post=1154"},{"taxonomy":"product_tag","embeddable":true,"href":"https:\/\/aufildespierres.com\/index.php\/wp-json\/wp\/v2\/product_tag?post=1154"}],"curies":[{"name":"wp","href":"https:\/\/api.w.org\/{rel}","templated":true}]}}