{"id":1156,"date":"2023-11-06T18:52:09","date_gmt":"2023-11-06T17:52:09","guid":{"rendered":"https:\/\/aufildespierres.com\/?post_type=product&#038;p=1156"},"modified":"2025-09-14T12:42:56","modified_gmt":"2025-09-14T10:42:56","slug":"bracelet-jaspe-picasso-gris","status":"publish","type":"product","link":"https:\/\/aufildespierres.com\/index.php\/product\/bracelet-jaspe-picasso-gris\/","title":{"rendered":"Bracelet Jaspe Picasso gris"},"content":{"rendered":"<h1 data-start=\"94\" data-end=\"151\">Bracelet Jaspe Picasso gris<\/h1>\n<h2 data-start=\"94\" data-end=\"151\"><strong>\u00a0<\/strong><\/h2>\n<p data-start=\"153\" data-end=\"600\">Le <strong data-start=\"156\" data-end=\"178\">Jaspe Picasso gris<\/strong> est une pierre aux teintes \u00e9l\u00e9gantes, m\u00ealant gris, noir et parfois des nuances plus claires. Chaque pi\u00e8ce est unique, comme une v\u00e9ritable \u0153uvre d\u2019art min\u00e9rale. Elle doit son nom au peintre Pablo Picasso, car ses motifs rappellent des coups de pinceaux abstraits. En lithoth\u00e9rapie, cette pierre est reconnue pour sa capacit\u00e9 \u00e0 stimuler la cr\u00e9ativit\u00e9, encourager les projets et favoriser un meilleur ancrage au quotidien.<\/p>\n<h3 data-start=\"602\" data-end=\"649\">Propri\u00e9t\u00e9s psychiques du Jaspe Picasso gris<\/h3>\n<p data-start=\"651\" data-end=\"1270\">Pierre de joie et d\u2019\u00e9lan cr\u00e9atif, <strong>le Jaspe Picasso gris<\/strong> encourage \u00e0 sortir de sa zone de confort. Il favorise les initiatives et pousse au passage \u00e0 l\u2019action. Il canalise les \u00e9nergies dispers\u00e9es pour permettre de mener \u00e0 terme un projet, m\u00eame ambitieux. Reli\u00e9 \u00e0 la Terre M\u00e8re, il revitalise les chakras et offre une stabilit\u00e9 int\u00e9rieure. Cette pierre aide aussi \u00e0 se sentir prot\u00e9g\u00e9 et en s\u00e9curit\u00e9, ce qui facilite le l\u00e2cher-prise et apaise les \u00e9motions trop intenses. En portant le Jaspe Picasso, on d\u00e9veloppe une ouverture au monde, plus de curiosit\u00e9 et une meilleure capacit\u00e9 \u00e0 s\u2019\u00e9merveiller de ce qui nous entoure.<\/p>\n<h3 data-start=\"1272\" data-end=\"1318\">Propri\u00e9t\u00e9s physiques du Jaspe Picasso gris<\/h3>\n<p data-start=\"1320\" data-end=\"1906\">Le Jaspe Picasso gris agit \u00e9galement sur le corps. Il soutient le syst\u00e8me immunitaire et aide \u00e0 r\u00e9duire la fatigue. Il stimule les connexions nerveuses et c\u00e9r\u00e9brales, favorisant ainsi la concentration et la clart\u00e9 d\u2019esprit. Cette pierre am\u00e9liore la circulation sanguine et soutient le syst\u00e8me digestif, en soulageant notamment les douleurs gastriques et intestinales. Elle apaise les douleurs menstruelles et diminue les tensions musculaires li\u00e9es au stress. Enfin, elle facilite l\u2019assimilation du calcium et contribue \u00e0 renforcer les os, apportant vitalit\u00e9 et \u00e9quilibre au quotidien.<\/p>\n<h3 data-start=\"1908\" data-end=\"1952\">Pourquoi choisir le Jaspe Picasso gris ?<\/h3>\n<p data-start=\"1954\" data-end=\"2248\">Alliant beaut\u00e9 visuelle et bienfaits \u00e9nerg\u00e9tiques,<strong> le Jaspe Picasso gris<\/strong> est une pierre id\u00e9ale pour les personnes en qu\u00eate de cr\u00e9ativit\u00e9, de force int\u00e9rieure et d\u2019apaisement. Que vous le portiez en bijou, en pierre roul\u00e9e ou en objet d\u00e9coratif, il vous accompagnera avec douceur et stabilit\u00e9.<\/p>\n","protected":false},"excerpt":{"rendered":"<p>S\u00e9curit\u00e9\u00a0 \u00a0Contr\u00f4le des \u00e9motions\u00a0 L\u00e2cher prise<\/p>\n","protected":false},"featured_media":4217,"comment_status":"open","ping_status":"closed","template":"","meta":{"site-sidebar-layout":"default","site-content-layout":"","ast-site-content-layout":"default","site-content-style":"default","site-sidebar-style":"default","ast-global-header-display":"","ast-banner-title-visibility":"","ast-main-header-display":"","ast-hfb-above-header-display":"","ast-hfb-below-header-display":"","ast-hfb-mobile-header-display":"","site-post-title":"","ast-breadcrumbs-content":"","ast-featured-img":"","footer-sml-layout":"","ast-disable-related-posts":"","theme-transparent-header-meta":"default","adv-header-id-meta":"","stick-header-meta":"","header-above-stick-meta":"","header-main-stick-meta":"","header-below-stick-meta":"","astra-migrate-meta-layouts":"set","ast-page-background-enabled":"default","ast-page-background-meta":{"desktop":{"background-color":"var(--ast-global-color-4)","background-image":"","background-repeat":"repeat","background-position":"center center","background-size":"auto","background-attachment":"scroll","background-type":"","background-media":"","overlay-type":"","overlay-color":"","overlay-opacity":"","overlay-gradient":""},"tablet":{"background-color":"","background-image":"","background-repeat":"repeat","background-position":"center center","background-size":"auto","background-attachment":"scroll","background-type":"","background-media":"","overlay-type":"","overlay-color":"","overlay-opacity":"","overlay-gradient":""},"mobile":{"background-color":"","background-image":"","background-repeat":"repeat","background-position":"center center","background-size":"auto","background-attachment":"scroll","background-type":"","background-media":"","overlay-type":"","overlay-color":"","overlay-opacity":"","overlay-gradient":""}},"ast-content-background-meta":{"desktop":{"background-color":"var(--ast-global-color-5)","background-image":"","background-repeat":"repeat","background-position":"center center","background-size":"auto","background-attachment":"scroll","background-type":"","background-media":"","overlay-type":"","overlay-color":"","overlay-opacity":"","overlay-gradient":""},"tablet":{"background-color":"var(--ast-global-color-5)","background-image":"","background-repeat":"repeat","background-position":"center center","background-size":"auto","background-attachment":"scroll","background-type":"","background-media":"","overlay-type":"","overlay-color":"","overlay-opacity":"","overlay-gradient":""},"mobile":{"background-color":"var(--ast-global-color-5)","background-image":"","background-repeat":"repeat","background-position":"center center","background-size":"auto","background-attachment":"scroll","background-type":"","background-media":"","overlay-type":"","overlay-color":"","overlay-opacity":"","overlay-gradient":""}},"_glsr_average":0,"_glsr_ranking":0,"_glsr_reviews":0},"product_brand":[],"product_cat":[55,54,56,59,49,99,185,104,42],"product_tag":[],"class_list":{"0":"post-1156","1":"product","2":"type-product","3":"status-publish","4":"has-post-thumbnail","6":"product_cat-10-mm","7":"product_cat-8-mm","8":"product_cat-bracelets-de-lithotherapie","9":"product_cat-bracelets-de-lithotherapie-hommes","10":"product_cat-confiance-en-soi","11":"product_cat-gris","12":"product_cat-jaspe-picasso-gris-noir","13":"product_cat-labradorite","14":"product_cat-protection","15":"desktop-align-left","16":"tablet-align-left","17":"mobile-align-left","19":"first","20":"instock","21":"purchasable","22":"product-type-simple"},"yoast_head":"<!-- This site is optimized with the Yoast SEO plugin v27.5 - https:\/\/yoast.com\/product\/yoast-seo-wordpress\/ -->\n<title>Bracelet Jaspe Picasso gris - Au fil des pierres<\/title>\n<meta name=\"description\" content=\"Bracelet en Jaspe Picasso gris \u2013 Pierre de cr\u00e9ativit\u00e9 et d\u2019ancrage. Stimule la joie, apaise les \u00e9motions, soutient l\u2019immunit\u00e9 et renforce l\u2019\u00e9quilibre int\u00e9rieur.\" \/>\n<meta name=\"robots\" content=\"index, follow, max-snippet:-1, max-image-preview:large, max-video-preview:-1\" \/>\n<link rel=\"canonical\" href=\"https:\/\/aufildespierres.com\/index.php\/product\/bracelet-jaspe-picasso-gris\/\" \/>\n<meta property=\"og:locale\" content=\"fr_FR\" \/>\n<meta property=\"og:type\" content=\"article\" \/>\n<meta property=\"og:title\" content=\"Bracelet Jaspe Picasso gris - Au fil des pierres\" \/>\n<meta property=\"og:description\" content=\"Bracelet en Jaspe Picasso gris \u2013 Pierre de cr\u00e9ativit\u00e9 et d\u2019ancrage. Stimule la joie, apaise les \u00e9motions, soutient l\u2019immunit\u00e9 et renforce l\u2019\u00e9quilibre int\u00e9rieur.\" \/>\n<meta property=\"og:url\" content=\"https:\/\/aufildespierres.com\/index.php\/product\/bracelet-jaspe-picasso-gris\/\" \/>\n<meta property=\"og:site_name\" content=\"Au fil des pierres\" \/>\n<meta property=\"article:modified_time\" content=\"2025-09-14T10:42:56+00:00\" \/>\n<meta property=\"og:image\" content=\"https:\/\/aufildespierres.com\/wp-content\/uploads\/2023\/11\/20250914_115709.jpg\" \/>\n\t<meta property=\"og:image:width\" content=\"2296\" \/>\n\t<meta property=\"og:image:height\" content=\"2492\" \/>\n\t<meta property=\"og:image:type\" content=\"image\/jpeg\" \/>\n<meta name=\"twitter:card\" content=\"summary_large_image\" \/>\n<meta name=\"twitter:label1\" content=\"Dur\u00e9e de lecture estim\u00e9e\" \/>\n\t<meta name=\"twitter:data1\" content=\"2 minutes\" \/>\n<script type=\"application\/ld+json\" class=\"yoast-schema-graph\">{\"@context\":\"https:\\\/\\\/schema.org\",\"@graph\":[{\"@type\":\"WebPage\",\"@id\":\"https:\\\/\\\/aufildespierres.com\\\/index.php\\\/product\\\/bracelet-jaspe-picasso-gris\\\/\",\"url\":\"https:\\\/\\\/aufildespierres.com\\\/index.php\\\/product\\\/bracelet-jaspe-picasso-gris\\\/\",\"name\":\"Bracelet Jaspe Picasso gris - Au fil des pierres\",\"isPartOf\":{\"@id\":\"https:\\\/\\\/aufildespierres.com\\\/#website\"},\"primaryImageOfPage\":{\"@id\":\"https:\\\/\\\/aufildespierres.com\\\/index.php\\\/product\\\/bracelet-jaspe-picasso-gris\\\/#primaryimage\"},\"image\":{\"@id\":\"https:\\\/\\\/aufildespierres.com\\\/index.php\\\/product\\\/bracelet-jaspe-picasso-gris\\\/#primaryimage\"},\"thumbnailUrl\":\"https:\\\/\\\/aufildespierres.com\\\/wp-content\\\/uploads\\\/2023\\\/11\\\/20250914_115709.jpg\",\"datePublished\":\"2023-11-06T17:52:09+00:00\",\"dateModified\":\"2025-09-14T10:42:56+00:00\",\"description\":\"Bracelet en Jaspe Picasso gris \u2013 Pierre de cr\u00e9ativit\u00e9 et d\u2019ancrage. Stimule la joie, apaise les \u00e9motions, soutient l\u2019immunit\u00e9 et renforce l\u2019\u00e9quilibre int\u00e9rieur.\",\"breadcrumb\":{\"@id\":\"https:\\\/\\\/aufildespierres.com\\\/index.php\\\/product\\\/bracelet-jaspe-picasso-gris\\\/#breadcrumb\"},\"inLanguage\":\"fr-FR\",\"potentialAction\":[{\"@type\":\"ReadAction\",\"target\":[\"https:\\\/\\\/aufildespierres.com\\\/index.php\\\/product\\\/bracelet-jaspe-picasso-gris\\\/\"]}]},{\"@type\":\"ImageObject\",\"inLanguage\":\"fr-FR\",\"@id\":\"https:\\\/\\\/aufildespierres.com\\\/index.php\\\/product\\\/bracelet-jaspe-picasso-gris\\\/#primaryimage\",\"url\":\"https:\\\/\\\/aufildespierres.com\\\/wp-content\\\/uploads\\\/2023\\\/11\\\/20250914_115709.jpg\",\"contentUrl\":\"https:\\\/\\\/aufildespierres.com\\\/wp-content\\\/uploads\\\/2023\\\/11\\\/20250914_115709.jpg\",\"width\":2296,\"height\":2492},{\"@type\":\"BreadcrumbList\",\"@id\":\"https:\\\/\\\/aufildespierres.com\\\/index.php\\\/product\\\/bracelet-jaspe-picasso-gris\\\/#breadcrumb\",\"itemListElement\":[{\"@type\":\"ListItem\",\"position\":1,\"name\":\"Accueil\",\"item\":\"https:\\\/\\\/aufildespierres.com\\\/\"},{\"@type\":\"ListItem\",\"position\":2,\"name\":\"Boutique de Lithoth\u00e9rapie\",\"item\":\"https:\\\/\\\/aufildespierres.com\\\/index.php\\\/boutique-de-lithotherapie\\\/\"},{\"@type\":\"ListItem\",\"position\":3,\"name\":\"Bracelet Jaspe Picasso gris\"}]},{\"@type\":\"WebSite\",\"@id\":\"https:\\\/\\\/aufildespierres.com\\\/#website\",\"url\":\"https:\\\/\\\/aufildespierres.com\\\/\",\"name\":\"Au fil des pierres\",\"description\":\"Au fil des pierres\",\"publisher\":{\"@id\":\"https:\\\/\\\/aufildespierres.com\\\/#organization\"},\"potentialAction\":[{\"@type\":\"SearchAction\",\"target\":{\"@type\":\"EntryPoint\",\"urlTemplate\":\"https:\\\/\\\/aufildespierres.com\\\/?s={search_term_string}\"},\"query-input\":{\"@type\":\"PropertyValueSpecification\",\"valueRequired\":true,\"valueName\":\"search_term_string\"}}],\"inLanguage\":\"fr-FR\"},{\"@type\":\"Organization\",\"@id\":\"https:\\\/\\\/aufildespierres.com\\\/#organization\",\"name\":\"Au fil des pierres\",\"url\":\"https:\\\/\\\/aufildespierres.com\\\/\",\"logo\":{\"@type\":\"ImageObject\",\"inLanguage\":\"fr-FR\",\"@id\":\"https:\\\/\\\/aufildespierres.com\\\/#\\\/schema\\\/logo\\\/image\\\/\",\"url\":\"https:\\\/\\\/aufildespierres.com\\\/wp-content\\\/uploads\\\/2023\\\/05\\\/cropped-Logo-PNG-Transparent.png\",\"contentUrl\":\"https:\\\/\\\/aufildespierres.com\\\/wp-content\\\/uploads\\\/2023\\\/05\\\/cropped-Logo-PNG-Transparent.png\",\"width\":1776,\"height\":1625,\"caption\":\"Au fil des pierres\"},\"image\":{\"@id\":\"https:\\\/\\\/aufildespierres.com\\\/#\\\/schema\\\/logo\\\/image\\\/\"}}]}<\/script>\n<!-- \/ Yoast SEO plugin. -->","yoast_head_json":{"title":"Bracelet Jaspe Picasso gris - Au fil des pierres","description":"Bracelet en Jaspe Picasso gris \u2013 Pierre de cr\u00e9ativit\u00e9 et d\u2019ancrage. Stimule la joie, apaise les \u00e9motions, soutient l\u2019immunit\u00e9 et renforce l\u2019\u00e9quilibre int\u00e9rieur.","robots":{"index":"index","follow":"follow","max-snippet":"max-snippet:-1","max-image-preview":"max-image-preview:large","max-video-preview":"max-video-preview:-1"},"canonical":"https:\/\/aufildespierres.com\/index.php\/product\/bracelet-jaspe-picasso-gris\/","og_locale":"fr_FR","og_type":"article","og_title":"Bracelet Jaspe Picasso gris - Au fil des pierres","og_description":"Bracelet en Jaspe Picasso gris \u2013 Pierre de cr\u00e9ativit\u00e9 et d\u2019ancrage. Stimule la joie, apaise les \u00e9motions, soutient l\u2019immunit\u00e9 et renforce l\u2019\u00e9quilibre int\u00e9rieur.","og_url":"https:\/\/aufildespierres.com\/index.php\/product\/bracelet-jaspe-picasso-gris\/","og_site_name":"Au fil des pierres","article_modified_time":"2025-09-14T10:42:56+00:00","og_image":[{"width":2296,"height":2492,"url":"https:\/\/aufildespierres.com\/wp-content\/uploads\/2023\/11\/20250914_115709.jpg","type":"image\/jpeg"}],"twitter_card":"summary_large_image","twitter_misc":{"Dur\u00e9e de lecture estim\u00e9e":"2 minutes"},"schema":{"@context":"https:\/\/schema.org","@graph":[{"@type":"WebPage","@id":"https:\/\/aufildespierres.com\/index.php\/product\/bracelet-jaspe-picasso-gris\/","url":"https:\/\/aufildespierres.com\/index.php\/product\/bracelet-jaspe-picasso-gris\/","name":"Bracelet Jaspe Picasso gris - Au fil des pierres","isPartOf":{"@id":"https:\/\/aufildespierres.com\/#website"},"primaryImageOfPage":{"@id":"https:\/\/aufildespierres.com\/index.php\/product\/bracelet-jaspe-picasso-gris\/#primaryimage"},"image":{"@id":"https:\/\/aufildespierres.com\/index.php\/product\/bracelet-jaspe-picasso-gris\/#primaryimage"},"thumbnailUrl":"https:\/\/aufildespierres.com\/wp-content\/uploads\/2023\/11\/20250914_115709.jpg","datePublished":"2023-11-06T17:52:09+00:00","dateModified":"2025-09-14T10:42:56+00:00","description":"Bracelet en Jaspe Picasso gris \u2013 Pierre de cr\u00e9ativit\u00e9 et d\u2019ancrage. Stimule la joie, apaise les \u00e9motions, soutient l\u2019immunit\u00e9 et renforce l\u2019\u00e9quilibre int\u00e9rieur.","breadcrumb":{"@id":"https:\/\/aufildespierres.com\/index.php\/product\/bracelet-jaspe-picasso-gris\/#breadcrumb"},"inLanguage":"fr-FR","potentialAction":[{"@type":"ReadAction","target":["https:\/\/aufildespierres.com\/index.php\/product\/bracelet-jaspe-picasso-gris\/"]}]},{"@type":"ImageObject","inLanguage":"fr-FR","@id":"https:\/\/aufildespierres.com\/index.php\/product\/bracelet-jaspe-picasso-gris\/#primaryimage","url":"https:\/\/aufildespierres.com\/wp-content\/uploads\/2023\/11\/20250914_115709.jpg","contentUrl":"https:\/\/aufildespierres.com\/wp-content\/uploads\/2023\/11\/20250914_115709.jpg","width":2296,"height":2492},{"@type":"BreadcrumbList","@id":"https:\/\/aufildespierres.com\/index.php\/product\/bracelet-jaspe-picasso-gris\/#breadcrumb","itemListElement":[{"@type":"ListItem","position":1,"name":"Accueil","item":"https:\/\/aufildespierres.com\/"},{"@type":"ListItem","position":2,"name":"Boutique de Lithoth\u00e9rapie","item":"https:\/\/aufildespierres.com\/index.php\/boutique-de-lithotherapie\/"},{"@type":"ListItem","position":3,"name":"Bracelet Jaspe Picasso gris"}]},{"@type":"WebSite","@id":"https:\/\/aufildespierres.com\/#website","url":"https:\/\/aufildespierres.com\/","name":"Au fil des pierres","description":"Au fil des pierres","publisher":{"@id":"https:\/\/aufildespierres.com\/#organization"},"potentialAction":[{"@type":"SearchAction","target":{"@type":"EntryPoint","urlTemplate":"https:\/\/aufildespierres.com\/?s={search_term_string}"},"query-input":{"@type":"PropertyValueSpecification","valueRequired":true,"valueName":"search_term_string"}}],"inLanguage":"fr-FR"},{"@type":"Organization","@id":"https:\/\/aufildespierres.com\/#organization","name":"Au fil des pierres","url":"https:\/\/aufildespierres.com\/","logo":{"@type":"ImageObject","inLanguage":"fr-FR","@id":"https:\/\/aufildespierres.com\/#\/schema\/logo\/image\/","url":"https:\/\/aufildespierres.com\/wp-content\/uploads\/2023\/05\/cropped-Logo-PNG-Transparent.png","contentUrl":"https:\/\/aufildespierres.com\/wp-content\/uploads\/2023\/05\/cropped-Logo-PNG-Transparent.png","width":1776,"height":1625,"caption":"Au fil des pierres"},"image":{"@id":"https:\/\/aufildespierres.com\/#\/schema\/logo\/image\/"}}]}},"_links":{"self":[{"href":"https:\/\/aufildespierres.com\/index.php\/wp-json\/wp\/v2\/product\/1156","targetHints":{"allow":["GET"]}}],"collection":[{"href":"https:\/\/aufildespierres.com\/index.php\/wp-json\/wp\/v2\/product"}],"about":[{"href":"https:\/\/aufildespierres.com\/index.php\/wp-json\/wp\/v2\/types\/product"}],"replies":[{"embeddable":true,"href":"https:\/\/aufildespierres.com\/index.php\/wp-json\/wp\/v2\/comments?post=1156"}],"wp:featuredmedia":[{"embeddable":true,"href":"https:\/\/aufildespierres.com\/index.php\/wp-json\/wp\/v2\/media\/4217"}],"wp:attachment":[{"href":"https:\/\/aufildespierres.com\/index.php\/wp-json\/wp\/v2\/media?parent=1156"}],"wp:term":[{"taxonomy":"product_brand","embeddable":true,"href":"https:\/\/aufildespierres.com\/index.php\/wp-json\/wp\/v2\/product_brand?post=1156"},{"taxonomy":"product_cat","embeddable":true,"href":"https:\/\/aufildespierres.com\/index.php\/wp-json\/wp\/v2\/product_cat?post=1156"},{"taxonomy":"product_tag","embeddable":true,"href":"https:\/\/aufildespierres.com\/index.php\/wp-json\/wp\/v2\/product_tag?post=1156"}],"curies":[{"name":"wp","href":"https:\/\/api.w.org\/{rel}","templated":true}]}}