{"id":1200,"date":"2023-11-08T15:26:52","date_gmt":"2023-11-08T14:26:52","guid":{"rendered":"https:\/\/aufildespierres.com\/?post_type=product&#038;p=1200"},"modified":"2025-09-10T13:26:49","modified_gmt":"2025-09-10T11:26:49","slug":"bracelet-grenat-quartz-rose-cristal-de-roche","status":"publish","type":"product","link":"https:\/\/aufildespierres.com\/index.php\/product\/bracelet-grenat-quartz-rose-cristal-de-roche\/","title":{"rendered":"Bracelet Grenat Quartz rose Cristal de roche"},"content":{"rendered":"<p>Bracelet compos\u00e9 de :<\/p>\n<p>Grenat rouge fonc\u00e9, quartz rose violac\u00e9, et cristal de roche craquel\u00e9 en 8mm<\/p>\n<p>Un bracelet qui soutiendra amour et passion avec \u00e0 la fois douceur et \u00e9nergie ainsi que l&rsquo;amour de soi.<\/p>\n<p>Perle cache n\u0153ud qui peut s&rsquo;ouvrir en acier inoxydable d\u00e9cor \u00e9toiles.<\/p>\n<p>T\u00eate de bouddha argent\u00e9e.<\/p>\n<div class=\"x1e56ztr\"><span class=\"x193iq5w xeuugli x13faqbe x1vvkbs x1xmvt09 x6prxxf xvq8zen xo1l8bm xzsf02u\"><b>GRENAT<\/b><\/span><\/div>\n<div class=\"x1e56ztr\"><span class=\"x193iq5w xeuugli x13faqbe x1vvkbs x1xmvt09 x6prxxf xvq8zen xo1l8bm xzsf02u\">Le terme grenat est associ\u00e9 \u00e0 la couleur rouge fonc\u00e9 mais il existe des grenats verts, bruns, violac\u00e9s et jaunes et rouge ros\u00e9 ou rouge orang\u00e9<\/span><\/div>\n<div class=\"x1e56ztr\"><span class=\"x193iq5w xeuugli x13faqbe x1vvkbs x1xmvt09 x6prxxf xvq8zen xo1l8bm xzsf02u\">Pierre agissant sur le chakra du coeur<\/span><\/div>\n<div class=\"x1e56ztr\"><span class=\"x193iq5w xeuugli x13faqbe x1vvkbs x1xmvt09 x6prxxf xvq8zen xo1l8bm xzsf02u\"><i>Propri\u00e9t\u00e9s psychiques :<\/i><\/span><\/div>\n<ul class=\"x1e56ztr x1xmf6yo x1xfsgkm xtaz4m5\">\n<li>\n<div class=\"x1e56ztr\"><span class=\"x193iq5w xeuugli x13faqbe x1vvkbs x1xmvt09 x6prxxf xvq8zen xo1l8bm xzsf02u\">Apporte du positif, dynamise procure force et courage et confiance en soi ;augmente la volont\u00e9 et la joie de vivre et les motivations<\/span><\/div>\n<\/li>\n<li>\n<div class=\"x1e56ztr\"><span class=\"x193iq5w xeuugli x13faqbe x1vvkbs x1xmvt09 x6prxxf xvq8zen xo1l8bm xzsf02u\">Favorise le respect de soi et combat l\u2019instabilit\u00e9 \u00e9motionnelle<\/span><\/div>\n<\/li>\n<li>\n<div class=\"x1e56ztr\"><span class=\"x193iq5w xeuugli x13faqbe x1vvkbs x1xmvt09 x6prxxf xvq8zen xo1l8bm xzsf02u\">Augmente l\u2019assurance et aide \u00e0 r\u00e9ussir ses projets, diminue les id\u00e9es parasite et aide \u00e0 se concentrer sur les \u00e9l\u00e9ments essentiels de sa vie avec r\u00e9flexion et efficacit\u00e9<\/span><\/div>\n<\/li>\n<li>\n<div class=\"x1e56ztr\"><span class=\"x193iq5w xeuugli x13faqbe x1vvkbs x1xmvt09 x6prxxf xvq8zen xo1l8bm xzsf02u\">Augmente productivit\u00e9 et r\u00e9ussite (au travail)<\/span><\/div>\n<\/li>\n<li>\n<div class=\"x1e56ztr\"><span class=\"x193iq5w xeuugli x13faqbe x1vvkbs x1xmvt09 x6prxxf xvq8zen xo1l8bm xzsf02u\">Aide \u00e0 l\u2019amour d\u2019autrui, la compassion et l\u2019\u00e9coute sans jugements<\/span><\/div>\n<\/li>\n<li>\n<div class=\"x1e56ztr\"><span class=\"x193iq5w xeuugli x13faqbe x1vvkbs x1xmvt09 x6prxxf xvq8zen xo1l8bm xzsf02u\">Encourage la passion, stimule intimit\u00e9 et sexualit\u00e9<\/span><\/div>\n<\/li>\n<li>\n<div class=\"x1e56ztr\"><span class=\"x193iq5w xeuugli x13faqbe x1vvkbs x1xmvt09 x6prxxf xvq8zen xo1l8bm xzsf02u\">Pierre qui soutient les engagements et la fid\u00e9lit\u00e9 ; aide les c\u00e9libataires \u00e0 se pr\u00e9parer \u00e0 l\u2019amour d\u00e9sir\u00e9 ; aide aussi \u00e0 r\u00e9parer un c\u0153ur bris\u00e9, une rupture ou un deuil amoureux.<\/span><\/div>\n<\/li>\n<\/ul>\n<p><strong>\u00a0<\/strong><\/p>\n<p><strong>Quartz rose:\u00a0<\/strong><\/p>\n<p><strong>Propri\u00e9t\u00e9s psychiques\u00a0: <\/strong><\/p>\n<ul>\n<li>Associ\u00e9e au chakra du c\u0153ur le quartz rose apporte douceur, tendresse, paix et calme int\u00e9rieur, apaise les blessures profondes, les traumas et peines de c\u0153ur r\u00e9cents ou de l\u2019enfance<\/li>\n<li>Aide \u00e0 prendre conscience de l&rsquo;amour de soi et s&rsquo;accepter tel que l&rsquo;on est, apprendre \u00e0 s\u2019aimer et d\u2019avoir une meilleure image de soi<\/li>\n<li>Augmente confiance et estime de soi, s\u00e9curise les enfants jusqu\u2019\u00e0 la pubert\u00e9 (\u00e9nergie d\u2019amour maternel)<\/li>\n<li>Aide \u00e0 pardonne et respecter, redonne tendresse, affection, \u00e9coute et sagesse pour donner et recevoir de l&rsquo;amour.<\/li>\n<li>Aide \u00e0 trouver de l\u2019inspiration cr\u00e9ative.<\/li>\n<\/ul>\n<p><strong><u>Cot\u00e9 amour\u00a0: <\/u><\/strong><\/p>\n<p>Pour soi- m\u00eame, pour consolider les liens ou pour un nouvel amour<\/p>\n<p>Pierre de l\u2019amour en g\u00e9n\u00e9ral y compris celui de soi et de l\u2019humanit\u00e9, si on d\u00e9veloppe un amour de soi qui rayonne \u00e0 l\u2019ext\u00e9rieur on pourra plus facilement attirer de bonnes relations \u00e0 nous.<\/p>\n<p>Il pourra \u00eatre utilis\u00e9 pour :<\/p>\n<p>&#8211; Ressentir et d\u00e9velopper l\u2019amour et estime de soi ce qui permettra ensuite de s\u2019ouvrir aux autres et \u00e0 un partenaire, \u00a0Attirer l\u2019amour<\/p>\n<p>&#8211; D\u00e9clarer sa flamme et manifester son amour \u00e0 un partenaire, aide \u00e0 exprimer ses sentiments c\u2019est la pierre qui signifie \u00ab je t\u2019aime \u00bb<\/p>\n<p>&#8211; Remonter la pente en cas de s\u00e9paration et aider \u00e0 croire encore \u00e0 l\u2019amour durant cette p\u00e9riode<\/p>\n<p>&#8211; Cadeau de mariage ou pour un couple \u00e0 placer dans la chambre \u00e0 coucher pour procurer harmonie bonheur et chance<\/p>\n<p>&#8211; En cas de c\u00e9libat qui dure<\/p>\n<p>&#8211; Aide \u00e0 \u00eatre plus en symbiose lors d\u2019une rencontre et facilite les \u00e9changes<\/p>\n<p>&#8211; Renforce confiance et estime de soi apaise rassure, aide \u00e0 dissiper les m\u00e9fiances du pass\u00e9 li\u00e9es aux blessures pour faire confiance \u00e0 nouveau et ouvrir son c\u0153ur<\/p>\n<p>&#8211; Adoucit la perte d\u2019un amour ou d\u2019un \u00eatre cher et permet de rayonner plus positivement<\/p>\n<p>&#8211; Ouvre le c\u0153ur \u00e0 l\u2019amour inconditionnel tendresse douceur paix int\u00e9rieure<\/p>\n<p>&#8211; Ouvre la communication pardon compassion<\/p>\n<p>&#8211; Evite jalousie ressentiment col\u00e8re apaise les tensions<\/p>\n<p>&#8211; M\u00e9diter avec un cristal dans sa main : \u00ab j\u2019attire l\u2019amour dans ma vie \u00bb<\/p>\n<p>&nbsp;<\/p>\n<p><em>Propri\u00e9t\u00e9s physiques :<\/em><\/p>\n<ul>\n<li>Am\u00e9liore le syst\u00e8me circulatoire et apaise les bleus<\/li>\n<li>Diminue la tension art\u00e9rielle et lutte contre les infections ou maladies d\u00e9g\u00e9n\u00e9ratives du syst\u00e8me nerveux<\/li>\n<li>Calme hyperactivit\u00e9, stress, angoisses<\/li>\n<li>Prot\u00e8ge poumons, c\u0153ur et voies respiratoires<\/li>\n<li>R\u00e9duit les ulc\u00e8res dus au stress<\/li>\n<li>Elimine les toxines du corps via les surr\u00e9nales<\/li>\n<li>Augmente la fertilit\u00e9<\/li>\n<li>Aide contre les insomnies et maux de t\u00eate.<\/li>\n<li>Diminue les rides ( appliqu\u00e9 en roll on de massage )<\/li>\n<li>Att\u00e9nue les perturbations g\u00e9o biologiques.<\/li>\n<\/ul>\n<p>Une pierre de quartz rose peut se placer dans une pi\u00e8ce \u00e0 vivre ou dans une chambre pour apaiser les tensions, r\u00e9unifier, favoriser l\u2019amour.<\/p>\n<p>&nbsp;<\/p>\n<p><strong>Cristal de roche :<\/strong><\/p>\n<p>Le cristal de roche est l\u2019union entre la mati\u00e8re solide et la transparence immat\u00e9rielle<\/p>\n<p>Il est utilis\u00e9 sur tous les chakras et est la pierre la plus facile \u00e0 programmer.<\/p>\n<p>&nbsp;<\/p>\n<p><strong>Propri\u00e9t\u00e9s psychiques <\/strong><\/p>\n<p>Amplifie et fluidifie les \u00e9nergies et active les chakras<\/p>\n<p>Amplifie les propri\u00e9t\u00e9s des autres pierres avec qui il est associ\u00e9<\/p>\n<p>R\u00e9duit stress anxi\u00e9t\u00e9 et d\u00e9pendances, augmente la confiance en soi<\/p>\n<p>Renforce l\u2019\u00e9coute et l\u2019ouverture d\u2019esprit<\/p>\n<p>Favorise le calme mental, le repos de l\u2019esprit et la m\u00e9ditation<\/p>\n<ul>\n<li>Clarifie ce qui est n\u00e9cessaire, augmente la sensibilit\u00e9<\/li>\n<li>D\u00e9veloppe clairvoyance, intuition, concentration<\/li>\n<li>Aide \u00e0 se recentrer apr\u00e8s des perturbations.<\/li>\n<\/ul>\n<p><strong>Propri\u00e9t\u00e9s physiques <\/strong><\/p>\n<p>Fortifie le c\u0153ur en g\u00e9n\u00e9ral<\/p>\n<p>Favorise la digestion<\/p>\n<ul>\n<li>Aide \u00e0 soulager les douleurs lombaires et musculaires<\/li>\n<li>Agit sur le syst\u00e8me immunitaire, les affections des yeux et oreilles.<\/li>\n<\/ul>\n","protected":false},"excerpt":{"rendered":"<p>Amour et passion y compris amour de soi.<\/p>\n","protected":false},"featured_media":1201,"comment_status":"open","ping_status":"closed","template":"","meta":{"site-sidebar-layout":"default","site-content-layout":"","ast-site-content-layout":"default","site-content-style":"default","site-sidebar-style":"default","ast-global-header-display":"","ast-banner-title-visibility":"","ast-main-header-display":"","ast-hfb-above-header-display":"","ast-hfb-below-header-display":"","ast-hfb-mobile-header-display":"","site-post-title":"","ast-breadcrumbs-content":"","ast-featured-img":"","footer-sml-layout":"","ast-disable-related-posts":"","theme-transparent-header-meta":"default","adv-header-id-meta":"","stick-header-meta":"","header-above-stick-meta":"","header-main-stick-meta":"","header-below-stick-meta":"","astra-migrate-meta-layouts":"set","ast-page-background-enabled":"default","ast-page-background-meta":{"desktop":{"background-color":"var(--ast-global-color-4)","background-image":"","background-repeat":"repeat","background-position":"center center","background-size":"auto","background-attachment":"scroll","background-type":"","background-media":"","overlay-type":"","overlay-color":"","overlay-opacity":"","overlay-gradient":""},"tablet":{"background-color":"","background-image":"","background-repeat":"repeat","background-position":"center center","background-size":"auto","background-attachment":"scroll","background-type":"","background-media":"","overlay-type":"","overlay-color":"","overlay-opacity":"","overlay-gradient":""},"mobile":{"background-color":"","background-image":"","background-repeat":"repeat","background-position":"center center","background-size":"auto","background-attachment":"scroll","background-type":"","background-media":"","overlay-type":"","overlay-color":"","overlay-opacity":"","overlay-gradient":""}},"ast-content-background-meta":{"desktop":{"background-color":"var(--ast-global-color-5)","background-image":"","background-repeat":"repeat","background-position":"center center","background-size":"auto","background-attachment":"scroll","background-type":"","background-media":"","overlay-type":"","overlay-color":"","overlay-opacity":"","overlay-gradient":""},"tablet":{"background-color":"var(--ast-global-color-5)","background-image":"","background-repeat":"repeat","background-position":"center center","background-size":"auto","background-attachment":"scroll","background-type":"","background-media":"","overlay-type":"","overlay-color":"","overlay-opacity":"","overlay-gradient":""},"mobile":{"background-color":"var(--ast-global-color-5)","background-image":"","background-repeat":"repeat","background-position":"center center","background-size":"auto","background-attachment":"scroll","background-type":"","background-media":"","overlay-type":"","overlay-color":"","overlay-opacity":"","overlay-gradient":""}},"_glsr_average":0,"_glsr_ranking":0,"_glsr_reviews":0},"product_brand":[],"product_cat":[54,67,102,56,290,93,100,75,65,41],"product_tag":[],"class_list":{"0":"post-1200","1":"product","2":"type-product","3":"status-publish","4":"has-post-thumbnail","6":"product_cat-8-mm","7":"product_cat-blanc","8":"product_cat-bordeaux","9":"product_cat-bracelets-de-lithotherapie","10":"product_cat-bracelets-de-lithotherapie-femmes","11":"product_cat-cristal-de-roche","12":"product_cat-grenat","13":"product_cat-quartz-rose","14":"product_cat-rose","15":"product_cat-vitalite","16":"desktop-align-left","17":"tablet-align-left","18":"mobile-align-left","20":"first","21":"instock","22":"purchasable","23":"product-type-simple"},"yoast_head":"<!-- This site is optimized with the Yoast SEO plugin v27.5 - https:\/\/yoast.com\/product\/yoast-seo-wordpress\/ -->\n<title>Bracelet Grenat Quartz rose Cristal de roche - Au fil des pierres<\/title>\n<meta name=\"robots\" content=\"index, follow, max-snippet:-1, max-image-preview:large, max-video-preview:-1\" \/>\n<link rel=\"canonical\" href=\"https:\/\/aufildespierres.com\/index.php\/product\/bracelet-grenat-quartz-rose-cristal-de-roche\/\" \/>\n<meta property=\"og:locale\" content=\"fr_FR\" \/>\n<meta property=\"og:type\" content=\"article\" \/>\n<meta property=\"og:title\" content=\"Bracelet Grenat Quartz rose Cristal de roche - Au fil des pierres\" \/>\n<meta property=\"og:description\" content=\"Amour et passion y compris amour de soi.\" \/>\n<meta property=\"og:url\" content=\"https:\/\/aufildespierres.com\/index.php\/product\/bracelet-grenat-quartz-rose-cristal-de-roche\/\" \/>\n<meta property=\"og:site_name\" content=\"Au fil des pierres\" \/>\n<meta property=\"article:modified_time\" content=\"2025-09-10T11:26:49+00:00\" \/>\n<meta property=\"og:image\" content=\"https:\/\/aufildespierres.com\/wp-content\/uploads\/2023\/11\/20231108_123232.jpg\" \/>\n\t<meta property=\"og:image:width\" content=\"2469\" \/>\n\t<meta property=\"og:image:height\" content=\"2218\" \/>\n\t<meta property=\"og:image:type\" content=\"image\/jpeg\" \/>\n<meta name=\"twitter:card\" content=\"summary_large_image\" \/>\n<meta name=\"twitter:label1\" content=\"Dur\u00e9e de lecture estim\u00e9e\" \/>\n\t<meta name=\"twitter:data1\" content=\"5 minutes\" \/>\n<script type=\"application\/ld+json\" class=\"yoast-schema-graph\">{\"@context\":\"https:\\\/\\\/schema.org\",\"@graph\":[{\"@type\":\"WebPage\",\"@id\":\"https:\\\/\\\/aufildespierres.com\\\/index.php\\\/product\\\/bracelet-grenat-quartz-rose-cristal-de-roche\\\/\",\"url\":\"https:\\\/\\\/aufildespierres.com\\\/index.php\\\/product\\\/bracelet-grenat-quartz-rose-cristal-de-roche\\\/\",\"name\":\"Bracelet Grenat Quartz rose Cristal de roche - Au fil des pierres\",\"isPartOf\":{\"@id\":\"https:\\\/\\\/aufildespierres.com\\\/#website\"},\"primaryImageOfPage\":{\"@id\":\"https:\\\/\\\/aufildespierres.com\\\/index.php\\\/product\\\/bracelet-grenat-quartz-rose-cristal-de-roche\\\/#primaryimage\"},\"image\":{\"@id\":\"https:\\\/\\\/aufildespierres.com\\\/index.php\\\/product\\\/bracelet-grenat-quartz-rose-cristal-de-roche\\\/#primaryimage\"},\"thumbnailUrl\":\"https:\\\/\\\/aufildespierres.com\\\/wp-content\\\/uploads\\\/2023\\\/11\\\/20231108_123232.jpg\",\"datePublished\":\"2023-11-08T14:26:52+00:00\",\"dateModified\":\"2025-09-10T11:26:49+00:00\",\"breadcrumb\":{\"@id\":\"https:\\\/\\\/aufildespierres.com\\\/index.php\\\/product\\\/bracelet-grenat-quartz-rose-cristal-de-roche\\\/#breadcrumb\"},\"inLanguage\":\"fr-FR\",\"potentialAction\":[{\"@type\":\"ReadAction\",\"target\":[\"https:\\\/\\\/aufildespierres.com\\\/index.php\\\/product\\\/bracelet-grenat-quartz-rose-cristal-de-roche\\\/\"]}]},{\"@type\":\"ImageObject\",\"inLanguage\":\"fr-FR\",\"@id\":\"https:\\\/\\\/aufildespierres.com\\\/index.php\\\/product\\\/bracelet-grenat-quartz-rose-cristal-de-roche\\\/#primaryimage\",\"url\":\"https:\\\/\\\/aufildespierres.com\\\/wp-content\\\/uploads\\\/2023\\\/11\\\/20231108_123232.jpg\",\"contentUrl\":\"https:\\\/\\\/aufildespierres.com\\\/wp-content\\\/uploads\\\/2023\\\/11\\\/20231108_123232.jpg\",\"width\":2469,\"height\":2218},{\"@type\":\"BreadcrumbList\",\"@id\":\"https:\\\/\\\/aufildespierres.com\\\/index.php\\\/product\\\/bracelet-grenat-quartz-rose-cristal-de-roche\\\/#breadcrumb\",\"itemListElement\":[{\"@type\":\"ListItem\",\"position\":1,\"name\":\"Accueil\",\"item\":\"https:\\\/\\\/aufildespierres.com\\\/\"},{\"@type\":\"ListItem\",\"position\":2,\"name\":\"Boutique de Lithoth\u00e9rapie\",\"item\":\"https:\\\/\\\/aufildespierres.com\\\/index.php\\\/boutique-de-lithotherapie\\\/\"},{\"@type\":\"ListItem\",\"position\":3,\"name\":\"Bracelet Grenat Quartz rose Cristal de roche\"}]},{\"@type\":\"WebSite\",\"@id\":\"https:\\\/\\\/aufildespierres.com\\\/#website\",\"url\":\"https:\\\/\\\/aufildespierres.com\\\/\",\"name\":\"Au fil des pierres\",\"description\":\"Au fil des pierres\",\"publisher\":{\"@id\":\"https:\\\/\\\/aufildespierres.com\\\/#organization\"},\"potentialAction\":[{\"@type\":\"SearchAction\",\"target\":{\"@type\":\"EntryPoint\",\"urlTemplate\":\"https:\\\/\\\/aufildespierres.com\\\/?s={search_term_string}\"},\"query-input\":{\"@type\":\"PropertyValueSpecification\",\"valueRequired\":true,\"valueName\":\"search_term_string\"}}],\"inLanguage\":\"fr-FR\"},{\"@type\":\"Organization\",\"@id\":\"https:\\\/\\\/aufildespierres.com\\\/#organization\",\"name\":\"Au fil des pierres\",\"url\":\"https:\\\/\\\/aufildespierres.com\\\/\",\"logo\":{\"@type\":\"ImageObject\",\"inLanguage\":\"fr-FR\",\"@id\":\"https:\\\/\\\/aufildespierres.com\\\/#\\\/schema\\\/logo\\\/image\\\/\",\"url\":\"https:\\\/\\\/aufildespierres.com\\\/wp-content\\\/uploads\\\/2023\\\/05\\\/cropped-Logo-PNG-Transparent.png\",\"contentUrl\":\"https:\\\/\\\/aufildespierres.com\\\/wp-content\\\/uploads\\\/2023\\\/05\\\/cropped-Logo-PNG-Transparent.png\",\"width\":1776,\"height\":1625,\"caption\":\"Au fil des pierres\"},\"image\":{\"@id\":\"https:\\\/\\\/aufildespierres.com\\\/#\\\/schema\\\/logo\\\/image\\\/\"}}]}<\/script>\n<!-- \/ Yoast SEO plugin. -->","yoast_head_json":{"title":"Bracelet Grenat Quartz rose Cristal de roche - Au fil des pierres","robots":{"index":"index","follow":"follow","max-snippet":"max-snippet:-1","max-image-preview":"max-image-preview:large","max-video-preview":"max-video-preview:-1"},"canonical":"https:\/\/aufildespierres.com\/index.php\/product\/bracelet-grenat-quartz-rose-cristal-de-roche\/","og_locale":"fr_FR","og_type":"article","og_title":"Bracelet Grenat Quartz rose Cristal de roche - Au fil des pierres","og_description":"Amour et passion y compris amour de soi.","og_url":"https:\/\/aufildespierres.com\/index.php\/product\/bracelet-grenat-quartz-rose-cristal-de-roche\/","og_site_name":"Au fil des pierres","article_modified_time":"2025-09-10T11:26:49+00:00","og_image":[{"width":2469,"height":2218,"url":"https:\/\/aufildespierres.com\/wp-content\/uploads\/2023\/11\/20231108_123232.jpg","type":"image\/jpeg"}],"twitter_card":"summary_large_image","twitter_misc":{"Dur\u00e9e de lecture estim\u00e9e":"5 minutes"},"schema":{"@context":"https:\/\/schema.org","@graph":[{"@type":"WebPage","@id":"https:\/\/aufildespierres.com\/index.php\/product\/bracelet-grenat-quartz-rose-cristal-de-roche\/","url":"https:\/\/aufildespierres.com\/index.php\/product\/bracelet-grenat-quartz-rose-cristal-de-roche\/","name":"Bracelet Grenat Quartz rose Cristal de roche - Au fil des pierres","isPartOf":{"@id":"https:\/\/aufildespierres.com\/#website"},"primaryImageOfPage":{"@id":"https:\/\/aufildespierres.com\/index.php\/product\/bracelet-grenat-quartz-rose-cristal-de-roche\/#primaryimage"},"image":{"@id":"https:\/\/aufildespierres.com\/index.php\/product\/bracelet-grenat-quartz-rose-cristal-de-roche\/#primaryimage"},"thumbnailUrl":"https:\/\/aufildespierres.com\/wp-content\/uploads\/2023\/11\/20231108_123232.jpg","datePublished":"2023-11-08T14:26:52+00:00","dateModified":"2025-09-10T11:26:49+00:00","breadcrumb":{"@id":"https:\/\/aufildespierres.com\/index.php\/product\/bracelet-grenat-quartz-rose-cristal-de-roche\/#breadcrumb"},"inLanguage":"fr-FR","potentialAction":[{"@type":"ReadAction","target":["https:\/\/aufildespierres.com\/index.php\/product\/bracelet-grenat-quartz-rose-cristal-de-roche\/"]}]},{"@type":"ImageObject","inLanguage":"fr-FR","@id":"https:\/\/aufildespierres.com\/index.php\/product\/bracelet-grenat-quartz-rose-cristal-de-roche\/#primaryimage","url":"https:\/\/aufildespierres.com\/wp-content\/uploads\/2023\/11\/20231108_123232.jpg","contentUrl":"https:\/\/aufildespierres.com\/wp-content\/uploads\/2023\/11\/20231108_123232.jpg","width":2469,"height":2218},{"@type":"BreadcrumbList","@id":"https:\/\/aufildespierres.com\/index.php\/product\/bracelet-grenat-quartz-rose-cristal-de-roche\/#breadcrumb","itemListElement":[{"@type":"ListItem","position":1,"name":"Accueil","item":"https:\/\/aufildespierres.com\/"},{"@type":"ListItem","position":2,"name":"Boutique de Lithoth\u00e9rapie","item":"https:\/\/aufildespierres.com\/index.php\/boutique-de-lithotherapie\/"},{"@type":"ListItem","position":3,"name":"Bracelet Grenat Quartz rose Cristal de roche"}]},{"@type":"WebSite","@id":"https:\/\/aufildespierres.com\/#website","url":"https:\/\/aufildespierres.com\/","name":"Au fil des pierres","description":"Au fil des pierres","publisher":{"@id":"https:\/\/aufildespierres.com\/#organization"},"potentialAction":[{"@type":"SearchAction","target":{"@type":"EntryPoint","urlTemplate":"https:\/\/aufildespierres.com\/?s={search_term_string}"},"query-input":{"@type":"PropertyValueSpecification","valueRequired":true,"valueName":"search_term_string"}}],"inLanguage":"fr-FR"},{"@type":"Organization","@id":"https:\/\/aufildespierres.com\/#organization","name":"Au fil des pierres","url":"https:\/\/aufildespierres.com\/","logo":{"@type":"ImageObject","inLanguage":"fr-FR","@id":"https:\/\/aufildespierres.com\/#\/schema\/logo\/image\/","url":"https:\/\/aufildespierres.com\/wp-content\/uploads\/2023\/05\/cropped-Logo-PNG-Transparent.png","contentUrl":"https:\/\/aufildespierres.com\/wp-content\/uploads\/2023\/05\/cropped-Logo-PNG-Transparent.png","width":1776,"height":1625,"caption":"Au fil des pierres"},"image":{"@id":"https:\/\/aufildespierres.com\/#\/schema\/logo\/image\/"}}]}},"_links":{"self":[{"href":"https:\/\/aufildespierres.com\/index.php\/wp-json\/wp\/v2\/product\/1200","targetHints":{"allow":["GET"]}}],"collection":[{"href":"https:\/\/aufildespierres.com\/index.php\/wp-json\/wp\/v2\/product"}],"about":[{"href":"https:\/\/aufildespierres.com\/index.php\/wp-json\/wp\/v2\/types\/product"}],"replies":[{"embeddable":true,"href":"https:\/\/aufildespierres.com\/index.php\/wp-json\/wp\/v2\/comments?post=1200"}],"wp:featuredmedia":[{"embeddable":true,"href":"https:\/\/aufildespierres.com\/index.php\/wp-json\/wp\/v2\/media\/1201"}],"wp:attachment":[{"href":"https:\/\/aufildespierres.com\/index.php\/wp-json\/wp\/v2\/media?parent=1200"}],"wp:term":[{"taxonomy":"product_brand","embeddable":true,"href":"https:\/\/aufildespierres.com\/index.php\/wp-json\/wp\/v2\/product_brand?post=1200"},{"taxonomy":"product_cat","embeddable":true,"href":"https:\/\/aufildespierres.com\/index.php\/wp-json\/wp\/v2\/product_cat?post=1200"},{"taxonomy":"product_tag","embeddable":true,"href":"https:\/\/aufildespierres.com\/index.php\/wp-json\/wp\/v2\/product_tag?post=1200"}],"curies":[{"name":"wp","href":"https:\/\/api.w.org\/{rel}","templated":true}]}}