{"id":1210,"date":"2023-11-09T19:05:44","date_gmt":"2023-11-09T18:05:44","guid":{"rendered":"https:\/\/aufildespierres.com\/?post_type=product&#038;p=1210"},"modified":"2024-09-30T17:45:46","modified_gmt":"2024-09-30T15:45:46","slug":"bracelet-amazonite-et-turquoise","status":"publish","type":"product","link":"https:\/\/aufildespierres.com\/index.php\/product\/bracelet-amazonite-et-turquoise\/","title":{"rendered":"Bracelet AMAZONITE ET TURQUOISE"},"content":{"rendered":"<p>Bracelet en<strong> Amazonite<\/strong> origine Etats &#8211; Unis qui lui conf\u00e8re sa couleur naturellement turquoise en 10mm<\/p>\n<p>et <strong>Turquoise naturelle<\/strong> origine Am\u00e9rique du Sud en 8mm<\/p>\n<p><strong><u>Amazonite : <\/u><\/strong><\/p>\n<p><u>Propri\u00e9t\u00e9s psychiques : <\/u><\/p>\n<ul>\n<li>Pierre qui aide \u00e0 dissiper les sch\u00e9mas mentaux n\u00e9gatifs, renforce la paix int\u00e9rieure et donne du courage\u00a0; Port\u00e9e en journ\u00e9e elle \u00e9vite de se laisser polluer par le n\u00e9gatif quotidien\u00a0;Apporte joie et aide \u00e0 retrouver son \u00e2me d\u2019enfant<\/li>\n<li>Aide \u00e0 se faire confiance et se respecter, prendre de l&rsquo;assurance et renforcer des sentiments amoureux et de tendresse, aide \u00e0 d\u00e9voiler ses sentiments sans rien attendre en retour, favorise amour et compassion.<\/li>\n<li>Calme les nerfs sentiments de tristesse et frustration (col\u00e8re \u00e9nervement)<\/li>\n<li>Favorise le rel\u00e2chement des \u00e9motions, aide au l\u00e2cher prise et au recul et au contr\u00f4le de soi\u00a0; pierre anti -stress qui r\u00e9gule les peurs et angoisses et \u00e9quilibre les variations de l\u2019humeur<\/li>\n<li>Aide \u00e0 voir les diff\u00e9rents points de vue d&rsquo;un probl\u00e8me.<\/li>\n<li>Diminue jalousie et ressentiment tensions affectives et soulage les moments de s\u00e9paration<\/li>\n<li>Pierre du c\u0153ur, amour et pardon, r\u00e9pare les cicatrices dues aux chocs \u00e9motionnels et les m\u00e9canismes de d\u00e9fense li\u00e9s comme crainte et m\u00e9fiance<\/li>\n<li>Encourage la communication et l\u2019expression de soi, aide \u00e0 communiquer son mal \u00eatre pour \u00eatre aid\u00e9, l\u00e8ve les barri\u00e8res mentales et apaise les relations.<\/li>\n<li>Permet une meilleure communication avec autrui l\u00e9g\u00e8re en \u00e9motions avec moins de sensibilit\u00e9 et plus de confiance en soi .<\/li>\n<li>Augmente l\u2019aura et permet de d\u00e9gager une \u00e9nergie positive autour de soi<\/li>\n<li>Soutient la cr\u00e9ativit\u00e9 des artistes.<\/li>\n<\/ul>\n<p><u>Propri\u00e9t\u00e9s physiques\u00a0: <\/u><\/p>\n<p>Renforce le syst\u00e8me immunitaire, diminue les douleurs articulaires notamment du dos et nuque et les crampes.<\/p>\n<ul>\n<li>Diminue le cholest\u00e9rol et les triglyc\u00e9rides<\/li>\n<li>Aide \u00e0 l&rsquo;absorption du calcium et lutte contre les probl\u00e8mes osseux et musculaires<\/li>\n<li>Am\u00e9liore certains troubles li\u00e9s \u00e0 la sexualit\u00e9 et \u00e0 l\u2019\u00e9motivit\u00e9.<\/li>\n<li>Peut \u00eatre pos\u00e9e sur une table de nuit pour am\u00e9liorer la qualit\u00e9 du sommeil<\/li>\n<li>Soutient le syst\u00e8me lymphatique et respiratoire<\/li>\n<li>Renforce les dents et cheveux.<\/li>\n<\/ul>\n<p>Conseill\u00e9e aux personnes d\u00e9pressives ou n\u00e9gatives pessimistes et m\u00e9lancoliques.<\/p>\n<p>Recommand\u00e9 aux enseignants, p\u00e9diatres et professions ayant besoin de douceur avec les enfants.<\/p>\n<p>Absorbe les ondes \u00e9lectro magn\u00e9tiques.<\/p>\n<p>&nbsp;<\/p>\n<p><strong>TURQUOISE<\/strong><\/p>\n<p><em>Propri\u00e9t\u00e9s psychiques<\/em><\/p>\n<ul>\n<li>\u00a0Aide \u00e0 maitriser ses peurs et \u00e0 s&rsquo;ancrer dans le moment pr\u00e9sent<\/li>\n<li>Favorise la communication l&rsquo;\u00e9coute et la prise de parole<\/li>\n<li>\u00a0Chasse les \u00e9nergies n\u00e9gatives<\/li>\n<li>Soulage la d\u00e9pression en favorisant des id\u00e9es positives<\/li>\n<li>\u00a0Favorise la relation avec les autres<\/li>\n<li>Aide \u00e0 \u00eatre soi- m\u00eame et sinc\u00e8re<\/li>\n<li>\u00a0Harmonise corps et esprit via le chakra sacr\u00e9<\/li>\n<li>\u00a0Apaise les col\u00e8res<\/li>\n<li>\u00a0Favorise l\u00e2cher prise et meilleure communication avec autrui<\/li>\n<li>Favorise amour et amiti\u00e9<\/li>\n<li>\u00a0Donne envie d&rsquo;avancer et de se lancer dans de nouveaux projets<\/li>\n<li>\u00a0Pierre de sagesse, pardon, r\u00e9conciliation et apaisement des tensions.<\/li>\n<\/ul>\n<p><em>Propri\u00e9t\u00e9s physiques<\/em><\/p>\n<ul>\n<li>Purifie sang et fluides du corps<\/li>\n<li>Renforce le syst\u00e8me immunitaire, poumons, estomac<\/li>\n<li>\u00a0Aide \u00e0 diminuer le cholest\u00e9rol et renforce le foie<\/li>\n<li>\u00a0R\u00e9gule le syst\u00e8me nerveux<\/li>\n<li>Maintient la bonne sant\u00e9 des yeux<\/li>\n<li>\u00a0Prot\u00e8ge des infections des yeux, gorge, nez<\/li>\n<li>Aide \u00e0 r\u00e9duire les migraines (poser sur le front )<\/li>\n<li>Peut aider au sommeil<\/li>\n<li>Aide \u00e0 r\u00e9cup\u00e9rer de tendinites, blessures de ligaments.<\/li>\n<\/ul>\n","protected":false},"excerpt":{"rendered":"<p>Communication, L\u00e2cher prise, respect de soi-m\u00eame.<\/p>\n","protected":false},"featured_media":1211,"comment_status":"open","ping_status":"closed","template":"","meta":{"site-sidebar-layout":"default","site-content-layout":"","ast-site-content-layout":"default","site-content-style":"default","site-sidebar-style":"default","ast-global-header-display":"","ast-banner-title-visibility":"","ast-main-header-display":"","ast-hfb-above-header-display":"","ast-hfb-below-header-display":"","ast-hfb-mobile-header-display":"","site-post-title":"","ast-breadcrumbs-content":"","ast-featured-img":"","footer-sml-layout":"","ast-disable-related-posts":"","theme-transparent-header-meta":"default","adv-header-id-meta":"","stick-header-meta":"","header-above-stick-meta":"","header-main-stick-meta":"","header-below-stick-meta":"","astra-migrate-meta-layouts":"set","ast-page-background-enabled":"default","ast-page-background-meta":{"desktop":{"background-color":"var(--ast-global-color-4)","background-image":"","background-repeat":"repeat","background-position":"center center","background-size":"auto","background-attachment":"scroll","background-type":"","background-media":"","overlay-type":"","overlay-color":"","overlay-opacity":"","overlay-gradient":""},"tablet":{"background-color":"","background-image":"","background-repeat":"repeat","background-position":"center center","background-size":"auto","background-attachment":"scroll","background-type":"","background-media":"","overlay-type":"","overlay-color":"","overlay-opacity":"","overlay-gradient":""},"mobile":{"background-color":"","background-image":"","background-repeat":"repeat","background-position":"center center","background-size":"auto","background-attachment":"scroll","background-type":"","background-media":"","overlay-type":"","overlay-color":"","overlay-opacity":"","overlay-gradient":""}},"ast-content-background-meta":{"desktop":{"background-color":"var(--ast-global-color-5)","background-image":"","background-repeat":"repeat","background-position":"center center","background-size":"auto","background-attachment":"scroll","background-type":"","background-media":"","overlay-type":"","overlay-color":"","overlay-opacity":"","overlay-gradient":""},"tablet":{"background-color":"var(--ast-global-color-5)","background-image":"","background-repeat":"repeat","background-position":"center center","background-size":"auto","background-attachment":"scroll","background-type":"","background-media":"","overlay-type":"","overlay-color":"","overlay-opacity":"","overlay-gradient":""},"mobile":{"background-color":"var(--ast-global-color-5)","background-image":"","background-repeat":"repeat","background-position":"center center","background-size":"auto","background-attachment":"scroll","background-type":"","background-media":"","overlay-type":"","overlay-color":"","overlay-opacity":"","overlay-gradient":""}},"_glsr_average":0,"_glsr_ranking":0,"_glsr_reviews":0},"product_brand":[],"product_cat":[55,54,80,71,49,190,191],"product_tag":[],"class_list":{"0":"post-1210","1":"product","2":"type-product","3":"status-publish","4":"has-post-thumbnail","6":"product_cat-10-mm","7":"product_cat-8-mm","8":"product_cat-amazonite","9":"product_cat-communication","10":"product_cat-confiance-en-soi","11":"product_cat-turquoise","12":"product_cat-turquoise-mineraux","13":"desktop-align-left","14":"tablet-align-left","15":"mobile-align-left","17":"first","18":"outofstock","19":"purchasable","20":"product-type-simple"},"yoast_head":"<!-- This site is optimized with the Yoast SEO plugin v27.3 - https:\/\/yoast.com\/product\/yoast-seo-wordpress\/ -->\n<title>Bracelet AMAZONITE ET TURQUOISE - Au fil des pierres<\/title>\n<meta name=\"robots\" content=\"index, follow, max-snippet:-1, max-image-preview:large, max-video-preview:-1\" \/>\n<link rel=\"canonical\" href=\"https:\/\/aufildespierres.com\/index.php\/product\/bracelet-amazonite-et-turquoise\/\" \/>\n<meta property=\"og:locale\" content=\"fr_FR\" \/>\n<meta property=\"og:type\" content=\"article\" \/>\n<meta property=\"og:title\" content=\"Bracelet AMAZONITE ET TURQUOISE - Au fil des pierres\" \/>\n<meta property=\"og:description\" content=\"Communication, L\u00e2cher prise, respect de soi-m\u00eame.\" \/>\n<meta property=\"og:url\" content=\"https:\/\/aufildespierres.com\/index.php\/product\/bracelet-amazonite-et-turquoise\/\" \/>\n<meta property=\"og:site_name\" content=\"Au fil des pierres\" \/>\n<meta property=\"article:modified_time\" content=\"2024-09-30T15:45:46+00:00\" \/>\n<meta property=\"og:image\" content=\"https:\/\/aufildespierres.com\/wp-content\/uploads\/2023\/11\/20231108_122832-scaled.jpg\" \/>\n\t<meta property=\"og:image:width\" content=\"2231\" \/>\n\t<meta property=\"og:image:height\" content=\"2560\" \/>\n\t<meta property=\"og:image:type\" content=\"image\/jpeg\" \/>\n<meta name=\"twitter:card\" content=\"summary_large_image\" \/>\n<meta name=\"twitter:label1\" content=\"Dur\u00e9e de lecture estim\u00e9e\" \/>\n\t<meta name=\"twitter:data1\" content=\"3 minutes\" \/>\n<script type=\"application\/ld+json\" class=\"yoast-schema-graph\">{\"@context\":\"https:\\\/\\\/schema.org\",\"@graph\":[{\"@type\":\"WebPage\",\"@id\":\"https:\\\/\\\/aufildespierres.com\\\/index.php\\\/product\\\/bracelet-amazonite-et-turquoise\\\/\",\"url\":\"https:\\\/\\\/aufildespierres.com\\\/index.php\\\/product\\\/bracelet-amazonite-et-turquoise\\\/\",\"name\":\"Bracelet AMAZONITE ET TURQUOISE - Au fil des pierres\",\"isPartOf\":{\"@id\":\"https:\\\/\\\/aufildespierres.com\\\/#website\"},\"primaryImageOfPage\":{\"@id\":\"https:\\\/\\\/aufildespierres.com\\\/index.php\\\/product\\\/bracelet-amazonite-et-turquoise\\\/#primaryimage\"},\"image\":{\"@id\":\"https:\\\/\\\/aufildespierres.com\\\/index.php\\\/product\\\/bracelet-amazonite-et-turquoise\\\/#primaryimage\"},\"thumbnailUrl\":\"https:\\\/\\\/aufildespierres.com\\\/wp-content\\\/uploads\\\/2023\\\/11\\\/20231108_122832-scaled.jpg\",\"datePublished\":\"2023-11-09T18:05:44+00:00\",\"dateModified\":\"2024-09-30T15:45:46+00:00\",\"breadcrumb\":{\"@id\":\"https:\\\/\\\/aufildespierres.com\\\/index.php\\\/product\\\/bracelet-amazonite-et-turquoise\\\/#breadcrumb\"},\"inLanguage\":\"fr-FR\",\"potentialAction\":[{\"@type\":\"ReadAction\",\"target\":[\"https:\\\/\\\/aufildespierres.com\\\/index.php\\\/product\\\/bracelet-amazonite-et-turquoise\\\/\"]}]},{\"@type\":\"ImageObject\",\"inLanguage\":\"fr-FR\",\"@id\":\"https:\\\/\\\/aufildespierres.com\\\/index.php\\\/product\\\/bracelet-amazonite-et-turquoise\\\/#primaryimage\",\"url\":\"https:\\\/\\\/aufildespierres.com\\\/wp-content\\\/uploads\\\/2023\\\/11\\\/20231108_122832-scaled.jpg\",\"contentUrl\":\"https:\\\/\\\/aufildespierres.com\\\/wp-content\\\/uploads\\\/2023\\\/11\\\/20231108_122832-scaled.jpg\",\"width\":2231,\"height\":2560},{\"@type\":\"BreadcrumbList\",\"@id\":\"https:\\\/\\\/aufildespierres.com\\\/index.php\\\/product\\\/bracelet-amazonite-et-turquoise\\\/#breadcrumb\",\"itemListElement\":[{\"@type\":\"ListItem\",\"position\":1,\"name\":\"Accueil\",\"item\":\"https:\\\/\\\/aufildespierres.com\\\/\"},{\"@type\":\"ListItem\",\"position\":2,\"name\":\"Boutique de Lithoth\u00e9rapie\",\"item\":\"https:\\\/\\\/aufildespierres.com\\\/index.php\\\/boutique-de-lithotherapie\\\/\"},{\"@type\":\"ListItem\",\"position\":3,\"name\":\"Bracelet AMAZONITE ET TURQUOISE\"}]},{\"@type\":\"WebSite\",\"@id\":\"https:\\\/\\\/aufildespierres.com\\\/#website\",\"url\":\"https:\\\/\\\/aufildespierres.com\\\/\",\"name\":\"Au fil des pierres\",\"description\":\"Au fil des pierres\",\"publisher\":{\"@id\":\"https:\\\/\\\/aufildespierres.com\\\/#organization\"},\"potentialAction\":[{\"@type\":\"SearchAction\",\"target\":{\"@type\":\"EntryPoint\",\"urlTemplate\":\"https:\\\/\\\/aufildespierres.com\\\/?s={search_term_string}\"},\"query-input\":{\"@type\":\"PropertyValueSpecification\",\"valueRequired\":true,\"valueName\":\"search_term_string\"}}],\"inLanguage\":\"fr-FR\"},{\"@type\":\"Organization\",\"@id\":\"https:\\\/\\\/aufildespierres.com\\\/#organization\",\"name\":\"Au fil des pierres\",\"url\":\"https:\\\/\\\/aufildespierres.com\\\/\",\"logo\":{\"@type\":\"ImageObject\",\"inLanguage\":\"fr-FR\",\"@id\":\"https:\\\/\\\/aufildespierres.com\\\/#\\\/schema\\\/logo\\\/image\\\/\",\"url\":\"https:\\\/\\\/aufildespierres.com\\\/wp-content\\\/uploads\\\/2023\\\/05\\\/cropped-Logo-PNG-Transparent.png\",\"contentUrl\":\"https:\\\/\\\/aufildespierres.com\\\/wp-content\\\/uploads\\\/2023\\\/05\\\/cropped-Logo-PNG-Transparent.png\",\"width\":1776,\"height\":1625,\"caption\":\"Au fil des pierres\"},\"image\":{\"@id\":\"https:\\\/\\\/aufildespierres.com\\\/#\\\/schema\\\/logo\\\/image\\\/\"}}]}<\/script>\n<!-- \/ Yoast SEO plugin. -->","yoast_head_json":{"title":"Bracelet AMAZONITE ET TURQUOISE - Au fil des pierres","robots":{"index":"index","follow":"follow","max-snippet":"max-snippet:-1","max-image-preview":"max-image-preview:large","max-video-preview":"max-video-preview:-1"},"canonical":"https:\/\/aufildespierres.com\/index.php\/product\/bracelet-amazonite-et-turquoise\/","og_locale":"fr_FR","og_type":"article","og_title":"Bracelet AMAZONITE ET TURQUOISE - Au fil des pierres","og_description":"Communication, L\u00e2cher prise, respect de soi-m\u00eame.","og_url":"https:\/\/aufildespierres.com\/index.php\/product\/bracelet-amazonite-et-turquoise\/","og_site_name":"Au fil des pierres","article_modified_time":"2024-09-30T15:45:46+00:00","og_image":[{"width":2231,"height":2560,"url":"https:\/\/aufildespierres.com\/wp-content\/uploads\/2023\/11\/20231108_122832-scaled.jpg","type":"image\/jpeg"}],"twitter_card":"summary_large_image","twitter_misc":{"Dur\u00e9e de lecture estim\u00e9e":"3 minutes"},"schema":{"@context":"https:\/\/schema.org","@graph":[{"@type":"WebPage","@id":"https:\/\/aufildespierres.com\/index.php\/product\/bracelet-amazonite-et-turquoise\/","url":"https:\/\/aufildespierres.com\/index.php\/product\/bracelet-amazonite-et-turquoise\/","name":"Bracelet AMAZONITE ET TURQUOISE - Au fil des pierres","isPartOf":{"@id":"https:\/\/aufildespierres.com\/#website"},"primaryImageOfPage":{"@id":"https:\/\/aufildespierres.com\/index.php\/product\/bracelet-amazonite-et-turquoise\/#primaryimage"},"image":{"@id":"https:\/\/aufildespierres.com\/index.php\/product\/bracelet-amazonite-et-turquoise\/#primaryimage"},"thumbnailUrl":"https:\/\/aufildespierres.com\/wp-content\/uploads\/2023\/11\/20231108_122832-scaled.jpg","datePublished":"2023-11-09T18:05:44+00:00","dateModified":"2024-09-30T15:45:46+00:00","breadcrumb":{"@id":"https:\/\/aufildespierres.com\/index.php\/product\/bracelet-amazonite-et-turquoise\/#breadcrumb"},"inLanguage":"fr-FR","potentialAction":[{"@type":"ReadAction","target":["https:\/\/aufildespierres.com\/index.php\/product\/bracelet-amazonite-et-turquoise\/"]}]},{"@type":"ImageObject","inLanguage":"fr-FR","@id":"https:\/\/aufildespierres.com\/index.php\/product\/bracelet-amazonite-et-turquoise\/#primaryimage","url":"https:\/\/aufildespierres.com\/wp-content\/uploads\/2023\/11\/20231108_122832-scaled.jpg","contentUrl":"https:\/\/aufildespierres.com\/wp-content\/uploads\/2023\/11\/20231108_122832-scaled.jpg","width":2231,"height":2560},{"@type":"BreadcrumbList","@id":"https:\/\/aufildespierres.com\/index.php\/product\/bracelet-amazonite-et-turquoise\/#breadcrumb","itemListElement":[{"@type":"ListItem","position":1,"name":"Accueil","item":"https:\/\/aufildespierres.com\/"},{"@type":"ListItem","position":2,"name":"Boutique de Lithoth\u00e9rapie","item":"https:\/\/aufildespierres.com\/index.php\/boutique-de-lithotherapie\/"},{"@type":"ListItem","position":3,"name":"Bracelet AMAZONITE ET TURQUOISE"}]},{"@type":"WebSite","@id":"https:\/\/aufildespierres.com\/#website","url":"https:\/\/aufildespierres.com\/","name":"Au fil des pierres","description":"Au fil des pierres","publisher":{"@id":"https:\/\/aufildespierres.com\/#organization"},"potentialAction":[{"@type":"SearchAction","target":{"@type":"EntryPoint","urlTemplate":"https:\/\/aufildespierres.com\/?s={search_term_string}"},"query-input":{"@type":"PropertyValueSpecification","valueRequired":true,"valueName":"search_term_string"}}],"inLanguage":"fr-FR"},{"@type":"Organization","@id":"https:\/\/aufildespierres.com\/#organization","name":"Au fil des pierres","url":"https:\/\/aufildespierres.com\/","logo":{"@type":"ImageObject","inLanguage":"fr-FR","@id":"https:\/\/aufildespierres.com\/#\/schema\/logo\/image\/","url":"https:\/\/aufildespierres.com\/wp-content\/uploads\/2023\/05\/cropped-Logo-PNG-Transparent.png","contentUrl":"https:\/\/aufildespierres.com\/wp-content\/uploads\/2023\/05\/cropped-Logo-PNG-Transparent.png","width":1776,"height":1625,"caption":"Au fil des pierres"},"image":{"@id":"https:\/\/aufildespierres.com\/#\/schema\/logo\/image\/"}}]}},"_links":{"self":[{"href":"https:\/\/aufildespierres.com\/index.php\/wp-json\/wp\/v2\/product\/1210","targetHints":{"allow":["GET"]}}],"collection":[{"href":"https:\/\/aufildespierres.com\/index.php\/wp-json\/wp\/v2\/product"}],"about":[{"href":"https:\/\/aufildespierres.com\/index.php\/wp-json\/wp\/v2\/types\/product"}],"replies":[{"embeddable":true,"href":"https:\/\/aufildespierres.com\/index.php\/wp-json\/wp\/v2\/comments?post=1210"}],"wp:featuredmedia":[{"embeddable":true,"href":"https:\/\/aufildespierres.com\/index.php\/wp-json\/wp\/v2\/media\/1211"}],"wp:attachment":[{"href":"https:\/\/aufildespierres.com\/index.php\/wp-json\/wp\/v2\/media?parent=1210"}],"wp:term":[{"taxonomy":"product_brand","embeddable":true,"href":"https:\/\/aufildespierres.com\/index.php\/wp-json\/wp\/v2\/product_brand?post=1210"},{"taxonomy":"product_cat","embeddable":true,"href":"https:\/\/aufildespierres.com\/index.php\/wp-json\/wp\/v2\/product_cat?post=1210"},{"taxonomy":"product_tag","embeddable":true,"href":"https:\/\/aufildespierres.com\/index.php\/wp-json\/wp\/v2\/product_tag?post=1210"}],"curies":[{"name":"wp","href":"https:\/\/api.w.org\/{rel}","templated":true}]}}