{"id":1223,"date":"2023-11-09T20:09:35","date_gmt":"2023-11-09T19:09:35","guid":{"rendered":"https:\/\/aufildespierres.com\/?post_type=product&#038;p=1223"},"modified":"2024-09-06T18:48:04","modified_gmt":"2024-09-06T16:48:04","slug":"pendentif-jaspe-bumblebee-3","status":"publish","type":"product","link":"https:\/\/aufildespierres.com\/index.php\/product\/pendentif-jaspe-bumblebee-3\/","title":{"rendered":"Pendentif JASPE BUMBLEBEE"},"content":{"rendered":"<p>Pendentif en Jaspe bumblebee ou jaspe bourdon\u00a0 Origine Indon\u00e9sie<\/p>\n<p>40 x 20 mm environ<\/p>\n<p>JASPE BUMBLEBEE<\/p>\n<p>Nom commercial donn\u00e9 \u00e0 une pierre qui est compos\u00e9e de min\u00e9raux volcaniques.<\/p>\n<p>Son nom vient du mot bourdon en anglais en raison de ses bandes de couleur jaune et orange qui rappellent l&rsquo;insecte.<\/p>\n<p><strong>Pr\u00e9caution :<\/strong><\/p>\n<p>La pierre contient de l&rsquo;arsenic, il est donc important de se laver les mains apr\u00e8s manipulation et de ne pas porter \u00e0 la bouche.<\/p>\n<p>De m\u00eame ne pas utiliser en \u00e9lixir .<\/p>\n<p>Les pierres sont<strong>\u00a0avec des bandes orang\u00e9es\u00a0<\/strong>(plus visible en faible lumi\u00e8re) mais l&rsquo;appareil photo donne un rendu plus jaune que orange.<\/p>\n<p><em>Propri\u00e9t\u00e9s psychiques :<\/em><\/p>\n<ul>\n<li>Nettoie les chakras et augmente les capacit\u00e9s mentales<\/li>\n<li>Aide \u00e0 progresser sur un plan personnel en dissipant peurs, stress, col\u00e8re.<\/li>\n<li>Favorise calme et pardon<\/li>\n<li>Calme \u00e9motionnel qui aide \u00e0 faire des choix autonomes et \u00e0 effectuer des changements en donnant \u00e9nergie et optimisme et courage pour y parvenir<\/li>\n<li>Augmente l&rsquo;estime de soi et \u00e9largit l&rsquo;esprit.<\/li>\n<\/ul>\n<p><em>Propri\u00e9t\u00e9s physiques :<\/em><\/p>\n<ul>\n<li>Soulage les crampes des jambes<\/li>\n<li>Limite les insomnies et am\u00e9liore la m\u00e9moire<\/li>\n<li>Agit sur les inflammations de la gorge<\/li>\n<li>Diminue les douleurs menstruelles<\/li>\n<li>Stimule le syst\u00e8me cardio vasculaire<\/li>\n<li>Agit sur les troubles du thymus.<\/li>\n<\/ul>\n<p>Purification\u00a0: passer sous l\u2019eau ou utiliser la fumigation de sauge blanche ou palo santo<\/p>\n<p>Recharger au soleil doux du matin ou soir.<\/p>\n<p><img loading=\"lazy\" decoding=\"async\" class=\"alignnone size-medium wp-image-1227\" src=\"https:\/\/aufildespierres.com\/wp-content\/uploads\/2023\/11\/20230421_094626-206x300.jpg\" alt=\"\" width=\"206\" height=\"300\" srcset=\"https:\/\/aufildespierres.com\/wp-content\/uploads\/2023\/11\/20230421_094626-206x300.jpg 206w, https:\/\/aufildespierres.com\/wp-content\/uploads\/2023\/11\/20230421_094626-703x1024.jpg 703w, https:\/\/aufildespierres.com\/wp-content\/uploads\/2023\/11\/20230421_094626-768x1118.jpg 768w, https:\/\/aufildespierres.com\/wp-content\/uploads\/2023\/11\/20230421_094626-1055x1536.jpg 1055w, https:\/\/aufildespierres.com\/wp-content\/uploads\/2023\/11\/20230421_094626-1407x2048.jpg 1407w, https:\/\/aufildespierres.com\/wp-content\/uploads\/2023\/11\/20230421_094626-1000x1456.jpg 1000w, https:\/\/aufildespierres.com\/wp-content\/uploads\/2023\/11\/20230421_094626-scaled.jpg 1759w\" sizes=\"auto, (max-width: 206px) 100vw, 206px\" \/><\/p>\n","protected":false},"excerpt":{"rendered":"<p>Pendentif en Jaspe bumblebee ou jaspe bourdon\u00a0 Origine Indon\u00e9sie 40 x 20 mm environ JASPE BUMBLEBEE Nom commercial donn\u00e9 \u00e0 une pierre qui est compos\u00e9e de min\u00e9raux volcaniques. Son nom vient du mot bourdon en anglais en raison de ses bandes de couleur jaune et orange qui rappellent l&rsquo;insecte. Pr\u00e9caution : La pierre contient de [&hellip;]<\/p>\n","protected":false},"featured_media":1226,"comment_status":"open","ping_status":"closed","template":"","meta":{"site-sidebar-layout":"default","site-content-layout":"","ast-site-content-layout":"default","site-content-style":"default","site-sidebar-style":"default","ast-global-header-display":"","ast-banner-title-visibility":"","ast-main-header-display":"","ast-hfb-above-header-display":"","ast-hfb-below-header-display":"","ast-hfb-mobile-header-display":"","site-post-title":"","ast-breadcrumbs-content":"","ast-featured-img":"","footer-sml-layout":"","ast-disable-related-posts":"","theme-transparent-header-meta":"default","adv-header-id-meta":"","stick-header-meta":"","header-above-stick-meta":"","header-main-stick-meta":"","header-below-stick-meta":"","astra-migrate-meta-layouts":"set","ast-page-background-enabled":"default","ast-page-background-meta":{"desktop":{"background-color":"var(--ast-global-color-4)","background-image":"","background-repeat":"repeat","background-position":"center center","background-size":"auto","background-attachment":"scroll","background-type":"","background-media":"","overlay-type":"","overlay-color":"","overlay-opacity":"","overlay-gradient":""},"tablet":{"background-color":"","background-image":"","background-repeat":"repeat","background-position":"center center","background-size":"auto","background-attachment":"scroll","background-type":"","background-media":"","overlay-type":"","overlay-color":"","overlay-opacity":"","overlay-gradient":""},"mobile":{"background-color":"","background-image":"","background-repeat":"repeat","background-position":"center center","background-size":"auto","background-attachment":"scroll","background-type":"","background-media":"","overlay-type":"","overlay-color":"","overlay-opacity":"","overlay-gradient":""}},"ast-content-background-meta":{"desktop":{"background-color":"var(--ast-global-color-5)","background-image":"","background-repeat":"repeat","background-position":"center center","background-size":"auto","background-attachment":"scroll","background-type":"","background-media":"","overlay-type":"","overlay-color":"","overlay-opacity":"","overlay-gradient":""},"tablet":{"background-color":"var(--ast-global-color-5)","background-image":"","background-repeat":"repeat","background-position":"center center","background-size":"auto","background-attachment":"scroll","background-type":"","background-media":"","overlay-type":"","overlay-color":"","overlay-opacity":"","overlay-gradient":""},"mobile":{"background-color":"var(--ast-global-color-5)","background-image":"","background-repeat":"repeat","background-position":"center center","background-size":"auto","background-attachment":"scroll","background-type":"","background-media":"","overlay-type":"","overlay-color":"","overlay-opacity":"","overlay-gradient":""}},"_glsr_average":0,"_glsr_ranking":0,"_glsr_reviews":0},"product_brand":[],"product_cat":[146,84,142,21],"product_tag":[],"class_list":{"0":"post-1223","1":"product","2":"type-product","3":"status-publish","4":"has-post-thumbnail","6":"product_cat-jaspe-bumblebee-mineraux","7":"product_cat-jaune","8":"product_cat-orange","9":"product_cat-pendentifs-de-lithotherapie","10":"desktop-align-left","11":"tablet-align-left","12":"mobile-align-left","14":"first","15":"instock","16":"purchasable","17":"product-type-simple"},"yoast_head":"<!-- This site is optimized with the Yoast SEO plugin v27.5 - https:\/\/yoast.com\/product\/yoast-seo-wordpress\/ -->\n<title>Pendentif JASPE BUMBLEBEE - Au fil des pierres<\/title>\n<meta name=\"robots\" content=\"index, follow, max-snippet:-1, max-image-preview:large, max-video-preview:-1\" \/>\n<link rel=\"canonical\" href=\"https:\/\/aufildespierres.com\/index.php\/product\/pendentif-jaspe-bumblebee-3\/\" \/>\n<meta property=\"og:locale\" content=\"fr_FR\" \/>\n<meta property=\"og:type\" content=\"article\" \/>\n<meta property=\"og:title\" content=\"Pendentif JASPE BUMBLEBEE - Au fil des pierres\" \/>\n<meta property=\"og:description\" content=\"Pendentif en Jaspe bumblebee ou jaspe bourdon\u00a0 Origine Indon\u00e9sie 40 x 20 mm environ JASPE BUMBLEBEE Nom commercial donn\u00e9 \u00e0 une pierre qui est compos\u00e9e de min\u00e9raux volcaniques. Son nom vient du mot bourdon en anglais en raison de ses bandes de couleur jaune et orange qui rappellent l&rsquo;insecte. Pr\u00e9caution : La pierre contient de [&hellip;]\" \/>\n<meta property=\"og:url\" content=\"https:\/\/aufildespierres.com\/index.php\/product\/pendentif-jaspe-bumblebee-3\/\" \/>\n<meta property=\"og:site_name\" content=\"Au fil des pierres\" \/>\n<meta property=\"article:modified_time\" content=\"2024-09-06T16:48:04+00:00\" \/>\n<meta property=\"og:image\" content=\"https:\/\/aufildespierres.com\/wp-content\/uploads\/2023\/11\/20230421_094614.jpg\" \/>\n\t<meta property=\"og:image:width\" content=\"1934\" \/>\n\t<meta property=\"og:image:height\" content=\"1939\" \/>\n\t<meta property=\"og:image:type\" content=\"image\/jpeg\" \/>\n<meta name=\"twitter:card\" content=\"summary_large_image\" \/>\n<meta name=\"twitter:label1\" content=\"Dur\u00e9e de lecture estim\u00e9e\" \/>\n\t<meta name=\"twitter:data1\" content=\"1 minute\" \/>\n<script type=\"application\/ld+json\" class=\"yoast-schema-graph\">{\"@context\":\"https:\\\/\\\/schema.org\",\"@graph\":[{\"@type\":\"WebPage\",\"@id\":\"https:\\\/\\\/aufildespierres.com\\\/index.php\\\/product\\\/pendentif-jaspe-bumblebee-3\\\/\",\"url\":\"https:\\\/\\\/aufildespierres.com\\\/index.php\\\/product\\\/pendentif-jaspe-bumblebee-3\\\/\",\"name\":\"Pendentif JASPE BUMBLEBEE - Au fil des pierres\",\"isPartOf\":{\"@id\":\"https:\\\/\\\/aufildespierres.com\\\/#website\"},\"primaryImageOfPage\":{\"@id\":\"https:\\\/\\\/aufildespierres.com\\\/index.php\\\/product\\\/pendentif-jaspe-bumblebee-3\\\/#primaryimage\"},\"image\":{\"@id\":\"https:\\\/\\\/aufildespierres.com\\\/index.php\\\/product\\\/pendentif-jaspe-bumblebee-3\\\/#primaryimage\"},\"thumbnailUrl\":\"https:\\\/\\\/aufildespierres.com\\\/wp-content\\\/uploads\\\/2023\\\/11\\\/20230421_094614.jpg\",\"datePublished\":\"2023-11-09T19:09:35+00:00\",\"dateModified\":\"2024-09-06T16:48:04+00:00\",\"breadcrumb\":{\"@id\":\"https:\\\/\\\/aufildespierres.com\\\/index.php\\\/product\\\/pendentif-jaspe-bumblebee-3\\\/#breadcrumb\"},\"inLanguage\":\"fr-FR\",\"potentialAction\":[{\"@type\":\"ReadAction\",\"target\":[\"https:\\\/\\\/aufildespierres.com\\\/index.php\\\/product\\\/pendentif-jaspe-bumblebee-3\\\/\"]}]},{\"@type\":\"ImageObject\",\"inLanguage\":\"fr-FR\",\"@id\":\"https:\\\/\\\/aufildespierres.com\\\/index.php\\\/product\\\/pendentif-jaspe-bumblebee-3\\\/#primaryimage\",\"url\":\"https:\\\/\\\/aufildespierres.com\\\/wp-content\\\/uploads\\\/2023\\\/11\\\/20230421_094614.jpg\",\"contentUrl\":\"https:\\\/\\\/aufildespierres.com\\\/wp-content\\\/uploads\\\/2023\\\/11\\\/20230421_094614.jpg\",\"width\":1934,\"height\":1939},{\"@type\":\"BreadcrumbList\",\"@id\":\"https:\\\/\\\/aufildespierres.com\\\/index.php\\\/product\\\/pendentif-jaspe-bumblebee-3\\\/#breadcrumb\",\"itemListElement\":[{\"@type\":\"ListItem\",\"position\":1,\"name\":\"Accueil\",\"item\":\"https:\\\/\\\/aufildespierres.com\\\/\"},{\"@type\":\"ListItem\",\"position\":2,\"name\":\"Boutique de Lithoth\u00e9rapie\",\"item\":\"https:\\\/\\\/aufildespierres.com\\\/index.php\\\/boutique-de-lithotherapie\\\/\"},{\"@type\":\"ListItem\",\"position\":3,\"name\":\"Pendentif JASPE BUMBLEBEE\"}]},{\"@type\":\"WebSite\",\"@id\":\"https:\\\/\\\/aufildespierres.com\\\/#website\",\"url\":\"https:\\\/\\\/aufildespierres.com\\\/\",\"name\":\"Au fil des pierres\",\"description\":\"Au fil des pierres\",\"publisher\":{\"@id\":\"https:\\\/\\\/aufildespierres.com\\\/#organization\"},\"potentialAction\":[{\"@type\":\"SearchAction\",\"target\":{\"@type\":\"EntryPoint\",\"urlTemplate\":\"https:\\\/\\\/aufildespierres.com\\\/?s={search_term_string}\"},\"query-input\":{\"@type\":\"PropertyValueSpecification\",\"valueRequired\":true,\"valueName\":\"search_term_string\"}}],\"inLanguage\":\"fr-FR\"},{\"@type\":\"Organization\",\"@id\":\"https:\\\/\\\/aufildespierres.com\\\/#organization\",\"name\":\"Au fil des pierres\",\"url\":\"https:\\\/\\\/aufildespierres.com\\\/\",\"logo\":{\"@type\":\"ImageObject\",\"inLanguage\":\"fr-FR\",\"@id\":\"https:\\\/\\\/aufildespierres.com\\\/#\\\/schema\\\/logo\\\/image\\\/\",\"url\":\"https:\\\/\\\/aufildespierres.com\\\/wp-content\\\/uploads\\\/2023\\\/05\\\/cropped-Logo-PNG-Transparent.png\",\"contentUrl\":\"https:\\\/\\\/aufildespierres.com\\\/wp-content\\\/uploads\\\/2023\\\/05\\\/cropped-Logo-PNG-Transparent.png\",\"width\":1776,\"height\":1625,\"caption\":\"Au fil des pierres\"},\"image\":{\"@id\":\"https:\\\/\\\/aufildespierres.com\\\/#\\\/schema\\\/logo\\\/image\\\/\"}}]}<\/script>\n<!-- \/ Yoast SEO plugin. -->","yoast_head_json":{"title":"Pendentif JASPE BUMBLEBEE - Au fil des pierres","robots":{"index":"index","follow":"follow","max-snippet":"max-snippet:-1","max-image-preview":"max-image-preview:large","max-video-preview":"max-video-preview:-1"},"canonical":"https:\/\/aufildespierres.com\/index.php\/product\/pendentif-jaspe-bumblebee-3\/","og_locale":"fr_FR","og_type":"article","og_title":"Pendentif JASPE BUMBLEBEE - Au fil des pierres","og_description":"Pendentif en Jaspe bumblebee ou jaspe bourdon\u00a0 Origine Indon\u00e9sie 40 x 20 mm environ JASPE BUMBLEBEE Nom commercial donn\u00e9 \u00e0 une pierre qui est compos\u00e9e de min\u00e9raux volcaniques. Son nom vient du mot bourdon en anglais en raison de ses bandes de couleur jaune et orange qui rappellent l&rsquo;insecte. Pr\u00e9caution : La pierre contient de [&hellip;]","og_url":"https:\/\/aufildespierres.com\/index.php\/product\/pendentif-jaspe-bumblebee-3\/","og_site_name":"Au fil des pierres","article_modified_time":"2024-09-06T16:48:04+00:00","og_image":[{"width":1934,"height":1939,"url":"https:\/\/aufildespierres.com\/wp-content\/uploads\/2023\/11\/20230421_094614.jpg","type":"image\/jpeg"}],"twitter_card":"summary_large_image","twitter_misc":{"Dur\u00e9e de lecture estim\u00e9e":"1 minute"},"schema":{"@context":"https:\/\/schema.org","@graph":[{"@type":"WebPage","@id":"https:\/\/aufildespierres.com\/index.php\/product\/pendentif-jaspe-bumblebee-3\/","url":"https:\/\/aufildespierres.com\/index.php\/product\/pendentif-jaspe-bumblebee-3\/","name":"Pendentif JASPE BUMBLEBEE - Au fil des pierres","isPartOf":{"@id":"https:\/\/aufildespierres.com\/#website"},"primaryImageOfPage":{"@id":"https:\/\/aufildespierres.com\/index.php\/product\/pendentif-jaspe-bumblebee-3\/#primaryimage"},"image":{"@id":"https:\/\/aufildespierres.com\/index.php\/product\/pendentif-jaspe-bumblebee-3\/#primaryimage"},"thumbnailUrl":"https:\/\/aufildespierres.com\/wp-content\/uploads\/2023\/11\/20230421_094614.jpg","datePublished":"2023-11-09T19:09:35+00:00","dateModified":"2024-09-06T16:48:04+00:00","breadcrumb":{"@id":"https:\/\/aufildespierres.com\/index.php\/product\/pendentif-jaspe-bumblebee-3\/#breadcrumb"},"inLanguage":"fr-FR","potentialAction":[{"@type":"ReadAction","target":["https:\/\/aufildespierres.com\/index.php\/product\/pendentif-jaspe-bumblebee-3\/"]}]},{"@type":"ImageObject","inLanguage":"fr-FR","@id":"https:\/\/aufildespierres.com\/index.php\/product\/pendentif-jaspe-bumblebee-3\/#primaryimage","url":"https:\/\/aufildespierres.com\/wp-content\/uploads\/2023\/11\/20230421_094614.jpg","contentUrl":"https:\/\/aufildespierres.com\/wp-content\/uploads\/2023\/11\/20230421_094614.jpg","width":1934,"height":1939},{"@type":"BreadcrumbList","@id":"https:\/\/aufildespierres.com\/index.php\/product\/pendentif-jaspe-bumblebee-3\/#breadcrumb","itemListElement":[{"@type":"ListItem","position":1,"name":"Accueil","item":"https:\/\/aufildespierres.com\/"},{"@type":"ListItem","position":2,"name":"Boutique de Lithoth\u00e9rapie","item":"https:\/\/aufildespierres.com\/index.php\/boutique-de-lithotherapie\/"},{"@type":"ListItem","position":3,"name":"Pendentif JASPE BUMBLEBEE"}]},{"@type":"WebSite","@id":"https:\/\/aufildespierres.com\/#website","url":"https:\/\/aufildespierres.com\/","name":"Au fil des pierres","description":"Au fil des pierres","publisher":{"@id":"https:\/\/aufildespierres.com\/#organization"},"potentialAction":[{"@type":"SearchAction","target":{"@type":"EntryPoint","urlTemplate":"https:\/\/aufildespierres.com\/?s={search_term_string}"},"query-input":{"@type":"PropertyValueSpecification","valueRequired":true,"valueName":"search_term_string"}}],"inLanguage":"fr-FR"},{"@type":"Organization","@id":"https:\/\/aufildespierres.com\/#organization","name":"Au fil des pierres","url":"https:\/\/aufildespierres.com\/","logo":{"@type":"ImageObject","inLanguage":"fr-FR","@id":"https:\/\/aufildespierres.com\/#\/schema\/logo\/image\/","url":"https:\/\/aufildespierres.com\/wp-content\/uploads\/2023\/05\/cropped-Logo-PNG-Transparent.png","contentUrl":"https:\/\/aufildespierres.com\/wp-content\/uploads\/2023\/05\/cropped-Logo-PNG-Transparent.png","width":1776,"height":1625,"caption":"Au fil des pierres"},"image":{"@id":"https:\/\/aufildespierres.com\/#\/schema\/logo\/image\/"}}]}},"_links":{"self":[{"href":"https:\/\/aufildespierres.com\/index.php\/wp-json\/wp\/v2\/product\/1223","targetHints":{"allow":["GET"]}}],"collection":[{"href":"https:\/\/aufildespierres.com\/index.php\/wp-json\/wp\/v2\/product"}],"about":[{"href":"https:\/\/aufildespierres.com\/index.php\/wp-json\/wp\/v2\/types\/product"}],"replies":[{"embeddable":true,"href":"https:\/\/aufildespierres.com\/index.php\/wp-json\/wp\/v2\/comments?post=1223"}],"wp:featuredmedia":[{"embeddable":true,"href":"https:\/\/aufildespierres.com\/index.php\/wp-json\/wp\/v2\/media\/1226"}],"wp:attachment":[{"href":"https:\/\/aufildespierres.com\/index.php\/wp-json\/wp\/v2\/media?parent=1223"}],"wp:term":[{"taxonomy":"product_brand","embeddable":true,"href":"https:\/\/aufildespierres.com\/index.php\/wp-json\/wp\/v2\/product_brand?post=1223"},{"taxonomy":"product_cat","embeddable":true,"href":"https:\/\/aufildespierres.com\/index.php\/wp-json\/wp\/v2\/product_cat?post=1223"},{"taxonomy":"product_tag","embeddable":true,"href":"https:\/\/aufildespierres.com\/index.php\/wp-json\/wp\/v2\/product_tag?post=1223"}],"curies":[{"name":"wp","href":"https:\/\/api.w.org\/{rel}","templated":true}]}}