{"id":1248,"date":"2023-11-10T14:46:23","date_gmt":"2023-11-10T13:46:23","guid":{"rendered":"https:\/\/aufildespierres.com\/?post_type=product&#038;p=1248"},"modified":"2024-09-06T18:48:03","modified_gmt":"2024-09-06T16:48:03","slug":"pierre-brute-azurite","status":"publish","type":"product","link":"https:\/\/aufildespierres.com\/index.php\/product\/pierre-brute-azurite\/","title":{"rendered":"PIERRE BRUTE AZURITE"},"content":{"rendered":"<p>Tr\u00e8s beau bloc d&rsquo;Azurite<\/p>\n<p>poids 551 grammes<\/p>\n<p>L\u2019azurite peut se transformer avec le temps en malachite et certains gisements poss\u00e8dent les 2 pierres en m\u00eame temps.<\/p>\n<p>Pierre assez puissante pour les personnes sensibles<\/p>\n<p>En m\u00e9ditation associer \u00e0 une tourmaline noire pour assurer l\u2019ancrage de l\u2019esprit.<\/p>\n<p><em>Propri\u00e9t\u00e9s psychiques<\/em><\/p>\n<ul>\n<li>Equilibre les chakras et r\u00e9gule tout l\u2019organisme agit sur les \u00e9motions, aide \u00e0 r\u00e9fl\u00e9chir avant de d\u00e9cider et agir<\/li>\n<li>Aide \u00e0 d\u00e9passer ses sch\u00e9mas ancr\u00e9s<\/li>\n<li>Favorise imagination, compr\u00e9hension du monde, discernement, ind\u00e9pendance.<\/li>\n<li>Am\u00e9liore la connaissance de soi et les capacit\u00e9s sensorielles, et aide \u00e0 revenir \u00e0 soi pour mieux comprendre une qu\u00eate interne ou personnes ayant des maux\u00a0 avec des causes psychosomatiques.<\/li>\n<li>Augmente la sagesse universelle, intuition, cr\u00e9ativit\u00e9<\/li>\n<li>Favorise l\u2019inspiration des artistes<\/li>\n<li>Aide \u00e0 r\u00e9fl\u00e9chir avant de d\u00e9cider et agir, \u00e0 mettre en \u0153uvre des id\u00e9es<\/li>\n<li>Invite \u00e0 r\u00eaver et \u00e0 penser \u00e0 ses besoins dans le futur<\/li>\n<li>Facilite une connexion au cosmos et a des plans de perception au &#8211; del\u00e0 du terrestre, augmente les dons d\u2019intuition divination t\u00e9l\u00e9pathie.<\/li>\n<\/ul>\n<p><em>Propri\u00e9t\u00e9s physiques :<\/em><\/p>\n<ul>\n<li>Aide \u00e0 la convalescence apr\u00e8s\u00a0 une op\u00e9ration et en cas de maladies microbiennes<\/li>\n<li>Favorise la d\u00e9sintoxication de l&rsquo;organisme<\/li>\n<li>Am\u00e9liore la circulation<\/li>\n<li>Apaise les nerfs<\/li>\n<li>Fortifie les articulations et soulage arthrite, tendinite, \u00e9tats inflammatoires<\/li>\n<li>Diminue les troubles de la parole si li\u00e9s \u00e0 un probl\u00e8me nerveux.<\/li>\n<\/ul>\n<p>&nbsp;<\/p>\n<p><img loading=\"lazy\" decoding=\"async\" class=\"alignnone size-medium wp-image-1250\" src=\"https:\/\/aufildespierres.com\/wp-content\/uploads\/2023\/11\/20231110_141141-193x300.jpg\" alt=\"\" width=\"193\" height=\"300\" srcset=\"https:\/\/aufildespierres.com\/wp-content\/uploads\/2023\/11\/20231110_141141-193x300.jpg 193w, https:\/\/aufildespierres.com\/wp-content\/uploads\/2023\/11\/20231110_141141-660x1024.jpg 660w, https:\/\/aufildespierres.com\/wp-content\/uploads\/2023\/11\/20231110_141141-768x1192.jpg 768w, https:\/\/aufildespierres.com\/wp-content\/uploads\/2023\/11\/20231110_141141-990x1536.jpg 990w, https:\/\/aufildespierres.com\/wp-content\/uploads\/2023\/11\/20231110_141141-1319x2048.jpg 1319w, https:\/\/aufildespierres.com\/wp-content\/uploads\/2023\/11\/20231110_141141-1000x1552.jpg 1000w, https:\/\/aufildespierres.com\/wp-content\/uploads\/2023\/11\/20231110_141141-scaled.jpg 1649w\" sizes=\"auto, (max-width: 193px) 100vw, 193px\" \/><\/p>\n<p><img loading=\"lazy\" decoding=\"async\" class=\"alignnone size-medium wp-image-1249\" src=\"https:\/\/aufildespierres.com\/wp-content\/uploads\/2023\/11\/20231110_141130-206x300.jpg\" alt=\"\" width=\"206\" height=\"300\" srcset=\"https:\/\/aufildespierres.com\/wp-content\/uploads\/2023\/11\/20231110_141130-206x300.jpg 206w, https:\/\/aufildespierres.com\/wp-content\/uploads\/2023\/11\/20231110_141130-702x1024.jpg 702w, https:\/\/aufildespierres.com\/wp-content\/uploads\/2023\/11\/20231110_141130-768x1120.jpg 768w, https:\/\/aufildespierres.com\/wp-content\/uploads\/2023\/11\/20231110_141130-1053x1536.jpg 1053w, https:\/\/aufildespierres.com\/wp-content\/uploads\/2023\/11\/20231110_141130-1405x2048.jpg 1405w, https:\/\/aufildespierres.com\/wp-content\/uploads\/2023\/11\/20231110_141130-1000x1458.jpg 1000w, https:\/\/aufildespierres.com\/wp-content\/uploads\/2023\/11\/20231110_141130-scaled.jpg 1756w\" sizes=\"auto, (max-width: 206px) 100vw, 206px\" \/><\/p>\n","protected":false},"excerpt":{"rendered":"<p>La\u00a0 r\u00e9flexion avant l&rsquo;action, capacit\u00e9s sensorielles.<\/p>\n","protected":false},"featured_media":1251,"comment_status":"open","ping_status":"closed","template":"","meta":{"site-sidebar-layout":"default","site-content-layout":"","ast-site-content-layout":"default","site-content-style":"default","site-sidebar-style":"default","ast-global-header-display":"","ast-banner-title-visibility":"","ast-main-header-display":"","ast-hfb-above-header-display":"","ast-hfb-below-header-display":"","ast-hfb-mobile-header-display":"","site-post-title":"","ast-breadcrumbs-content":"","ast-featured-img":"","footer-sml-layout":"","ast-disable-related-posts":"","theme-transparent-header-meta":"default","adv-header-id-meta":"","stick-header-meta":"","header-above-stick-meta":"","header-main-stick-meta":"","header-below-stick-meta":"","astra-migrate-meta-layouts":"set","ast-page-background-enabled":"default","ast-page-background-meta":{"desktop":{"background-color":"var(--ast-global-color-4)","background-image":"","background-repeat":"repeat","background-position":"center center","background-size":"auto","background-attachment":"scroll","background-type":"","background-media":"","overlay-type":"","overlay-color":"","overlay-opacity":"","overlay-gradient":""},"tablet":{"background-color":"","background-image":"","background-repeat":"repeat","background-position":"center center","background-size":"auto","background-attachment":"scroll","background-type":"","background-media":"","overlay-type":"","overlay-color":"","overlay-opacity":"","overlay-gradient":""},"mobile":{"background-color":"","background-image":"","background-repeat":"repeat","background-position":"center center","background-size":"auto","background-attachment":"scroll","background-type":"","background-media":"","overlay-type":"","overlay-color":"","overlay-opacity":"","overlay-gradient":""}},"ast-content-background-meta":{"desktop":{"background-color":"var(--ast-global-color-5)","background-image":"","background-repeat":"repeat","background-position":"center center","background-size":"auto","background-attachment":"scroll","background-type":"","background-media":"","overlay-type":"","overlay-color":"","overlay-opacity":"","overlay-gradient":""},"tablet":{"background-color":"var(--ast-global-color-5)","background-image":"","background-repeat":"repeat","background-position":"center center","background-size":"auto","background-attachment":"scroll","background-type":"","background-media":"","overlay-type":"","overlay-color":"","overlay-opacity":"","overlay-gradient":""},"mobile":{"background-color":"var(--ast-global-color-5)","background-image":"","background-repeat":"repeat","background-position":"center center","background-size":"auto","background-attachment":"scroll","background-type":"","background-media":"","overlay-type":"","overlay-color":"","overlay-opacity":"","overlay-gradient":""}},"_glsr_average":0,"_glsr_ranking":0,"_glsr_reviews":0},"product_brand":[],"product_cat":[192,72,31],"product_tag":[],"class_list":{"0":"post-1248","1":"product","2":"type-product","3":"status-publish","4":"has-post-thumbnail","6":"product_cat-azurite","7":"product_cat-bleu","8":"product_cat-pierres-brutes","9":"desktop-align-left","10":"tablet-align-left","11":"mobile-align-left","13":"first","14":"instock","15":"purchasable","16":"product-type-simple"},"yoast_head":"<!-- This site is optimized with the Yoast SEO plugin v27.5 - https:\/\/yoast.com\/product\/yoast-seo-wordpress\/ -->\n<title>PIERRE BRUTE AZURITE - Au fil des pierres<\/title>\n<meta name=\"robots\" content=\"index, follow, max-snippet:-1, max-image-preview:large, max-video-preview:-1\" \/>\n<link rel=\"canonical\" href=\"https:\/\/aufildespierres.com\/index.php\/product\/pierre-brute-azurite\/\" \/>\n<meta property=\"og:locale\" content=\"fr_FR\" \/>\n<meta property=\"og:type\" content=\"article\" \/>\n<meta property=\"og:title\" content=\"PIERRE BRUTE AZURITE - Au fil des pierres\" \/>\n<meta property=\"og:description\" content=\"La\u00a0 r\u00e9flexion avant l&#039;action, capacit\u00e9s sensorielles.\" \/>\n<meta property=\"og:url\" content=\"https:\/\/aufildespierres.com\/index.php\/product\/pierre-brute-azurite\/\" \/>\n<meta property=\"og:site_name\" content=\"Au fil des pierres\" \/>\n<meta property=\"article:modified_time\" content=\"2024-09-06T16:48:03+00:00\" \/>\n<meta property=\"og:image\" content=\"https:\/\/aufildespierres.com\/wp-content\/uploads\/2023\/11\/20231110_141201.jpg\" \/>\n\t<meta property=\"og:image:width\" content=\"2240\" \/>\n\t<meta property=\"og:image:height\" content=\"2525\" \/>\n\t<meta property=\"og:image:type\" content=\"image\/jpeg\" \/>\n<meta name=\"twitter:card\" content=\"summary_large_image\" \/>\n<meta name=\"twitter:label1\" content=\"Dur\u00e9e de lecture estim\u00e9e\" \/>\n\t<meta name=\"twitter:data1\" content=\"1 minute\" \/>\n<script type=\"application\/ld+json\" class=\"yoast-schema-graph\">{\"@context\":\"https:\\\/\\\/schema.org\",\"@graph\":[{\"@type\":\"WebPage\",\"@id\":\"https:\\\/\\\/aufildespierres.com\\\/index.php\\\/product\\\/pierre-brute-azurite\\\/\",\"url\":\"https:\\\/\\\/aufildespierres.com\\\/index.php\\\/product\\\/pierre-brute-azurite\\\/\",\"name\":\"PIERRE BRUTE AZURITE - Au fil des pierres\",\"isPartOf\":{\"@id\":\"https:\\\/\\\/aufildespierres.com\\\/#website\"},\"primaryImageOfPage\":{\"@id\":\"https:\\\/\\\/aufildespierres.com\\\/index.php\\\/product\\\/pierre-brute-azurite\\\/#primaryimage\"},\"image\":{\"@id\":\"https:\\\/\\\/aufildespierres.com\\\/index.php\\\/product\\\/pierre-brute-azurite\\\/#primaryimage\"},\"thumbnailUrl\":\"https:\\\/\\\/aufildespierres.com\\\/wp-content\\\/uploads\\\/2023\\\/11\\\/20231110_141201.jpg\",\"datePublished\":\"2023-11-10T13:46:23+00:00\",\"dateModified\":\"2024-09-06T16:48:03+00:00\",\"breadcrumb\":{\"@id\":\"https:\\\/\\\/aufildespierres.com\\\/index.php\\\/product\\\/pierre-brute-azurite\\\/#breadcrumb\"},\"inLanguage\":\"fr-FR\",\"potentialAction\":[{\"@type\":\"ReadAction\",\"target\":[\"https:\\\/\\\/aufildespierres.com\\\/index.php\\\/product\\\/pierre-brute-azurite\\\/\"]}]},{\"@type\":\"ImageObject\",\"inLanguage\":\"fr-FR\",\"@id\":\"https:\\\/\\\/aufildespierres.com\\\/index.php\\\/product\\\/pierre-brute-azurite\\\/#primaryimage\",\"url\":\"https:\\\/\\\/aufildespierres.com\\\/wp-content\\\/uploads\\\/2023\\\/11\\\/20231110_141201.jpg\",\"contentUrl\":\"https:\\\/\\\/aufildespierres.com\\\/wp-content\\\/uploads\\\/2023\\\/11\\\/20231110_141201.jpg\",\"width\":2240,\"height\":2525},{\"@type\":\"BreadcrumbList\",\"@id\":\"https:\\\/\\\/aufildespierres.com\\\/index.php\\\/product\\\/pierre-brute-azurite\\\/#breadcrumb\",\"itemListElement\":[{\"@type\":\"ListItem\",\"position\":1,\"name\":\"Accueil\",\"item\":\"https:\\\/\\\/aufildespierres.com\\\/\"},{\"@type\":\"ListItem\",\"position\":2,\"name\":\"Boutique de Lithoth\u00e9rapie\",\"item\":\"https:\\\/\\\/aufildespierres.com\\\/index.php\\\/boutique-de-lithotherapie\\\/\"},{\"@type\":\"ListItem\",\"position\":3,\"name\":\"PIERRE BRUTE AZURITE\"}]},{\"@type\":\"WebSite\",\"@id\":\"https:\\\/\\\/aufildespierres.com\\\/#website\",\"url\":\"https:\\\/\\\/aufildespierres.com\\\/\",\"name\":\"Au fil des pierres\",\"description\":\"Au fil des pierres\",\"publisher\":{\"@id\":\"https:\\\/\\\/aufildespierres.com\\\/#organization\"},\"potentialAction\":[{\"@type\":\"SearchAction\",\"target\":{\"@type\":\"EntryPoint\",\"urlTemplate\":\"https:\\\/\\\/aufildespierres.com\\\/?s={search_term_string}\"},\"query-input\":{\"@type\":\"PropertyValueSpecification\",\"valueRequired\":true,\"valueName\":\"search_term_string\"}}],\"inLanguage\":\"fr-FR\"},{\"@type\":\"Organization\",\"@id\":\"https:\\\/\\\/aufildespierres.com\\\/#organization\",\"name\":\"Au fil des pierres\",\"url\":\"https:\\\/\\\/aufildespierres.com\\\/\",\"logo\":{\"@type\":\"ImageObject\",\"inLanguage\":\"fr-FR\",\"@id\":\"https:\\\/\\\/aufildespierres.com\\\/#\\\/schema\\\/logo\\\/image\\\/\",\"url\":\"https:\\\/\\\/aufildespierres.com\\\/wp-content\\\/uploads\\\/2023\\\/05\\\/cropped-Logo-PNG-Transparent.png\",\"contentUrl\":\"https:\\\/\\\/aufildespierres.com\\\/wp-content\\\/uploads\\\/2023\\\/05\\\/cropped-Logo-PNG-Transparent.png\",\"width\":1776,\"height\":1625,\"caption\":\"Au fil des pierres\"},\"image\":{\"@id\":\"https:\\\/\\\/aufildespierres.com\\\/#\\\/schema\\\/logo\\\/image\\\/\"}}]}<\/script>\n<!-- \/ Yoast SEO plugin. -->","yoast_head_json":{"title":"PIERRE BRUTE AZURITE - Au fil des pierres","robots":{"index":"index","follow":"follow","max-snippet":"max-snippet:-1","max-image-preview":"max-image-preview:large","max-video-preview":"max-video-preview:-1"},"canonical":"https:\/\/aufildespierres.com\/index.php\/product\/pierre-brute-azurite\/","og_locale":"fr_FR","og_type":"article","og_title":"PIERRE BRUTE AZURITE - Au fil des pierres","og_description":"La\u00a0 r\u00e9flexion avant l'action, capacit\u00e9s sensorielles.","og_url":"https:\/\/aufildespierres.com\/index.php\/product\/pierre-brute-azurite\/","og_site_name":"Au fil des pierres","article_modified_time":"2024-09-06T16:48:03+00:00","og_image":[{"width":2240,"height":2525,"url":"https:\/\/aufildespierres.com\/wp-content\/uploads\/2023\/11\/20231110_141201.jpg","type":"image\/jpeg"}],"twitter_card":"summary_large_image","twitter_misc":{"Dur\u00e9e de lecture estim\u00e9e":"1 minute"},"schema":{"@context":"https:\/\/schema.org","@graph":[{"@type":"WebPage","@id":"https:\/\/aufildespierres.com\/index.php\/product\/pierre-brute-azurite\/","url":"https:\/\/aufildespierres.com\/index.php\/product\/pierre-brute-azurite\/","name":"PIERRE BRUTE AZURITE - Au fil des pierres","isPartOf":{"@id":"https:\/\/aufildespierres.com\/#website"},"primaryImageOfPage":{"@id":"https:\/\/aufildespierres.com\/index.php\/product\/pierre-brute-azurite\/#primaryimage"},"image":{"@id":"https:\/\/aufildespierres.com\/index.php\/product\/pierre-brute-azurite\/#primaryimage"},"thumbnailUrl":"https:\/\/aufildespierres.com\/wp-content\/uploads\/2023\/11\/20231110_141201.jpg","datePublished":"2023-11-10T13:46:23+00:00","dateModified":"2024-09-06T16:48:03+00:00","breadcrumb":{"@id":"https:\/\/aufildespierres.com\/index.php\/product\/pierre-brute-azurite\/#breadcrumb"},"inLanguage":"fr-FR","potentialAction":[{"@type":"ReadAction","target":["https:\/\/aufildespierres.com\/index.php\/product\/pierre-brute-azurite\/"]}]},{"@type":"ImageObject","inLanguage":"fr-FR","@id":"https:\/\/aufildespierres.com\/index.php\/product\/pierre-brute-azurite\/#primaryimage","url":"https:\/\/aufildespierres.com\/wp-content\/uploads\/2023\/11\/20231110_141201.jpg","contentUrl":"https:\/\/aufildespierres.com\/wp-content\/uploads\/2023\/11\/20231110_141201.jpg","width":2240,"height":2525},{"@type":"BreadcrumbList","@id":"https:\/\/aufildespierres.com\/index.php\/product\/pierre-brute-azurite\/#breadcrumb","itemListElement":[{"@type":"ListItem","position":1,"name":"Accueil","item":"https:\/\/aufildespierres.com\/"},{"@type":"ListItem","position":2,"name":"Boutique de Lithoth\u00e9rapie","item":"https:\/\/aufildespierres.com\/index.php\/boutique-de-lithotherapie\/"},{"@type":"ListItem","position":3,"name":"PIERRE BRUTE AZURITE"}]},{"@type":"WebSite","@id":"https:\/\/aufildespierres.com\/#website","url":"https:\/\/aufildespierres.com\/","name":"Au fil des pierres","description":"Au fil des pierres","publisher":{"@id":"https:\/\/aufildespierres.com\/#organization"},"potentialAction":[{"@type":"SearchAction","target":{"@type":"EntryPoint","urlTemplate":"https:\/\/aufildespierres.com\/?s={search_term_string}"},"query-input":{"@type":"PropertyValueSpecification","valueRequired":true,"valueName":"search_term_string"}}],"inLanguage":"fr-FR"},{"@type":"Organization","@id":"https:\/\/aufildespierres.com\/#organization","name":"Au fil des pierres","url":"https:\/\/aufildespierres.com\/","logo":{"@type":"ImageObject","inLanguage":"fr-FR","@id":"https:\/\/aufildespierres.com\/#\/schema\/logo\/image\/","url":"https:\/\/aufildespierres.com\/wp-content\/uploads\/2023\/05\/cropped-Logo-PNG-Transparent.png","contentUrl":"https:\/\/aufildespierres.com\/wp-content\/uploads\/2023\/05\/cropped-Logo-PNG-Transparent.png","width":1776,"height":1625,"caption":"Au fil des pierres"},"image":{"@id":"https:\/\/aufildespierres.com\/#\/schema\/logo\/image\/"}}]}},"_links":{"self":[{"href":"https:\/\/aufildespierres.com\/index.php\/wp-json\/wp\/v2\/product\/1248","targetHints":{"allow":["GET"]}}],"collection":[{"href":"https:\/\/aufildespierres.com\/index.php\/wp-json\/wp\/v2\/product"}],"about":[{"href":"https:\/\/aufildespierres.com\/index.php\/wp-json\/wp\/v2\/types\/product"}],"replies":[{"embeddable":true,"href":"https:\/\/aufildespierres.com\/index.php\/wp-json\/wp\/v2\/comments?post=1248"}],"wp:featuredmedia":[{"embeddable":true,"href":"https:\/\/aufildespierres.com\/index.php\/wp-json\/wp\/v2\/media\/1251"}],"wp:attachment":[{"href":"https:\/\/aufildespierres.com\/index.php\/wp-json\/wp\/v2\/media?parent=1248"}],"wp:term":[{"taxonomy":"product_brand","embeddable":true,"href":"https:\/\/aufildespierres.com\/index.php\/wp-json\/wp\/v2\/product_brand?post=1248"},{"taxonomy":"product_cat","embeddable":true,"href":"https:\/\/aufildespierres.com\/index.php\/wp-json\/wp\/v2\/product_cat?post=1248"},{"taxonomy":"product_tag","embeddable":true,"href":"https:\/\/aufildespierres.com\/index.php\/wp-json\/wp\/v2\/product_tag?post=1248"}],"curies":[{"name":"wp","href":"https:\/\/api.w.org\/{rel}","templated":true}]}}