{"id":1253,"date":"2023-11-10T14:59:24","date_gmt":"2023-11-10T13:59:24","guid":{"rendered":"https:\/\/aufildespierres.com\/?post_type=product&#038;p=1253"},"modified":"2024-09-06T18:48:03","modified_gmt":"2024-09-06T16:48:03","slug":"pierre-brute-azurite-malachite","status":"publish","type":"product","link":"https:\/\/aufildespierres.com\/index.php\/product\/pierre-brute-azurite-malachite\/","title":{"rendered":"Pierre brute AZURITE MALACHITE"},"content":{"rendered":"<p>&nbsp;<\/p>\n<p><strong>Pierre\u00a0 brute en Azurite et Malachite\u00a0<\/strong><\/p>\n<p>poids 15 grammes\u00a0 dimension 50 x 45 mm environ<\/p>\n<p>&nbsp;<\/p>\n<p><strong>L\u2019azurite<\/strong> peut se transformer avec le temps en malachite et certains gisements poss\u00e8dent les 2 pierres en m\u00eame temps.<\/p>\n<p>Pierre assez puissante pour les personnes sensibles<\/p>\n<p>En m\u00e9ditation associer \u00e0 une tourmaline noire pour assurer l\u2019ancrage de l\u2019esprit.<\/p>\n<p><em>Propri\u00e9t\u00e9s psychiques<\/em><\/p>\n<ul>\n<li>Equilibre les chakras et r\u00e9gule tout l\u2019organisme agit sur les \u00e9motions, aide \u00e0 r\u00e9fl\u00e9chir avant de d\u00e9cider et agir<\/li>\n<li>Aide \u00e0 d\u00e9passer ses sch\u00e9mas ancr\u00e9s<\/li>\n<li>Favorise imagination, compr\u00e9hension du monde, discernement, ind\u00e9pendance.<\/li>\n<li>Am\u00e9liore la connaissance de soi et les capacit\u00e9s sensorielles, et aide \u00e0 revenir \u00e0 soi pour mieux comprendre une qu\u00eate interne ou personnes ayant des maux\u00a0 avec des causes psychosomatiques.<\/li>\n<li>Augmente la sagesse universelle, intuition, cr\u00e9ativit\u00e9<\/li>\n<li>Favorise l\u2019inspiration des artistes<\/li>\n<li>Aide \u00e0 r\u00e9fl\u00e9chir avant de d\u00e9cider et agir, \u00e0 mettre en \u0153uvre des id\u00e9es<\/li>\n<li>Invite \u00e0 r\u00eaver et \u00e0 penser \u00e0 ses besoins dans le futur<\/li>\n<li>Facilite une connexion au cosmos et a des plans de perception au &#8211; del\u00e0 du terrestre, augmente les dons d\u2019intuition divination t\u00e9l\u00e9pathie.<\/li>\n<\/ul>\n<p><em>Propri\u00e9t\u00e9s physiques :<\/em><\/p>\n<ul>\n<li>Aide \u00e0 la convalescence apr\u00e8s\u00a0 une op\u00e9ration et en cas de maladies microbiennes<\/li>\n<li>Favorise la d\u00e9sintoxication de l&rsquo;organisme<\/li>\n<li>Am\u00e9liore la circulation<\/li>\n<li>Apaise les nerfs<\/li>\n<li>Fortifie les articulations et soulage arthrite, tendinite, \u00e9tats inflammatoires<\/li>\n<li>Diminue les troubles de la parole si li\u00e9s \u00e0 un probl\u00e8me nerveux.<\/li>\n<\/ul>\n<p>&nbsp;<\/p>\n<p><strong>Malachite :\u00a0<\/strong><\/p>\n<p><u>Propri\u00e9t\u00e9s psychiques et \u00e9motionnelles <\/u><\/p>\n<p>Augmente la confiance en soi et encourage \u00e0 trouver les ressources au plus profond de soi pour faire face aux adversit\u00e9s<\/p>\n<p>Aide \u00e0 trouver notre lumi\u00e8re int\u00e9rieure et accepter nos ombres, \u00a0mieux nous aimer<\/p>\n<p>Equilibre entre le mental et les sentiments<\/p>\n<p>Pierre de transformation persuasion et discernement qui encourage aux changements, \u00a0\u00e0 la prise de risques<\/p>\n<p>Augmente l\u2019intuition et observation et permet d\u2019assumer ses responsabilit\u00e9s<\/p>\n<p>Apaisante calmante diminue le stress anxi\u00e9t\u00e9 d\u00e9pression, angoisses et peurs\u00a0 favorise la paix int\u00e9rieure , c\u2019est un anti d\u00e9presseur naturel .Aide \u00e0 la compr\u00e9hension des r\u00eaves.<\/p>\n<p>Ouvre le c\u0153ur \u00e0 l\u2019amour inconditionnel en donnant assurance et \u00e9nergie positive<\/p>\n<p>Lib\u00e8re les blocages \u00e9motionnels du pass\u00e9 enfouis profond\u00e9ment, \u00a0peut faire venir les larmes en lib\u00e9ration\u00a0; utile \u00e0 ceux qui r\u00e9p\u00e8tent les m\u00eames sch\u00e9mas et pour rompre les liens ind\u00e9sirables.<\/p>\n<p>&nbsp;<\/p>\n<p><u>Propri\u00e9t\u00e9s physiques <\/u><\/p>\n<p>Efficace contre les douleurs comme rage de dent, arthrose, fractures entorses crampes, colique, h\u00e9matome, otites angines\u00a0; pos\u00e9e sur la douleur elle l\u2019estompera, la laisser en place jusqu\u2019\u00e0 diminution.<\/p>\n<p>Anti inflammatoire naturel , antispasmodique\u00a0; agit sur le syst\u00e8me circulatoire c\u0153ur et sang \u00a0calme le syst\u00e8me nerveux , stimule le syst\u00e8me immunitaire<\/p>\n<p>Diminue les insomnies surtout si li\u00e9es \u00e0 l\u2019anxi\u00e9t\u00e9 (aussi pour les enfants pour diminuer les cauchemars et pour les adapter \u00e0 de nouvelles situations)<\/p>\n<p>Prot\u00e8ge la grossesse et facilite l\u2019accouchement, r\u00e9gule le cycle menstruel<\/p>\n<p>Facilite la \u00a0respiration pulmonaire .<\/p>\n<p>&nbsp;<\/p>\n<p><strong><u>Purification <\/u><\/strong><\/p>\n<p>Absorbe et doit donc \u00eatre purifi\u00e9e souvent, \u00a0utiliser la sauge ou le palo santo<\/p>\n<p>Recharge\u00a0: soleil, lumi\u00e8re naturelle du matin sans forte chaleur 1 \u00e0 2 heures, ou \u00e0 la pleine lune. Se r\u00e9g\u00e9n\u00e8re par enfouissement.<\/p>\n<p>Raviver une malachite ternie avec un peu d\u2019huile de lin ou de noyau d\u2019abricot, entretenir avec un chiffon doux.<\/p>\n<p>Signes Astrologiques\u00a0: Taureau Balance Capricorne Scorpion.<\/p>\n<p>&nbsp;<\/p>\n<p>&nbsp;<\/p>\n<p>&nbsp;<\/p>\n<p>&nbsp;<\/p>\n<p>&nbsp;<\/p>\n","protected":false},"excerpt":{"rendered":"<p>&nbsp; Pierre\u00a0 brute en Azurite et Malachite\u00a0 poids 15 grammes\u00a0 dimension 50 x 45 mm environ &nbsp; L\u2019azurite peut se transformer avec le temps en malachite et certains gisements poss\u00e8dent les 2 pierres en m\u00eame temps. Pierre assez puissante pour les personnes sensibles En m\u00e9ditation associer \u00e0 une tourmaline noire pour assurer l\u2019ancrage de l\u2019esprit. [&hellip;]<\/p>\n","protected":false},"featured_media":1255,"comment_status":"open","ping_status":"closed","template":"","meta":{"site-sidebar-layout":"default","site-content-layout":"","ast-site-content-layout":"default","site-content-style":"default","site-sidebar-style":"default","ast-global-header-display":"","ast-banner-title-visibility":"","ast-main-header-display":"","ast-hfb-above-header-display":"","ast-hfb-below-header-display":"","ast-hfb-mobile-header-display":"","site-post-title":"","ast-breadcrumbs-content":"","ast-featured-img":"","footer-sml-layout":"","ast-disable-related-posts":"","theme-transparent-header-meta":"default","adv-header-id-meta":"","stick-header-meta":"","header-above-stick-meta":"","header-main-stick-meta":"","header-below-stick-meta":"","astra-migrate-meta-layouts":"set","ast-page-background-enabled":"default","ast-page-background-meta":{"desktop":{"background-color":"var(--ast-global-color-4)","background-image":"","background-repeat":"repeat","background-position":"center center","background-size":"auto","background-attachment":"scroll","background-type":"","background-media":"","overlay-type":"","overlay-color":"","overlay-opacity":"","overlay-gradient":""},"tablet":{"background-color":"","background-image":"","background-repeat":"repeat","background-position":"center center","background-size":"auto","background-attachment":"scroll","background-type":"","background-media":"","overlay-type":"","overlay-color":"","overlay-opacity":"","overlay-gradient":""},"mobile":{"background-color":"","background-image":"","background-repeat":"repeat","background-position":"center center","background-size":"auto","background-attachment":"scroll","background-type":"","background-media":"","overlay-type":"","overlay-color":"","overlay-opacity":"","overlay-gradient":""}},"ast-content-background-meta":{"desktop":{"background-color":"var(--ast-global-color-5)","background-image":"","background-repeat":"repeat","background-position":"center center","background-size":"auto","background-attachment":"scroll","background-type":"","background-media":"","overlay-type":"","overlay-color":"","overlay-opacity":"","overlay-gradient":""},"tablet":{"background-color":"var(--ast-global-color-5)","background-image":"","background-repeat":"repeat","background-position":"center center","background-size":"auto","background-attachment":"scroll","background-type":"","background-media":"","overlay-type":"","overlay-color":"","overlay-opacity":"","overlay-gradient":""},"mobile":{"background-color":"var(--ast-global-color-5)","background-image":"","background-repeat":"repeat","background-position":"center center","background-size":"auto","background-attachment":"scroll","background-type":"","background-media":"","overlay-type":"","overlay-color":"","overlay-opacity":"","overlay-gradient":""}},"_glsr_average":0,"_glsr_ranking":0,"_glsr_reviews":0},"product_brand":[],"product_cat":[192,72,121,31,15,78],"product_tag":[],"class_list":{"0":"post-1253","1":"product","2":"type-product","3":"status-publish","4":"has-post-thumbnail","6":"product_cat-azurite","7":"product_cat-bleu","8":"product_cat-malachite","9":"product_cat-pierres-brutes","10":"product_cat-tout","11":"product_cat-vert","12":"desktop-align-left","13":"tablet-align-left","14":"mobile-align-left","16":"first","17":"outofstock","18":"purchasable","19":"product-type-simple"},"yoast_head":"<!-- This site is optimized with the Yoast SEO plugin v27.4 - https:\/\/yoast.com\/product\/yoast-seo-wordpress\/ -->\n<title>Pierre brute AZURITE MALACHITE - Au fil des pierres<\/title>\n<meta name=\"robots\" content=\"index, follow, max-snippet:-1, max-image-preview:large, max-video-preview:-1\" \/>\n<link rel=\"canonical\" href=\"https:\/\/aufildespierres.com\/index.php\/product\/pierre-brute-azurite-malachite\/\" \/>\n<meta property=\"og:locale\" content=\"fr_FR\" \/>\n<meta property=\"og:type\" content=\"article\" \/>\n<meta property=\"og:title\" content=\"Pierre brute AZURITE MALACHITE - Au fil des pierres\" \/>\n<meta property=\"og:description\" content=\"&nbsp; Pierre\u00a0 brute en Azurite et Malachite\u00a0 poids 15 grammes\u00a0 dimension 50 x 45 mm environ &nbsp; L\u2019azurite peut se transformer avec le temps en malachite et certains gisements poss\u00e8dent les 2 pierres en m\u00eame temps. Pierre assez puissante pour les personnes sensibles En m\u00e9ditation associer \u00e0 une tourmaline noire pour assurer l\u2019ancrage de l\u2019esprit. [&hellip;]\" \/>\n<meta property=\"og:url\" content=\"https:\/\/aufildespierres.com\/index.php\/product\/pierre-brute-azurite-malachite\/\" \/>\n<meta property=\"og:site_name\" content=\"Au fil des pierres\" \/>\n<meta property=\"article:modified_time\" content=\"2024-09-06T16:48:03+00:00\" \/>\n<meta property=\"og:image\" content=\"https:\/\/aufildespierres.com\/wp-content\/uploads\/2023\/11\/20231110_141234-1.jpg\" \/>\n\t<meta property=\"og:image:width\" content=\"2240\" \/>\n\t<meta property=\"og:image:height\" content=\"2270\" \/>\n\t<meta property=\"og:image:type\" content=\"image\/jpeg\" \/>\n<meta name=\"twitter:card\" content=\"summary_large_image\" \/>\n<meta name=\"twitter:label1\" content=\"Dur\u00e9e de lecture estim\u00e9e\" \/>\n\t<meta name=\"twitter:data1\" content=\"3 minutes\" \/>\n<script type=\"application\/ld+json\" class=\"yoast-schema-graph\">{\"@context\":\"https:\\\/\\\/schema.org\",\"@graph\":[{\"@type\":\"WebPage\",\"@id\":\"https:\\\/\\\/aufildespierres.com\\\/index.php\\\/product\\\/pierre-brute-azurite-malachite\\\/\",\"url\":\"https:\\\/\\\/aufildespierres.com\\\/index.php\\\/product\\\/pierre-brute-azurite-malachite\\\/\",\"name\":\"Pierre brute AZURITE MALACHITE - Au fil des pierres\",\"isPartOf\":{\"@id\":\"https:\\\/\\\/aufildespierres.com\\\/#website\"},\"primaryImageOfPage\":{\"@id\":\"https:\\\/\\\/aufildespierres.com\\\/index.php\\\/product\\\/pierre-brute-azurite-malachite\\\/#primaryimage\"},\"image\":{\"@id\":\"https:\\\/\\\/aufildespierres.com\\\/index.php\\\/product\\\/pierre-brute-azurite-malachite\\\/#primaryimage\"},\"thumbnailUrl\":\"https:\\\/\\\/aufildespierres.com\\\/wp-content\\\/uploads\\\/2023\\\/11\\\/20231110_141234-1.jpg\",\"datePublished\":\"2023-11-10T13:59:24+00:00\",\"dateModified\":\"2024-09-06T16:48:03+00:00\",\"breadcrumb\":{\"@id\":\"https:\\\/\\\/aufildespierres.com\\\/index.php\\\/product\\\/pierre-brute-azurite-malachite\\\/#breadcrumb\"},\"inLanguage\":\"fr-FR\",\"potentialAction\":[{\"@type\":\"ReadAction\",\"target\":[\"https:\\\/\\\/aufildespierres.com\\\/index.php\\\/product\\\/pierre-brute-azurite-malachite\\\/\"]}]},{\"@type\":\"ImageObject\",\"inLanguage\":\"fr-FR\",\"@id\":\"https:\\\/\\\/aufildespierres.com\\\/index.php\\\/product\\\/pierre-brute-azurite-malachite\\\/#primaryimage\",\"url\":\"https:\\\/\\\/aufildespierres.com\\\/wp-content\\\/uploads\\\/2023\\\/11\\\/20231110_141234-1.jpg\",\"contentUrl\":\"https:\\\/\\\/aufildespierres.com\\\/wp-content\\\/uploads\\\/2023\\\/11\\\/20231110_141234-1.jpg\",\"width\":2240,\"height\":2270},{\"@type\":\"BreadcrumbList\",\"@id\":\"https:\\\/\\\/aufildespierres.com\\\/index.php\\\/product\\\/pierre-brute-azurite-malachite\\\/#breadcrumb\",\"itemListElement\":[{\"@type\":\"ListItem\",\"position\":1,\"name\":\"Accueil\",\"item\":\"https:\\\/\\\/aufildespierres.com\\\/\"},{\"@type\":\"ListItem\",\"position\":2,\"name\":\"Boutique de Lithoth\u00e9rapie\",\"item\":\"https:\\\/\\\/aufildespierres.com\\\/index.php\\\/boutique-de-lithotherapie\\\/\"},{\"@type\":\"ListItem\",\"position\":3,\"name\":\"Pierre brute AZURITE MALACHITE\"}]},{\"@type\":\"WebSite\",\"@id\":\"https:\\\/\\\/aufildespierres.com\\\/#website\",\"url\":\"https:\\\/\\\/aufildespierres.com\\\/\",\"name\":\"Au fil des pierres\",\"description\":\"Au fil des pierres\",\"publisher\":{\"@id\":\"https:\\\/\\\/aufildespierres.com\\\/#organization\"},\"potentialAction\":[{\"@type\":\"SearchAction\",\"target\":{\"@type\":\"EntryPoint\",\"urlTemplate\":\"https:\\\/\\\/aufildespierres.com\\\/?s={search_term_string}\"},\"query-input\":{\"@type\":\"PropertyValueSpecification\",\"valueRequired\":true,\"valueName\":\"search_term_string\"}}],\"inLanguage\":\"fr-FR\"},{\"@type\":\"Organization\",\"@id\":\"https:\\\/\\\/aufildespierres.com\\\/#organization\",\"name\":\"Au fil des pierres\",\"url\":\"https:\\\/\\\/aufildespierres.com\\\/\",\"logo\":{\"@type\":\"ImageObject\",\"inLanguage\":\"fr-FR\",\"@id\":\"https:\\\/\\\/aufildespierres.com\\\/#\\\/schema\\\/logo\\\/image\\\/\",\"url\":\"https:\\\/\\\/aufildespierres.com\\\/wp-content\\\/uploads\\\/2023\\\/05\\\/cropped-Logo-PNG-Transparent.png\",\"contentUrl\":\"https:\\\/\\\/aufildespierres.com\\\/wp-content\\\/uploads\\\/2023\\\/05\\\/cropped-Logo-PNG-Transparent.png\",\"width\":1776,\"height\":1625,\"caption\":\"Au fil des pierres\"},\"image\":{\"@id\":\"https:\\\/\\\/aufildespierres.com\\\/#\\\/schema\\\/logo\\\/image\\\/\"}}]}<\/script>\n<!-- \/ Yoast SEO plugin. -->","yoast_head_json":{"title":"Pierre brute AZURITE MALACHITE - Au fil des pierres","robots":{"index":"index","follow":"follow","max-snippet":"max-snippet:-1","max-image-preview":"max-image-preview:large","max-video-preview":"max-video-preview:-1"},"canonical":"https:\/\/aufildespierres.com\/index.php\/product\/pierre-brute-azurite-malachite\/","og_locale":"fr_FR","og_type":"article","og_title":"Pierre brute AZURITE MALACHITE - Au fil des pierres","og_description":"&nbsp; Pierre\u00a0 brute en Azurite et Malachite\u00a0 poids 15 grammes\u00a0 dimension 50 x 45 mm environ &nbsp; L\u2019azurite peut se transformer avec le temps en malachite et certains gisements poss\u00e8dent les 2 pierres en m\u00eame temps. Pierre assez puissante pour les personnes sensibles En m\u00e9ditation associer \u00e0 une tourmaline noire pour assurer l\u2019ancrage de l\u2019esprit. [&hellip;]","og_url":"https:\/\/aufildespierres.com\/index.php\/product\/pierre-brute-azurite-malachite\/","og_site_name":"Au fil des pierres","article_modified_time":"2024-09-06T16:48:03+00:00","og_image":[{"width":2240,"height":2270,"url":"https:\/\/aufildespierres.com\/wp-content\/uploads\/2023\/11\/20231110_141234-1.jpg","type":"image\/jpeg"}],"twitter_card":"summary_large_image","twitter_misc":{"Dur\u00e9e de lecture estim\u00e9e":"3 minutes"},"schema":{"@context":"https:\/\/schema.org","@graph":[{"@type":"WebPage","@id":"https:\/\/aufildespierres.com\/index.php\/product\/pierre-brute-azurite-malachite\/","url":"https:\/\/aufildespierres.com\/index.php\/product\/pierre-brute-azurite-malachite\/","name":"Pierre brute AZURITE MALACHITE - Au fil des pierres","isPartOf":{"@id":"https:\/\/aufildespierres.com\/#website"},"primaryImageOfPage":{"@id":"https:\/\/aufildespierres.com\/index.php\/product\/pierre-brute-azurite-malachite\/#primaryimage"},"image":{"@id":"https:\/\/aufildespierres.com\/index.php\/product\/pierre-brute-azurite-malachite\/#primaryimage"},"thumbnailUrl":"https:\/\/aufildespierres.com\/wp-content\/uploads\/2023\/11\/20231110_141234-1.jpg","datePublished":"2023-11-10T13:59:24+00:00","dateModified":"2024-09-06T16:48:03+00:00","breadcrumb":{"@id":"https:\/\/aufildespierres.com\/index.php\/product\/pierre-brute-azurite-malachite\/#breadcrumb"},"inLanguage":"fr-FR","potentialAction":[{"@type":"ReadAction","target":["https:\/\/aufildespierres.com\/index.php\/product\/pierre-brute-azurite-malachite\/"]}]},{"@type":"ImageObject","inLanguage":"fr-FR","@id":"https:\/\/aufildespierres.com\/index.php\/product\/pierre-brute-azurite-malachite\/#primaryimage","url":"https:\/\/aufildespierres.com\/wp-content\/uploads\/2023\/11\/20231110_141234-1.jpg","contentUrl":"https:\/\/aufildespierres.com\/wp-content\/uploads\/2023\/11\/20231110_141234-1.jpg","width":2240,"height":2270},{"@type":"BreadcrumbList","@id":"https:\/\/aufildespierres.com\/index.php\/product\/pierre-brute-azurite-malachite\/#breadcrumb","itemListElement":[{"@type":"ListItem","position":1,"name":"Accueil","item":"https:\/\/aufildespierres.com\/"},{"@type":"ListItem","position":2,"name":"Boutique de Lithoth\u00e9rapie","item":"https:\/\/aufildespierres.com\/index.php\/boutique-de-lithotherapie\/"},{"@type":"ListItem","position":3,"name":"Pierre brute AZURITE MALACHITE"}]},{"@type":"WebSite","@id":"https:\/\/aufildespierres.com\/#website","url":"https:\/\/aufildespierres.com\/","name":"Au fil des pierres","description":"Au fil des pierres","publisher":{"@id":"https:\/\/aufildespierres.com\/#organization"},"potentialAction":[{"@type":"SearchAction","target":{"@type":"EntryPoint","urlTemplate":"https:\/\/aufildespierres.com\/?s={search_term_string}"},"query-input":{"@type":"PropertyValueSpecification","valueRequired":true,"valueName":"search_term_string"}}],"inLanguage":"fr-FR"},{"@type":"Organization","@id":"https:\/\/aufildespierres.com\/#organization","name":"Au fil des pierres","url":"https:\/\/aufildespierres.com\/","logo":{"@type":"ImageObject","inLanguage":"fr-FR","@id":"https:\/\/aufildespierres.com\/#\/schema\/logo\/image\/","url":"https:\/\/aufildespierres.com\/wp-content\/uploads\/2023\/05\/cropped-Logo-PNG-Transparent.png","contentUrl":"https:\/\/aufildespierres.com\/wp-content\/uploads\/2023\/05\/cropped-Logo-PNG-Transparent.png","width":1776,"height":1625,"caption":"Au fil des pierres"},"image":{"@id":"https:\/\/aufildespierres.com\/#\/schema\/logo\/image\/"}}]}},"_links":{"self":[{"href":"https:\/\/aufildespierres.com\/index.php\/wp-json\/wp\/v2\/product\/1253","targetHints":{"allow":["GET"]}}],"collection":[{"href":"https:\/\/aufildespierres.com\/index.php\/wp-json\/wp\/v2\/product"}],"about":[{"href":"https:\/\/aufildespierres.com\/index.php\/wp-json\/wp\/v2\/types\/product"}],"replies":[{"embeddable":true,"href":"https:\/\/aufildespierres.com\/index.php\/wp-json\/wp\/v2\/comments?post=1253"}],"wp:featuredmedia":[{"embeddable":true,"href":"https:\/\/aufildespierres.com\/index.php\/wp-json\/wp\/v2\/media\/1255"}],"wp:attachment":[{"href":"https:\/\/aufildespierres.com\/index.php\/wp-json\/wp\/v2\/media?parent=1253"}],"wp:term":[{"taxonomy":"product_brand","embeddable":true,"href":"https:\/\/aufildespierres.com\/index.php\/wp-json\/wp\/v2\/product_brand?post=1253"},{"taxonomy":"product_cat","embeddable":true,"href":"https:\/\/aufildespierres.com\/index.php\/wp-json\/wp\/v2\/product_cat?post=1253"},{"taxonomy":"product_tag","embeddable":true,"href":"https:\/\/aufildespierres.com\/index.php\/wp-json\/wp\/v2\/product_tag?post=1253"}],"curies":[{"name":"wp","href":"https:\/\/api.w.org\/{rel}","templated":true}]}}