{"id":1272,"date":"2023-11-10T20:47:52","date_gmt":"2023-11-10T19:47:52","guid":{"rendered":"https:\/\/aufildespierres.com\/?post_type=product&#038;p=1272"},"modified":"2024-09-06T18:48:03","modified_gmt":"2024-09-06T16:48:03","slug":"lune-en-selenite","status":"publish","type":"product","link":"https:\/\/aufildespierres.com\/index.php\/product\/lune-en-selenite\/","title":{"rendered":"Lune en SELENITE"},"content":{"rendered":"<p><strong>Lune en S\u00e9l\u00e9nite blanche<\/strong><\/p>\n<p>poids 137 grammes<\/p>\n<p>105mm x 40 mm<\/p>\n<p><strong><em>S\u00e9l\u00e9nite :<\/em><\/strong><\/p>\n<p><strong><em>Propri\u00e9t\u00e9s psychiques :<\/em><\/strong><\/p>\n<p>chakra du c\u0153ur et 3eme \u0153il<\/p>\n<ul>\n<li>Favorise une s\u00e9r\u00e9nit\u00e9 int\u00e9rieure propice \u00e0 la m\u00e9ditation, au calme profond<\/li>\n<li>Aide \u00e0 faire ressortir les blocages int\u00e9rieurs notamment ceux responsables de complexes<\/li>\n<li>Ses vibrations nous guident vers un \u00e9tat d&rsquo;\u00eatre plus \u00e9lev\u00e9<\/li>\n<li>Favorise l&rsquo;estime de soi<\/li>\n<li>Favorable aux femmes enceintes durant toute leur grossesse en favorisant bien \u00eatre et calme, soutient ensuite l&rsquo;allaitement.<\/li>\n<\/ul>\n<p><strong><em>Propri\u00e9t\u00e9s physiques :<\/em><\/strong><\/p>\n<ul>\n<li>Assainit l&rsquo;air, d&rsquo;o\u00f9 les lampes en s\u00e9l\u00e9nite qui sont vendues pour harmoniser son int\u00e9rieur, la pi\u00e8ce, l&rsquo;esprit et tout ce qui est contenu, chasse col\u00e8re et agitation<\/li>\n<li>Apaise les douleurs articulaires, de ventre, migraines<\/li>\n<li>Stimule les pulsions sexuelles<\/li>\n<li>Apporte du soutien pour les maladies cutan\u00e9es comme acn\u00e9, ecz\u00e9ma, psoriasis.<\/li>\n<\/ul>\n","protected":false},"excerpt":{"rendered":"<p>S\u00e9r\u00e9nit\u00e9, calme profond harmonisation de l&rsquo;int\u00e9rieur.<\/p>\n","protected":false},"featured_media":1273,"comment_status":"open","ping_status":"closed","template":"","meta":{"site-sidebar-layout":"default","site-content-layout":"","ast-site-content-layout":"default","site-content-style":"default","site-sidebar-style":"default","ast-global-header-display":"","ast-banner-title-visibility":"","ast-main-header-display":"","ast-hfb-above-header-display":"","ast-hfb-below-header-display":"","ast-hfb-mobile-header-display":"","site-post-title":"","ast-breadcrumbs-content":"","ast-featured-img":"","footer-sml-layout":"","ast-disable-related-posts":"","theme-transparent-header-meta":"default","adv-header-id-meta":"","stick-header-meta":"","header-above-stick-meta":"","header-main-stick-meta":"","header-below-stick-meta":"","astra-migrate-meta-layouts":"set","ast-page-background-enabled":"default","ast-page-background-meta":{"desktop":{"background-color":"var(--ast-global-color-4)","background-image":"","background-repeat":"repeat","background-position":"center center","background-size":"auto","background-attachment":"scroll","background-type":"","background-media":"","overlay-type":"","overlay-color":"","overlay-opacity":"","overlay-gradient":""},"tablet":{"background-color":"","background-image":"","background-repeat":"repeat","background-position":"center center","background-size":"auto","background-attachment":"scroll","background-type":"","background-media":"","overlay-type":"","overlay-color":"","overlay-opacity":"","overlay-gradient":""},"mobile":{"background-color":"","background-image":"","background-repeat":"repeat","background-position":"center center","background-size":"auto","background-attachment":"scroll","background-type":"","background-media":"","overlay-type":"","overlay-color":"","overlay-opacity":"","overlay-gradient":""}},"ast-content-background-meta":{"desktop":{"background-color":"var(--ast-global-color-5)","background-image":"","background-repeat":"repeat","background-position":"center center","background-size":"auto","background-attachment":"scroll","background-type":"","background-media":"","overlay-type":"","overlay-color":"","overlay-opacity":"","overlay-gradient":""},"tablet":{"background-color":"var(--ast-global-color-5)","background-image":"","background-repeat":"repeat","background-position":"center center","background-size":"auto","background-attachment":"scroll","background-type":"","background-media":"","overlay-type":"","overlay-color":"","overlay-opacity":"","overlay-gradient":""},"mobile":{"background-color":"var(--ast-global-color-5)","background-image":"","background-repeat":"repeat","background-position":"center center","background-size":"auto","background-attachment":"scroll","background-type":"","background-media":"","overlay-type":"","overlay-color":"","overlay-opacity":"","overlay-gradient":""}},"_glsr_average":0,"_glsr_ranking":0,"_glsr_reviews":0},"product_brand":[],"product_cat":[67,32,194],"product_tag":[],"class_list":{"0":"post-1272","1":"product","2":"type-product","3":"status-publish","4":"has-post-thumbnail","6":"product_cat-blanc","7":"product_cat-pierres-polies","8":"product_cat-selenite","9":"desktop-align-left","10":"tablet-align-left","11":"mobile-align-left","13":"first","14":"instock","15":"purchasable","16":"product-type-simple"},"yoast_head":"<!-- This site is optimized with the Yoast SEO plugin v27.5 - https:\/\/yoast.com\/product\/yoast-seo-wordpress\/ -->\n<title>Lune en SELENITE - Au fil des pierres<\/title>\n<meta name=\"robots\" content=\"index, follow, max-snippet:-1, max-image-preview:large, max-video-preview:-1\" \/>\n<link rel=\"canonical\" href=\"https:\/\/aufildespierres.com\/index.php\/product\/lune-en-selenite\/\" \/>\n<meta property=\"og:locale\" content=\"fr_FR\" \/>\n<meta property=\"og:type\" content=\"article\" \/>\n<meta property=\"og:title\" content=\"Lune en SELENITE - Au fil des pierres\" \/>\n<meta property=\"og:description\" content=\"S\u00e9r\u00e9nit\u00e9, calme profond harmonisation de l&#039;int\u00e9rieur.\" \/>\n<meta property=\"og:url\" content=\"https:\/\/aufildespierres.com\/index.php\/product\/lune-en-selenite\/\" \/>\n<meta property=\"og:site_name\" content=\"Au fil des pierres\" \/>\n<meta property=\"article:modified_time\" content=\"2024-09-06T16:48:03+00:00\" \/>\n<meta property=\"og:image\" content=\"https:\/\/aufildespierres.com\/wp-content\/uploads\/2023\/11\/400660967_310396388593854_6815746671945015537_n.jpg\" \/>\n\t<meta property=\"og:image:width\" content=\"1303\" \/>\n\t<meta property=\"og:image:height\" content=\"1725\" \/>\n\t<meta property=\"og:image:type\" content=\"image\/jpeg\" \/>\n<meta name=\"twitter:card\" content=\"summary_large_image\" \/>\n<meta name=\"twitter:label1\" content=\"Dur\u00e9e de lecture estim\u00e9e\" \/>\n\t<meta name=\"twitter:data1\" content=\"1 minute\" \/>\n<script type=\"application\/ld+json\" class=\"yoast-schema-graph\">{\"@context\":\"https:\\\/\\\/schema.org\",\"@graph\":[{\"@type\":\"WebPage\",\"@id\":\"https:\\\/\\\/aufildespierres.com\\\/index.php\\\/product\\\/lune-en-selenite\\\/\",\"url\":\"https:\\\/\\\/aufildespierres.com\\\/index.php\\\/product\\\/lune-en-selenite\\\/\",\"name\":\"Lune en SELENITE - Au fil des pierres\",\"isPartOf\":{\"@id\":\"https:\\\/\\\/aufildespierres.com\\\/#website\"},\"primaryImageOfPage\":{\"@id\":\"https:\\\/\\\/aufildespierres.com\\\/index.php\\\/product\\\/lune-en-selenite\\\/#primaryimage\"},\"image\":{\"@id\":\"https:\\\/\\\/aufildespierres.com\\\/index.php\\\/product\\\/lune-en-selenite\\\/#primaryimage\"},\"thumbnailUrl\":\"https:\\\/\\\/aufildespierres.com\\\/wp-content\\\/uploads\\\/2023\\\/11\\\/400660967_310396388593854_6815746671945015537_n.jpg\",\"datePublished\":\"2023-11-10T19:47:52+00:00\",\"dateModified\":\"2024-09-06T16:48:03+00:00\",\"breadcrumb\":{\"@id\":\"https:\\\/\\\/aufildespierres.com\\\/index.php\\\/product\\\/lune-en-selenite\\\/#breadcrumb\"},\"inLanguage\":\"fr-FR\",\"potentialAction\":[{\"@type\":\"ReadAction\",\"target\":[\"https:\\\/\\\/aufildespierres.com\\\/index.php\\\/product\\\/lune-en-selenite\\\/\"]}]},{\"@type\":\"ImageObject\",\"inLanguage\":\"fr-FR\",\"@id\":\"https:\\\/\\\/aufildespierres.com\\\/index.php\\\/product\\\/lune-en-selenite\\\/#primaryimage\",\"url\":\"https:\\\/\\\/aufildespierres.com\\\/wp-content\\\/uploads\\\/2023\\\/11\\\/400660967_310396388593854_6815746671945015537_n.jpg\",\"contentUrl\":\"https:\\\/\\\/aufildespierres.com\\\/wp-content\\\/uploads\\\/2023\\\/11\\\/400660967_310396388593854_6815746671945015537_n.jpg\",\"width\":1303,\"height\":1725},{\"@type\":\"BreadcrumbList\",\"@id\":\"https:\\\/\\\/aufildespierres.com\\\/index.php\\\/product\\\/lune-en-selenite\\\/#breadcrumb\",\"itemListElement\":[{\"@type\":\"ListItem\",\"position\":1,\"name\":\"Accueil\",\"item\":\"https:\\\/\\\/aufildespierres.com\\\/\"},{\"@type\":\"ListItem\",\"position\":2,\"name\":\"Boutique de Lithoth\u00e9rapie\",\"item\":\"https:\\\/\\\/aufildespierres.com\\\/index.php\\\/boutique-de-lithotherapie\\\/\"},{\"@type\":\"ListItem\",\"position\":3,\"name\":\"Lune en SELENITE\"}]},{\"@type\":\"WebSite\",\"@id\":\"https:\\\/\\\/aufildespierres.com\\\/#website\",\"url\":\"https:\\\/\\\/aufildespierres.com\\\/\",\"name\":\"Au fil des pierres\",\"description\":\"Au fil des pierres\",\"publisher\":{\"@id\":\"https:\\\/\\\/aufildespierres.com\\\/#organization\"},\"potentialAction\":[{\"@type\":\"SearchAction\",\"target\":{\"@type\":\"EntryPoint\",\"urlTemplate\":\"https:\\\/\\\/aufildespierres.com\\\/?s={search_term_string}\"},\"query-input\":{\"@type\":\"PropertyValueSpecification\",\"valueRequired\":true,\"valueName\":\"search_term_string\"}}],\"inLanguage\":\"fr-FR\"},{\"@type\":\"Organization\",\"@id\":\"https:\\\/\\\/aufildespierres.com\\\/#organization\",\"name\":\"Au fil des pierres\",\"url\":\"https:\\\/\\\/aufildespierres.com\\\/\",\"logo\":{\"@type\":\"ImageObject\",\"inLanguage\":\"fr-FR\",\"@id\":\"https:\\\/\\\/aufildespierres.com\\\/#\\\/schema\\\/logo\\\/image\\\/\",\"url\":\"https:\\\/\\\/aufildespierres.com\\\/wp-content\\\/uploads\\\/2023\\\/05\\\/cropped-Logo-PNG-Transparent.png\",\"contentUrl\":\"https:\\\/\\\/aufildespierres.com\\\/wp-content\\\/uploads\\\/2023\\\/05\\\/cropped-Logo-PNG-Transparent.png\",\"width\":1776,\"height\":1625,\"caption\":\"Au fil des pierres\"},\"image\":{\"@id\":\"https:\\\/\\\/aufildespierres.com\\\/#\\\/schema\\\/logo\\\/image\\\/\"}}]}<\/script>\n<!-- \/ Yoast SEO plugin. -->","yoast_head_json":{"title":"Lune en SELENITE - Au fil des pierres","robots":{"index":"index","follow":"follow","max-snippet":"max-snippet:-1","max-image-preview":"max-image-preview:large","max-video-preview":"max-video-preview:-1"},"canonical":"https:\/\/aufildespierres.com\/index.php\/product\/lune-en-selenite\/","og_locale":"fr_FR","og_type":"article","og_title":"Lune en SELENITE - Au fil des pierres","og_description":"S\u00e9r\u00e9nit\u00e9, calme profond harmonisation de l'int\u00e9rieur.","og_url":"https:\/\/aufildespierres.com\/index.php\/product\/lune-en-selenite\/","og_site_name":"Au fil des pierres","article_modified_time":"2024-09-06T16:48:03+00:00","og_image":[{"width":1303,"height":1725,"url":"https:\/\/aufildespierres.com\/wp-content\/uploads\/2023\/11\/400660967_310396388593854_6815746671945015537_n.jpg","type":"image\/jpeg"}],"twitter_card":"summary_large_image","twitter_misc":{"Dur\u00e9e de lecture estim\u00e9e":"1 minute"},"schema":{"@context":"https:\/\/schema.org","@graph":[{"@type":"WebPage","@id":"https:\/\/aufildespierres.com\/index.php\/product\/lune-en-selenite\/","url":"https:\/\/aufildespierres.com\/index.php\/product\/lune-en-selenite\/","name":"Lune en SELENITE - Au fil des pierres","isPartOf":{"@id":"https:\/\/aufildespierres.com\/#website"},"primaryImageOfPage":{"@id":"https:\/\/aufildespierres.com\/index.php\/product\/lune-en-selenite\/#primaryimage"},"image":{"@id":"https:\/\/aufildespierres.com\/index.php\/product\/lune-en-selenite\/#primaryimage"},"thumbnailUrl":"https:\/\/aufildespierres.com\/wp-content\/uploads\/2023\/11\/400660967_310396388593854_6815746671945015537_n.jpg","datePublished":"2023-11-10T19:47:52+00:00","dateModified":"2024-09-06T16:48:03+00:00","breadcrumb":{"@id":"https:\/\/aufildespierres.com\/index.php\/product\/lune-en-selenite\/#breadcrumb"},"inLanguage":"fr-FR","potentialAction":[{"@type":"ReadAction","target":["https:\/\/aufildespierres.com\/index.php\/product\/lune-en-selenite\/"]}]},{"@type":"ImageObject","inLanguage":"fr-FR","@id":"https:\/\/aufildespierres.com\/index.php\/product\/lune-en-selenite\/#primaryimage","url":"https:\/\/aufildespierres.com\/wp-content\/uploads\/2023\/11\/400660967_310396388593854_6815746671945015537_n.jpg","contentUrl":"https:\/\/aufildespierres.com\/wp-content\/uploads\/2023\/11\/400660967_310396388593854_6815746671945015537_n.jpg","width":1303,"height":1725},{"@type":"BreadcrumbList","@id":"https:\/\/aufildespierres.com\/index.php\/product\/lune-en-selenite\/#breadcrumb","itemListElement":[{"@type":"ListItem","position":1,"name":"Accueil","item":"https:\/\/aufildespierres.com\/"},{"@type":"ListItem","position":2,"name":"Boutique de Lithoth\u00e9rapie","item":"https:\/\/aufildespierres.com\/index.php\/boutique-de-lithotherapie\/"},{"@type":"ListItem","position":3,"name":"Lune en SELENITE"}]},{"@type":"WebSite","@id":"https:\/\/aufildespierres.com\/#website","url":"https:\/\/aufildespierres.com\/","name":"Au fil des pierres","description":"Au fil des pierres","publisher":{"@id":"https:\/\/aufildespierres.com\/#organization"},"potentialAction":[{"@type":"SearchAction","target":{"@type":"EntryPoint","urlTemplate":"https:\/\/aufildespierres.com\/?s={search_term_string}"},"query-input":{"@type":"PropertyValueSpecification","valueRequired":true,"valueName":"search_term_string"}}],"inLanguage":"fr-FR"},{"@type":"Organization","@id":"https:\/\/aufildespierres.com\/#organization","name":"Au fil des pierres","url":"https:\/\/aufildespierres.com\/","logo":{"@type":"ImageObject","inLanguage":"fr-FR","@id":"https:\/\/aufildespierres.com\/#\/schema\/logo\/image\/","url":"https:\/\/aufildespierres.com\/wp-content\/uploads\/2023\/05\/cropped-Logo-PNG-Transparent.png","contentUrl":"https:\/\/aufildespierres.com\/wp-content\/uploads\/2023\/05\/cropped-Logo-PNG-Transparent.png","width":1776,"height":1625,"caption":"Au fil des pierres"},"image":{"@id":"https:\/\/aufildespierres.com\/#\/schema\/logo\/image\/"}}]}},"_links":{"self":[{"href":"https:\/\/aufildespierres.com\/index.php\/wp-json\/wp\/v2\/product\/1272","targetHints":{"allow":["GET"]}}],"collection":[{"href":"https:\/\/aufildespierres.com\/index.php\/wp-json\/wp\/v2\/product"}],"about":[{"href":"https:\/\/aufildespierres.com\/index.php\/wp-json\/wp\/v2\/types\/product"}],"replies":[{"embeddable":true,"href":"https:\/\/aufildespierres.com\/index.php\/wp-json\/wp\/v2\/comments?post=1272"}],"wp:featuredmedia":[{"embeddable":true,"href":"https:\/\/aufildespierres.com\/index.php\/wp-json\/wp\/v2\/media\/1273"}],"wp:attachment":[{"href":"https:\/\/aufildespierres.com\/index.php\/wp-json\/wp\/v2\/media?parent=1272"}],"wp:term":[{"taxonomy":"product_brand","embeddable":true,"href":"https:\/\/aufildespierres.com\/index.php\/wp-json\/wp\/v2\/product_brand?post=1272"},{"taxonomy":"product_cat","embeddable":true,"href":"https:\/\/aufildespierres.com\/index.php\/wp-json\/wp\/v2\/product_cat?post=1272"},{"taxonomy":"product_tag","embeddable":true,"href":"https:\/\/aufildespierres.com\/index.php\/wp-json\/wp\/v2\/product_tag?post=1272"}],"curies":[{"name":"wp","href":"https:\/\/api.w.org\/{rel}","templated":true}]}}