{"id":1275,"date":"2023-11-10T21:02:08","date_gmt":"2023-11-10T20:02:08","guid":{"rendered":"https:\/\/aufildespierres.com\/?post_type=product&#038;p=1275"},"modified":"2025-02-19T18:11:11","modified_gmt":"2025-02-19T17:11:11","slug":"plaque-de-purification-en-selenite","status":"publish","type":"product","link":"https:\/\/aufildespierres.com\/index.php\/product\/plaque-de-purification-en-selenite\/","title":{"rendered":"Plaque de purification en S\u00e9l\u00e9nite"},"content":{"rendered":"<p><strong><em>Plaque pour purifier en S\u00e9l\u00e9nite\u00a0 gravure ARBRE DE VIE\u00a0<\/em><\/strong><\/p>\n<p><strong><em>Propri\u00e9t\u00e9s psychiques :<\/em><\/strong><\/p>\n<p>chakra du c\u0153ur et 3eme \u0153il<\/p>\n<ul>\n<li>Favorise une s\u00e9r\u00e9nit\u00e9 int\u00e9rieure propice \u00e0 la m\u00e9ditation, au calme profond<\/li>\n<li>Aide \u00e0 faire ressortir les blocages int\u00e9rieurs notamment ceux responsables de complexes<\/li>\n<li>Ses vibrations nous guident vers un \u00e9tat d&rsquo;\u00eatre plus \u00e9lev\u00e9<\/li>\n<li>Favorise l&rsquo;estime de soi<\/li>\n<li>Favorable aux femmes enceintes durant toute leur grossesse en favorisant bien \u00eatre et calme, soutient ensuite l&rsquo;allaitement.<\/li>\n<\/ul>\n<p><strong><em>Propri\u00e9t\u00e9s physiques :<\/em><\/strong><\/p>\n<ul>\n<li>Assainit l&rsquo;air, d&rsquo;o\u00f9 les lampes en s\u00e9l\u00e9nite qui sont vendues pour harmoniser son int\u00e9rieur, la pi\u00e8ce, l&rsquo;esprit et tout ce qui est contenu, chasse col\u00e8re et agitation<\/li>\n<li>Apaise les douleurs articulaires, de ventre, migraines<\/li>\n<li>Stimule les pulsions sexuelles<\/li>\n<li>Apporte du soutien pour les maladies cutan\u00e9es comme acn\u00e9, ecz\u00e9ma, psoriasis.<\/li>\n<\/ul>\n","protected":false},"excerpt":{"rendered":"<p>Plaque pour purifier en S\u00e9l\u00e9nite\u00a0 gravure ARBRE DE VIE\u00a0 Propri\u00e9t\u00e9s psychiques : chakra du c\u0153ur et 3eme \u0153il Favorise une s\u00e9r\u00e9nit\u00e9 int\u00e9rieure propice \u00e0 la m\u00e9ditation, au calme profond Aide \u00e0 faire ressortir les blocages int\u00e9rieurs notamment ceux responsables de complexes Ses vibrations nous guident vers un \u00e9tat d&rsquo;\u00eatre plus \u00e9lev\u00e9 Favorise l&rsquo;estime de soi [&hellip;]<\/p>\n","protected":false},"featured_media":1277,"comment_status":"open","ping_status":"closed","template":"","meta":{"site-sidebar-layout":"default","site-content-layout":"","ast-site-content-layout":"default","site-content-style":"default","site-sidebar-style":"default","ast-global-header-display":"","ast-banner-title-visibility":"","ast-main-header-display":"","ast-hfb-above-header-display":"","ast-hfb-below-header-display":"","ast-hfb-mobile-header-display":"","site-post-title":"","ast-breadcrumbs-content":"","ast-featured-img":"","footer-sml-layout":"","ast-disable-related-posts":"","theme-transparent-header-meta":"default","adv-header-id-meta":"","stick-header-meta":"","header-above-stick-meta":"","header-main-stick-meta":"","header-below-stick-meta":"","astra-migrate-meta-layouts":"set","ast-page-background-enabled":"default","ast-page-background-meta":{"desktop":{"background-color":"var(--ast-global-color-4)","background-image":"","background-repeat":"repeat","background-position":"center center","background-size":"auto","background-attachment":"scroll","background-type":"","background-media":"","overlay-type":"","overlay-color":"","overlay-opacity":"","overlay-gradient":""},"tablet":{"background-color":"","background-image":"","background-repeat":"repeat","background-position":"center center","background-size":"auto","background-attachment":"scroll","background-type":"","background-media":"","overlay-type":"","overlay-color":"","overlay-opacity":"","overlay-gradient":""},"mobile":{"background-color":"","background-image":"","background-repeat":"repeat","background-position":"center center","background-size":"auto","background-attachment":"scroll","background-type":"","background-media":"","overlay-type":"","overlay-color":"","overlay-opacity":"","overlay-gradient":""}},"ast-content-background-meta":{"desktop":{"background-color":"var(--ast-global-color-5)","background-image":"","background-repeat":"repeat","background-position":"center center","background-size":"auto","background-attachment":"scroll","background-type":"","background-media":"","overlay-type":"","overlay-color":"","overlay-opacity":"","overlay-gradient":""},"tablet":{"background-color":"var(--ast-global-color-5)","background-image":"","background-repeat":"repeat","background-position":"center center","background-size":"auto","background-attachment":"scroll","background-type":"","background-media":"","overlay-type":"","overlay-color":"","overlay-opacity":"","overlay-gradient":""},"mobile":{"background-color":"var(--ast-global-color-5)","background-image":"","background-repeat":"repeat","background-position":"center center","background-size":"auto","background-attachment":"scroll","background-type":"","background-media":"","overlay-type":"","overlay-color":"","overlay-opacity":"","overlay-gradient":""}},"_glsr_average":0,"_glsr_ranking":0,"_glsr_reviews":0},"product_brand":[],"product_cat":[33,67,34,194],"product_tag":[],"class_list":{"0":"post-1275","1":"product","2":"type-product","3":"status-publish","4":"has-post-thumbnail","6":"product_cat-accessoires-de-lithotherapie","7":"product_cat-blanc","8":"product_cat-purification","9":"product_cat-selenite","10":"desktop-align-left","11":"tablet-align-left","12":"mobile-align-left","14":"first","15":"instock","16":"purchasable","17":"product-type-simple"},"yoast_head":"<!-- This site is optimized with the Yoast SEO plugin v27.5 - https:\/\/yoast.com\/product\/yoast-seo-wordpress\/ -->\n<title>Plaque de purification en S\u00e9l\u00e9nite - Au fil des pierres<\/title>\n<meta name=\"robots\" content=\"index, follow, max-snippet:-1, max-image-preview:large, max-video-preview:-1\" \/>\n<link rel=\"canonical\" href=\"https:\/\/aufildespierres.com\/index.php\/product\/plaque-de-purification-en-selenite\/\" \/>\n<meta property=\"og:locale\" content=\"fr_FR\" \/>\n<meta property=\"og:type\" content=\"article\" \/>\n<meta property=\"og:title\" content=\"Plaque de purification en S\u00e9l\u00e9nite - Au fil des pierres\" \/>\n<meta property=\"og:description\" content=\"Plaque pour purifier en S\u00e9l\u00e9nite\u00a0 gravure ARBRE DE VIE\u00a0 Propri\u00e9t\u00e9s psychiques : chakra du c\u0153ur et 3eme \u0153il Favorise une s\u00e9r\u00e9nit\u00e9 int\u00e9rieure propice \u00e0 la m\u00e9ditation, au calme profond Aide \u00e0 faire ressortir les blocages int\u00e9rieurs notamment ceux responsables de complexes Ses vibrations nous guident vers un \u00e9tat d&rsquo;\u00eatre plus \u00e9lev\u00e9 Favorise l&rsquo;estime de soi [&hellip;]\" \/>\n<meta property=\"og:url\" content=\"https:\/\/aufildespierres.com\/index.php\/product\/plaque-de-purification-en-selenite\/\" \/>\n<meta property=\"og:site_name\" content=\"Au fil des pierres\" \/>\n<meta property=\"article:modified_time\" content=\"2025-02-19T17:11:11+00:00\" \/>\n<meta property=\"og:image\" content=\"https:\/\/aufildespierres.com\/wp-content\/uploads\/2023\/11\/20230909_170846.jpg\" \/>\n\t<meta property=\"og:image:width\" content=\"2240\" \/>\n\t<meta property=\"og:image:height\" content=\"2379\" \/>\n\t<meta property=\"og:image:type\" content=\"image\/jpeg\" \/>\n<meta name=\"twitter:card\" content=\"summary_large_image\" \/>\n<meta name=\"twitter:label1\" content=\"Dur\u00e9e de lecture estim\u00e9e\" \/>\n\t<meta name=\"twitter:data1\" content=\"1 minute\" \/>\n<script type=\"application\/ld+json\" class=\"yoast-schema-graph\">{\"@context\":\"https:\\\/\\\/schema.org\",\"@graph\":[{\"@type\":\"WebPage\",\"@id\":\"https:\\\/\\\/aufildespierres.com\\\/index.php\\\/product\\\/plaque-de-purification-en-selenite\\\/\",\"url\":\"https:\\\/\\\/aufildespierres.com\\\/index.php\\\/product\\\/plaque-de-purification-en-selenite\\\/\",\"name\":\"Plaque de purification en S\u00e9l\u00e9nite - Au fil des pierres\",\"isPartOf\":{\"@id\":\"https:\\\/\\\/aufildespierres.com\\\/#website\"},\"primaryImageOfPage\":{\"@id\":\"https:\\\/\\\/aufildespierres.com\\\/index.php\\\/product\\\/plaque-de-purification-en-selenite\\\/#primaryimage\"},\"image\":{\"@id\":\"https:\\\/\\\/aufildespierres.com\\\/index.php\\\/product\\\/plaque-de-purification-en-selenite\\\/#primaryimage\"},\"thumbnailUrl\":\"https:\\\/\\\/aufildespierres.com\\\/wp-content\\\/uploads\\\/2023\\\/11\\\/20230909_170846.jpg\",\"datePublished\":\"2023-11-10T20:02:08+00:00\",\"dateModified\":\"2025-02-19T17:11:11+00:00\",\"breadcrumb\":{\"@id\":\"https:\\\/\\\/aufildespierres.com\\\/index.php\\\/product\\\/plaque-de-purification-en-selenite\\\/#breadcrumb\"},\"inLanguage\":\"fr-FR\",\"potentialAction\":[{\"@type\":\"ReadAction\",\"target\":[\"https:\\\/\\\/aufildespierres.com\\\/index.php\\\/product\\\/plaque-de-purification-en-selenite\\\/\"]}]},{\"@type\":\"ImageObject\",\"inLanguage\":\"fr-FR\",\"@id\":\"https:\\\/\\\/aufildespierres.com\\\/index.php\\\/product\\\/plaque-de-purification-en-selenite\\\/#primaryimage\",\"url\":\"https:\\\/\\\/aufildespierres.com\\\/wp-content\\\/uploads\\\/2023\\\/11\\\/20230909_170846.jpg\",\"contentUrl\":\"https:\\\/\\\/aufildespierres.com\\\/wp-content\\\/uploads\\\/2023\\\/11\\\/20230909_170846.jpg\",\"width\":2240,\"height\":2379},{\"@type\":\"BreadcrumbList\",\"@id\":\"https:\\\/\\\/aufildespierres.com\\\/index.php\\\/product\\\/plaque-de-purification-en-selenite\\\/#breadcrumb\",\"itemListElement\":[{\"@type\":\"ListItem\",\"position\":1,\"name\":\"Accueil\",\"item\":\"https:\\\/\\\/aufildespierres.com\\\/\"},{\"@type\":\"ListItem\",\"position\":2,\"name\":\"Boutique de Lithoth\u00e9rapie\",\"item\":\"https:\\\/\\\/aufildespierres.com\\\/index.php\\\/boutique-de-lithotherapie\\\/\"},{\"@type\":\"ListItem\",\"position\":3,\"name\":\"Plaque de purification en S\u00e9l\u00e9nite\"}]},{\"@type\":\"WebSite\",\"@id\":\"https:\\\/\\\/aufildespierres.com\\\/#website\",\"url\":\"https:\\\/\\\/aufildespierres.com\\\/\",\"name\":\"Au fil des pierres\",\"description\":\"Au fil des pierres\",\"publisher\":{\"@id\":\"https:\\\/\\\/aufildespierres.com\\\/#organization\"},\"potentialAction\":[{\"@type\":\"SearchAction\",\"target\":{\"@type\":\"EntryPoint\",\"urlTemplate\":\"https:\\\/\\\/aufildespierres.com\\\/?s={search_term_string}\"},\"query-input\":{\"@type\":\"PropertyValueSpecification\",\"valueRequired\":true,\"valueName\":\"search_term_string\"}}],\"inLanguage\":\"fr-FR\"},{\"@type\":\"Organization\",\"@id\":\"https:\\\/\\\/aufildespierres.com\\\/#organization\",\"name\":\"Au fil des pierres\",\"url\":\"https:\\\/\\\/aufildespierres.com\\\/\",\"logo\":{\"@type\":\"ImageObject\",\"inLanguage\":\"fr-FR\",\"@id\":\"https:\\\/\\\/aufildespierres.com\\\/#\\\/schema\\\/logo\\\/image\\\/\",\"url\":\"https:\\\/\\\/aufildespierres.com\\\/wp-content\\\/uploads\\\/2023\\\/05\\\/cropped-Logo-PNG-Transparent.png\",\"contentUrl\":\"https:\\\/\\\/aufildespierres.com\\\/wp-content\\\/uploads\\\/2023\\\/05\\\/cropped-Logo-PNG-Transparent.png\",\"width\":1776,\"height\":1625,\"caption\":\"Au fil des pierres\"},\"image\":{\"@id\":\"https:\\\/\\\/aufildespierres.com\\\/#\\\/schema\\\/logo\\\/image\\\/\"}}]}<\/script>\n<!-- \/ Yoast SEO plugin. -->","yoast_head_json":{"title":"Plaque de purification en S\u00e9l\u00e9nite - Au fil des pierres","robots":{"index":"index","follow":"follow","max-snippet":"max-snippet:-1","max-image-preview":"max-image-preview:large","max-video-preview":"max-video-preview:-1"},"canonical":"https:\/\/aufildespierres.com\/index.php\/product\/plaque-de-purification-en-selenite\/","og_locale":"fr_FR","og_type":"article","og_title":"Plaque de purification en S\u00e9l\u00e9nite - Au fil des pierres","og_description":"Plaque pour purifier en S\u00e9l\u00e9nite\u00a0 gravure ARBRE DE VIE\u00a0 Propri\u00e9t\u00e9s psychiques : chakra du c\u0153ur et 3eme \u0153il Favorise une s\u00e9r\u00e9nit\u00e9 int\u00e9rieure propice \u00e0 la m\u00e9ditation, au calme profond Aide \u00e0 faire ressortir les blocages int\u00e9rieurs notamment ceux responsables de complexes Ses vibrations nous guident vers un \u00e9tat d&rsquo;\u00eatre plus \u00e9lev\u00e9 Favorise l&rsquo;estime de soi [&hellip;]","og_url":"https:\/\/aufildespierres.com\/index.php\/product\/plaque-de-purification-en-selenite\/","og_site_name":"Au fil des pierres","article_modified_time":"2025-02-19T17:11:11+00:00","og_image":[{"width":2240,"height":2379,"url":"https:\/\/aufildespierres.com\/wp-content\/uploads\/2023\/11\/20230909_170846.jpg","type":"image\/jpeg"}],"twitter_card":"summary_large_image","twitter_misc":{"Dur\u00e9e de lecture estim\u00e9e":"1 minute"},"schema":{"@context":"https:\/\/schema.org","@graph":[{"@type":"WebPage","@id":"https:\/\/aufildespierres.com\/index.php\/product\/plaque-de-purification-en-selenite\/","url":"https:\/\/aufildespierres.com\/index.php\/product\/plaque-de-purification-en-selenite\/","name":"Plaque de purification en S\u00e9l\u00e9nite - Au fil des pierres","isPartOf":{"@id":"https:\/\/aufildespierres.com\/#website"},"primaryImageOfPage":{"@id":"https:\/\/aufildespierres.com\/index.php\/product\/plaque-de-purification-en-selenite\/#primaryimage"},"image":{"@id":"https:\/\/aufildespierres.com\/index.php\/product\/plaque-de-purification-en-selenite\/#primaryimage"},"thumbnailUrl":"https:\/\/aufildespierres.com\/wp-content\/uploads\/2023\/11\/20230909_170846.jpg","datePublished":"2023-11-10T20:02:08+00:00","dateModified":"2025-02-19T17:11:11+00:00","breadcrumb":{"@id":"https:\/\/aufildespierres.com\/index.php\/product\/plaque-de-purification-en-selenite\/#breadcrumb"},"inLanguage":"fr-FR","potentialAction":[{"@type":"ReadAction","target":["https:\/\/aufildespierres.com\/index.php\/product\/plaque-de-purification-en-selenite\/"]}]},{"@type":"ImageObject","inLanguage":"fr-FR","@id":"https:\/\/aufildespierres.com\/index.php\/product\/plaque-de-purification-en-selenite\/#primaryimage","url":"https:\/\/aufildespierres.com\/wp-content\/uploads\/2023\/11\/20230909_170846.jpg","contentUrl":"https:\/\/aufildespierres.com\/wp-content\/uploads\/2023\/11\/20230909_170846.jpg","width":2240,"height":2379},{"@type":"BreadcrumbList","@id":"https:\/\/aufildespierres.com\/index.php\/product\/plaque-de-purification-en-selenite\/#breadcrumb","itemListElement":[{"@type":"ListItem","position":1,"name":"Accueil","item":"https:\/\/aufildespierres.com\/"},{"@type":"ListItem","position":2,"name":"Boutique de Lithoth\u00e9rapie","item":"https:\/\/aufildespierres.com\/index.php\/boutique-de-lithotherapie\/"},{"@type":"ListItem","position":3,"name":"Plaque de purification en S\u00e9l\u00e9nite"}]},{"@type":"WebSite","@id":"https:\/\/aufildespierres.com\/#website","url":"https:\/\/aufildespierres.com\/","name":"Au fil des pierres","description":"Au fil des pierres","publisher":{"@id":"https:\/\/aufildespierres.com\/#organization"},"potentialAction":[{"@type":"SearchAction","target":{"@type":"EntryPoint","urlTemplate":"https:\/\/aufildespierres.com\/?s={search_term_string}"},"query-input":{"@type":"PropertyValueSpecification","valueRequired":true,"valueName":"search_term_string"}}],"inLanguage":"fr-FR"},{"@type":"Organization","@id":"https:\/\/aufildespierres.com\/#organization","name":"Au fil des pierres","url":"https:\/\/aufildespierres.com\/","logo":{"@type":"ImageObject","inLanguage":"fr-FR","@id":"https:\/\/aufildespierres.com\/#\/schema\/logo\/image\/","url":"https:\/\/aufildespierres.com\/wp-content\/uploads\/2023\/05\/cropped-Logo-PNG-Transparent.png","contentUrl":"https:\/\/aufildespierres.com\/wp-content\/uploads\/2023\/05\/cropped-Logo-PNG-Transparent.png","width":1776,"height":1625,"caption":"Au fil des pierres"},"image":{"@id":"https:\/\/aufildespierres.com\/#\/schema\/logo\/image\/"}}]}},"_links":{"self":[{"href":"https:\/\/aufildespierres.com\/index.php\/wp-json\/wp\/v2\/product\/1275","targetHints":{"allow":["GET"]}}],"collection":[{"href":"https:\/\/aufildespierres.com\/index.php\/wp-json\/wp\/v2\/product"}],"about":[{"href":"https:\/\/aufildespierres.com\/index.php\/wp-json\/wp\/v2\/types\/product"}],"replies":[{"embeddable":true,"href":"https:\/\/aufildespierres.com\/index.php\/wp-json\/wp\/v2\/comments?post=1275"}],"wp:featuredmedia":[{"embeddable":true,"href":"https:\/\/aufildespierres.com\/index.php\/wp-json\/wp\/v2\/media\/1277"}],"wp:attachment":[{"href":"https:\/\/aufildespierres.com\/index.php\/wp-json\/wp\/v2\/media?parent=1275"}],"wp:term":[{"taxonomy":"product_brand","embeddable":true,"href":"https:\/\/aufildespierres.com\/index.php\/wp-json\/wp\/v2\/product_brand?post=1275"},{"taxonomy":"product_cat","embeddable":true,"href":"https:\/\/aufildespierres.com\/index.php\/wp-json\/wp\/v2\/product_cat?post=1275"},{"taxonomy":"product_tag","embeddable":true,"href":"https:\/\/aufildespierres.com\/index.php\/wp-json\/wp\/v2\/product_tag?post=1275"}],"curies":[{"name":"wp","href":"https:\/\/api.w.org\/{rel}","templated":true}]}}