{"id":1278,"date":"2023-11-10T21:04:05","date_gmt":"2023-11-10T20:04:05","guid":{"rendered":"https:\/\/aufildespierres.com\/?post_type=product&#038;p=1278"},"modified":"2026-01-17T18:51:38","modified_gmt":"2026-01-17T17:51:38","slug":"plaque-de-purification-en-selenite-dragon","status":"publish","type":"product","link":"https:\/\/aufildespierres.com\/index.php\/product\/plaque-de-purification-en-selenite-dragon\/","title":{"rendered":"Plaque de S\u00e9l\u00e9nite Dragon"},"content":{"rendered":"<h3 data-start=\"151\" data-end=\"217\">Plaque de S\u00e9l\u00e9nite Dragon<\/h3>\n<h3 data-start=\"151\" data-end=\"217\">\u00a0Purification et \u00e9nergie protectrice<\/h3>\n<p data-start=\"219\" data-end=\"632\">Apporte une touche mystique et lumineuse \u00e0 votre espace avec cette <strong data-start=\"284\" data-end=\"325\">plaque de S\u00e9l\u00e9nite grav\u00e9e d\u2019un dragon<\/strong>. \u00c0 la fois d\u00e9corative et \u00e9nerg\u00e9tique, elle devient rapidement un indispensable pour celles et ceux qui souhaitent <strong data-start=\"440\" data-end=\"462\">purifier leur lieu<\/strong> et l\u00e9g\u00e8rement<strong data-start=\"466\" data-end=\"493\">\u00a0leurs pierres<\/strong> au quotidien. Gr\u00e2ce \u00e0 son aspect nacr\u00e9 et doux, la s\u00e9l\u00e9nite diffuse une vibration subtile, id\u00e9ale pour installer une atmosph\u00e8re apaisante.<\/p>\n<p data-start=\"634\" data-end=\"1005\">La <strong data-start=\"637\" data-end=\"649\">s\u00e9l\u00e9nite<\/strong> est une vari\u00e9t\u00e9 de <strong data-start=\"669\" data-end=\"678\">gypse<\/strong>, form\u00e9e par \u00e9vaporation de milieux riches en min\u00e9raux. Ce processus naturel cr\u00e9e une pierre \u00e0 la texture satin\u00e9e, souvent stri\u00e9e, r\u00e9put\u00e9e pour sa puret\u00e9 \u00e9nerg\u00e9tique. Ainsi, elle est tr\u00e8s appr\u00e9ci\u00e9e en lithoth\u00e9rapie pour sa capacit\u00e9 \u00e0 <strong data-start=\"912\" data-end=\"948\">nettoyer les \u00e9nergies stagnantes<\/strong> et \u00e0 favoriser la circulation d\u2019une \u00e9nergie plus fluide.<\/p>\n<p data-start=\"1007\" data-end=\"1337\">De plus, la s\u00e9l\u00e9nite est connue pour ses vertus de <strong data-start=\"1058\" data-end=\"1077\">calme int\u00e9rieur<\/strong>, de <strong data-start=\"1082\" data-end=\"1100\">clart\u00e9 mentale<\/strong> et d\u2019<strong data-start=\"1106\" data-end=\"1131\">\u00e9l\u00e9vation spirituelle<\/strong>. Elle accompagne parfaitement les moments de recentrage, la m\u00e9ditation et les rituels lunaires. Elle aide aussi \u00e0 cr\u00e9er une barri\u00e8re vibratoire douce, tout en soutenant un sentiment de paix et de s\u00e9curit\u00e9.<\/p>\n<p data-start=\"1339\" data-end=\"1642\">Le <strong data-start=\"1342\" data-end=\"1352\">dragon<\/strong>, symbole de puissance, de sagesse et de protection, renforce cette intention. Il repr\u00e9sente la force int\u00e9rieure, la transformation et la ma\u00eetrise de soi. C\u2019est pourquoi cette <strong data-start=\"1528\" data-end=\"1557\">plaque de s\u00e9l\u00e9nite dragon<\/strong> convient autant aux pratiques \u00e9nerg\u00e9tiques qu\u2019\u00e0 une d\u00e9coration spirituelle raffin\u00e9e.<\/p>\n<p data-start=\"1644\" data-end=\"1883\">Enfin, vous pouvez d\u00e9poser des bijoux, des pierres roul\u00e9es ou des bracelets pour une purification l\u00e9g\u00e8re et<strong data-start=\"1726\" data-end=\"1750\"> naturelle<\/strong>. La s\u00e9l\u00e9nite ne n\u00e9cessite pas d\u2019\u00eatre purifi\u00e9e, car elle se nettoie seule. Pour l\u2019entretenir, n&rsquo;utilise jamais l\u2019eau et pr\u00e9f\u00e8re un chiffon doux.<\/p>\n<p data-start=\"1885\" data-end=\"1973\">\u00a0Un bel objet \u00e9nerg\u00e9tique, id\u00e9al pour un autel, une table de nuit ou un coin bien-\u00eatre.<\/p>\n","protected":false},"excerpt":{"rendered":"<p>Plaque de S\u00e9l\u00e9nite Dragon \u00a0Purification et \u00e9nergie protectrice Apporte une touche mystique et lumineuse \u00e0 votre espace avec cette plaque de S\u00e9l\u00e9nite grav\u00e9e d\u2019un dragon. \u00c0 la fois d\u00e9corative et \u00e9nerg\u00e9tique, elle devient rapidement un indispensable pour celles et ceux qui souhaitent purifier leur lieu et l\u00e9g\u00e8rement\u00a0leurs pierres au quotidien. Gr\u00e2ce \u00e0 son aspect nacr\u00e9 [&hellip;]<\/p>\n","protected":false},"featured_media":4611,"comment_status":"open","ping_status":"closed","template":"","meta":{"site-sidebar-layout":"default","site-content-layout":"","ast-site-content-layout":"default","site-content-style":"default","site-sidebar-style":"default","ast-global-header-display":"","ast-banner-title-visibility":"","ast-main-header-display":"","ast-hfb-above-header-display":"","ast-hfb-below-header-display":"","ast-hfb-mobile-header-display":"","site-post-title":"","ast-breadcrumbs-content":"","ast-featured-img":"","footer-sml-layout":"","ast-disable-related-posts":"","theme-transparent-header-meta":"default","adv-header-id-meta":"","stick-header-meta":"","header-above-stick-meta":"","header-main-stick-meta":"","header-below-stick-meta":"","astra-migrate-meta-layouts":"set","ast-page-background-enabled":"default","ast-page-background-meta":{"desktop":{"background-color":"var(--ast-global-color-4)","background-image":"","background-repeat":"repeat","background-position":"center center","background-size":"auto","background-attachment":"scroll","background-type":"","background-media":"","overlay-type":"","overlay-color":"","overlay-opacity":"","overlay-gradient":""},"tablet":{"background-color":"","background-image":"","background-repeat":"repeat","background-position":"center center","background-size":"auto","background-attachment":"scroll","background-type":"","background-media":"","overlay-type":"","overlay-color":"","overlay-opacity":"","overlay-gradient":""},"mobile":{"background-color":"","background-image":"","background-repeat":"repeat","background-position":"center center","background-size":"auto","background-attachment":"scroll","background-type":"","background-media":"","overlay-type":"","overlay-color":"","overlay-opacity":"","overlay-gradient":""}},"ast-content-background-meta":{"desktop":{"background-color":"var(--ast-global-color-5)","background-image":"","background-repeat":"repeat","background-position":"center center","background-size":"auto","background-attachment":"scroll","background-type":"","background-media":"","overlay-type":"","overlay-color":"","overlay-opacity":"","overlay-gradient":""},"tablet":{"background-color":"var(--ast-global-color-5)","background-image":"","background-repeat":"repeat","background-position":"center center","background-size":"auto","background-attachment":"scroll","background-type":"","background-media":"","overlay-type":"","overlay-color":"","overlay-opacity":"","overlay-gradient":""},"mobile":{"background-color":"var(--ast-global-color-5)","background-image":"","background-repeat":"repeat","background-position":"center center","background-size":"auto","background-attachment":"scroll","background-type":"","background-media":"","overlay-type":"","overlay-color":"","overlay-opacity":"","overlay-gradient":""}},"_glsr_average":0,"_glsr_ranking":0,"_glsr_reviews":0},"product_brand":[],"product_cat":[33,67,34,194],"product_tag":[],"class_list":{"0":"post-1278","1":"product","2":"type-product","3":"status-publish","4":"has-post-thumbnail","6":"product_cat-accessoires-de-lithotherapie","7":"product_cat-blanc","8":"product_cat-purification","9":"product_cat-selenite","10":"desktop-align-left","11":"tablet-align-left","12":"mobile-align-left","14":"first","15":"instock","16":"purchasable","17":"product-type-simple"},"yoast_head":"<!-- This site is optimized with the Yoast SEO plugin v27.5 - https:\/\/yoast.com\/product\/yoast-seo-wordpress\/ -->\n<title>Plaque de S\u00e9l\u00e9nite Dragon - Au fil des pierres<\/title>\n<meta name=\"description\" content=\"Plaque en S\u00e9l\u00e9nite dragon : id\u00e9ale pour purifier votre espace et vos pierres. Pierre naturelle lumineuse, symbole de protection, parfaite pour vos rituels.\" \/>\n<meta name=\"robots\" content=\"index, follow, max-snippet:-1, max-image-preview:large, max-video-preview:-1\" \/>\n<link rel=\"canonical\" href=\"https:\/\/aufildespierres.com\/index.php\/product\/plaque-de-purification-en-selenite-dragon\/\" \/>\n<meta property=\"og:locale\" content=\"fr_FR\" \/>\n<meta property=\"og:type\" content=\"article\" \/>\n<meta property=\"og:title\" content=\"Plaque de S\u00e9l\u00e9nite Dragon - Au fil des pierres\" \/>\n<meta property=\"og:description\" content=\"Plaque en S\u00e9l\u00e9nite dragon : id\u00e9ale pour purifier votre espace et vos pierres. Pierre naturelle lumineuse, symbole de protection, parfaite pour vos rituels.\" \/>\n<meta property=\"og:url\" content=\"https:\/\/aufildespierres.com\/index.php\/product\/plaque-de-purification-en-selenite-dragon\/\" \/>\n<meta property=\"og:site_name\" content=\"Au fil des pierres\" \/>\n<meta property=\"article:modified_time\" content=\"2026-01-17T17:51:38+00:00\" \/>\n<meta property=\"og:image\" content=\"https:\/\/aufildespierres.com\/wp-content\/uploads\/2023\/11\/20260104_155113.jpg\" \/>\n\t<meta property=\"og:image:width\" content=\"2296\" \/>\n\t<meta property=\"og:image:height\" content=\"2119\" \/>\n\t<meta property=\"og:image:type\" content=\"image\/jpeg\" \/>\n<meta name=\"twitter:card\" content=\"summary_large_image\" \/>\n<meta name=\"twitter:label1\" content=\"Dur\u00e9e de lecture estim\u00e9e\" \/>\n\t<meta name=\"twitter:data1\" content=\"2 minutes\" \/>\n<script type=\"application\/ld+json\" class=\"yoast-schema-graph\">{\"@context\":\"https:\\\/\\\/schema.org\",\"@graph\":[{\"@type\":\"WebPage\",\"@id\":\"https:\\\/\\\/aufildespierres.com\\\/index.php\\\/product\\\/plaque-de-purification-en-selenite-dragon\\\/\",\"url\":\"https:\\\/\\\/aufildespierres.com\\\/index.php\\\/product\\\/plaque-de-purification-en-selenite-dragon\\\/\",\"name\":\"Plaque de S\u00e9l\u00e9nite Dragon - Au fil des pierres\",\"isPartOf\":{\"@id\":\"https:\\\/\\\/aufildespierres.com\\\/#website\"},\"primaryImageOfPage\":{\"@id\":\"https:\\\/\\\/aufildespierres.com\\\/index.php\\\/product\\\/plaque-de-purification-en-selenite-dragon\\\/#primaryimage\"},\"image\":{\"@id\":\"https:\\\/\\\/aufildespierres.com\\\/index.php\\\/product\\\/plaque-de-purification-en-selenite-dragon\\\/#primaryimage\"},\"thumbnailUrl\":\"https:\\\/\\\/aufildespierres.com\\\/wp-content\\\/uploads\\\/2023\\\/11\\\/20260104_155113.jpg\",\"datePublished\":\"2023-11-10T20:04:05+00:00\",\"dateModified\":\"2026-01-17T17:51:38+00:00\",\"description\":\"Plaque en S\u00e9l\u00e9nite dragon : id\u00e9ale pour purifier votre espace et vos pierres. Pierre naturelle lumineuse, symbole de protection, parfaite pour vos rituels.\",\"breadcrumb\":{\"@id\":\"https:\\\/\\\/aufildespierres.com\\\/index.php\\\/product\\\/plaque-de-purification-en-selenite-dragon\\\/#breadcrumb\"},\"inLanguage\":\"fr-FR\",\"potentialAction\":[{\"@type\":\"ReadAction\",\"target\":[\"https:\\\/\\\/aufildespierres.com\\\/index.php\\\/product\\\/plaque-de-purification-en-selenite-dragon\\\/\"]}]},{\"@type\":\"ImageObject\",\"inLanguage\":\"fr-FR\",\"@id\":\"https:\\\/\\\/aufildespierres.com\\\/index.php\\\/product\\\/plaque-de-purification-en-selenite-dragon\\\/#primaryimage\",\"url\":\"https:\\\/\\\/aufildespierres.com\\\/wp-content\\\/uploads\\\/2023\\\/11\\\/20260104_155113.jpg\",\"contentUrl\":\"https:\\\/\\\/aufildespierres.com\\\/wp-content\\\/uploads\\\/2023\\\/11\\\/20260104_155113.jpg\",\"width\":2296,\"height\":2119},{\"@type\":\"BreadcrumbList\",\"@id\":\"https:\\\/\\\/aufildespierres.com\\\/index.php\\\/product\\\/plaque-de-purification-en-selenite-dragon\\\/#breadcrumb\",\"itemListElement\":[{\"@type\":\"ListItem\",\"position\":1,\"name\":\"Accueil\",\"item\":\"https:\\\/\\\/aufildespierres.com\\\/\"},{\"@type\":\"ListItem\",\"position\":2,\"name\":\"Boutique de Lithoth\u00e9rapie\",\"item\":\"https:\\\/\\\/aufildespierres.com\\\/index.php\\\/boutique-de-lithotherapie\\\/\"},{\"@type\":\"ListItem\",\"position\":3,\"name\":\"Plaque de S\u00e9l\u00e9nite Dragon\"}]},{\"@type\":\"WebSite\",\"@id\":\"https:\\\/\\\/aufildespierres.com\\\/#website\",\"url\":\"https:\\\/\\\/aufildespierres.com\\\/\",\"name\":\"Au fil des pierres\",\"description\":\"Au fil des pierres\",\"publisher\":{\"@id\":\"https:\\\/\\\/aufildespierres.com\\\/#organization\"},\"potentialAction\":[{\"@type\":\"SearchAction\",\"target\":{\"@type\":\"EntryPoint\",\"urlTemplate\":\"https:\\\/\\\/aufildespierres.com\\\/?s={search_term_string}\"},\"query-input\":{\"@type\":\"PropertyValueSpecification\",\"valueRequired\":true,\"valueName\":\"search_term_string\"}}],\"inLanguage\":\"fr-FR\"},{\"@type\":\"Organization\",\"@id\":\"https:\\\/\\\/aufildespierres.com\\\/#organization\",\"name\":\"Au fil des pierres\",\"url\":\"https:\\\/\\\/aufildespierres.com\\\/\",\"logo\":{\"@type\":\"ImageObject\",\"inLanguage\":\"fr-FR\",\"@id\":\"https:\\\/\\\/aufildespierres.com\\\/#\\\/schema\\\/logo\\\/image\\\/\",\"url\":\"https:\\\/\\\/aufildespierres.com\\\/wp-content\\\/uploads\\\/2023\\\/05\\\/cropped-Logo-PNG-Transparent.png\",\"contentUrl\":\"https:\\\/\\\/aufildespierres.com\\\/wp-content\\\/uploads\\\/2023\\\/05\\\/cropped-Logo-PNG-Transparent.png\",\"width\":1776,\"height\":1625,\"caption\":\"Au fil des pierres\"},\"image\":{\"@id\":\"https:\\\/\\\/aufildespierres.com\\\/#\\\/schema\\\/logo\\\/image\\\/\"}}]}<\/script>\n<!-- \/ Yoast SEO plugin. -->","yoast_head_json":{"title":"Plaque de S\u00e9l\u00e9nite Dragon - Au fil des pierres","description":"Plaque en S\u00e9l\u00e9nite dragon : id\u00e9ale pour purifier votre espace et vos pierres. Pierre naturelle lumineuse, symbole de protection, parfaite pour vos rituels.","robots":{"index":"index","follow":"follow","max-snippet":"max-snippet:-1","max-image-preview":"max-image-preview:large","max-video-preview":"max-video-preview:-1"},"canonical":"https:\/\/aufildespierres.com\/index.php\/product\/plaque-de-purification-en-selenite-dragon\/","og_locale":"fr_FR","og_type":"article","og_title":"Plaque de S\u00e9l\u00e9nite Dragon - Au fil des pierres","og_description":"Plaque en S\u00e9l\u00e9nite dragon : id\u00e9ale pour purifier votre espace et vos pierres. Pierre naturelle lumineuse, symbole de protection, parfaite pour vos rituels.","og_url":"https:\/\/aufildespierres.com\/index.php\/product\/plaque-de-purification-en-selenite-dragon\/","og_site_name":"Au fil des pierres","article_modified_time":"2026-01-17T17:51:38+00:00","og_image":[{"width":2296,"height":2119,"url":"https:\/\/aufildespierres.com\/wp-content\/uploads\/2023\/11\/20260104_155113.jpg","type":"image\/jpeg"}],"twitter_card":"summary_large_image","twitter_misc":{"Dur\u00e9e de lecture estim\u00e9e":"2 minutes"},"schema":{"@context":"https:\/\/schema.org","@graph":[{"@type":"WebPage","@id":"https:\/\/aufildespierres.com\/index.php\/product\/plaque-de-purification-en-selenite-dragon\/","url":"https:\/\/aufildespierres.com\/index.php\/product\/plaque-de-purification-en-selenite-dragon\/","name":"Plaque de S\u00e9l\u00e9nite Dragon - Au fil des pierres","isPartOf":{"@id":"https:\/\/aufildespierres.com\/#website"},"primaryImageOfPage":{"@id":"https:\/\/aufildespierres.com\/index.php\/product\/plaque-de-purification-en-selenite-dragon\/#primaryimage"},"image":{"@id":"https:\/\/aufildespierres.com\/index.php\/product\/plaque-de-purification-en-selenite-dragon\/#primaryimage"},"thumbnailUrl":"https:\/\/aufildespierres.com\/wp-content\/uploads\/2023\/11\/20260104_155113.jpg","datePublished":"2023-11-10T20:04:05+00:00","dateModified":"2026-01-17T17:51:38+00:00","description":"Plaque en S\u00e9l\u00e9nite dragon : id\u00e9ale pour purifier votre espace et vos pierres. Pierre naturelle lumineuse, symbole de protection, parfaite pour vos rituels.","breadcrumb":{"@id":"https:\/\/aufildespierres.com\/index.php\/product\/plaque-de-purification-en-selenite-dragon\/#breadcrumb"},"inLanguage":"fr-FR","potentialAction":[{"@type":"ReadAction","target":["https:\/\/aufildespierres.com\/index.php\/product\/plaque-de-purification-en-selenite-dragon\/"]}]},{"@type":"ImageObject","inLanguage":"fr-FR","@id":"https:\/\/aufildespierres.com\/index.php\/product\/plaque-de-purification-en-selenite-dragon\/#primaryimage","url":"https:\/\/aufildespierres.com\/wp-content\/uploads\/2023\/11\/20260104_155113.jpg","contentUrl":"https:\/\/aufildespierres.com\/wp-content\/uploads\/2023\/11\/20260104_155113.jpg","width":2296,"height":2119},{"@type":"BreadcrumbList","@id":"https:\/\/aufildespierres.com\/index.php\/product\/plaque-de-purification-en-selenite-dragon\/#breadcrumb","itemListElement":[{"@type":"ListItem","position":1,"name":"Accueil","item":"https:\/\/aufildespierres.com\/"},{"@type":"ListItem","position":2,"name":"Boutique de Lithoth\u00e9rapie","item":"https:\/\/aufildespierres.com\/index.php\/boutique-de-lithotherapie\/"},{"@type":"ListItem","position":3,"name":"Plaque de S\u00e9l\u00e9nite Dragon"}]},{"@type":"WebSite","@id":"https:\/\/aufildespierres.com\/#website","url":"https:\/\/aufildespierres.com\/","name":"Au fil des pierres","description":"Au fil des pierres","publisher":{"@id":"https:\/\/aufildespierres.com\/#organization"},"potentialAction":[{"@type":"SearchAction","target":{"@type":"EntryPoint","urlTemplate":"https:\/\/aufildespierres.com\/?s={search_term_string}"},"query-input":{"@type":"PropertyValueSpecification","valueRequired":true,"valueName":"search_term_string"}}],"inLanguage":"fr-FR"},{"@type":"Organization","@id":"https:\/\/aufildespierres.com\/#organization","name":"Au fil des pierres","url":"https:\/\/aufildespierres.com\/","logo":{"@type":"ImageObject","inLanguage":"fr-FR","@id":"https:\/\/aufildespierres.com\/#\/schema\/logo\/image\/","url":"https:\/\/aufildespierres.com\/wp-content\/uploads\/2023\/05\/cropped-Logo-PNG-Transparent.png","contentUrl":"https:\/\/aufildespierres.com\/wp-content\/uploads\/2023\/05\/cropped-Logo-PNG-Transparent.png","width":1776,"height":1625,"caption":"Au fil des pierres"},"image":{"@id":"https:\/\/aufildespierres.com\/#\/schema\/logo\/image\/"}}]}},"_links":{"self":[{"href":"https:\/\/aufildespierres.com\/index.php\/wp-json\/wp\/v2\/product\/1278","targetHints":{"allow":["GET"]}}],"collection":[{"href":"https:\/\/aufildespierres.com\/index.php\/wp-json\/wp\/v2\/product"}],"about":[{"href":"https:\/\/aufildespierres.com\/index.php\/wp-json\/wp\/v2\/types\/product"}],"replies":[{"embeddable":true,"href":"https:\/\/aufildespierres.com\/index.php\/wp-json\/wp\/v2\/comments?post=1278"}],"wp:featuredmedia":[{"embeddable":true,"href":"https:\/\/aufildespierres.com\/index.php\/wp-json\/wp\/v2\/media\/4611"}],"wp:attachment":[{"href":"https:\/\/aufildespierres.com\/index.php\/wp-json\/wp\/v2\/media?parent=1278"}],"wp:term":[{"taxonomy":"product_brand","embeddable":true,"href":"https:\/\/aufildespierres.com\/index.php\/wp-json\/wp\/v2\/product_brand?post=1278"},{"taxonomy":"product_cat","embeddable":true,"href":"https:\/\/aufildespierres.com\/index.php\/wp-json\/wp\/v2\/product_cat?post=1278"},{"taxonomy":"product_tag","embeddable":true,"href":"https:\/\/aufildespierres.com\/index.php\/wp-json\/wp\/v2\/product_tag?post=1278"}],"curies":[{"name":"wp","href":"https:\/\/api.w.org\/{rel}","templated":true}]}}