{"id":1296,"date":"2023-11-11T11:00:45","date_gmt":"2023-11-11T10:00:45","guid":{"rendered":"https:\/\/aufildespierres.com\/?post_type=product&#038;p=1296"},"modified":"2025-09-06T22:24:15","modified_gmt":"2025-09-06T20:24:15","slug":"collier-aventurine-et-perles-deau-douce","status":"publish","type":"product","link":"https:\/\/aufildespierres.com\/index.php\/product\/collier-aventurine-et-perles-deau-douce\/","title":{"rendered":"Collier AVENTURINE ET PERLES D&rsquo;EAU DOUCE"},"content":{"rendered":"<p>Collier en Aventurine verte 8mm et perle d&rsquo;eau douce\u00a0 ronde 6mm<\/p>\n<p>Longueur 52 cm. fermoir homard.<\/p>\n<p><strong>AVENTURINE verte <\/strong><\/p>\n<ul>\n<li>Permet m\u00e9ditation, introspection self contr\u00f4le et paix int\u00e9rieure.<\/li>\n<li>Renforce l&rsquo;amour de soi et des autres<\/li>\n<li>Calme les irritabilit\u00e9s, aide \u00e0 \u00eatre plus patient et pers\u00e9v\u00e9rant.<\/li>\n<li>Aide \u00e0 \u00a0mieux se connaitre<\/li>\n<li>Favorise autonomie, esprit cr\u00e9atif<\/li>\n<li>Aide \u00e0 prendre du recul face \u00e0 des situations confuses<\/li>\n<li>Soulage le foie<\/li>\n<li>Renforce le c\u0153ur et agit sur le mauvais cholest\u00e9rol<\/li>\n<li>Absorbe les ondes n\u00e9gatives et telluriques.<\/li>\n<\/ul>\n<p><strong>PERLE D&rsquo;EAU DOUCE<\/strong><\/p>\n<p>La perle d&rsquo;eau douce est un bio min\u00e9ral d&rsquo;origine organique<\/p>\n<p>Au Japon et en Chine les perles se trouvent dans des esp\u00e8ces de moules perli\u00e8res.<\/p>\n<p>Ce bracelet tr\u00e8s f\u00e9minin se portera plus comme un bijou que comme un bracelet de soin, il sera plus fragile et pourrait s&rsquo;abimer s&rsquo;il est port\u00e9 en transpirant, sur des produits cosm\u00e9tiques.<\/p>\n<p>Il aura tout de m\u00eame quelques propri\u00e9t\u00e9s comme :<\/p>\n<ul>\n<li>Favoriser le travail sur soi et renforcer authenticit\u00e9 et loyaut\u00e9<\/li>\n<li>Diminue les variations d&rsquo;humeur<\/li>\n<li>Augmenter assurance, confiance et estime de soi<\/li>\n<li>Aider \u00e0 l&rsquo;apaisement et au bien \u00eatre<\/li>\n<li>Il soutiendra la digestion, les soucis d&rsquo;estomac, renforcera la vision et am\u00e9liore le taux de calcium qui favorisera la pousse des cheveux et ongles.<\/li>\n<\/ul>\n<p>Si besoin de plus de nettoyage vous pourrez utiliser de l&rsquo;eau savonneuse et frotter vos perles avec un coton ou peau de chamois bien laisser s\u00e9cher.<\/p>\n<p>Ce collier peut se d\u00e9poser dans une coquille saint Jacques pour le conserver.<\/p>\n<p><strong>\u00a0<\/strong><\/p>\n","protected":false},"excerpt":{"rendered":"<p>Collier en Aventurine verte 8mm et perle d&rsquo;eau douce\u00a0 ronde 6mm Longueur 52 cm. fermoir homard. AVENTURINE verte Permet m\u00e9ditation, introspection self contr\u00f4le et paix int\u00e9rieure. Renforce l&rsquo;amour de soi et des autres Calme les irritabilit\u00e9s, aide \u00e0 \u00eatre plus patient et pers\u00e9v\u00e9rant. Aide \u00e0 \u00a0mieux se connaitre Favorise autonomie, esprit cr\u00e9atif Aide \u00e0 prendre [&hellip;]<\/p>\n","protected":false},"featured_media":1298,"comment_status":"open","ping_status":"closed","template":"","meta":{"site-sidebar-layout":"default","site-content-layout":"","ast-site-content-layout":"default","site-content-style":"default","site-sidebar-style":"default","ast-global-header-display":"","ast-banner-title-visibility":"","ast-main-header-display":"","ast-hfb-above-header-display":"","ast-hfb-below-header-display":"","ast-hfb-mobile-header-display":"","site-post-title":"","ast-breadcrumbs-content":"","ast-featured-img":"","footer-sml-layout":"","ast-disable-related-posts":"","theme-transparent-header-meta":"default","adv-header-id-meta":"","stick-header-meta":"","header-above-stick-meta":"","header-main-stick-meta":"","header-below-stick-meta":"","astra-migrate-meta-layouts":"set","ast-page-background-enabled":"default","ast-page-background-meta":{"desktop":{"background-color":"var(--ast-global-color-4)","background-image":"","background-repeat":"repeat","background-position":"center center","background-size":"auto","background-attachment":"scroll","background-type":"","background-media":"","overlay-type":"","overlay-color":"","overlay-opacity":"","overlay-gradient":""},"tablet":{"background-color":"","background-image":"","background-repeat":"repeat","background-position":"center center","background-size":"auto","background-attachment":"scroll","background-type":"","background-media":"","overlay-type":"","overlay-color":"","overlay-opacity":"","overlay-gradient":""},"mobile":{"background-color":"","background-image":"","background-repeat":"repeat","background-position":"center center","background-size":"auto","background-attachment":"scroll","background-type":"","background-media":"","overlay-type":"","overlay-color":"","overlay-opacity":"","overlay-gradient":""}},"ast-content-background-meta":{"desktop":{"background-color":"var(--ast-global-color-5)","background-image":"","background-repeat":"repeat","background-position":"center center","background-size":"auto","background-attachment":"scroll","background-type":"","background-media":"","overlay-type":"","overlay-color":"","overlay-opacity":"","overlay-gradient":""},"tablet":{"background-color":"var(--ast-global-color-5)","background-image":"","background-repeat":"repeat","background-position":"center center","background-size":"auto","background-attachment":"scroll","background-type":"","background-media":"","overlay-type":"","overlay-color":"","overlay-opacity":"","overlay-gradient":""},"mobile":{"background-color":"var(--ast-global-color-5)","background-image":"","background-repeat":"repeat","background-position":"center center","background-size":"auto","background-attachment":"scroll","background-type":"","background-media":"","overlay-type":"","overlay-color":"","overlay-opacity":"","overlay-gradient":""}},"_glsr_average":0,"_glsr_ranking":0,"_glsr_reviews":0},"product_brand":[],"product_cat":[120,67,28,111,291,294,78],"product_tag":[],"class_list":{"0":"post-1296","1":"product","2":"type-product","3":"status-publish","4":"has-post-thumbnail","6":"product_cat-aventurine-verte","7":"product_cat-blanc","8":"product_cat-colliers-de-lithotherapie","9":"product_cat-perle-deau-douce","10":"product_cat-promotion","11":"product_cat-promotions","12":"product_cat-vert","13":"desktop-align-left","14":"tablet-align-left","15":"mobile-align-left","17":"first","18":"instock","19":"sale","20":"purchasable","21":"product-type-simple"},"yoast_head":"<!-- This site is optimized with the Yoast SEO plugin v27.5 - https:\/\/yoast.com\/product\/yoast-seo-wordpress\/ -->\n<title>Collier AVENTURINE ET PERLES D&#039;EAU DOUCE - Au fil des pierres<\/title>\n<meta name=\"robots\" content=\"index, follow, max-snippet:-1, max-image-preview:large, max-video-preview:-1\" \/>\n<link rel=\"canonical\" href=\"https:\/\/aufildespierres.com\/index.php\/product\/collier-aventurine-et-perles-deau-douce\/\" \/>\n<meta property=\"og:locale\" content=\"fr_FR\" \/>\n<meta property=\"og:type\" content=\"article\" \/>\n<meta property=\"og:title\" content=\"Collier AVENTURINE ET PERLES D&#039;EAU DOUCE - Au fil des pierres\" \/>\n<meta property=\"og:description\" content=\"Collier en Aventurine verte 8mm et perle d&rsquo;eau douce\u00a0 ronde 6mm Longueur 52 cm. fermoir homard. AVENTURINE verte Permet m\u00e9ditation, introspection self contr\u00f4le et paix int\u00e9rieure. Renforce l&rsquo;amour de soi et des autres Calme les irritabilit\u00e9s, aide \u00e0 \u00eatre plus patient et pers\u00e9v\u00e9rant. Aide \u00e0 \u00a0mieux se connaitre Favorise autonomie, esprit cr\u00e9atif Aide \u00e0 prendre [&hellip;]\" \/>\n<meta property=\"og:url\" content=\"https:\/\/aufildespierres.com\/index.php\/product\/collier-aventurine-et-perles-deau-douce\/\" \/>\n<meta property=\"og:site_name\" content=\"Au fil des pierres\" \/>\n<meta property=\"article:modified_time\" content=\"2025-09-06T20:24:15+00:00\" \/>\n<meta property=\"og:image\" content=\"https:\/\/aufildespierres.com\/wp-content\/uploads\/2023\/11\/20231108_135535-scaled.jpg\" \/>\n\t<meta property=\"og:image:width\" content=\"1548\" \/>\n\t<meta property=\"og:image:height\" content=\"2560\" \/>\n\t<meta property=\"og:image:type\" content=\"image\/jpeg\" \/>\n<meta name=\"twitter:card\" content=\"summary_large_image\" \/>\n<meta name=\"twitter:label1\" content=\"Dur\u00e9e de lecture estim\u00e9e\" \/>\n\t<meta name=\"twitter:data1\" content=\"2 minutes\" \/>\n<script type=\"application\/ld+json\" class=\"yoast-schema-graph\">{\"@context\":\"https:\\\/\\\/schema.org\",\"@graph\":[{\"@type\":\"WebPage\",\"@id\":\"https:\\\/\\\/aufildespierres.com\\\/index.php\\\/product\\\/collier-aventurine-et-perles-deau-douce\\\/\",\"url\":\"https:\\\/\\\/aufildespierres.com\\\/index.php\\\/product\\\/collier-aventurine-et-perles-deau-douce\\\/\",\"name\":\"Collier AVENTURINE ET PERLES D'EAU DOUCE - Au fil des pierres\",\"isPartOf\":{\"@id\":\"https:\\\/\\\/aufildespierres.com\\\/#website\"},\"primaryImageOfPage\":{\"@id\":\"https:\\\/\\\/aufildespierres.com\\\/index.php\\\/product\\\/collier-aventurine-et-perles-deau-douce\\\/#primaryimage\"},\"image\":{\"@id\":\"https:\\\/\\\/aufildespierres.com\\\/index.php\\\/product\\\/collier-aventurine-et-perles-deau-douce\\\/#primaryimage\"},\"thumbnailUrl\":\"https:\\\/\\\/aufildespierres.com\\\/wp-content\\\/uploads\\\/2023\\\/11\\\/20231108_135535-scaled.jpg\",\"datePublished\":\"2023-11-11T10:00:45+00:00\",\"dateModified\":\"2025-09-06T20:24:15+00:00\",\"breadcrumb\":{\"@id\":\"https:\\\/\\\/aufildespierres.com\\\/index.php\\\/product\\\/collier-aventurine-et-perles-deau-douce\\\/#breadcrumb\"},\"inLanguage\":\"fr-FR\",\"potentialAction\":[{\"@type\":\"ReadAction\",\"target\":[\"https:\\\/\\\/aufildespierres.com\\\/index.php\\\/product\\\/collier-aventurine-et-perles-deau-douce\\\/\"]}]},{\"@type\":\"ImageObject\",\"inLanguage\":\"fr-FR\",\"@id\":\"https:\\\/\\\/aufildespierres.com\\\/index.php\\\/product\\\/collier-aventurine-et-perles-deau-douce\\\/#primaryimage\",\"url\":\"https:\\\/\\\/aufildespierres.com\\\/wp-content\\\/uploads\\\/2023\\\/11\\\/20231108_135535-scaled.jpg\",\"contentUrl\":\"https:\\\/\\\/aufildespierres.com\\\/wp-content\\\/uploads\\\/2023\\\/11\\\/20231108_135535-scaled.jpg\",\"width\":1548,\"height\":2560},{\"@type\":\"BreadcrumbList\",\"@id\":\"https:\\\/\\\/aufildespierres.com\\\/index.php\\\/product\\\/collier-aventurine-et-perles-deau-douce\\\/#breadcrumb\",\"itemListElement\":[{\"@type\":\"ListItem\",\"position\":1,\"name\":\"Accueil\",\"item\":\"https:\\\/\\\/aufildespierres.com\\\/\"},{\"@type\":\"ListItem\",\"position\":2,\"name\":\"Boutique de Lithoth\u00e9rapie\",\"item\":\"https:\\\/\\\/aufildespierres.com\\\/index.php\\\/boutique-de-lithotherapie\\\/\"},{\"@type\":\"ListItem\",\"position\":3,\"name\":\"Collier AVENTURINE ET PERLES D&rsquo;EAU DOUCE\"}]},{\"@type\":\"WebSite\",\"@id\":\"https:\\\/\\\/aufildespierres.com\\\/#website\",\"url\":\"https:\\\/\\\/aufildespierres.com\\\/\",\"name\":\"Au fil des pierres\",\"description\":\"Au fil des pierres\",\"publisher\":{\"@id\":\"https:\\\/\\\/aufildespierres.com\\\/#organization\"},\"potentialAction\":[{\"@type\":\"SearchAction\",\"target\":{\"@type\":\"EntryPoint\",\"urlTemplate\":\"https:\\\/\\\/aufildespierres.com\\\/?s={search_term_string}\"},\"query-input\":{\"@type\":\"PropertyValueSpecification\",\"valueRequired\":true,\"valueName\":\"search_term_string\"}}],\"inLanguage\":\"fr-FR\"},{\"@type\":\"Organization\",\"@id\":\"https:\\\/\\\/aufildespierres.com\\\/#organization\",\"name\":\"Au fil des pierres\",\"url\":\"https:\\\/\\\/aufildespierres.com\\\/\",\"logo\":{\"@type\":\"ImageObject\",\"inLanguage\":\"fr-FR\",\"@id\":\"https:\\\/\\\/aufildespierres.com\\\/#\\\/schema\\\/logo\\\/image\\\/\",\"url\":\"https:\\\/\\\/aufildespierres.com\\\/wp-content\\\/uploads\\\/2023\\\/05\\\/cropped-Logo-PNG-Transparent.png\",\"contentUrl\":\"https:\\\/\\\/aufildespierres.com\\\/wp-content\\\/uploads\\\/2023\\\/05\\\/cropped-Logo-PNG-Transparent.png\",\"width\":1776,\"height\":1625,\"caption\":\"Au fil des pierres\"},\"image\":{\"@id\":\"https:\\\/\\\/aufildespierres.com\\\/#\\\/schema\\\/logo\\\/image\\\/\"}}]}<\/script>\n<!-- \/ Yoast SEO plugin. -->","yoast_head_json":{"title":"Collier AVENTURINE ET PERLES D'EAU DOUCE - Au fil des pierres","robots":{"index":"index","follow":"follow","max-snippet":"max-snippet:-1","max-image-preview":"max-image-preview:large","max-video-preview":"max-video-preview:-1"},"canonical":"https:\/\/aufildespierres.com\/index.php\/product\/collier-aventurine-et-perles-deau-douce\/","og_locale":"fr_FR","og_type":"article","og_title":"Collier AVENTURINE ET PERLES D'EAU DOUCE - Au fil des pierres","og_description":"Collier en Aventurine verte 8mm et perle d&rsquo;eau douce\u00a0 ronde 6mm Longueur 52 cm. fermoir homard. AVENTURINE verte Permet m\u00e9ditation, introspection self contr\u00f4le et paix int\u00e9rieure. Renforce l&rsquo;amour de soi et des autres Calme les irritabilit\u00e9s, aide \u00e0 \u00eatre plus patient et pers\u00e9v\u00e9rant. Aide \u00e0 \u00a0mieux se connaitre Favorise autonomie, esprit cr\u00e9atif Aide \u00e0 prendre [&hellip;]","og_url":"https:\/\/aufildespierres.com\/index.php\/product\/collier-aventurine-et-perles-deau-douce\/","og_site_name":"Au fil des pierres","article_modified_time":"2025-09-06T20:24:15+00:00","og_image":[{"width":1548,"height":2560,"url":"https:\/\/aufildespierres.com\/wp-content\/uploads\/2023\/11\/20231108_135535-scaled.jpg","type":"image\/jpeg"}],"twitter_card":"summary_large_image","twitter_misc":{"Dur\u00e9e de lecture estim\u00e9e":"2 minutes"},"schema":{"@context":"https:\/\/schema.org","@graph":[{"@type":"WebPage","@id":"https:\/\/aufildespierres.com\/index.php\/product\/collier-aventurine-et-perles-deau-douce\/","url":"https:\/\/aufildespierres.com\/index.php\/product\/collier-aventurine-et-perles-deau-douce\/","name":"Collier AVENTURINE ET PERLES D'EAU DOUCE - Au fil des pierres","isPartOf":{"@id":"https:\/\/aufildespierres.com\/#website"},"primaryImageOfPage":{"@id":"https:\/\/aufildespierres.com\/index.php\/product\/collier-aventurine-et-perles-deau-douce\/#primaryimage"},"image":{"@id":"https:\/\/aufildespierres.com\/index.php\/product\/collier-aventurine-et-perles-deau-douce\/#primaryimage"},"thumbnailUrl":"https:\/\/aufildespierres.com\/wp-content\/uploads\/2023\/11\/20231108_135535-scaled.jpg","datePublished":"2023-11-11T10:00:45+00:00","dateModified":"2025-09-06T20:24:15+00:00","breadcrumb":{"@id":"https:\/\/aufildespierres.com\/index.php\/product\/collier-aventurine-et-perles-deau-douce\/#breadcrumb"},"inLanguage":"fr-FR","potentialAction":[{"@type":"ReadAction","target":["https:\/\/aufildespierres.com\/index.php\/product\/collier-aventurine-et-perles-deau-douce\/"]}]},{"@type":"ImageObject","inLanguage":"fr-FR","@id":"https:\/\/aufildespierres.com\/index.php\/product\/collier-aventurine-et-perles-deau-douce\/#primaryimage","url":"https:\/\/aufildespierres.com\/wp-content\/uploads\/2023\/11\/20231108_135535-scaled.jpg","contentUrl":"https:\/\/aufildespierres.com\/wp-content\/uploads\/2023\/11\/20231108_135535-scaled.jpg","width":1548,"height":2560},{"@type":"BreadcrumbList","@id":"https:\/\/aufildespierres.com\/index.php\/product\/collier-aventurine-et-perles-deau-douce\/#breadcrumb","itemListElement":[{"@type":"ListItem","position":1,"name":"Accueil","item":"https:\/\/aufildespierres.com\/"},{"@type":"ListItem","position":2,"name":"Boutique de Lithoth\u00e9rapie","item":"https:\/\/aufildespierres.com\/index.php\/boutique-de-lithotherapie\/"},{"@type":"ListItem","position":3,"name":"Collier AVENTURINE ET PERLES D&rsquo;EAU DOUCE"}]},{"@type":"WebSite","@id":"https:\/\/aufildespierres.com\/#website","url":"https:\/\/aufildespierres.com\/","name":"Au fil des pierres","description":"Au fil des pierres","publisher":{"@id":"https:\/\/aufildespierres.com\/#organization"},"potentialAction":[{"@type":"SearchAction","target":{"@type":"EntryPoint","urlTemplate":"https:\/\/aufildespierres.com\/?s={search_term_string}"},"query-input":{"@type":"PropertyValueSpecification","valueRequired":true,"valueName":"search_term_string"}}],"inLanguage":"fr-FR"},{"@type":"Organization","@id":"https:\/\/aufildespierres.com\/#organization","name":"Au fil des pierres","url":"https:\/\/aufildespierres.com\/","logo":{"@type":"ImageObject","inLanguage":"fr-FR","@id":"https:\/\/aufildespierres.com\/#\/schema\/logo\/image\/","url":"https:\/\/aufildespierres.com\/wp-content\/uploads\/2023\/05\/cropped-Logo-PNG-Transparent.png","contentUrl":"https:\/\/aufildespierres.com\/wp-content\/uploads\/2023\/05\/cropped-Logo-PNG-Transparent.png","width":1776,"height":1625,"caption":"Au fil des pierres"},"image":{"@id":"https:\/\/aufildespierres.com\/#\/schema\/logo\/image\/"}}]}},"_links":{"self":[{"href":"https:\/\/aufildespierres.com\/index.php\/wp-json\/wp\/v2\/product\/1296","targetHints":{"allow":["GET"]}}],"collection":[{"href":"https:\/\/aufildespierres.com\/index.php\/wp-json\/wp\/v2\/product"}],"about":[{"href":"https:\/\/aufildespierres.com\/index.php\/wp-json\/wp\/v2\/types\/product"}],"replies":[{"embeddable":true,"href":"https:\/\/aufildespierres.com\/index.php\/wp-json\/wp\/v2\/comments?post=1296"}],"wp:featuredmedia":[{"embeddable":true,"href":"https:\/\/aufildespierres.com\/index.php\/wp-json\/wp\/v2\/media\/1298"}],"wp:attachment":[{"href":"https:\/\/aufildespierres.com\/index.php\/wp-json\/wp\/v2\/media?parent=1296"}],"wp:term":[{"taxonomy":"product_brand","embeddable":true,"href":"https:\/\/aufildespierres.com\/index.php\/wp-json\/wp\/v2\/product_brand?post=1296"},{"taxonomy":"product_cat","embeddable":true,"href":"https:\/\/aufildespierres.com\/index.php\/wp-json\/wp\/v2\/product_cat?post=1296"},{"taxonomy":"product_tag","embeddable":true,"href":"https:\/\/aufildespierres.com\/index.php\/wp-json\/wp\/v2\/product_tag?post=1296"}],"curies":[{"name":"wp","href":"https:\/\/api.w.org\/{rel}","templated":true}]}}