{"id":1416,"date":"2023-11-13T15:30:24","date_gmt":"2023-11-13T14:30:24","guid":{"rendered":"https:\/\/aufildespierres.com\/?post_type=product&#038;p=1416"},"modified":"2024-09-06T18:48:01","modified_gmt":"2024-09-06T16:48:01","slug":"pendentif-en-rhodonite","status":"publish","type":"product","link":"https:\/\/aufildespierres.com\/index.php\/product\/pendentif-en-rhodonite\/","title":{"rendered":"Pendentif en RHODONITE"},"content":{"rendered":"<p>Pendentif en Rhodonite<\/p>\n<p>30x20mm<\/p>\n<p>La pierre pr\u00e9sente une fissure naturelle qui ne compromet pas sa solidit\u00e9.<\/p>\n<p>Apaisement des blessures \u00e9motionnelles du pass\u00e9 en ouverture vers l\u2019ext\u00e9rieur. Acceptation, amour inconditionnel.<\/p>\n<p><u>Syst\u00e8me cristallin<\/u>\u00a0: triclinique Groupe Silicates famille Pyrox\u00e9noides<\/p>\n<p><u>Chakra\u00a0: <\/u>c\u0153ur\u00a0 et racine (si la pierre est plus noire ), aligne le chakra c\u0153ur et racine ce qui agrandit les sentiments d\u2019amour et respect .<\/p>\n<p><u>Duret\u00e9\u00a0<\/u>: 5 \u00e0 6<\/p>\n<p><u>Couleurs\u00a0:<\/u> du rose pale au rose soutenu avec ou sans inclusions noires<\/p>\n<p><u>Gisements\u00a0:<\/u> Afrique du Sud Australie Canada Inde Madagascar Mexique Russie Su\u00e8de USA<\/p>\n<p><u>Propri\u00e9t\u00e9s psychiques\u00a0: <\/u><\/p>\n<p>Apaise les chocs et traumas du pass\u00e9 et favorise l\u2019auto gu\u00e9rison<\/p>\n<ul>\n<li>Pierre de but, de g\u00e9n\u00e9rosit\u00e9 d&rsquo;esprit et d&rsquo;altruisme.<\/li>\n<li>Favorise le pardon et l\u2019amour pour apaiser une ancienne relation, elle agit sur les conflits, les non- dits, peurs, regrets.<\/li>\n<\/ul>\n<ul>\n<li>\u00a0Diminue la col\u00e8re, utile aux personnes nerveuses angoiss\u00e9es, ou ayant des trop plein \u00e9motionnels\u00a0; Aide \u00e0 se r\u00e9concilier avec autrui , \u00e0 maitriser ses \u00e9motions et les canaliser.<\/li>\n<\/ul>\n<ul>\n<li>Apporte confiance en soi, prise de recul et l\u00e2cher prise sur des \u00e9v\u00e8nements angoissants ou situation stressante, diminue les inqui\u00e9tudes .<\/li>\n<li>Calme les nerveux et emport\u00e9s, les sensibles et \u00e9motifs en favorisant \u00e9coute et tol\u00e9rance.<\/li>\n<li>Calme avant un examen ou un concours<\/li>\n<li>Favorise la conciliation et la r\u00e9solution de conflits, limite les craintes amoureuses apporte douceur et tendresse dans le couple. Prot\u00e8ge de la jalousie d\u2019autrui.<\/li>\n<\/ul>\n<ul>\n<li>Aide \u00e0 s\u2019accepter et se r\u00e9concilier avec soi, et d\u00e9gager une aura et un rayonnement personnel ce qui permettra une bonne configuration pour attirer une relation<\/li>\n<li>Soutient l\u2019estime de soi<\/li>\n<li>Renforce un couple existant et permet une relation profonde ou aide pour trouver l\u2019amour ou encourager une relation naissante (en augmentant les vibrations du chakra du c\u0153ur) favorise les rencontres amoureuses et ravive la capacit\u00e9 \u00e0 aimer et a revivre une passion<\/li>\n<\/ul>\n<p>Calme les exc\u00e8s, s\u00e9r\u00e9nit\u00e9 \u00e9quilibre confiance douceur et tendresse.<\/p>\n<p><u>Propri\u00e9t\u00e9s physiques\u00a0: <\/u><\/p>\n<ul>\n<li>Renforce le syst\u00e8me immunitaire et cardiaque ( accidents vasculaires ) et apaise les soucis li\u00e9s au stress ( digestif, cutan\u00e9)<\/li>\n<li>Soulage les tensions articulaires<\/li>\n<li>Favorise l&rsquo;endormissement.<\/li>\n<\/ul>\n<p><u>Purification<\/u>\u00a0:<\/p>\n<p>Eau distill\u00e9e sal\u00e9e<\/p>\n<p>&nbsp;<\/p>\n<p><u>Rechargement<\/u>\u00a0: sur amas de quartz au soleil<\/p>\n<p>&nbsp;<\/p>\n<p><u>Signes astrologiques\u00a0: <\/u><\/p>\n<p>Taureau Capricorne<\/p>\n<p>&nbsp;<\/p>\n<p><img loading=\"lazy\" decoding=\"async\" class=\"alignnone size-medium wp-image-1418\" src=\"https:\/\/aufildespierres.com\/wp-content\/uploads\/2023\/11\/20230212_103100-255x300.jpg\" alt=\"\" width=\"255\" height=\"300\" srcset=\"https:\/\/aufildespierres.com\/wp-content\/uploads\/2023\/11\/20230212_103100-255x300.jpg 255w, https:\/\/aufildespierres.com\/wp-content\/uploads\/2023\/11\/20230212_103100-870x1024.jpg 870w, https:\/\/aufildespierres.com\/wp-content\/uploads\/2023\/11\/20230212_103100-768x903.jpg 768w, https:\/\/aufildespierres.com\/wp-content\/uploads\/2023\/11\/20230212_103100-1306x1536.jpg 1306w, https:\/\/aufildespierres.com\/wp-content\/uploads\/2023\/11\/20230212_103100-1741x2048.jpg 1741w, https:\/\/aufildespierres.com\/wp-content\/uploads\/2023\/11\/20230212_103100-1000x1176.jpg 1000w\" sizes=\"auto, (max-width: 255px) 100vw, 255px\" \/><\/p>\n<p>&nbsp;<\/p>\n<p>&nbsp;<\/p>\n","protected":false},"excerpt":{"rendered":"<p>Pendentif en Rhodonite 30x20mm La pierre pr\u00e9sente une fissure naturelle qui ne compromet pas sa solidit\u00e9. Apaisement des blessures \u00e9motionnelles du pass\u00e9 en ouverture vers l\u2019ext\u00e9rieur. Acceptation, amour inconditionnel. Syst\u00e8me cristallin\u00a0: triclinique Groupe Silicates famille Pyrox\u00e9noides Chakra\u00a0: c\u0153ur\u00a0 et racine (si la pierre est plus noire ), aligne le chakra c\u0153ur et racine ce qui [&hellip;]<\/p>\n","protected":false},"featured_media":1417,"comment_status":"open","ping_status":"closed","template":"","meta":{"site-sidebar-layout":"default","site-content-layout":"","ast-site-content-layout":"default","site-content-style":"default","site-sidebar-style":"default","ast-global-header-display":"","ast-banner-title-visibility":"","ast-main-header-display":"","ast-hfb-above-header-display":"","ast-hfb-below-header-display":"","ast-hfb-mobile-header-display":"","site-post-title":"","ast-breadcrumbs-content":"","ast-featured-img":"","footer-sml-layout":"","ast-disable-related-posts":"","theme-transparent-header-meta":"default","adv-header-id-meta":"","stick-header-meta":"","header-above-stick-meta":"","header-main-stick-meta":"","header-below-stick-meta":"","astra-migrate-meta-layouts":"set","ast-page-background-enabled":"default","ast-page-background-meta":{"desktop":{"background-color":"var(--ast-global-color-4)","background-image":"","background-repeat":"repeat","background-position":"center center","background-size":"auto","background-attachment":"scroll","background-type":"","background-media":"","overlay-type":"","overlay-color":"","overlay-opacity":"","overlay-gradient":""},"tablet":{"background-color":"","background-image":"","background-repeat":"repeat","background-position":"center center","background-size":"auto","background-attachment":"scroll","background-type":"","background-media":"","overlay-type":"","overlay-color":"","overlay-opacity":"","overlay-gradient":""},"mobile":{"background-color":"","background-image":"","background-repeat":"repeat","background-position":"center center","background-size":"auto","background-attachment":"scroll","background-type":"","background-media":"","overlay-type":"","overlay-color":"","overlay-opacity":"","overlay-gradient":""}},"ast-content-background-meta":{"desktop":{"background-color":"var(--ast-global-color-5)","background-image":"","background-repeat":"repeat","background-position":"center center","background-size":"auto","background-attachment":"scroll","background-type":"","background-media":"","overlay-type":"","overlay-color":"","overlay-opacity":"","overlay-gradient":""},"tablet":{"background-color":"var(--ast-global-color-5)","background-image":"","background-repeat":"repeat","background-position":"center center","background-size":"auto","background-attachment":"scroll","background-type":"","background-media":"","overlay-type":"","overlay-color":"","overlay-opacity":"","overlay-gradient":""},"mobile":{"background-color":"var(--ast-global-color-5)","background-image":"","background-repeat":"repeat","background-position":"center center","background-size":"auto","background-attachment":"scroll","background-type":"","background-media":"","overlay-type":"","overlay-color":"","overlay-opacity":"","overlay-gradient":""}},"_glsr_average":0,"_glsr_ranking":0,"_glsr_reviews":0},"product_brand":[],"product_cat":[66,21,90,65],"product_tag":[],"class_list":{"0":"post-1416","1":"product","2":"type-product","3":"status-publish","4":"has-post-thumbnail","6":"product_cat-noir","7":"product_cat-pendentifs-de-lithotherapie","8":"product_cat-rhodonite","9":"product_cat-rose","10":"desktop-align-left","11":"tablet-align-left","12":"mobile-align-left","14":"first","15":"instock","16":"purchasable","17":"product-type-simple"},"yoast_head":"<!-- This site is optimized with the Yoast SEO plugin v27.5 - https:\/\/yoast.com\/product\/yoast-seo-wordpress\/ -->\n<title>Pendentif en RHODONITE - Au fil des pierres<\/title>\n<meta name=\"robots\" content=\"index, follow, max-snippet:-1, max-image-preview:large, max-video-preview:-1\" \/>\n<link rel=\"canonical\" href=\"https:\/\/aufildespierres.com\/index.php\/product\/pendentif-en-rhodonite\/\" \/>\n<meta property=\"og:locale\" content=\"fr_FR\" \/>\n<meta property=\"og:type\" content=\"article\" \/>\n<meta property=\"og:title\" content=\"Pendentif en RHODONITE - Au fil des pierres\" \/>\n<meta property=\"og:description\" content=\"Pendentif en Rhodonite 30x20mm La pierre pr\u00e9sente une fissure naturelle qui ne compromet pas sa solidit\u00e9. Apaisement des blessures \u00e9motionnelles du pass\u00e9 en ouverture vers l\u2019ext\u00e9rieur. Acceptation, amour inconditionnel. Syst\u00e8me cristallin\u00a0: triclinique Groupe Silicates famille Pyrox\u00e9noides Chakra\u00a0: c\u0153ur\u00a0 et racine (si la pierre est plus noire ), aligne le chakra c\u0153ur et racine ce qui [&hellip;]\" \/>\n<meta property=\"og:url\" content=\"https:\/\/aufildespierres.com\/index.php\/product\/pendentif-en-rhodonite\/\" \/>\n<meta property=\"og:site_name\" content=\"Au fil des pierres\" \/>\n<meta property=\"article:modified_time\" content=\"2024-09-06T16:48:01+00:00\" \/>\n<meta property=\"og:image\" content=\"https:\/\/aufildespierres.com\/wp-content\/uploads\/2023\/11\/20230212_103054-995x1024.jpg\" \/>\n\t<meta property=\"og:image:width\" content=\"995\" \/>\n\t<meta property=\"og:image:height\" content=\"1024\" \/>\n\t<meta property=\"og:image:type\" content=\"image\/jpeg\" \/>\n<meta name=\"twitter:card\" content=\"summary_large_image\" \/>\n<meta name=\"twitter:label1\" content=\"Dur\u00e9e de lecture estim\u00e9e\" \/>\n\t<meta name=\"twitter:data1\" content=\"2 minutes\" \/>\n<script type=\"application\/ld+json\" class=\"yoast-schema-graph\">{\"@context\":\"https:\\\/\\\/schema.org\",\"@graph\":[{\"@type\":\"WebPage\",\"@id\":\"https:\\\/\\\/aufildespierres.com\\\/index.php\\\/product\\\/pendentif-en-rhodonite\\\/\",\"url\":\"https:\\\/\\\/aufildespierres.com\\\/index.php\\\/product\\\/pendentif-en-rhodonite\\\/\",\"name\":\"Pendentif en RHODONITE - Au fil des pierres\",\"isPartOf\":{\"@id\":\"https:\\\/\\\/aufildespierres.com\\\/#website\"},\"primaryImageOfPage\":{\"@id\":\"https:\\\/\\\/aufildespierres.com\\\/index.php\\\/product\\\/pendentif-en-rhodonite\\\/#primaryimage\"},\"image\":{\"@id\":\"https:\\\/\\\/aufildespierres.com\\\/index.php\\\/product\\\/pendentif-en-rhodonite\\\/#primaryimage\"},\"thumbnailUrl\":\"https:\\\/\\\/aufildespierres.com\\\/wp-content\\\/uploads\\\/2023\\\/11\\\/20230212_103054.jpg\",\"datePublished\":\"2023-11-13T14:30:24+00:00\",\"dateModified\":\"2024-09-06T16:48:01+00:00\",\"breadcrumb\":{\"@id\":\"https:\\\/\\\/aufildespierres.com\\\/index.php\\\/product\\\/pendentif-en-rhodonite\\\/#breadcrumb\"},\"inLanguage\":\"fr-FR\",\"potentialAction\":[{\"@type\":\"ReadAction\",\"target\":[\"https:\\\/\\\/aufildespierres.com\\\/index.php\\\/product\\\/pendentif-en-rhodonite\\\/\"]}]},{\"@type\":\"ImageObject\",\"inLanguage\":\"fr-FR\",\"@id\":\"https:\\\/\\\/aufildespierres.com\\\/index.php\\\/product\\\/pendentif-en-rhodonite\\\/#primaryimage\",\"url\":\"https:\\\/\\\/aufildespierres.com\\\/wp-content\\\/uploads\\\/2023\\\/11\\\/20230212_103054.jpg\",\"contentUrl\":\"https:\\\/\\\/aufildespierres.com\\\/wp-content\\\/uploads\\\/2023\\\/11\\\/20230212_103054.jpg\",\"width\":2230,\"height\":2294},{\"@type\":\"BreadcrumbList\",\"@id\":\"https:\\\/\\\/aufildespierres.com\\\/index.php\\\/product\\\/pendentif-en-rhodonite\\\/#breadcrumb\",\"itemListElement\":[{\"@type\":\"ListItem\",\"position\":1,\"name\":\"Accueil\",\"item\":\"https:\\\/\\\/aufildespierres.com\\\/\"},{\"@type\":\"ListItem\",\"position\":2,\"name\":\"Boutique de Lithoth\u00e9rapie\",\"item\":\"https:\\\/\\\/aufildespierres.com\\\/index.php\\\/boutique-de-lithotherapie\\\/\"},{\"@type\":\"ListItem\",\"position\":3,\"name\":\"Pendentif en RHODONITE\"}]},{\"@type\":\"WebSite\",\"@id\":\"https:\\\/\\\/aufildespierres.com\\\/#website\",\"url\":\"https:\\\/\\\/aufildespierres.com\\\/\",\"name\":\"Au fil des pierres\",\"description\":\"Au fil des pierres\",\"publisher\":{\"@id\":\"https:\\\/\\\/aufildespierres.com\\\/#organization\"},\"potentialAction\":[{\"@type\":\"SearchAction\",\"target\":{\"@type\":\"EntryPoint\",\"urlTemplate\":\"https:\\\/\\\/aufildespierres.com\\\/?s={search_term_string}\"},\"query-input\":{\"@type\":\"PropertyValueSpecification\",\"valueRequired\":true,\"valueName\":\"search_term_string\"}}],\"inLanguage\":\"fr-FR\"},{\"@type\":\"Organization\",\"@id\":\"https:\\\/\\\/aufildespierres.com\\\/#organization\",\"name\":\"Au fil des pierres\",\"url\":\"https:\\\/\\\/aufildespierres.com\\\/\",\"logo\":{\"@type\":\"ImageObject\",\"inLanguage\":\"fr-FR\",\"@id\":\"https:\\\/\\\/aufildespierres.com\\\/#\\\/schema\\\/logo\\\/image\\\/\",\"url\":\"https:\\\/\\\/aufildespierres.com\\\/wp-content\\\/uploads\\\/2023\\\/05\\\/cropped-Logo-PNG-Transparent.png\",\"contentUrl\":\"https:\\\/\\\/aufildespierres.com\\\/wp-content\\\/uploads\\\/2023\\\/05\\\/cropped-Logo-PNG-Transparent.png\",\"width\":1776,\"height\":1625,\"caption\":\"Au fil des pierres\"},\"image\":{\"@id\":\"https:\\\/\\\/aufildespierres.com\\\/#\\\/schema\\\/logo\\\/image\\\/\"}}]}<\/script>\n<!-- \/ Yoast SEO plugin. -->","yoast_head_json":{"title":"Pendentif en RHODONITE - Au fil des pierres","robots":{"index":"index","follow":"follow","max-snippet":"max-snippet:-1","max-image-preview":"max-image-preview:large","max-video-preview":"max-video-preview:-1"},"canonical":"https:\/\/aufildespierres.com\/index.php\/product\/pendentif-en-rhodonite\/","og_locale":"fr_FR","og_type":"article","og_title":"Pendentif en RHODONITE - Au fil des pierres","og_description":"Pendentif en Rhodonite 30x20mm La pierre pr\u00e9sente une fissure naturelle qui ne compromet pas sa solidit\u00e9. Apaisement des blessures \u00e9motionnelles du pass\u00e9 en ouverture vers l\u2019ext\u00e9rieur. Acceptation, amour inconditionnel. Syst\u00e8me cristallin\u00a0: triclinique Groupe Silicates famille Pyrox\u00e9noides Chakra\u00a0: c\u0153ur\u00a0 et racine (si la pierre est plus noire ), aligne le chakra c\u0153ur et racine ce qui [&hellip;]","og_url":"https:\/\/aufildespierres.com\/index.php\/product\/pendentif-en-rhodonite\/","og_site_name":"Au fil des pierres","article_modified_time":"2024-09-06T16:48:01+00:00","og_image":[{"width":995,"height":1024,"url":"https:\/\/aufildespierres.com\/wp-content\/uploads\/2023\/11\/20230212_103054-995x1024.jpg","type":"image\/jpeg"}],"twitter_card":"summary_large_image","twitter_misc":{"Dur\u00e9e de lecture estim\u00e9e":"2 minutes"},"schema":{"@context":"https:\/\/schema.org","@graph":[{"@type":"WebPage","@id":"https:\/\/aufildespierres.com\/index.php\/product\/pendentif-en-rhodonite\/","url":"https:\/\/aufildespierres.com\/index.php\/product\/pendentif-en-rhodonite\/","name":"Pendentif en RHODONITE - Au fil des pierres","isPartOf":{"@id":"https:\/\/aufildespierres.com\/#website"},"primaryImageOfPage":{"@id":"https:\/\/aufildespierres.com\/index.php\/product\/pendentif-en-rhodonite\/#primaryimage"},"image":{"@id":"https:\/\/aufildespierres.com\/index.php\/product\/pendentif-en-rhodonite\/#primaryimage"},"thumbnailUrl":"https:\/\/aufildespierres.com\/wp-content\/uploads\/2023\/11\/20230212_103054.jpg","datePublished":"2023-11-13T14:30:24+00:00","dateModified":"2024-09-06T16:48:01+00:00","breadcrumb":{"@id":"https:\/\/aufildespierres.com\/index.php\/product\/pendentif-en-rhodonite\/#breadcrumb"},"inLanguage":"fr-FR","potentialAction":[{"@type":"ReadAction","target":["https:\/\/aufildespierres.com\/index.php\/product\/pendentif-en-rhodonite\/"]}]},{"@type":"ImageObject","inLanguage":"fr-FR","@id":"https:\/\/aufildespierres.com\/index.php\/product\/pendentif-en-rhodonite\/#primaryimage","url":"https:\/\/aufildespierres.com\/wp-content\/uploads\/2023\/11\/20230212_103054.jpg","contentUrl":"https:\/\/aufildespierres.com\/wp-content\/uploads\/2023\/11\/20230212_103054.jpg","width":2230,"height":2294},{"@type":"BreadcrumbList","@id":"https:\/\/aufildespierres.com\/index.php\/product\/pendentif-en-rhodonite\/#breadcrumb","itemListElement":[{"@type":"ListItem","position":1,"name":"Accueil","item":"https:\/\/aufildespierres.com\/"},{"@type":"ListItem","position":2,"name":"Boutique de Lithoth\u00e9rapie","item":"https:\/\/aufildespierres.com\/index.php\/boutique-de-lithotherapie\/"},{"@type":"ListItem","position":3,"name":"Pendentif en RHODONITE"}]},{"@type":"WebSite","@id":"https:\/\/aufildespierres.com\/#website","url":"https:\/\/aufildespierres.com\/","name":"Au fil des pierres","description":"Au fil des pierres","publisher":{"@id":"https:\/\/aufildespierres.com\/#organization"},"potentialAction":[{"@type":"SearchAction","target":{"@type":"EntryPoint","urlTemplate":"https:\/\/aufildespierres.com\/?s={search_term_string}"},"query-input":{"@type":"PropertyValueSpecification","valueRequired":true,"valueName":"search_term_string"}}],"inLanguage":"fr-FR"},{"@type":"Organization","@id":"https:\/\/aufildespierres.com\/#organization","name":"Au fil des pierres","url":"https:\/\/aufildespierres.com\/","logo":{"@type":"ImageObject","inLanguage":"fr-FR","@id":"https:\/\/aufildespierres.com\/#\/schema\/logo\/image\/","url":"https:\/\/aufildespierres.com\/wp-content\/uploads\/2023\/05\/cropped-Logo-PNG-Transparent.png","contentUrl":"https:\/\/aufildespierres.com\/wp-content\/uploads\/2023\/05\/cropped-Logo-PNG-Transparent.png","width":1776,"height":1625,"caption":"Au fil des pierres"},"image":{"@id":"https:\/\/aufildespierres.com\/#\/schema\/logo\/image\/"}}]}},"_links":{"self":[{"href":"https:\/\/aufildespierres.com\/index.php\/wp-json\/wp\/v2\/product\/1416","targetHints":{"allow":["GET"]}}],"collection":[{"href":"https:\/\/aufildespierres.com\/index.php\/wp-json\/wp\/v2\/product"}],"about":[{"href":"https:\/\/aufildespierres.com\/index.php\/wp-json\/wp\/v2\/types\/product"}],"replies":[{"embeddable":true,"href":"https:\/\/aufildespierres.com\/index.php\/wp-json\/wp\/v2\/comments?post=1416"}],"wp:featuredmedia":[{"embeddable":true,"href":"https:\/\/aufildespierres.com\/index.php\/wp-json\/wp\/v2\/media\/1417"}],"wp:attachment":[{"href":"https:\/\/aufildespierres.com\/index.php\/wp-json\/wp\/v2\/media?parent=1416"}],"wp:term":[{"taxonomy":"product_brand","embeddable":true,"href":"https:\/\/aufildespierres.com\/index.php\/wp-json\/wp\/v2\/product_brand?post=1416"},{"taxonomy":"product_cat","embeddable":true,"href":"https:\/\/aufildespierres.com\/index.php\/wp-json\/wp\/v2\/product_cat?post=1416"},{"taxonomy":"product_tag","embeddable":true,"href":"https:\/\/aufildespierres.com\/index.php\/wp-json\/wp\/v2\/product_tag?post=1416"}],"curies":[{"name":"wp","href":"https:\/\/api.w.org\/{rel}","templated":true}]}}