{"id":1435,"date":"2023-11-16T11:08:37","date_gmt":"2023-11-16T10:08:37","guid":{"rendered":"https:\/\/aufildespierres.com\/?post_type=product&#038;p=1435"},"modified":"2025-08-30T20:33:51","modified_gmt":"2025-08-30T18:33:51","slug":"bracelet-rhodochrosite-et-cristal-de-roche","status":"publish","type":"product","link":"https:\/\/aufildespierres.com\/index.php\/product\/bracelet-rhodochrosite-et-cristal-de-roche\/","title":{"rendered":"Bracelet RHODOCHROSITE ET CRISTAL DE ROCHE"},"content":{"rendered":"<p><strong>Bracelet en Rhodochrosite et cristal de roche facett\u00e9 en 8mm<\/strong><\/p>\n<p>perle cache n\u0153ud en strass et acier inoxydable.<\/p>\n<p>La rhodochrosite est une pierre au cout assez \u00e9lev\u00e9 et celle utilis\u00e9e dans ce bracelet est exceptionnelle en qualit\u00e9 .<\/p>\n<p>Elle vient d&rsquo;Argentine et est en qualit\u00e9 AAA.<\/p>\n<p>Le prix est malgr\u00e9 tout raisonnable pour ce type de pierre.<\/p>\n<p>Exemplaire unique adapt\u00e9 a un poignet de 17,5 cm<\/p>\n<p><strong>Rhodochrosite :\u00a0<\/strong><\/p>\n<p>Anti &#8211;\u00a0 stress,\u00a0 r\u00e9gule les \u00e9motions<\/p>\n<p><u>Propri\u00e9t\u00e9s psychiques\u00a0: <\/u><\/p>\n<ul>\n<li>Apporte force int\u00e9rieure, paix, tranquillit\u00e9 d&rsquo;esprit, antistress, qui\u00e9tude et r\u00e9confort<\/li>\n<li>Eveille les sentiments d&rsquo;amour, amiti\u00e9, tendresse, compassion<\/li>\n<li>Aide \u00e0 la gu\u00e9rison des blessures sentimentales en favorisant une lib\u00e9ration \u00e9motionnelle en douceur\u00a0; elle ram\u00e8ne \u00e0 l\u2019enfance et aux bons ou mauvais souvenirs en permettant d\u2019apaiser les chagrins.<\/li>\n<li>Aide \u00e0 pardonner et se pardonner<\/li>\n<li>R\u00e9gule les \u00e9motions et \u00e9quilibre le chakra c\u0153ur, aide \u00e0 d\u00e9passer les m\u00e9fiances et conflits.<\/li>\n<li>Aide \u00e0 se sentir vivant, positif, spontan\u00e9 ce qui permet de rayonner et attirer une relation, ouvre \u00e0 l\u2019acceptation de soi et de la vie .<\/li>\n<li>Permet d\u2019oublier un ex et d\u2019aller de l\u2019avant<\/li>\n<li>Lutte contre la jalousie et les doutes envers sa relation, elle aide \u00e0 percevoir la r\u00e9alit\u00e9 lorsque l\u2019on imagine ou somatise de trop<\/li>\n<li>Stimule cr\u00e9ativit\u00e9 , \u00e9rotisme et sensualit\u00e9 dans un couple<\/li>\n<li>Prot\u00e8ge de situations difficiles et apporte la paix int\u00e9rieure dans les c\u0153urs tourment\u00e9s<\/li>\n<li>Attire les relations amoureuses pour un c\u00e9libataire<\/li>\n<li>Conseill\u00e9e pour renouveau et nouveau d\u00e9part.<\/li>\n<li>Favorise les relations de respect entre adulte et enfant<\/li>\n<\/ul>\n<p><u>Propri\u00e9t\u00e9s physiques\u00a0: <\/u><\/p>\n<p>Soulage les perturbations \u00e9motionnelles inscrites dans notre corps<\/p>\n<ul>\n<li>D\u00e9toxifie le rein, foie, ulc\u00e8re d&rsquo;estomac<\/li>\n<li>Soutient syst\u00e8me nerveux et respiratoire ( agit sur migraines, arthrite)<\/li>\n<li>Aide au contr\u00f4le du diab\u00e8te, maladie de Parkinson, ulc\u00e8res gastriques par l\u2019effet anti- stress qui permet de mieux respirer, \u00a0contr\u00f4ler ses mouvements.<\/li>\n<li>R\u00e9gule la circulation sanguine, stabilise la tension et les palpitations<\/li>\n<li>Soulage les effets de la m\u00e9nopause, ost\u00e9oporose, \u00e9pilepsie.<\/li>\n<\/ul>\n<p><u>Purification\u00a0:<\/u> Eau distill\u00e9e<\/p>\n<p><u>Rechargement\u00a0<\/u>: amas de quartz , soleil<\/p>\n<p><u>Signes astrologiques<\/u>\u00a0: Cancer Taureau Scorpion<\/p>\n<p>&nbsp;<\/p>\n<p><strong>Cristal de roche:\u00a0<\/strong><\/p>\n<p>Le cristal de roche est l\u2019union entre la mati\u00e8re solide et la transparence immat\u00e9rielle<\/p>\n<p>Il est utilis\u00e9 sur tous les chakras et est la pierre la plus facile \u00e0 programmer.<\/p>\n<p>&nbsp;<\/p>\n<p><strong>Propri\u00e9t\u00e9s psychiques <\/strong><\/p>\n<p>Amplifie et fluidifie les \u00e9nergies et active les chakras<\/p>\n<p>Amplifie les propri\u00e9t\u00e9s des autres pierres avec qui il est associ\u00e9<\/p>\n<p>R\u00e9duit stress anxi\u00e9t\u00e9 et d\u00e9pendances, augmente la confiance en soi<\/p>\n<p>Renforce l\u2019\u00e9coute et l\u2019ouverture d\u2019esprit<\/p>\n<p>Favorise le calme mental, le repos de l\u2019esprit et la m\u00e9ditation<\/p>\n<ul>\n<li>Clarifie ce qui est n\u00e9cessaire, augmente la sensibilit\u00e9<\/li>\n<li>D\u00e9veloppe clairvoyance, intuition, concentration<\/li>\n<li>Aide \u00e0 se recentrer apr\u00e8s des perturbations.<\/li>\n<\/ul>\n<p><strong>Propri\u00e9t\u00e9s physiques <\/strong><\/p>\n<p>Fortifie le c\u0153ur en g\u00e9n\u00e9ral<\/p>\n<p>Favorise la digestion<\/p>\n<ul>\n<li>Aide \u00e0 soulager les douleurs lombaires et musculaires<\/li>\n<li>Agit sur le syst\u00e8me immunitaire, les affections des yeux et oreilles.<\/li>\n<\/ul>\n<p>&nbsp;<\/p>\n<p>&nbsp;<\/p>\n","protected":false},"excerpt":{"rendered":"<p>Bracelet en Rhodochrosite et cristal de roche facett\u00e9 en 8mm perle cache n\u0153ud en strass et acier inoxydable. La rhodochrosite est une pierre au cout assez \u00e9lev\u00e9 et celle utilis\u00e9e dans ce bracelet est exceptionnelle en qualit\u00e9 . Elle vient d&rsquo;Argentine et est en qualit\u00e9 AAA. Le prix est malgr\u00e9 tout raisonnable pour ce type [&hellip;]<\/p>\n","protected":false},"featured_media":1436,"comment_status":"open","ping_status":"closed","template":"","meta":{"site-sidebar-layout":"default","site-content-layout":"","ast-site-content-layout":"default","site-content-style":"default","site-sidebar-style":"default","ast-global-header-display":"","ast-banner-title-visibility":"","ast-main-header-display":"","ast-hfb-above-header-display":"","ast-hfb-below-header-display":"","ast-hfb-mobile-header-display":"","site-post-title":"","ast-breadcrumbs-content":"","ast-featured-img":"","footer-sml-layout":"","ast-disable-related-posts":"","theme-transparent-header-meta":"default","adv-header-id-meta":"","stick-header-meta":"","header-above-stick-meta":"","header-main-stick-meta":"","header-below-stick-meta":"","astra-migrate-meta-layouts":"set","ast-page-background-enabled":"default","ast-page-background-meta":{"desktop":{"background-color":"var(--ast-global-color-4)","background-image":"","background-repeat":"repeat","background-position":"center center","background-size":"auto","background-attachment":"scroll","background-type":"","background-media":"","overlay-type":"","overlay-color":"","overlay-opacity":"","overlay-gradient":""},"tablet":{"background-color":"","background-image":"","background-repeat":"repeat","background-position":"center center","background-size":"auto","background-attachment":"scroll","background-type":"","background-media":"","overlay-type":"","overlay-color":"","overlay-opacity":"","overlay-gradient":""},"mobile":{"background-color":"","background-image":"","background-repeat":"repeat","background-position":"center center","background-size":"auto","background-attachment":"scroll","background-type":"","background-media":"","overlay-type":"","overlay-color":"","overlay-opacity":"","overlay-gradient":""}},"ast-content-background-meta":{"desktop":{"background-color":"var(--ast-global-color-5)","background-image":"","background-repeat":"repeat","background-position":"center center","background-size":"auto","background-attachment":"scroll","background-type":"","background-media":"","overlay-type":"","overlay-color":"","overlay-opacity":"","overlay-gradient":""},"tablet":{"background-color":"var(--ast-global-color-5)","background-image":"","background-repeat":"repeat","background-position":"center center","background-size":"auto","background-attachment":"scroll","background-type":"","background-media":"","overlay-type":"","overlay-color":"","overlay-opacity":"","overlay-gradient":""},"mobile":{"background-color":"var(--ast-global-color-5)","background-image":"","background-repeat":"repeat","background-position":"center center","background-size":"auto","background-attachment":"scroll","background-type":"","background-media":"","overlay-type":"","overlay-color":"","overlay-opacity":"","overlay-gradient":""}},"_glsr_average":0,"_glsr_ranking":0,"_glsr_reviews":0},"product_brand":[],"product_cat":[54,202,65],"product_tag":[],"class_list":{"0":"post-1435","1":"product","2":"type-product","3":"status-publish","4":"has-post-thumbnail","6":"product_cat-8-mm","7":"product_cat-rhodochrosite","8":"product_cat-rose","9":"desktop-align-left","10":"tablet-align-left","11":"mobile-align-left","13":"first","14":"outofstock","15":"product-type-simple"},"yoast_head":"<!-- This site is optimized with the Yoast SEO plugin v27.3 - https:\/\/yoast.com\/product\/yoast-seo-wordpress\/ -->\n<title>Bracelet RHODOCHROSITE ET CRISTAL DE ROCHE - Au fil des pierres<\/title>\n<meta name=\"robots\" content=\"index, follow, max-snippet:-1, max-image-preview:large, max-video-preview:-1\" \/>\n<link rel=\"canonical\" href=\"https:\/\/aufildespierres.com\/index.php\/product\/bracelet-rhodochrosite-et-cristal-de-roche\/\" \/>\n<meta property=\"og:locale\" content=\"fr_FR\" \/>\n<meta property=\"og:type\" content=\"article\" \/>\n<meta property=\"og:title\" content=\"Bracelet RHODOCHROSITE ET CRISTAL DE ROCHE - Au fil des pierres\" \/>\n<meta property=\"og:description\" content=\"Bracelet en Rhodochrosite et cristal de roche facett\u00e9 en 8mm perle cache n\u0153ud en strass et acier inoxydable. La rhodochrosite est une pierre au cout assez \u00e9lev\u00e9 et celle utilis\u00e9e dans ce bracelet est exceptionnelle en qualit\u00e9 . Elle vient d&rsquo;Argentine et est en qualit\u00e9 AAA. Le prix est malgr\u00e9 tout raisonnable pour ce type [&hellip;]\" \/>\n<meta property=\"og:url\" content=\"https:\/\/aufildespierres.com\/index.php\/product\/bracelet-rhodochrosite-et-cristal-de-roche\/\" \/>\n<meta property=\"og:site_name\" content=\"Au fil des pierres\" \/>\n<meta property=\"article:modified_time\" content=\"2025-08-30T18:33:51+00:00\" \/>\n<meta property=\"og:image\" content=\"https:\/\/aufildespierres.com\/wp-content\/uploads\/2023\/11\/20231115_144451-scaled.jpg\" \/>\n\t<meta property=\"og:image:width\" content=\"1862\" \/>\n\t<meta property=\"og:image:height\" content=\"2560\" \/>\n\t<meta property=\"og:image:type\" content=\"image\/jpeg\" \/>\n<meta name=\"twitter:card\" content=\"summary_large_image\" \/>\n<meta name=\"twitter:label1\" content=\"Dur\u00e9e de lecture estim\u00e9e\" \/>\n\t<meta name=\"twitter:data1\" content=\"3 minutes\" \/>\n<script type=\"application\/ld+json\" class=\"yoast-schema-graph\">{\"@context\":\"https:\\\/\\\/schema.org\",\"@graph\":[{\"@type\":\"WebPage\",\"@id\":\"https:\\\/\\\/aufildespierres.com\\\/index.php\\\/product\\\/bracelet-rhodochrosite-et-cristal-de-roche\\\/\",\"url\":\"https:\\\/\\\/aufildespierres.com\\\/index.php\\\/product\\\/bracelet-rhodochrosite-et-cristal-de-roche\\\/\",\"name\":\"Bracelet RHODOCHROSITE ET CRISTAL DE ROCHE - Au fil des pierres\",\"isPartOf\":{\"@id\":\"https:\\\/\\\/aufildespierres.com\\\/#website\"},\"primaryImageOfPage\":{\"@id\":\"https:\\\/\\\/aufildespierres.com\\\/index.php\\\/product\\\/bracelet-rhodochrosite-et-cristal-de-roche\\\/#primaryimage\"},\"image\":{\"@id\":\"https:\\\/\\\/aufildespierres.com\\\/index.php\\\/product\\\/bracelet-rhodochrosite-et-cristal-de-roche\\\/#primaryimage\"},\"thumbnailUrl\":\"https:\\\/\\\/aufildespierres.com\\\/wp-content\\\/uploads\\\/2023\\\/11\\\/20231115_144451-scaled.jpg\",\"datePublished\":\"2023-11-16T10:08:37+00:00\",\"dateModified\":\"2025-08-30T18:33:51+00:00\",\"breadcrumb\":{\"@id\":\"https:\\\/\\\/aufildespierres.com\\\/index.php\\\/product\\\/bracelet-rhodochrosite-et-cristal-de-roche\\\/#breadcrumb\"},\"inLanguage\":\"fr-FR\",\"potentialAction\":[{\"@type\":\"ReadAction\",\"target\":[\"https:\\\/\\\/aufildespierres.com\\\/index.php\\\/product\\\/bracelet-rhodochrosite-et-cristal-de-roche\\\/\"]}]},{\"@type\":\"ImageObject\",\"inLanguage\":\"fr-FR\",\"@id\":\"https:\\\/\\\/aufildespierres.com\\\/index.php\\\/product\\\/bracelet-rhodochrosite-et-cristal-de-roche\\\/#primaryimage\",\"url\":\"https:\\\/\\\/aufildespierres.com\\\/wp-content\\\/uploads\\\/2023\\\/11\\\/20231115_144451-scaled.jpg\",\"contentUrl\":\"https:\\\/\\\/aufildespierres.com\\\/wp-content\\\/uploads\\\/2023\\\/11\\\/20231115_144451-scaled.jpg\",\"width\":1862,\"height\":2560},{\"@type\":\"BreadcrumbList\",\"@id\":\"https:\\\/\\\/aufildespierres.com\\\/index.php\\\/product\\\/bracelet-rhodochrosite-et-cristal-de-roche\\\/#breadcrumb\",\"itemListElement\":[{\"@type\":\"ListItem\",\"position\":1,\"name\":\"Accueil\",\"item\":\"https:\\\/\\\/aufildespierres.com\\\/\"},{\"@type\":\"ListItem\",\"position\":2,\"name\":\"Boutique de Lithoth\u00e9rapie\",\"item\":\"https:\\\/\\\/aufildespierres.com\\\/index.php\\\/boutique-de-lithotherapie\\\/\"},{\"@type\":\"ListItem\",\"position\":3,\"name\":\"Bracelet RHODOCHROSITE ET CRISTAL DE ROCHE\"}]},{\"@type\":\"WebSite\",\"@id\":\"https:\\\/\\\/aufildespierres.com\\\/#website\",\"url\":\"https:\\\/\\\/aufildespierres.com\\\/\",\"name\":\"Au fil des pierres\",\"description\":\"Au fil des pierres\",\"publisher\":{\"@id\":\"https:\\\/\\\/aufildespierres.com\\\/#organization\"},\"potentialAction\":[{\"@type\":\"SearchAction\",\"target\":{\"@type\":\"EntryPoint\",\"urlTemplate\":\"https:\\\/\\\/aufildespierres.com\\\/?s={search_term_string}\"},\"query-input\":{\"@type\":\"PropertyValueSpecification\",\"valueRequired\":true,\"valueName\":\"search_term_string\"}}],\"inLanguage\":\"fr-FR\"},{\"@type\":\"Organization\",\"@id\":\"https:\\\/\\\/aufildespierres.com\\\/#organization\",\"name\":\"Au fil des pierres\",\"url\":\"https:\\\/\\\/aufildespierres.com\\\/\",\"logo\":{\"@type\":\"ImageObject\",\"inLanguage\":\"fr-FR\",\"@id\":\"https:\\\/\\\/aufildespierres.com\\\/#\\\/schema\\\/logo\\\/image\\\/\",\"url\":\"https:\\\/\\\/aufildespierres.com\\\/wp-content\\\/uploads\\\/2023\\\/05\\\/cropped-Logo-PNG-Transparent.png\",\"contentUrl\":\"https:\\\/\\\/aufildespierres.com\\\/wp-content\\\/uploads\\\/2023\\\/05\\\/cropped-Logo-PNG-Transparent.png\",\"width\":1776,\"height\":1625,\"caption\":\"Au fil des pierres\"},\"image\":{\"@id\":\"https:\\\/\\\/aufildespierres.com\\\/#\\\/schema\\\/logo\\\/image\\\/\"}}]}<\/script>\n<!-- \/ Yoast SEO plugin. -->","yoast_head_json":{"title":"Bracelet RHODOCHROSITE ET CRISTAL DE ROCHE - Au fil des pierres","robots":{"index":"index","follow":"follow","max-snippet":"max-snippet:-1","max-image-preview":"max-image-preview:large","max-video-preview":"max-video-preview:-1"},"canonical":"https:\/\/aufildespierres.com\/index.php\/product\/bracelet-rhodochrosite-et-cristal-de-roche\/","og_locale":"fr_FR","og_type":"article","og_title":"Bracelet RHODOCHROSITE ET CRISTAL DE ROCHE - Au fil des pierres","og_description":"Bracelet en Rhodochrosite et cristal de roche facett\u00e9 en 8mm perle cache n\u0153ud en strass et acier inoxydable. La rhodochrosite est une pierre au cout assez \u00e9lev\u00e9 et celle utilis\u00e9e dans ce bracelet est exceptionnelle en qualit\u00e9 . Elle vient d&rsquo;Argentine et est en qualit\u00e9 AAA. Le prix est malgr\u00e9 tout raisonnable pour ce type [&hellip;]","og_url":"https:\/\/aufildespierres.com\/index.php\/product\/bracelet-rhodochrosite-et-cristal-de-roche\/","og_site_name":"Au fil des pierres","article_modified_time":"2025-08-30T18:33:51+00:00","og_image":[{"width":1862,"height":2560,"url":"https:\/\/aufildespierres.com\/wp-content\/uploads\/2023\/11\/20231115_144451-scaled.jpg","type":"image\/jpeg"}],"twitter_card":"summary_large_image","twitter_misc":{"Dur\u00e9e de lecture estim\u00e9e":"3 minutes"},"schema":{"@context":"https:\/\/schema.org","@graph":[{"@type":"WebPage","@id":"https:\/\/aufildespierres.com\/index.php\/product\/bracelet-rhodochrosite-et-cristal-de-roche\/","url":"https:\/\/aufildespierres.com\/index.php\/product\/bracelet-rhodochrosite-et-cristal-de-roche\/","name":"Bracelet RHODOCHROSITE ET CRISTAL DE ROCHE - Au fil des pierres","isPartOf":{"@id":"https:\/\/aufildespierres.com\/#website"},"primaryImageOfPage":{"@id":"https:\/\/aufildespierres.com\/index.php\/product\/bracelet-rhodochrosite-et-cristal-de-roche\/#primaryimage"},"image":{"@id":"https:\/\/aufildespierres.com\/index.php\/product\/bracelet-rhodochrosite-et-cristal-de-roche\/#primaryimage"},"thumbnailUrl":"https:\/\/aufildespierres.com\/wp-content\/uploads\/2023\/11\/20231115_144451-scaled.jpg","datePublished":"2023-11-16T10:08:37+00:00","dateModified":"2025-08-30T18:33:51+00:00","breadcrumb":{"@id":"https:\/\/aufildespierres.com\/index.php\/product\/bracelet-rhodochrosite-et-cristal-de-roche\/#breadcrumb"},"inLanguage":"fr-FR","potentialAction":[{"@type":"ReadAction","target":["https:\/\/aufildespierres.com\/index.php\/product\/bracelet-rhodochrosite-et-cristal-de-roche\/"]}]},{"@type":"ImageObject","inLanguage":"fr-FR","@id":"https:\/\/aufildespierres.com\/index.php\/product\/bracelet-rhodochrosite-et-cristal-de-roche\/#primaryimage","url":"https:\/\/aufildespierres.com\/wp-content\/uploads\/2023\/11\/20231115_144451-scaled.jpg","contentUrl":"https:\/\/aufildespierres.com\/wp-content\/uploads\/2023\/11\/20231115_144451-scaled.jpg","width":1862,"height":2560},{"@type":"BreadcrumbList","@id":"https:\/\/aufildespierres.com\/index.php\/product\/bracelet-rhodochrosite-et-cristal-de-roche\/#breadcrumb","itemListElement":[{"@type":"ListItem","position":1,"name":"Accueil","item":"https:\/\/aufildespierres.com\/"},{"@type":"ListItem","position":2,"name":"Boutique de Lithoth\u00e9rapie","item":"https:\/\/aufildespierres.com\/index.php\/boutique-de-lithotherapie\/"},{"@type":"ListItem","position":3,"name":"Bracelet RHODOCHROSITE ET CRISTAL DE ROCHE"}]},{"@type":"WebSite","@id":"https:\/\/aufildespierres.com\/#website","url":"https:\/\/aufildespierres.com\/","name":"Au fil des pierres","description":"Au fil des pierres","publisher":{"@id":"https:\/\/aufildespierres.com\/#organization"},"potentialAction":[{"@type":"SearchAction","target":{"@type":"EntryPoint","urlTemplate":"https:\/\/aufildespierres.com\/?s={search_term_string}"},"query-input":{"@type":"PropertyValueSpecification","valueRequired":true,"valueName":"search_term_string"}}],"inLanguage":"fr-FR"},{"@type":"Organization","@id":"https:\/\/aufildespierres.com\/#organization","name":"Au fil des pierres","url":"https:\/\/aufildespierres.com\/","logo":{"@type":"ImageObject","inLanguage":"fr-FR","@id":"https:\/\/aufildespierres.com\/#\/schema\/logo\/image\/","url":"https:\/\/aufildespierres.com\/wp-content\/uploads\/2023\/05\/cropped-Logo-PNG-Transparent.png","contentUrl":"https:\/\/aufildespierres.com\/wp-content\/uploads\/2023\/05\/cropped-Logo-PNG-Transparent.png","width":1776,"height":1625,"caption":"Au fil des pierres"},"image":{"@id":"https:\/\/aufildespierres.com\/#\/schema\/logo\/image\/"}}]}},"_links":{"self":[{"href":"https:\/\/aufildespierres.com\/index.php\/wp-json\/wp\/v2\/product\/1435","targetHints":{"allow":["GET"]}}],"collection":[{"href":"https:\/\/aufildespierres.com\/index.php\/wp-json\/wp\/v2\/product"}],"about":[{"href":"https:\/\/aufildespierres.com\/index.php\/wp-json\/wp\/v2\/types\/product"}],"replies":[{"embeddable":true,"href":"https:\/\/aufildespierres.com\/index.php\/wp-json\/wp\/v2\/comments?post=1435"}],"wp:featuredmedia":[{"embeddable":true,"href":"https:\/\/aufildespierres.com\/index.php\/wp-json\/wp\/v2\/media\/1436"}],"wp:attachment":[{"href":"https:\/\/aufildespierres.com\/index.php\/wp-json\/wp\/v2\/media?parent=1435"}],"wp:term":[{"taxonomy":"product_brand","embeddable":true,"href":"https:\/\/aufildespierres.com\/index.php\/wp-json\/wp\/v2\/product_brand?post=1435"},{"taxonomy":"product_cat","embeddable":true,"href":"https:\/\/aufildespierres.com\/index.php\/wp-json\/wp\/v2\/product_cat?post=1435"},{"taxonomy":"product_tag","embeddable":true,"href":"https:\/\/aufildespierres.com\/index.php\/wp-json\/wp\/v2\/product_tag?post=1435"}],"curies":[{"name":"wp","href":"https:\/\/api.w.org\/{rel}","templated":true}]}}