{"id":1452,"date":"2023-11-18T11:22:58","date_gmt":"2023-11-18T10:22:58","guid":{"rendered":"https:\/\/aufildespierres.com\/?post_type=product&#038;p=1452"},"modified":"2025-10-18T13:57:09","modified_gmt":"2025-10-18T11:57:09","slug":"coquille-dormeau","status":"publish","type":"product","link":"https:\/\/aufildespierres.com\/index.php\/product\/coquille-dormeau\/","title":{"rendered":"Coquille d&rsquo;ORMEAU"},"content":{"rendered":"<p><strong>Coquille de mollusque Ormeau naturelle<\/strong> sans traitement color\u00e9 ou vernis<\/p>\n<p>Envoi al\u00e9atoire<\/p>\n<p>Cette coquille est traditionnellement utilis\u00e9e par les Am\u00e9rindiens pour leurs rituels chamaniques de purification.<\/p>\n<p>Le coquillage est brut \u00e0 l&rsquo;ext\u00e9rieur et nacr\u00e9 \u00e0 l&rsquo;int\u00e9rieur,\u00a0 il est aussi appel\u00e9 Abalone.<\/p>\n<p>La coquille est utilis\u00e9e pour poser ses pierres dedans et on lui pr\u00eate des vertus de purification et recharge.<\/p>\n<p>Elle aurait\u00a0 \u00e9galement des pouvoirs pour renforcer l&rsquo;estime de soi, favoriser paix int\u00e9rieure et prise de d\u00e9cision<\/p>\n<p>Vous pouvez aussi l&rsquo;utiliser pour vos s\u00e9ances de fumigation avec la sauge ou encens car il supporte la chaleur; afin de le pr\u00e9server il est conseill\u00e9 de d\u00e9poser une petite couche de sable au fond de la coquille.<\/p>\n<p>La coquille symbolise l&rsquo;\u00e9l\u00e9ment Eau, les herbes que l&rsquo;on brule la Terre, la source de chaleur pour enflammer\u00a0 le Feu, et la fum\u00e9e qui se dissipe l&rsquo;Air.<\/p>\n<p>Pour purifier la coquille elle m\u00eame la tremper dans de l&rsquo;eau sal\u00e9e et la recharger \u00e0 la lumi\u00e8re lunaire.<\/p>\n<p><img loading=\"lazy\" decoding=\"async\" class=\"alignnone size-medium wp-image-1454\" src=\"https:\/\/aufildespierres.com\/wp-content\/uploads\/2023\/11\/20231118_110648-223x300.jpg\" alt=\"\" width=\"223\" height=\"300\" srcset=\"https:\/\/aufildespierres.com\/wp-content\/uploads\/2023\/11\/20231118_110648-223x300.jpg 223w, https:\/\/aufildespierres.com\/wp-content\/uploads\/2023\/11\/20231118_110648-760x1024.jpg 760w, https:\/\/aufildespierres.com\/wp-content\/uploads\/2023\/11\/20231118_110648-768x1034.jpg 768w, https:\/\/aufildespierres.com\/wp-content\/uploads\/2023\/11\/20231118_110648-1140x1536.jpg 1140w, https:\/\/aufildespierres.com\/wp-content\/uploads\/2023\/11\/20231118_110648-1521x2048.jpg 1521w, https:\/\/aufildespierres.com\/wp-content\/uploads\/2023\/11\/20231118_110648-1000x1347.jpg 1000w, https:\/\/aufildespierres.com\/wp-content\/uploads\/2023\/11\/20231118_110648-scaled.jpg 1901w\" sizes=\"auto, (max-width: 223px) 100vw, 223px\" \/><\/p>\n<p>&nbsp;<\/p>\n","protected":false},"excerpt":{"rendered":"<p>Coquille de mollusque Ormeau naturelle sans traitement color\u00e9 ou vernis Envoi al\u00e9atoire Cette coquille est traditionnellement utilis\u00e9e par les Am\u00e9rindiens pour leurs rituels chamaniques de purification. Le coquillage est brut \u00e0 l&rsquo;ext\u00e9rieur et nacr\u00e9 \u00e0 l&rsquo;int\u00e9rieur,\u00a0 il est aussi appel\u00e9 Abalone. La coquille est utilis\u00e9e pour poser ses pierres dedans et on lui pr\u00eate des [&hellip;]<\/p>\n","protected":false},"featured_media":1453,"comment_status":"open","ping_status":"closed","template":"","meta":{"site-sidebar-layout":"default","site-content-layout":"","ast-site-content-layout":"default","site-content-style":"default","site-sidebar-style":"default","ast-global-header-display":"","ast-banner-title-visibility":"","ast-main-header-display":"","ast-hfb-above-header-display":"","ast-hfb-below-header-display":"","ast-hfb-mobile-header-display":"","site-post-title":"","ast-breadcrumbs-content":"","ast-featured-img":"","footer-sml-layout":"","ast-disable-related-posts":"","theme-transparent-header-meta":"default","adv-header-id-meta":"","stick-header-meta":"","header-above-stick-meta":"","header-main-stick-meta":"","header-below-stick-meta":"","astra-migrate-meta-layouts":"set","ast-page-background-enabled":"default","ast-page-background-meta":{"desktop":{"background-color":"var(--ast-global-color-4)","background-image":"","background-repeat":"repeat","background-position":"center center","background-size":"auto","background-attachment":"scroll","background-type":"","background-media":"","overlay-type":"","overlay-color":"","overlay-opacity":"","overlay-gradient":""},"tablet":{"background-color":"","background-image":"","background-repeat":"repeat","background-position":"center center","background-size":"auto","background-attachment":"scroll","background-type":"","background-media":"","overlay-type":"","overlay-color":"","overlay-opacity":"","overlay-gradient":""},"mobile":{"background-color":"","background-image":"","background-repeat":"repeat","background-position":"center center","background-size":"auto","background-attachment":"scroll","background-type":"","background-media":"","overlay-type":"","overlay-color":"","overlay-opacity":"","overlay-gradient":""}},"ast-content-background-meta":{"desktop":{"background-color":"var(--ast-global-color-5)","background-image":"","background-repeat":"repeat","background-position":"center center","background-size":"auto","background-attachment":"scroll","background-type":"","background-media":"","overlay-type":"","overlay-color":"","overlay-opacity":"","overlay-gradient":""},"tablet":{"background-color":"var(--ast-global-color-5)","background-image":"","background-repeat":"repeat","background-position":"center center","background-size":"auto","background-attachment":"scroll","background-type":"","background-media":"","overlay-type":"","overlay-color":"","overlay-opacity":"","overlay-gradient":""},"mobile":{"background-color":"var(--ast-global-color-5)","background-image":"","background-repeat":"repeat","background-position":"center center","background-size":"auto","background-attachment":"scroll","background-type":"","background-media":"","overlay-type":"","overlay-color":"","overlay-opacity":"","overlay-gradient":""}},"_glsr_average":0,"_glsr_ranking":0,"_glsr_reviews":0},"product_brand":[],"product_cat":[34],"product_tag":[],"class_list":{"0":"post-1452","1":"product","2":"type-product","3":"status-publish","4":"has-post-thumbnail","6":"product_cat-purification","7":"desktop-align-left","8":"tablet-align-left","9":"mobile-align-left","11":"first","12":"instock","13":"purchasable","14":"product-type-simple"},"yoast_head":"<!-- This site is optimized with the Yoast SEO plugin v27.5 - https:\/\/yoast.com\/product\/yoast-seo-wordpress\/ -->\n<title>Coquille d&#039;ORMEAU - Au fil des pierres<\/title>\n<meta name=\"robots\" content=\"index, follow, max-snippet:-1, max-image-preview:large, max-video-preview:-1\" \/>\n<link rel=\"canonical\" href=\"https:\/\/aufildespierres.com\/index.php\/product\/coquille-dormeau\/\" \/>\n<meta property=\"og:locale\" content=\"fr_FR\" \/>\n<meta property=\"og:type\" content=\"article\" \/>\n<meta property=\"og:title\" content=\"Coquille d&#039;ORMEAU - Au fil des pierres\" \/>\n<meta property=\"og:description\" content=\"Coquille de mollusque Ormeau naturelle sans traitement color\u00e9 ou vernis Envoi al\u00e9atoire Cette coquille est traditionnellement utilis\u00e9e par les Am\u00e9rindiens pour leurs rituels chamaniques de purification. Le coquillage est brut \u00e0 l&rsquo;ext\u00e9rieur et nacr\u00e9 \u00e0 l&rsquo;int\u00e9rieur,\u00a0 il est aussi appel\u00e9 Abalone. La coquille est utilis\u00e9e pour poser ses pierres dedans et on lui pr\u00eate des [&hellip;]\" \/>\n<meta property=\"og:url\" content=\"https:\/\/aufildespierres.com\/index.php\/product\/coquille-dormeau\/\" \/>\n<meta property=\"og:site_name\" content=\"Au fil des pierres\" \/>\n<meta property=\"article:modified_time\" content=\"2025-10-18T11:57:09+00:00\" \/>\n<meta property=\"og:image\" content=\"https:\/\/aufildespierres.com\/wp-content\/uploads\/2023\/11\/20231118_110620.jpg\" \/>\n\t<meta property=\"og:image:width\" content=\"2240\" \/>\n\t<meta property=\"og:image:height\" content=\"2315\" \/>\n\t<meta property=\"og:image:type\" content=\"image\/jpeg\" \/>\n<meta name=\"twitter:card\" content=\"summary_large_image\" \/>\n<meta name=\"twitter:label1\" content=\"Dur\u00e9e de lecture estim\u00e9e\" \/>\n\t<meta name=\"twitter:data1\" content=\"1 minute\" \/>\n<script type=\"application\/ld+json\" class=\"yoast-schema-graph\">{\"@context\":\"https:\\\/\\\/schema.org\",\"@graph\":[{\"@type\":\"WebPage\",\"@id\":\"https:\\\/\\\/aufildespierres.com\\\/index.php\\\/product\\\/coquille-dormeau\\\/\",\"url\":\"https:\\\/\\\/aufildespierres.com\\\/index.php\\\/product\\\/coquille-dormeau\\\/\",\"name\":\"Coquille d'ORMEAU - Au fil des pierres\",\"isPartOf\":{\"@id\":\"https:\\\/\\\/aufildespierres.com\\\/#website\"},\"primaryImageOfPage\":{\"@id\":\"https:\\\/\\\/aufildespierres.com\\\/index.php\\\/product\\\/coquille-dormeau\\\/#primaryimage\"},\"image\":{\"@id\":\"https:\\\/\\\/aufildespierres.com\\\/index.php\\\/product\\\/coquille-dormeau\\\/#primaryimage\"},\"thumbnailUrl\":\"https:\\\/\\\/aufildespierres.com\\\/wp-content\\\/uploads\\\/2023\\\/11\\\/20231118_110620.jpg\",\"datePublished\":\"2023-11-18T10:22:58+00:00\",\"dateModified\":\"2025-10-18T11:57:09+00:00\",\"breadcrumb\":{\"@id\":\"https:\\\/\\\/aufildespierres.com\\\/index.php\\\/product\\\/coquille-dormeau\\\/#breadcrumb\"},\"inLanguage\":\"fr-FR\",\"potentialAction\":[{\"@type\":\"ReadAction\",\"target\":[\"https:\\\/\\\/aufildespierres.com\\\/index.php\\\/product\\\/coquille-dormeau\\\/\"]}]},{\"@type\":\"ImageObject\",\"inLanguage\":\"fr-FR\",\"@id\":\"https:\\\/\\\/aufildespierres.com\\\/index.php\\\/product\\\/coquille-dormeau\\\/#primaryimage\",\"url\":\"https:\\\/\\\/aufildespierres.com\\\/wp-content\\\/uploads\\\/2023\\\/11\\\/20231118_110620.jpg\",\"contentUrl\":\"https:\\\/\\\/aufildespierres.com\\\/wp-content\\\/uploads\\\/2023\\\/11\\\/20231118_110620.jpg\",\"width\":2240,\"height\":2315},{\"@type\":\"BreadcrumbList\",\"@id\":\"https:\\\/\\\/aufildespierres.com\\\/index.php\\\/product\\\/coquille-dormeau\\\/#breadcrumb\",\"itemListElement\":[{\"@type\":\"ListItem\",\"position\":1,\"name\":\"Accueil\",\"item\":\"https:\\\/\\\/aufildespierres.com\\\/\"},{\"@type\":\"ListItem\",\"position\":2,\"name\":\"Boutique de Lithoth\u00e9rapie\",\"item\":\"https:\\\/\\\/aufildespierres.com\\\/index.php\\\/boutique-de-lithotherapie\\\/\"},{\"@type\":\"ListItem\",\"position\":3,\"name\":\"Coquille d&rsquo;ORMEAU\"}]},{\"@type\":\"WebSite\",\"@id\":\"https:\\\/\\\/aufildespierres.com\\\/#website\",\"url\":\"https:\\\/\\\/aufildespierres.com\\\/\",\"name\":\"Au fil des pierres\",\"description\":\"Au fil des pierres\",\"publisher\":{\"@id\":\"https:\\\/\\\/aufildespierres.com\\\/#organization\"},\"potentialAction\":[{\"@type\":\"SearchAction\",\"target\":{\"@type\":\"EntryPoint\",\"urlTemplate\":\"https:\\\/\\\/aufildespierres.com\\\/?s={search_term_string}\"},\"query-input\":{\"@type\":\"PropertyValueSpecification\",\"valueRequired\":true,\"valueName\":\"search_term_string\"}}],\"inLanguage\":\"fr-FR\"},{\"@type\":\"Organization\",\"@id\":\"https:\\\/\\\/aufildespierres.com\\\/#organization\",\"name\":\"Au fil des pierres\",\"url\":\"https:\\\/\\\/aufildespierres.com\\\/\",\"logo\":{\"@type\":\"ImageObject\",\"inLanguage\":\"fr-FR\",\"@id\":\"https:\\\/\\\/aufildespierres.com\\\/#\\\/schema\\\/logo\\\/image\\\/\",\"url\":\"https:\\\/\\\/aufildespierres.com\\\/wp-content\\\/uploads\\\/2023\\\/05\\\/cropped-Logo-PNG-Transparent.png\",\"contentUrl\":\"https:\\\/\\\/aufildespierres.com\\\/wp-content\\\/uploads\\\/2023\\\/05\\\/cropped-Logo-PNG-Transparent.png\",\"width\":1776,\"height\":1625,\"caption\":\"Au fil des pierres\"},\"image\":{\"@id\":\"https:\\\/\\\/aufildespierres.com\\\/#\\\/schema\\\/logo\\\/image\\\/\"}}]}<\/script>\n<!-- \/ Yoast SEO plugin. -->","yoast_head_json":{"title":"Coquille d'ORMEAU - Au fil des pierres","robots":{"index":"index","follow":"follow","max-snippet":"max-snippet:-1","max-image-preview":"max-image-preview:large","max-video-preview":"max-video-preview:-1"},"canonical":"https:\/\/aufildespierres.com\/index.php\/product\/coquille-dormeau\/","og_locale":"fr_FR","og_type":"article","og_title":"Coquille d'ORMEAU - Au fil des pierres","og_description":"Coquille de mollusque Ormeau naturelle sans traitement color\u00e9 ou vernis Envoi al\u00e9atoire Cette coquille est traditionnellement utilis\u00e9e par les Am\u00e9rindiens pour leurs rituels chamaniques de purification. Le coquillage est brut \u00e0 l&rsquo;ext\u00e9rieur et nacr\u00e9 \u00e0 l&rsquo;int\u00e9rieur,\u00a0 il est aussi appel\u00e9 Abalone. La coquille est utilis\u00e9e pour poser ses pierres dedans et on lui pr\u00eate des [&hellip;]","og_url":"https:\/\/aufildespierres.com\/index.php\/product\/coquille-dormeau\/","og_site_name":"Au fil des pierres","article_modified_time":"2025-10-18T11:57:09+00:00","og_image":[{"width":2240,"height":2315,"url":"https:\/\/aufildespierres.com\/wp-content\/uploads\/2023\/11\/20231118_110620.jpg","type":"image\/jpeg"}],"twitter_card":"summary_large_image","twitter_misc":{"Dur\u00e9e de lecture estim\u00e9e":"1 minute"},"schema":{"@context":"https:\/\/schema.org","@graph":[{"@type":"WebPage","@id":"https:\/\/aufildespierres.com\/index.php\/product\/coquille-dormeau\/","url":"https:\/\/aufildespierres.com\/index.php\/product\/coquille-dormeau\/","name":"Coquille d'ORMEAU - Au fil des pierres","isPartOf":{"@id":"https:\/\/aufildespierres.com\/#website"},"primaryImageOfPage":{"@id":"https:\/\/aufildespierres.com\/index.php\/product\/coquille-dormeau\/#primaryimage"},"image":{"@id":"https:\/\/aufildespierres.com\/index.php\/product\/coquille-dormeau\/#primaryimage"},"thumbnailUrl":"https:\/\/aufildespierres.com\/wp-content\/uploads\/2023\/11\/20231118_110620.jpg","datePublished":"2023-11-18T10:22:58+00:00","dateModified":"2025-10-18T11:57:09+00:00","breadcrumb":{"@id":"https:\/\/aufildespierres.com\/index.php\/product\/coquille-dormeau\/#breadcrumb"},"inLanguage":"fr-FR","potentialAction":[{"@type":"ReadAction","target":["https:\/\/aufildespierres.com\/index.php\/product\/coquille-dormeau\/"]}]},{"@type":"ImageObject","inLanguage":"fr-FR","@id":"https:\/\/aufildespierres.com\/index.php\/product\/coquille-dormeau\/#primaryimage","url":"https:\/\/aufildespierres.com\/wp-content\/uploads\/2023\/11\/20231118_110620.jpg","contentUrl":"https:\/\/aufildespierres.com\/wp-content\/uploads\/2023\/11\/20231118_110620.jpg","width":2240,"height":2315},{"@type":"BreadcrumbList","@id":"https:\/\/aufildespierres.com\/index.php\/product\/coquille-dormeau\/#breadcrumb","itemListElement":[{"@type":"ListItem","position":1,"name":"Accueil","item":"https:\/\/aufildespierres.com\/"},{"@type":"ListItem","position":2,"name":"Boutique de Lithoth\u00e9rapie","item":"https:\/\/aufildespierres.com\/index.php\/boutique-de-lithotherapie\/"},{"@type":"ListItem","position":3,"name":"Coquille d&rsquo;ORMEAU"}]},{"@type":"WebSite","@id":"https:\/\/aufildespierres.com\/#website","url":"https:\/\/aufildespierres.com\/","name":"Au fil des pierres","description":"Au fil des pierres","publisher":{"@id":"https:\/\/aufildespierres.com\/#organization"},"potentialAction":[{"@type":"SearchAction","target":{"@type":"EntryPoint","urlTemplate":"https:\/\/aufildespierres.com\/?s={search_term_string}"},"query-input":{"@type":"PropertyValueSpecification","valueRequired":true,"valueName":"search_term_string"}}],"inLanguage":"fr-FR"},{"@type":"Organization","@id":"https:\/\/aufildespierres.com\/#organization","name":"Au fil des pierres","url":"https:\/\/aufildespierres.com\/","logo":{"@type":"ImageObject","inLanguage":"fr-FR","@id":"https:\/\/aufildespierres.com\/#\/schema\/logo\/image\/","url":"https:\/\/aufildespierres.com\/wp-content\/uploads\/2023\/05\/cropped-Logo-PNG-Transparent.png","contentUrl":"https:\/\/aufildespierres.com\/wp-content\/uploads\/2023\/05\/cropped-Logo-PNG-Transparent.png","width":1776,"height":1625,"caption":"Au fil des pierres"},"image":{"@id":"https:\/\/aufildespierres.com\/#\/schema\/logo\/image\/"}}]}},"_links":{"self":[{"href":"https:\/\/aufildespierres.com\/index.php\/wp-json\/wp\/v2\/product\/1452","targetHints":{"allow":["GET"]}}],"collection":[{"href":"https:\/\/aufildespierres.com\/index.php\/wp-json\/wp\/v2\/product"}],"about":[{"href":"https:\/\/aufildespierres.com\/index.php\/wp-json\/wp\/v2\/types\/product"}],"replies":[{"embeddable":true,"href":"https:\/\/aufildespierres.com\/index.php\/wp-json\/wp\/v2\/comments?post=1452"}],"wp:featuredmedia":[{"embeddable":true,"href":"https:\/\/aufildespierres.com\/index.php\/wp-json\/wp\/v2\/media\/1453"}],"wp:attachment":[{"href":"https:\/\/aufildespierres.com\/index.php\/wp-json\/wp\/v2\/media?parent=1452"}],"wp:term":[{"taxonomy":"product_brand","embeddable":true,"href":"https:\/\/aufildespierres.com\/index.php\/wp-json\/wp\/v2\/product_brand?post=1452"},{"taxonomy":"product_cat","embeddable":true,"href":"https:\/\/aufildespierres.com\/index.php\/wp-json\/wp\/v2\/product_cat?post=1452"},{"taxonomy":"product_tag","embeddable":true,"href":"https:\/\/aufildespierres.com\/index.php\/wp-json\/wp\/v2\/product_tag?post=1452"}],"curies":[{"name":"wp","href":"https:\/\/api.w.org\/{rel}","templated":true}]}}