{"id":1719,"date":"2023-12-13T11:37:17","date_gmt":"2023-12-13T10:37:17","guid":{"rendered":"https:\/\/aufildespierres.com\/?post_type=product&#038;p=1719"},"modified":"2025-09-11T15:10:17","modified_gmt":"2025-09-11T13:10:17","slug":"galet-opale-verte","status":"publish","type":"product","link":"https:\/\/aufildespierres.com\/index.php\/product\/galet-opale-verte\/","title":{"rendered":"Galet Opale verte"},"content":{"rendered":"<h2 data-start=\"166\" data-end=\"202\">Galet qualit\u00e9 AA en Opale verte<\/h2>\n<p data-start=\"204\" data-end=\"255\"><strong data-start=\"204\" data-end=\"253\">Poids : 103 g \u2013 Dimensions : environ 6 x 4 cm<\/strong><\/p>\n<p data-start=\"257\" data-end=\"520\">Ce <strong data-start=\"260\" data-end=\"298\">galet en opale verte de qualit\u00e9 AA<\/strong> s\u00e9duit par sa couleur douce et lumineuse, symbole d\u2019harmonie et de renouveau. Utilis\u00e9e depuis des si\u00e8cles en lithoth\u00e9rapie, l\u2019opale verte attire naturellement le regard et diffuse une \u00e9nergie apaisante et r\u00e9g\u00e9n\u00e9ratrice.<\/p>\n<h3 data-start=\"522\" data-end=\"564\">Vertus et bienfaits de l\u2019Opale verte<\/h3>\n<p data-start=\"566\" data-end=\"935\">L\u2019opale verte est une pierre puissante qui <strong data-start=\"609\" data-end=\"631\">attire l\u2019abondance<\/strong> et guide vers une <strong data-start=\"650\" data-end=\"681\">approche positive de la vie<\/strong>. Elle vous aide \u00e0 <strong data-start=\"700\" data-end=\"731\">retrouver confiance en vous<\/strong>, \u00e0 <strong data-start=\"735\" data-end=\"756\">apaiser le mental<\/strong> et \u00e0 r\u00e9duire le stress du quotidien. Gr\u00e2ce \u00e0 son \u00e9nergie douce, elle favorise le l\u00e2cher-prise et vous accompagne dans la lib\u00e9ration des ressentiments et des col\u00e8res accumul\u00e9es.<\/p>\n<p data-start=\"937\" data-end=\"1280\">De plus, cette pierre pr\u00e9cieuse contribue \u00e0 un <strong data-start=\"984\" data-end=\"1020\">sentiment de s\u00e9curit\u00e9 int\u00e9rieure<\/strong> et facilite l\u2019ouverture aux autres. Elle <strong data-start=\"1062\" data-end=\"1088\">lib\u00e8re les inhibitions<\/strong>, encourage l\u2019expression de soi et stimule l\u2019intuition. L\u2019opale verte aide \u00e9galement \u00e0 d\u00e9velopper une relation saine avec l\u2019argent, en rappelant la loi de l\u2019\u00e9change : <em data-start=\"1255\" data-end=\"1277\">donner pour recevoir<\/em>.<\/p>\n<p data-start=\"1282\" data-end=\"1518\">Sur le plan physique, l\u2019opale verte est r\u00e9put\u00e9e pour <strong data-start=\"1335\" data-end=\"1370\">soutenir le syst\u00e8me immunitaire<\/strong> et stimuler le <strong data-start=\"1386\" data-end=\"1417\">foie, les reins et les yeux<\/strong>. Elle accompagne ainsi les processus de r\u00e9g\u00e9n\u00e9ration du corps tout en renfor\u00e7ant l\u2019\u00e9nergie vitale.<\/p>\n<h3 data-start=\"1520\" data-end=\"1548\">Conseils d\u2019utilisation<\/h3>\n<p data-start=\"1550\" data-end=\"1914\">Ce galet en opale verte se tient ais\u00e9ment en main lors de s\u00e9ances de m\u00e9ditation ou de relaxation. Vous pouvez aussi le placer dans votre espace de vie afin de profiter de ses \u00e9nergies bienveillantes. Toutefois, il est important de noter que l\u2019opale verte est une pierre d\u00e9licate : <strong data-start=\"1831\" data-end=\"1872\">\u00e9vitez l\u2019exposition directe au soleil<\/strong>, car elle peut craqueler avec le temps.<\/p>\n<hr data-start=\"1916\" data-end=\"1921\" \/>\n<p data-start=\"1923\" data-end=\"2093\">\u00a0Ce galet en opale verte est id\u00e9al pour celles et ceux qui recherchent une pierre de <strong data-start=\"2009\" data-end=\"2028\">paix int\u00e9rieure<\/strong>, de <strong data-start=\"2033\" data-end=\"2058\">gu\u00e9rison \u00e9motionnelle<\/strong> et de <strong data-start=\"2065\" data-end=\"2090\">renouveau \u00e9nerg\u00e9tique<\/strong>.<\/p>\n<p>&nbsp;<\/p>\n","protected":false},"excerpt":{"rendered":"<p>Galet qualit\u00e9 AA en Opale verte Poids : 103 g \u2013 Dimensions : environ 6 x 4 cm Ce galet en opale verte de qualit\u00e9 AA s\u00e9duit par sa couleur douce et lumineuse, symbole d\u2019harmonie et de renouveau. Utilis\u00e9e depuis des si\u00e8cles en lithoth\u00e9rapie, l\u2019opale verte attire naturellement le regard et diffuse une \u00e9nergie apaisante [&hellip;]<\/p>\n","protected":false},"featured_media":4200,"comment_status":"open","ping_status":"closed","template":"","meta":{"site-sidebar-layout":"default","site-content-layout":"","ast-site-content-layout":"default","site-content-style":"default","site-sidebar-style":"default","ast-global-header-display":"","ast-banner-title-visibility":"","ast-main-header-display":"","ast-hfb-above-header-display":"","ast-hfb-below-header-display":"","ast-hfb-mobile-header-display":"","site-post-title":"","ast-breadcrumbs-content":"","ast-featured-img":"","footer-sml-layout":"","ast-disable-related-posts":"","theme-transparent-header-meta":"default","adv-header-id-meta":"","stick-header-meta":"","header-above-stick-meta":"","header-main-stick-meta":"","header-below-stick-meta":"","astra-migrate-meta-layouts":"set","ast-page-background-enabled":"default","ast-page-background-meta":{"desktop":{"background-color":"var(--ast-global-color-4)","background-image":"","background-repeat":"repeat","background-position":"center center","background-size":"auto","background-attachment":"scroll","background-type":"","background-media":"","overlay-type":"","overlay-color":"","overlay-opacity":"","overlay-gradient":""},"tablet":{"background-color":"","background-image":"","background-repeat":"repeat","background-position":"center center","background-size":"auto","background-attachment":"scroll","background-type":"","background-media":"","overlay-type":"","overlay-color":"","overlay-opacity":"","overlay-gradient":""},"mobile":{"background-color":"","background-image":"","background-repeat":"repeat","background-position":"center center","background-size":"auto","background-attachment":"scroll","background-type":"","background-media":"","overlay-type":"","overlay-color":"","overlay-opacity":"","overlay-gradient":""}},"ast-content-background-meta":{"desktop":{"background-color":"var(--ast-global-color-5)","background-image":"","background-repeat":"repeat","background-position":"center center","background-size":"auto","background-attachment":"scroll","background-type":"","background-media":"","overlay-type":"","overlay-color":"","overlay-opacity":"","overlay-gradient":""},"tablet":{"background-color":"var(--ast-global-color-5)","background-image":"","background-repeat":"repeat","background-position":"center center","background-size":"auto","background-attachment":"scroll","background-type":"","background-media":"","overlay-type":"","overlay-color":"","overlay-opacity":"","overlay-gradient":""},"mobile":{"background-color":"var(--ast-global-color-5)","background-image":"","background-repeat":"repeat","background-position":"center center","background-size":"auto","background-attachment":"scroll","background-type":"","background-media":"","overlay-type":"","overlay-color":"","overlay-opacity":"","overlay-gradient":""}},"_glsr_average":0,"_glsr_ranking":0,"_glsr_reviews":0},"product_brand":[],"product_cat":[198,209,32,78],"product_tag":[],"class_list":{"0":"post-1719","1":"product","2":"type-product","3":"status-publish","4":"has-post-thumbnail","6":"product_cat-galets","7":"product_cat-opale-verte","8":"product_cat-pierres-polies","9":"product_cat-vert","10":"product_shipping_class-classique","11":"desktop-align-left","12":"tablet-align-left","13":"mobile-align-left","15":"first","16":"instock","17":"purchasable","18":"product-type-simple"},"yoast_head":"<!-- This site is optimized with the Yoast SEO plugin v27.5 - https:\/\/yoast.com\/product\/yoast-seo-wordpress\/ -->\n<title>Galet Opale verte - Au fil des pierres<\/title>\n<meta name=\"description\" content=\"&quot;Galet en opale verte naturelle, pierre apaisante qui favorise la r\u00e9g\u00e9n\u00e9ration \u00e9motionnelle, l\u2019\u00e9quilibre int\u00e9rieur et la s\u00e9r\u00e9nit\u00e9 en lithoth\u00e9rapie.&quot;\" \/>\n<meta name=\"robots\" content=\"index, follow, max-snippet:-1, max-image-preview:large, max-video-preview:-1\" \/>\n<link rel=\"canonical\" href=\"https:\/\/aufildespierres.com\/index.php\/product\/galet-opale-verte\/\" \/>\n<meta property=\"og:locale\" content=\"fr_FR\" \/>\n<meta property=\"og:type\" content=\"article\" \/>\n<meta property=\"og:title\" content=\"Galet Opale verte - Au fil des pierres\" \/>\n<meta property=\"og:description\" content=\"&quot;Galet en opale verte naturelle, pierre apaisante qui favorise la r\u00e9g\u00e9n\u00e9ration \u00e9motionnelle, l\u2019\u00e9quilibre int\u00e9rieur et la s\u00e9r\u00e9nit\u00e9 en lithoth\u00e9rapie.&quot;\" \/>\n<meta property=\"og:url\" content=\"https:\/\/aufildespierres.com\/index.php\/product\/galet-opale-verte\/\" \/>\n<meta property=\"og:site_name\" content=\"Au fil des pierres\" \/>\n<meta property=\"article:modified_time\" content=\"2025-09-11T13:10:17+00:00\" \/>\n<meta property=\"og:image\" content=\"https:\/\/aufildespierres.com\/wp-content\/uploads\/2023\/12\/20250910_172842-scaled.jpg\" \/>\n\t<meta property=\"og:image:width\" content=\"2560\" \/>\n\t<meta property=\"og:image:height\" content=\"1441\" \/>\n\t<meta property=\"og:image:type\" content=\"image\/jpeg\" \/>\n<meta name=\"twitter:card\" content=\"summary_large_image\" \/>\n<meta name=\"twitter:label1\" content=\"Dur\u00e9e de lecture estim\u00e9e\" \/>\n\t<meta name=\"twitter:data1\" content=\"2 minutes\" \/>\n<script type=\"application\/ld+json\" class=\"yoast-schema-graph\">{\"@context\":\"https:\\\/\\\/schema.org\",\"@graph\":[{\"@type\":\"WebPage\",\"@id\":\"https:\\\/\\\/aufildespierres.com\\\/index.php\\\/product\\\/galet-opale-verte\\\/\",\"url\":\"https:\\\/\\\/aufildespierres.com\\\/index.php\\\/product\\\/galet-opale-verte\\\/\",\"name\":\"Galet Opale verte - Au fil des pierres\",\"isPartOf\":{\"@id\":\"https:\\\/\\\/aufildespierres.com\\\/#website\"},\"primaryImageOfPage\":{\"@id\":\"https:\\\/\\\/aufildespierres.com\\\/index.php\\\/product\\\/galet-opale-verte\\\/#primaryimage\"},\"image\":{\"@id\":\"https:\\\/\\\/aufildespierres.com\\\/index.php\\\/product\\\/galet-opale-verte\\\/#primaryimage\"},\"thumbnailUrl\":\"https:\\\/\\\/aufildespierres.com\\\/wp-content\\\/uploads\\\/2023\\\/12\\\/20250910_172842-scaled.jpg\",\"datePublished\":\"2023-12-13T10:37:17+00:00\",\"dateModified\":\"2025-09-11T13:10:17+00:00\",\"description\":\"\\\"Galet en opale verte naturelle, pierre apaisante qui favorise la r\u00e9g\u00e9n\u00e9ration \u00e9motionnelle, l\u2019\u00e9quilibre int\u00e9rieur et la s\u00e9r\u00e9nit\u00e9 en lithoth\u00e9rapie.\\\"\",\"breadcrumb\":{\"@id\":\"https:\\\/\\\/aufildespierres.com\\\/index.php\\\/product\\\/galet-opale-verte\\\/#breadcrumb\"},\"inLanguage\":\"fr-FR\",\"potentialAction\":[{\"@type\":\"ReadAction\",\"target\":[\"https:\\\/\\\/aufildespierres.com\\\/index.php\\\/product\\\/galet-opale-verte\\\/\"]}]},{\"@type\":\"ImageObject\",\"inLanguage\":\"fr-FR\",\"@id\":\"https:\\\/\\\/aufildespierres.com\\\/index.php\\\/product\\\/galet-opale-verte\\\/#primaryimage\",\"url\":\"https:\\\/\\\/aufildespierres.com\\\/wp-content\\\/uploads\\\/2023\\\/12\\\/20250910_172842-scaled.jpg\",\"contentUrl\":\"https:\\\/\\\/aufildespierres.com\\\/wp-content\\\/uploads\\\/2023\\\/12\\\/20250910_172842-scaled.jpg\",\"width\":2560,\"height\":1441},{\"@type\":\"BreadcrumbList\",\"@id\":\"https:\\\/\\\/aufildespierres.com\\\/index.php\\\/product\\\/galet-opale-verte\\\/#breadcrumb\",\"itemListElement\":[{\"@type\":\"ListItem\",\"position\":1,\"name\":\"Accueil\",\"item\":\"https:\\\/\\\/aufildespierres.com\\\/\"},{\"@type\":\"ListItem\",\"position\":2,\"name\":\"Boutique de Lithoth\u00e9rapie\",\"item\":\"https:\\\/\\\/aufildespierres.com\\\/index.php\\\/boutique-de-lithotherapie\\\/\"},{\"@type\":\"ListItem\",\"position\":3,\"name\":\"Galet Opale verte\"}]},{\"@type\":\"WebSite\",\"@id\":\"https:\\\/\\\/aufildespierres.com\\\/#website\",\"url\":\"https:\\\/\\\/aufildespierres.com\\\/\",\"name\":\"Au fil des pierres\",\"description\":\"Au fil des pierres\",\"publisher\":{\"@id\":\"https:\\\/\\\/aufildespierres.com\\\/#organization\"},\"potentialAction\":[{\"@type\":\"SearchAction\",\"target\":{\"@type\":\"EntryPoint\",\"urlTemplate\":\"https:\\\/\\\/aufildespierres.com\\\/?s={search_term_string}\"},\"query-input\":{\"@type\":\"PropertyValueSpecification\",\"valueRequired\":true,\"valueName\":\"search_term_string\"}}],\"inLanguage\":\"fr-FR\"},{\"@type\":\"Organization\",\"@id\":\"https:\\\/\\\/aufildespierres.com\\\/#organization\",\"name\":\"Au fil des pierres\",\"url\":\"https:\\\/\\\/aufildespierres.com\\\/\",\"logo\":{\"@type\":\"ImageObject\",\"inLanguage\":\"fr-FR\",\"@id\":\"https:\\\/\\\/aufildespierres.com\\\/#\\\/schema\\\/logo\\\/image\\\/\",\"url\":\"https:\\\/\\\/aufildespierres.com\\\/wp-content\\\/uploads\\\/2023\\\/05\\\/cropped-Logo-PNG-Transparent.png\",\"contentUrl\":\"https:\\\/\\\/aufildespierres.com\\\/wp-content\\\/uploads\\\/2023\\\/05\\\/cropped-Logo-PNG-Transparent.png\",\"width\":1776,\"height\":1625,\"caption\":\"Au fil des pierres\"},\"image\":{\"@id\":\"https:\\\/\\\/aufildespierres.com\\\/#\\\/schema\\\/logo\\\/image\\\/\"}}]}<\/script>\n<!-- \/ Yoast SEO plugin. -->","yoast_head_json":{"title":"Galet Opale verte - Au fil des pierres","description":"\"Galet en opale verte naturelle, pierre apaisante qui favorise la r\u00e9g\u00e9n\u00e9ration \u00e9motionnelle, l\u2019\u00e9quilibre int\u00e9rieur et la s\u00e9r\u00e9nit\u00e9 en lithoth\u00e9rapie.\"","robots":{"index":"index","follow":"follow","max-snippet":"max-snippet:-1","max-image-preview":"max-image-preview:large","max-video-preview":"max-video-preview:-1"},"canonical":"https:\/\/aufildespierres.com\/index.php\/product\/galet-opale-verte\/","og_locale":"fr_FR","og_type":"article","og_title":"Galet Opale verte - Au fil des pierres","og_description":"\"Galet en opale verte naturelle, pierre apaisante qui favorise la r\u00e9g\u00e9n\u00e9ration \u00e9motionnelle, l\u2019\u00e9quilibre int\u00e9rieur et la s\u00e9r\u00e9nit\u00e9 en lithoth\u00e9rapie.\"","og_url":"https:\/\/aufildespierres.com\/index.php\/product\/galet-opale-verte\/","og_site_name":"Au fil des pierres","article_modified_time":"2025-09-11T13:10:17+00:00","og_image":[{"width":2560,"height":1441,"url":"https:\/\/aufildespierres.com\/wp-content\/uploads\/2023\/12\/20250910_172842-scaled.jpg","type":"image\/jpeg"}],"twitter_card":"summary_large_image","twitter_misc":{"Dur\u00e9e de lecture estim\u00e9e":"2 minutes"},"schema":{"@context":"https:\/\/schema.org","@graph":[{"@type":"WebPage","@id":"https:\/\/aufildespierres.com\/index.php\/product\/galet-opale-verte\/","url":"https:\/\/aufildespierres.com\/index.php\/product\/galet-opale-verte\/","name":"Galet Opale verte - Au fil des pierres","isPartOf":{"@id":"https:\/\/aufildespierres.com\/#website"},"primaryImageOfPage":{"@id":"https:\/\/aufildespierres.com\/index.php\/product\/galet-opale-verte\/#primaryimage"},"image":{"@id":"https:\/\/aufildespierres.com\/index.php\/product\/galet-opale-verte\/#primaryimage"},"thumbnailUrl":"https:\/\/aufildespierres.com\/wp-content\/uploads\/2023\/12\/20250910_172842-scaled.jpg","datePublished":"2023-12-13T10:37:17+00:00","dateModified":"2025-09-11T13:10:17+00:00","description":"\"Galet en opale verte naturelle, pierre apaisante qui favorise la r\u00e9g\u00e9n\u00e9ration \u00e9motionnelle, l\u2019\u00e9quilibre int\u00e9rieur et la s\u00e9r\u00e9nit\u00e9 en lithoth\u00e9rapie.\"","breadcrumb":{"@id":"https:\/\/aufildespierres.com\/index.php\/product\/galet-opale-verte\/#breadcrumb"},"inLanguage":"fr-FR","potentialAction":[{"@type":"ReadAction","target":["https:\/\/aufildespierres.com\/index.php\/product\/galet-opale-verte\/"]}]},{"@type":"ImageObject","inLanguage":"fr-FR","@id":"https:\/\/aufildespierres.com\/index.php\/product\/galet-opale-verte\/#primaryimage","url":"https:\/\/aufildespierres.com\/wp-content\/uploads\/2023\/12\/20250910_172842-scaled.jpg","contentUrl":"https:\/\/aufildespierres.com\/wp-content\/uploads\/2023\/12\/20250910_172842-scaled.jpg","width":2560,"height":1441},{"@type":"BreadcrumbList","@id":"https:\/\/aufildespierres.com\/index.php\/product\/galet-opale-verte\/#breadcrumb","itemListElement":[{"@type":"ListItem","position":1,"name":"Accueil","item":"https:\/\/aufildespierres.com\/"},{"@type":"ListItem","position":2,"name":"Boutique de Lithoth\u00e9rapie","item":"https:\/\/aufildespierres.com\/index.php\/boutique-de-lithotherapie\/"},{"@type":"ListItem","position":3,"name":"Galet Opale verte"}]},{"@type":"WebSite","@id":"https:\/\/aufildespierres.com\/#website","url":"https:\/\/aufildespierres.com\/","name":"Au fil des pierres","description":"Au fil des pierres","publisher":{"@id":"https:\/\/aufildespierres.com\/#organization"},"potentialAction":[{"@type":"SearchAction","target":{"@type":"EntryPoint","urlTemplate":"https:\/\/aufildespierres.com\/?s={search_term_string}"},"query-input":{"@type":"PropertyValueSpecification","valueRequired":true,"valueName":"search_term_string"}}],"inLanguage":"fr-FR"},{"@type":"Organization","@id":"https:\/\/aufildespierres.com\/#organization","name":"Au fil des pierres","url":"https:\/\/aufildespierres.com\/","logo":{"@type":"ImageObject","inLanguage":"fr-FR","@id":"https:\/\/aufildespierres.com\/#\/schema\/logo\/image\/","url":"https:\/\/aufildespierres.com\/wp-content\/uploads\/2023\/05\/cropped-Logo-PNG-Transparent.png","contentUrl":"https:\/\/aufildespierres.com\/wp-content\/uploads\/2023\/05\/cropped-Logo-PNG-Transparent.png","width":1776,"height":1625,"caption":"Au fil des pierres"},"image":{"@id":"https:\/\/aufildespierres.com\/#\/schema\/logo\/image\/"}}]}},"_links":{"self":[{"href":"https:\/\/aufildespierres.com\/index.php\/wp-json\/wp\/v2\/product\/1719","targetHints":{"allow":["GET"]}}],"collection":[{"href":"https:\/\/aufildespierres.com\/index.php\/wp-json\/wp\/v2\/product"}],"about":[{"href":"https:\/\/aufildespierres.com\/index.php\/wp-json\/wp\/v2\/types\/product"}],"replies":[{"embeddable":true,"href":"https:\/\/aufildespierres.com\/index.php\/wp-json\/wp\/v2\/comments?post=1719"}],"wp:featuredmedia":[{"embeddable":true,"href":"https:\/\/aufildespierres.com\/index.php\/wp-json\/wp\/v2\/media\/4200"}],"wp:attachment":[{"href":"https:\/\/aufildespierres.com\/index.php\/wp-json\/wp\/v2\/media?parent=1719"}],"wp:term":[{"taxonomy":"product_brand","embeddable":true,"href":"https:\/\/aufildespierres.com\/index.php\/wp-json\/wp\/v2\/product_brand?post=1719"},{"taxonomy":"product_cat","embeddable":true,"href":"https:\/\/aufildespierres.com\/index.php\/wp-json\/wp\/v2\/product_cat?post=1719"},{"taxonomy":"product_tag","embeddable":true,"href":"https:\/\/aufildespierres.com\/index.php\/wp-json\/wp\/v2\/product_tag?post=1719"}],"curies":[{"name":"wp","href":"https:\/\/api.w.org\/{rel}","templated":true}]}}