{"id":1751,"date":"2023-12-15T17:31:58","date_gmt":"2023-12-15T16:31:58","guid":{"rendered":"https:\/\/aufildespierres.com\/?post_type=product&#038;p=1751"},"modified":"2024-09-06T18:47:58","modified_gmt":"2024-09-06T16:47:58","slug":"pendentif-en-aigue-marine-3","status":"publish","type":"product","link":"https:\/\/aufildespierres.com\/index.php\/product\/pendentif-en-aigue-marine-3\/","title":{"rendered":"Pendentif en AIGUE MARINE"},"content":{"rendered":"<p><strong>Petit pendentif en cristal d&rsquo;Aigue marine forme pointe\u00a0<\/strong><\/p>\n<p>B\u00e9li\u00e8re acier<\/p>\n<p>20 x 15 mm environ<\/p>\n<p><em>Propri\u00e9t\u00e9s psychiques\u00a0: <\/em><\/p>\n<ul>\n<li>Apporte force mentale, lumi\u00e8re et clart\u00e9 \u00e0 l&rsquo;esprit, aide \u00e0 se d\u00e9tendre<\/li>\n<li>Lib\u00e8re les comportements n\u00e9gatifs<\/li>\n<li>Conseill\u00e9e aux \u00e9tudiants avant un examen car elle stimule la m\u00e9moire et aide lors d&rsquo;un oral \u00e0 la prise de parole\u00a0; adapt\u00e9 aux femmes \u00e9motives et enfants excessifs .<\/li>\n<li>Favorise le l\u00e2cher prise et la relation aux autres saine, consolide les liens d&rsquo;un couple<\/li>\n<li>Aide les personnes sujettes aux crises de nerf, panique en apportant paix et s\u00e9r\u00e9nit\u00e9<\/li>\n<li>Favorise communication \u00e9coute et expression , clart\u00e9 des choix et expression envers les autres sans doutes et h\u00e9sitations , donne de l\u2019assurance aux timides<\/li>\n<li>Stimule amour, compassion et pardon en augmentant sensibilit\u00e9 et expressivit\u00e9<\/li>\n<\/ul>\n<p>Propri\u00e9t\u00e9s physiques\u00a0:<\/p>\n<ul>\n<li>Calme les inflammations du corps au niveau gorge et digestion, thyro\u00efde<\/li>\n<li>Soulage les probl\u00e8mes respiratoires, allergies, peau , \u00a0migraines oculaires.<\/li>\n<li>R\u00e9gule la circulation sanguine et diminue l&rsquo;hypertension<\/li>\n<li>L&rsquo;\u00e9lixir s&rsquo;utilise en soins externe contre ecz\u00e9ma, acn\u00e9<\/li>\n<li>Agit sur le syst\u00e8me respiratoire et ORL ( rhume ,irritations de la gorge )<\/li>\n<li>Facilite la circulation des liquides dans le corps ( soutient syst\u00e8me circulatoire et lymphatique )\u00a0. Diminue le mal de mer .<\/li>\n<\/ul>\n<p>Purification\u00a0et rechargement<\/p>\n<p>Trempage dans de l\u2019eau distill\u00e9e sal\u00e9e\u00a0; recharge au soleil ou sur druse de quartz<\/p>\n<p>Signes astrologiques\u00a0: Verseau\u00a0 Poissons Balance G\u00e9meaux<\/p>\n","protected":false},"excerpt":{"rendered":"<p>Petit pendentif en cristal d&rsquo;Aigue marine forme pointe\u00a0 B\u00e9li\u00e8re acier 20 x 15 mm environ Propri\u00e9t\u00e9s psychiques\u00a0: Apporte force mentale, lumi\u00e8re et clart\u00e9 \u00e0 l&rsquo;esprit, aide \u00e0 se d\u00e9tendre Lib\u00e8re les comportements n\u00e9gatifs Conseill\u00e9e aux \u00e9tudiants avant un examen car elle stimule la m\u00e9moire et aide lors d&rsquo;un oral \u00e0 la prise de parole\u00a0; adapt\u00e9 [&hellip;]<\/p>\n","protected":false},"featured_media":1752,"comment_status":"open","ping_status":"closed","template":"","meta":{"site-sidebar-layout":"default","site-content-layout":"","ast-site-content-layout":"default","site-content-style":"default","site-sidebar-style":"default","ast-global-header-display":"","ast-banner-title-visibility":"","ast-main-header-display":"","ast-hfb-above-header-display":"","ast-hfb-below-header-display":"","ast-hfb-mobile-header-display":"","site-post-title":"","ast-breadcrumbs-content":"","ast-featured-img":"","footer-sml-layout":"","ast-disable-related-posts":"","theme-transparent-header-meta":"default","adv-header-id-meta":"","stick-header-meta":"","header-above-stick-meta":"","header-main-stick-meta":"","header-below-stick-meta":"","astra-migrate-meta-layouts":"set","ast-page-background-enabled":"default","ast-page-background-meta":{"desktop":{"background-color":"var(--ast-global-color-4)","background-image":"","background-repeat":"repeat","background-position":"center center","background-size":"auto","background-attachment":"scroll","background-type":"","background-media":"","overlay-type":"","overlay-color":"","overlay-opacity":"","overlay-gradient":""},"tablet":{"background-color":"","background-image":"","background-repeat":"repeat","background-position":"center center","background-size":"auto","background-attachment":"scroll","background-type":"","background-media":"","overlay-type":"","overlay-color":"","overlay-opacity":"","overlay-gradient":""},"mobile":{"background-color":"","background-image":"","background-repeat":"repeat","background-position":"center center","background-size":"auto","background-attachment":"scroll","background-type":"","background-media":"","overlay-type":"","overlay-color":"","overlay-opacity":"","overlay-gradient":""}},"ast-content-background-meta":{"desktop":{"background-color":"var(--ast-global-color-5)","background-image":"","background-repeat":"repeat","background-position":"center center","background-size":"auto","background-attachment":"scroll","background-type":"","background-media":"","overlay-type":"","overlay-color":"","overlay-opacity":"","overlay-gradient":""},"tablet":{"background-color":"var(--ast-global-color-5)","background-image":"","background-repeat":"repeat","background-position":"center center","background-size":"auto","background-attachment":"scroll","background-type":"","background-media":"","overlay-type":"","overlay-color":"","overlay-opacity":"","overlay-gradient":""},"mobile":{"background-color":"var(--ast-global-color-5)","background-image":"","background-repeat":"repeat","background-position":"center center","background-size":"auto","background-attachment":"scroll","background-type":"","background-media":"","overlay-type":"","overlay-color":"","overlay-opacity":"","overlay-gradient":""}},"_glsr_average":0,"_glsr_ranking":0,"_glsr_reviews":0},"product_brand":[],"product_cat":[164,72,21],"product_tag":[],"class_list":{"0":"post-1751","1":"product","2":"type-product","3":"status-publish","4":"has-post-thumbnail","6":"product_cat-aigue-marine","7":"product_cat-bleu","8":"product_cat-pendentifs-de-lithotherapie","9":"desktop-align-left","10":"tablet-align-left","11":"mobile-align-left","13":"first","14":"instock","15":"purchasable","16":"product-type-simple"},"yoast_head":"<!-- This site is optimized with the Yoast SEO plugin v27.5 - https:\/\/yoast.com\/product\/yoast-seo-wordpress\/ -->\n<title>Pendentif en AIGUE MARINE - Au fil des pierres<\/title>\n<meta name=\"robots\" content=\"index, follow, max-snippet:-1, max-image-preview:large, max-video-preview:-1\" \/>\n<link rel=\"canonical\" href=\"https:\/\/aufildespierres.com\/index.php\/product\/pendentif-en-aigue-marine-3\/\" \/>\n<meta property=\"og:locale\" content=\"fr_FR\" \/>\n<meta property=\"og:type\" content=\"article\" \/>\n<meta property=\"og:title\" content=\"Pendentif en AIGUE MARINE - Au fil des pierres\" \/>\n<meta property=\"og:description\" content=\"Petit pendentif en cristal d&rsquo;Aigue marine forme pointe\u00a0 B\u00e9li\u00e8re acier 20 x 15 mm environ Propri\u00e9t\u00e9s psychiques\u00a0: Apporte force mentale, lumi\u00e8re et clart\u00e9 \u00e0 l&rsquo;esprit, aide \u00e0 se d\u00e9tendre Lib\u00e8re les comportements n\u00e9gatifs Conseill\u00e9e aux \u00e9tudiants avant un examen car elle stimule la m\u00e9moire et aide lors d&rsquo;un oral \u00e0 la prise de parole\u00a0; adapt\u00e9 [&hellip;]\" \/>\n<meta property=\"og:url\" content=\"https:\/\/aufildespierres.com\/index.php\/product\/pendentif-en-aigue-marine-3\/\" \/>\n<meta property=\"og:site_name\" content=\"Au fil des pierres\" \/>\n<meta property=\"article:modified_time\" content=\"2024-09-06T16:47:58+00:00\" \/>\n<meta property=\"og:image\" content=\"https:\/\/aufildespierres.com\/wp-content\/uploads\/2023\/12\/20231215_134657-scaled.jpg\" \/>\n\t<meta property=\"og:image:width\" content=\"2030\" \/>\n\t<meta property=\"og:image:height\" content=\"2560\" \/>\n\t<meta property=\"og:image:type\" content=\"image\/jpeg\" \/>\n<meta name=\"twitter:card\" content=\"summary_large_image\" \/>\n<meta name=\"twitter:label1\" content=\"Dur\u00e9e de lecture estim\u00e9e\" \/>\n\t<meta name=\"twitter:data1\" content=\"1 minute\" \/>\n<script type=\"application\/ld+json\" class=\"yoast-schema-graph\">{\"@context\":\"https:\\\/\\\/schema.org\",\"@graph\":[{\"@type\":\"WebPage\",\"@id\":\"https:\\\/\\\/aufildespierres.com\\\/index.php\\\/product\\\/pendentif-en-aigue-marine-3\\\/\",\"url\":\"https:\\\/\\\/aufildespierres.com\\\/index.php\\\/product\\\/pendentif-en-aigue-marine-3\\\/\",\"name\":\"Pendentif en AIGUE MARINE - Au fil des pierres\",\"isPartOf\":{\"@id\":\"https:\\\/\\\/aufildespierres.com\\\/#website\"},\"primaryImageOfPage\":{\"@id\":\"https:\\\/\\\/aufildespierres.com\\\/index.php\\\/product\\\/pendentif-en-aigue-marine-3\\\/#primaryimage\"},\"image\":{\"@id\":\"https:\\\/\\\/aufildespierres.com\\\/index.php\\\/product\\\/pendentif-en-aigue-marine-3\\\/#primaryimage\"},\"thumbnailUrl\":\"https:\\\/\\\/aufildespierres.com\\\/wp-content\\\/uploads\\\/2023\\\/12\\\/20231215_134657-scaled.jpg\",\"datePublished\":\"2023-12-15T16:31:58+00:00\",\"dateModified\":\"2024-09-06T16:47:58+00:00\",\"breadcrumb\":{\"@id\":\"https:\\\/\\\/aufildespierres.com\\\/index.php\\\/product\\\/pendentif-en-aigue-marine-3\\\/#breadcrumb\"},\"inLanguage\":\"fr-FR\",\"potentialAction\":[{\"@type\":\"ReadAction\",\"target\":[\"https:\\\/\\\/aufildespierres.com\\\/index.php\\\/product\\\/pendentif-en-aigue-marine-3\\\/\"]}]},{\"@type\":\"ImageObject\",\"inLanguage\":\"fr-FR\",\"@id\":\"https:\\\/\\\/aufildespierres.com\\\/index.php\\\/product\\\/pendentif-en-aigue-marine-3\\\/#primaryimage\",\"url\":\"https:\\\/\\\/aufildespierres.com\\\/wp-content\\\/uploads\\\/2023\\\/12\\\/20231215_134657-scaled.jpg\",\"contentUrl\":\"https:\\\/\\\/aufildespierres.com\\\/wp-content\\\/uploads\\\/2023\\\/12\\\/20231215_134657-scaled.jpg\",\"width\":2030,\"height\":2560},{\"@type\":\"BreadcrumbList\",\"@id\":\"https:\\\/\\\/aufildespierres.com\\\/index.php\\\/product\\\/pendentif-en-aigue-marine-3\\\/#breadcrumb\",\"itemListElement\":[{\"@type\":\"ListItem\",\"position\":1,\"name\":\"Accueil\",\"item\":\"https:\\\/\\\/aufildespierres.com\\\/\"},{\"@type\":\"ListItem\",\"position\":2,\"name\":\"Boutique de Lithoth\u00e9rapie\",\"item\":\"https:\\\/\\\/aufildespierres.com\\\/index.php\\\/boutique-de-lithotherapie\\\/\"},{\"@type\":\"ListItem\",\"position\":3,\"name\":\"Pendentif en AIGUE MARINE\"}]},{\"@type\":\"WebSite\",\"@id\":\"https:\\\/\\\/aufildespierres.com\\\/#website\",\"url\":\"https:\\\/\\\/aufildespierres.com\\\/\",\"name\":\"Au fil des pierres\",\"description\":\"Au fil des pierres\",\"publisher\":{\"@id\":\"https:\\\/\\\/aufildespierres.com\\\/#organization\"},\"potentialAction\":[{\"@type\":\"SearchAction\",\"target\":{\"@type\":\"EntryPoint\",\"urlTemplate\":\"https:\\\/\\\/aufildespierres.com\\\/?s={search_term_string}\"},\"query-input\":{\"@type\":\"PropertyValueSpecification\",\"valueRequired\":true,\"valueName\":\"search_term_string\"}}],\"inLanguage\":\"fr-FR\"},{\"@type\":\"Organization\",\"@id\":\"https:\\\/\\\/aufildespierres.com\\\/#organization\",\"name\":\"Au fil des pierres\",\"url\":\"https:\\\/\\\/aufildespierres.com\\\/\",\"logo\":{\"@type\":\"ImageObject\",\"inLanguage\":\"fr-FR\",\"@id\":\"https:\\\/\\\/aufildespierres.com\\\/#\\\/schema\\\/logo\\\/image\\\/\",\"url\":\"https:\\\/\\\/aufildespierres.com\\\/wp-content\\\/uploads\\\/2023\\\/05\\\/cropped-Logo-PNG-Transparent.png\",\"contentUrl\":\"https:\\\/\\\/aufildespierres.com\\\/wp-content\\\/uploads\\\/2023\\\/05\\\/cropped-Logo-PNG-Transparent.png\",\"width\":1776,\"height\":1625,\"caption\":\"Au fil des pierres\"},\"image\":{\"@id\":\"https:\\\/\\\/aufildespierres.com\\\/#\\\/schema\\\/logo\\\/image\\\/\"}}]}<\/script>\n<!-- \/ Yoast SEO plugin. -->","yoast_head_json":{"title":"Pendentif en AIGUE MARINE - Au fil des pierres","robots":{"index":"index","follow":"follow","max-snippet":"max-snippet:-1","max-image-preview":"max-image-preview:large","max-video-preview":"max-video-preview:-1"},"canonical":"https:\/\/aufildespierres.com\/index.php\/product\/pendentif-en-aigue-marine-3\/","og_locale":"fr_FR","og_type":"article","og_title":"Pendentif en AIGUE MARINE - Au fil des pierres","og_description":"Petit pendentif en cristal d&rsquo;Aigue marine forme pointe\u00a0 B\u00e9li\u00e8re acier 20 x 15 mm environ Propri\u00e9t\u00e9s psychiques\u00a0: Apporte force mentale, lumi\u00e8re et clart\u00e9 \u00e0 l&rsquo;esprit, aide \u00e0 se d\u00e9tendre Lib\u00e8re les comportements n\u00e9gatifs Conseill\u00e9e aux \u00e9tudiants avant un examen car elle stimule la m\u00e9moire et aide lors d&rsquo;un oral \u00e0 la prise de parole\u00a0; adapt\u00e9 [&hellip;]","og_url":"https:\/\/aufildespierres.com\/index.php\/product\/pendentif-en-aigue-marine-3\/","og_site_name":"Au fil des pierres","article_modified_time":"2024-09-06T16:47:58+00:00","og_image":[{"width":2030,"height":2560,"url":"https:\/\/aufildespierres.com\/wp-content\/uploads\/2023\/12\/20231215_134657-scaled.jpg","type":"image\/jpeg"}],"twitter_card":"summary_large_image","twitter_misc":{"Dur\u00e9e de lecture estim\u00e9e":"1 minute"},"schema":{"@context":"https:\/\/schema.org","@graph":[{"@type":"WebPage","@id":"https:\/\/aufildespierres.com\/index.php\/product\/pendentif-en-aigue-marine-3\/","url":"https:\/\/aufildespierres.com\/index.php\/product\/pendentif-en-aigue-marine-3\/","name":"Pendentif en AIGUE MARINE - Au fil des pierres","isPartOf":{"@id":"https:\/\/aufildespierres.com\/#website"},"primaryImageOfPage":{"@id":"https:\/\/aufildespierres.com\/index.php\/product\/pendentif-en-aigue-marine-3\/#primaryimage"},"image":{"@id":"https:\/\/aufildespierres.com\/index.php\/product\/pendentif-en-aigue-marine-3\/#primaryimage"},"thumbnailUrl":"https:\/\/aufildespierres.com\/wp-content\/uploads\/2023\/12\/20231215_134657-scaled.jpg","datePublished":"2023-12-15T16:31:58+00:00","dateModified":"2024-09-06T16:47:58+00:00","breadcrumb":{"@id":"https:\/\/aufildespierres.com\/index.php\/product\/pendentif-en-aigue-marine-3\/#breadcrumb"},"inLanguage":"fr-FR","potentialAction":[{"@type":"ReadAction","target":["https:\/\/aufildespierres.com\/index.php\/product\/pendentif-en-aigue-marine-3\/"]}]},{"@type":"ImageObject","inLanguage":"fr-FR","@id":"https:\/\/aufildespierres.com\/index.php\/product\/pendentif-en-aigue-marine-3\/#primaryimage","url":"https:\/\/aufildespierres.com\/wp-content\/uploads\/2023\/12\/20231215_134657-scaled.jpg","contentUrl":"https:\/\/aufildespierres.com\/wp-content\/uploads\/2023\/12\/20231215_134657-scaled.jpg","width":2030,"height":2560},{"@type":"BreadcrumbList","@id":"https:\/\/aufildespierres.com\/index.php\/product\/pendentif-en-aigue-marine-3\/#breadcrumb","itemListElement":[{"@type":"ListItem","position":1,"name":"Accueil","item":"https:\/\/aufildespierres.com\/"},{"@type":"ListItem","position":2,"name":"Boutique de Lithoth\u00e9rapie","item":"https:\/\/aufildespierres.com\/index.php\/boutique-de-lithotherapie\/"},{"@type":"ListItem","position":3,"name":"Pendentif en AIGUE MARINE"}]},{"@type":"WebSite","@id":"https:\/\/aufildespierres.com\/#website","url":"https:\/\/aufildespierres.com\/","name":"Au fil des pierres","description":"Au fil des pierres","publisher":{"@id":"https:\/\/aufildespierres.com\/#organization"},"potentialAction":[{"@type":"SearchAction","target":{"@type":"EntryPoint","urlTemplate":"https:\/\/aufildespierres.com\/?s={search_term_string}"},"query-input":{"@type":"PropertyValueSpecification","valueRequired":true,"valueName":"search_term_string"}}],"inLanguage":"fr-FR"},{"@type":"Organization","@id":"https:\/\/aufildespierres.com\/#organization","name":"Au fil des pierres","url":"https:\/\/aufildespierres.com\/","logo":{"@type":"ImageObject","inLanguage":"fr-FR","@id":"https:\/\/aufildespierres.com\/#\/schema\/logo\/image\/","url":"https:\/\/aufildespierres.com\/wp-content\/uploads\/2023\/05\/cropped-Logo-PNG-Transparent.png","contentUrl":"https:\/\/aufildespierres.com\/wp-content\/uploads\/2023\/05\/cropped-Logo-PNG-Transparent.png","width":1776,"height":1625,"caption":"Au fil des pierres"},"image":{"@id":"https:\/\/aufildespierres.com\/#\/schema\/logo\/image\/"}}]}},"_links":{"self":[{"href":"https:\/\/aufildespierres.com\/index.php\/wp-json\/wp\/v2\/product\/1751","targetHints":{"allow":["GET"]}}],"collection":[{"href":"https:\/\/aufildespierres.com\/index.php\/wp-json\/wp\/v2\/product"}],"about":[{"href":"https:\/\/aufildespierres.com\/index.php\/wp-json\/wp\/v2\/types\/product"}],"replies":[{"embeddable":true,"href":"https:\/\/aufildespierres.com\/index.php\/wp-json\/wp\/v2\/comments?post=1751"}],"wp:featuredmedia":[{"embeddable":true,"href":"https:\/\/aufildespierres.com\/index.php\/wp-json\/wp\/v2\/media\/1752"}],"wp:attachment":[{"href":"https:\/\/aufildespierres.com\/index.php\/wp-json\/wp\/v2\/media?parent=1751"}],"wp:term":[{"taxonomy":"product_brand","embeddable":true,"href":"https:\/\/aufildespierres.com\/index.php\/wp-json\/wp\/v2\/product_brand?post=1751"},{"taxonomy":"product_cat","embeddable":true,"href":"https:\/\/aufildespierres.com\/index.php\/wp-json\/wp\/v2\/product_cat?post=1751"},{"taxonomy":"product_tag","embeddable":true,"href":"https:\/\/aufildespierres.com\/index.php\/wp-json\/wp\/v2\/product_tag?post=1751"}],"curies":[{"name":"wp","href":"https:\/\/api.w.org\/{rel}","templated":true}]}}