{"id":1804,"date":"2023-12-24T11:33:37","date_gmt":"2023-12-24T10:33:37","guid":{"rendered":"https:\/\/aufildespierres.com\/?post_type=product&#038;p=1804"},"modified":"2026-04-09T21:27:22","modified_gmt":"2026-04-09T19:27:22","slug":"geode-damethyste-7","status":"publish","type":"product","link":"https:\/\/aufildespierres.com\/index.php\/product\/geode-damethyste-7\/","title":{"rendered":"G\u00e9ode d&rsquo;Am\u00e9thyste"},"content":{"rendered":"<p><strong>G\u00e9ode d&rsquo;Am\u00e9thyste\u00a0<\/strong><\/p>\n<p><strong>Provenance Uruguay\u00a0<\/strong><\/p>\n<p><strong>poids : 331 grammes\u00a0 qualit\u00e9 AA<\/strong><\/p>\n<p>Elle augmente les perceptions plus subtiles de l&rsquo;esprit comme la clairvoyance et les intuitions .<br \/>\nSi par contre vous \u00eates de nature tr\u00e8s r\u00eaveur , d\u00e9connect\u00e9 du r\u00e9el et que vous fuyez votre r\u00e9alit\u00e9 dans l&rsquo;imaginaire , que vous avez des manques de rep\u00e8res ou des difficult\u00e9s a concevoir vos propres exp\u00e9riences cette pierre ne vous sera pas favorable.<br \/>\nL&rsquo;am\u00e9thyste est tr\u00e8s connue pour ses g\u00e9odes qui outre leur beaut\u00e9 peuvent purifier une atmosph\u00e8re en diminuant les ondes \u00e9lectromagn\u00e9tiques et \u00e9nergies n\u00e9gatives ou attaque des esprits et all\u00e9ger des tensions.<br \/>\nLa g\u00e9ode d\u2019am\u00e9thyste permet de recharger les pierres violettes.<\/p>\n<p>Propri\u00e9t\u00e9s psychiques :<br \/>\n\u2022 Pierre de s\u00e9r\u00e9nit\u00e9, paix int\u00e9rieure et m\u00e9ditation qui calme les nerveux et col\u00e9reux<br \/>\n\u2022 Equilibre le mental, l\u2019\u00e9motionnel et le physique<br \/>\n\u2022 Eveille le spirituel , aide \u00e0 la concentration mentale et \u00e0 la prise de d\u00e9cision<br \/>\n\u2022 Renforce la volont\u00e9 et la confiance en soi et limite les esprits born\u00e9s<br \/>\n\u2022 Aide \u00e0 accepter ce qui est diff\u00e9rent et \u00e9tranger \u00e0 nous<br \/>\n\u2022 D\u00e9veloppe sagesse, humilit\u00e9 clart\u00e9 de l\u2019esprit<br \/>\n\u2022 Dissipe les peurs et phobies anxi\u00e9t\u00e9 et tristesse, col\u00e8re et chagrins<br \/>\n\u2022 Aide lors des deuils et s\u00e9parations ( accompagne les d\u00e9funts au passage d\u2019\u00e2me et aide les vivants a surmonter. Diminue col\u00e8re et tristesse en cas de rupture<br \/>\n\u2022 Travaille sur les pulsions et \u00e9motions causant des souffrances ; permet de se contr\u00f4ler lors d\u2019un r\u00e9gime ou sous d\u00e9pendance<br \/>\n\u2022 Adapt\u00e9e aux personnes impulsives et excessives, pierre de signe de feu.<br \/>\no Favorise les communications au sein d\u2019une relation<br \/>\no Stimule le pouvoir de s\u00e9duction et assurance<br \/>\no Consolide les liens d\u2019une relation existante et encourage la fid\u00e9lit\u00e9<br \/>\no Pour diminuer le stress en d\u00e9but de relation, all\u00e8ge les tensions psychiques et les \u00e9motions pour \u00eatre soi -m\u00eame et plus naturel .<br \/>\nPropri\u00e9t\u00e9s physiques :<br \/>\n\u2022 Peut Favoriser le sommeil si l&rsquo;insomnie est li\u00e9e \u00e0 une activit\u00e9 c\u00e9r\u00e9brale excessive, diminue les cauchemars . poser sur le chevet<br \/>\n\u2022 Calme les maux de t\u00eate et migraines, fatigue oculaire<br \/>\n\u2022 D\u00e9tends les muscles contract\u00e9s par le stress, dos nuque \u00e9paule<br \/>\n\u2022 Purifie une personne ou un lieu<br \/>\n\u2022 Utile pour m\u00e9tabolisme, syst\u00e8me immunitaire, nerveux et sympathique et circulatoire , tension musculaire, affections respiratoires.<br \/>\n\u2022 B\u00e9n\u00e9fique au c\u0153ur, estomac, dents, os foie et glandes endocrines, cicatrisation des tissus .<br \/>\n\u2022 Nettoie le sang et les fluides du corps<br \/>\n\u2022 Aide contre les compulsions et addictions (tabac , alcool) et les tocs ; elle nettoie le corps des mauvaises choses absorb\u00e9es mais aussi de nos mauvaises pens\u00e9es qui peuvent avoir un impact sur la digestion<br \/>\n\u2022 L\u2019\u00e9lixir aide contre ecz\u00e9ma et psoriasis et les taches de vieillesse<\/p>\n<p>&nbsp;<\/p>\n","protected":false},"excerpt":{"rendered":"<p>G\u00e9ode d&rsquo;Am\u00e9thyste\u00a0 Provenance Uruguay\u00a0 poids : 331 grammes\u00a0 qualit\u00e9 AA Elle augmente les perceptions plus subtiles de l&rsquo;esprit comme la clairvoyance et les intuitions . Si par contre vous \u00eates de nature tr\u00e8s r\u00eaveur , d\u00e9connect\u00e9 du r\u00e9el et que vous fuyez votre r\u00e9alit\u00e9 dans l&rsquo;imaginaire , que vous avez des manques de rep\u00e8res ou [&hellip;]<\/p>\n","protected":false},"featured_media":1805,"comment_status":"open","ping_status":"closed","template":"","meta":{"site-sidebar-layout":"default","site-content-layout":"","ast-site-content-layout":"default","site-content-style":"default","site-sidebar-style":"default","ast-global-header-display":"","ast-banner-title-visibility":"","ast-main-header-display":"","ast-hfb-above-header-display":"","ast-hfb-below-header-display":"","ast-hfb-mobile-header-display":"","site-post-title":"","ast-breadcrumbs-content":"","ast-featured-img":"","footer-sml-layout":"","ast-disable-related-posts":"","theme-transparent-header-meta":"default","adv-header-id-meta":"","stick-header-meta":"","header-above-stick-meta":"","header-main-stick-meta":"","header-below-stick-meta":"","astra-migrate-meta-layouts":"set","ast-page-background-enabled":"default","ast-page-background-meta":{"desktop":{"background-color":"var(--ast-global-color-4)","background-image":"","background-repeat":"repeat","background-position":"center center","background-size":"auto","background-attachment":"scroll","background-type":"","background-media":"","overlay-type":"","overlay-color":"","overlay-opacity":"","overlay-gradient":""},"tablet":{"background-color":"","background-image":"","background-repeat":"repeat","background-position":"center center","background-size":"auto","background-attachment":"scroll","background-type":"","background-media":"","overlay-type":"","overlay-color":"","overlay-opacity":"","overlay-gradient":""},"mobile":{"background-color":"","background-image":"","background-repeat":"repeat","background-position":"center center","background-size":"auto","background-attachment":"scroll","background-type":"","background-media":"","overlay-type":"","overlay-color":"","overlay-opacity":"","overlay-gradient":""}},"ast-content-background-meta":{"desktop":{"background-color":"var(--ast-global-color-5)","background-image":"","background-repeat":"repeat","background-position":"center center","background-size":"auto","background-attachment":"scroll","background-type":"","background-media":"","overlay-type":"","overlay-color":"","overlay-opacity":"","overlay-gradient":""},"tablet":{"background-color":"var(--ast-global-color-5)","background-image":"","background-repeat":"repeat","background-position":"center center","background-size":"auto","background-attachment":"scroll","background-type":"","background-media":"","overlay-type":"","overlay-color":"","overlay-opacity":"","overlay-gradient":""},"mobile":{"background-color":"var(--ast-global-color-5)","background-image":"","background-repeat":"repeat","background-position":"center center","background-size":"auto","background-attachment":"scroll","background-type":"","background-media":"","overlay-type":"","overlay-color":"","overlay-opacity":"","overlay-gradient":""}},"_glsr_average":0,"_glsr_ranking":0,"_glsr_reviews":0},"product_brand":[],"product_cat":[70,71,81,31,63,69],"product_tag":[],"class_list":{"0":"post-1804","1":"product","2":"type-product","3":"status-publish","4":"has-post-thumbnail","6":"product_cat-amethyste","7":"product_cat-communication","8":"product_cat-connexion-spirituelle","9":"product_cat-pierres-brutes","10":"product_cat-stress-angoisses","11":"product_cat-violet","12":"desktop-align-left","13":"tablet-align-left","14":"mobile-align-left","16":"first","17":"outofstock","18":"purchasable","19":"product-type-simple"},"yoast_head":"<!-- This site is optimized with the Yoast SEO plugin v27.4 - https:\/\/yoast.com\/product\/yoast-seo-wordpress\/ -->\n<title>G\u00e9ode d&#039;Am\u00e9thyste - Au fil des pierres<\/title>\n<meta name=\"robots\" content=\"index, follow, max-snippet:-1, max-image-preview:large, max-video-preview:-1\" \/>\n<link rel=\"canonical\" href=\"https:\/\/aufildespierres.com\/index.php\/product\/geode-damethyste-7\/\" \/>\n<meta property=\"og:locale\" content=\"fr_FR\" \/>\n<meta property=\"og:type\" content=\"article\" \/>\n<meta property=\"og:title\" content=\"G\u00e9ode d&#039;Am\u00e9thyste - Au fil des pierres\" \/>\n<meta property=\"og:description\" content=\"G\u00e9ode d&rsquo;Am\u00e9thyste\u00a0 Provenance Uruguay\u00a0 poids : 331 grammes\u00a0 qualit\u00e9 AA Elle augmente les perceptions plus subtiles de l&rsquo;esprit comme la clairvoyance et les intuitions . Si par contre vous \u00eates de nature tr\u00e8s r\u00eaveur , d\u00e9connect\u00e9 du r\u00e9el et que vous fuyez votre r\u00e9alit\u00e9 dans l&rsquo;imaginaire , que vous avez des manques de rep\u00e8res ou [&hellip;]\" \/>\n<meta property=\"og:url\" content=\"https:\/\/aufildespierres.com\/index.php\/product\/geode-damethyste-7\/\" \/>\n<meta property=\"og:site_name\" content=\"Au fil des pierres\" \/>\n<meta property=\"article:modified_time\" content=\"2026-04-09T19:27:22+00:00\" \/>\n<meta property=\"og:image\" content=\"https:\/\/aufildespierres.com\/wp-content\/uploads\/2023\/12\/20231224_100426-scaled.jpg\" \/>\n\t<meta property=\"og:image:width\" content=\"1920\" \/>\n\t<meta property=\"og:image:height\" content=\"2560\" \/>\n\t<meta property=\"og:image:type\" content=\"image\/jpeg\" \/>\n<meta name=\"twitter:card\" content=\"summary_large_image\" \/>\n<meta name=\"twitter:label1\" content=\"Dur\u00e9e de lecture estim\u00e9e\" \/>\n\t<meta name=\"twitter:data1\" content=\"3 minutes\" \/>\n<script type=\"application\/ld+json\" class=\"yoast-schema-graph\">{\"@context\":\"https:\\\/\\\/schema.org\",\"@graph\":[{\"@type\":\"WebPage\",\"@id\":\"https:\\\/\\\/aufildespierres.com\\\/index.php\\\/product\\\/geode-damethyste-7\\\/\",\"url\":\"https:\\\/\\\/aufildespierres.com\\\/index.php\\\/product\\\/geode-damethyste-7\\\/\",\"name\":\"G\u00e9ode d'Am\u00e9thyste - Au fil des pierres\",\"isPartOf\":{\"@id\":\"https:\\\/\\\/aufildespierres.com\\\/#website\"},\"primaryImageOfPage\":{\"@id\":\"https:\\\/\\\/aufildespierres.com\\\/index.php\\\/product\\\/geode-damethyste-7\\\/#primaryimage\"},\"image\":{\"@id\":\"https:\\\/\\\/aufildespierres.com\\\/index.php\\\/product\\\/geode-damethyste-7\\\/#primaryimage\"},\"thumbnailUrl\":\"https:\\\/\\\/aufildespierres.com\\\/wp-content\\\/uploads\\\/2023\\\/12\\\/20231224_100426-scaled.jpg\",\"datePublished\":\"2023-12-24T10:33:37+00:00\",\"dateModified\":\"2026-04-09T19:27:22+00:00\",\"breadcrumb\":{\"@id\":\"https:\\\/\\\/aufildespierres.com\\\/index.php\\\/product\\\/geode-damethyste-7\\\/#breadcrumb\"},\"inLanguage\":\"fr-FR\",\"potentialAction\":[{\"@type\":\"ReadAction\",\"target\":[\"https:\\\/\\\/aufildespierres.com\\\/index.php\\\/product\\\/geode-damethyste-7\\\/\"]}]},{\"@type\":\"ImageObject\",\"inLanguage\":\"fr-FR\",\"@id\":\"https:\\\/\\\/aufildespierres.com\\\/index.php\\\/product\\\/geode-damethyste-7\\\/#primaryimage\",\"url\":\"https:\\\/\\\/aufildespierres.com\\\/wp-content\\\/uploads\\\/2023\\\/12\\\/20231224_100426-scaled.jpg\",\"contentUrl\":\"https:\\\/\\\/aufildespierres.com\\\/wp-content\\\/uploads\\\/2023\\\/12\\\/20231224_100426-scaled.jpg\",\"width\":1920,\"height\":2560},{\"@type\":\"BreadcrumbList\",\"@id\":\"https:\\\/\\\/aufildespierres.com\\\/index.php\\\/product\\\/geode-damethyste-7\\\/#breadcrumb\",\"itemListElement\":[{\"@type\":\"ListItem\",\"position\":1,\"name\":\"Accueil\",\"item\":\"https:\\\/\\\/aufildespierres.com\\\/\"},{\"@type\":\"ListItem\",\"position\":2,\"name\":\"Boutique de Lithoth\u00e9rapie\",\"item\":\"https:\\\/\\\/aufildespierres.com\\\/index.php\\\/boutique-de-lithotherapie\\\/\"},{\"@type\":\"ListItem\",\"position\":3,\"name\":\"G\u00e9ode d&rsquo;Am\u00e9thyste\"}]},{\"@type\":\"WebSite\",\"@id\":\"https:\\\/\\\/aufildespierres.com\\\/#website\",\"url\":\"https:\\\/\\\/aufildespierres.com\\\/\",\"name\":\"Au fil des pierres\",\"description\":\"Au fil des pierres\",\"publisher\":{\"@id\":\"https:\\\/\\\/aufildespierres.com\\\/#organization\"},\"potentialAction\":[{\"@type\":\"SearchAction\",\"target\":{\"@type\":\"EntryPoint\",\"urlTemplate\":\"https:\\\/\\\/aufildespierres.com\\\/?s={search_term_string}\"},\"query-input\":{\"@type\":\"PropertyValueSpecification\",\"valueRequired\":true,\"valueName\":\"search_term_string\"}}],\"inLanguage\":\"fr-FR\"},{\"@type\":\"Organization\",\"@id\":\"https:\\\/\\\/aufildespierres.com\\\/#organization\",\"name\":\"Au fil des pierres\",\"url\":\"https:\\\/\\\/aufildespierres.com\\\/\",\"logo\":{\"@type\":\"ImageObject\",\"inLanguage\":\"fr-FR\",\"@id\":\"https:\\\/\\\/aufildespierres.com\\\/#\\\/schema\\\/logo\\\/image\\\/\",\"url\":\"https:\\\/\\\/aufildespierres.com\\\/wp-content\\\/uploads\\\/2023\\\/05\\\/cropped-Logo-PNG-Transparent.png\",\"contentUrl\":\"https:\\\/\\\/aufildespierres.com\\\/wp-content\\\/uploads\\\/2023\\\/05\\\/cropped-Logo-PNG-Transparent.png\",\"width\":1776,\"height\":1625,\"caption\":\"Au fil des pierres\"},\"image\":{\"@id\":\"https:\\\/\\\/aufildespierres.com\\\/#\\\/schema\\\/logo\\\/image\\\/\"}}]}<\/script>\n<!-- \/ Yoast SEO plugin. -->","yoast_head_json":{"title":"G\u00e9ode d'Am\u00e9thyste - Au fil des pierres","robots":{"index":"index","follow":"follow","max-snippet":"max-snippet:-1","max-image-preview":"max-image-preview:large","max-video-preview":"max-video-preview:-1"},"canonical":"https:\/\/aufildespierres.com\/index.php\/product\/geode-damethyste-7\/","og_locale":"fr_FR","og_type":"article","og_title":"G\u00e9ode d'Am\u00e9thyste - Au fil des pierres","og_description":"G\u00e9ode d&rsquo;Am\u00e9thyste\u00a0 Provenance Uruguay\u00a0 poids : 331 grammes\u00a0 qualit\u00e9 AA Elle augmente les perceptions plus subtiles de l&rsquo;esprit comme la clairvoyance et les intuitions . Si par contre vous \u00eates de nature tr\u00e8s r\u00eaveur , d\u00e9connect\u00e9 du r\u00e9el et que vous fuyez votre r\u00e9alit\u00e9 dans l&rsquo;imaginaire , que vous avez des manques de rep\u00e8res ou [&hellip;]","og_url":"https:\/\/aufildespierres.com\/index.php\/product\/geode-damethyste-7\/","og_site_name":"Au fil des pierres","article_modified_time":"2026-04-09T19:27:22+00:00","og_image":[{"width":1920,"height":2560,"url":"https:\/\/aufildespierres.com\/wp-content\/uploads\/2023\/12\/20231224_100426-scaled.jpg","type":"image\/jpeg"}],"twitter_card":"summary_large_image","twitter_misc":{"Dur\u00e9e de lecture estim\u00e9e":"3 minutes"},"schema":{"@context":"https:\/\/schema.org","@graph":[{"@type":"WebPage","@id":"https:\/\/aufildespierres.com\/index.php\/product\/geode-damethyste-7\/","url":"https:\/\/aufildespierres.com\/index.php\/product\/geode-damethyste-7\/","name":"G\u00e9ode d'Am\u00e9thyste - Au fil des pierres","isPartOf":{"@id":"https:\/\/aufildespierres.com\/#website"},"primaryImageOfPage":{"@id":"https:\/\/aufildespierres.com\/index.php\/product\/geode-damethyste-7\/#primaryimage"},"image":{"@id":"https:\/\/aufildespierres.com\/index.php\/product\/geode-damethyste-7\/#primaryimage"},"thumbnailUrl":"https:\/\/aufildespierres.com\/wp-content\/uploads\/2023\/12\/20231224_100426-scaled.jpg","datePublished":"2023-12-24T10:33:37+00:00","dateModified":"2026-04-09T19:27:22+00:00","breadcrumb":{"@id":"https:\/\/aufildespierres.com\/index.php\/product\/geode-damethyste-7\/#breadcrumb"},"inLanguage":"fr-FR","potentialAction":[{"@type":"ReadAction","target":["https:\/\/aufildespierres.com\/index.php\/product\/geode-damethyste-7\/"]}]},{"@type":"ImageObject","inLanguage":"fr-FR","@id":"https:\/\/aufildespierres.com\/index.php\/product\/geode-damethyste-7\/#primaryimage","url":"https:\/\/aufildespierres.com\/wp-content\/uploads\/2023\/12\/20231224_100426-scaled.jpg","contentUrl":"https:\/\/aufildespierres.com\/wp-content\/uploads\/2023\/12\/20231224_100426-scaled.jpg","width":1920,"height":2560},{"@type":"BreadcrumbList","@id":"https:\/\/aufildespierres.com\/index.php\/product\/geode-damethyste-7\/#breadcrumb","itemListElement":[{"@type":"ListItem","position":1,"name":"Accueil","item":"https:\/\/aufildespierres.com\/"},{"@type":"ListItem","position":2,"name":"Boutique de Lithoth\u00e9rapie","item":"https:\/\/aufildespierres.com\/index.php\/boutique-de-lithotherapie\/"},{"@type":"ListItem","position":3,"name":"G\u00e9ode d&rsquo;Am\u00e9thyste"}]},{"@type":"WebSite","@id":"https:\/\/aufildespierres.com\/#website","url":"https:\/\/aufildespierres.com\/","name":"Au fil des pierres","description":"Au fil des pierres","publisher":{"@id":"https:\/\/aufildespierres.com\/#organization"},"potentialAction":[{"@type":"SearchAction","target":{"@type":"EntryPoint","urlTemplate":"https:\/\/aufildespierres.com\/?s={search_term_string}"},"query-input":{"@type":"PropertyValueSpecification","valueRequired":true,"valueName":"search_term_string"}}],"inLanguage":"fr-FR"},{"@type":"Organization","@id":"https:\/\/aufildespierres.com\/#organization","name":"Au fil des pierres","url":"https:\/\/aufildespierres.com\/","logo":{"@type":"ImageObject","inLanguage":"fr-FR","@id":"https:\/\/aufildespierres.com\/#\/schema\/logo\/image\/","url":"https:\/\/aufildespierres.com\/wp-content\/uploads\/2023\/05\/cropped-Logo-PNG-Transparent.png","contentUrl":"https:\/\/aufildespierres.com\/wp-content\/uploads\/2023\/05\/cropped-Logo-PNG-Transparent.png","width":1776,"height":1625,"caption":"Au fil des pierres"},"image":{"@id":"https:\/\/aufildespierres.com\/#\/schema\/logo\/image\/"}}]}},"_links":{"self":[{"href":"https:\/\/aufildespierres.com\/index.php\/wp-json\/wp\/v2\/product\/1804","targetHints":{"allow":["GET"]}}],"collection":[{"href":"https:\/\/aufildespierres.com\/index.php\/wp-json\/wp\/v2\/product"}],"about":[{"href":"https:\/\/aufildespierres.com\/index.php\/wp-json\/wp\/v2\/types\/product"}],"replies":[{"embeddable":true,"href":"https:\/\/aufildespierres.com\/index.php\/wp-json\/wp\/v2\/comments?post=1804"}],"wp:featuredmedia":[{"embeddable":true,"href":"https:\/\/aufildespierres.com\/index.php\/wp-json\/wp\/v2\/media\/1805"}],"wp:attachment":[{"href":"https:\/\/aufildespierres.com\/index.php\/wp-json\/wp\/v2\/media?parent=1804"}],"wp:term":[{"taxonomy":"product_brand","embeddable":true,"href":"https:\/\/aufildespierres.com\/index.php\/wp-json\/wp\/v2\/product_brand?post=1804"},{"taxonomy":"product_cat","embeddable":true,"href":"https:\/\/aufildespierres.com\/index.php\/wp-json\/wp\/v2\/product_cat?post=1804"},{"taxonomy":"product_tag","embeddable":true,"href":"https:\/\/aufildespierres.com\/index.php\/wp-json\/wp\/v2\/product_tag?post=1804"}],"curies":[{"name":"wp","href":"https:\/\/api.w.org\/{rel}","templated":true}]}}