{"id":1810,"date":"2023-12-24T11:47:47","date_gmt":"2023-12-24T10:47:47","guid":{"rendered":"https:\/\/aufildespierres.com\/?post_type=product&#038;p=1810"},"modified":"2026-04-09T19:41:57","modified_gmt":"2026-04-09T17:41:57","slug":"geode-damethyste-8","status":"publish","type":"product","link":"https:\/\/aufildespierres.com\/index.php\/product\/geode-damethyste-8\/","title":{"rendered":"G\u00e9ode d&rsquo;Am\u00e9thyste"},"content":{"rendered":"<div class=\"relative basis-auto flex-col -mb-(--composer-overlap-px) pb-(--composer-overlap-px) [--composer-overlap-px:28px] grow flex\">\n<div class=\"flex flex-col text-sm\">\n<section class=\"text-token-text-primary w-full focus:outline-none [--shadow-height:45px] has-data-writing-block:pointer-events-none has-data-writing-block:-mt-(--shadow-height) has-data-writing-block:pt-(--shadow-height) [&amp;:has([data-writing-block])&gt;*]:pointer-events-auto scroll-mt-[calc(var(--header-height)+min(200px,max(70px,20svh)))]\" dir=\"auto\" data-turn-id=\"request-WEB:73da8b38-58e5-4b7e-bd06-e14a96fde916-9\" data-testid=\"conversation-turn-20\" data-scroll-anchor=\"true\" data-turn=\"assistant\">\n<div class=\"text-base my-auto mx-auto pb-10 [--thread-content-margin:var(--thread-content-margin-xs,calc(var(--spacing)*4))] @w-sm\/main:[--thread-content-margin:var(--thread-content-margin-sm,calc(var(--spacing)*6))] @w-lg\/main:[--thread-content-margin:var(--thread-content-margin-lg,calc(var(--spacing)*16))] px-(--thread-content-margin)\">\n<div class=\"[--thread-content-max-width:40rem] @w-lg\/main:[--thread-content-max-width:48rem] mx-auto max-w-(--thread-content-max-width) flex-1 group\/turn-messages focus-visible:outline-hidden relative flex w-full min-w-0 flex-col agent-turn\">\n<div class=\"flex max-w-full flex-col gap-4 grow\">\n<div class=\"min-h-8 text-message relative flex w-full flex-col items-end gap-2 text-start break-words whitespace-normal outline-none keyboard-focused:focus-ring [.text-message+&amp;]:mt-1\" dir=\"auto\" tabindex=\"0\" data-message-author-role=\"assistant\" data-message-id=\"ff3d56b2-6825-48bd-9413-ff1b0664d7dd\" data-message-model-slug=\"gpt-5-3\" data-turn-start-message=\"true\">\n<div class=\"flex w-full flex-col gap-1 empty:hidden\">\n<div class=\"markdown prose dark:prose-invert w-full wrap-break-word light markdown-new-styling\">\n<p data-start=\"0\" data-end=\"90\"><strong data-start=\"0\" data-end=\"90\">G\u00e9ode d\u2019Am\u00e9thyste<\/strong><\/p>\n<p data-start=\"0\" data-end=\"90\"><strong data-start=\"0\" data-end=\"90\">\u00a0pierre naturelle de purification et d\u2019\u00e9nergie spirituelle<\/strong><\/p>\n<p data-start=\"92\" data-end=\"353\">Cette g\u00e9ode d\u2019Am\u00e9thyste avec formation en \u201cfleur\u201d est une pi\u00e8ce naturelle exceptionnelle, provenant du Br\u00e9sil. De qualit\u00e9 AA, elle p\u00e8se 287 grammes et mesure environ 8 x 8 cm. Cette g\u00e9ode d\u2019Am\u00e9thyste s\u00e9duit par sa beaut\u00e9 unique et ses cristaux violets lumineux.<\/p>\n<p data-start=\"355\" data-end=\"668\">Tout d\u2019abord, la g\u00e9ode d\u2019Am\u00e9thyste est reconnue pour ses puissantes propri\u00e9t\u00e9s \u00e9nerg\u00e9tiques. Elle purifie l\u2019atmosph\u00e8re en absorbant les \u00e9nergies n\u00e9gatives et en r\u00e9duisant l\u2019impact des ondes \u00e9lectromagn\u00e9tiques. Ainsi, elle cr\u00e9e un environnement apaisant et harmonieux, id\u00e9al pour la maison ou un espace de travail.<\/p>\n<p data-start=\"670\" data-end=\"950\">Ensuite, cette pierre naturelle favorise les perceptions subtiles telles que l\u2019intuition et la clairvoyance. Elle accompagne \u00e9galement la m\u00e9ditation et l\u2019\u00e9veil spirituel. Par cons\u00e9quent, elle aide \u00e0 d\u00e9velopper une meilleure connexion \u00e0 soi et \u00e0 renforcer la concentration mentale.<\/p>\n<p data-start=\"952\" data-end=\"1211\">De plus, cette structure apporte s\u00e9r\u00e9nit\u00e9 et paix int\u00e9rieure. Elle calme les \u00e9motions fortes comme le stress, la col\u00e8re ou la tristesse. Elle \u00e9quilibre le mental, l\u2019\u00e9motionnel et le physique, tout en favorisant la clart\u00e9 d\u2019esprit et la prise de d\u00e9cision.<\/p>\n<p data-start=\"1213\" data-end=\"1475\">Par ailleurs, cette g\u00e9ode\u00a0 renforce la confiance en soi et aide \u00e0 d\u00e9passer les peurs et les blocages. Elle soutient \u00e9galement les p\u00e9riodes de transformation, comme les deuils ou les changements de vie, en apportant r\u00e9confort et stabilit\u00e9 \u00e9motionnelle.<\/p>\n<p data-start=\"1477\" data-end=\"1688\">Un autre atout important de la g\u00e9ode d\u2019Am\u00e9thyste est sa capacit\u00e9 \u00e0 recharger les pierres naturelles, notamment les pierres violettes. Elle devient ainsi un outil indispensable pour les amateurs de lithoth\u00e9rapie.<\/p>\n<p data-start=\"1690\" data-end=\"1897\">Sur le plan physique, elle favorise un sommeil r\u00e9parateur et aide \u00e0 soulager les maux de t\u00eate ainsi que les tensions musculaires. Elle soutient \u00e9galement le syst\u00e8me nerveux et contribue au bien-\u00eatre g\u00e9n\u00e9ral.<\/p>\n<p data-start=\"1899\" data-end=\"2062\">Enfin, cette g\u00e9ode d\u2019Am\u00e9thyste est id\u00e9ale en d\u00e9coration ou en pratique spirituelle. Chaque pi\u00e8ce est unique, avec des variations naturelles de forme et de couleur.<\/p>\n<p data-start=\"2064\" data-end=\"2251\" data-is-last-node=\"\" data-is-only-node=\"\">\n<\/div>\n<\/div>\n<\/div>\n<\/div>\n<div class=\"z-0 flex min-h-[46px] justify-start\"><\/div>\n<\/div>\n<\/div>\n<\/section>\n<\/div>\n<div class=\"pointer-events-none h-px w-px absolute bottom-0\" aria-hidden=\"true\" data-edge=\"true\"><\/div>\n<\/div>\n<div id=\"thread-bottom-container\" class=\"sticky bottom-0 z-10 group\/thread-bottom-container relative isolate w-full basis-auto has-data-has-thread-error:pt-2 has-data-has-thread-error:[box-shadow:var(--sharp-edge-bottom-shadow)] md:border-transparent md:pt-0 dark:border-white\/20 md:dark:border-transparent print:hidden content-fade single-line flex flex-col\">\n<div class=\"relative mx-auto h-0\">\n<div><\/div>\n<\/div>\n<div id=\"thread-bottom\">\n<div class=\"text-base mx-auto [--thread-content-margin:var(--thread-content-margin-xs,calc(var(--spacing)*4))] @w-sm\/main:[--thread-content-margin:var(--thread-content-margin-sm,calc(var(--spacing)*6))] @w-lg\/main:[--thread-content-margin:var(--thread-content-margin-lg,calc(var(--spacing)*16))] px-(--thread-content-margin)\">\n<div class=\"[--thread-content-max-width:40rem] @w-lg\/main:[--thread-content-max-width:48rem] mx-auto max-w-(--thread-content-max-width) flex-1 mb-[var(--thread-component-gap,1rem)]\">\n<div class=\"flex justify-center empty:hidden\"><\/div>\n<div class=\"pointer-events-auto relative z-1 flex h-(--composer-container-height,100%) max-w-full flex-(--composer-container-flex,1) flex-col\">\n<div class=\"absolute start-0 end-0 bottom-full -z-1\">\n<div class=\"relative h-full w-full\">\n<div class=\"mb-2 flex flex-col gap-3.5 pt-2\">\n<aside class=\"flex w-full items-start gap-4 rounded-3xl border py-4 ps-5 pe-3 text-sm [text-wrap:pretty] lg:mx-auto dark:border-transparent shadow-xxs md:items-center border-token-border-default bg-token-main-surface-primary text-token-text-primary dark:bg-token-main-surface-secondary\">\n<div class=\"flex h-full w-full gap-3 md:items-center\">\n<div class=\"flex grow flex-col md:flex-row md:items-center md:justify-between md:gap-8\">\n<div class=\"flex flex-col\">\n<h3 class=\"text-sm font-bold text-token-text-primary\"><\/h3>\n<\/div>\n<\/div>\n<\/div>\n<\/aside>\n<\/div>\n<\/div>\n<\/div>\n<\/div>\n<\/div>\n<\/div>\n<\/div>\n<\/div>\n","protected":false},"excerpt":{"rendered":"<p>G\u00e9ode d\u2019Am\u00e9thyste \u00a0pierre naturelle de purification et d\u2019\u00e9nergie spirituelle Cette g\u00e9ode d\u2019Am\u00e9thyste avec formation en \u201cfleur\u201d est une pi\u00e8ce naturelle exceptionnelle, provenant du Br\u00e9sil. De qualit\u00e9 AA, elle p\u00e8se 287 grammes et mesure environ 8 x 8 cm. Cette g\u00e9ode d\u2019Am\u00e9thyste s\u00e9duit par sa beaut\u00e9 unique et ses cristaux violets lumineux. Tout d\u2019abord, la g\u00e9ode [&hellip;]<\/p>\n","protected":false},"featured_media":1814,"comment_status":"open","ping_status":"closed","template":"","meta":{"site-sidebar-layout":"default","site-content-layout":"","ast-site-content-layout":"default","site-content-style":"default","site-sidebar-style":"default","ast-global-header-display":"","ast-banner-title-visibility":"","ast-main-header-display":"","ast-hfb-above-header-display":"","ast-hfb-below-header-display":"","ast-hfb-mobile-header-display":"","site-post-title":"","ast-breadcrumbs-content":"","ast-featured-img":"","footer-sml-layout":"","ast-disable-related-posts":"","theme-transparent-header-meta":"default","adv-header-id-meta":"","stick-header-meta":"","header-above-stick-meta":"","header-main-stick-meta":"","header-below-stick-meta":"","astra-migrate-meta-layouts":"set","ast-page-background-enabled":"default","ast-page-background-meta":{"desktop":{"background-color":"var(--ast-global-color-4)","background-image":"","background-repeat":"repeat","background-position":"center center","background-size":"auto","background-attachment":"scroll","background-type":"","background-media":"","overlay-type":"","overlay-color":"","overlay-opacity":"","overlay-gradient":""},"tablet":{"background-color":"","background-image":"","background-repeat":"repeat","background-position":"center center","background-size":"auto","background-attachment":"scroll","background-type":"","background-media":"","overlay-type":"","overlay-color":"","overlay-opacity":"","overlay-gradient":""},"mobile":{"background-color":"","background-image":"","background-repeat":"repeat","background-position":"center center","background-size":"auto","background-attachment":"scroll","background-type":"","background-media":"","overlay-type":"","overlay-color":"","overlay-opacity":"","overlay-gradient":""}},"ast-content-background-meta":{"desktop":{"background-color":"var(--ast-global-color-5)","background-image":"","background-repeat":"repeat","background-position":"center center","background-size":"auto","background-attachment":"scroll","background-type":"","background-media":"","overlay-type":"","overlay-color":"","overlay-opacity":"","overlay-gradient":""},"tablet":{"background-color":"var(--ast-global-color-5)","background-image":"","background-repeat":"repeat","background-position":"center center","background-size":"auto","background-attachment":"scroll","background-type":"","background-media":"","overlay-type":"","overlay-color":"","overlay-opacity":"","overlay-gradient":""},"mobile":{"background-color":"var(--ast-global-color-5)","background-image":"","background-repeat":"repeat","background-position":"center center","background-size":"auto","background-attachment":"scroll","background-type":"","background-media":"","overlay-type":"","overlay-color":"","overlay-opacity":"","overlay-gradient":""}},"_glsr_average":0,"_glsr_ranking":0,"_glsr_reviews":0},"product_brand":[],"product_cat":[15],"product_tag":[],"class_list":{"0":"post-1810","1":"product","2":"type-product","3":"status-publish","4":"has-post-thumbnail","6":"product_cat-tout","7":"desktop-align-left","8":"tablet-align-left","9":"mobile-align-left","11":"first","12":"instock","13":"purchasable","14":"product-type-simple"},"yoast_head":"<!-- This site is optimized with the Yoast SEO plugin v27.5 - https:\/\/yoast.com\/product\/yoast-seo-wordpress\/ -->\n<title>G\u00e9ode d&#039;Am\u00e9thyste - Au fil des pierres<\/title>\n<meta name=\"description\" content=\"G\u00e9ode d\u2019Am\u00e9thyste naturelle du Br\u00e9sil qualit\u00e9 AA. Cette g\u00e9ode d\u2019Am\u00e9thyste purifie les \u00e9nergies, favorise s\u00e9r\u00e9nit\u00e9, intuition et recharge les pierres au quotidien.\" \/>\n<meta name=\"robots\" content=\"index, follow, max-snippet:-1, max-image-preview:large, max-video-preview:-1\" \/>\n<link rel=\"canonical\" href=\"https:\/\/aufildespierres.com\/index.php\/product\/geode-damethyste-8\/\" \/>\n<meta property=\"og:locale\" content=\"fr_FR\" \/>\n<meta property=\"og:type\" content=\"article\" \/>\n<meta property=\"og:title\" content=\"G\u00e9ode d&#039;Am\u00e9thyste - Au fil des pierres\" \/>\n<meta property=\"og:description\" content=\"G\u00e9ode d\u2019Am\u00e9thyste naturelle du Br\u00e9sil qualit\u00e9 AA. Cette g\u00e9ode d\u2019Am\u00e9thyste purifie les \u00e9nergies, favorise s\u00e9r\u00e9nit\u00e9, intuition et recharge les pierres au quotidien.\" \/>\n<meta property=\"og:url\" content=\"https:\/\/aufildespierres.com\/index.php\/product\/geode-damethyste-8\/\" \/>\n<meta property=\"og:site_name\" content=\"Au fil des pierres\" \/>\n<meta property=\"article:modified_time\" content=\"2026-04-09T17:41:57+00:00\" \/>\n<meta property=\"og:image\" content=\"https:\/\/aufildespierres.com\/wp-content\/uploads\/2023\/12\/20231224_100647-scaled.jpg\" \/>\n\t<meta property=\"og:image:width\" content=\"1920\" \/>\n\t<meta property=\"og:image:height\" content=\"2560\" \/>\n\t<meta property=\"og:image:type\" content=\"image\/jpeg\" \/>\n<meta name=\"twitter:card\" content=\"summary_large_image\" \/>\n<meta name=\"twitter:label1\" content=\"Dur\u00e9e de lecture estim\u00e9e\" \/>\n\t<meta name=\"twitter:data1\" content=\"2 minutes\" \/>\n<script type=\"application\/ld+json\" class=\"yoast-schema-graph\">{\"@context\":\"https:\\\/\\\/schema.org\",\"@graph\":[{\"@type\":\"WebPage\",\"@id\":\"https:\\\/\\\/aufildespierres.com\\\/index.php\\\/product\\\/geode-damethyste-8\\\/\",\"url\":\"https:\\\/\\\/aufildespierres.com\\\/index.php\\\/product\\\/geode-damethyste-8\\\/\",\"name\":\"G\u00e9ode d'Am\u00e9thyste - Au fil des pierres\",\"isPartOf\":{\"@id\":\"https:\\\/\\\/aufildespierres.com\\\/#website\"},\"primaryImageOfPage\":{\"@id\":\"https:\\\/\\\/aufildespierres.com\\\/index.php\\\/product\\\/geode-damethyste-8\\\/#primaryimage\"},\"image\":{\"@id\":\"https:\\\/\\\/aufildespierres.com\\\/index.php\\\/product\\\/geode-damethyste-8\\\/#primaryimage\"},\"thumbnailUrl\":\"https:\\\/\\\/aufildespierres.com\\\/wp-content\\\/uploads\\\/2023\\\/12\\\/20231224_100647-scaled.jpg\",\"datePublished\":\"2023-12-24T10:47:47+00:00\",\"dateModified\":\"2026-04-09T17:41:57+00:00\",\"description\":\"G\u00e9ode d\u2019Am\u00e9thyste naturelle du Br\u00e9sil qualit\u00e9 AA. Cette g\u00e9ode d\u2019Am\u00e9thyste purifie les \u00e9nergies, favorise s\u00e9r\u00e9nit\u00e9, intuition et recharge les pierres au quotidien.\",\"breadcrumb\":{\"@id\":\"https:\\\/\\\/aufildespierres.com\\\/index.php\\\/product\\\/geode-damethyste-8\\\/#breadcrumb\"},\"inLanguage\":\"fr-FR\",\"potentialAction\":[{\"@type\":\"ReadAction\",\"target\":[\"https:\\\/\\\/aufildespierres.com\\\/index.php\\\/product\\\/geode-damethyste-8\\\/\"]}]},{\"@type\":\"ImageObject\",\"inLanguage\":\"fr-FR\",\"@id\":\"https:\\\/\\\/aufildespierres.com\\\/index.php\\\/product\\\/geode-damethyste-8\\\/#primaryimage\",\"url\":\"https:\\\/\\\/aufildespierres.com\\\/wp-content\\\/uploads\\\/2023\\\/12\\\/20231224_100647-scaled.jpg\",\"contentUrl\":\"https:\\\/\\\/aufildespierres.com\\\/wp-content\\\/uploads\\\/2023\\\/12\\\/20231224_100647-scaled.jpg\",\"width\":1920,\"height\":2560},{\"@type\":\"BreadcrumbList\",\"@id\":\"https:\\\/\\\/aufildespierres.com\\\/index.php\\\/product\\\/geode-damethyste-8\\\/#breadcrumb\",\"itemListElement\":[{\"@type\":\"ListItem\",\"position\":1,\"name\":\"Accueil\",\"item\":\"https:\\\/\\\/aufildespierres.com\\\/\"},{\"@type\":\"ListItem\",\"position\":2,\"name\":\"Boutique de Lithoth\u00e9rapie\",\"item\":\"https:\\\/\\\/aufildespierres.com\\\/index.php\\\/boutique-de-lithotherapie\\\/\"},{\"@type\":\"ListItem\",\"position\":3,\"name\":\"G\u00e9ode d&rsquo;Am\u00e9thyste\"}]},{\"@type\":\"WebSite\",\"@id\":\"https:\\\/\\\/aufildespierres.com\\\/#website\",\"url\":\"https:\\\/\\\/aufildespierres.com\\\/\",\"name\":\"Au fil des pierres\",\"description\":\"Au fil des pierres\",\"publisher\":{\"@id\":\"https:\\\/\\\/aufildespierres.com\\\/#organization\"},\"potentialAction\":[{\"@type\":\"SearchAction\",\"target\":{\"@type\":\"EntryPoint\",\"urlTemplate\":\"https:\\\/\\\/aufildespierres.com\\\/?s={search_term_string}\"},\"query-input\":{\"@type\":\"PropertyValueSpecification\",\"valueRequired\":true,\"valueName\":\"search_term_string\"}}],\"inLanguage\":\"fr-FR\"},{\"@type\":\"Organization\",\"@id\":\"https:\\\/\\\/aufildespierres.com\\\/#organization\",\"name\":\"Au fil des pierres\",\"url\":\"https:\\\/\\\/aufildespierres.com\\\/\",\"logo\":{\"@type\":\"ImageObject\",\"inLanguage\":\"fr-FR\",\"@id\":\"https:\\\/\\\/aufildespierres.com\\\/#\\\/schema\\\/logo\\\/image\\\/\",\"url\":\"https:\\\/\\\/aufildespierres.com\\\/wp-content\\\/uploads\\\/2023\\\/05\\\/cropped-Logo-PNG-Transparent.png\",\"contentUrl\":\"https:\\\/\\\/aufildespierres.com\\\/wp-content\\\/uploads\\\/2023\\\/05\\\/cropped-Logo-PNG-Transparent.png\",\"width\":1776,\"height\":1625,\"caption\":\"Au fil des pierres\"},\"image\":{\"@id\":\"https:\\\/\\\/aufildespierres.com\\\/#\\\/schema\\\/logo\\\/image\\\/\"}}]}<\/script>\n<!-- \/ Yoast SEO plugin. -->","yoast_head_json":{"title":"G\u00e9ode d'Am\u00e9thyste - Au fil des pierres","description":"G\u00e9ode d\u2019Am\u00e9thyste naturelle du Br\u00e9sil qualit\u00e9 AA. Cette g\u00e9ode d\u2019Am\u00e9thyste purifie les \u00e9nergies, favorise s\u00e9r\u00e9nit\u00e9, intuition et recharge les pierres au quotidien.","robots":{"index":"index","follow":"follow","max-snippet":"max-snippet:-1","max-image-preview":"max-image-preview:large","max-video-preview":"max-video-preview:-1"},"canonical":"https:\/\/aufildespierres.com\/index.php\/product\/geode-damethyste-8\/","og_locale":"fr_FR","og_type":"article","og_title":"G\u00e9ode d'Am\u00e9thyste - Au fil des pierres","og_description":"G\u00e9ode d\u2019Am\u00e9thyste naturelle du Br\u00e9sil qualit\u00e9 AA. Cette g\u00e9ode d\u2019Am\u00e9thyste purifie les \u00e9nergies, favorise s\u00e9r\u00e9nit\u00e9, intuition et recharge les pierres au quotidien.","og_url":"https:\/\/aufildespierres.com\/index.php\/product\/geode-damethyste-8\/","og_site_name":"Au fil des pierres","article_modified_time":"2026-04-09T17:41:57+00:00","og_image":[{"width":1920,"height":2560,"url":"https:\/\/aufildespierres.com\/wp-content\/uploads\/2023\/12\/20231224_100647-scaled.jpg","type":"image\/jpeg"}],"twitter_card":"summary_large_image","twitter_misc":{"Dur\u00e9e de lecture estim\u00e9e":"2 minutes"},"schema":{"@context":"https:\/\/schema.org","@graph":[{"@type":"WebPage","@id":"https:\/\/aufildespierres.com\/index.php\/product\/geode-damethyste-8\/","url":"https:\/\/aufildespierres.com\/index.php\/product\/geode-damethyste-8\/","name":"G\u00e9ode d'Am\u00e9thyste - Au fil des pierres","isPartOf":{"@id":"https:\/\/aufildespierres.com\/#website"},"primaryImageOfPage":{"@id":"https:\/\/aufildespierres.com\/index.php\/product\/geode-damethyste-8\/#primaryimage"},"image":{"@id":"https:\/\/aufildespierres.com\/index.php\/product\/geode-damethyste-8\/#primaryimage"},"thumbnailUrl":"https:\/\/aufildespierres.com\/wp-content\/uploads\/2023\/12\/20231224_100647-scaled.jpg","datePublished":"2023-12-24T10:47:47+00:00","dateModified":"2026-04-09T17:41:57+00:00","description":"G\u00e9ode d\u2019Am\u00e9thyste naturelle du Br\u00e9sil qualit\u00e9 AA. Cette g\u00e9ode d\u2019Am\u00e9thyste purifie les \u00e9nergies, favorise s\u00e9r\u00e9nit\u00e9, intuition et recharge les pierres au quotidien.","breadcrumb":{"@id":"https:\/\/aufildespierres.com\/index.php\/product\/geode-damethyste-8\/#breadcrumb"},"inLanguage":"fr-FR","potentialAction":[{"@type":"ReadAction","target":["https:\/\/aufildespierres.com\/index.php\/product\/geode-damethyste-8\/"]}]},{"@type":"ImageObject","inLanguage":"fr-FR","@id":"https:\/\/aufildespierres.com\/index.php\/product\/geode-damethyste-8\/#primaryimage","url":"https:\/\/aufildespierres.com\/wp-content\/uploads\/2023\/12\/20231224_100647-scaled.jpg","contentUrl":"https:\/\/aufildespierres.com\/wp-content\/uploads\/2023\/12\/20231224_100647-scaled.jpg","width":1920,"height":2560},{"@type":"BreadcrumbList","@id":"https:\/\/aufildespierres.com\/index.php\/product\/geode-damethyste-8\/#breadcrumb","itemListElement":[{"@type":"ListItem","position":1,"name":"Accueil","item":"https:\/\/aufildespierres.com\/"},{"@type":"ListItem","position":2,"name":"Boutique de Lithoth\u00e9rapie","item":"https:\/\/aufildespierres.com\/index.php\/boutique-de-lithotherapie\/"},{"@type":"ListItem","position":3,"name":"G\u00e9ode d&rsquo;Am\u00e9thyste"}]},{"@type":"WebSite","@id":"https:\/\/aufildespierres.com\/#website","url":"https:\/\/aufildespierres.com\/","name":"Au fil des pierres","description":"Au fil des pierres","publisher":{"@id":"https:\/\/aufildespierres.com\/#organization"},"potentialAction":[{"@type":"SearchAction","target":{"@type":"EntryPoint","urlTemplate":"https:\/\/aufildespierres.com\/?s={search_term_string}"},"query-input":{"@type":"PropertyValueSpecification","valueRequired":true,"valueName":"search_term_string"}}],"inLanguage":"fr-FR"},{"@type":"Organization","@id":"https:\/\/aufildespierres.com\/#organization","name":"Au fil des pierres","url":"https:\/\/aufildespierres.com\/","logo":{"@type":"ImageObject","inLanguage":"fr-FR","@id":"https:\/\/aufildespierres.com\/#\/schema\/logo\/image\/","url":"https:\/\/aufildespierres.com\/wp-content\/uploads\/2023\/05\/cropped-Logo-PNG-Transparent.png","contentUrl":"https:\/\/aufildespierres.com\/wp-content\/uploads\/2023\/05\/cropped-Logo-PNG-Transparent.png","width":1776,"height":1625,"caption":"Au fil des pierres"},"image":{"@id":"https:\/\/aufildespierres.com\/#\/schema\/logo\/image\/"}}]}},"_links":{"self":[{"href":"https:\/\/aufildespierres.com\/index.php\/wp-json\/wp\/v2\/product\/1810","targetHints":{"allow":["GET"]}}],"collection":[{"href":"https:\/\/aufildespierres.com\/index.php\/wp-json\/wp\/v2\/product"}],"about":[{"href":"https:\/\/aufildespierres.com\/index.php\/wp-json\/wp\/v2\/types\/product"}],"replies":[{"embeddable":true,"href":"https:\/\/aufildespierres.com\/index.php\/wp-json\/wp\/v2\/comments?post=1810"}],"wp:featuredmedia":[{"embeddable":true,"href":"https:\/\/aufildespierres.com\/index.php\/wp-json\/wp\/v2\/media\/1814"}],"wp:attachment":[{"href":"https:\/\/aufildespierres.com\/index.php\/wp-json\/wp\/v2\/media?parent=1810"}],"wp:term":[{"taxonomy":"product_brand","embeddable":true,"href":"https:\/\/aufildespierres.com\/index.php\/wp-json\/wp\/v2\/product_brand?post=1810"},{"taxonomy":"product_cat","embeddable":true,"href":"https:\/\/aufildespierres.com\/index.php\/wp-json\/wp\/v2\/product_cat?post=1810"},{"taxonomy":"product_tag","embeddable":true,"href":"https:\/\/aufildespierres.com\/index.php\/wp-json\/wp\/v2\/product_tag?post=1810"}],"curies":[{"name":"wp","href":"https:\/\/api.w.org\/{rel}","templated":true}]}}