{"id":1825,"date":"2024-01-01T12:05:17","date_gmt":"2024-01-01T11:05:17","guid":{"rendered":"https:\/\/aufildespierres.com\/?post_type=product&#038;p=1825"},"modified":"2025-09-10T13:16:47","modified_gmt":"2025-09-10T11:16:47","slug":"bracelet-apaisement-des-chocs-emotionnels","status":"publish","type":"product","link":"https:\/\/aufildespierres.com\/index.php\/product\/bracelet-apaisement-des-chocs-emotionnels\/","title":{"rendered":"Bracelet apaisement des chocs \u00e9motionnels"},"content":{"rendered":"<p>Bracelet en 8mm compos\u00e9 de<\/p>\n<p>8 pierres de Rhodonite<\/p>\n<p>6 pierres de Thulite couleur fonc\u00e9e<\/p>\n<p>6 pierres de Magn\u00e9site<\/p>\n<p>rondelles et strass couleur cuivre inoxydables<\/p>\n<p>Adapt\u00e9 pour un poignet de 17 cm . Me contacter pour une mesure diff\u00e9rente.<\/p>\n<p><u>Rhodonite :<\/u><\/p>\n<p><u>Propri\u00e9t\u00e9s psychiques : <\/u><\/p>\n<p>Apaise les chocs et traumas du pass\u00e9 et favorise l\u2019auto gu\u00e9rison<\/p>\n<ul>\n<li>Pierre de but, de g\u00e9n\u00e9rosit\u00e9 d&rsquo;esprit et d&rsquo;altruisme.<\/li>\n<li>Favorise le pardon et l\u2019amour pour apaiser une ancienne relation, elle agit sur les conflits, les non- dits, peurs, regrets.<\/li>\n<\/ul>\n<ul>\n<li>\u00a0Diminue la col\u00e8re, utile aux personnes nerveuses angoiss\u00e9es, ou ayant des trop plein \u00e9motionnels\u00a0; Aide \u00e0 se r\u00e9concilier avec autrui , \u00e0 maitriser ses \u00e9motions et les canaliser.<\/li>\n<\/ul>\n<ul>\n<li>Apporte confiance en soi, prise de recul et l\u00e2cher prise sur des \u00e9v\u00e8nements angoissants ou situation stressante, diminue les inqui\u00e9tudes .<\/li>\n<li>Calme les nerveux et emport\u00e9s, les sensibles et \u00e9motifs en favorisant \u00e9coute et tol\u00e9rance.<\/li>\n<li>Calme avant un examen ou un concours<\/li>\n<li>Favorise la conciliation et la r\u00e9solution de conflits, limite les craintes amoureuses apporte douceur et tendresse dans le couple. Prot\u00e8ge de la jalousie d\u2019autrui.<\/li>\n<\/ul>\n<ul>\n<li>Aide \u00e0 s\u2019accepter et se r\u00e9concilier avec soi, et d\u00e9gager une aura et un rayonnement personnel ce qui permettra une bonne configuration pour attirer une relation<\/li>\n<li>Soutient l\u2019estime de soi<\/li>\n<li>Renforce un couple existant et permet une relation profonde ou aide pour trouver l\u2019amour ou encourager une relation naissante (en augmentant les vibrations du chakra du c\u0153ur) favorise les rencontres amoureuses et ravive la capacit\u00e9 \u00e0 aimer et a revivre une passion<\/li>\n<\/ul>\n<p>Calme les exc\u00e8s, s\u00e9r\u00e9nit\u00e9 \u00e9quilibre confiance douceur et tendresse.<\/p>\n<p><u>Propri\u00e9t\u00e9s physiques\u00a0: <\/u><\/p>\n<ul>\n<li>Renforce le syst\u00e8me immunitaire et cardiaque ( accidents vasculaires ) et apaise les soucis li\u00e9s au stress ( digestif, cutan\u00e9)<\/li>\n<li>Soulage les tensions articulaires<\/li>\n<li>Favorise l&rsquo;endormissement.<\/li>\n<\/ul>\n<p><strong><em>THULITE : ( rose fonc\u00e9 )<\/em><\/strong><\/p>\n<p><em>Propri\u00e9t\u00e9s psychiques :<\/em><\/p>\n<ul>\n<li>Aide \u00e0 surmonter les \u00e9preuves de la vie en \u00e9vacuant les pens\u00e9es n\u00e9gatives, angoisses, tristesse, peurs, ins\u00e9curit\u00e9.<\/li>\n<li>Apaise les blessures \u00e9motionnelles comme un chagrin d&rsquo;amour ou des d\u00e9ceptions amoureuses.<\/li>\n<li>Aide \u00e0 se concentrer, se reconnecter \u00e0 son \u00eatre int\u00e9rieur, clarifier ses pens\u00e9es et exprimer ce qui p\u00e8se.<\/li>\n<li>Favorise les relations amiti\u00e9 comme amour.<\/li>\n<li>Adapt\u00e9e aux personnes ayant un mental trop actif pour diriger cette \u00e9nergie vers le c\u0153ur plut\u00f4t que dans l&rsquo;agitation stressante du mental.<\/li>\n<\/ul>\n<p><em>Propri\u00e9t\u00e9s physiques :<\/em><\/p>\n<ul>\n<li>Fluidifie et soutient la circulation sanguine<\/li>\n<li>Dynamise contre fatigue et apathie<\/li>\n<li>Stimule f\u00e9condit\u00e9, sexualit\u00e9 et agit sur les soucis li\u00e9s aux organes sexuels.<\/li>\n<li>Limite les ballonnements et flatulences.<\/li>\n<\/ul>\n<p><strong>Magn\u00e9site :<\/strong><\/p>\n<ul>\n<li>Pierre calmante qui att\u00e9nue les tensions nerveuses et musculaires<\/li>\n<li>Facilite expression et communication, soutient m\u00e9moire et attention<\/li>\n<li>Temp\u00e8re les exc\u00e8s \u00e9motionnels et angoisses<\/li>\n<li>D\u00e9toxifiant qui aide \u00e0 diminuer graisse et toxines du corps, utilis\u00e9e en appoint de r\u00e9gime car elle limite les compulsions et r\u00e9gule le magn\u00e9sium<\/li>\n<li>Soutient v\u00e9sicule biliaire et foie, soulage migraines, arthrose, spasmes et crampes, am\u00e9liore l&rsquo;\u00e9quilibre nerveux et fortifie les os.<\/li>\n<\/ul>\n<p>&nbsp;<\/p>\n","protected":false},"excerpt":{"rendered":"<p>Calmant \u00e9motionnel, tensions nerveuses, acceptation de soi<\/p>\n","protected":false},"featured_media":1831,"comment_status":"open","ping_status":"closed","template":"","meta":{"site-sidebar-layout":"default","site-content-layout":"","ast-site-content-layout":"default","site-content-style":"default","site-sidebar-style":"default","ast-global-header-display":"","ast-banner-title-visibility":"","ast-main-header-display":"","ast-hfb-above-header-display":"","ast-hfb-below-header-display":"","ast-hfb-mobile-header-display":"","site-post-title":"","ast-breadcrumbs-content":"","ast-featured-img":"","footer-sml-layout":"","ast-disable-related-posts":"","theme-transparent-header-meta":"default","adv-header-id-meta":"","stick-header-meta":"","header-above-stick-meta":"","header-main-stick-meta":"","header-below-stick-meta":"","astra-migrate-meta-layouts":"set","ast-page-background-enabled":"default","ast-page-background-meta":{"desktop":{"background-color":"var(--ast-global-color-4)","background-image":"","background-repeat":"repeat","background-position":"center center","background-size":"auto","background-attachment":"scroll","background-type":"","background-media":"","overlay-type":"","overlay-color":"","overlay-opacity":"","overlay-gradient":""},"tablet":{"background-color":"","background-image":"","background-repeat":"repeat","background-position":"center center","background-size":"auto","background-attachment":"scroll","background-type":"","background-media":"","overlay-type":"","overlay-color":"","overlay-opacity":"","overlay-gradient":""},"mobile":{"background-color":"","background-image":"","background-repeat":"repeat","background-position":"center center","background-size":"auto","background-attachment":"scroll","background-type":"","background-media":"","overlay-type":"","overlay-color":"","overlay-opacity":"","overlay-gradient":""}},"ast-content-background-meta":{"desktop":{"background-color":"var(--ast-global-color-5)","background-image":"","background-repeat":"repeat","background-position":"center center","background-size":"auto","background-attachment":"scroll","background-type":"","background-media":"","overlay-type":"","overlay-color":"","overlay-opacity":"","overlay-gradient":""},"tablet":{"background-color":"var(--ast-global-color-5)","background-image":"","background-repeat":"repeat","background-position":"center center","background-size":"auto","background-attachment":"scroll","background-type":"","background-media":"","overlay-type":"","overlay-color":"","overlay-opacity":"","overlay-gradient":""},"mobile":{"background-color":"var(--ast-global-color-5)","background-image":"","background-repeat":"repeat","background-position":"center center","background-size":"auto","background-attachment":"scroll","background-type":"","background-media":"","overlay-type":"","overlay-color":"","overlay-opacity":"","overlay-gradient":""}},"_glsr_average":0,"_glsr_ranking":0,"_glsr_reviews":0},"product_brand":[],"product_cat":[54,67,56,290,49,90,65,63,215],"product_tag":[],"class_list":{"0":"post-1825","1":"product","2":"type-product","3":"status-publish","4":"has-post-thumbnail","6":"product_cat-8-mm","7":"product_cat-blanc","8":"product_cat-bracelets-de-lithotherapie","9":"product_cat-bracelets-de-lithotherapie-femmes","10":"product_cat-confiance-en-soi","11":"product_cat-rhodonite","12":"product_cat-rose","13":"product_cat-stress-angoisses","14":"product_cat-thulite","15":"desktop-align-left","16":"tablet-align-left","17":"mobile-align-left","19":"first","20":"instock","21":"purchasable","22":"product-type-simple"},"yoast_head":"<!-- This site is optimized with the Yoast SEO plugin v27.5 - https:\/\/yoast.com\/product\/yoast-seo-wordpress\/ -->\n<title>Bracelet apaisement des chocs \u00e9motionnels - Au fil des pierres<\/title>\n<meta name=\"robots\" content=\"index, follow, max-snippet:-1, max-image-preview:large, max-video-preview:-1\" \/>\n<link rel=\"canonical\" href=\"https:\/\/aufildespierres.com\/index.php\/product\/bracelet-apaisement-des-chocs-emotionnels\/\" \/>\n<meta property=\"og:locale\" content=\"fr_FR\" \/>\n<meta property=\"og:type\" content=\"article\" \/>\n<meta property=\"og:title\" content=\"Bracelet apaisement des chocs \u00e9motionnels - Au fil des pierres\" \/>\n<meta property=\"og:description\" content=\"Calmant \u00e9motionnel, tensions nerveuses, acceptation de soi\" \/>\n<meta property=\"og:url\" content=\"https:\/\/aufildespierres.com\/index.php\/product\/bracelet-apaisement-des-chocs-emotionnels\/\" \/>\n<meta property=\"og:site_name\" content=\"Au fil des pierres\" \/>\n<meta property=\"article:modified_time\" content=\"2025-09-10T11:16:47+00:00\" \/>\n<meta property=\"og:image\" content=\"https:\/\/aufildespierres.com\/wp-content\/uploads\/2024\/01\/20240101_113846-scaled.jpg\" \/>\n\t<meta property=\"og:image:width\" content=\"2295\" \/>\n\t<meta property=\"og:image:height\" content=\"2560\" \/>\n\t<meta property=\"og:image:type\" content=\"image\/jpeg\" \/>\n<meta name=\"twitter:card\" content=\"summary_large_image\" \/>\n<meta name=\"twitter:label1\" content=\"Dur\u00e9e de lecture estim\u00e9e\" \/>\n\t<meta name=\"twitter:data1\" content=\"3 minutes\" \/>\n<script type=\"application\/ld+json\" class=\"yoast-schema-graph\">{\"@context\":\"https:\\\/\\\/schema.org\",\"@graph\":[{\"@type\":\"WebPage\",\"@id\":\"https:\\\/\\\/aufildespierres.com\\\/index.php\\\/product\\\/bracelet-apaisement-des-chocs-emotionnels\\\/\",\"url\":\"https:\\\/\\\/aufildespierres.com\\\/index.php\\\/product\\\/bracelet-apaisement-des-chocs-emotionnels\\\/\",\"name\":\"Bracelet apaisement des chocs \u00e9motionnels - Au fil des pierres\",\"isPartOf\":{\"@id\":\"https:\\\/\\\/aufildespierres.com\\\/#website\"},\"primaryImageOfPage\":{\"@id\":\"https:\\\/\\\/aufildespierres.com\\\/index.php\\\/product\\\/bracelet-apaisement-des-chocs-emotionnels\\\/#primaryimage\"},\"image\":{\"@id\":\"https:\\\/\\\/aufildespierres.com\\\/index.php\\\/product\\\/bracelet-apaisement-des-chocs-emotionnels\\\/#primaryimage\"},\"thumbnailUrl\":\"https:\\\/\\\/aufildespierres.com\\\/wp-content\\\/uploads\\\/2024\\\/01\\\/20240101_113846-scaled.jpg\",\"datePublished\":\"2024-01-01T11:05:17+00:00\",\"dateModified\":\"2025-09-10T11:16:47+00:00\",\"breadcrumb\":{\"@id\":\"https:\\\/\\\/aufildespierres.com\\\/index.php\\\/product\\\/bracelet-apaisement-des-chocs-emotionnels\\\/#breadcrumb\"},\"inLanguage\":\"fr-FR\",\"potentialAction\":[{\"@type\":\"ReadAction\",\"target\":[\"https:\\\/\\\/aufildespierres.com\\\/index.php\\\/product\\\/bracelet-apaisement-des-chocs-emotionnels\\\/\"]}]},{\"@type\":\"ImageObject\",\"inLanguage\":\"fr-FR\",\"@id\":\"https:\\\/\\\/aufildespierres.com\\\/index.php\\\/product\\\/bracelet-apaisement-des-chocs-emotionnels\\\/#primaryimage\",\"url\":\"https:\\\/\\\/aufildespierres.com\\\/wp-content\\\/uploads\\\/2024\\\/01\\\/20240101_113846-scaled.jpg\",\"contentUrl\":\"https:\\\/\\\/aufildespierres.com\\\/wp-content\\\/uploads\\\/2024\\\/01\\\/20240101_113846-scaled.jpg\",\"width\":2295,\"height\":2560},{\"@type\":\"BreadcrumbList\",\"@id\":\"https:\\\/\\\/aufildespierres.com\\\/index.php\\\/product\\\/bracelet-apaisement-des-chocs-emotionnels\\\/#breadcrumb\",\"itemListElement\":[{\"@type\":\"ListItem\",\"position\":1,\"name\":\"Accueil\",\"item\":\"https:\\\/\\\/aufildespierres.com\\\/\"},{\"@type\":\"ListItem\",\"position\":2,\"name\":\"Boutique de Lithoth\u00e9rapie\",\"item\":\"https:\\\/\\\/aufildespierres.com\\\/index.php\\\/boutique-de-lithotherapie\\\/\"},{\"@type\":\"ListItem\",\"position\":3,\"name\":\"Bracelet apaisement des chocs \u00e9motionnels\"}]},{\"@type\":\"WebSite\",\"@id\":\"https:\\\/\\\/aufildespierres.com\\\/#website\",\"url\":\"https:\\\/\\\/aufildespierres.com\\\/\",\"name\":\"Au fil des pierres\",\"description\":\"Au fil des pierres\",\"publisher\":{\"@id\":\"https:\\\/\\\/aufildespierres.com\\\/#organization\"},\"potentialAction\":[{\"@type\":\"SearchAction\",\"target\":{\"@type\":\"EntryPoint\",\"urlTemplate\":\"https:\\\/\\\/aufildespierres.com\\\/?s={search_term_string}\"},\"query-input\":{\"@type\":\"PropertyValueSpecification\",\"valueRequired\":true,\"valueName\":\"search_term_string\"}}],\"inLanguage\":\"fr-FR\"},{\"@type\":\"Organization\",\"@id\":\"https:\\\/\\\/aufildespierres.com\\\/#organization\",\"name\":\"Au fil des pierres\",\"url\":\"https:\\\/\\\/aufildespierres.com\\\/\",\"logo\":{\"@type\":\"ImageObject\",\"inLanguage\":\"fr-FR\",\"@id\":\"https:\\\/\\\/aufildespierres.com\\\/#\\\/schema\\\/logo\\\/image\\\/\",\"url\":\"https:\\\/\\\/aufildespierres.com\\\/wp-content\\\/uploads\\\/2023\\\/05\\\/cropped-Logo-PNG-Transparent.png\",\"contentUrl\":\"https:\\\/\\\/aufildespierres.com\\\/wp-content\\\/uploads\\\/2023\\\/05\\\/cropped-Logo-PNG-Transparent.png\",\"width\":1776,\"height\":1625,\"caption\":\"Au fil des pierres\"},\"image\":{\"@id\":\"https:\\\/\\\/aufildespierres.com\\\/#\\\/schema\\\/logo\\\/image\\\/\"}}]}<\/script>\n<!-- \/ Yoast SEO plugin. -->","yoast_head_json":{"title":"Bracelet apaisement des chocs \u00e9motionnels - Au fil des pierres","robots":{"index":"index","follow":"follow","max-snippet":"max-snippet:-1","max-image-preview":"max-image-preview:large","max-video-preview":"max-video-preview:-1"},"canonical":"https:\/\/aufildespierres.com\/index.php\/product\/bracelet-apaisement-des-chocs-emotionnels\/","og_locale":"fr_FR","og_type":"article","og_title":"Bracelet apaisement des chocs \u00e9motionnels - Au fil des pierres","og_description":"Calmant \u00e9motionnel, tensions nerveuses, acceptation de soi","og_url":"https:\/\/aufildespierres.com\/index.php\/product\/bracelet-apaisement-des-chocs-emotionnels\/","og_site_name":"Au fil des pierres","article_modified_time":"2025-09-10T11:16:47+00:00","og_image":[{"width":2295,"height":2560,"url":"https:\/\/aufildespierres.com\/wp-content\/uploads\/2024\/01\/20240101_113846-scaled.jpg","type":"image\/jpeg"}],"twitter_card":"summary_large_image","twitter_misc":{"Dur\u00e9e de lecture estim\u00e9e":"3 minutes"},"schema":{"@context":"https:\/\/schema.org","@graph":[{"@type":"WebPage","@id":"https:\/\/aufildespierres.com\/index.php\/product\/bracelet-apaisement-des-chocs-emotionnels\/","url":"https:\/\/aufildespierres.com\/index.php\/product\/bracelet-apaisement-des-chocs-emotionnels\/","name":"Bracelet apaisement des chocs \u00e9motionnels - Au fil des pierres","isPartOf":{"@id":"https:\/\/aufildespierres.com\/#website"},"primaryImageOfPage":{"@id":"https:\/\/aufildespierres.com\/index.php\/product\/bracelet-apaisement-des-chocs-emotionnels\/#primaryimage"},"image":{"@id":"https:\/\/aufildespierres.com\/index.php\/product\/bracelet-apaisement-des-chocs-emotionnels\/#primaryimage"},"thumbnailUrl":"https:\/\/aufildespierres.com\/wp-content\/uploads\/2024\/01\/20240101_113846-scaled.jpg","datePublished":"2024-01-01T11:05:17+00:00","dateModified":"2025-09-10T11:16:47+00:00","breadcrumb":{"@id":"https:\/\/aufildespierres.com\/index.php\/product\/bracelet-apaisement-des-chocs-emotionnels\/#breadcrumb"},"inLanguage":"fr-FR","potentialAction":[{"@type":"ReadAction","target":["https:\/\/aufildespierres.com\/index.php\/product\/bracelet-apaisement-des-chocs-emotionnels\/"]}]},{"@type":"ImageObject","inLanguage":"fr-FR","@id":"https:\/\/aufildespierres.com\/index.php\/product\/bracelet-apaisement-des-chocs-emotionnels\/#primaryimage","url":"https:\/\/aufildespierres.com\/wp-content\/uploads\/2024\/01\/20240101_113846-scaled.jpg","contentUrl":"https:\/\/aufildespierres.com\/wp-content\/uploads\/2024\/01\/20240101_113846-scaled.jpg","width":2295,"height":2560},{"@type":"BreadcrumbList","@id":"https:\/\/aufildespierres.com\/index.php\/product\/bracelet-apaisement-des-chocs-emotionnels\/#breadcrumb","itemListElement":[{"@type":"ListItem","position":1,"name":"Accueil","item":"https:\/\/aufildespierres.com\/"},{"@type":"ListItem","position":2,"name":"Boutique de Lithoth\u00e9rapie","item":"https:\/\/aufildespierres.com\/index.php\/boutique-de-lithotherapie\/"},{"@type":"ListItem","position":3,"name":"Bracelet apaisement des chocs \u00e9motionnels"}]},{"@type":"WebSite","@id":"https:\/\/aufildespierres.com\/#website","url":"https:\/\/aufildespierres.com\/","name":"Au fil des pierres","description":"Au fil des pierres","publisher":{"@id":"https:\/\/aufildespierres.com\/#organization"},"potentialAction":[{"@type":"SearchAction","target":{"@type":"EntryPoint","urlTemplate":"https:\/\/aufildespierres.com\/?s={search_term_string}"},"query-input":{"@type":"PropertyValueSpecification","valueRequired":true,"valueName":"search_term_string"}}],"inLanguage":"fr-FR"},{"@type":"Organization","@id":"https:\/\/aufildespierres.com\/#organization","name":"Au fil des pierres","url":"https:\/\/aufildespierres.com\/","logo":{"@type":"ImageObject","inLanguage":"fr-FR","@id":"https:\/\/aufildespierres.com\/#\/schema\/logo\/image\/","url":"https:\/\/aufildespierres.com\/wp-content\/uploads\/2023\/05\/cropped-Logo-PNG-Transparent.png","contentUrl":"https:\/\/aufildespierres.com\/wp-content\/uploads\/2023\/05\/cropped-Logo-PNG-Transparent.png","width":1776,"height":1625,"caption":"Au fil des pierres"},"image":{"@id":"https:\/\/aufildespierres.com\/#\/schema\/logo\/image\/"}}]}},"_links":{"self":[{"href":"https:\/\/aufildespierres.com\/index.php\/wp-json\/wp\/v2\/product\/1825","targetHints":{"allow":["GET"]}}],"collection":[{"href":"https:\/\/aufildespierres.com\/index.php\/wp-json\/wp\/v2\/product"}],"about":[{"href":"https:\/\/aufildespierres.com\/index.php\/wp-json\/wp\/v2\/types\/product"}],"replies":[{"embeddable":true,"href":"https:\/\/aufildespierres.com\/index.php\/wp-json\/wp\/v2\/comments?post=1825"}],"wp:featuredmedia":[{"embeddable":true,"href":"https:\/\/aufildespierres.com\/index.php\/wp-json\/wp\/v2\/media\/1831"}],"wp:attachment":[{"href":"https:\/\/aufildespierres.com\/index.php\/wp-json\/wp\/v2\/media?parent=1825"}],"wp:term":[{"taxonomy":"product_brand","embeddable":true,"href":"https:\/\/aufildespierres.com\/index.php\/wp-json\/wp\/v2\/product_brand?post=1825"},{"taxonomy":"product_cat","embeddable":true,"href":"https:\/\/aufildespierres.com\/index.php\/wp-json\/wp\/v2\/product_cat?post=1825"},{"taxonomy":"product_tag","embeddable":true,"href":"https:\/\/aufildespierres.com\/index.php\/wp-json\/wp\/v2\/product_tag?post=1825"}],"curies":[{"name":"wp","href":"https:\/\/api.w.org\/{rel}","templated":true}]}}