{"id":1876,"date":"2024-01-10T11:58:14","date_gmt":"2024-01-10T10:58:14","guid":{"rendered":"https:\/\/aufildespierres.com\/?post_type=product&#038;p=1876"},"modified":"2026-04-30T21:50:47","modified_gmt":"2026-04-30T19:50:47","slug":"coeur-en-obsidienne-oeil-celeste","status":"publish","type":"product","link":"https:\/\/aufildespierres.com\/index.php\/product\/coeur-en-obsidienne-oeil-celeste\/","title":{"rendered":"C\u0153ur en Obsidienne \u0152il c\u00e9leste"},"content":{"rendered":"<section class=\"text-token-text-primary w-full focus:outline-none [--shadow-height:45px] has-data-writing-block:pointer-events-none has-data-writing-block:-mt-(--shadow-height) has-data-writing-block:pt-(--shadow-height) [&amp;:has([data-writing-block])&gt;*]:pointer-events-auto R6Vx5W_threadScrollVars scroll-mb-[calc(var(--scroll-root-safe-area-inset-bottom,0px)+var(--thread-response-height))] scroll-mt-(--header-height)\" dir=\"auto\" data-turn-id=\"29d1cb09-eed5-45f2-a6ac-23e458043237\" data-testid=\"conversation-turn-61\" data-scroll-anchor=\"false\" data-turn=\"user\"><\/section>\n<section class=\"text-token-text-primary w-full focus:outline-none [--shadow-height:45px] has-data-writing-block:pointer-events-none has-data-writing-block:-mt-(--shadow-height) has-data-writing-block:pt-(--shadow-height) [&amp;:has([data-writing-block])&gt;*]:pointer-events-auto [content-visibility:auto] supports-[content-visibility:auto]:[contain-intrinsic-size:auto_100lvh] R6Vx5W_threadScrollVars scroll-mb-[calc(var(--scroll-root-safe-area-inset-bottom,0px)+var(--thread-response-height))] scroll-mt-[calc(var(--header-height)+min(200px,max(70px,20svh)))]\" dir=\"auto\" data-turn-id=\"request-WEB:934aed32-f4ea-410c-92fc-6e21a636ff10-30\" data-testid=\"conversation-turn-62\" data-scroll-anchor=\"false\" data-turn=\"assistant\">\n<div class=\"text-base my-auto mx-auto pb-10 [--thread-content-margin:var(--thread-content-margin-xs,calc(var(--spacing)*4))] @w-sm\/main:[--thread-content-margin:var(--thread-content-margin-sm,calc(var(--spacing)*6))] @w-lg\/main:[--thread-content-margin:var(--thread-content-margin-lg,calc(var(--spacing)*16))] px-(--thread-content-margin)\">\n<div class=\"[--thread-content-max-width:40rem] @w-lg\/main:[--thread-content-max-width:48rem] mx-auto max-w-(--thread-content-max-width) flex-1 group\/turn-messages focus-visible:outline-hidden relative flex w-full min-w-0 flex-col agent-turn\">\n<div class=\"flex max-w-full flex-col gap-4 grow\">\n<div class=\"min-h-8 text-message relative flex w-full flex-col items-end gap-2 text-start break-words whitespace-normal outline-none keyboard-focused:focus-ring [.text-message+&amp;]:mt-1\" dir=\"auto\" tabindex=\"0\" data-message-author-role=\"assistant\" data-message-id=\"9ee29b39-e667-40ae-a919-fa6f47eeeda3\" data-message-model-slug=\"gpt-5-3\" data-turn-start-message=\"true\">\n<div class=\"flex w-full flex-col gap-1 empty:hidden\">\n<div class=\"markdown prose dark:prose-invert w-full wrap-break-word light markdown-new-styling\">\n<p data-start=\"0\" data-end=\"67\">C\u0153ur en Obsidienne \u0152il c\u00e9leste : introspection et v\u00e9rit\u00e9 profonde<\/p>\n<p data-start=\"69\" data-end=\"336\">Ce c\u0153ur en Obsidienne \u0153il c\u00e9leste p\u00e8se 204 grammes et mesure environ 100 x 75 mm. Il pr\u00e9sente de superbes reflets iris\u00e9s caract\u00e9ristiques de cette pierre rare, offrant une profondeur visuelle unique. Sa surface polie met en valeur ses nuances sombres et lumineuses.<\/p>\n<p data-start=\"338\" data-end=\"380\"><strong data-start=\"338\" data-end=\"378\">Une pierre d\u2019introspection puissante<\/strong><\/p>\n<p data-start=\"382\" data-end=\"564\">Le c\u0153ur en Obsidienne \u0152il c\u00e9leste introspection agit comme un puissant r\u00e9v\u00e9lateur int\u00e9rieur. Il est particuli\u00e8rement appr\u00e9ci\u00e9 pour sa capacit\u00e9 \u00e0 explorer les profondeurs de l\u2019\u00eatre.<\/p>\n<p data-start=\"566\" data-end=\"748\">En effet, il permet d\u2019aller chercher ses v\u00e9rit\u00e9s et de mieux comprendre sa personnalit\u00e9. Ainsi, il aide \u00e0 identifier les sch\u00e9mas r\u00e9p\u00e9titifs et \u00e0 prendre conscience de ses blocages.<\/p>\n<p data-start=\"750\" data-end=\"1016\">De plus, il favorise la connexion spirituelle et ouvre \u00e0 une meilleure compr\u00e9hension de soi. Par ailleurs, il aide \u00e0 transformer les faiblesses en forces et \u00e0 reprendre son pouvoir personnel. Gr\u00e2ce \u00e0 cela, il permet d\u2019avancer avec plus de lucidit\u00e9 et d\u2019alignement.<\/p>\n<p data-start=\"1018\" data-end=\"1191\">Il convient particuli\u00e8rement aux personnes en qu\u00eate de sens ou en p\u00e9riode de remise en question. Par exemple, il peut aider \u00e0 se lib\u00e9rer du pass\u00e9 et \u00e0 mieux se comprendre.<\/p>\n<p data-start=\"1193\" data-end=\"1374\">\u26a0\ufe0f L\u2019obsidienne \u0153il c\u00e9leste est une pierre tr\u00e8s puissante. Elle fait remonter des \u00e9motions profondes. Utilisez-la uniquement si vous \u00eates pr\u00eat \u00e0 entreprendre un travail int\u00e9rieur.<\/p>\n<p data-start=\"1376\" data-end=\"1421\"><strong data-start=\"1376\" data-end=\"1419\">Un soutien pour l\u2019\u00e9volution personnelle<\/strong><\/p>\n<p data-start=\"1423\" data-end=\"1579\">Cette pierre vous aide \u00e0 vous reconnecter \u00e0 votre instinct et \u00e0 votre v\u00e9rit\u00e9 int\u00e9rieure et\u00a0 favorise l\u2019acceptation de soi et renforce l\u2019amour personnel.<\/p>\n<p data-start=\"1581\" data-end=\"1757\">En compl\u00e9ment, elle aide \u00e0 couper certains liens du pass\u00e9 et \u00e0 avancer avec plus de libert\u00e9. Ainsi, elle permet de sortir des blocages \u00e9motionnels et d\u2019\u00e9voluer en conscience.<\/p>\n<p data-start=\"1759\" data-end=\"1852\">Elle soutient \u00e9galement les p\u00e9riodes de transformation et encourage \u00e0 avancer avec courage.<\/p>\n<p data-start=\"1854\" data-end=\"1887\"><strong data-start=\"1854\" data-end=\"1885\">Des bienfaits pour le corps<\/strong><\/p>\n<p data-start=\"1889\" data-end=\"2053\">Sur le plan physique, elle soutient l\u2019\u00e9quilibre global du corps. Elle peut aider \u00e0 accompagner les processus de d\u00e9toxification et \u00e0 r\u00e9duire certaines d\u00e9pendances.<\/p>\n<p data-start=\"2055\" data-end=\"2231\">De plus, elle agit sur les tensions corporelles comme les crampes ou les douleurs articulaires. En outre, elle contribue \u00e0 soutenir la circulation et \u00e0 renforcer la vitalit\u00e9.<\/p>\n<p data-start=\"2233\" data-end=\"2372\">Pour l\u2019entretien, purifiez-la par fumigation. Ensuite, rechargez-la \u00e0 la lumi\u00e8re naturelle afin de pr\u00e9server ses propri\u00e9t\u00e9s \u00e9nerg\u00e9tiques.<\/p>\n<p data-start=\"2374\" data-end=\"2488\">Un alli\u00e9 puissant pour celles et ceux qui souhaitent aller au c\u0153ur d\u2019eux-m\u00eames et avancer avec clart\u00e9 et v\u00e9rit\u00e9.<\/p>\n<\/div>\n<\/div>\n<\/div>\n<\/div>\n<\/div>\n<\/div>\n<\/section>\n","protected":false},"excerpt":{"rendered":"<p>C\u0153ur en Obsidienne \u0152il c\u00e9leste : introspection et v\u00e9rit\u00e9 profonde Ce c\u0153ur en Obsidienne \u0153il c\u00e9leste p\u00e8se 204 grammes et mesure environ 100 x 75 mm. Il pr\u00e9sente de superbes reflets iris\u00e9s caract\u00e9ristiques de cette pierre rare, offrant une profondeur visuelle unique. Sa surface polie met en valeur ses nuances sombres et lumineuses. Une pierre [&hellip;]<\/p>\n","protected":false},"featured_media":1878,"comment_status":"open","ping_status":"closed","template":"","meta":{"site-sidebar-layout":"default","site-content-layout":"","ast-site-content-layout":"default","site-content-style":"default","site-sidebar-style":"default","ast-global-header-display":"","ast-banner-title-visibility":"","ast-main-header-display":"","ast-hfb-above-header-display":"","ast-hfb-below-header-display":"","ast-hfb-mobile-header-display":"","site-post-title":"","ast-breadcrumbs-content":"","ast-featured-img":"","footer-sml-layout":"","ast-disable-related-posts":"","theme-transparent-header-meta":"default","adv-header-id-meta":"","stick-header-meta":"","header-above-stick-meta":"","header-main-stick-meta":"","header-below-stick-meta":"","astra-migrate-meta-layouts":"set","ast-page-background-enabled":"default","ast-page-background-meta":{"desktop":{"background-color":"var(--ast-global-color-4)","background-image":"","background-repeat":"repeat","background-position":"center center","background-size":"auto","background-attachment":"scroll","background-type":"","background-media":"","overlay-type":"","overlay-color":"","overlay-opacity":"","overlay-gradient":""},"tablet":{"background-color":"","background-image":"","background-repeat":"repeat","background-position":"center center","background-size":"auto","background-attachment":"scroll","background-type":"","background-media":"","overlay-type":"","overlay-color":"","overlay-opacity":"","overlay-gradient":""},"mobile":{"background-color":"","background-image":"","background-repeat":"repeat","background-position":"center center","background-size":"auto","background-attachment":"scroll","background-type":"","background-media":"","overlay-type":"","overlay-color":"","overlay-opacity":"","overlay-gradient":""}},"ast-content-background-meta":{"desktop":{"background-color":"var(--ast-global-color-5)","background-image":"","background-repeat":"repeat","background-position":"center center","background-size":"auto","background-attachment":"scroll","background-type":"","background-media":"","overlay-type":"","overlay-color":"","overlay-opacity":"","overlay-gradient":""},"tablet":{"background-color":"var(--ast-global-color-5)","background-image":"","background-repeat":"repeat","background-position":"center center","background-size":"auto","background-attachment":"scroll","background-type":"","background-media":"","overlay-type":"","overlay-color":"","overlay-opacity":"","overlay-gradient":""},"mobile":{"background-color":"var(--ast-global-color-5)","background-image":"","background-repeat":"repeat","background-position":"center center","background-size":"auto","background-attachment":"scroll","background-type":"","background-media":"","overlay-type":"","overlay-color":"","overlay-opacity":"","overlay-gradient":""}},"_glsr_average":0,"_glsr_ranking":0,"_glsr_reviews":0},"product_brand":[],"product_cat":[238,66,203],"product_tag":[],"class_list":{"0":"post-1876","1":"product","2":"type-product","3":"status-publish","4":"has-post-thumbnail","6":"product_cat-coeurs","7":"product_cat-noir","8":"product_cat-obsidienne-oeil-celeste","9":"product_shipping_class-lourd","10":"desktop-align-left","11":"tablet-align-left","12":"mobile-align-left","14":"first","15":"instock","16":"purchasable","17":"product-type-simple"},"yoast_head":"<!-- This site is optimized with the Yoast SEO plugin v27.5 - https:\/\/yoast.com\/product\/yoast-seo-wordpress\/ -->\n<title>C\u0153ur en Obsidienne \u0152il c\u00e9leste - Au fil des pierres<\/title>\n<meta name=\"description\" content=\"C\u0153ur en Obsidienne \u0152il C\u00e9leste : favorise l\u2019introspection, r\u00e9v\u00e8le la v\u00e9rit\u00e9 int\u00e9rieure et lib\u00e8re les blocages profonds. Id\u00e9al transformation.\" \/>\n<meta name=\"robots\" content=\"index, follow, max-snippet:-1, max-image-preview:large, max-video-preview:-1\" \/>\n<link rel=\"canonical\" href=\"https:\/\/aufildespierres.com\/index.php\/product\/coeur-en-obsidienne-oeil-celeste\/\" \/>\n<meta property=\"og:locale\" content=\"fr_FR\" \/>\n<meta property=\"og:type\" content=\"article\" \/>\n<meta property=\"og:title\" content=\"C\u0153ur en Obsidienne \u0152il c\u00e9leste - Au fil des pierres\" \/>\n<meta property=\"og:description\" content=\"C\u0153ur en Obsidienne \u0152il C\u00e9leste : favorise l\u2019introspection, r\u00e9v\u00e8le la v\u00e9rit\u00e9 int\u00e9rieure et lib\u00e8re les blocages profonds. Id\u00e9al transformation.\" \/>\n<meta property=\"og:url\" content=\"https:\/\/aufildespierres.com\/index.php\/product\/coeur-en-obsidienne-oeil-celeste\/\" \/>\n<meta property=\"og:site_name\" content=\"Au fil des pierres\" \/>\n<meta property=\"article:modified_time\" content=\"2026-04-30T19:50:47+00:00\" \/>\n<meta property=\"og:image\" content=\"https:\/\/aufildespierres.com\/wp-content\/uploads\/2024\/01\/20240110_100924-scaled.jpg\" \/>\n\t<meta property=\"og:image:width\" content=\"2121\" \/>\n\t<meta property=\"og:image:height\" content=\"2560\" \/>\n\t<meta property=\"og:image:type\" content=\"image\/jpeg\" \/>\n<meta name=\"twitter:card\" content=\"summary_large_image\" \/>\n<meta name=\"twitter:label1\" content=\"Dur\u00e9e de lecture estim\u00e9e\" \/>\n\t<meta name=\"twitter:data1\" content=\"3 minutes\" \/>\n<script type=\"application\/ld+json\" class=\"yoast-schema-graph\">{\"@context\":\"https:\\\/\\\/schema.org\",\"@graph\":[{\"@type\":\"WebPage\",\"@id\":\"https:\\\/\\\/aufildespierres.com\\\/index.php\\\/product\\\/coeur-en-obsidienne-oeil-celeste\\\/\",\"url\":\"https:\\\/\\\/aufildespierres.com\\\/index.php\\\/product\\\/coeur-en-obsidienne-oeil-celeste\\\/\",\"name\":\"C\u0153ur en Obsidienne \u0152il c\u00e9leste - Au fil des pierres\",\"isPartOf\":{\"@id\":\"https:\\\/\\\/aufildespierres.com\\\/#website\"},\"primaryImageOfPage\":{\"@id\":\"https:\\\/\\\/aufildespierres.com\\\/index.php\\\/product\\\/coeur-en-obsidienne-oeil-celeste\\\/#primaryimage\"},\"image\":{\"@id\":\"https:\\\/\\\/aufildespierres.com\\\/index.php\\\/product\\\/coeur-en-obsidienne-oeil-celeste\\\/#primaryimage\"},\"thumbnailUrl\":\"https:\\\/\\\/aufildespierres.com\\\/wp-content\\\/uploads\\\/2024\\\/01\\\/20240110_100924-scaled.jpg\",\"datePublished\":\"2024-01-10T10:58:14+00:00\",\"dateModified\":\"2026-04-30T19:50:47+00:00\",\"description\":\"C\u0153ur en Obsidienne \u0152il C\u00e9leste : favorise l\u2019introspection, r\u00e9v\u00e8le la v\u00e9rit\u00e9 int\u00e9rieure et lib\u00e8re les blocages profonds. Id\u00e9al transformation.\",\"breadcrumb\":{\"@id\":\"https:\\\/\\\/aufildespierres.com\\\/index.php\\\/product\\\/coeur-en-obsidienne-oeil-celeste\\\/#breadcrumb\"},\"inLanguage\":\"fr-FR\",\"potentialAction\":[{\"@type\":\"ReadAction\",\"target\":[\"https:\\\/\\\/aufildespierres.com\\\/index.php\\\/product\\\/coeur-en-obsidienne-oeil-celeste\\\/\"]}]},{\"@type\":\"ImageObject\",\"inLanguage\":\"fr-FR\",\"@id\":\"https:\\\/\\\/aufildespierres.com\\\/index.php\\\/product\\\/coeur-en-obsidienne-oeil-celeste\\\/#primaryimage\",\"url\":\"https:\\\/\\\/aufildespierres.com\\\/wp-content\\\/uploads\\\/2024\\\/01\\\/20240110_100924-scaled.jpg\",\"contentUrl\":\"https:\\\/\\\/aufildespierres.com\\\/wp-content\\\/uploads\\\/2024\\\/01\\\/20240110_100924-scaled.jpg\",\"width\":2121,\"height\":2560},{\"@type\":\"BreadcrumbList\",\"@id\":\"https:\\\/\\\/aufildespierres.com\\\/index.php\\\/product\\\/coeur-en-obsidienne-oeil-celeste\\\/#breadcrumb\",\"itemListElement\":[{\"@type\":\"ListItem\",\"position\":1,\"name\":\"Accueil\",\"item\":\"https:\\\/\\\/aufildespierres.com\\\/\"},{\"@type\":\"ListItem\",\"position\":2,\"name\":\"Boutique de Lithoth\u00e9rapie\",\"item\":\"https:\\\/\\\/aufildespierres.com\\\/index.php\\\/boutique-de-lithotherapie\\\/\"},{\"@type\":\"ListItem\",\"position\":3,\"name\":\"C\u0153ur en Obsidienne \u0152il c\u00e9leste\"}]},{\"@type\":\"WebSite\",\"@id\":\"https:\\\/\\\/aufildespierres.com\\\/#website\",\"url\":\"https:\\\/\\\/aufildespierres.com\\\/\",\"name\":\"Au fil des pierres\",\"description\":\"Au fil des pierres\",\"publisher\":{\"@id\":\"https:\\\/\\\/aufildespierres.com\\\/#organization\"},\"potentialAction\":[{\"@type\":\"SearchAction\",\"target\":{\"@type\":\"EntryPoint\",\"urlTemplate\":\"https:\\\/\\\/aufildespierres.com\\\/?s={search_term_string}\"},\"query-input\":{\"@type\":\"PropertyValueSpecification\",\"valueRequired\":true,\"valueName\":\"search_term_string\"}}],\"inLanguage\":\"fr-FR\"},{\"@type\":\"Organization\",\"@id\":\"https:\\\/\\\/aufildespierres.com\\\/#organization\",\"name\":\"Au fil des pierres\",\"url\":\"https:\\\/\\\/aufildespierres.com\\\/\",\"logo\":{\"@type\":\"ImageObject\",\"inLanguage\":\"fr-FR\",\"@id\":\"https:\\\/\\\/aufildespierres.com\\\/#\\\/schema\\\/logo\\\/image\\\/\",\"url\":\"https:\\\/\\\/aufildespierres.com\\\/wp-content\\\/uploads\\\/2023\\\/05\\\/cropped-Logo-PNG-Transparent.png\",\"contentUrl\":\"https:\\\/\\\/aufildespierres.com\\\/wp-content\\\/uploads\\\/2023\\\/05\\\/cropped-Logo-PNG-Transparent.png\",\"width\":1776,\"height\":1625,\"caption\":\"Au fil des pierres\"},\"image\":{\"@id\":\"https:\\\/\\\/aufildespierres.com\\\/#\\\/schema\\\/logo\\\/image\\\/\"}}]}<\/script>\n<!-- \/ Yoast SEO plugin. -->","yoast_head_json":{"title":"C\u0153ur en Obsidienne \u0152il c\u00e9leste - Au fil des pierres","description":"C\u0153ur en Obsidienne \u0152il C\u00e9leste : favorise l\u2019introspection, r\u00e9v\u00e8le la v\u00e9rit\u00e9 int\u00e9rieure et lib\u00e8re les blocages profonds. Id\u00e9al transformation.","robots":{"index":"index","follow":"follow","max-snippet":"max-snippet:-1","max-image-preview":"max-image-preview:large","max-video-preview":"max-video-preview:-1"},"canonical":"https:\/\/aufildespierres.com\/index.php\/product\/coeur-en-obsidienne-oeil-celeste\/","og_locale":"fr_FR","og_type":"article","og_title":"C\u0153ur en Obsidienne \u0152il c\u00e9leste - Au fil des pierres","og_description":"C\u0153ur en Obsidienne \u0152il C\u00e9leste : favorise l\u2019introspection, r\u00e9v\u00e8le la v\u00e9rit\u00e9 int\u00e9rieure et lib\u00e8re les blocages profonds. Id\u00e9al transformation.","og_url":"https:\/\/aufildespierres.com\/index.php\/product\/coeur-en-obsidienne-oeil-celeste\/","og_site_name":"Au fil des pierres","article_modified_time":"2026-04-30T19:50:47+00:00","og_image":[{"width":2121,"height":2560,"url":"https:\/\/aufildespierres.com\/wp-content\/uploads\/2024\/01\/20240110_100924-scaled.jpg","type":"image\/jpeg"}],"twitter_card":"summary_large_image","twitter_misc":{"Dur\u00e9e de lecture estim\u00e9e":"3 minutes"},"schema":{"@context":"https:\/\/schema.org","@graph":[{"@type":"WebPage","@id":"https:\/\/aufildespierres.com\/index.php\/product\/coeur-en-obsidienne-oeil-celeste\/","url":"https:\/\/aufildespierres.com\/index.php\/product\/coeur-en-obsidienne-oeil-celeste\/","name":"C\u0153ur en Obsidienne \u0152il c\u00e9leste - Au fil des pierres","isPartOf":{"@id":"https:\/\/aufildespierres.com\/#website"},"primaryImageOfPage":{"@id":"https:\/\/aufildespierres.com\/index.php\/product\/coeur-en-obsidienne-oeil-celeste\/#primaryimage"},"image":{"@id":"https:\/\/aufildespierres.com\/index.php\/product\/coeur-en-obsidienne-oeil-celeste\/#primaryimage"},"thumbnailUrl":"https:\/\/aufildespierres.com\/wp-content\/uploads\/2024\/01\/20240110_100924-scaled.jpg","datePublished":"2024-01-10T10:58:14+00:00","dateModified":"2026-04-30T19:50:47+00:00","description":"C\u0153ur en Obsidienne \u0152il C\u00e9leste : favorise l\u2019introspection, r\u00e9v\u00e8le la v\u00e9rit\u00e9 int\u00e9rieure et lib\u00e8re les blocages profonds. Id\u00e9al transformation.","breadcrumb":{"@id":"https:\/\/aufildespierres.com\/index.php\/product\/coeur-en-obsidienne-oeil-celeste\/#breadcrumb"},"inLanguage":"fr-FR","potentialAction":[{"@type":"ReadAction","target":["https:\/\/aufildespierres.com\/index.php\/product\/coeur-en-obsidienne-oeil-celeste\/"]}]},{"@type":"ImageObject","inLanguage":"fr-FR","@id":"https:\/\/aufildespierres.com\/index.php\/product\/coeur-en-obsidienne-oeil-celeste\/#primaryimage","url":"https:\/\/aufildespierres.com\/wp-content\/uploads\/2024\/01\/20240110_100924-scaled.jpg","contentUrl":"https:\/\/aufildespierres.com\/wp-content\/uploads\/2024\/01\/20240110_100924-scaled.jpg","width":2121,"height":2560},{"@type":"BreadcrumbList","@id":"https:\/\/aufildespierres.com\/index.php\/product\/coeur-en-obsidienne-oeil-celeste\/#breadcrumb","itemListElement":[{"@type":"ListItem","position":1,"name":"Accueil","item":"https:\/\/aufildespierres.com\/"},{"@type":"ListItem","position":2,"name":"Boutique de Lithoth\u00e9rapie","item":"https:\/\/aufildespierres.com\/index.php\/boutique-de-lithotherapie\/"},{"@type":"ListItem","position":3,"name":"C\u0153ur en Obsidienne \u0152il c\u00e9leste"}]},{"@type":"WebSite","@id":"https:\/\/aufildespierres.com\/#website","url":"https:\/\/aufildespierres.com\/","name":"Au fil des pierres","description":"Au fil des pierres","publisher":{"@id":"https:\/\/aufildespierres.com\/#organization"},"potentialAction":[{"@type":"SearchAction","target":{"@type":"EntryPoint","urlTemplate":"https:\/\/aufildespierres.com\/?s={search_term_string}"},"query-input":{"@type":"PropertyValueSpecification","valueRequired":true,"valueName":"search_term_string"}}],"inLanguage":"fr-FR"},{"@type":"Organization","@id":"https:\/\/aufildespierres.com\/#organization","name":"Au fil des pierres","url":"https:\/\/aufildespierres.com\/","logo":{"@type":"ImageObject","inLanguage":"fr-FR","@id":"https:\/\/aufildespierres.com\/#\/schema\/logo\/image\/","url":"https:\/\/aufildespierres.com\/wp-content\/uploads\/2023\/05\/cropped-Logo-PNG-Transparent.png","contentUrl":"https:\/\/aufildespierres.com\/wp-content\/uploads\/2023\/05\/cropped-Logo-PNG-Transparent.png","width":1776,"height":1625,"caption":"Au fil des pierres"},"image":{"@id":"https:\/\/aufildespierres.com\/#\/schema\/logo\/image\/"}}]}},"_links":{"self":[{"href":"https:\/\/aufildespierres.com\/index.php\/wp-json\/wp\/v2\/product\/1876","targetHints":{"allow":["GET"]}}],"collection":[{"href":"https:\/\/aufildespierres.com\/index.php\/wp-json\/wp\/v2\/product"}],"about":[{"href":"https:\/\/aufildespierres.com\/index.php\/wp-json\/wp\/v2\/types\/product"}],"replies":[{"embeddable":true,"href":"https:\/\/aufildespierres.com\/index.php\/wp-json\/wp\/v2\/comments?post=1876"}],"wp:featuredmedia":[{"embeddable":true,"href":"https:\/\/aufildespierres.com\/index.php\/wp-json\/wp\/v2\/media\/1878"}],"wp:attachment":[{"href":"https:\/\/aufildespierres.com\/index.php\/wp-json\/wp\/v2\/media?parent=1876"}],"wp:term":[{"taxonomy":"product_brand","embeddable":true,"href":"https:\/\/aufildespierres.com\/index.php\/wp-json\/wp\/v2\/product_brand?post=1876"},{"taxonomy":"product_cat","embeddable":true,"href":"https:\/\/aufildespierres.com\/index.php\/wp-json\/wp\/v2\/product_cat?post=1876"},{"taxonomy":"product_tag","embeddable":true,"href":"https:\/\/aufildespierres.com\/index.php\/wp-json\/wp\/v2\/product_tag?post=1876"}],"curies":[{"name":"wp","href":"https:\/\/api.w.org\/{rel}","templated":true}]}}