{"id":1880,"date":"2024-01-10T12:03:09","date_gmt":"2024-01-10T11:03:09","guid":{"rendered":"https:\/\/aufildespierres.com\/?post_type=product&#038;p=1880"},"modified":"2026-04-30T21:52:21","modified_gmt":"2026-04-30T19:52:21","slug":"palet-miroir-en-obsidienne-doree","status":"publish","type":"product","link":"https:\/\/aufildespierres.com\/index.php\/product\/palet-miroir-en-obsidienne-doree\/","title":{"rendered":"Palet miroir en Obsidienne dor\u00e9e"},"content":{"rendered":"<p data-start=\"0\" data-end=\"60\">Palet miroir en Obsidienne dor\u00e9e : introspection et v\u00e9rit\u00e9<\/p>\n<p data-start=\"62\" data-end=\"348\">Ce palet miroir en Obsidienne dor\u00e9e de qualit\u00e9 AAA p\u00e8se 41 grammes et mesure environ 60 x 60 mm. Il pr\u00e9sente un superbe reflet dor\u00e9 visible sur ses deux faces, offrant un effet miroir naturel et profond. Sa surface polie met en valeur toute la richesse de cette pierre exceptionnelle.<\/p>\n<p data-start=\"350\" data-end=\"401\"><strong data-start=\"350\" data-end=\"399\">Une pierre de r\u00e9v\u00e9lation et de transformation<\/strong><\/p>\n<p data-start=\"403\" data-end=\"587\">Le palet miroir en Obsidienne dor\u00e9e introspection agit comme un puissant r\u00e9v\u00e9lateur int\u00e9rieur. Il est particuli\u00e8rement appr\u00e9ci\u00e9 pour sa capacit\u00e9 \u00e0 mettre en lumi\u00e8re ce qui est cach\u00e9.<\/p>\n<p data-start=\"589\" data-end=\"728\">En effet, il aide \u00e0 acc\u00e9der \u00e0 une meilleure connaissance de soi. Ainsi, il permet de comprendre ses sch\u00e9mas et d\u2019identifier ses blocages.<\/p>\n<p data-start=\"730\" data-end=\"971\">De plus, il transforme les parts d\u2019ombre en \u00e9nergie plus lumineuse. Par ailleurs, il stabilise les \u00e9motions et favorise un meilleur \u00e9quilibre int\u00e9rieur. Gr\u00e2ce \u00e0 cela, il renforce le courage d\u2019affronter la v\u00e9rit\u00e9 et d\u2019avancer avec lucidit\u00e9.<\/p>\n<p data-start=\"973\" data-end=\"1162\">Il convient particuli\u00e8rement aux personnes pr\u00eates \u00e0 faire un travail sur elles-m\u00eames. Par exemple, il peut accompagner une phase d\u2019introspection ou de transformation personnelle profonde.<\/p>\n<p data-start=\"1164\" data-end=\"1349\">\u26a0\ufe0f L\u2019obsidienne dor\u00e9e est une pierre puissante. Elle peut faire \u00e9merger des prises de conscience importantes. Utilisez-la en conscience si vous \u00eates pr\u00eat \u00e0 accueillir ces r\u00e9v\u00e9lations.<\/p>\n<p data-start=\"1351\" data-end=\"1394\"><strong data-start=\"1351\" data-end=\"1392\">Un soutien pour l\u2019\u00e9quilibre int\u00e9rieur<\/strong><\/p>\n<p data-start=\"1396\" data-end=\"1543\">Cette pierre vous aide \u00e0 aligner vos \u00e9nergies entre la Terre et le ciel, et renforce l\u2019ancrage tout en ouvrant \u00e0 une compr\u00e9hension plus \u00e9lev\u00e9e.<\/p>\n<p data-start=\"1545\" data-end=\"1694\">En compl\u00e9ment, elle r\u00e9duit l\u2019ego et favorise une vision plus juste de soi. Ainsi, elle permet de prendre du recul et d\u2019avancer avec plus de clart\u00e9.<\/p>\n<p data-start=\"1696\" data-end=\"1788\">Elle encourage \u00e9galement l\u2019alignement des chakras et une meilleure stabilit\u00e9 \u00e9motionnelle.<\/p>\n<p data-start=\"1790\" data-end=\"1823\"><strong data-start=\"1790\" data-end=\"1821\">Des bienfaits pour le corps<\/strong><\/p>\n<p data-start=\"1825\" data-end=\"1956\">Sur le plan physique, elle soutient l\u2019\u00e9quilibre global du corps. Elle peut aider \u00e0 acc\u00e9l\u00e9rer la r\u00e9cup\u00e9ration apr\u00e8s des blessures.<\/p>\n<p data-start=\"1958\" data-end=\"2122\">De plus, elle agit sur certaines tensions corporelles comme les contusions ou les douleurs musculaires. En outre, elle contribue \u00e0 renforcer la vitalit\u00e9 g\u00e9n\u00e9rale.<\/p>\n<p data-start=\"2124\" data-end=\"2263\">Pour l\u2019entretien, purifiez-la par fumigation. Ensuite, rechargez-la \u00e0 la lumi\u00e8re naturelle afin de pr\u00e9server ses propri\u00e9t\u00e9s \u00e9nerg\u00e9tiques.<\/p>\n<p data-start=\"2265\" data-end=\"2366\">Parfaite pour explorer ses profondeurs et avancer avec plus de conscience sur son chemin personnel.<\/p>\n","protected":false},"excerpt":{"rendered":"<p>Introspection et travail sur soi<\/p>\n","protected":false},"featured_media":1882,"comment_status":"open","ping_status":"closed","template":"","meta":{"site-sidebar-layout":"default","site-content-layout":"","ast-site-content-layout":"default","site-content-style":"default","site-sidebar-style":"default","ast-global-header-display":"","ast-banner-title-visibility":"","ast-main-header-display":"","ast-hfb-above-header-display":"","ast-hfb-below-header-display":"","ast-hfb-mobile-header-display":"","site-post-title":"","ast-breadcrumbs-content":"","ast-featured-img":"","footer-sml-layout":"","ast-disable-related-posts":"","theme-transparent-header-meta":"default","adv-header-id-meta":"","stick-header-meta":"","header-above-stick-meta":"","header-main-stick-meta":"","header-below-stick-meta":"","astra-migrate-meta-layouts":"set","ast-page-background-enabled":"default","ast-page-background-meta":{"desktop":{"background-color":"var(--ast-global-color-4)","background-image":"","background-repeat":"repeat","background-position":"center center","background-size":"auto","background-attachment":"scroll","background-type":"","background-media":"","overlay-type":"","overlay-color":"","overlay-opacity":"","overlay-gradient":""},"tablet":{"background-color":"","background-image":"","background-repeat":"repeat","background-position":"center center","background-size":"auto","background-attachment":"scroll","background-type":"","background-media":"","overlay-type":"","overlay-color":"","overlay-opacity":"","overlay-gradient":""},"mobile":{"background-color":"","background-image":"","background-repeat":"repeat","background-position":"center center","background-size":"auto","background-attachment":"scroll","background-type":"","background-media":"","overlay-type":"","overlay-color":"","overlay-opacity":"","overlay-gradient":""}},"ast-content-background-meta":{"desktop":{"background-color":"var(--ast-global-color-5)","background-image":"","background-repeat":"repeat","background-position":"center center","background-size":"auto","background-attachment":"scroll","background-type":"","background-media":"","overlay-type":"","overlay-color":"","overlay-opacity":"","overlay-gradient":""},"tablet":{"background-color":"var(--ast-global-color-5)","background-image":"","background-repeat":"repeat","background-position":"center center","background-size":"auto","background-attachment":"scroll","background-type":"","background-media":"","overlay-type":"","overlay-color":"","overlay-opacity":"","overlay-gradient":""},"mobile":{"background-color":"var(--ast-global-color-5)","background-image":"","background-repeat":"repeat","background-position":"center center","background-size":"auto","background-attachment":"scroll","background-type":"","background-media":"","overlay-type":"","overlay-color":"","overlay-opacity":"","overlay-gradient":""}},"_glsr_average":0,"_glsr_ranking":0,"_glsr_reviews":0},"product_brand":[],"product_cat":[198,66,138,15],"product_tag":[],"class_list":{"0":"post-1880","1":"product","2":"type-product","3":"status-publish","4":"has-post-thumbnail","6":"product_cat-galets","7":"product_cat-noir","8":"product_cat-obsidienne-doree","9":"product_cat-tout","10":"desktop-align-left","11":"tablet-align-left","12":"mobile-align-left","14":"first","15":"instock","16":"purchasable","17":"product-type-simple"},"yoast_head":"<!-- This site is optimized with the Yoast SEO plugin v27.5 - https:\/\/yoast.com\/product\/yoast-seo-wordpress\/ -->\n<title>Palet miroir en Obsidienne dor\u00e9e - Au fil des pierres<\/title>\n<meta name=\"description\" content=\"Palet en Obsidienne dor\u00e9e AAA : favorise l\u2019introspection, r\u00e9v\u00e8le la v\u00e9rit\u00e9 int\u00e9rieure et \u00e9quilibre les \u00e9motions. Id\u00e9al pour transformation.\" \/>\n<meta name=\"robots\" content=\"index, follow, max-snippet:-1, max-image-preview:large, max-video-preview:-1\" \/>\n<link rel=\"canonical\" href=\"https:\/\/aufildespierres.com\/index.php\/product\/palet-miroir-en-obsidienne-doree\/\" \/>\n<meta property=\"og:locale\" content=\"fr_FR\" \/>\n<meta property=\"og:type\" content=\"article\" \/>\n<meta property=\"og:title\" content=\"Palet miroir en Obsidienne dor\u00e9e - Au fil des pierres\" \/>\n<meta property=\"og:description\" content=\"Palet en Obsidienne dor\u00e9e AAA : favorise l\u2019introspection, r\u00e9v\u00e8le la v\u00e9rit\u00e9 int\u00e9rieure et \u00e9quilibre les \u00e9motions. Id\u00e9al pour transformation.\" \/>\n<meta property=\"og:url\" content=\"https:\/\/aufildespierres.com\/index.php\/product\/palet-miroir-en-obsidienne-doree\/\" \/>\n<meta property=\"og:site_name\" content=\"Au fil des pierres\" \/>\n<meta property=\"article:modified_time\" content=\"2026-04-30T19:52:21+00:00\" \/>\n<meta property=\"og:image\" content=\"https:\/\/aufildespierres.com\/wp-content\/uploads\/2024\/01\/20240110_101609-scaled.jpg\" \/>\n\t<meta property=\"og:image:width\" content=\"2330\" \/>\n\t<meta property=\"og:image:height\" content=\"2560\" \/>\n\t<meta property=\"og:image:type\" content=\"image\/jpeg\" \/>\n<meta name=\"twitter:card\" content=\"summary_large_image\" \/>\n<meta name=\"twitter:label1\" content=\"Dur\u00e9e de lecture estim\u00e9e\" \/>\n\t<meta name=\"twitter:data1\" content=\"3 minutes\" \/>\n<script type=\"application\/ld+json\" class=\"yoast-schema-graph\">{\"@context\":\"https:\\\/\\\/schema.org\",\"@graph\":[{\"@type\":\"WebPage\",\"@id\":\"https:\\\/\\\/aufildespierres.com\\\/index.php\\\/product\\\/palet-miroir-en-obsidienne-doree\\\/\",\"url\":\"https:\\\/\\\/aufildespierres.com\\\/index.php\\\/product\\\/palet-miroir-en-obsidienne-doree\\\/\",\"name\":\"Palet miroir en Obsidienne dor\u00e9e - Au fil des pierres\",\"isPartOf\":{\"@id\":\"https:\\\/\\\/aufildespierres.com\\\/#website\"},\"primaryImageOfPage\":{\"@id\":\"https:\\\/\\\/aufildespierres.com\\\/index.php\\\/product\\\/palet-miroir-en-obsidienne-doree\\\/#primaryimage\"},\"image\":{\"@id\":\"https:\\\/\\\/aufildespierres.com\\\/index.php\\\/product\\\/palet-miroir-en-obsidienne-doree\\\/#primaryimage\"},\"thumbnailUrl\":\"https:\\\/\\\/aufildespierres.com\\\/wp-content\\\/uploads\\\/2024\\\/01\\\/20240110_101609-scaled.jpg\",\"datePublished\":\"2024-01-10T11:03:09+00:00\",\"dateModified\":\"2026-04-30T19:52:21+00:00\",\"description\":\"Palet en Obsidienne dor\u00e9e AAA : favorise l\u2019introspection, r\u00e9v\u00e8le la v\u00e9rit\u00e9 int\u00e9rieure et \u00e9quilibre les \u00e9motions. Id\u00e9al pour transformation.\",\"breadcrumb\":{\"@id\":\"https:\\\/\\\/aufildespierres.com\\\/index.php\\\/product\\\/palet-miroir-en-obsidienne-doree\\\/#breadcrumb\"},\"inLanguage\":\"fr-FR\",\"potentialAction\":[{\"@type\":\"ReadAction\",\"target\":[\"https:\\\/\\\/aufildespierres.com\\\/index.php\\\/product\\\/palet-miroir-en-obsidienne-doree\\\/\"]}]},{\"@type\":\"ImageObject\",\"inLanguage\":\"fr-FR\",\"@id\":\"https:\\\/\\\/aufildespierres.com\\\/index.php\\\/product\\\/palet-miroir-en-obsidienne-doree\\\/#primaryimage\",\"url\":\"https:\\\/\\\/aufildespierres.com\\\/wp-content\\\/uploads\\\/2024\\\/01\\\/20240110_101609-scaled.jpg\",\"contentUrl\":\"https:\\\/\\\/aufildespierres.com\\\/wp-content\\\/uploads\\\/2024\\\/01\\\/20240110_101609-scaled.jpg\",\"width\":2330,\"height\":2560},{\"@type\":\"BreadcrumbList\",\"@id\":\"https:\\\/\\\/aufildespierres.com\\\/index.php\\\/product\\\/palet-miroir-en-obsidienne-doree\\\/#breadcrumb\",\"itemListElement\":[{\"@type\":\"ListItem\",\"position\":1,\"name\":\"Accueil\",\"item\":\"https:\\\/\\\/aufildespierres.com\\\/\"},{\"@type\":\"ListItem\",\"position\":2,\"name\":\"Boutique de Lithoth\u00e9rapie\",\"item\":\"https:\\\/\\\/aufildespierres.com\\\/index.php\\\/boutique-de-lithotherapie\\\/\"},{\"@type\":\"ListItem\",\"position\":3,\"name\":\"Palet miroir en Obsidienne dor\u00e9e\"}]},{\"@type\":\"WebSite\",\"@id\":\"https:\\\/\\\/aufildespierres.com\\\/#website\",\"url\":\"https:\\\/\\\/aufildespierres.com\\\/\",\"name\":\"Au fil des pierres\",\"description\":\"Au fil des pierres\",\"publisher\":{\"@id\":\"https:\\\/\\\/aufildespierres.com\\\/#organization\"},\"potentialAction\":[{\"@type\":\"SearchAction\",\"target\":{\"@type\":\"EntryPoint\",\"urlTemplate\":\"https:\\\/\\\/aufildespierres.com\\\/?s={search_term_string}\"},\"query-input\":{\"@type\":\"PropertyValueSpecification\",\"valueRequired\":true,\"valueName\":\"search_term_string\"}}],\"inLanguage\":\"fr-FR\"},{\"@type\":\"Organization\",\"@id\":\"https:\\\/\\\/aufildespierres.com\\\/#organization\",\"name\":\"Au fil des pierres\",\"url\":\"https:\\\/\\\/aufildespierres.com\\\/\",\"logo\":{\"@type\":\"ImageObject\",\"inLanguage\":\"fr-FR\",\"@id\":\"https:\\\/\\\/aufildespierres.com\\\/#\\\/schema\\\/logo\\\/image\\\/\",\"url\":\"https:\\\/\\\/aufildespierres.com\\\/wp-content\\\/uploads\\\/2023\\\/05\\\/cropped-Logo-PNG-Transparent.png\",\"contentUrl\":\"https:\\\/\\\/aufildespierres.com\\\/wp-content\\\/uploads\\\/2023\\\/05\\\/cropped-Logo-PNG-Transparent.png\",\"width\":1776,\"height\":1625,\"caption\":\"Au fil des pierres\"},\"image\":{\"@id\":\"https:\\\/\\\/aufildespierres.com\\\/#\\\/schema\\\/logo\\\/image\\\/\"}}]}<\/script>\n<!-- \/ Yoast SEO plugin. -->","yoast_head_json":{"title":"Palet miroir en Obsidienne dor\u00e9e - Au fil des pierres","description":"Palet en Obsidienne dor\u00e9e AAA : favorise l\u2019introspection, r\u00e9v\u00e8le la v\u00e9rit\u00e9 int\u00e9rieure et \u00e9quilibre les \u00e9motions. Id\u00e9al pour transformation.","robots":{"index":"index","follow":"follow","max-snippet":"max-snippet:-1","max-image-preview":"max-image-preview:large","max-video-preview":"max-video-preview:-1"},"canonical":"https:\/\/aufildespierres.com\/index.php\/product\/palet-miroir-en-obsidienne-doree\/","og_locale":"fr_FR","og_type":"article","og_title":"Palet miroir en Obsidienne dor\u00e9e - Au fil des pierres","og_description":"Palet en Obsidienne dor\u00e9e AAA : favorise l\u2019introspection, r\u00e9v\u00e8le la v\u00e9rit\u00e9 int\u00e9rieure et \u00e9quilibre les \u00e9motions. Id\u00e9al pour transformation.","og_url":"https:\/\/aufildespierres.com\/index.php\/product\/palet-miroir-en-obsidienne-doree\/","og_site_name":"Au fil des pierres","article_modified_time":"2026-04-30T19:52:21+00:00","og_image":[{"width":2330,"height":2560,"url":"https:\/\/aufildespierres.com\/wp-content\/uploads\/2024\/01\/20240110_101609-scaled.jpg","type":"image\/jpeg"}],"twitter_card":"summary_large_image","twitter_misc":{"Dur\u00e9e de lecture estim\u00e9e":"3 minutes"},"schema":{"@context":"https:\/\/schema.org","@graph":[{"@type":"WebPage","@id":"https:\/\/aufildespierres.com\/index.php\/product\/palet-miroir-en-obsidienne-doree\/","url":"https:\/\/aufildespierres.com\/index.php\/product\/palet-miroir-en-obsidienne-doree\/","name":"Palet miroir en Obsidienne dor\u00e9e - Au fil des pierres","isPartOf":{"@id":"https:\/\/aufildespierres.com\/#website"},"primaryImageOfPage":{"@id":"https:\/\/aufildespierres.com\/index.php\/product\/palet-miroir-en-obsidienne-doree\/#primaryimage"},"image":{"@id":"https:\/\/aufildespierres.com\/index.php\/product\/palet-miroir-en-obsidienne-doree\/#primaryimage"},"thumbnailUrl":"https:\/\/aufildespierres.com\/wp-content\/uploads\/2024\/01\/20240110_101609-scaled.jpg","datePublished":"2024-01-10T11:03:09+00:00","dateModified":"2026-04-30T19:52:21+00:00","description":"Palet en Obsidienne dor\u00e9e AAA : favorise l\u2019introspection, r\u00e9v\u00e8le la v\u00e9rit\u00e9 int\u00e9rieure et \u00e9quilibre les \u00e9motions. Id\u00e9al pour transformation.","breadcrumb":{"@id":"https:\/\/aufildespierres.com\/index.php\/product\/palet-miroir-en-obsidienne-doree\/#breadcrumb"},"inLanguage":"fr-FR","potentialAction":[{"@type":"ReadAction","target":["https:\/\/aufildespierres.com\/index.php\/product\/palet-miroir-en-obsidienne-doree\/"]}]},{"@type":"ImageObject","inLanguage":"fr-FR","@id":"https:\/\/aufildespierres.com\/index.php\/product\/palet-miroir-en-obsidienne-doree\/#primaryimage","url":"https:\/\/aufildespierres.com\/wp-content\/uploads\/2024\/01\/20240110_101609-scaled.jpg","contentUrl":"https:\/\/aufildespierres.com\/wp-content\/uploads\/2024\/01\/20240110_101609-scaled.jpg","width":2330,"height":2560},{"@type":"BreadcrumbList","@id":"https:\/\/aufildespierres.com\/index.php\/product\/palet-miroir-en-obsidienne-doree\/#breadcrumb","itemListElement":[{"@type":"ListItem","position":1,"name":"Accueil","item":"https:\/\/aufildespierres.com\/"},{"@type":"ListItem","position":2,"name":"Boutique de Lithoth\u00e9rapie","item":"https:\/\/aufildespierres.com\/index.php\/boutique-de-lithotherapie\/"},{"@type":"ListItem","position":3,"name":"Palet miroir en Obsidienne dor\u00e9e"}]},{"@type":"WebSite","@id":"https:\/\/aufildespierres.com\/#website","url":"https:\/\/aufildespierres.com\/","name":"Au fil des pierres","description":"Au fil des pierres","publisher":{"@id":"https:\/\/aufildespierres.com\/#organization"},"potentialAction":[{"@type":"SearchAction","target":{"@type":"EntryPoint","urlTemplate":"https:\/\/aufildespierres.com\/?s={search_term_string}"},"query-input":{"@type":"PropertyValueSpecification","valueRequired":true,"valueName":"search_term_string"}}],"inLanguage":"fr-FR"},{"@type":"Organization","@id":"https:\/\/aufildespierres.com\/#organization","name":"Au fil des pierres","url":"https:\/\/aufildespierres.com\/","logo":{"@type":"ImageObject","inLanguage":"fr-FR","@id":"https:\/\/aufildespierres.com\/#\/schema\/logo\/image\/","url":"https:\/\/aufildespierres.com\/wp-content\/uploads\/2023\/05\/cropped-Logo-PNG-Transparent.png","contentUrl":"https:\/\/aufildespierres.com\/wp-content\/uploads\/2023\/05\/cropped-Logo-PNG-Transparent.png","width":1776,"height":1625,"caption":"Au fil des pierres"},"image":{"@id":"https:\/\/aufildespierres.com\/#\/schema\/logo\/image\/"}}]}},"_links":{"self":[{"href":"https:\/\/aufildespierres.com\/index.php\/wp-json\/wp\/v2\/product\/1880","targetHints":{"allow":["GET"]}}],"collection":[{"href":"https:\/\/aufildespierres.com\/index.php\/wp-json\/wp\/v2\/product"}],"about":[{"href":"https:\/\/aufildespierres.com\/index.php\/wp-json\/wp\/v2\/types\/product"}],"replies":[{"embeddable":true,"href":"https:\/\/aufildespierres.com\/index.php\/wp-json\/wp\/v2\/comments?post=1880"}],"wp:featuredmedia":[{"embeddable":true,"href":"https:\/\/aufildespierres.com\/index.php\/wp-json\/wp\/v2\/media\/1882"}],"wp:attachment":[{"href":"https:\/\/aufildespierres.com\/index.php\/wp-json\/wp\/v2\/media?parent=1880"}],"wp:term":[{"taxonomy":"product_brand","embeddable":true,"href":"https:\/\/aufildespierres.com\/index.php\/wp-json\/wp\/v2\/product_brand?post=1880"},{"taxonomy":"product_cat","embeddable":true,"href":"https:\/\/aufildespierres.com\/index.php\/wp-json\/wp\/v2\/product_cat?post=1880"},{"taxonomy":"product_tag","embeddable":true,"href":"https:\/\/aufildespierres.com\/index.php\/wp-json\/wp\/v2\/product_tag?post=1880"}],"curies":[{"name":"wp","href":"https:\/\/api.w.org\/{rel}","templated":true}]}}