{"id":1901,"date":"2024-01-10T12:44:07","date_gmt":"2024-01-10T11:44:07","guid":{"rendered":"https:\/\/aufildespierres.com\/?post_type=product&#038;p=1901"},"modified":"2025-09-10T19:39:47","modified_gmt":"2025-09-10T17:39:47","slug":"bloc-de-bois-fossile","status":"publish","type":"product","link":"https:\/\/aufildespierres.com\/index.php\/product\/bloc-de-bois-fossile\/","title":{"rendered":"Bloc de Bois fossile"},"content":{"rendered":"<p><strong>Bloc de bois fossile brut avec face sup\u00e9rieure polie coloris bleu assez peu fr\u00e9quent<\/strong><\/p>\n<p>8,3 x 3,5 x 3,5 cm\u00a0 \u00a0200\u00a0 grammes<\/p>\n<p>Pierre d&rsquo;ancrage du chakra racine<\/p>\n<p>Ancrage lien Terre \/ m\u00e8re<\/p>\n<p>Bois fossile dont la mati\u00e8re organique du bois \u00a0a \u00e9t\u00e9 remplac\u00e9e par des min\u00e9raux par le principe de p\u00e9trification<\/p>\n<p>La p\u00e9trification se fait avec du bois enterr\u00e9 sous des s\u00e9diments sans oxyg\u00e8ne et en contact avec de l&rsquo;eau et des min\u00e9raux.<\/p>\n<p>Il est possible de trouver plusieurs min\u00e9raux et les couleurs sont sp\u00e9cifiques \u00e0 chaque arbre et son enfouissement et les min\u00e9raux qu&rsquo;il contient.<\/p>\n<p>&nbsp;<\/p>\n<p>Syst\u00e8me cristallin\u00a0: Amorphe Chakra racine et plexus selon les couleurs\u00a0;\u00a0 Oxydes<\/p>\n<p>Duret\u00e9\u00a0: 6,5 \u00e0 7<\/p>\n<p>Couleurs\u00a0: beige, jaune\u00a0 brun rouge rose violet gris noir<\/p>\n<p>Purification\u00a0: passage sous l\u2019eau , sauge , enfouissement dans la terre<\/p>\n<p>Rechargement\u00a0: lumi\u00e8re du soleil du matin ou soir , lune .<\/p>\n<p>Signes Astrologiques\u00a0: Lion Vierge<\/p>\n<p>Propri\u00e9t\u00e9s psychiques\u00a0:<\/p>\n<ul>\n<li>Favorise patience et l\u00e2cher prise, diminution de l\u2019\u00e9tat de contr\u00f4le \u00a0ancrage et transmission<\/li>\n<li>Apporte plus de stabilit\u00e9 et contr\u00f4le pour \u00eatre attentif<\/li>\n<li>Diminue les croyances limitantes et aide \u00e0 prendre de la distance par rapport aux \u00e9v\u00e8nements<\/li>\n<li>Favorise la concentration en canalisant l\u2019esprit sur ce qui est prioritaire<\/li>\n<li>Permet d&rsquo;ajouter de la sagesse et du courage pour traverser les \u00e9preuves de la vie.<\/li>\n<li>Aide \u00e0 se sentir en connexion avec le monde qui nous entoure min\u00e9ral comme v\u00e9g\u00e9tal et humain et \u00e0 se centrer sur soi<\/li>\n<\/ul>\n<p>Propri\u00e9t\u00e9s physiques\u00a0:<\/p>\n<p>Aide \u00e0 ralentir et respecter le rythme naturel de son corps<\/p>\n<ul>\n<li>Renforce le corps au niveau des articulations et tendons et renforce le syst\u00e8me nerveux<\/li>\n<li>Soulage de la fatigue chronique et apporte \u00e9nergie et vitalit\u00e9.<\/li>\n<li>Aide \u00e0 la perte de bois et lutte contre l\u2019ob\u00e9sit\u00e9 en boostant le m\u00e9tabolisme et diminuant le stockage des graisses<\/li>\n<li>R\u00e9duit l\u2019hyperactivit\u00e9 des adultes comme des enfants<\/li>\n<\/ul>\n<p>&nbsp;<\/p>\n","protected":false},"excerpt":{"rendered":"<p>Ancrage connexion au monde et \u00e0 soi<\/p>\n","protected":false},"featured_media":4182,"comment_status":"open","ping_status":"closed","template":"","meta":{"site-sidebar-layout":"default","site-content-layout":"","ast-site-content-layout":"default","site-content-style":"default","site-sidebar-style":"default","ast-global-header-display":"","ast-banner-title-visibility":"","ast-main-header-display":"","ast-hfb-above-header-display":"","ast-hfb-below-header-display":"","ast-hfb-mobile-header-display":"","site-post-title":"","ast-breadcrumbs-content":"","ast-featured-img":"","footer-sml-layout":"","ast-disable-related-posts":"","theme-transparent-header-meta":"default","adv-header-id-meta":"","stick-header-meta":"","header-above-stick-meta":"","header-main-stick-meta":"","header-below-stick-meta":"","astra-migrate-meta-layouts":"set","ast-page-background-enabled":"default","ast-page-background-meta":{"desktop":{"background-color":"var(--ast-global-color-4)","background-image":"","background-repeat":"repeat","background-position":"center center","background-size":"auto","background-attachment":"scroll","background-type":"","background-media":"","overlay-type":"","overlay-color":"","overlay-opacity":"","overlay-gradient":""},"tablet":{"background-color":"","background-image":"","background-repeat":"repeat","background-position":"center center","background-size":"auto","background-attachment":"scroll","background-type":"","background-media":"","overlay-type":"","overlay-color":"","overlay-opacity":"","overlay-gradient":""},"mobile":{"background-color":"","background-image":"","background-repeat":"repeat","background-position":"center center","background-size":"auto","background-attachment":"scroll","background-type":"","background-media":"","overlay-type":"","overlay-color":"","overlay-opacity":"","overlay-gradient":""}},"ast-content-background-meta":{"desktop":{"background-color":"var(--ast-global-color-5)","background-image":"","background-repeat":"repeat","background-position":"center center","background-size":"auto","background-attachment":"scroll","background-type":"","background-media":"","overlay-type":"","overlay-color":"","overlay-opacity":"","overlay-gradient":""},"tablet":{"background-color":"var(--ast-global-color-5)","background-image":"","background-repeat":"repeat","background-position":"center center","background-size":"auto","background-attachment":"scroll","background-type":"","background-media":"","overlay-type":"","overlay-color":"","overlay-opacity":"","overlay-gradient":""},"mobile":{"background-color":"var(--ast-global-color-5)","background-image":"","background-repeat":"repeat","background-position":"center center","background-size":"auto","background-attachment":"scroll","background-type":"","background-media":"","overlay-type":"","overlay-color":"","overlay-opacity":"","overlay-gradient":""}},"_glsr_average":0,"_glsr_ranking":0,"_glsr_reviews":0},"product_brand":[],"product_cat":[123,136,72,135,49,31],"product_tag":[],"class_list":{"0":"post-1901","1":"product","2":"type-product","3":"status-publish","4":"has-post-thumbnail","6":"product_cat-ancrage-et-determination","7":"product_cat-beige","8":"product_cat-bleu","9":"product_cat-bois-fossile","10":"product_cat-confiance-en-soi","11":"product_cat-pierres-brutes","12":"desktop-align-left","13":"tablet-align-left","14":"mobile-align-left","16":"first","17":"instock","18":"purchasable","19":"product-type-simple"},"yoast_head":"<!-- This site is optimized with the Yoast SEO plugin v27.5 - https:\/\/yoast.com\/product\/yoast-seo-wordpress\/ -->\n<title>Bloc de Bois fossile - Au fil des pierres<\/title>\n<meta name=\"description\" content=\"&quot;Bloc de bois fossile : pierre d\u2019ancrage et de sagesse, t\u00e9moin du temps et de la transformation. Favorise la stabilit\u00e9, la patience et la connexion \u00e0 la Terre.&quot;\" \/>\n<meta name=\"robots\" content=\"index, follow, max-snippet:-1, max-image-preview:large, max-video-preview:-1\" \/>\n<link rel=\"canonical\" href=\"https:\/\/aufildespierres.com\/index.php\/product\/bloc-de-bois-fossile\/\" \/>\n<meta property=\"og:locale\" content=\"fr_FR\" \/>\n<meta property=\"og:type\" content=\"article\" \/>\n<meta property=\"og:title\" content=\"Bloc de Bois fossile - Au fil des pierres\" \/>\n<meta property=\"og:description\" content=\"&quot;Bloc de bois fossile : pierre d\u2019ancrage et de sagesse, t\u00e9moin du temps et de la transformation. Favorise la stabilit\u00e9, la patience et la connexion \u00e0 la Terre.&quot;\" \/>\n<meta property=\"og:url\" content=\"https:\/\/aufildespierres.com\/index.php\/product\/bloc-de-bois-fossile\/\" \/>\n<meta property=\"og:site_name\" content=\"Au fil des pierres\" \/>\n<meta property=\"article:modified_time\" content=\"2025-09-10T17:39:47+00:00\" \/>\n<meta property=\"og:image\" content=\"https:\/\/aufildespierres.com\/wp-content\/uploads\/2024\/01\/20250910_172304-scaled.jpg\" \/>\n\t<meta property=\"og:image:width\" content=\"1441\" \/>\n\t<meta property=\"og:image:height\" content=\"2560\" \/>\n\t<meta property=\"og:image:type\" content=\"image\/jpeg\" \/>\n<meta name=\"twitter:card\" content=\"summary_large_image\" \/>\n<meta name=\"twitter:label1\" content=\"Dur\u00e9e de lecture estim\u00e9e\" \/>\n\t<meta name=\"twitter:data1\" content=\"2 minutes\" \/>\n<script type=\"application\/ld+json\" class=\"yoast-schema-graph\">{\"@context\":\"https:\\\/\\\/schema.org\",\"@graph\":[{\"@type\":\"WebPage\",\"@id\":\"https:\\\/\\\/aufildespierres.com\\\/index.php\\\/product\\\/bloc-de-bois-fossile\\\/\",\"url\":\"https:\\\/\\\/aufildespierres.com\\\/index.php\\\/product\\\/bloc-de-bois-fossile\\\/\",\"name\":\"Bloc de Bois fossile - Au fil des pierres\",\"isPartOf\":{\"@id\":\"https:\\\/\\\/aufildespierres.com\\\/#website\"},\"primaryImageOfPage\":{\"@id\":\"https:\\\/\\\/aufildespierres.com\\\/index.php\\\/product\\\/bloc-de-bois-fossile\\\/#primaryimage\"},\"image\":{\"@id\":\"https:\\\/\\\/aufildespierres.com\\\/index.php\\\/product\\\/bloc-de-bois-fossile\\\/#primaryimage\"},\"thumbnailUrl\":\"https:\\\/\\\/aufildespierres.com\\\/wp-content\\\/uploads\\\/2024\\\/01\\\/20250910_172304-scaled.jpg\",\"datePublished\":\"2024-01-10T11:44:07+00:00\",\"dateModified\":\"2025-09-10T17:39:47+00:00\",\"description\":\"\\\"Bloc de bois fossile : pierre d\u2019ancrage et de sagesse, t\u00e9moin du temps et de la transformation. Favorise la stabilit\u00e9, la patience et la connexion \u00e0 la Terre.\\\"\",\"breadcrumb\":{\"@id\":\"https:\\\/\\\/aufildespierres.com\\\/index.php\\\/product\\\/bloc-de-bois-fossile\\\/#breadcrumb\"},\"inLanguage\":\"fr-FR\",\"potentialAction\":[{\"@type\":\"ReadAction\",\"target\":[\"https:\\\/\\\/aufildespierres.com\\\/index.php\\\/product\\\/bloc-de-bois-fossile\\\/\"]}]},{\"@type\":\"ImageObject\",\"inLanguage\":\"fr-FR\",\"@id\":\"https:\\\/\\\/aufildespierres.com\\\/index.php\\\/product\\\/bloc-de-bois-fossile\\\/#primaryimage\",\"url\":\"https:\\\/\\\/aufildespierres.com\\\/wp-content\\\/uploads\\\/2024\\\/01\\\/20250910_172304-scaled.jpg\",\"contentUrl\":\"https:\\\/\\\/aufildespierres.com\\\/wp-content\\\/uploads\\\/2024\\\/01\\\/20250910_172304-scaled.jpg\",\"width\":1441,\"height\":2560},{\"@type\":\"BreadcrumbList\",\"@id\":\"https:\\\/\\\/aufildespierres.com\\\/index.php\\\/product\\\/bloc-de-bois-fossile\\\/#breadcrumb\",\"itemListElement\":[{\"@type\":\"ListItem\",\"position\":1,\"name\":\"Accueil\",\"item\":\"https:\\\/\\\/aufildespierres.com\\\/\"},{\"@type\":\"ListItem\",\"position\":2,\"name\":\"Boutique de Lithoth\u00e9rapie\",\"item\":\"https:\\\/\\\/aufildespierres.com\\\/index.php\\\/boutique-de-lithotherapie\\\/\"},{\"@type\":\"ListItem\",\"position\":3,\"name\":\"Bloc de Bois fossile\"}]},{\"@type\":\"WebSite\",\"@id\":\"https:\\\/\\\/aufildespierres.com\\\/#website\",\"url\":\"https:\\\/\\\/aufildespierres.com\\\/\",\"name\":\"Au fil des pierres\",\"description\":\"Au fil des pierres\",\"publisher\":{\"@id\":\"https:\\\/\\\/aufildespierres.com\\\/#organization\"},\"potentialAction\":[{\"@type\":\"SearchAction\",\"target\":{\"@type\":\"EntryPoint\",\"urlTemplate\":\"https:\\\/\\\/aufildespierres.com\\\/?s={search_term_string}\"},\"query-input\":{\"@type\":\"PropertyValueSpecification\",\"valueRequired\":true,\"valueName\":\"search_term_string\"}}],\"inLanguage\":\"fr-FR\"},{\"@type\":\"Organization\",\"@id\":\"https:\\\/\\\/aufildespierres.com\\\/#organization\",\"name\":\"Au fil des pierres\",\"url\":\"https:\\\/\\\/aufildespierres.com\\\/\",\"logo\":{\"@type\":\"ImageObject\",\"inLanguage\":\"fr-FR\",\"@id\":\"https:\\\/\\\/aufildespierres.com\\\/#\\\/schema\\\/logo\\\/image\\\/\",\"url\":\"https:\\\/\\\/aufildespierres.com\\\/wp-content\\\/uploads\\\/2023\\\/05\\\/cropped-Logo-PNG-Transparent.png\",\"contentUrl\":\"https:\\\/\\\/aufildespierres.com\\\/wp-content\\\/uploads\\\/2023\\\/05\\\/cropped-Logo-PNG-Transparent.png\",\"width\":1776,\"height\":1625,\"caption\":\"Au fil des pierres\"},\"image\":{\"@id\":\"https:\\\/\\\/aufildespierres.com\\\/#\\\/schema\\\/logo\\\/image\\\/\"}}]}<\/script>\n<!-- \/ Yoast SEO plugin. -->","yoast_head_json":{"title":"Bloc de Bois fossile - Au fil des pierres","description":"\"Bloc de bois fossile : pierre d\u2019ancrage et de sagesse, t\u00e9moin du temps et de la transformation. Favorise la stabilit\u00e9, la patience et la connexion \u00e0 la Terre.\"","robots":{"index":"index","follow":"follow","max-snippet":"max-snippet:-1","max-image-preview":"max-image-preview:large","max-video-preview":"max-video-preview:-1"},"canonical":"https:\/\/aufildespierres.com\/index.php\/product\/bloc-de-bois-fossile\/","og_locale":"fr_FR","og_type":"article","og_title":"Bloc de Bois fossile - Au fil des pierres","og_description":"\"Bloc de bois fossile : pierre d\u2019ancrage et de sagesse, t\u00e9moin du temps et de la transformation. Favorise la stabilit\u00e9, la patience et la connexion \u00e0 la Terre.\"","og_url":"https:\/\/aufildespierres.com\/index.php\/product\/bloc-de-bois-fossile\/","og_site_name":"Au fil des pierres","article_modified_time":"2025-09-10T17:39:47+00:00","og_image":[{"width":1441,"height":2560,"url":"https:\/\/aufildespierres.com\/wp-content\/uploads\/2024\/01\/20250910_172304-scaled.jpg","type":"image\/jpeg"}],"twitter_card":"summary_large_image","twitter_misc":{"Dur\u00e9e de lecture estim\u00e9e":"2 minutes"},"schema":{"@context":"https:\/\/schema.org","@graph":[{"@type":"WebPage","@id":"https:\/\/aufildespierres.com\/index.php\/product\/bloc-de-bois-fossile\/","url":"https:\/\/aufildespierres.com\/index.php\/product\/bloc-de-bois-fossile\/","name":"Bloc de Bois fossile - Au fil des pierres","isPartOf":{"@id":"https:\/\/aufildespierres.com\/#website"},"primaryImageOfPage":{"@id":"https:\/\/aufildespierres.com\/index.php\/product\/bloc-de-bois-fossile\/#primaryimage"},"image":{"@id":"https:\/\/aufildespierres.com\/index.php\/product\/bloc-de-bois-fossile\/#primaryimage"},"thumbnailUrl":"https:\/\/aufildespierres.com\/wp-content\/uploads\/2024\/01\/20250910_172304-scaled.jpg","datePublished":"2024-01-10T11:44:07+00:00","dateModified":"2025-09-10T17:39:47+00:00","description":"\"Bloc de bois fossile : pierre d\u2019ancrage et de sagesse, t\u00e9moin du temps et de la transformation. Favorise la stabilit\u00e9, la patience et la connexion \u00e0 la Terre.\"","breadcrumb":{"@id":"https:\/\/aufildespierres.com\/index.php\/product\/bloc-de-bois-fossile\/#breadcrumb"},"inLanguage":"fr-FR","potentialAction":[{"@type":"ReadAction","target":["https:\/\/aufildespierres.com\/index.php\/product\/bloc-de-bois-fossile\/"]}]},{"@type":"ImageObject","inLanguage":"fr-FR","@id":"https:\/\/aufildespierres.com\/index.php\/product\/bloc-de-bois-fossile\/#primaryimage","url":"https:\/\/aufildespierres.com\/wp-content\/uploads\/2024\/01\/20250910_172304-scaled.jpg","contentUrl":"https:\/\/aufildespierres.com\/wp-content\/uploads\/2024\/01\/20250910_172304-scaled.jpg","width":1441,"height":2560},{"@type":"BreadcrumbList","@id":"https:\/\/aufildespierres.com\/index.php\/product\/bloc-de-bois-fossile\/#breadcrumb","itemListElement":[{"@type":"ListItem","position":1,"name":"Accueil","item":"https:\/\/aufildespierres.com\/"},{"@type":"ListItem","position":2,"name":"Boutique de Lithoth\u00e9rapie","item":"https:\/\/aufildespierres.com\/index.php\/boutique-de-lithotherapie\/"},{"@type":"ListItem","position":3,"name":"Bloc de Bois fossile"}]},{"@type":"WebSite","@id":"https:\/\/aufildespierres.com\/#website","url":"https:\/\/aufildespierres.com\/","name":"Au fil des pierres","description":"Au fil des pierres","publisher":{"@id":"https:\/\/aufildespierres.com\/#organization"},"potentialAction":[{"@type":"SearchAction","target":{"@type":"EntryPoint","urlTemplate":"https:\/\/aufildespierres.com\/?s={search_term_string}"},"query-input":{"@type":"PropertyValueSpecification","valueRequired":true,"valueName":"search_term_string"}}],"inLanguage":"fr-FR"},{"@type":"Organization","@id":"https:\/\/aufildespierres.com\/#organization","name":"Au fil des pierres","url":"https:\/\/aufildespierres.com\/","logo":{"@type":"ImageObject","inLanguage":"fr-FR","@id":"https:\/\/aufildespierres.com\/#\/schema\/logo\/image\/","url":"https:\/\/aufildespierres.com\/wp-content\/uploads\/2023\/05\/cropped-Logo-PNG-Transparent.png","contentUrl":"https:\/\/aufildespierres.com\/wp-content\/uploads\/2023\/05\/cropped-Logo-PNG-Transparent.png","width":1776,"height":1625,"caption":"Au fil des pierres"},"image":{"@id":"https:\/\/aufildespierres.com\/#\/schema\/logo\/image\/"}}]}},"_links":{"self":[{"href":"https:\/\/aufildespierres.com\/index.php\/wp-json\/wp\/v2\/product\/1901","targetHints":{"allow":["GET"]}}],"collection":[{"href":"https:\/\/aufildespierres.com\/index.php\/wp-json\/wp\/v2\/product"}],"about":[{"href":"https:\/\/aufildespierres.com\/index.php\/wp-json\/wp\/v2\/types\/product"}],"replies":[{"embeddable":true,"href":"https:\/\/aufildespierres.com\/index.php\/wp-json\/wp\/v2\/comments?post=1901"}],"wp:featuredmedia":[{"embeddable":true,"href":"https:\/\/aufildespierres.com\/index.php\/wp-json\/wp\/v2\/media\/4182"}],"wp:attachment":[{"href":"https:\/\/aufildespierres.com\/index.php\/wp-json\/wp\/v2\/media?parent=1901"}],"wp:term":[{"taxonomy":"product_brand","embeddable":true,"href":"https:\/\/aufildespierres.com\/index.php\/wp-json\/wp\/v2\/product_brand?post=1901"},{"taxonomy":"product_cat","embeddable":true,"href":"https:\/\/aufildespierres.com\/index.php\/wp-json\/wp\/v2\/product_cat?post=1901"},{"taxonomy":"product_tag","embeddable":true,"href":"https:\/\/aufildespierres.com\/index.php\/wp-json\/wp\/v2\/product_tag?post=1901"}],"curies":[{"name":"wp","href":"https:\/\/api.w.org\/{rel}","templated":true}]}}