{"id":1928,"date":"2024-01-10T15:43:15","date_gmt":"2024-01-10T14:43:15","guid":{"rendered":"https:\/\/aufildespierres.com\/?post_type=product&#038;p=1928"},"modified":"2025-09-11T15:01:08","modified_gmt":"2025-09-11T13:01:08","slug":"galet-de-septaria-2","status":"publish","type":"product","link":"https:\/\/aufildespierres.com\/index.php\/product\/galet-de-septaria-2\/","title":{"rendered":"Galet de Septaria"},"content":{"rendered":"<h2 data-start=\"216\" data-end=\"271\">Galet de Septaria de Madagascar \u2013 Pierre du Dragon<\/h2>\n<p data-start=\"273\" data-end=\"325\"><strong data-start=\"273\" data-end=\"323\">Poids : 100 g\u00a0 \u2013 Dimensions : 45 x 60 mm environ<\/strong><\/p>\n<p data-start=\"327\" data-end=\"563\">Le <strong data-start=\"330\" data-end=\"351\">galet de septaria<\/strong>, aussi appel\u00e9e <em data-start=\"367\" data-end=\"385\">pierre du dragon<\/em>, est une pierre\u00a0 fascinante originaire de Madagascar. Reconnaissable \u00e0 ses motifs uniques, elle porte en elle l\u2019\u00e9nergie de la Terre et la m\u00e9moire des origines du monde. On l&rsquo;appelle aussi Septaria jaune contrairement \u00e0 la Septaria sauvage noire.<\/p>\n<h3 data-start=\"565\" data-end=\"609\">Propri\u00e9t\u00e9s \u00e9nerg\u00e9tiques de la Septaria<\/h3>\n<p data-start=\"610\" data-end=\"745\">En lithoth\u00e9rapie, la septaria agit principalement sur le <strong data-start=\"667\" data-end=\"684\">chakra racine<\/strong> et le <strong data-start=\"691\" data-end=\"719\">chakra du plexus solaire<\/strong>. Elle est connue pour :<\/p>\n<ul data-start=\"746\" data-end=\"1231\">\n<li data-start=\"746\" data-end=\"800\">\n<p data-start=\"748\" data-end=\"800\">Favoriser l\u2019ancrage et la connexion avec la Terre.<\/p>\n<\/li>\n<li data-start=\"801\" data-end=\"862\">\n<p data-start=\"803\" data-end=\"862\">Transformer les peurs en \u00e9nergie positive et lib\u00e9ratrice.<\/p>\n<\/li>\n<li data-start=\"863\" data-end=\"923\">\n<p data-start=\"865\" data-end=\"923\">Aider \u00e0 gu\u00e9rir les blessures \u00e9motionnelles de l\u2019enfance.<\/p>\n<\/li>\n<li data-start=\"924\" data-end=\"1000\">\n<p data-start=\"926\" data-end=\"1000\">Apporter courage, ma\u00eetrise de soi et confiance pour avancer dans la vie.<\/p>\n<\/li>\n<li data-start=\"1001\" data-end=\"1081\">\n<p data-start=\"1003\" data-end=\"1081\">Dissoudre les blocages \u00e9motionnels en profondeur et \u00e9viter les refoulements.<\/p>\n<\/li>\n<li data-start=\"1082\" data-end=\"1148\">\n<p data-start=\"1084\" data-end=\"1148\">Offrir un nouveau d\u00e9part en favorisant le renouveau int\u00e9rieur.<\/p>\n<\/li>\n<li data-start=\"1149\" data-end=\"1231\">\n<p data-start=\"1151\" data-end=\"1231\">Am\u00e9liorer la communication, apaiser les \u00e9motions et renforcer l\u2019estime de soi.<\/p>\n<\/li>\n<\/ul>\n<p data-start=\"1233\" data-end=\"1487\">La septaria est une pierre id\u00e9ale pour les pratiques de <strong data-start=\"1289\" data-end=\"1303\">m\u00e9ditation<\/strong>. Par ailleurs elle aide \u00e0 explorer les vies ant\u00e9rieures, \u00e0 \u00e9lever les pens\u00e9es tout en gardant un solide enracinement, et \u00e0 d\u00e9crypter les messages des r\u00eaves pour obtenir des r\u00e9ponses int\u00e9rieures.<\/p>\n<h3 data-start=\"1489\" data-end=\"1525\">Bienfaits sur le plan physique<\/h3>\n<p data-start=\"1526\" data-end=\"1635\">Traditionnellement, la septaria est associ\u00e9e au <strong data-start=\"1574\" data-end=\"1610\">soutien des os, muscles et dents<\/strong>. D&rsquo;autre part elle peut \u00e9galement :<\/p>\n<ul data-start=\"1636\" data-end=\"1854\">\n<li data-start=\"1636\" data-end=\"1698\">\n<p data-start=\"1638\" data-end=\"1698\">R\u00e9guler les troubles du sommeil et apaiser les cauchemars.<\/p>\n<\/li>\n<li data-start=\"1699\" data-end=\"1774\">\n<p data-start=\"1701\" data-end=\"1774\">Favoriser un sommeil r\u00e9parateur lorsqu\u2019elle est plac\u00e9e dans la chambre.<\/p>\n<\/li>\n<li data-start=\"1775\" data-end=\"1854\">\n<p data-start=\"1777\" data-end=\"1854\">Aider \u00e0 d\u00e9crypter les messages nocturnes pour mieux comprendre ses besoins.<\/p>\n<\/li>\n<\/ul>\n<h3 data-start=\"1856\" data-end=\"1890\">Purification et rechargement<\/h3>\n<ul data-start=\"1891\" data-end=\"2061\">\n<li data-start=\"1891\" data-end=\"1980\">\n<p data-start=\"1893\" data-end=\"1980\"><strong data-start=\"1893\" data-end=\"1911\">Purification :<\/strong> fumigation au palo santo ou \u00e0 la sauge blanche, ou \u00e0 l\u2019eau claire.<\/p>\n<\/li>\n<li data-start=\"1981\" data-end=\"2061\">\n<p data-start=\"1983\" data-end=\"2061\"><strong data-start=\"1983\" data-end=\"2001\">Rechargement :<\/strong> lumi\u00e8re douce du soleil ou d\u00e9p\u00f4t sur une g\u00e9ode de quartz.<\/p>\n<\/li>\n<\/ul>\n<hr data-start=\"2063\" data-end=\"2066\" \/>\n<p data-start=\"2068\" data-end=\"2308\">\u00a0Ce <strong data-start=\"2074\" data-end=\"2109\">galet de septaria de Madagascar<\/strong> est une pi\u00e8ce unique qui associe beaut\u00e9 naturelle, puissance \u00e9nerg\u00e9tique et symbolique spirituelle. De ce fait Il convient autant aux amateurs de lithoth\u00e9rapie qu\u2019aux passionn\u00e9s de min\u00e9raux et de d\u00e9coration.<\/p>\n","protected":false},"excerpt":{"rendered":"<p>Ancrage et travail sur les m\u00e9moires \u00e9motionnelles<\/p>\n","protected":false},"featured_media":1929,"comment_status":"open","ping_status":"closed","template":"","meta":{"site-sidebar-layout":"default","site-content-layout":"","ast-site-content-layout":"default","site-content-style":"default","site-sidebar-style":"default","ast-global-header-display":"","ast-banner-title-visibility":"","ast-main-header-display":"","ast-hfb-above-header-display":"","ast-hfb-below-header-display":"","ast-hfb-mobile-header-display":"","site-post-title":"","ast-breadcrumbs-content":"","ast-featured-img":"","footer-sml-layout":"","ast-disable-related-posts":"","theme-transparent-header-meta":"default","adv-header-id-meta":"","stick-header-meta":"","header-above-stick-meta":"","header-main-stick-meta":"","header-below-stick-meta":"","astra-migrate-meta-layouts":"set","ast-page-background-enabled":"default","ast-page-background-meta":{"desktop":{"background-color":"var(--ast-global-color-4)","background-image":"","background-repeat":"repeat","background-position":"center center","background-size":"auto","background-attachment":"scroll","background-type":"","background-media":"","overlay-type":"","overlay-color":"","overlay-opacity":"","overlay-gradient":""},"tablet":{"background-color":"","background-image":"","background-repeat":"repeat","background-position":"center center","background-size":"auto","background-attachment":"scroll","background-type":"","background-media":"","overlay-type":"","overlay-color":"","overlay-opacity":"","overlay-gradient":""},"mobile":{"background-color":"","background-image":"","background-repeat":"repeat","background-position":"center center","background-size":"auto","background-attachment":"scroll","background-type":"","background-media":"","overlay-type":"","overlay-color":"","overlay-opacity":"","overlay-gradient":""}},"ast-content-background-meta":{"desktop":{"background-color":"var(--ast-global-color-5)","background-image":"","background-repeat":"repeat","background-position":"center center","background-size":"auto","background-attachment":"scroll","background-type":"","background-media":"","overlay-type":"","overlay-color":"","overlay-opacity":"","overlay-gradient":""},"tablet":{"background-color":"var(--ast-global-color-5)","background-image":"","background-repeat":"repeat","background-position":"center center","background-size":"auto","background-attachment":"scroll","background-type":"","background-media":"","overlay-type":"","overlay-color":"","overlay-opacity":"","overlay-gradient":""},"mobile":{"background-color":"var(--ast-global-color-5)","background-image":"","background-repeat":"repeat","background-position":"center center","background-size":"auto","background-attachment":"scroll","background-type":"","background-media":"","overlay-type":"","overlay-color":"","overlay-opacity":"","overlay-gradient":""}},"_glsr_average":0,"_glsr_ranking":0,"_glsr_reviews":0},"product_brand":[],"product_cat":[123,198,84,103,32,176],"product_tag":[],"class_list":{"0":"post-1928","1":"product","2":"type-product","3":"status-publish","4":"has-post-thumbnail","6":"product_cat-ancrage-et-determination","7":"product_cat-galets","8":"product_cat-jaune","9":"product_cat-marron","10":"product_cat-pierres-polies","11":"product_cat-septaria","12":"desktop-align-left","13":"tablet-align-left","14":"mobile-align-left","16":"first","17":"instock","18":"purchasable","19":"product-type-simple"},"yoast_head":"<!-- This site is optimized with the Yoast SEO plugin v27.5 - https:\/\/yoast.com\/product\/yoast-seo-wordpress\/ -->\n<title>Galet de Septaria - Au fil des pierres<\/title>\n<meta name=\"description\" content=\"&quot;Galet de septaria naturelle, pierre d\u2019ancrage et de s\u00e9r\u00e9nit\u00e9. Favorise la stabilit\u00e9 int\u00e9rieure, la confiance et l\u2019\u00e9quilibre \u00e9motionnel en lithoth\u00e9rapie.&quot;\" \/>\n<meta name=\"robots\" content=\"index, follow, max-snippet:-1, max-image-preview:large, max-video-preview:-1\" \/>\n<link rel=\"canonical\" href=\"https:\/\/aufildespierres.com\/index.php\/product\/galet-de-septaria-2\/\" \/>\n<meta property=\"og:locale\" content=\"fr_FR\" \/>\n<meta property=\"og:type\" content=\"article\" \/>\n<meta property=\"og:title\" content=\"Galet de Septaria - Au fil des pierres\" \/>\n<meta property=\"og:description\" content=\"&quot;Galet de septaria naturelle, pierre d\u2019ancrage et de s\u00e9r\u00e9nit\u00e9. Favorise la stabilit\u00e9 int\u00e9rieure, la confiance et l\u2019\u00e9quilibre \u00e9motionnel en lithoth\u00e9rapie.&quot;\" \/>\n<meta property=\"og:url\" content=\"https:\/\/aufildespierres.com\/index.php\/product\/galet-de-septaria-2\/\" \/>\n<meta property=\"og:site_name\" content=\"Au fil des pierres\" \/>\n<meta property=\"article:modified_time\" content=\"2025-09-11T13:01:08+00:00\" \/>\n<meta property=\"og:image\" content=\"https:\/\/aufildespierres.com\/wp-content\/uploads\/2024\/01\/20240110_102434-scaled.jpg\" \/>\n\t<meta property=\"og:image:width\" content=\"2385\" \/>\n\t<meta property=\"og:image:height\" content=\"2560\" \/>\n\t<meta property=\"og:image:type\" content=\"image\/jpeg\" \/>\n<meta name=\"twitter:card\" content=\"summary_large_image\" \/>\n<meta name=\"twitter:label1\" content=\"Dur\u00e9e de lecture estim\u00e9e\" \/>\n\t<meta name=\"twitter:data1\" content=\"2 minutes\" \/>\n<script type=\"application\/ld+json\" class=\"yoast-schema-graph\">{\"@context\":\"https:\\\/\\\/schema.org\",\"@graph\":[{\"@type\":\"WebPage\",\"@id\":\"https:\\\/\\\/aufildespierres.com\\\/index.php\\\/product\\\/galet-de-septaria-2\\\/\",\"url\":\"https:\\\/\\\/aufildespierres.com\\\/index.php\\\/product\\\/galet-de-septaria-2\\\/\",\"name\":\"Galet de Septaria - Au fil des pierres\",\"isPartOf\":{\"@id\":\"https:\\\/\\\/aufildespierres.com\\\/#website\"},\"primaryImageOfPage\":{\"@id\":\"https:\\\/\\\/aufildespierres.com\\\/index.php\\\/product\\\/galet-de-septaria-2\\\/#primaryimage\"},\"image\":{\"@id\":\"https:\\\/\\\/aufildespierres.com\\\/index.php\\\/product\\\/galet-de-septaria-2\\\/#primaryimage\"},\"thumbnailUrl\":\"https:\\\/\\\/aufildespierres.com\\\/wp-content\\\/uploads\\\/2024\\\/01\\\/20240110_102434-scaled.jpg\",\"datePublished\":\"2024-01-10T14:43:15+00:00\",\"dateModified\":\"2025-09-11T13:01:08+00:00\",\"description\":\"\\\"Galet de septaria naturelle, pierre d\u2019ancrage et de s\u00e9r\u00e9nit\u00e9. Favorise la stabilit\u00e9 int\u00e9rieure, la confiance et l\u2019\u00e9quilibre \u00e9motionnel en lithoth\u00e9rapie.\\\"\",\"breadcrumb\":{\"@id\":\"https:\\\/\\\/aufildespierres.com\\\/index.php\\\/product\\\/galet-de-septaria-2\\\/#breadcrumb\"},\"inLanguage\":\"fr-FR\",\"potentialAction\":[{\"@type\":\"ReadAction\",\"target\":[\"https:\\\/\\\/aufildespierres.com\\\/index.php\\\/product\\\/galet-de-septaria-2\\\/\"]}]},{\"@type\":\"ImageObject\",\"inLanguage\":\"fr-FR\",\"@id\":\"https:\\\/\\\/aufildespierres.com\\\/index.php\\\/product\\\/galet-de-septaria-2\\\/#primaryimage\",\"url\":\"https:\\\/\\\/aufildespierres.com\\\/wp-content\\\/uploads\\\/2024\\\/01\\\/20240110_102434-scaled.jpg\",\"contentUrl\":\"https:\\\/\\\/aufildespierres.com\\\/wp-content\\\/uploads\\\/2024\\\/01\\\/20240110_102434-scaled.jpg\",\"width\":2385,\"height\":2560},{\"@type\":\"BreadcrumbList\",\"@id\":\"https:\\\/\\\/aufildespierres.com\\\/index.php\\\/product\\\/galet-de-septaria-2\\\/#breadcrumb\",\"itemListElement\":[{\"@type\":\"ListItem\",\"position\":1,\"name\":\"Accueil\",\"item\":\"https:\\\/\\\/aufildespierres.com\\\/\"},{\"@type\":\"ListItem\",\"position\":2,\"name\":\"Boutique de Lithoth\u00e9rapie\",\"item\":\"https:\\\/\\\/aufildespierres.com\\\/index.php\\\/boutique-de-lithotherapie\\\/\"},{\"@type\":\"ListItem\",\"position\":3,\"name\":\"Galet de Septaria\"}]},{\"@type\":\"WebSite\",\"@id\":\"https:\\\/\\\/aufildespierres.com\\\/#website\",\"url\":\"https:\\\/\\\/aufildespierres.com\\\/\",\"name\":\"Au fil des pierres\",\"description\":\"Au fil des pierres\",\"publisher\":{\"@id\":\"https:\\\/\\\/aufildespierres.com\\\/#organization\"},\"potentialAction\":[{\"@type\":\"SearchAction\",\"target\":{\"@type\":\"EntryPoint\",\"urlTemplate\":\"https:\\\/\\\/aufildespierres.com\\\/?s={search_term_string}\"},\"query-input\":{\"@type\":\"PropertyValueSpecification\",\"valueRequired\":true,\"valueName\":\"search_term_string\"}}],\"inLanguage\":\"fr-FR\"},{\"@type\":\"Organization\",\"@id\":\"https:\\\/\\\/aufildespierres.com\\\/#organization\",\"name\":\"Au fil des pierres\",\"url\":\"https:\\\/\\\/aufildespierres.com\\\/\",\"logo\":{\"@type\":\"ImageObject\",\"inLanguage\":\"fr-FR\",\"@id\":\"https:\\\/\\\/aufildespierres.com\\\/#\\\/schema\\\/logo\\\/image\\\/\",\"url\":\"https:\\\/\\\/aufildespierres.com\\\/wp-content\\\/uploads\\\/2023\\\/05\\\/cropped-Logo-PNG-Transparent.png\",\"contentUrl\":\"https:\\\/\\\/aufildespierres.com\\\/wp-content\\\/uploads\\\/2023\\\/05\\\/cropped-Logo-PNG-Transparent.png\",\"width\":1776,\"height\":1625,\"caption\":\"Au fil des pierres\"},\"image\":{\"@id\":\"https:\\\/\\\/aufildespierres.com\\\/#\\\/schema\\\/logo\\\/image\\\/\"}}]}<\/script>\n<!-- \/ Yoast SEO plugin. -->","yoast_head_json":{"title":"Galet de Septaria - Au fil des pierres","description":"\"Galet de septaria naturelle, pierre d\u2019ancrage et de s\u00e9r\u00e9nit\u00e9. Favorise la stabilit\u00e9 int\u00e9rieure, la confiance et l\u2019\u00e9quilibre \u00e9motionnel en lithoth\u00e9rapie.\"","robots":{"index":"index","follow":"follow","max-snippet":"max-snippet:-1","max-image-preview":"max-image-preview:large","max-video-preview":"max-video-preview:-1"},"canonical":"https:\/\/aufildespierres.com\/index.php\/product\/galet-de-septaria-2\/","og_locale":"fr_FR","og_type":"article","og_title":"Galet de Septaria - Au fil des pierres","og_description":"\"Galet de septaria naturelle, pierre d\u2019ancrage et de s\u00e9r\u00e9nit\u00e9. Favorise la stabilit\u00e9 int\u00e9rieure, la confiance et l\u2019\u00e9quilibre \u00e9motionnel en lithoth\u00e9rapie.\"","og_url":"https:\/\/aufildespierres.com\/index.php\/product\/galet-de-septaria-2\/","og_site_name":"Au fil des pierres","article_modified_time":"2025-09-11T13:01:08+00:00","og_image":[{"width":2385,"height":2560,"url":"https:\/\/aufildespierres.com\/wp-content\/uploads\/2024\/01\/20240110_102434-scaled.jpg","type":"image\/jpeg"}],"twitter_card":"summary_large_image","twitter_misc":{"Dur\u00e9e de lecture estim\u00e9e":"2 minutes"},"schema":{"@context":"https:\/\/schema.org","@graph":[{"@type":"WebPage","@id":"https:\/\/aufildespierres.com\/index.php\/product\/galet-de-septaria-2\/","url":"https:\/\/aufildespierres.com\/index.php\/product\/galet-de-septaria-2\/","name":"Galet de Septaria - Au fil des pierres","isPartOf":{"@id":"https:\/\/aufildespierres.com\/#website"},"primaryImageOfPage":{"@id":"https:\/\/aufildespierres.com\/index.php\/product\/galet-de-septaria-2\/#primaryimage"},"image":{"@id":"https:\/\/aufildespierres.com\/index.php\/product\/galet-de-septaria-2\/#primaryimage"},"thumbnailUrl":"https:\/\/aufildespierres.com\/wp-content\/uploads\/2024\/01\/20240110_102434-scaled.jpg","datePublished":"2024-01-10T14:43:15+00:00","dateModified":"2025-09-11T13:01:08+00:00","description":"\"Galet de septaria naturelle, pierre d\u2019ancrage et de s\u00e9r\u00e9nit\u00e9. Favorise la stabilit\u00e9 int\u00e9rieure, la confiance et l\u2019\u00e9quilibre \u00e9motionnel en lithoth\u00e9rapie.\"","breadcrumb":{"@id":"https:\/\/aufildespierres.com\/index.php\/product\/galet-de-septaria-2\/#breadcrumb"},"inLanguage":"fr-FR","potentialAction":[{"@type":"ReadAction","target":["https:\/\/aufildespierres.com\/index.php\/product\/galet-de-septaria-2\/"]}]},{"@type":"ImageObject","inLanguage":"fr-FR","@id":"https:\/\/aufildespierres.com\/index.php\/product\/galet-de-septaria-2\/#primaryimage","url":"https:\/\/aufildespierres.com\/wp-content\/uploads\/2024\/01\/20240110_102434-scaled.jpg","contentUrl":"https:\/\/aufildespierres.com\/wp-content\/uploads\/2024\/01\/20240110_102434-scaled.jpg","width":2385,"height":2560},{"@type":"BreadcrumbList","@id":"https:\/\/aufildespierres.com\/index.php\/product\/galet-de-septaria-2\/#breadcrumb","itemListElement":[{"@type":"ListItem","position":1,"name":"Accueil","item":"https:\/\/aufildespierres.com\/"},{"@type":"ListItem","position":2,"name":"Boutique de Lithoth\u00e9rapie","item":"https:\/\/aufildespierres.com\/index.php\/boutique-de-lithotherapie\/"},{"@type":"ListItem","position":3,"name":"Galet de Septaria"}]},{"@type":"WebSite","@id":"https:\/\/aufildespierres.com\/#website","url":"https:\/\/aufildespierres.com\/","name":"Au fil des pierres","description":"Au fil des pierres","publisher":{"@id":"https:\/\/aufildespierres.com\/#organization"},"potentialAction":[{"@type":"SearchAction","target":{"@type":"EntryPoint","urlTemplate":"https:\/\/aufildespierres.com\/?s={search_term_string}"},"query-input":{"@type":"PropertyValueSpecification","valueRequired":true,"valueName":"search_term_string"}}],"inLanguage":"fr-FR"},{"@type":"Organization","@id":"https:\/\/aufildespierres.com\/#organization","name":"Au fil des pierres","url":"https:\/\/aufildespierres.com\/","logo":{"@type":"ImageObject","inLanguage":"fr-FR","@id":"https:\/\/aufildespierres.com\/#\/schema\/logo\/image\/","url":"https:\/\/aufildespierres.com\/wp-content\/uploads\/2023\/05\/cropped-Logo-PNG-Transparent.png","contentUrl":"https:\/\/aufildespierres.com\/wp-content\/uploads\/2023\/05\/cropped-Logo-PNG-Transparent.png","width":1776,"height":1625,"caption":"Au fil des pierres"},"image":{"@id":"https:\/\/aufildespierres.com\/#\/schema\/logo\/image\/"}}]}},"_links":{"self":[{"href":"https:\/\/aufildespierres.com\/index.php\/wp-json\/wp\/v2\/product\/1928","targetHints":{"allow":["GET"]}}],"collection":[{"href":"https:\/\/aufildespierres.com\/index.php\/wp-json\/wp\/v2\/product"}],"about":[{"href":"https:\/\/aufildespierres.com\/index.php\/wp-json\/wp\/v2\/types\/product"}],"replies":[{"embeddable":true,"href":"https:\/\/aufildespierres.com\/index.php\/wp-json\/wp\/v2\/comments?post=1928"}],"wp:featuredmedia":[{"embeddable":true,"href":"https:\/\/aufildespierres.com\/index.php\/wp-json\/wp\/v2\/media\/1929"}],"wp:attachment":[{"href":"https:\/\/aufildespierres.com\/index.php\/wp-json\/wp\/v2\/media?parent=1928"}],"wp:term":[{"taxonomy":"product_brand","embeddable":true,"href":"https:\/\/aufildespierres.com\/index.php\/wp-json\/wp\/v2\/product_brand?post=1928"},{"taxonomy":"product_cat","embeddable":true,"href":"https:\/\/aufildespierres.com\/index.php\/wp-json\/wp\/v2\/product_cat?post=1928"},{"taxonomy":"product_tag","embeddable":true,"href":"https:\/\/aufildespierres.com\/index.php\/wp-json\/wp\/v2\/product_tag?post=1928"}],"curies":[{"name":"wp","href":"https:\/\/api.w.org\/{rel}","templated":true}]}}