{"id":1960,"date":"2024-01-10T16:43:59","date_gmt":"2024-01-10T15:43:59","guid":{"rendered":"https:\/\/aufildespierres.com\/?post_type=product&#038;p=1960"},"modified":"2026-04-23T10:35:09","modified_gmt":"2026-04-23T08:35:09","slug":"petite-pierre-de-tourmaline","status":"publish","type":"product","link":"https:\/\/aufildespierres.com\/index.php\/product\/petite-pierre-de-tourmaline\/","title":{"rendered":"Petite pierre de TOURMALINE"},"content":{"rendered":"<p><strong>Petite pierre brute\u00a0 de Tourmaline noire\u00a0<\/strong><\/p>\n<p>envoi al\u00e9atoire d&rsquo;une pierre parmi la photo<\/p>\n<p>poids entre 10 et 15 grammes<\/p>\n<p><strong>TOURMALINE NOIRE<\/strong><\/p>\n<p>Pierre adapt\u00e9e aux personnes \u00e9lectrosensibles<\/p>\n<ul>\n<li>Associ\u00e9e au chakra racine elle permet ancrage et connexion \u00e0 la terre, stabilise s\u00e9curise<\/li>\n<li>Prot\u00e8ge des ondes n\u00e9gatives, telluriques, \u00e9lectromagn\u00e9tiques mais aussi attaque psychique, mal\u00e9dictions, jalousie, envie<\/li>\n<li>Augmente l&rsquo;\u00e9nergie et la vitalit\u00e9 physique, \u00a0diminue les blocages<\/li>\n<li>Fortifie le syst\u00e8me immunitaire<\/li>\n<li>R\u00e9gule les d\u00e9r\u00e8glements hormonaux et syst\u00e8me endocrinien<\/li>\n<li>Am\u00e9liore la circulation sanguine<\/li>\n<li>Renforce le syst\u00e8me digestif<\/li>\n<li>Diminue tensions et stress, permet de se recentrer, aide \u00e0 se comprendre<\/li>\n<li>Adapt\u00e9e aux personnes hyperactives, speed pour temporiser et ralentir<\/li>\n<li>Purifie l&rsquo;aura et l&rsquo;ensemble des chakras<\/li>\n<li>Soulage stress et comportement obsessionnel compulsif<\/li>\n<li>Equilibre le masculin et le f\u00e9minin<\/li>\n<li>Equilibre les 2 h\u00e9misph\u00e8res du cerveau<\/li>\n<li>Diminue le chagrin, r\u00e9sorbe les sch\u00e9mas n\u00e9gatifs<\/li>\n<li>Attire amiti\u00e9, inspiration, compassion<\/li>\n<li>Permet la m\u00e9ditation sur l&rsquo;avenir<\/li>\n<\/ul>\n<p>Agit comme une prise de terre en calmant et alignant les personnes et en purifiant les lieux de vie.<\/p>\n<p><strong>Les \u00e9nergies de protection sont plus efficaces si le porteur \u00e9met une intention li\u00e9e \u00e0 la finalit\u00e9 souhait\u00e9e en relation avec sa pierre.<\/strong><\/p>\n<p>&nbsp;<\/p>\n","protected":false},"excerpt":{"rendered":"<p>Petite pierre brute\u00a0 de Tourmaline noire\u00a0 envoi al\u00e9atoire d&rsquo;une pierre parmi la photo poids entre 10 et 15 grammes TOURMALINE NOIRE Pierre adapt\u00e9e aux personnes \u00e9lectrosensibles Associ\u00e9e au chakra racine elle permet ancrage et connexion \u00e0 la terre, stabilise s\u00e9curise Prot\u00e8ge des ondes n\u00e9gatives, telluriques, \u00e9lectromagn\u00e9tiques mais aussi attaque psychique, mal\u00e9dictions, jalousie, envie Augmente l&rsquo;\u00e9nergie [&hellip;]<\/p>\n","protected":false},"featured_media":1961,"comment_status":"open","ping_status":"closed","template":"","meta":{"site-sidebar-layout":"default","site-content-layout":"","ast-site-content-layout":"default","site-content-style":"default","site-sidebar-style":"default","ast-global-header-display":"","ast-banner-title-visibility":"","ast-main-header-display":"","ast-hfb-above-header-display":"","ast-hfb-below-header-display":"","ast-hfb-mobile-header-display":"","site-post-title":"","ast-breadcrumbs-content":"","ast-featured-img":"","footer-sml-layout":"","ast-disable-related-posts":"","theme-transparent-header-meta":"default","adv-header-id-meta":"","stick-header-meta":"","header-above-stick-meta":"","header-main-stick-meta":"","header-below-stick-meta":"","astra-migrate-meta-layouts":"set","ast-page-background-enabled":"default","ast-page-background-meta":{"desktop":{"background-color":"var(--ast-global-color-4)","background-image":"","background-repeat":"repeat","background-position":"center center","background-size":"auto","background-attachment":"scroll","background-type":"","background-media":"","overlay-type":"","overlay-color":"","overlay-opacity":"","overlay-gradient":""},"tablet":{"background-color":"","background-image":"","background-repeat":"repeat","background-position":"center center","background-size":"auto","background-attachment":"scroll","background-type":"","background-media":"","overlay-type":"","overlay-color":"","overlay-opacity":"","overlay-gradient":""},"mobile":{"background-color":"","background-image":"","background-repeat":"repeat","background-position":"center center","background-size":"auto","background-attachment":"scroll","background-type":"","background-media":"","overlay-type":"","overlay-color":"","overlay-opacity":"","overlay-gradient":""}},"ast-content-background-meta":{"desktop":{"background-color":"var(--ast-global-color-5)","background-image":"","background-repeat":"repeat","background-position":"center center","background-size":"auto","background-attachment":"scroll","background-type":"","background-media":"","overlay-type":"","overlay-color":"","overlay-opacity":"","overlay-gradient":""},"tablet":{"background-color":"var(--ast-global-color-5)","background-image":"","background-repeat":"repeat","background-position":"center center","background-size":"auto","background-attachment":"scroll","background-type":"","background-media":"","overlay-type":"","overlay-color":"","overlay-opacity":"","overlay-gradient":""},"mobile":{"background-color":"var(--ast-global-color-5)","background-image":"","background-repeat":"repeat","background-position":"center center","background-size":"auto","background-attachment":"scroll","background-type":"","background-media":"","overlay-type":"","overlay-color":"","overlay-opacity":"","overlay-gradient":""}},"_glsr_average":0,"_glsr_ranking":0,"_glsr_reviews":0},"product_brand":[],"product_cat":[66,31,68],"product_tag":[],"class_list":{"0":"post-1960","1":"product","2":"type-product","3":"status-publish","4":"has-post-thumbnail","6":"product_cat-noir","7":"product_cat-pierres-brutes","8":"product_cat-tourmaline-noire","9":"desktop-align-left","10":"tablet-align-left","11":"mobile-align-left","13":"first","14":"instock","15":"purchasable","16":"product-type-simple"},"yoast_head":"<!-- This site is optimized with the Yoast SEO plugin v27.5 - https:\/\/yoast.com\/product\/yoast-seo-wordpress\/ -->\n<title>Petite pierre de TOURMALINE - Au fil des pierres<\/title>\n<meta name=\"robots\" content=\"index, follow, max-snippet:-1, max-image-preview:large, max-video-preview:-1\" \/>\n<link rel=\"canonical\" href=\"https:\/\/aufildespierres.com\/index.php\/product\/petite-pierre-de-tourmaline\/\" \/>\n<meta property=\"og:locale\" content=\"fr_FR\" \/>\n<meta property=\"og:type\" content=\"article\" \/>\n<meta property=\"og:title\" content=\"Petite pierre de TOURMALINE - Au fil des pierres\" \/>\n<meta property=\"og:description\" content=\"Petite pierre brute\u00a0 de Tourmaline noire\u00a0 envoi al\u00e9atoire d&rsquo;une pierre parmi la photo poids entre 10 et 15 grammes TOURMALINE NOIRE Pierre adapt\u00e9e aux personnes \u00e9lectrosensibles Associ\u00e9e au chakra racine elle permet ancrage et connexion \u00e0 la terre, stabilise s\u00e9curise Prot\u00e8ge des ondes n\u00e9gatives, telluriques, \u00e9lectromagn\u00e9tiques mais aussi attaque psychique, mal\u00e9dictions, jalousie, envie Augmente l&rsquo;\u00e9nergie [&hellip;]\" \/>\n<meta property=\"og:url\" content=\"https:\/\/aufildespierres.com\/index.php\/product\/petite-pierre-de-tourmaline\/\" \/>\n<meta property=\"og:site_name\" content=\"Au fil des pierres\" \/>\n<meta property=\"article:modified_time\" content=\"2026-04-23T08:35:09+00:00\" \/>\n<meta property=\"og:image\" content=\"https:\/\/aufildespierres.com\/wp-content\/uploads\/2024\/01\/20240110_100131-scaled.jpg\" \/>\n\t<meta property=\"og:image:width\" content=\"2560\" \/>\n\t<meta property=\"og:image:height\" content=\"2447\" \/>\n\t<meta property=\"og:image:type\" content=\"image\/jpeg\" \/>\n<meta name=\"twitter:card\" content=\"summary_large_image\" \/>\n<meta name=\"twitter:label1\" content=\"Dur\u00e9e de lecture estim\u00e9e\" \/>\n\t<meta name=\"twitter:data1\" content=\"1 minute\" \/>\n<script type=\"application\/ld+json\" class=\"yoast-schema-graph\">{\"@context\":\"https:\\\/\\\/schema.org\",\"@graph\":[{\"@type\":\"WebPage\",\"@id\":\"https:\\\/\\\/aufildespierres.com\\\/index.php\\\/product\\\/petite-pierre-de-tourmaline\\\/\",\"url\":\"https:\\\/\\\/aufildespierres.com\\\/index.php\\\/product\\\/petite-pierre-de-tourmaline\\\/\",\"name\":\"Petite pierre de TOURMALINE - Au fil des pierres\",\"isPartOf\":{\"@id\":\"https:\\\/\\\/aufildespierres.com\\\/#website\"},\"primaryImageOfPage\":{\"@id\":\"https:\\\/\\\/aufildespierres.com\\\/index.php\\\/product\\\/petite-pierre-de-tourmaline\\\/#primaryimage\"},\"image\":{\"@id\":\"https:\\\/\\\/aufildespierres.com\\\/index.php\\\/product\\\/petite-pierre-de-tourmaline\\\/#primaryimage\"},\"thumbnailUrl\":\"https:\\\/\\\/aufildespierres.com\\\/wp-content\\\/uploads\\\/2024\\\/01\\\/20240110_100131-scaled.jpg\",\"datePublished\":\"2024-01-10T15:43:59+00:00\",\"dateModified\":\"2026-04-23T08:35:09+00:00\",\"breadcrumb\":{\"@id\":\"https:\\\/\\\/aufildespierres.com\\\/index.php\\\/product\\\/petite-pierre-de-tourmaline\\\/#breadcrumb\"},\"inLanguage\":\"fr-FR\",\"potentialAction\":[{\"@type\":\"ReadAction\",\"target\":[\"https:\\\/\\\/aufildespierres.com\\\/index.php\\\/product\\\/petite-pierre-de-tourmaline\\\/\"]}]},{\"@type\":\"ImageObject\",\"inLanguage\":\"fr-FR\",\"@id\":\"https:\\\/\\\/aufildespierres.com\\\/index.php\\\/product\\\/petite-pierre-de-tourmaline\\\/#primaryimage\",\"url\":\"https:\\\/\\\/aufildespierres.com\\\/wp-content\\\/uploads\\\/2024\\\/01\\\/20240110_100131-scaled.jpg\",\"contentUrl\":\"https:\\\/\\\/aufildespierres.com\\\/wp-content\\\/uploads\\\/2024\\\/01\\\/20240110_100131-scaled.jpg\",\"width\":2560,\"height\":2447},{\"@type\":\"BreadcrumbList\",\"@id\":\"https:\\\/\\\/aufildespierres.com\\\/index.php\\\/product\\\/petite-pierre-de-tourmaline\\\/#breadcrumb\",\"itemListElement\":[{\"@type\":\"ListItem\",\"position\":1,\"name\":\"Accueil\",\"item\":\"https:\\\/\\\/aufildespierres.com\\\/\"},{\"@type\":\"ListItem\",\"position\":2,\"name\":\"Boutique de Lithoth\u00e9rapie\",\"item\":\"https:\\\/\\\/aufildespierres.com\\\/index.php\\\/boutique-de-lithotherapie\\\/\"},{\"@type\":\"ListItem\",\"position\":3,\"name\":\"Petite pierre de TOURMALINE\"}]},{\"@type\":\"WebSite\",\"@id\":\"https:\\\/\\\/aufildespierres.com\\\/#website\",\"url\":\"https:\\\/\\\/aufildespierres.com\\\/\",\"name\":\"Au fil des pierres\",\"description\":\"Au fil des pierres\",\"publisher\":{\"@id\":\"https:\\\/\\\/aufildespierres.com\\\/#organization\"},\"potentialAction\":[{\"@type\":\"SearchAction\",\"target\":{\"@type\":\"EntryPoint\",\"urlTemplate\":\"https:\\\/\\\/aufildespierres.com\\\/?s={search_term_string}\"},\"query-input\":{\"@type\":\"PropertyValueSpecification\",\"valueRequired\":true,\"valueName\":\"search_term_string\"}}],\"inLanguage\":\"fr-FR\"},{\"@type\":\"Organization\",\"@id\":\"https:\\\/\\\/aufildespierres.com\\\/#organization\",\"name\":\"Au fil des pierres\",\"url\":\"https:\\\/\\\/aufildespierres.com\\\/\",\"logo\":{\"@type\":\"ImageObject\",\"inLanguage\":\"fr-FR\",\"@id\":\"https:\\\/\\\/aufildespierres.com\\\/#\\\/schema\\\/logo\\\/image\\\/\",\"url\":\"https:\\\/\\\/aufildespierres.com\\\/wp-content\\\/uploads\\\/2023\\\/05\\\/cropped-Logo-PNG-Transparent.png\",\"contentUrl\":\"https:\\\/\\\/aufildespierres.com\\\/wp-content\\\/uploads\\\/2023\\\/05\\\/cropped-Logo-PNG-Transparent.png\",\"width\":1776,\"height\":1625,\"caption\":\"Au fil des pierres\"},\"image\":{\"@id\":\"https:\\\/\\\/aufildespierres.com\\\/#\\\/schema\\\/logo\\\/image\\\/\"}}]}<\/script>\n<!-- \/ Yoast SEO plugin. -->","yoast_head_json":{"title":"Petite pierre de TOURMALINE - Au fil des pierres","robots":{"index":"index","follow":"follow","max-snippet":"max-snippet:-1","max-image-preview":"max-image-preview:large","max-video-preview":"max-video-preview:-1"},"canonical":"https:\/\/aufildespierres.com\/index.php\/product\/petite-pierre-de-tourmaline\/","og_locale":"fr_FR","og_type":"article","og_title":"Petite pierre de TOURMALINE - Au fil des pierres","og_description":"Petite pierre brute\u00a0 de Tourmaline noire\u00a0 envoi al\u00e9atoire d&rsquo;une pierre parmi la photo poids entre 10 et 15 grammes TOURMALINE NOIRE Pierre adapt\u00e9e aux personnes \u00e9lectrosensibles Associ\u00e9e au chakra racine elle permet ancrage et connexion \u00e0 la terre, stabilise s\u00e9curise Prot\u00e8ge des ondes n\u00e9gatives, telluriques, \u00e9lectromagn\u00e9tiques mais aussi attaque psychique, mal\u00e9dictions, jalousie, envie Augmente l&rsquo;\u00e9nergie [&hellip;]","og_url":"https:\/\/aufildespierres.com\/index.php\/product\/petite-pierre-de-tourmaline\/","og_site_name":"Au fil des pierres","article_modified_time":"2026-04-23T08:35:09+00:00","og_image":[{"width":2560,"height":2447,"url":"https:\/\/aufildespierres.com\/wp-content\/uploads\/2024\/01\/20240110_100131-scaled.jpg","type":"image\/jpeg"}],"twitter_card":"summary_large_image","twitter_misc":{"Dur\u00e9e de lecture estim\u00e9e":"1 minute"},"schema":{"@context":"https:\/\/schema.org","@graph":[{"@type":"WebPage","@id":"https:\/\/aufildespierres.com\/index.php\/product\/petite-pierre-de-tourmaline\/","url":"https:\/\/aufildespierres.com\/index.php\/product\/petite-pierre-de-tourmaline\/","name":"Petite pierre de TOURMALINE - Au fil des pierres","isPartOf":{"@id":"https:\/\/aufildespierres.com\/#website"},"primaryImageOfPage":{"@id":"https:\/\/aufildespierres.com\/index.php\/product\/petite-pierre-de-tourmaline\/#primaryimage"},"image":{"@id":"https:\/\/aufildespierres.com\/index.php\/product\/petite-pierre-de-tourmaline\/#primaryimage"},"thumbnailUrl":"https:\/\/aufildespierres.com\/wp-content\/uploads\/2024\/01\/20240110_100131-scaled.jpg","datePublished":"2024-01-10T15:43:59+00:00","dateModified":"2026-04-23T08:35:09+00:00","breadcrumb":{"@id":"https:\/\/aufildespierres.com\/index.php\/product\/petite-pierre-de-tourmaline\/#breadcrumb"},"inLanguage":"fr-FR","potentialAction":[{"@type":"ReadAction","target":["https:\/\/aufildespierres.com\/index.php\/product\/petite-pierre-de-tourmaline\/"]}]},{"@type":"ImageObject","inLanguage":"fr-FR","@id":"https:\/\/aufildespierres.com\/index.php\/product\/petite-pierre-de-tourmaline\/#primaryimage","url":"https:\/\/aufildespierres.com\/wp-content\/uploads\/2024\/01\/20240110_100131-scaled.jpg","contentUrl":"https:\/\/aufildespierres.com\/wp-content\/uploads\/2024\/01\/20240110_100131-scaled.jpg","width":2560,"height":2447},{"@type":"BreadcrumbList","@id":"https:\/\/aufildespierres.com\/index.php\/product\/petite-pierre-de-tourmaline\/#breadcrumb","itemListElement":[{"@type":"ListItem","position":1,"name":"Accueil","item":"https:\/\/aufildespierres.com\/"},{"@type":"ListItem","position":2,"name":"Boutique de Lithoth\u00e9rapie","item":"https:\/\/aufildespierres.com\/index.php\/boutique-de-lithotherapie\/"},{"@type":"ListItem","position":3,"name":"Petite pierre de TOURMALINE"}]},{"@type":"WebSite","@id":"https:\/\/aufildespierres.com\/#website","url":"https:\/\/aufildespierres.com\/","name":"Au fil des pierres","description":"Au fil des pierres","publisher":{"@id":"https:\/\/aufildespierres.com\/#organization"},"potentialAction":[{"@type":"SearchAction","target":{"@type":"EntryPoint","urlTemplate":"https:\/\/aufildespierres.com\/?s={search_term_string}"},"query-input":{"@type":"PropertyValueSpecification","valueRequired":true,"valueName":"search_term_string"}}],"inLanguage":"fr-FR"},{"@type":"Organization","@id":"https:\/\/aufildespierres.com\/#organization","name":"Au fil des pierres","url":"https:\/\/aufildespierres.com\/","logo":{"@type":"ImageObject","inLanguage":"fr-FR","@id":"https:\/\/aufildespierres.com\/#\/schema\/logo\/image\/","url":"https:\/\/aufildespierres.com\/wp-content\/uploads\/2023\/05\/cropped-Logo-PNG-Transparent.png","contentUrl":"https:\/\/aufildespierres.com\/wp-content\/uploads\/2023\/05\/cropped-Logo-PNG-Transparent.png","width":1776,"height":1625,"caption":"Au fil des pierres"},"image":{"@id":"https:\/\/aufildespierres.com\/#\/schema\/logo\/image\/"}}]}},"_links":{"self":[{"href":"https:\/\/aufildespierres.com\/index.php\/wp-json\/wp\/v2\/product\/1960","targetHints":{"allow":["GET"]}}],"collection":[{"href":"https:\/\/aufildespierres.com\/index.php\/wp-json\/wp\/v2\/product"}],"about":[{"href":"https:\/\/aufildespierres.com\/index.php\/wp-json\/wp\/v2\/types\/product"}],"replies":[{"embeddable":true,"href":"https:\/\/aufildespierres.com\/index.php\/wp-json\/wp\/v2\/comments?post=1960"}],"wp:featuredmedia":[{"embeddable":true,"href":"https:\/\/aufildespierres.com\/index.php\/wp-json\/wp\/v2\/media\/1961"}],"wp:attachment":[{"href":"https:\/\/aufildespierres.com\/index.php\/wp-json\/wp\/v2\/media?parent=1960"}],"wp:term":[{"taxonomy":"product_brand","embeddable":true,"href":"https:\/\/aufildespierres.com\/index.php\/wp-json\/wp\/v2\/product_brand?post=1960"},{"taxonomy":"product_cat","embeddable":true,"href":"https:\/\/aufildespierres.com\/index.php\/wp-json\/wp\/v2\/product_cat?post=1960"},{"taxonomy":"product_tag","embeddable":true,"href":"https:\/\/aufildespierres.com\/index.php\/wp-json\/wp\/v2\/product_tag?post=1960"}],"curies":[{"name":"wp","href":"https:\/\/api.w.org\/{rel}","templated":true}]}}