{"id":1996,"date":"2024-01-19T10:30:13","date_gmt":"2024-01-19T09:30:13","guid":{"rendered":"https:\/\/aufildespierres.com\/?post_type=product&#038;p=1996"},"modified":"2025-04-01T18:10:14","modified_gmt":"2025-04-01T16:10:14","slug":"bracelet-amethyste-kunzite-quartz-fraise","status":"publish","type":"product","link":"https:\/\/aufildespierres.com\/index.php\/product\/bracelet-amethyste-kunzite-quartz-fraise\/","title":{"rendered":"Bracelet Am\u00e9thyste Kunzite Quartz fraise"},"content":{"rendered":"<p>Bracelet en 8mm\u00a0 convenant pour un poignet de 17 a 18 cm compos\u00e9 de<\/p>\n<p>Am\u00e9thyste fonc\u00e9e, Kunzite( violac\u00e9 )\u00a0 et quartz fraise .<\/p>\n<p><strong>Am\u00e9thyste : <\/strong><\/p>\n<p><strong>Propri\u00e9t\u00e9s psychiques :<\/strong><\/p>\n<ul>\n<li>Pierre de s\u00e9r\u00e9nit\u00e9, paix int\u00e9rieure et m\u00e9ditation qui calme les nerveux et col\u00e9reux<\/li>\n<li>Equilibre le mental, l\u2019\u00e9motionnel et le physique<\/li>\n<li>Eveille le spirituel , \u00a0aide \u00e0 la concentration mentale et \u00e0 la prise de d\u00e9cision<\/li>\n<li>Renforce la volont\u00e9 et la confiance en soi et limite les esprits born\u00e9s<\/li>\n<li>Aide \u00e0 accepter ce qui est diff\u00e9rent et \u00e9tranger \u00e0 nous<\/li>\n<li>D\u00e9veloppe sagesse, humilit\u00e9 clart\u00e9 de l\u2019esprit<\/li>\n<li>Dissipe les peurs et phobies anxi\u00e9t\u00e9 et tristesse, col\u00e8re et chagrins<\/li>\n<li>Aide lors des deuils et s\u00e9parations ( accompagne les d\u00e9funts au passage d\u2019\u00e2me et aide les vivants a surmonter. Diminue col\u00e8re et tristesse en cas de rupture<\/li>\n<li>Travaille sur les pulsions et \u00e9motions causant des souffrances\u00a0; permet de se contr\u00f4ler lors d\u2019un r\u00e9gime ou sous d\u00e9pendance<\/li>\n<li>Adapt\u00e9e aux personnes impulsives et excessives, \u00a0pierre de signe de feu.<\/li>\n<\/ul>\n<ul>\n<li>Favorise les communications au sein d\u2019une relation<\/li>\n<li>Stimule le pouvoir de s\u00e9duction et assurance<\/li>\n<li>Consolide les liens d\u2019une relation existante et encourage la fid\u00e9lit\u00e9<\/li>\n<li>Pour diminuer le stress en d\u00e9but de relation, all\u00e8ge les tensions psychiques et les \u00e9motions pour \u00eatre soi -m\u00eame et plus naturel .<\/li>\n<\/ul>\n<p><strong>Propri\u00e9t\u00e9s physiques :<\/strong><\/p>\n<ul>\n<li>Peut Favoriser le sommeil si l&rsquo;insomnie est li\u00e9e \u00e0 une activit\u00e9 c\u00e9r\u00e9brale excessive, diminue les cauchemars . poser sur le chevet<\/li>\n<li>Calme les maux de t\u00eate et migraines, fatigue oculaire<\/li>\n<li>D\u00e9tends les muscles contract\u00e9s par le stress, dos nuque \u00e9paule<\/li>\n<li>Purifie une personne ou un lieu<\/li>\n<li>Utile pour m\u00e9tabolisme, syst\u00e8me immunitaire, nerveux et sympathique et circulatoire , tension musculaire, affections respiratoires.<\/li>\n<li>B\u00e9n\u00e9fique au c\u0153ur, estomac, dents, os foie et glandes endocrines, cicatrisation des tissus .<\/li>\n<\/ul>\n<ul>\n<li>Nettoie le sang et les fluides du corps<\/li>\n<li>Aide contre les compulsions et addictions (tabac , alcool) et les tocs ; elle nettoie le corps des mauvaises choses absorb\u00e9es mais aussi de nos mauvaises pens\u00e9es qui peuvent avoir un impact sur la digestion.<\/li>\n<\/ul>\n<p><strong>KUNZITE :\u00a0<\/strong><\/p>\n<p>Pierre d\u2019apaisement qui r\u00e9duit les effets du stress<\/p>\n<p>Diminue le trac, l\u2019appr\u00e9hension et aide \u00e0 la concentration<\/p>\n<p>Elimine les blocages d\u2019\u00e9nergie responsables de maladies<\/p>\n<p>Conseill\u00e9e en cas de d\u00e9pression, burn out et perturbations.<\/p>\n<p>Aide \u00e0 g\u00e9rer l\u2019\u00e9motionnel et les carences affectives<\/p>\n<p>Stimule c\u0153ur et esprit et peut provoquer des r\u00eaves amoureux .<\/p>\n<p>Calme les chagrins suite \u00e0 une peine de c\u0153ur .<\/p>\n<p>Soutient la circulation sanguine et renforce le c\u0153ur<\/p>\n<p>Equilibre le syst\u00e8me digestif en diminuant les acidit\u00e9s, et en calmant les douleurs gastriques ,les hormones ,diminue les douleurs articulaires<\/p>\n<p>Donne de la force pour lutter contre des addictions au tabac et \u00e0 l\u2019alcool.<\/p>\n<p>&nbsp;<\/p>\n<p><strong><em>Le quartz fraise<\/em><\/strong><\/p>\n<ul>\n<li>Pierre d&rsquo;amour qui renforcera la joie amoureuse, le pouvoir d&rsquo;attraction, la sensualit\u00e9, les liens familiaux.<\/li>\n<li>Equilibre le mental et les \u00e9motions<\/li>\n<li>Diminue les tensions et favorise apaisement de l&rsquo;esprit, s\u00e9r\u00e9nit\u00e9.<\/li>\n<li>Renforce le syst\u00e8me immunitaire.<\/li>\n<\/ul>\n<p>&nbsp;<\/p>\n","protected":false},"excerpt":{"rendered":"<p>Anti addiction, apaisement des tensions \u00e9motionnelles<\/p>\n","protected":false},"featured_media":1988,"comment_status":"open","ping_status":"closed","template":"","meta":{"site-sidebar-layout":"default","site-content-layout":"","ast-site-content-layout":"default","site-content-style":"default","site-sidebar-style":"default","ast-global-header-display":"","ast-banner-title-visibility":"","ast-main-header-display":"","ast-hfb-above-header-display":"","ast-hfb-below-header-display":"","ast-hfb-mobile-header-display":"","site-post-title":"","ast-breadcrumbs-content":"","ast-featured-img":"","footer-sml-layout":"","ast-disable-related-posts":"","theme-transparent-header-meta":"default","adv-header-id-meta":"","stick-header-meta":"","header-above-stick-meta":"","header-main-stick-meta":"","header-below-stick-meta":"","astra-migrate-meta-layouts":"set","ast-page-background-enabled":"default","ast-page-background-meta":{"desktop":{"background-color":"var(--ast-global-color-4)","background-image":"","background-repeat":"repeat","background-position":"center center","background-size":"auto","background-attachment":"scroll","background-type":"","background-media":"","overlay-type":"","overlay-color":"","overlay-opacity":"","overlay-gradient":""},"tablet":{"background-color":"","background-image":"","background-repeat":"repeat","background-position":"center center","background-size":"auto","background-attachment":"scroll","background-type":"","background-media":"","overlay-type":"","overlay-color":"","overlay-opacity":"","overlay-gradient":""},"mobile":{"background-color":"","background-image":"","background-repeat":"repeat","background-position":"center center","background-size":"auto","background-attachment":"scroll","background-type":"","background-media":"","overlay-type":"","overlay-color":"","overlay-opacity":"","overlay-gradient":""}},"ast-content-background-meta":{"desktop":{"background-color":"var(--ast-global-color-5)","background-image":"","background-repeat":"repeat","background-position":"center center","background-size":"auto","background-attachment":"scroll","background-type":"","background-media":"","overlay-type":"","overlay-color":"","overlay-opacity":"","overlay-gradient":""},"tablet":{"background-color":"var(--ast-global-color-5)","background-image":"","background-repeat":"repeat","background-position":"center center","background-size":"auto","background-attachment":"scroll","background-type":"","background-media":"","overlay-type":"","overlay-color":"","overlay-opacity":"","overlay-gradient":""},"mobile":{"background-color":"var(--ast-global-color-5)","background-image":"","background-repeat":"repeat","background-position":"center center","background-size":"auto","background-attachment":"scroll","background-type":"","background-media":"","overlay-type":"","overlay-color":"","overlay-opacity":"","overlay-gradient":""}},"_glsr_average":0,"_glsr_ranking":0,"_glsr_reviews":0},"product_brand":[],"product_cat":[54,70,219,204,65,69],"product_tag":[],"class_list":{"0":"post-1996","1":"product","2":"type-product","3":"status-publish","4":"has-post-thumbnail","6":"product_cat-8-mm","7":"product_cat-amethyste","8":"product_cat-kunzite","9":"product_cat-quartz-fraise","10":"product_cat-rose","11":"product_cat-violet","12":"desktop-align-left","13":"tablet-align-left","14":"mobile-align-left","16":"first","17":"outofstock","18":"purchasable","19":"product-type-simple"},"yoast_head":"<!-- This site is optimized with the Yoast SEO plugin v27.3 - https:\/\/yoast.com\/product\/yoast-seo-wordpress\/ -->\n<title>Bracelet Am\u00e9thyste Kunzite Quartz fraise - Au fil des pierres<\/title>\n<meta name=\"robots\" content=\"index, follow, max-snippet:-1, max-image-preview:large, max-video-preview:-1\" \/>\n<link rel=\"canonical\" href=\"https:\/\/aufildespierres.com\/index.php\/product\/bracelet-amethyste-kunzite-quartz-fraise\/\" \/>\n<meta property=\"og:locale\" content=\"fr_FR\" \/>\n<meta property=\"og:type\" content=\"article\" \/>\n<meta property=\"og:title\" content=\"Bracelet Am\u00e9thyste Kunzite Quartz fraise - Au fil des pierres\" \/>\n<meta property=\"og:description\" content=\"Anti addiction, apaisement des tensions \u00e9motionnelles\" \/>\n<meta property=\"og:url\" content=\"https:\/\/aufildespierres.com\/index.php\/product\/bracelet-amethyste-kunzite-quartz-fraise\/\" \/>\n<meta property=\"og:site_name\" content=\"Au fil des pierres\" \/>\n<meta property=\"article:modified_time\" content=\"2025-04-01T16:10:14+00:00\" \/>\n<meta property=\"og:image\" content=\"https:\/\/aufildespierres.com\/wp-content\/uploads\/2024\/01\/20240119_100133-scaled.jpg\" \/>\n\t<meta property=\"og:image:width\" content=\"1920\" \/>\n\t<meta property=\"og:image:height\" content=\"2560\" \/>\n\t<meta property=\"og:image:type\" content=\"image\/jpeg\" \/>\n<meta name=\"twitter:card\" content=\"summary_large_image\" \/>\n<meta name=\"twitter:label1\" content=\"Dur\u00e9e de lecture estim\u00e9e\" \/>\n\t<meta name=\"twitter:data1\" content=\"3 minutes\" \/>\n<script type=\"application\/ld+json\" class=\"yoast-schema-graph\">{\"@context\":\"https:\\\/\\\/schema.org\",\"@graph\":[{\"@type\":\"WebPage\",\"@id\":\"https:\\\/\\\/aufildespierres.com\\\/index.php\\\/product\\\/bracelet-amethyste-kunzite-quartz-fraise\\\/\",\"url\":\"https:\\\/\\\/aufildespierres.com\\\/index.php\\\/product\\\/bracelet-amethyste-kunzite-quartz-fraise\\\/\",\"name\":\"Bracelet Am\u00e9thyste Kunzite Quartz fraise - Au fil des pierres\",\"isPartOf\":{\"@id\":\"https:\\\/\\\/aufildespierres.com\\\/#website\"},\"primaryImageOfPage\":{\"@id\":\"https:\\\/\\\/aufildespierres.com\\\/index.php\\\/product\\\/bracelet-amethyste-kunzite-quartz-fraise\\\/#primaryimage\"},\"image\":{\"@id\":\"https:\\\/\\\/aufildespierres.com\\\/index.php\\\/product\\\/bracelet-amethyste-kunzite-quartz-fraise\\\/#primaryimage\"},\"thumbnailUrl\":\"https:\\\/\\\/aufildespierres.com\\\/wp-content\\\/uploads\\\/2024\\\/01\\\/20240119_100133-scaled.jpg\",\"datePublished\":\"2024-01-19T09:30:13+00:00\",\"dateModified\":\"2025-04-01T16:10:14+00:00\",\"breadcrumb\":{\"@id\":\"https:\\\/\\\/aufildespierres.com\\\/index.php\\\/product\\\/bracelet-amethyste-kunzite-quartz-fraise\\\/#breadcrumb\"},\"inLanguage\":\"fr-FR\",\"potentialAction\":[{\"@type\":\"ReadAction\",\"target\":[\"https:\\\/\\\/aufildespierres.com\\\/index.php\\\/product\\\/bracelet-amethyste-kunzite-quartz-fraise\\\/\"]}]},{\"@type\":\"ImageObject\",\"inLanguage\":\"fr-FR\",\"@id\":\"https:\\\/\\\/aufildespierres.com\\\/index.php\\\/product\\\/bracelet-amethyste-kunzite-quartz-fraise\\\/#primaryimage\",\"url\":\"https:\\\/\\\/aufildespierres.com\\\/wp-content\\\/uploads\\\/2024\\\/01\\\/20240119_100133-scaled.jpg\",\"contentUrl\":\"https:\\\/\\\/aufildespierres.com\\\/wp-content\\\/uploads\\\/2024\\\/01\\\/20240119_100133-scaled.jpg\",\"width\":1920,\"height\":2560},{\"@type\":\"BreadcrumbList\",\"@id\":\"https:\\\/\\\/aufildespierres.com\\\/index.php\\\/product\\\/bracelet-amethyste-kunzite-quartz-fraise\\\/#breadcrumb\",\"itemListElement\":[{\"@type\":\"ListItem\",\"position\":1,\"name\":\"Accueil\",\"item\":\"https:\\\/\\\/aufildespierres.com\\\/\"},{\"@type\":\"ListItem\",\"position\":2,\"name\":\"Boutique de Lithoth\u00e9rapie\",\"item\":\"https:\\\/\\\/aufildespierres.com\\\/index.php\\\/boutique-de-lithotherapie\\\/\"},{\"@type\":\"ListItem\",\"position\":3,\"name\":\"Bracelet Am\u00e9thyste Kunzite Quartz fraise\"}]},{\"@type\":\"WebSite\",\"@id\":\"https:\\\/\\\/aufildespierres.com\\\/#website\",\"url\":\"https:\\\/\\\/aufildespierres.com\\\/\",\"name\":\"Au fil des pierres\",\"description\":\"Au fil des pierres\",\"publisher\":{\"@id\":\"https:\\\/\\\/aufildespierres.com\\\/#organization\"},\"potentialAction\":[{\"@type\":\"SearchAction\",\"target\":{\"@type\":\"EntryPoint\",\"urlTemplate\":\"https:\\\/\\\/aufildespierres.com\\\/?s={search_term_string}\"},\"query-input\":{\"@type\":\"PropertyValueSpecification\",\"valueRequired\":true,\"valueName\":\"search_term_string\"}}],\"inLanguage\":\"fr-FR\"},{\"@type\":\"Organization\",\"@id\":\"https:\\\/\\\/aufildespierres.com\\\/#organization\",\"name\":\"Au fil des pierres\",\"url\":\"https:\\\/\\\/aufildespierres.com\\\/\",\"logo\":{\"@type\":\"ImageObject\",\"inLanguage\":\"fr-FR\",\"@id\":\"https:\\\/\\\/aufildespierres.com\\\/#\\\/schema\\\/logo\\\/image\\\/\",\"url\":\"https:\\\/\\\/aufildespierres.com\\\/wp-content\\\/uploads\\\/2023\\\/05\\\/cropped-Logo-PNG-Transparent.png\",\"contentUrl\":\"https:\\\/\\\/aufildespierres.com\\\/wp-content\\\/uploads\\\/2023\\\/05\\\/cropped-Logo-PNG-Transparent.png\",\"width\":1776,\"height\":1625,\"caption\":\"Au fil des pierres\"},\"image\":{\"@id\":\"https:\\\/\\\/aufildespierres.com\\\/#\\\/schema\\\/logo\\\/image\\\/\"}}]}<\/script>\n<!-- \/ Yoast SEO plugin. -->","yoast_head_json":{"title":"Bracelet Am\u00e9thyste Kunzite Quartz fraise - Au fil des pierres","robots":{"index":"index","follow":"follow","max-snippet":"max-snippet:-1","max-image-preview":"max-image-preview:large","max-video-preview":"max-video-preview:-1"},"canonical":"https:\/\/aufildespierres.com\/index.php\/product\/bracelet-amethyste-kunzite-quartz-fraise\/","og_locale":"fr_FR","og_type":"article","og_title":"Bracelet Am\u00e9thyste Kunzite Quartz fraise - Au fil des pierres","og_description":"Anti addiction, apaisement des tensions \u00e9motionnelles","og_url":"https:\/\/aufildespierres.com\/index.php\/product\/bracelet-amethyste-kunzite-quartz-fraise\/","og_site_name":"Au fil des pierres","article_modified_time":"2025-04-01T16:10:14+00:00","og_image":[{"width":1920,"height":2560,"url":"https:\/\/aufildespierres.com\/wp-content\/uploads\/2024\/01\/20240119_100133-scaled.jpg","type":"image\/jpeg"}],"twitter_card":"summary_large_image","twitter_misc":{"Dur\u00e9e de lecture estim\u00e9e":"3 minutes"},"schema":{"@context":"https:\/\/schema.org","@graph":[{"@type":"WebPage","@id":"https:\/\/aufildespierres.com\/index.php\/product\/bracelet-amethyste-kunzite-quartz-fraise\/","url":"https:\/\/aufildespierres.com\/index.php\/product\/bracelet-amethyste-kunzite-quartz-fraise\/","name":"Bracelet Am\u00e9thyste Kunzite Quartz fraise - Au fil des pierres","isPartOf":{"@id":"https:\/\/aufildespierres.com\/#website"},"primaryImageOfPage":{"@id":"https:\/\/aufildespierres.com\/index.php\/product\/bracelet-amethyste-kunzite-quartz-fraise\/#primaryimage"},"image":{"@id":"https:\/\/aufildespierres.com\/index.php\/product\/bracelet-amethyste-kunzite-quartz-fraise\/#primaryimage"},"thumbnailUrl":"https:\/\/aufildespierres.com\/wp-content\/uploads\/2024\/01\/20240119_100133-scaled.jpg","datePublished":"2024-01-19T09:30:13+00:00","dateModified":"2025-04-01T16:10:14+00:00","breadcrumb":{"@id":"https:\/\/aufildespierres.com\/index.php\/product\/bracelet-amethyste-kunzite-quartz-fraise\/#breadcrumb"},"inLanguage":"fr-FR","potentialAction":[{"@type":"ReadAction","target":["https:\/\/aufildespierres.com\/index.php\/product\/bracelet-amethyste-kunzite-quartz-fraise\/"]}]},{"@type":"ImageObject","inLanguage":"fr-FR","@id":"https:\/\/aufildespierres.com\/index.php\/product\/bracelet-amethyste-kunzite-quartz-fraise\/#primaryimage","url":"https:\/\/aufildespierres.com\/wp-content\/uploads\/2024\/01\/20240119_100133-scaled.jpg","contentUrl":"https:\/\/aufildespierres.com\/wp-content\/uploads\/2024\/01\/20240119_100133-scaled.jpg","width":1920,"height":2560},{"@type":"BreadcrumbList","@id":"https:\/\/aufildespierres.com\/index.php\/product\/bracelet-amethyste-kunzite-quartz-fraise\/#breadcrumb","itemListElement":[{"@type":"ListItem","position":1,"name":"Accueil","item":"https:\/\/aufildespierres.com\/"},{"@type":"ListItem","position":2,"name":"Boutique de Lithoth\u00e9rapie","item":"https:\/\/aufildespierres.com\/index.php\/boutique-de-lithotherapie\/"},{"@type":"ListItem","position":3,"name":"Bracelet Am\u00e9thyste Kunzite Quartz fraise"}]},{"@type":"WebSite","@id":"https:\/\/aufildespierres.com\/#website","url":"https:\/\/aufildespierres.com\/","name":"Au fil des pierres","description":"Au fil des pierres","publisher":{"@id":"https:\/\/aufildespierres.com\/#organization"},"potentialAction":[{"@type":"SearchAction","target":{"@type":"EntryPoint","urlTemplate":"https:\/\/aufildespierres.com\/?s={search_term_string}"},"query-input":{"@type":"PropertyValueSpecification","valueRequired":true,"valueName":"search_term_string"}}],"inLanguage":"fr-FR"},{"@type":"Organization","@id":"https:\/\/aufildespierres.com\/#organization","name":"Au fil des pierres","url":"https:\/\/aufildespierres.com\/","logo":{"@type":"ImageObject","inLanguage":"fr-FR","@id":"https:\/\/aufildespierres.com\/#\/schema\/logo\/image\/","url":"https:\/\/aufildespierres.com\/wp-content\/uploads\/2023\/05\/cropped-Logo-PNG-Transparent.png","contentUrl":"https:\/\/aufildespierres.com\/wp-content\/uploads\/2023\/05\/cropped-Logo-PNG-Transparent.png","width":1776,"height":1625,"caption":"Au fil des pierres"},"image":{"@id":"https:\/\/aufildespierres.com\/#\/schema\/logo\/image\/"}}]}},"_links":{"self":[{"href":"https:\/\/aufildespierres.com\/index.php\/wp-json\/wp\/v2\/product\/1996","targetHints":{"allow":["GET"]}}],"collection":[{"href":"https:\/\/aufildespierres.com\/index.php\/wp-json\/wp\/v2\/product"}],"about":[{"href":"https:\/\/aufildespierres.com\/index.php\/wp-json\/wp\/v2\/types\/product"}],"replies":[{"embeddable":true,"href":"https:\/\/aufildespierres.com\/index.php\/wp-json\/wp\/v2\/comments?post=1996"}],"wp:featuredmedia":[{"embeddable":true,"href":"https:\/\/aufildespierres.com\/index.php\/wp-json\/wp\/v2\/media\/1988"}],"wp:attachment":[{"href":"https:\/\/aufildespierres.com\/index.php\/wp-json\/wp\/v2\/media?parent=1996"}],"wp:term":[{"taxonomy":"product_brand","embeddable":true,"href":"https:\/\/aufildespierres.com\/index.php\/wp-json\/wp\/v2\/product_brand?post=1996"},{"taxonomy":"product_cat","embeddable":true,"href":"https:\/\/aufildespierres.com\/index.php\/wp-json\/wp\/v2\/product_cat?post=1996"},{"taxonomy":"product_tag","embeddable":true,"href":"https:\/\/aufildespierres.com\/index.php\/wp-json\/wp\/v2\/product_tag?post=1996"}],"curies":[{"name":"wp","href":"https:\/\/api.w.org\/{rel}","templated":true}]}}