{"id":1997,"date":"2024-01-19T10:39:00","date_gmt":"2024-01-19T09:39:00","guid":{"rendered":"https:\/\/aufildespierres.com\/?post_type=product&#038;p=1997"},"modified":"2025-09-10T12:53:26","modified_gmt":"2025-09-10T10:53:26","slug":"bracelet-apaisement-des-blessures-emotionnelles","status":"publish","type":"product","link":"https:\/\/aufildespierres.com\/index.php\/product\/bracelet-apaisement-des-blessures-emotionnelles\/","title":{"rendered":"Bracelet apaisement des blessures \u00e9motionnelles"},"content":{"rendered":"<p>Bracelet en 8mm\u00a0 adapt\u00e9 \u00e0 un poignet de 17 \u00e0 18 cm compos\u00e9 de<\/p>\n<p>Jaspe Kambaba Aventurine verte Agate fleur de cerisier et coeur en Agate<\/p>\n<p><strong>JASPE KAMBABA ou crocodile<\/strong><\/p>\n<p>(nom d&rsquo;appellation commerciale)<\/p>\n<p>Propri\u00e9t\u00e9s psychiques :<\/p>\n<ul>\n<li>Soulage les \u00e9tats de mal \u00eatre et burn -out<\/li>\n<li>Favorise ancrage et estime de soi<\/li>\n<li>Pierre qui stimule la volont\u00e9 et le caract\u00e8re<\/li>\n<li>Aide \u00e0 faire face aux soucis et surmonter d\u00e9boires et blessures<\/li>\n<li>affectives comme abandon, rejet, c\u0153ur bris\u00e9.<\/li>\n<li>Pierre de protection, prosp\u00e9rit\u00e9 et richesse<\/li>\n<li>R\u00e9tablit le lien avec la nature<\/li>\n<li>Aide \u00e0 la gestion du stress et des angoisses<\/li>\n<li>Donne la force de relever la t\u00eate et d&rsquo;avancer.<\/li>\n<\/ul>\n<p>Propri\u00e9t\u00e9s physiques :<\/p>\n<ul>\n<li>Traitement des affections de la peau<\/li>\n<li>Inflammations et irritations<\/li>\n<li>Favorise la croissance des ongles et cheveux<\/li>\n<li>Renforce le syst\u00e8me immunitaire<\/li>\n<li>Favorise un sommeil paisible et r\u00e9cup\u00e9rateur et sans cauchemars<\/li>\n<li>Soutient un bon fonctionnement digestif et l&rsquo;assimilation des min\u00e9raux et vitamines<\/li>\n<li>Bloque les nuisances \u00e9lectromagn\u00e9tiques<\/li>\n<li>Conseill\u00e9 pour les adolescents en croissance.<\/li>\n<\/ul>\n<p><strong>AVENTURINE verte <\/strong><\/p>\n<ul>\n<li>Permet m\u00e9ditation, introspection self contr\u00f4le et paix int\u00e9rieure.<\/li>\n<li>Renforce l&rsquo;amour de soi et des autres<\/li>\n<li>Calme les irritabilit\u00e9s, aide \u00e0 \u00eatre plus patient et pers\u00e9v\u00e9rant.<\/li>\n<li>Aide \u00e0 \u00a0mieux se connaitre<\/li>\n<li>Favorise autonomie, esprit cr\u00e9atif<\/li>\n<li>Aide \u00e0 prendre du recul face \u00e0 des situations confuses<\/li>\n<li>Soulage le foie<\/li>\n<li>Renforce le c\u0153ur et agit sur le mauvais cholest\u00e9rol<\/li>\n<li>Absorbe les ondes n\u00e9gatives et telluriques.<\/li>\n<\/ul>\n<p><strong>AGATE SAKURA<\/strong><\/p>\n<p>Agate fleur de cerisier<\/p>\n<p>Favorise croissance et d\u00e9veloppement, aide \u00e0 aller de l\u2019avant<\/p>\n<p>Apporte paix et s\u00e9r\u00e9nit\u00e9, joie et enthousiasme<\/p>\n<p>Soulage stress et anxi\u00e9t\u00e9 et aide \u00e0 exprimer ses id\u00e9es avec clart\u00e9<\/p>\n<p>Encourage introspection, douceur, sagesse,\u00a0 compassion et pardon , elle peut \u00eatre utilis\u00e9e apr\u00e8s une exp\u00e9rience traumatisante .<\/p>\n<p>Facilite la digestion et calme les soucis d\u2019estomac<\/p>\n<p>Nettoie le syst\u00e8me lymphatique et le pancr\u00e9as<\/p>\n<p>Soulage des maladies de peau comme acn\u00e9 et ecz\u00e9ma<\/p>\n<p>Soulage le syndrome du colon irritable et soutient la vessie.<\/p>\n<p>&nbsp;<\/p>\n<p>&nbsp;<\/p>\n","protected":false},"excerpt":{"rendered":"<p>Apaisement des blessures et d\u00e9ceptions, aide \u00e0 se reconstruire.<\/p>\n","protected":false},"featured_media":1987,"comment_status":"open","ping_status":"closed","template":"","meta":{"site-sidebar-layout":"default","site-content-layout":"","ast-site-content-layout":"default","site-content-style":"default","site-sidebar-style":"default","ast-global-header-display":"","ast-banner-title-visibility":"","ast-main-header-display":"","ast-hfb-above-header-display":"","ast-hfb-below-header-display":"","ast-hfb-mobile-header-display":"","site-post-title":"","ast-breadcrumbs-content":"","ast-featured-img":"","footer-sml-layout":"","ast-disable-related-posts":"","theme-transparent-header-meta":"default","adv-header-id-meta":"","stick-header-meta":"","header-above-stick-meta":"","header-main-stick-meta":"","header-below-stick-meta":"","astra-migrate-meta-layouts":"set","ast-page-background-enabled":"default","ast-page-background-meta":{"desktop":{"background-color":"var(--ast-global-color-4)","background-image":"","background-repeat":"repeat","background-position":"center center","background-size":"auto","background-attachment":"scroll","background-type":"","background-media":"","overlay-type":"","overlay-color":"","overlay-opacity":"","overlay-gradient":""},"tablet":{"background-color":"","background-image":"","background-repeat":"repeat","background-position":"center center","background-size":"auto","background-attachment":"scroll","background-type":"","background-media":"","overlay-type":"","overlay-color":"","overlay-opacity":"","overlay-gradient":""},"mobile":{"background-color":"","background-image":"","background-repeat":"repeat","background-position":"center center","background-size":"auto","background-attachment":"scroll","background-type":"","background-media":"","overlay-type":"","overlay-color":"","overlay-opacity":"","overlay-gradient":""}},"ast-content-background-meta":{"desktop":{"background-color":"var(--ast-global-color-5)","background-image":"","background-repeat":"repeat","background-position":"center center","background-size":"auto","background-attachment":"scroll","background-type":"","background-media":"","overlay-type":"","overlay-color":"","overlay-opacity":"","overlay-gradient":""},"tablet":{"background-color":"var(--ast-global-color-5)","background-image":"","background-repeat":"repeat","background-position":"center center","background-size":"auto","background-attachment":"scroll","background-type":"","background-media":"","overlay-type":"","overlay-color":"","overlay-opacity":"","overlay-gradient":""},"mobile":{"background-color":"var(--ast-global-color-5)","background-image":"","background-repeat":"repeat","background-position":"center center","background-size":"auto","background-attachment":"scroll","background-type":"","background-media":"","overlay-type":"","overlay-color":"","overlay-opacity":"","overlay-gradient":""}},"_glsr_average":0,"_glsr_ranking":0,"_glsr_reviews":0},"product_brand":[],"product_cat":[54,220,299,120,56,290,272,79,65,78],"product_tag":[],"class_list":{"0":"post-1997","1":"product","2":"type-product","3":"status-publish","4":"has-post-thumbnail","6":"product_cat-8-mm","7":"product_cat-agate-sakura","8":"product_cat-amour-de-soi","9":"product_cat-aventurine-verte","10":"product_cat-bracelets-de-lithotherapie","11":"product_cat-bracelets-de-lithotherapie-femmes","12":"product_cat-equilibre-emotionnel","13":"product_cat-jaspe-kambaba","14":"product_cat-rose","15":"product_cat-vert","16":"desktop-align-left","17":"tablet-align-left","18":"mobile-align-left","20":"first","21":"instock","22":"purchasable","23":"product-type-simple"},"yoast_head":"<!-- This site is optimized with the Yoast SEO plugin v27.5 - https:\/\/yoast.com\/product\/yoast-seo-wordpress\/ -->\n<title>Bracelet apaisement des blessures \u00e9motionnelles - Au fil des pierres<\/title>\n<meta name=\"robots\" content=\"index, follow, max-snippet:-1, max-image-preview:large, max-video-preview:-1\" \/>\n<link rel=\"canonical\" href=\"https:\/\/aufildespierres.com\/index.php\/product\/bracelet-apaisement-des-blessures-emotionnelles\/\" \/>\n<meta property=\"og:locale\" content=\"fr_FR\" \/>\n<meta property=\"og:type\" content=\"article\" \/>\n<meta property=\"og:title\" content=\"Bracelet apaisement des blessures \u00e9motionnelles - Au fil des pierres\" \/>\n<meta property=\"og:description\" content=\"Apaisement des blessures et d\u00e9ceptions, aide \u00e0 se reconstruire.\" \/>\n<meta property=\"og:url\" content=\"https:\/\/aufildespierres.com\/index.php\/product\/bracelet-apaisement-des-blessures-emotionnelles\/\" \/>\n<meta property=\"og:site_name\" content=\"Au fil des pierres\" \/>\n<meta property=\"article:modified_time\" content=\"2025-09-10T10:53:26+00:00\" \/>\n<meta property=\"og:image\" content=\"https:\/\/aufildespierres.com\/wp-content\/uploads\/2024\/01\/20240119_100111-scaled.jpg\" \/>\n\t<meta property=\"og:image:width\" content=\"2248\" \/>\n\t<meta property=\"og:image:height\" content=\"2560\" \/>\n\t<meta property=\"og:image:type\" content=\"image\/jpeg\" \/>\n<meta name=\"twitter:card\" content=\"summary_large_image\" \/>\n<meta name=\"twitter:label1\" content=\"Dur\u00e9e de lecture estim\u00e9e\" \/>\n\t<meta name=\"twitter:data1\" content=\"2 minutes\" \/>\n<script type=\"application\/ld+json\" class=\"yoast-schema-graph\">{\"@context\":\"https:\\\/\\\/schema.org\",\"@graph\":[{\"@type\":\"WebPage\",\"@id\":\"https:\\\/\\\/aufildespierres.com\\\/index.php\\\/product\\\/bracelet-apaisement-des-blessures-emotionnelles\\\/\",\"url\":\"https:\\\/\\\/aufildespierres.com\\\/index.php\\\/product\\\/bracelet-apaisement-des-blessures-emotionnelles\\\/\",\"name\":\"Bracelet apaisement des blessures \u00e9motionnelles - Au fil des pierres\",\"isPartOf\":{\"@id\":\"https:\\\/\\\/aufildespierres.com\\\/#website\"},\"primaryImageOfPage\":{\"@id\":\"https:\\\/\\\/aufildespierres.com\\\/index.php\\\/product\\\/bracelet-apaisement-des-blessures-emotionnelles\\\/#primaryimage\"},\"image\":{\"@id\":\"https:\\\/\\\/aufildespierres.com\\\/index.php\\\/product\\\/bracelet-apaisement-des-blessures-emotionnelles\\\/#primaryimage\"},\"thumbnailUrl\":\"https:\\\/\\\/aufildespierres.com\\\/wp-content\\\/uploads\\\/2024\\\/01\\\/20240119_100111-scaled.jpg\",\"datePublished\":\"2024-01-19T09:39:00+00:00\",\"dateModified\":\"2025-09-10T10:53:26+00:00\",\"breadcrumb\":{\"@id\":\"https:\\\/\\\/aufildespierres.com\\\/index.php\\\/product\\\/bracelet-apaisement-des-blessures-emotionnelles\\\/#breadcrumb\"},\"inLanguage\":\"fr-FR\",\"potentialAction\":[{\"@type\":\"ReadAction\",\"target\":[\"https:\\\/\\\/aufildespierres.com\\\/index.php\\\/product\\\/bracelet-apaisement-des-blessures-emotionnelles\\\/\"]}]},{\"@type\":\"ImageObject\",\"inLanguage\":\"fr-FR\",\"@id\":\"https:\\\/\\\/aufildespierres.com\\\/index.php\\\/product\\\/bracelet-apaisement-des-blessures-emotionnelles\\\/#primaryimage\",\"url\":\"https:\\\/\\\/aufildespierres.com\\\/wp-content\\\/uploads\\\/2024\\\/01\\\/20240119_100111-scaled.jpg\",\"contentUrl\":\"https:\\\/\\\/aufildespierres.com\\\/wp-content\\\/uploads\\\/2024\\\/01\\\/20240119_100111-scaled.jpg\",\"width\":2248,\"height\":2560},{\"@type\":\"BreadcrumbList\",\"@id\":\"https:\\\/\\\/aufildespierres.com\\\/index.php\\\/product\\\/bracelet-apaisement-des-blessures-emotionnelles\\\/#breadcrumb\",\"itemListElement\":[{\"@type\":\"ListItem\",\"position\":1,\"name\":\"Accueil\",\"item\":\"https:\\\/\\\/aufildespierres.com\\\/\"},{\"@type\":\"ListItem\",\"position\":2,\"name\":\"Boutique de Lithoth\u00e9rapie\",\"item\":\"https:\\\/\\\/aufildespierres.com\\\/index.php\\\/boutique-de-lithotherapie\\\/\"},{\"@type\":\"ListItem\",\"position\":3,\"name\":\"Bracelet apaisement des blessures \u00e9motionnelles\"}]},{\"@type\":\"WebSite\",\"@id\":\"https:\\\/\\\/aufildespierres.com\\\/#website\",\"url\":\"https:\\\/\\\/aufildespierres.com\\\/\",\"name\":\"Au fil des pierres\",\"description\":\"Au fil des pierres\",\"publisher\":{\"@id\":\"https:\\\/\\\/aufildespierres.com\\\/#organization\"},\"potentialAction\":[{\"@type\":\"SearchAction\",\"target\":{\"@type\":\"EntryPoint\",\"urlTemplate\":\"https:\\\/\\\/aufildespierres.com\\\/?s={search_term_string}\"},\"query-input\":{\"@type\":\"PropertyValueSpecification\",\"valueRequired\":true,\"valueName\":\"search_term_string\"}}],\"inLanguage\":\"fr-FR\"},{\"@type\":\"Organization\",\"@id\":\"https:\\\/\\\/aufildespierres.com\\\/#organization\",\"name\":\"Au fil des pierres\",\"url\":\"https:\\\/\\\/aufildespierres.com\\\/\",\"logo\":{\"@type\":\"ImageObject\",\"inLanguage\":\"fr-FR\",\"@id\":\"https:\\\/\\\/aufildespierres.com\\\/#\\\/schema\\\/logo\\\/image\\\/\",\"url\":\"https:\\\/\\\/aufildespierres.com\\\/wp-content\\\/uploads\\\/2023\\\/05\\\/cropped-Logo-PNG-Transparent.png\",\"contentUrl\":\"https:\\\/\\\/aufildespierres.com\\\/wp-content\\\/uploads\\\/2023\\\/05\\\/cropped-Logo-PNG-Transparent.png\",\"width\":1776,\"height\":1625,\"caption\":\"Au fil des pierres\"},\"image\":{\"@id\":\"https:\\\/\\\/aufildespierres.com\\\/#\\\/schema\\\/logo\\\/image\\\/\"}}]}<\/script>\n<!-- \/ Yoast SEO plugin. -->","yoast_head_json":{"title":"Bracelet apaisement des blessures \u00e9motionnelles - Au fil des pierres","robots":{"index":"index","follow":"follow","max-snippet":"max-snippet:-1","max-image-preview":"max-image-preview:large","max-video-preview":"max-video-preview:-1"},"canonical":"https:\/\/aufildespierres.com\/index.php\/product\/bracelet-apaisement-des-blessures-emotionnelles\/","og_locale":"fr_FR","og_type":"article","og_title":"Bracelet apaisement des blessures \u00e9motionnelles - Au fil des pierres","og_description":"Apaisement des blessures et d\u00e9ceptions, aide \u00e0 se reconstruire.","og_url":"https:\/\/aufildespierres.com\/index.php\/product\/bracelet-apaisement-des-blessures-emotionnelles\/","og_site_name":"Au fil des pierres","article_modified_time":"2025-09-10T10:53:26+00:00","og_image":[{"width":2248,"height":2560,"url":"https:\/\/aufildespierres.com\/wp-content\/uploads\/2024\/01\/20240119_100111-scaled.jpg","type":"image\/jpeg"}],"twitter_card":"summary_large_image","twitter_misc":{"Dur\u00e9e de lecture estim\u00e9e":"2 minutes"},"schema":{"@context":"https:\/\/schema.org","@graph":[{"@type":"WebPage","@id":"https:\/\/aufildespierres.com\/index.php\/product\/bracelet-apaisement-des-blessures-emotionnelles\/","url":"https:\/\/aufildespierres.com\/index.php\/product\/bracelet-apaisement-des-blessures-emotionnelles\/","name":"Bracelet apaisement des blessures \u00e9motionnelles - Au fil des pierres","isPartOf":{"@id":"https:\/\/aufildespierres.com\/#website"},"primaryImageOfPage":{"@id":"https:\/\/aufildespierres.com\/index.php\/product\/bracelet-apaisement-des-blessures-emotionnelles\/#primaryimage"},"image":{"@id":"https:\/\/aufildespierres.com\/index.php\/product\/bracelet-apaisement-des-blessures-emotionnelles\/#primaryimage"},"thumbnailUrl":"https:\/\/aufildespierres.com\/wp-content\/uploads\/2024\/01\/20240119_100111-scaled.jpg","datePublished":"2024-01-19T09:39:00+00:00","dateModified":"2025-09-10T10:53:26+00:00","breadcrumb":{"@id":"https:\/\/aufildespierres.com\/index.php\/product\/bracelet-apaisement-des-blessures-emotionnelles\/#breadcrumb"},"inLanguage":"fr-FR","potentialAction":[{"@type":"ReadAction","target":["https:\/\/aufildespierres.com\/index.php\/product\/bracelet-apaisement-des-blessures-emotionnelles\/"]}]},{"@type":"ImageObject","inLanguage":"fr-FR","@id":"https:\/\/aufildespierres.com\/index.php\/product\/bracelet-apaisement-des-blessures-emotionnelles\/#primaryimage","url":"https:\/\/aufildespierres.com\/wp-content\/uploads\/2024\/01\/20240119_100111-scaled.jpg","contentUrl":"https:\/\/aufildespierres.com\/wp-content\/uploads\/2024\/01\/20240119_100111-scaled.jpg","width":2248,"height":2560},{"@type":"BreadcrumbList","@id":"https:\/\/aufildespierres.com\/index.php\/product\/bracelet-apaisement-des-blessures-emotionnelles\/#breadcrumb","itemListElement":[{"@type":"ListItem","position":1,"name":"Accueil","item":"https:\/\/aufildespierres.com\/"},{"@type":"ListItem","position":2,"name":"Boutique de Lithoth\u00e9rapie","item":"https:\/\/aufildespierres.com\/index.php\/boutique-de-lithotherapie\/"},{"@type":"ListItem","position":3,"name":"Bracelet apaisement des blessures \u00e9motionnelles"}]},{"@type":"WebSite","@id":"https:\/\/aufildespierres.com\/#website","url":"https:\/\/aufildespierres.com\/","name":"Au fil des pierres","description":"Au fil des pierres","publisher":{"@id":"https:\/\/aufildespierres.com\/#organization"},"potentialAction":[{"@type":"SearchAction","target":{"@type":"EntryPoint","urlTemplate":"https:\/\/aufildespierres.com\/?s={search_term_string}"},"query-input":{"@type":"PropertyValueSpecification","valueRequired":true,"valueName":"search_term_string"}}],"inLanguage":"fr-FR"},{"@type":"Organization","@id":"https:\/\/aufildespierres.com\/#organization","name":"Au fil des pierres","url":"https:\/\/aufildespierres.com\/","logo":{"@type":"ImageObject","inLanguage":"fr-FR","@id":"https:\/\/aufildespierres.com\/#\/schema\/logo\/image\/","url":"https:\/\/aufildespierres.com\/wp-content\/uploads\/2023\/05\/cropped-Logo-PNG-Transparent.png","contentUrl":"https:\/\/aufildespierres.com\/wp-content\/uploads\/2023\/05\/cropped-Logo-PNG-Transparent.png","width":1776,"height":1625,"caption":"Au fil des pierres"},"image":{"@id":"https:\/\/aufildespierres.com\/#\/schema\/logo\/image\/"}}]}},"_links":{"self":[{"href":"https:\/\/aufildespierres.com\/index.php\/wp-json\/wp\/v2\/product\/1997","targetHints":{"allow":["GET"]}}],"collection":[{"href":"https:\/\/aufildespierres.com\/index.php\/wp-json\/wp\/v2\/product"}],"about":[{"href":"https:\/\/aufildespierres.com\/index.php\/wp-json\/wp\/v2\/types\/product"}],"replies":[{"embeddable":true,"href":"https:\/\/aufildespierres.com\/index.php\/wp-json\/wp\/v2\/comments?post=1997"}],"wp:featuredmedia":[{"embeddable":true,"href":"https:\/\/aufildespierres.com\/index.php\/wp-json\/wp\/v2\/media\/1987"}],"wp:attachment":[{"href":"https:\/\/aufildespierres.com\/index.php\/wp-json\/wp\/v2\/media?parent=1997"}],"wp:term":[{"taxonomy":"product_brand","embeddable":true,"href":"https:\/\/aufildespierres.com\/index.php\/wp-json\/wp\/v2\/product_brand?post=1997"},{"taxonomy":"product_cat","embeddable":true,"href":"https:\/\/aufildespierres.com\/index.php\/wp-json\/wp\/v2\/product_cat?post=1997"},{"taxonomy":"product_tag","embeddable":true,"href":"https:\/\/aufildespierres.com\/index.php\/wp-json\/wp\/v2\/product_tag?post=1997"}],"curies":[{"name":"wp","href":"https:\/\/api.w.org\/{rel}","templated":true}]}}