{"id":2016,"date":"2024-01-20T12:30:30","date_gmt":"2024-01-20T11:30:30","guid":{"rendered":"https:\/\/aufildespierres.com\/?post_type=product&#038;p=2016"},"modified":"2024-11-01T10:47:25","modified_gmt":"2024-11-01T09:47:25","slug":"bracelet-oeil-de-tigre-labradorite-tourmaline","status":"publish","type":"product","link":"https:\/\/aufildespierres.com\/index.php\/product\/bracelet-oeil-de-tigre-labradorite-tourmaline\/","title":{"rendered":"Bracelet oeil de tigre Labradorite Tourmaline"},"content":{"rendered":"<p><strong>Bracelet adapt\u00e9 \u00e0 un poignet de 17, 5 \u00e0 18 cm\u00a0<\/strong><\/p>\n<p><strong>Oeil de tigre , Tourmaline noire en 8mm 1 c\u0153ur en pierre de Lave et 2 Labradorite en 10 mm\u00a0<\/strong><\/p>\n<p><strong><em>Propri\u00e9t\u00e9s de l&rsquo;\u0153il de tigre :<\/em><\/strong><\/p>\n<ul>\n<li>Protecteur du n\u00e9gatif et du mauvais \u0153il, renvoie les pens\u00e9es n\u00e9gatives \u00e0 son \u00e9metteur au lieu de nous en impr\u00e9gner<\/li>\n<li>Augmente la chance et ondes positives<\/li>\n<li>Permet de rester soi- m\u00eame lorsque l&rsquo;on est trop empathique<\/li>\n<li>Apporte courage, audace et renforce la confiance en soi en r\u00e9duisant le stress, peurs, angoisses \u00a0et stimule la pers\u00e9v\u00e9rance\u00a0; \u00e9loigne ins\u00e9curit\u00e9 et timidit\u00e9.<\/li>\n<li>Diminue les peurs et barri\u00e8res personnelles, aide \u00e0 se remettre en question s&rsquo;il le faut<\/li>\n<li>Aide \u00e0 prendre conscience de ses qualit\u00e9s, rend plus optimiste et aide aux prises de d\u00e9cision \u00e9clair\u00e9es \u00a0justes en rapport avec ses valeurs.<\/li>\n<li>R\u00e9gule les \u00e9motions et d\u00e9tend le mental, aide \u00e0 dissoudre des blocages \u00e9motionnels<\/li>\n<li>Equilibre le yin et le yang<\/li>\n<li>Peut stimuler imagination et cr\u00e9ativit\u00e9 et id\u00e9es nouvelles<\/li>\n<\/ul>\n<ul>\n<li>Favorise la bonne sant\u00e9 des articulations notamment celle du genou et la mobilit\u00e9 en g\u00e9n\u00e9ral<\/li>\n<li>Aide \u00e0 diminuer les maux de t\u00eate<\/li>\n<li>Aide \u00e0 la bonne digestion (lutte contre les diarrh\u00e9es \u00e9motionnelles)et les acidit\u00e9s gastriques<\/li>\n<li>Agit sur asthme et hypertension, surr\u00e9nales et hypophyse<\/li>\n<li>Aide \u00e0 r\u00e9cup\u00e9rer apr\u00e8s une fatigue, p\u00e9riode difficile ou trouble du sommeil<\/li>\n<li>Ouvre le chakra du plexus solaire.<\/li>\n<\/ul>\n<p>Pierre \u00e0 porter pour se prot\u00e9ger des \u00e9l\u00e9ments ext\u00e9rieurs, diminuer son propre mal \u00eatre.<\/p>\n<p>&nbsp;<\/p>\n<p><strong>TOURMALINE NOIRE<\/strong><\/p>\n<p>Pierre adapt\u00e9e aux personnes \u00e9lectrosensibles<\/p>\n<ul>\n<li>Associ\u00e9e au chakra racine elle permet ancrage et connexion \u00e0 la terre, stabilise s\u00e9curise<\/li>\n<li>Prot\u00e8ge des ondes n\u00e9gatives, telluriques, \u00e9lectromagn\u00e9tiques mais aussi attaque psychique, mal\u00e9dictions, jalousie, envie<\/li>\n<li>Augmente l&rsquo;\u00e9nergie et la vitalit\u00e9 physique, \u00a0diminue les blocages<\/li>\n<li>Fortifie le syst\u00e8me immunitaire<\/li>\n<li>R\u00e9gule les d\u00e9r\u00e8glements hormonaux et syst\u00e8me endocrinien<\/li>\n<li>Am\u00e9liore la circulation sanguine<\/li>\n<li>Renforce le syst\u00e8me digestif<\/li>\n<li>Diminue tensions et stress, permet de se recentrer, \u00a0aide \u00e0 se comprendre et \u00e0 entrer en relation harmonieuse avec autrui<\/li>\n<li>Adapt\u00e9e aux personnes hyperactives, speed pour temporiser et ralentir<\/li>\n<li>Purifie l&rsquo;aura et l&rsquo;ensemble des chakras<\/li>\n<li>Soulage stress et comportement obsessionnel compulsif<\/li>\n<li>Equilibre le masculin et le f\u00e9minin<\/li>\n<li>Equilibre les 2 h\u00e9misph\u00e8res du cerveau<\/li>\n<li>Diminue le chagrin, r\u00e9sorbe les sch\u00e9mas n\u00e9gatifs, le stress, angoisses et col\u00e8re<\/li>\n<li>Attire amiti\u00e9, inspiration, compassion<\/li>\n<li>Permet la m\u00e9ditation sur l&rsquo;avenir<\/li>\n<\/ul>\n<p>Agit comme une prise de terre en calmant et alignant les personnes et en purifiant les lieux de vie.<\/p>\n<p><strong>Les \u00e9nergies de protection sont plus efficaces si le porteur \u00e9met une intention li\u00e9e \u00e0 la finalit\u00e9 souhait\u00e9e en relation avec sa pierre.<\/strong><\/p>\n<p><strong><em>Labradorite : <\/em><\/strong><\/p>\n<p><strong><em>Propri\u00e9t\u00e9s psychiques : <\/em><\/strong><\/p>\n<ul>\n<li>Prot\u00e8ge des interactions n\u00e9gatives et du mal \u00eatre d&rsquo;autrui en les absorbant<\/li>\n<li>Favorise les liens amicaux et le don de plaire, un rapport aux autres harmonieux lutte contre la solitude<\/li>\n<li>Diminue les ruminations mentales (fixe sur l\u2019essentiel) et s\u00e9curise\u00a0: \u00e0 poser sur le 3 -\u00e8me \u0153il\u00a0 si le mental est satur\u00e9 d\u00e9bord\u00e9<\/li>\n<li>Agit contre le stress, l&rsquo;anxi\u00e9t\u00e9, les id\u00e9es sombres, angoisses<\/li>\n<li>Favorise calme int\u00e9rieur, contr\u00f4le des \u00e9motions et \u00e9coute de soi et de ses besoins<\/li>\n<li>Aide \u00e0 l\u00e2cher prise, rend l\u2019esprit plus clair et plus positif<\/li>\n<li>Favorise l\u2019intuition, la voyance, \u00a0aura et magn\u00e9tisme.<\/li>\n<\/ul>\n<p>Propri\u00e9t\u00e9s physiques\u00a0:<\/p>\n<ul>\n<li>Aide \u00e0 diminuer fatigue et \u00e9puisement physique ou intellectuel<\/li>\n<li>Renforce le syst\u00e8me immunitaire<\/li>\n<li>Stimule la circulation sanguine et art\u00e9rielle<\/li>\n<li>Facilite la digestion, r\u00e9gule les troubles hormonaux<\/li>\n<li>R\u00e9duit migraines et troubles oculaires<\/li>\n<li>Soutient les baisses de moral, fatigue<\/li>\n<li>Prot\u00e8ge des infections surtout en hiver<\/li>\n<\/ul>\n<p>Conseill\u00e9e aux th\u00e9rapeutes, professions ayant un contact social m\u00e9dical ou situation difficile pour les prot\u00e9ger du mal \u00eatre d\u2019autrui, \u00a0et aux solitaires qui ont besoin d\u2019\u00eatre s\u00e9curis\u00e9s ou qui ont du mal \u00e0 sortir de leur zone de confort.<\/p>\n<p>Adapt\u00e9 aussi aux hypersensibles.<\/p>\n<p>&nbsp;<\/p>\n<p>&nbsp;<\/p>\n","protected":false},"excerpt":{"rendered":"<p>Bracelet adapt\u00e9 \u00e0 un poignet de 17, 5 \u00e0 18 cm\u00a0 Oeil de tigre , Tourmaline noire en 8mm 1 c\u0153ur en pierre de Lave et 2 Labradorite en 10 mm\u00a0 Propri\u00e9t\u00e9s de l&rsquo;\u0153il de tigre : Protecteur du n\u00e9gatif et du mauvais \u0153il, renvoie les pens\u00e9es n\u00e9gatives \u00e0 son \u00e9metteur au lieu de nous [&hellip;]<\/p>\n","protected":false},"featured_media":2017,"comment_status":"open","ping_status":"closed","template":"","meta":{"site-sidebar-layout":"default","site-content-layout":"","ast-site-content-layout":"default","site-content-style":"default","site-sidebar-style":"default","ast-global-header-display":"","ast-banner-title-visibility":"","ast-main-header-display":"","ast-hfb-above-header-display":"","ast-hfb-below-header-display":"","ast-hfb-mobile-header-display":"","site-post-title":"","ast-breadcrumbs-content":"","ast-featured-img":"","footer-sml-layout":"","ast-disable-related-posts":"","theme-transparent-header-meta":"default","adv-header-id-meta":"","stick-header-meta":"","header-above-stick-meta":"","header-main-stick-meta":"","header-below-stick-meta":"","astra-migrate-meta-layouts":"set","ast-page-background-enabled":"default","ast-page-background-meta":{"desktop":{"background-color":"var(--ast-global-color-4)","background-image":"","background-repeat":"repeat","background-position":"center center","background-size":"auto","background-attachment":"scroll","background-type":"","background-media":"","overlay-type":"","overlay-color":"","overlay-opacity":"","overlay-gradient":""},"tablet":{"background-color":"","background-image":"","background-repeat":"repeat","background-position":"center center","background-size":"auto","background-attachment":"scroll","background-type":"","background-media":"","overlay-type":"","overlay-color":"","overlay-opacity":"","overlay-gradient":""},"mobile":{"background-color":"","background-image":"","background-repeat":"repeat","background-position":"center center","background-size":"auto","background-attachment":"scroll","background-type":"","background-media":"","overlay-type":"","overlay-color":"","overlay-opacity":"","overlay-gradient":""}},"ast-content-background-meta":{"desktop":{"background-color":"var(--ast-global-color-5)","background-image":"","background-repeat":"repeat","background-position":"center center","background-size":"auto","background-attachment":"scroll","background-type":"","background-media":"","overlay-type":"","overlay-color":"","overlay-opacity":"","overlay-gradient":""},"tablet":{"background-color":"var(--ast-global-color-5)","background-image":"","background-repeat":"repeat","background-position":"center center","background-size":"auto","background-attachment":"scroll","background-type":"","background-media":"","overlay-type":"","overlay-color":"","overlay-opacity":"","overlay-gradient":""},"mobile":{"background-color":"var(--ast-global-color-5)","background-image":"","background-repeat":"repeat","background-position":"center center","background-size":"auto","background-attachment":"scroll","background-type":"","background-media":"","overlay-type":"","overlay-color":"","overlay-opacity":"","overlay-gradient":""}},"_glsr_average":0,"_glsr_ranking":0,"_glsr_reviews":0},"product_brand":[],"product_cat":[54,59,104,103,66,37,98,68],"product_tag":[],"class_list":{"0":"post-2016","1":"product","2":"type-product","3":"status-publish","4":"has-post-thumbnail","6":"product_cat-8-mm","7":"product_cat-bracelets-de-lithotherapie-hommes","8":"product_cat-labradorite","9":"product_cat-marron","10":"product_cat-noir","11":"product_cat-oeil-de-tigre","12":"product_cat-pierre-de-lave","13":"product_cat-tourmaline-noire","14":"desktop-align-left","15":"tablet-align-left","16":"mobile-align-left","18":"first","19":"outofstock","20":"purchasable","21":"product-type-simple"},"yoast_head":"<!-- This site is optimized with the Yoast SEO plugin v27.4 - https:\/\/yoast.com\/product\/yoast-seo-wordpress\/ -->\n<title>Bracelet oeil de tigre Labradorite Tourmaline - Au fil des pierres<\/title>\n<meta name=\"robots\" content=\"index, follow, max-snippet:-1, max-image-preview:large, max-video-preview:-1\" \/>\n<link rel=\"canonical\" href=\"https:\/\/aufildespierres.com\/index.php\/product\/bracelet-oeil-de-tigre-labradorite-tourmaline\/\" \/>\n<meta property=\"og:locale\" content=\"fr_FR\" \/>\n<meta property=\"og:type\" content=\"article\" \/>\n<meta property=\"og:title\" content=\"Bracelet oeil de tigre Labradorite Tourmaline - Au fil des pierres\" \/>\n<meta property=\"og:description\" content=\"Bracelet adapt\u00e9 \u00e0 un poignet de 17, 5 \u00e0 18 cm\u00a0 Oeil de tigre , Tourmaline noire en 8mm 1 c\u0153ur en pierre de Lave et 2 Labradorite en 10 mm\u00a0 Propri\u00e9t\u00e9s de l&rsquo;\u0153il de tigre : Protecteur du n\u00e9gatif et du mauvais \u0153il, renvoie les pens\u00e9es n\u00e9gatives \u00e0 son \u00e9metteur au lieu de nous [&hellip;]\" \/>\n<meta property=\"og:url\" content=\"https:\/\/aufildespierres.com\/index.php\/product\/bracelet-oeil-de-tigre-labradorite-tourmaline\/\" \/>\n<meta property=\"og:site_name\" content=\"Au fil des pierres\" \/>\n<meta property=\"article:modified_time\" content=\"2024-11-01T09:47:25+00:00\" \/>\n<meta property=\"og:image\" content=\"https:\/\/aufildespierres.com\/wp-content\/uploads\/2024\/01\/20240120_111414-scaled.jpg\" \/>\n\t<meta property=\"og:image:width\" content=\"2435\" \/>\n\t<meta property=\"og:image:height\" content=\"2560\" \/>\n\t<meta property=\"og:image:type\" content=\"image\/jpeg\" \/>\n<meta name=\"twitter:card\" content=\"summary_large_image\" \/>\n<meta name=\"twitter:label1\" content=\"Dur\u00e9e de lecture estim\u00e9e\" \/>\n\t<meta name=\"twitter:data1\" content=\"3 minutes\" \/>\n<script type=\"application\/ld+json\" class=\"yoast-schema-graph\">{\"@context\":\"https:\\\/\\\/schema.org\",\"@graph\":[{\"@type\":\"WebPage\",\"@id\":\"https:\\\/\\\/aufildespierres.com\\\/index.php\\\/product\\\/bracelet-oeil-de-tigre-labradorite-tourmaline\\\/\",\"url\":\"https:\\\/\\\/aufildespierres.com\\\/index.php\\\/product\\\/bracelet-oeil-de-tigre-labradorite-tourmaline\\\/\",\"name\":\"Bracelet oeil de tigre Labradorite Tourmaline - Au fil des pierres\",\"isPartOf\":{\"@id\":\"https:\\\/\\\/aufildespierres.com\\\/#website\"},\"primaryImageOfPage\":{\"@id\":\"https:\\\/\\\/aufildespierres.com\\\/index.php\\\/product\\\/bracelet-oeil-de-tigre-labradorite-tourmaline\\\/#primaryimage\"},\"image\":{\"@id\":\"https:\\\/\\\/aufildespierres.com\\\/index.php\\\/product\\\/bracelet-oeil-de-tigre-labradorite-tourmaline\\\/#primaryimage\"},\"thumbnailUrl\":\"https:\\\/\\\/aufildespierres.com\\\/wp-content\\\/uploads\\\/2024\\\/01\\\/20240120_111414-scaled.jpg\",\"datePublished\":\"2024-01-20T11:30:30+00:00\",\"dateModified\":\"2024-11-01T09:47:25+00:00\",\"breadcrumb\":{\"@id\":\"https:\\\/\\\/aufildespierres.com\\\/index.php\\\/product\\\/bracelet-oeil-de-tigre-labradorite-tourmaline\\\/#breadcrumb\"},\"inLanguage\":\"fr-FR\",\"potentialAction\":[{\"@type\":\"ReadAction\",\"target\":[\"https:\\\/\\\/aufildespierres.com\\\/index.php\\\/product\\\/bracelet-oeil-de-tigre-labradorite-tourmaline\\\/\"]}]},{\"@type\":\"ImageObject\",\"inLanguage\":\"fr-FR\",\"@id\":\"https:\\\/\\\/aufildespierres.com\\\/index.php\\\/product\\\/bracelet-oeil-de-tigre-labradorite-tourmaline\\\/#primaryimage\",\"url\":\"https:\\\/\\\/aufildespierres.com\\\/wp-content\\\/uploads\\\/2024\\\/01\\\/20240120_111414-scaled.jpg\",\"contentUrl\":\"https:\\\/\\\/aufildespierres.com\\\/wp-content\\\/uploads\\\/2024\\\/01\\\/20240120_111414-scaled.jpg\",\"width\":2435,\"height\":2560},{\"@type\":\"BreadcrumbList\",\"@id\":\"https:\\\/\\\/aufildespierres.com\\\/index.php\\\/product\\\/bracelet-oeil-de-tigre-labradorite-tourmaline\\\/#breadcrumb\",\"itemListElement\":[{\"@type\":\"ListItem\",\"position\":1,\"name\":\"Accueil\",\"item\":\"https:\\\/\\\/aufildespierres.com\\\/\"},{\"@type\":\"ListItem\",\"position\":2,\"name\":\"Boutique de Lithoth\u00e9rapie\",\"item\":\"https:\\\/\\\/aufildespierres.com\\\/index.php\\\/boutique-de-lithotherapie\\\/\"},{\"@type\":\"ListItem\",\"position\":3,\"name\":\"Bracelet oeil de tigre Labradorite Tourmaline\"}]},{\"@type\":\"WebSite\",\"@id\":\"https:\\\/\\\/aufildespierres.com\\\/#website\",\"url\":\"https:\\\/\\\/aufildespierres.com\\\/\",\"name\":\"Au fil des pierres\",\"description\":\"Au fil des pierres\",\"publisher\":{\"@id\":\"https:\\\/\\\/aufildespierres.com\\\/#organization\"},\"potentialAction\":[{\"@type\":\"SearchAction\",\"target\":{\"@type\":\"EntryPoint\",\"urlTemplate\":\"https:\\\/\\\/aufildespierres.com\\\/?s={search_term_string}\"},\"query-input\":{\"@type\":\"PropertyValueSpecification\",\"valueRequired\":true,\"valueName\":\"search_term_string\"}}],\"inLanguage\":\"fr-FR\"},{\"@type\":\"Organization\",\"@id\":\"https:\\\/\\\/aufildespierres.com\\\/#organization\",\"name\":\"Au fil des pierres\",\"url\":\"https:\\\/\\\/aufildespierres.com\\\/\",\"logo\":{\"@type\":\"ImageObject\",\"inLanguage\":\"fr-FR\",\"@id\":\"https:\\\/\\\/aufildespierres.com\\\/#\\\/schema\\\/logo\\\/image\\\/\",\"url\":\"https:\\\/\\\/aufildespierres.com\\\/wp-content\\\/uploads\\\/2023\\\/05\\\/cropped-Logo-PNG-Transparent.png\",\"contentUrl\":\"https:\\\/\\\/aufildespierres.com\\\/wp-content\\\/uploads\\\/2023\\\/05\\\/cropped-Logo-PNG-Transparent.png\",\"width\":1776,\"height\":1625,\"caption\":\"Au fil des pierres\"},\"image\":{\"@id\":\"https:\\\/\\\/aufildespierres.com\\\/#\\\/schema\\\/logo\\\/image\\\/\"}}]}<\/script>\n<!-- \/ Yoast SEO plugin. -->","yoast_head_json":{"title":"Bracelet oeil de tigre Labradorite Tourmaline - Au fil des pierres","robots":{"index":"index","follow":"follow","max-snippet":"max-snippet:-1","max-image-preview":"max-image-preview:large","max-video-preview":"max-video-preview:-1"},"canonical":"https:\/\/aufildespierres.com\/index.php\/product\/bracelet-oeil-de-tigre-labradorite-tourmaline\/","og_locale":"fr_FR","og_type":"article","og_title":"Bracelet oeil de tigre Labradorite Tourmaline - Au fil des pierres","og_description":"Bracelet adapt\u00e9 \u00e0 un poignet de 17, 5 \u00e0 18 cm\u00a0 Oeil de tigre , Tourmaline noire en 8mm 1 c\u0153ur en pierre de Lave et 2 Labradorite en 10 mm\u00a0 Propri\u00e9t\u00e9s de l&rsquo;\u0153il de tigre : Protecteur du n\u00e9gatif et du mauvais \u0153il, renvoie les pens\u00e9es n\u00e9gatives \u00e0 son \u00e9metteur au lieu de nous [&hellip;]","og_url":"https:\/\/aufildespierres.com\/index.php\/product\/bracelet-oeil-de-tigre-labradorite-tourmaline\/","og_site_name":"Au fil des pierres","article_modified_time":"2024-11-01T09:47:25+00:00","og_image":[{"width":2435,"height":2560,"url":"https:\/\/aufildespierres.com\/wp-content\/uploads\/2024\/01\/20240120_111414-scaled.jpg","type":"image\/jpeg"}],"twitter_card":"summary_large_image","twitter_misc":{"Dur\u00e9e de lecture estim\u00e9e":"3 minutes"},"schema":{"@context":"https:\/\/schema.org","@graph":[{"@type":"WebPage","@id":"https:\/\/aufildespierres.com\/index.php\/product\/bracelet-oeil-de-tigre-labradorite-tourmaline\/","url":"https:\/\/aufildespierres.com\/index.php\/product\/bracelet-oeil-de-tigre-labradorite-tourmaline\/","name":"Bracelet oeil de tigre Labradorite Tourmaline - Au fil des pierres","isPartOf":{"@id":"https:\/\/aufildespierres.com\/#website"},"primaryImageOfPage":{"@id":"https:\/\/aufildespierres.com\/index.php\/product\/bracelet-oeil-de-tigre-labradorite-tourmaline\/#primaryimage"},"image":{"@id":"https:\/\/aufildespierres.com\/index.php\/product\/bracelet-oeil-de-tigre-labradorite-tourmaline\/#primaryimage"},"thumbnailUrl":"https:\/\/aufildespierres.com\/wp-content\/uploads\/2024\/01\/20240120_111414-scaled.jpg","datePublished":"2024-01-20T11:30:30+00:00","dateModified":"2024-11-01T09:47:25+00:00","breadcrumb":{"@id":"https:\/\/aufildespierres.com\/index.php\/product\/bracelet-oeil-de-tigre-labradorite-tourmaline\/#breadcrumb"},"inLanguage":"fr-FR","potentialAction":[{"@type":"ReadAction","target":["https:\/\/aufildespierres.com\/index.php\/product\/bracelet-oeil-de-tigre-labradorite-tourmaline\/"]}]},{"@type":"ImageObject","inLanguage":"fr-FR","@id":"https:\/\/aufildespierres.com\/index.php\/product\/bracelet-oeil-de-tigre-labradorite-tourmaline\/#primaryimage","url":"https:\/\/aufildespierres.com\/wp-content\/uploads\/2024\/01\/20240120_111414-scaled.jpg","contentUrl":"https:\/\/aufildespierres.com\/wp-content\/uploads\/2024\/01\/20240120_111414-scaled.jpg","width":2435,"height":2560},{"@type":"BreadcrumbList","@id":"https:\/\/aufildespierres.com\/index.php\/product\/bracelet-oeil-de-tigre-labradorite-tourmaline\/#breadcrumb","itemListElement":[{"@type":"ListItem","position":1,"name":"Accueil","item":"https:\/\/aufildespierres.com\/"},{"@type":"ListItem","position":2,"name":"Boutique de Lithoth\u00e9rapie","item":"https:\/\/aufildespierres.com\/index.php\/boutique-de-lithotherapie\/"},{"@type":"ListItem","position":3,"name":"Bracelet oeil de tigre Labradorite Tourmaline"}]},{"@type":"WebSite","@id":"https:\/\/aufildespierres.com\/#website","url":"https:\/\/aufildespierres.com\/","name":"Au fil des pierres","description":"Au fil des pierres","publisher":{"@id":"https:\/\/aufildespierres.com\/#organization"},"potentialAction":[{"@type":"SearchAction","target":{"@type":"EntryPoint","urlTemplate":"https:\/\/aufildespierres.com\/?s={search_term_string}"},"query-input":{"@type":"PropertyValueSpecification","valueRequired":true,"valueName":"search_term_string"}}],"inLanguage":"fr-FR"},{"@type":"Organization","@id":"https:\/\/aufildespierres.com\/#organization","name":"Au fil des pierres","url":"https:\/\/aufildespierres.com\/","logo":{"@type":"ImageObject","inLanguage":"fr-FR","@id":"https:\/\/aufildespierres.com\/#\/schema\/logo\/image\/","url":"https:\/\/aufildespierres.com\/wp-content\/uploads\/2023\/05\/cropped-Logo-PNG-Transparent.png","contentUrl":"https:\/\/aufildespierres.com\/wp-content\/uploads\/2023\/05\/cropped-Logo-PNG-Transparent.png","width":1776,"height":1625,"caption":"Au fil des pierres"},"image":{"@id":"https:\/\/aufildespierres.com\/#\/schema\/logo\/image\/"}}]}},"_links":{"self":[{"href":"https:\/\/aufildespierres.com\/index.php\/wp-json\/wp\/v2\/product\/2016","targetHints":{"allow":["GET"]}}],"collection":[{"href":"https:\/\/aufildespierres.com\/index.php\/wp-json\/wp\/v2\/product"}],"about":[{"href":"https:\/\/aufildespierres.com\/index.php\/wp-json\/wp\/v2\/types\/product"}],"replies":[{"embeddable":true,"href":"https:\/\/aufildespierres.com\/index.php\/wp-json\/wp\/v2\/comments?post=2016"}],"wp:featuredmedia":[{"embeddable":true,"href":"https:\/\/aufildespierres.com\/index.php\/wp-json\/wp\/v2\/media\/2017"}],"wp:attachment":[{"href":"https:\/\/aufildespierres.com\/index.php\/wp-json\/wp\/v2\/media?parent=2016"}],"wp:term":[{"taxonomy":"product_brand","embeddable":true,"href":"https:\/\/aufildespierres.com\/index.php\/wp-json\/wp\/v2\/product_brand?post=2016"},{"taxonomy":"product_cat","embeddable":true,"href":"https:\/\/aufildespierres.com\/index.php\/wp-json\/wp\/v2\/product_cat?post=2016"},{"taxonomy":"product_tag","embeddable":true,"href":"https:\/\/aufildespierres.com\/index.php\/wp-json\/wp\/v2\/product_tag?post=2016"}],"curies":[{"name":"wp","href":"https:\/\/api.w.org\/{rel}","templated":true}]}}