{"id":2049,"date":"2024-01-22T17:46:38","date_gmt":"2024-01-22T16:46:38","guid":{"rendered":"https:\/\/aufildespierres.com\/?post_type=product&#038;p=2049"},"modified":"2026-04-30T14:50:36","modified_gmt":"2026-04-30T12:50:36","slug":"coeur-en-unakite","status":"publish","type":"product","link":"https:\/\/aufildespierres.com\/index.php\/product\/coeur-en-unakite\/","title":{"rendered":"C\u0153ur en Unakite"},"content":{"rendered":"<section class=\"text-token-text-primary w-full focus:outline-none [--shadow-height:45px] has-data-writing-block:pointer-events-none has-data-writing-block:-mt-(--shadow-height) has-data-writing-block:pt-(--shadow-height) [&amp;:has([data-writing-block])&gt;*]:pointer-events-auto R6Vx5W_threadScrollVars scroll-mb-[calc(var(--scroll-root-safe-area-inset-bottom,0px)+var(--thread-response-height))] scroll-mt-(--header-height)\" dir=\"auto\" data-turn-id=\"cf388f6d-9bbe-4da9-affc-22a523916141\" data-testid=\"conversation-turn-19\" data-scroll-anchor=\"false\" data-turn=\"user\"><\/section>\n<section class=\"text-token-text-primary w-full focus:outline-none [--shadow-height:45px] has-data-writing-block:pointer-events-none has-data-writing-block:-mt-(--shadow-height) has-data-writing-block:pt-(--shadow-height) [&amp;:has([data-writing-block])&gt;*]:pointer-events-auto [content-visibility:auto] supports-[content-visibility:auto]:[contain-intrinsic-size:auto_100lvh] R6Vx5W_threadScrollVars scroll-mb-[calc(var(--scroll-root-safe-area-inset-bottom,0px)+var(--thread-response-height))] scroll-mt-[calc(var(--header-height)+min(200px,max(70px,20svh)))]\" dir=\"auto\" data-turn-id=\"request-WEB:934aed32-f4ea-410c-92fc-6e21a636ff10-9\" data-testid=\"conversation-turn-20\" data-scroll-anchor=\"false\" data-turn=\"assistant\">\n<div class=\"text-base my-auto mx-auto pb-10 [--thread-content-margin:var(--thread-content-margin-xs,calc(var(--spacing)*4))] @w-sm\/main:[--thread-content-margin:var(--thread-content-margin-sm,calc(var(--spacing)*6))] @w-lg\/main:[--thread-content-margin:var(--thread-content-margin-lg,calc(var(--spacing)*16))] px-(--thread-content-margin)\">\n<div class=\"[--thread-content-max-width:40rem] @w-lg\/main:[--thread-content-max-width:48rem] mx-auto max-w-(--thread-content-max-width) flex-1 group\/turn-messages focus-visible:outline-hidden relative flex w-full min-w-0 flex-col agent-turn\">\n<div class=\"flex max-w-full flex-col gap-4 grow\">\n<div class=\"min-h-8 text-message relative flex w-full flex-col items-end gap-2 text-start break-words whitespace-normal outline-none keyboard-focused:focus-ring [.text-message+&amp;]:mt-1\" dir=\"auto\" tabindex=\"0\" data-message-author-role=\"assistant\" data-message-id=\"25cf7ef5-77f6-464b-bc42-87dc47a73b60\" data-message-model-slug=\"gpt-5-3\" data-turn-start-message=\"true\">\n<div class=\"flex w-full flex-col gap-1 empty:hidden\">\n<div class=\"markdown prose dark:prose-invert w-full wrap-break-word light markdown-new-styling\">\n<p data-start=\"0\" data-end=\"53\">C\u0153ur en Unakite : \u00e9quilibre \u00e9motionnel et confiance<\/p>\n<p data-start=\"0\" data-end=\"53\">1 pi\u00e8ce envoi al\u00e9atoire<\/p>\n<p data-start=\"55\" data-end=\"340\">Ce c\u0153ur en Unakite mesure environ 45 x 45 mm et provient d\u2019Afrique du Sud. Chaque pi\u00e8ce est unique, avec un envoi al\u00e9atoire. Il pr\u00e9sente de belles nuances vertes m\u00eal\u00e9es \u00e0 des touches roses ou orang\u00e9es dues \u00e0 la pr\u00e9sence de feldspath, ce qui lui donne un aspect naturel et harmonieux.<\/p>\n<p data-start=\"342\" data-end=\"1156\">Le c\u0153ur en Unakite \u00e9quilibre est une pierre naturelle reconnue pour apaiser les \u00e9motions et renforcer la confiance en soi. Elle est particuli\u00e8rement appr\u00e9ci\u00e9e pour la douceur et la stabilit\u00e9 qu\u2019elle apporte. En effet, elle aide \u00e0 canaliser le stress et \u00e0 \u00e9quilibrer les \u00e9motions. Ainsi, elle permet de retrouver un \u00e9tat int\u00e9rieur plus serein et apais\u00e9. De plus, elle soutient dans les p\u00e9riodes difficiles comme un deuil ou apr\u00e8s un traumatisme. Par ailleurs, elle aide \u00e0 s\u2019accepter soi-m\u00eame et \u00e0 se reconnecter \u00e0 ses ressentis. Gr\u00e2ce \u00e0 cela, elle permet d\u2019avancer avec plus de confiance et de l\u00e2cher les blocages du pass\u00e9. Elle convient particuli\u00e8rement aux personnes qui doutent d\u2019elles-m\u00eames ou qui se d\u00e9valorisent. Par exemple, elle peut aider \u00e0 d\u00e9passer les \u00e9checs et \u00e0 retrouver une meilleure estime de soi.<\/p>\n<p data-start=\"1158\" data-end=\"1554\">Cette pierre accompagne \u00e9galement un travail int\u00e9rieur en profondeur. Elle aide \u00e0 d\u00e9velopper l\u2019introspection et la connaissance de soi. En compl\u00e9ment, elle permet d\u2019ouvrir le c\u0153ur aux autres tout en restant align\u00e9 avec ses besoins. Ainsi, elle favorise des relations plus \u00e9quilibr\u00e9es et sinc\u00e8res. Elle aide aussi \u00e0 apaiser la jalousie et la col\u00e8re pour retrouver plus de stabilit\u00e9 \u00e9motionnelle.<\/p>\n<p data-start=\"1556\" data-end=\"1999\">Sur le plan physique, elle soutient l\u2019\u00e9quilibre g\u00e9n\u00e9ral du corps. Elle peut aider \u00e0 renforcer le syst\u00e8me immunitaire et \u00e0 soutenir la r\u00e9cup\u00e9ration. De plus, elle agit sur le syst\u00e8me digestif et contribue \u00e0 une meilleure \u00e9limination des toxines. En outre, elle soutient les fonctions respiratoires et peut aider \u00e0 am\u00e9liorer la qualit\u00e9 du sommeil. Elle participe \u00e9galement \u00e0 soulager certaines tensions comme les maux de t\u00eate et les migraines.<\/p>\n<p data-start=\"2001\" data-end=\"2157\">Pour l\u2019entretien, vous pouvez la purifier \u00e0 l\u2019eau claire ou par fumigation. Ensuite, rechargez-la \u00e0 la lumi\u00e8re naturelle afin de pr\u00e9server ses propri\u00e9t\u00e9s.<\/p>\n<p data-start=\"2159\" data-end=\"2274\">Elle accompagne naturellement les p\u00e9riodes o\u00f9 un besoin d\u2019\u00e9quilibre, de r\u00e9confort et de confiance se fait sentir.<\/p>\n<\/div>\n<\/div>\n<\/div>\n<\/div>\n<\/div>\n<\/div>\n<\/section>\n","protected":false},"excerpt":{"rendered":"<p>C\u0153ur en Unakite : \u00e9quilibre \u00e9motionnel et confiance 1 pi\u00e8ce envoi al\u00e9atoire Ce c\u0153ur en Unakite mesure environ 45 x 45 mm et provient d\u2019Afrique du Sud. Chaque pi\u00e8ce est unique, avec un envoi al\u00e9atoire. Il pr\u00e9sente de belles nuances vertes m\u00eal\u00e9es \u00e0 des touches roses ou orang\u00e9es dues \u00e0 la pr\u00e9sence de feldspath, ce [&hellip;]<\/p>\n","protected":false},"featured_media":2050,"comment_status":"open","ping_status":"closed","template":"","meta":{"site-sidebar-layout":"default","site-content-layout":"","ast-site-content-layout":"default","site-content-style":"default","site-sidebar-style":"default","ast-global-header-display":"","ast-banner-title-visibility":"","ast-main-header-display":"","ast-hfb-above-header-display":"","ast-hfb-below-header-display":"","ast-hfb-mobile-header-display":"","site-post-title":"","ast-breadcrumbs-content":"","ast-featured-img":"","footer-sml-layout":"","ast-disable-related-posts":"","theme-transparent-header-meta":"default","adv-header-id-meta":"","stick-header-meta":"","header-above-stick-meta":"","header-main-stick-meta":"","header-below-stick-meta":"","astra-migrate-meta-layouts":"set","ast-page-background-enabled":"default","ast-page-background-meta":{"desktop":{"background-color":"var(--ast-global-color-4)","background-image":"","background-repeat":"repeat","background-position":"center center","background-size":"auto","background-attachment":"scroll","background-type":"","background-media":"","overlay-type":"","overlay-color":"","overlay-opacity":"","overlay-gradient":""},"tablet":{"background-color":"","background-image":"","background-repeat":"repeat","background-position":"center center","background-size":"auto","background-attachment":"scroll","background-type":"","background-media":"","overlay-type":"","overlay-color":"","overlay-opacity":"","overlay-gradient":""},"mobile":{"background-color":"","background-image":"","background-repeat":"repeat","background-position":"center center","background-size":"auto","background-attachment":"scroll","background-type":"","background-media":"","overlay-type":"","overlay-color":"","overlay-opacity":"","overlay-gradient":""}},"ast-content-background-meta":{"desktop":{"background-color":"var(--ast-global-color-5)","background-image":"","background-repeat":"repeat","background-position":"center center","background-size":"auto","background-attachment":"scroll","background-type":"","background-media":"","overlay-type":"","overlay-color":"","overlay-opacity":"","overlay-gradient":""},"tablet":{"background-color":"var(--ast-global-color-5)","background-image":"","background-repeat":"repeat","background-position":"center center","background-size":"auto","background-attachment":"scroll","background-type":"","background-media":"","overlay-type":"","overlay-color":"","overlay-opacity":"","overlay-gradient":""},"mobile":{"background-color":"var(--ast-global-color-5)","background-image":"","background-repeat":"repeat","background-position":"center center","background-size":"auto","background-attachment":"scroll","background-type":"","background-media":"","overlay-type":"","overlay-color":"","overlay-opacity":"","overlay-gradient":""}},"_glsr_average":0,"_glsr_ranking":0,"_glsr_reviews":0},"product_brand":[],"product_cat":[200,78],"product_tag":[],"class_list":{"0":"post-2049","1":"product","2":"type-product","3":"status-publish","4":"has-post-thumbnail","6":"product_cat-sculptees","7":"product_cat-vert","8":"desktop-align-left","9":"tablet-align-left","10":"mobile-align-left","12":"first","13":"instock","14":"purchasable","15":"product-type-simple"},"yoast_head":"<!-- This site is optimized with the Yoast SEO plugin v27.5 - https:\/\/yoast.com\/product\/yoast-seo-wordpress\/ -->\n<title>C\u0153ur en Unakite - Au fil des pierres<\/title>\n<meta name=\"description\" content=\"C\u0153ur en Unakite : apaise les \u00e9motions, r\u00e9duit le stress et renforce la confiance. Id\u00e9al pour retrouver \u00e9quilibre et s\u00e9r\u00e9nit\u00e9 au quotidien.\" \/>\n<meta name=\"robots\" content=\"index, follow, max-snippet:-1, max-image-preview:large, max-video-preview:-1\" \/>\n<link rel=\"canonical\" href=\"https:\/\/aufildespierres.com\/index.php\/product\/coeur-en-unakite\/\" \/>\n<meta property=\"og:locale\" content=\"fr_FR\" \/>\n<meta property=\"og:type\" content=\"article\" \/>\n<meta property=\"og:title\" content=\"C\u0153ur en Unakite - Au fil des pierres\" \/>\n<meta property=\"og:description\" content=\"C\u0153ur en Unakite : apaise les \u00e9motions, r\u00e9duit le stress et renforce la confiance. Id\u00e9al pour retrouver \u00e9quilibre et s\u00e9r\u00e9nit\u00e9 au quotidien.\" \/>\n<meta property=\"og:url\" content=\"https:\/\/aufildespierres.com\/index.php\/product\/coeur-en-unakite\/\" \/>\n<meta property=\"og:site_name\" content=\"Au fil des pierres\" \/>\n<meta property=\"article:modified_time\" content=\"2026-04-30T12:50:36+00:00\" \/>\n<meta property=\"og:image\" content=\"https:\/\/aufildespierres.com\/wp-content\/uploads\/2024\/01\/20240115_190826-scaled.jpg\" \/>\n\t<meta property=\"og:image:width\" content=\"2416\" \/>\n\t<meta property=\"og:image:height\" content=\"2560\" \/>\n\t<meta property=\"og:image:type\" content=\"image\/jpeg\" \/>\n<meta name=\"twitter:card\" content=\"summary_large_image\" \/>\n<meta name=\"twitter:label1\" content=\"Dur\u00e9e de lecture estim\u00e9e\" \/>\n\t<meta name=\"twitter:data1\" content=\"3 minutes\" \/>\n<script type=\"application\/ld+json\" class=\"yoast-schema-graph\">{\"@context\":\"https:\\\/\\\/schema.org\",\"@graph\":[{\"@type\":\"WebPage\",\"@id\":\"https:\\\/\\\/aufildespierres.com\\\/index.php\\\/product\\\/coeur-en-unakite\\\/\",\"url\":\"https:\\\/\\\/aufildespierres.com\\\/index.php\\\/product\\\/coeur-en-unakite\\\/\",\"name\":\"C\u0153ur en Unakite - Au fil des pierres\",\"isPartOf\":{\"@id\":\"https:\\\/\\\/aufildespierres.com\\\/#website\"},\"primaryImageOfPage\":{\"@id\":\"https:\\\/\\\/aufildespierres.com\\\/index.php\\\/product\\\/coeur-en-unakite\\\/#primaryimage\"},\"image\":{\"@id\":\"https:\\\/\\\/aufildespierres.com\\\/index.php\\\/product\\\/coeur-en-unakite\\\/#primaryimage\"},\"thumbnailUrl\":\"https:\\\/\\\/aufildespierres.com\\\/wp-content\\\/uploads\\\/2024\\\/01\\\/20240115_190826-scaled.jpg\",\"datePublished\":\"2024-01-22T16:46:38+00:00\",\"dateModified\":\"2026-04-30T12:50:36+00:00\",\"description\":\"C\u0153ur en Unakite : apaise les \u00e9motions, r\u00e9duit le stress et renforce la confiance. Id\u00e9al pour retrouver \u00e9quilibre et s\u00e9r\u00e9nit\u00e9 au quotidien.\",\"breadcrumb\":{\"@id\":\"https:\\\/\\\/aufildespierres.com\\\/index.php\\\/product\\\/coeur-en-unakite\\\/#breadcrumb\"},\"inLanguage\":\"fr-FR\",\"potentialAction\":[{\"@type\":\"ReadAction\",\"target\":[\"https:\\\/\\\/aufildespierres.com\\\/index.php\\\/product\\\/coeur-en-unakite\\\/\"]}]},{\"@type\":\"ImageObject\",\"inLanguage\":\"fr-FR\",\"@id\":\"https:\\\/\\\/aufildespierres.com\\\/index.php\\\/product\\\/coeur-en-unakite\\\/#primaryimage\",\"url\":\"https:\\\/\\\/aufildespierres.com\\\/wp-content\\\/uploads\\\/2024\\\/01\\\/20240115_190826-scaled.jpg\",\"contentUrl\":\"https:\\\/\\\/aufildespierres.com\\\/wp-content\\\/uploads\\\/2024\\\/01\\\/20240115_190826-scaled.jpg\",\"width\":2416,\"height\":2560},{\"@type\":\"BreadcrumbList\",\"@id\":\"https:\\\/\\\/aufildespierres.com\\\/index.php\\\/product\\\/coeur-en-unakite\\\/#breadcrumb\",\"itemListElement\":[{\"@type\":\"ListItem\",\"position\":1,\"name\":\"Accueil\",\"item\":\"https:\\\/\\\/aufildespierres.com\\\/\"},{\"@type\":\"ListItem\",\"position\":2,\"name\":\"Boutique de Lithoth\u00e9rapie\",\"item\":\"https:\\\/\\\/aufildespierres.com\\\/index.php\\\/boutique-de-lithotherapie\\\/\"},{\"@type\":\"ListItem\",\"position\":3,\"name\":\"C\u0153ur en Unakite\"}]},{\"@type\":\"WebSite\",\"@id\":\"https:\\\/\\\/aufildespierres.com\\\/#website\",\"url\":\"https:\\\/\\\/aufildespierres.com\\\/\",\"name\":\"Au fil des pierres\",\"description\":\"Au fil des pierres\",\"publisher\":{\"@id\":\"https:\\\/\\\/aufildespierres.com\\\/#organization\"},\"potentialAction\":[{\"@type\":\"SearchAction\",\"target\":{\"@type\":\"EntryPoint\",\"urlTemplate\":\"https:\\\/\\\/aufildespierres.com\\\/?s={search_term_string}\"},\"query-input\":{\"@type\":\"PropertyValueSpecification\",\"valueRequired\":true,\"valueName\":\"search_term_string\"}}],\"inLanguage\":\"fr-FR\"},{\"@type\":\"Organization\",\"@id\":\"https:\\\/\\\/aufildespierres.com\\\/#organization\",\"name\":\"Au fil des pierres\",\"url\":\"https:\\\/\\\/aufildespierres.com\\\/\",\"logo\":{\"@type\":\"ImageObject\",\"inLanguage\":\"fr-FR\",\"@id\":\"https:\\\/\\\/aufildespierres.com\\\/#\\\/schema\\\/logo\\\/image\\\/\",\"url\":\"https:\\\/\\\/aufildespierres.com\\\/wp-content\\\/uploads\\\/2023\\\/05\\\/cropped-Logo-PNG-Transparent.png\",\"contentUrl\":\"https:\\\/\\\/aufildespierres.com\\\/wp-content\\\/uploads\\\/2023\\\/05\\\/cropped-Logo-PNG-Transparent.png\",\"width\":1776,\"height\":1625,\"caption\":\"Au fil des pierres\"},\"image\":{\"@id\":\"https:\\\/\\\/aufildespierres.com\\\/#\\\/schema\\\/logo\\\/image\\\/\"}}]}<\/script>\n<!-- \/ Yoast SEO plugin. -->","yoast_head_json":{"title":"C\u0153ur en Unakite - Au fil des pierres","description":"C\u0153ur en Unakite : apaise les \u00e9motions, r\u00e9duit le stress et renforce la confiance. Id\u00e9al pour retrouver \u00e9quilibre et s\u00e9r\u00e9nit\u00e9 au quotidien.","robots":{"index":"index","follow":"follow","max-snippet":"max-snippet:-1","max-image-preview":"max-image-preview:large","max-video-preview":"max-video-preview:-1"},"canonical":"https:\/\/aufildespierres.com\/index.php\/product\/coeur-en-unakite\/","og_locale":"fr_FR","og_type":"article","og_title":"C\u0153ur en Unakite - Au fil des pierres","og_description":"C\u0153ur en Unakite : apaise les \u00e9motions, r\u00e9duit le stress et renforce la confiance. Id\u00e9al pour retrouver \u00e9quilibre et s\u00e9r\u00e9nit\u00e9 au quotidien.","og_url":"https:\/\/aufildespierres.com\/index.php\/product\/coeur-en-unakite\/","og_site_name":"Au fil des pierres","article_modified_time":"2026-04-30T12:50:36+00:00","og_image":[{"width":2416,"height":2560,"url":"https:\/\/aufildespierres.com\/wp-content\/uploads\/2024\/01\/20240115_190826-scaled.jpg","type":"image\/jpeg"}],"twitter_card":"summary_large_image","twitter_misc":{"Dur\u00e9e de lecture estim\u00e9e":"3 minutes"},"schema":{"@context":"https:\/\/schema.org","@graph":[{"@type":"WebPage","@id":"https:\/\/aufildespierres.com\/index.php\/product\/coeur-en-unakite\/","url":"https:\/\/aufildespierres.com\/index.php\/product\/coeur-en-unakite\/","name":"C\u0153ur en Unakite - Au fil des pierres","isPartOf":{"@id":"https:\/\/aufildespierres.com\/#website"},"primaryImageOfPage":{"@id":"https:\/\/aufildespierres.com\/index.php\/product\/coeur-en-unakite\/#primaryimage"},"image":{"@id":"https:\/\/aufildespierres.com\/index.php\/product\/coeur-en-unakite\/#primaryimage"},"thumbnailUrl":"https:\/\/aufildespierres.com\/wp-content\/uploads\/2024\/01\/20240115_190826-scaled.jpg","datePublished":"2024-01-22T16:46:38+00:00","dateModified":"2026-04-30T12:50:36+00:00","description":"C\u0153ur en Unakite : apaise les \u00e9motions, r\u00e9duit le stress et renforce la confiance. Id\u00e9al pour retrouver \u00e9quilibre et s\u00e9r\u00e9nit\u00e9 au quotidien.","breadcrumb":{"@id":"https:\/\/aufildespierres.com\/index.php\/product\/coeur-en-unakite\/#breadcrumb"},"inLanguage":"fr-FR","potentialAction":[{"@type":"ReadAction","target":["https:\/\/aufildespierres.com\/index.php\/product\/coeur-en-unakite\/"]}]},{"@type":"ImageObject","inLanguage":"fr-FR","@id":"https:\/\/aufildespierres.com\/index.php\/product\/coeur-en-unakite\/#primaryimage","url":"https:\/\/aufildespierres.com\/wp-content\/uploads\/2024\/01\/20240115_190826-scaled.jpg","contentUrl":"https:\/\/aufildespierres.com\/wp-content\/uploads\/2024\/01\/20240115_190826-scaled.jpg","width":2416,"height":2560},{"@type":"BreadcrumbList","@id":"https:\/\/aufildespierres.com\/index.php\/product\/coeur-en-unakite\/#breadcrumb","itemListElement":[{"@type":"ListItem","position":1,"name":"Accueil","item":"https:\/\/aufildespierres.com\/"},{"@type":"ListItem","position":2,"name":"Boutique de Lithoth\u00e9rapie","item":"https:\/\/aufildespierres.com\/index.php\/boutique-de-lithotherapie\/"},{"@type":"ListItem","position":3,"name":"C\u0153ur en Unakite"}]},{"@type":"WebSite","@id":"https:\/\/aufildespierres.com\/#website","url":"https:\/\/aufildespierres.com\/","name":"Au fil des pierres","description":"Au fil des pierres","publisher":{"@id":"https:\/\/aufildespierres.com\/#organization"},"potentialAction":[{"@type":"SearchAction","target":{"@type":"EntryPoint","urlTemplate":"https:\/\/aufildespierres.com\/?s={search_term_string}"},"query-input":{"@type":"PropertyValueSpecification","valueRequired":true,"valueName":"search_term_string"}}],"inLanguage":"fr-FR"},{"@type":"Organization","@id":"https:\/\/aufildespierres.com\/#organization","name":"Au fil des pierres","url":"https:\/\/aufildespierres.com\/","logo":{"@type":"ImageObject","inLanguage":"fr-FR","@id":"https:\/\/aufildespierres.com\/#\/schema\/logo\/image\/","url":"https:\/\/aufildespierres.com\/wp-content\/uploads\/2023\/05\/cropped-Logo-PNG-Transparent.png","contentUrl":"https:\/\/aufildespierres.com\/wp-content\/uploads\/2023\/05\/cropped-Logo-PNG-Transparent.png","width":1776,"height":1625,"caption":"Au fil des pierres"},"image":{"@id":"https:\/\/aufildespierres.com\/#\/schema\/logo\/image\/"}}]}},"_links":{"self":[{"href":"https:\/\/aufildespierres.com\/index.php\/wp-json\/wp\/v2\/product\/2049","targetHints":{"allow":["GET"]}}],"collection":[{"href":"https:\/\/aufildespierres.com\/index.php\/wp-json\/wp\/v2\/product"}],"about":[{"href":"https:\/\/aufildespierres.com\/index.php\/wp-json\/wp\/v2\/types\/product"}],"replies":[{"embeddable":true,"href":"https:\/\/aufildespierres.com\/index.php\/wp-json\/wp\/v2\/comments?post=2049"}],"wp:featuredmedia":[{"embeddable":true,"href":"https:\/\/aufildespierres.com\/index.php\/wp-json\/wp\/v2\/media\/2050"}],"wp:attachment":[{"href":"https:\/\/aufildespierres.com\/index.php\/wp-json\/wp\/v2\/media?parent=2049"}],"wp:term":[{"taxonomy":"product_brand","embeddable":true,"href":"https:\/\/aufildespierres.com\/index.php\/wp-json\/wp\/v2\/product_brand?post=2049"},{"taxonomy":"product_cat","embeddable":true,"href":"https:\/\/aufildespierres.com\/index.php\/wp-json\/wp\/v2\/product_cat?post=2049"},{"taxonomy":"product_tag","embeddable":true,"href":"https:\/\/aufildespierres.com\/index.php\/wp-json\/wp\/v2\/product_tag?post=2049"}],"curies":[{"name":"wp","href":"https:\/\/api.w.org\/{rel}","templated":true}]}}