{"id":2055,"date":"2024-01-29T19:31:19","date_gmt":"2024-01-29T18:31:19","guid":{"rendered":"https:\/\/aufildespierres.com\/?post_type=product&#038;p=2055"},"modified":"2026-04-28T23:07:49","modified_gmt":"2026-04-28T21:07:49","slug":"abeille-en-ambre","status":"publish","type":"product","link":"https:\/\/aufildespierres.com\/index.php\/product\/abeille-en-ambre\/","title":{"rendered":"Abeille en Ambre"},"content":{"rendered":"<h2 data-section-id=\"15tgmb8\" data-start=\"240\" data-end=\"311\">Abeille en Ambre de Sumatra : chaleur, r\u00e9confort et \u00e9nergie positive<\/h2>\n<h3 data-section-id=\"16xgg8y\" data-start=\"313\" data-end=\"355\">Caract\u00e9ristiques de l\u2019abeille en ambre<\/h3>\n<p data-start=\"357\" data-end=\"588\">Cette abeille en Ambre de Sumatra est sculpt\u00e9e \u00e0 la main dans une r\u00e9sine fossile de belle qualit\u00e9. Chaque pi\u00e8ce reste unique, avec un envoi al\u00e9atoire. L\u2019ambre poss\u00e8de une duret\u00e9 de 2 \u00e0 2,5, ce qui demande une manipulation d\u00e9licate.<\/p>\n<h3 data-section-id=\"13l1jt9\" data-start=\"590\" data-end=\"634\">Propri\u00e9t\u00e9s \u00e9nerg\u00e9tiques et \u00e9motionnelles<\/h3>\n<p data-start=\"636\" data-end=\"863\">L\u2019<strong data-start=\"638\" data-end=\"669\">abeille en Ambre de Sumatra<\/strong> purifie et r\u00e9chauffe les \u00e9nergies. Elle agit directement sur le plexus solaire, qui correspond \u00e0 la vitalit\u00e9 et \u00e0 la confiance. Ainsi, elle aide \u00e0 retrouver un \u00e9quilibre \u00e9motionnel plus stable.<\/p>\n<p data-start=\"865\" data-end=\"1187\">De plus, elle apporte optimisme et confiance en soi. Elle vous invite \u00e0 ralentir et \u00e0 prendre du recul sur votre quotidien. Par exemple, elle peut aider \u00e0 clarifier vos choix de vie. En parall\u00e8le, elle diminue les angoisses et les tensions \u00e9motionnelles. Gr\u00e2ce \u00e0 cela, vous ressentez davantage de s\u00e9curit\u00e9 et de r\u00e9confort.<\/p>\n<p data-start=\"1189\" data-end=\"1366\">Pour les personnes sensibles, cette pierre agit en douceur. Elle apaise la peur de l\u2019abandon et soutient les moments de fragilit\u00e9. Ainsi, elle favorise un recentrage progressif.<\/p>\n<h3 data-section-id=\"1a71mv4\" data-start=\"1368\" data-end=\"1411\">Bienfaits physiques et \u00e9nergie du corps<\/h3>\n<p data-start=\"1413\" data-end=\"1590\">L\u2019<strong data-start=\"1415\" data-end=\"1446\">abeille en Ambre de Sumatra<\/strong> diffuse une chaleur naturelle qui stimule le corps. Elle soutient le syst\u00e8me immunitaire et accompagne les m\u00e9canismes naturels de r\u00e9cup\u00e9ration.<\/p>\n<p data-start=\"1592\" data-end=\"1924\">En compl\u00e9ment, elle aide \u00e0 soulager certaines tensions comme les douleurs musculaires ou les rhumatismes. Elle peut aussi accompagner les pouss\u00e9es dentaires chez les plus jeunes. Par ailleurs, elle agit sur le syst\u00e8me respiratoire et digestif. Elle contribue ainsi \u00e0 apaiser la toux, les bronchites ou certains inconforts digestifs.<\/p>\n<p data-start=\"1926\" data-end=\"2033\">En outre, elle limite l\u2019impact des ondes \u00e9lectromagn\u00e9tiques et des \u00e9nergies n\u00e9gatives dans l\u2019environnement.<\/p>\n<p data-start=\"2035\" data-end=\"2095\">\u26a0\ufe0f \u00c9vitez son utilisation en cas de troubles de la thyro\u00efde.<\/p>\n<h3 data-section-id=\"gnf12u\" data-start=\"2097\" data-end=\"2126\">Entretien et rechargement<\/h3>\n<p data-start=\"2128\" data-end=\"2327\">Pour entretenir votre pierre, rincez-la \u00e0 l\u2019eau ou utilisez la fumigation \u00e0 l\u2019encens. Vous pouvez aussi la placer dans la terre. Ensuite, rechargez-la \u00e0 la lumi\u00e8re du soleil ou sur un amas de quartz.<\/p>\n<p data-start=\"2329\" data-end=\"2554\">Si cette abeille en Ambre de Sumatra vous attire, c\u2019est peut-\u00eatre qu\u2019elle correspond d\u00e9j\u00e0 \u00e0 un besoin de r\u00e9confort et de vitalit\u00e9 dans votre vie. Comme l\u2019abeille, elle vous invite \u00e0 avancer avec douceur, \u00e9nergie et constance.<\/p>\n","protected":false},"excerpt":{"rendered":"<p>Abeille en Ambre de Sumatra : chaleur, r\u00e9confort et \u00e9nergie positive Caract\u00e9ristiques de l\u2019abeille en ambre Cette abeille en Ambre de Sumatra est sculpt\u00e9e \u00e0 la main dans une r\u00e9sine fossile de belle qualit\u00e9. Chaque pi\u00e8ce reste unique, avec un envoi al\u00e9atoire. L\u2019ambre poss\u00e8de une duret\u00e9 de 2 \u00e0 2,5, ce qui demande une manipulation [&hellip;]<\/p>\n","protected":false},"featured_media":2057,"comment_status":"open","ping_status":"closed","template":"","meta":{"site-sidebar-layout":"default","site-content-layout":"","ast-site-content-layout":"default","site-content-style":"default","site-sidebar-style":"default","ast-global-header-display":"","ast-banner-title-visibility":"","ast-main-header-display":"","ast-hfb-above-header-display":"","ast-hfb-below-header-display":"","ast-hfb-mobile-header-display":"","site-post-title":"","ast-breadcrumbs-content":"","ast-featured-img":"","footer-sml-layout":"","ast-disable-related-posts":"","theme-transparent-header-meta":"default","adv-header-id-meta":"","stick-header-meta":"","header-above-stick-meta":"","header-main-stick-meta":"","header-below-stick-meta":"","astra-migrate-meta-layouts":"set","ast-page-background-enabled":"default","ast-page-background-meta":{"desktop":{"background-color":"var(--ast-global-color-4)","background-image":"","background-repeat":"repeat","background-position":"center center","background-size":"auto","background-attachment":"scroll","background-type":"","background-media":"","overlay-type":"","overlay-color":"","overlay-opacity":"","overlay-gradient":""},"tablet":{"background-color":"","background-image":"","background-repeat":"repeat","background-position":"center center","background-size":"auto","background-attachment":"scroll","background-type":"","background-media":"","overlay-type":"","overlay-color":"","overlay-opacity":"","overlay-gradient":""},"mobile":{"background-color":"","background-image":"","background-repeat":"repeat","background-position":"center center","background-size":"auto","background-attachment":"scroll","background-type":"","background-media":"","overlay-type":"","overlay-color":"","overlay-opacity":"","overlay-gradient":""}},"ast-content-background-meta":{"desktop":{"background-color":"var(--ast-global-color-5)","background-image":"","background-repeat":"repeat","background-position":"center center","background-size":"auto","background-attachment":"scroll","background-type":"","background-media":"","overlay-type":"","overlay-color":"","overlay-opacity":"","overlay-gradient":""},"tablet":{"background-color":"var(--ast-global-color-5)","background-image":"","background-repeat":"repeat","background-position":"center center","background-size":"auto","background-attachment":"scroll","background-type":"","background-media":"","overlay-type":"","overlay-color":"","overlay-opacity":"","overlay-gradient":""},"mobile":{"background-color":"var(--ast-global-color-5)","background-image":"","background-repeat":"repeat","background-position":"center center","background-size":"auto","background-attachment":"scroll","background-type":"","background-media":"","overlay-type":"","overlay-color":"","overlay-opacity":"","overlay-gradient":""}},"_glsr_average":0,"_glsr_ranking":0,"_glsr_reviews":0},"product_brand":[],"product_cat":[226,200],"product_tag":[],"class_list":{"0":"post-2055","1":"product","2":"type-product","3":"status-publish","4":"has-post-thumbnail","6":"product_cat-ambre","7":"product_cat-sculptees","8":"desktop-align-left","9":"tablet-align-left","10":"mobile-align-left","12":"first","13":"instock","14":"purchasable","15":"product-type-simple"},"yoast_head":"<!-- This site is optimized with the Yoast SEO plugin v27.5 - https:\/\/yoast.com\/product\/yoast-seo-wordpress\/ -->\n<title>Abeille en Ambre - Au fil des pierres<\/title>\n<meta name=\"description\" content=\"Abeille en Ambre de Sumatra : pierre de r\u00e9confort et vitalit\u00e9. Apaise \u00e9motions, renforce \u00e9nergie et prot\u00e8ge des influences n\u00e9gatives.\" \/>\n<meta name=\"robots\" content=\"index, follow, max-snippet:-1, max-image-preview:large, max-video-preview:-1\" \/>\n<link rel=\"canonical\" href=\"https:\/\/aufildespierres.com\/index.php\/product\/abeille-en-ambre\/\" \/>\n<meta property=\"og:locale\" content=\"fr_FR\" \/>\n<meta property=\"og:type\" content=\"article\" \/>\n<meta property=\"og:title\" content=\"Abeille en Ambre - Au fil des pierres\" \/>\n<meta property=\"og:description\" content=\"Abeille en Ambre de Sumatra : pierre de r\u00e9confort et vitalit\u00e9. Apaise \u00e9motions, renforce \u00e9nergie et prot\u00e8ge des influences n\u00e9gatives.\" \/>\n<meta property=\"og:url\" content=\"https:\/\/aufildespierres.com\/index.php\/product\/abeille-en-ambre\/\" \/>\n<meta property=\"og:site_name\" content=\"Au fil des pierres\" \/>\n<meta property=\"article:modified_time\" content=\"2026-04-28T21:07:49+00:00\" \/>\n<meta property=\"og:image\" content=\"https:\/\/aufildespierres.com\/wp-content\/uploads\/2024\/01\/20240113_171433-scaled.jpg\" \/>\n\t<meta property=\"og:image:width\" content=\"1920\" \/>\n\t<meta property=\"og:image:height\" content=\"2560\" \/>\n\t<meta property=\"og:image:type\" content=\"image\/jpeg\" \/>\n<meta name=\"twitter:card\" content=\"summary_large_image\" \/>\n<meta name=\"twitter:label1\" content=\"Dur\u00e9e de lecture estim\u00e9e\" \/>\n\t<meta name=\"twitter:data1\" content=\"3 minutes\" \/>\n<script type=\"application\/ld+json\" class=\"yoast-schema-graph\">{\"@context\":\"https:\\\/\\\/schema.org\",\"@graph\":[{\"@type\":\"WebPage\",\"@id\":\"https:\\\/\\\/aufildespierres.com\\\/index.php\\\/product\\\/abeille-en-ambre\\\/\",\"url\":\"https:\\\/\\\/aufildespierres.com\\\/index.php\\\/product\\\/abeille-en-ambre\\\/\",\"name\":\"Abeille en Ambre - Au fil des pierres\",\"isPartOf\":{\"@id\":\"https:\\\/\\\/aufildespierres.com\\\/#website\"},\"primaryImageOfPage\":{\"@id\":\"https:\\\/\\\/aufildespierres.com\\\/index.php\\\/product\\\/abeille-en-ambre\\\/#primaryimage\"},\"image\":{\"@id\":\"https:\\\/\\\/aufildespierres.com\\\/index.php\\\/product\\\/abeille-en-ambre\\\/#primaryimage\"},\"thumbnailUrl\":\"https:\\\/\\\/aufildespierres.com\\\/wp-content\\\/uploads\\\/2024\\\/01\\\/20240113_171433-scaled.jpg\",\"datePublished\":\"2024-01-29T18:31:19+00:00\",\"dateModified\":\"2026-04-28T21:07:49+00:00\",\"description\":\"Abeille en Ambre de Sumatra : pierre de r\u00e9confort et vitalit\u00e9. Apaise \u00e9motions, renforce \u00e9nergie et prot\u00e8ge des influences n\u00e9gatives.\",\"breadcrumb\":{\"@id\":\"https:\\\/\\\/aufildespierres.com\\\/index.php\\\/product\\\/abeille-en-ambre\\\/#breadcrumb\"},\"inLanguage\":\"fr-FR\",\"potentialAction\":[{\"@type\":\"ReadAction\",\"target\":[\"https:\\\/\\\/aufildespierres.com\\\/index.php\\\/product\\\/abeille-en-ambre\\\/\"]}]},{\"@type\":\"ImageObject\",\"inLanguage\":\"fr-FR\",\"@id\":\"https:\\\/\\\/aufildespierres.com\\\/index.php\\\/product\\\/abeille-en-ambre\\\/#primaryimage\",\"url\":\"https:\\\/\\\/aufildespierres.com\\\/wp-content\\\/uploads\\\/2024\\\/01\\\/20240113_171433-scaled.jpg\",\"contentUrl\":\"https:\\\/\\\/aufildespierres.com\\\/wp-content\\\/uploads\\\/2024\\\/01\\\/20240113_171433-scaled.jpg\",\"width\":1920,\"height\":2560},{\"@type\":\"BreadcrumbList\",\"@id\":\"https:\\\/\\\/aufildespierres.com\\\/index.php\\\/product\\\/abeille-en-ambre\\\/#breadcrumb\",\"itemListElement\":[{\"@type\":\"ListItem\",\"position\":1,\"name\":\"Accueil\",\"item\":\"https:\\\/\\\/aufildespierres.com\\\/\"},{\"@type\":\"ListItem\",\"position\":2,\"name\":\"Boutique de Lithoth\u00e9rapie\",\"item\":\"https:\\\/\\\/aufildespierres.com\\\/index.php\\\/boutique-de-lithotherapie\\\/\"},{\"@type\":\"ListItem\",\"position\":3,\"name\":\"Abeille en Ambre\"}]},{\"@type\":\"WebSite\",\"@id\":\"https:\\\/\\\/aufildespierres.com\\\/#website\",\"url\":\"https:\\\/\\\/aufildespierres.com\\\/\",\"name\":\"Au fil des pierres\",\"description\":\"Au fil des pierres\",\"publisher\":{\"@id\":\"https:\\\/\\\/aufildespierres.com\\\/#organization\"},\"potentialAction\":[{\"@type\":\"SearchAction\",\"target\":{\"@type\":\"EntryPoint\",\"urlTemplate\":\"https:\\\/\\\/aufildespierres.com\\\/?s={search_term_string}\"},\"query-input\":{\"@type\":\"PropertyValueSpecification\",\"valueRequired\":true,\"valueName\":\"search_term_string\"}}],\"inLanguage\":\"fr-FR\"},{\"@type\":\"Organization\",\"@id\":\"https:\\\/\\\/aufildespierres.com\\\/#organization\",\"name\":\"Au fil des pierres\",\"url\":\"https:\\\/\\\/aufildespierres.com\\\/\",\"logo\":{\"@type\":\"ImageObject\",\"inLanguage\":\"fr-FR\",\"@id\":\"https:\\\/\\\/aufildespierres.com\\\/#\\\/schema\\\/logo\\\/image\\\/\",\"url\":\"https:\\\/\\\/aufildespierres.com\\\/wp-content\\\/uploads\\\/2023\\\/05\\\/cropped-Logo-PNG-Transparent.png\",\"contentUrl\":\"https:\\\/\\\/aufildespierres.com\\\/wp-content\\\/uploads\\\/2023\\\/05\\\/cropped-Logo-PNG-Transparent.png\",\"width\":1776,\"height\":1625,\"caption\":\"Au fil des pierres\"},\"image\":{\"@id\":\"https:\\\/\\\/aufildespierres.com\\\/#\\\/schema\\\/logo\\\/image\\\/\"}}]}<\/script>\n<!-- \/ Yoast SEO plugin. -->","yoast_head_json":{"title":"Abeille en Ambre - Au fil des pierres","description":"Abeille en Ambre de Sumatra : pierre de r\u00e9confort et vitalit\u00e9. Apaise \u00e9motions, renforce \u00e9nergie et prot\u00e8ge des influences n\u00e9gatives.","robots":{"index":"index","follow":"follow","max-snippet":"max-snippet:-1","max-image-preview":"max-image-preview:large","max-video-preview":"max-video-preview:-1"},"canonical":"https:\/\/aufildespierres.com\/index.php\/product\/abeille-en-ambre\/","og_locale":"fr_FR","og_type":"article","og_title":"Abeille en Ambre - Au fil des pierres","og_description":"Abeille en Ambre de Sumatra : pierre de r\u00e9confort et vitalit\u00e9. Apaise \u00e9motions, renforce \u00e9nergie et prot\u00e8ge des influences n\u00e9gatives.","og_url":"https:\/\/aufildespierres.com\/index.php\/product\/abeille-en-ambre\/","og_site_name":"Au fil des pierres","article_modified_time":"2026-04-28T21:07:49+00:00","og_image":[{"width":1920,"height":2560,"url":"https:\/\/aufildespierres.com\/wp-content\/uploads\/2024\/01\/20240113_171433-scaled.jpg","type":"image\/jpeg"}],"twitter_card":"summary_large_image","twitter_misc":{"Dur\u00e9e de lecture estim\u00e9e":"3 minutes"},"schema":{"@context":"https:\/\/schema.org","@graph":[{"@type":"WebPage","@id":"https:\/\/aufildespierres.com\/index.php\/product\/abeille-en-ambre\/","url":"https:\/\/aufildespierres.com\/index.php\/product\/abeille-en-ambre\/","name":"Abeille en Ambre - Au fil des pierres","isPartOf":{"@id":"https:\/\/aufildespierres.com\/#website"},"primaryImageOfPage":{"@id":"https:\/\/aufildespierres.com\/index.php\/product\/abeille-en-ambre\/#primaryimage"},"image":{"@id":"https:\/\/aufildespierres.com\/index.php\/product\/abeille-en-ambre\/#primaryimage"},"thumbnailUrl":"https:\/\/aufildespierres.com\/wp-content\/uploads\/2024\/01\/20240113_171433-scaled.jpg","datePublished":"2024-01-29T18:31:19+00:00","dateModified":"2026-04-28T21:07:49+00:00","description":"Abeille en Ambre de Sumatra : pierre de r\u00e9confort et vitalit\u00e9. Apaise \u00e9motions, renforce \u00e9nergie et prot\u00e8ge des influences n\u00e9gatives.","breadcrumb":{"@id":"https:\/\/aufildespierres.com\/index.php\/product\/abeille-en-ambre\/#breadcrumb"},"inLanguage":"fr-FR","potentialAction":[{"@type":"ReadAction","target":["https:\/\/aufildespierres.com\/index.php\/product\/abeille-en-ambre\/"]}]},{"@type":"ImageObject","inLanguage":"fr-FR","@id":"https:\/\/aufildespierres.com\/index.php\/product\/abeille-en-ambre\/#primaryimage","url":"https:\/\/aufildespierres.com\/wp-content\/uploads\/2024\/01\/20240113_171433-scaled.jpg","contentUrl":"https:\/\/aufildespierres.com\/wp-content\/uploads\/2024\/01\/20240113_171433-scaled.jpg","width":1920,"height":2560},{"@type":"BreadcrumbList","@id":"https:\/\/aufildespierres.com\/index.php\/product\/abeille-en-ambre\/#breadcrumb","itemListElement":[{"@type":"ListItem","position":1,"name":"Accueil","item":"https:\/\/aufildespierres.com\/"},{"@type":"ListItem","position":2,"name":"Boutique de Lithoth\u00e9rapie","item":"https:\/\/aufildespierres.com\/index.php\/boutique-de-lithotherapie\/"},{"@type":"ListItem","position":3,"name":"Abeille en Ambre"}]},{"@type":"WebSite","@id":"https:\/\/aufildespierres.com\/#website","url":"https:\/\/aufildespierres.com\/","name":"Au fil des pierres","description":"Au fil des pierres","publisher":{"@id":"https:\/\/aufildespierres.com\/#organization"},"potentialAction":[{"@type":"SearchAction","target":{"@type":"EntryPoint","urlTemplate":"https:\/\/aufildespierres.com\/?s={search_term_string}"},"query-input":{"@type":"PropertyValueSpecification","valueRequired":true,"valueName":"search_term_string"}}],"inLanguage":"fr-FR"},{"@type":"Organization","@id":"https:\/\/aufildespierres.com\/#organization","name":"Au fil des pierres","url":"https:\/\/aufildespierres.com\/","logo":{"@type":"ImageObject","inLanguage":"fr-FR","@id":"https:\/\/aufildespierres.com\/#\/schema\/logo\/image\/","url":"https:\/\/aufildespierres.com\/wp-content\/uploads\/2023\/05\/cropped-Logo-PNG-Transparent.png","contentUrl":"https:\/\/aufildespierres.com\/wp-content\/uploads\/2023\/05\/cropped-Logo-PNG-Transparent.png","width":1776,"height":1625,"caption":"Au fil des pierres"},"image":{"@id":"https:\/\/aufildespierres.com\/#\/schema\/logo\/image\/"}}]}},"_links":{"self":[{"href":"https:\/\/aufildespierres.com\/index.php\/wp-json\/wp\/v2\/product\/2055","targetHints":{"allow":["GET"]}}],"collection":[{"href":"https:\/\/aufildespierres.com\/index.php\/wp-json\/wp\/v2\/product"}],"about":[{"href":"https:\/\/aufildespierres.com\/index.php\/wp-json\/wp\/v2\/types\/product"}],"replies":[{"embeddable":true,"href":"https:\/\/aufildespierres.com\/index.php\/wp-json\/wp\/v2\/comments?post=2055"}],"wp:featuredmedia":[{"embeddable":true,"href":"https:\/\/aufildespierres.com\/index.php\/wp-json\/wp\/v2\/media\/2057"}],"wp:attachment":[{"href":"https:\/\/aufildespierres.com\/index.php\/wp-json\/wp\/v2\/media?parent=2055"}],"wp:term":[{"taxonomy":"product_brand","embeddable":true,"href":"https:\/\/aufildespierres.com\/index.php\/wp-json\/wp\/v2\/product_brand?post=2055"},{"taxonomy":"product_cat","embeddable":true,"href":"https:\/\/aufildespierres.com\/index.php\/wp-json\/wp\/v2\/product_cat?post=2055"},{"taxonomy":"product_tag","embeddable":true,"href":"https:\/\/aufildespierres.com\/index.php\/wp-json\/wp\/v2\/product_tag?post=2055"}],"curies":[{"name":"wp","href":"https:\/\/api.w.org\/{rel}","templated":true}]}}