{"id":2061,"date":"2024-01-29T19:57:00","date_gmt":"2024-01-29T18:57:00","guid":{"rendered":"https:\/\/aufildespierres.com\/?post_type=product&#038;p=2061"},"modified":"2026-04-30T14:28:07","modified_gmt":"2026-04-30T12:28:07","slug":"coeur-en-apatite-bleue","status":"publish","type":"product","link":"https:\/\/aufildespierres.com\/index.php\/product\/coeur-en-apatite-bleue\/","title":{"rendered":"Coeur en Apatite bleue"},"content":{"rendered":"<section class=\"text-token-text-primary w-full focus:outline-none [--shadow-height:45px] has-data-writing-block:pointer-events-none has-data-writing-block:-mt-(--shadow-height) has-data-writing-block:pt-(--shadow-height) [&amp;:has([data-writing-block])&gt;*]:pointer-events-auto R6Vx5W_threadScrollVars scroll-mb-[calc(var(--scroll-root-safe-area-inset-bottom,0px)+var(--thread-response-height))] scroll-mt-(--header-height)\" dir=\"auto\" data-turn-id=\"35b0cf2b-dd16-43f8-9ee9-9eac81c5b877\" data-testid=\"conversation-turn-13\" data-scroll-anchor=\"false\" data-turn=\"user\"><\/section>\n<section class=\"text-token-text-primary w-full focus:outline-none [--shadow-height:45px] has-data-writing-block:pointer-events-none has-data-writing-block:-mt-(--shadow-height) has-data-writing-block:pt-(--shadow-height) [&amp;:has([data-writing-block])&gt;*]:pointer-events-auto [content-visibility:auto] supports-[content-visibility:auto]:[contain-intrinsic-size:auto_100lvh] R6Vx5W_threadScrollVars scroll-mb-[calc(var(--scroll-root-safe-area-inset-bottom,0px)+var(--thread-response-height))] scroll-mt-[calc(var(--header-height)+min(200px,max(70px,20svh)))]\" dir=\"auto\" data-turn-id=\"request-WEB:934aed32-f4ea-410c-92fc-6e21a636ff10-6\" data-testid=\"conversation-turn-14\" data-scroll-anchor=\"false\" data-turn=\"assistant\">\n<div class=\"text-base my-auto mx-auto pb-10 [--thread-content-margin:var(--thread-content-margin-xs,calc(var(--spacing)*4))] @w-sm\/main:[--thread-content-margin:var(--thread-content-margin-sm,calc(var(--spacing)*6))] @w-lg\/main:[--thread-content-margin:var(--thread-content-margin-lg,calc(var(--spacing)*16))] px-(--thread-content-margin)\">\n<div class=\"[--thread-content-max-width:40rem] @w-lg\/main:[--thread-content-max-width:48rem] mx-auto max-w-(--thread-content-max-width) flex-1 group\/turn-messages focus-visible:outline-hidden relative flex w-full min-w-0 flex-col agent-turn\">\n<div class=\"flex max-w-full flex-col gap-4 grow\">\n<div class=\"min-h-8 text-message relative flex w-full flex-col items-end gap-2 text-start break-words whitespace-normal outline-none keyboard-focused:focus-ring [.text-message+&amp;]:mt-1\" dir=\"auto\" tabindex=\"0\" data-message-author-role=\"assistant\" data-message-id=\"5f2a0c6e-84a4-494b-9c78-b24a1fd24413\" data-message-model-slug=\"gpt-5-3\" data-turn-start-message=\"true\">\n<div class=\"flex w-full flex-col gap-1 empty:hidden\">\n<div class=\"markdown prose dark:prose-invert w-full wrap-break-word light markdown-new-styling\">\n<p data-start=\"0\" data-end=\"56\">C\u0153ur en Apatite Bleue : expression et confiance en soi<\/p>\n<p data-start=\"58\" data-end=\"320\">Ce c\u0153ur en Apatite Bleue mesure environ 75 x 75 mm et p\u00e8se 232 grammes. Il pr\u00e9sente une belle teinte bleu profond, avec des nuances naturelles qui rappellent l\u2019eau et favorisent une sensation de calme. Sa surface polie met en valeur son \u00e9clat doux et lumineux.<\/p>\n<p data-start=\"322\" data-end=\"1143\">Le c\u0153ur en Apatite Bleue expression est une pierre naturelle reconnue pour favoriser la communication et renforcer la confiance en soi. Elle est particuli\u00e8rement appr\u00e9ci\u00e9e pour la clart\u00e9 mentale et l\u2019apaisement qu\u2019elle procure. En effet, elle canalise les \u00e9motions et absorbe les \u00e9nergies n\u00e9gatives. Ainsi, elle aide \u00e0 r\u00e9duire le stress et \u00e0 retrouver un meilleur \u00e9quilibre \u00e9motionnel. De plus, elle encourage \u00e0 exprimer les non-dits et \u00e0 lib\u00e9rer la parole. Par ailleurs, elle am\u00e9liore l\u2019\u00e9coute et la compr\u00e9hension des autres. Gr\u00e2ce \u00e0 cela, elle permet de communiquer avec plus d\u2019aisance et de sinc\u00e9rit\u00e9. Elle convient particuli\u00e8rement aux personnes qui ont du mal \u00e0 s\u2019exprimer ou qui manquent de confiance en elles. Par exemple, elle peut aider lors de prises de parole ou dans des situations relationnelles sensibles.<\/p>\n<p data-start=\"1145\" data-end=\"1514\">Cette pierre accompagne \u00e9galement un travail int\u00e9rieur. Elle aide \u00e0 mieux comprendre ses \u00e9motions et \u00e0 les exprimer avec justesse. En compl\u00e9ment, elle stimule la cr\u00e9ativit\u00e9 et l\u2019imagination. Ainsi, elle favorise une expression plus fluide et un alignement entre pens\u00e9e et parole. Elle encourage \u00e9galement \u00e0 d\u00e9velopper ses capacit\u00e9s intuitives et \u00e0 se faire confiance.<\/p>\n<p data-start=\"1516\" data-end=\"1919\">Sur le plan physique, elle soutient le corps dans son \u00e9quilibre global. Elle peut aider \u00e0 fixer le calcium et \u00e0 renforcer les os. De plus, elle agit sur la gorge et peut soulager certaines tensions li\u00e9es \u00e0 la parole. En outre, elle contribue \u00e0 soutenir la motivation, notamment dans le cadre d\u2019un r\u00e9\u00e9quilibrage alimentaire. Elle aide aussi \u00e0 apaiser certaines tensions nerveuses comme la spasmophilie.<\/p>\n<p data-start=\"1921\" data-end=\"2077\">Pour l\u2019entretien, vous pouvez la purifier \u00e0 l\u2019eau claire ou par fumigation. Ensuite, rechargez-la \u00e0 la lumi\u00e8re naturelle afin de pr\u00e9server ses propri\u00e9t\u00e9s.<\/p>\n<p data-start=\"2079\" data-end=\"2196\">Elle accompagne naturellement les p\u00e9riodes o\u00f9 un besoin d\u2019expression, de confiance et de recentrage se fait sentir.<\/p>\n<p data-start=\"2198\" data-end=\"2356\" data-is-last-node=\"\" data-is-only-node=\"\">\n<\/div>\n<\/div>\n<\/div>\n<\/div>\n<\/div>\n<\/div>\n<\/section>\n","protected":false},"excerpt":{"rendered":"<p>C\u0153ur en Apatite Bleue : expression et confiance en soi Ce c\u0153ur en Apatite Bleue mesure environ 75 x 75 mm et p\u00e8se 232 grammes. Il pr\u00e9sente une belle teinte bleu profond, avec des nuances naturelles qui rappellent l\u2019eau et favorisent une sensation de calme. Sa surface polie met en valeur son \u00e9clat doux et [&hellip;]<\/p>\n","protected":false},"featured_media":2062,"comment_status":"open","ping_status":"closed","template":"","meta":{"site-sidebar-layout":"default","site-content-layout":"","ast-site-content-layout":"default","site-content-style":"default","site-sidebar-style":"default","ast-global-header-display":"","ast-banner-title-visibility":"","ast-main-header-display":"","ast-hfb-above-header-display":"","ast-hfb-below-header-display":"","ast-hfb-mobile-header-display":"","site-post-title":"","ast-breadcrumbs-content":"","ast-featured-img":"","footer-sml-layout":"","ast-disable-related-posts":"","theme-transparent-header-meta":"default","adv-header-id-meta":"","stick-header-meta":"","header-above-stick-meta":"","header-main-stick-meta":"","header-below-stick-meta":"","astra-migrate-meta-layouts":"set","ast-page-background-enabled":"default","ast-page-background-meta":{"desktop":{"background-color":"var(--ast-global-color-4)","background-image":"","background-repeat":"repeat","background-position":"center center","background-size":"auto","background-attachment":"scroll","background-type":"","background-media":"","overlay-type":"","overlay-color":"","overlay-opacity":"","overlay-gradient":""},"tablet":{"background-color":"","background-image":"","background-repeat":"repeat","background-position":"center center","background-size":"auto","background-attachment":"scroll","background-type":"","background-media":"","overlay-type":"","overlay-color":"","overlay-opacity":"","overlay-gradient":""},"mobile":{"background-color":"","background-image":"","background-repeat":"repeat","background-position":"center center","background-size":"auto","background-attachment":"scroll","background-type":"","background-media":"","overlay-type":"","overlay-color":"","overlay-opacity":"","overlay-gradient":""}},"ast-content-background-meta":{"desktop":{"background-color":"var(--ast-global-color-5)","background-image":"","background-repeat":"repeat","background-position":"center center","background-size":"auto","background-attachment":"scroll","background-type":"","background-media":"","overlay-type":"","overlay-color":"","overlay-opacity":"","overlay-gradient":""},"tablet":{"background-color":"var(--ast-global-color-5)","background-image":"","background-repeat":"repeat","background-position":"center center","background-size":"auto","background-attachment":"scroll","background-type":"","background-media":"","overlay-type":"","overlay-color":"","overlay-opacity":"","overlay-gradient":""},"mobile":{"background-color":"var(--ast-global-color-5)","background-image":"","background-repeat":"repeat","background-position":"center center","background-size":"auto","background-attachment":"scroll","background-type":"","background-media":"","overlay-type":"","overlay-color":"","overlay-opacity":"","overlay-gradient":""}},"_glsr_average":0,"_glsr_ranking":0,"_glsr_reviews":0},"product_brand":[],"product_cat":[74,72,238,71,200],"product_tag":[],"class_list":{"0":"post-2061","1":"product","2":"type-product","3":"status-publish","4":"has-post-thumbnail","6":"product_cat-apatite","7":"product_cat-bleu","8":"product_cat-coeurs","9":"product_cat-communication","10":"product_cat-sculptees","11":"product_shipping_class-lourd","12":"desktop-align-left","13":"tablet-align-left","14":"mobile-align-left","16":"first","17":"instock","18":"purchasable","19":"product-type-simple"},"yoast_head":"<!-- This site is optimized with the Yoast SEO plugin v27.5 - https:\/\/yoast.com\/product\/yoast-seo-wordpress\/ -->\n<title>Coeur en Apatite bleue - Au fil des pierres<\/title>\n<meta name=\"description\" content=\"C\u0153ur en Apatite Bleue : favorise l\u2019expression, r\u00e9duit le stress et renforce la confiance. Id\u00e9al pour communiquer avec clart\u00e9 et s\u00e9r\u00e9nit\u00e9.\" \/>\n<meta name=\"robots\" content=\"index, follow, max-snippet:-1, max-image-preview:large, max-video-preview:-1\" \/>\n<link rel=\"canonical\" href=\"https:\/\/aufildespierres.com\/index.php\/product\/coeur-en-apatite-bleue\/\" \/>\n<meta property=\"og:locale\" content=\"fr_FR\" \/>\n<meta property=\"og:type\" content=\"article\" \/>\n<meta property=\"og:title\" content=\"Coeur en Apatite bleue - Au fil des pierres\" \/>\n<meta property=\"og:description\" content=\"C\u0153ur en Apatite Bleue : favorise l\u2019expression, r\u00e9duit le stress et renforce la confiance. Id\u00e9al pour communiquer avec clart\u00e9 et s\u00e9r\u00e9nit\u00e9.\" \/>\n<meta property=\"og:url\" content=\"https:\/\/aufildespierres.com\/index.php\/product\/coeur-en-apatite-bleue\/\" \/>\n<meta property=\"og:site_name\" content=\"Au fil des pierres\" \/>\n<meta property=\"article:modified_time\" content=\"2026-04-30T12:28:07+00:00\" \/>\n<meta property=\"og:image\" content=\"https:\/\/aufildespierres.com\/wp-content\/uploads\/2024\/01\/20240125_101240-scaled.jpg\" \/>\n\t<meta property=\"og:image:width\" content=\"1920\" \/>\n\t<meta property=\"og:image:height\" content=\"2560\" \/>\n\t<meta property=\"og:image:type\" content=\"image\/jpeg\" \/>\n<meta name=\"twitter:card\" content=\"summary_large_image\" \/>\n<meta name=\"twitter:label1\" content=\"Dur\u00e9e de lecture estim\u00e9e\" \/>\n\t<meta name=\"twitter:data1\" content=\"3 minutes\" \/>\n<script type=\"application\/ld+json\" class=\"yoast-schema-graph\">{\"@context\":\"https:\\\/\\\/schema.org\",\"@graph\":[{\"@type\":\"WebPage\",\"@id\":\"https:\\\/\\\/aufildespierres.com\\\/index.php\\\/product\\\/coeur-en-apatite-bleue\\\/\",\"url\":\"https:\\\/\\\/aufildespierres.com\\\/index.php\\\/product\\\/coeur-en-apatite-bleue\\\/\",\"name\":\"Coeur en Apatite bleue - Au fil des pierres\",\"isPartOf\":{\"@id\":\"https:\\\/\\\/aufildespierres.com\\\/#website\"},\"primaryImageOfPage\":{\"@id\":\"https:\\\/\\\/aufildespierres.com\\\/index.php\\\/product\\\/coeur-en-apatite-bleue\\\/#primaryimage\"},\"image\":{\"@id\":\"https:\\\/\\\/aufildespierres.com\\\/index.php\\\/product\\\/coeur-en-apatite-bleue\\\/#primaryimage\"},\"thumbnailUrl\":\"https:\\\/\\\/aufildespierres.com\\\/wp-content\\\/uploads\\\/2024\\\/01\\\/20240125_101240-scaled.jpg\",\"datePublished\":\"2024-01-29T18:57:00+00:00\",\"dateModified\":\"2026-04-30T12:28:07+00:00\",\"description\":\"C\u0153ur en Apatite Bleue : favorise l\u2019expression, r\u00e9duit le stress et renforce la confiance. Id\u00e9al pour communiquer avec clart\u00e9 et s\u00e9r\u00e9nit\u00e9.\",\"breadcrumb\":{\"@id\":\"https:\\\/\\\/aufildespierres.com\\\/index.php\\\/product\\\/coeur-en-apatite-bleue\\\/#breadcrumb\"},\"inLanguage\":\"fr-FR\",\"potentialAction\":[{\"@type\":\"ReadAction\",\"target\":[\"https:\\\/\\\/aufildespierres.com\\\/index.php\\\/product\\\/coeur-en-apatite-bleue\\\/\"]}]},{\"@type\":\"ImageObject\",\"inLanguage\":\"fr-FR\",\"@id\":\"https:\\\/\\\/aufildespierres.com\\\/index.php\\\/product\\\/coeur-en-apatite-bleue\\\/#primaryimage\",\"url\":\"https:\\\/\\\/aufildespierres.com\\\/wp-content\\\/uploads\\\/2024\\\/01\\\/20240125_101240-scaled.jpg\",\"contentUrl\":\"https:\\\/\\\/aufildespierres.com\\\/wp-content\\\/uploads\\\/2024\\\/01\\\/20240125_101240-scaled.jpg\",\"width\":1920,\"height\":2560},{\"@type\":\"BreadcrumbList\",\"@id\":\"https:\\\/\\\/aufildespierres.com\\\/index.php\\\/product\\\/coeur-en-apatite-bleue\\\/#breadcrumb\",\"itemListElement\":[{\"@type\":\"ListItem\",\"position\":1,\"name\":\"Accueil\",\"item\":\"https:\\\/\\\/aufildespierres.com\\\/\"},{\"@type\":\"ListItem\",\"position\":2,\"name\":\"Boutique de Lithoth\u00e9rapie\",\"item\":\"https:\\\/\\\/aufildespierres.com\\\/index.php\\\/boutique-de-lithotherapie\\\/\"},{\"@type\":\"ListItem\",\"position\":3,\"name\":\"Coeur en Apatite bleue\"}]},{\"@type\":\"WebSite\",\"@id\":\"https:\\\/\\\/aufildespierres.com\\\/#website\",\"url\":\"https:\\\/\\\/aufildespierres.com\\\/\",\"name\":\"Au fil des pierres\",\"description\":\"Au fil des pierres\",\"publisher\":{\"@id\":\"https:\\\/\\\/aufildespierres.com\\\/#organization\"},\"potentialAction\":[{\"@type\":\"SearchAction\",\"target\":{\"@type\":\"EntryPoint\",\"urlTemplate\":\"https:\\\/\\\/aufildespierres.com\\\/?s={search_term_string}\"},\"query-input\":{\"@type\":\"PropertyValueSpecification\",\"valueRequired\":true,\"valueName\":\"search_term_string\"}}],\"inLanguage\":\"fr-FR\"},{\"@type\":\"Organization\",\"@id\":\"https:\\\/\\\/aufildespierres.com\\\/#organization\",\"name\":\"Au fil des pierres\",\"url\":\"https:\\\/\\\/aufildespierres.com\\\/\",\"logo\":{\"@type\":\"ImageObject\",\"inLanguage\":\"fr-FR\",\"@id\":\"https:\\\/\\\/aufildespierres.com\\\/#\\\/schema\\\/logo\\\/image\\\/\",\"url\":\"https:\\\/\\\/aufildespierres.com\\\/wp-content\\\/uploads\\\/2023\\\/05\\\/cropped-Logo-PNG-Transparent.png\",\"contentUrl\":\"https:\\\/\\\/aufildespierres.com\\\/wp-content\\\/uploads\\\/2023\\\/05\\\/cropped-Logo-PNG-Transparent.png\",\"width\":1776,\"height\":1625,\"caption\":\"Au fil des pierres\"},\"image\":{\"@id\":\"https:\\\/\\\/aufildespierres.com\\\/#\\\/schema\\\/logo\\\/image\\\/\"}}]}<\/script>\n<!-- \/ Yoast SEO plugin. -->","yoast_head_json":{"title":"Coeur en Apatite bleue - Au fil des pierres","description":"C\u0153ur en Apatite Bleue : favorise l\u2019expression, r\u00e9duit le stress et renforce la confiance. Id\u00e9al pour communiquer avec clart\u00e9 et s\u00e9r\u00e9nit\u00e9.","robots":{"index":"index","follow":"follow","max-snippet":"max-snippet:-1","max-image-preview":"max-image-preview:large","max-video-preview":"max-video-preview:-1"},"canonical":"https:\/\/aufildespierres.com\/index.php\/product\/coeur-en-apatite-bleue\/","og_locale":"fr_FR","og_type":"article","og_title":"Coeur en Apatite bleue - Au fil des pierres","og_description":"C\u0153ur en Apatite Bleue : favorise l\u2019expression, r\u00e9duit le stress et renforce la confiance. Id\u00e9al pour communiquer avec clart\u00e9 et s\u00e9r\u00e9nit\u00e9.","og_url":"https:\/\/aufildespierres.com\/index.php\/product\/coeur-en-apatite-bleue\/","og_site_name":"Au fil des pierres","article_modified_time":"2026-04-30T12:28:07+00:00","og_image":[{"width":1920,"height":2560,"url":"https:\/\/aufildespierres.com\/wp-content\/uploads\/2024\/01\/20240125_101240-scaled.jpg","type":"image\/jpeg"}],"twitter_card":"summary_large_image","twitter_misc":{"Dur\u00e9e de lecture estim\u00e9e":"3 minutes"},"schema":{"@context":"https:\/\/schema.org","@graph":[{"@type":"WebPage","@id":"https:\/\/aufildespierres.com\/index.php\/product\/coeur-en-apatite-bleue\/","url":"https:\/\/aufildespierres.com\/index.php\/product\/coeur-en-apatite-bleue\/","name":"Coeur en Apatite bleue - Au fil des pierres","isPartOf":{"@id":"https:\/\/aufildespierres.com\/#website"},"primaryImageOfPage":{"@id":"https:\/\/aufildespierres.com\/index.php\/product\/coeur-en-apatite-bleue\/#primaryimage"},"image":{"@id":"https:\/\/aufildespierres.com\/index.php\/product\/coeur-en-apatite-bleue\/#primaryimage"},"thumbnailUrl":"https:\/\/aufildespierres.com\/wp-content\/uploads\/2024\/01\/20240125_101240-scaled.jpg","datePublished":"2024-01-29T18:57:00+00:00","dateModified":"2026-04-30T12:28:07+00:00","description":"C\u0153ur en Apatite Bleue : favorise l\u2019expression, r\u00e9duit le stress et renforce la confiance. Id\u00e9al pour communiquer avec clart\u00e9 et s\u00e9r\u00e9nit\u00e9.","breadcrumb":{"@id":"https:\/\/aufildespierres.com\/index.php\/product\/coeur-en-apatite-bleue\/#breadcrumb"},"inLanguage":"fr-FR","potentialAction":[{"@type":"ReadAction","target":["https:\/\/aufildespierres.com\/index.php\/product\/coeur-en-apatite-bleue\/"]}]},{"@type":"ImageObject","inLanguage":"fr-FR","@id":"https:\/\/aufildespierres.com\/index.php\/product\/coeur-en-apatite-bleue\/#primaryimage","url":"https:\/\/aufildespierres.com\/wp-content\/uploads\/2024\/01\/20240125_101240-scaled.jpg","contentUrl":"https:\/\/aufildespierres.com\/wp-content\/uploads\/2024\/01\/20240125_101240-scaled.jpg","width":1920,"height":2560},{"@type":"BreadcrumbList","@id":"https:\/\/aufildespierres.com\/index.php\/product\/coeur-en-apatite-bleue\/#breadcrumb","itemListElement":[{"@type":"ListItem","position":1,"name":"Accueil","item":"https:\/\/aufildespierres.com\/"},{"@type":"ListItem","position":2,"name":"Boutique de Lithoth\u00e9rapie","item":"https:\/\/aufildespierres.com\/index.php\/boutique-de-lithotherapie\/"},{"@type":"ListItem","position":3,"name":"Coeur en Apatite bleue"}]},{"@type":"WebSite","@id":"https:\/\/aufildespierres.com\/#website","url":"https:\/\/aufildespierres.com\/","name":"Au fil des pierres","description":"Au fil des pierres","publisher":{"@id":"https:\/\/aufildespierres.com\/#organization"},"potentialAction":[{"@type":"SearchAction","target":{"@type":"EntryPoint","urlTemplate":"https:\/\/aufildespierres.com\/?s={search_term_string}"},"query-input":{"@type":"PropertyValueSpecification","valueRequired":true,"valueName":"search_term_string"}}],"inLanguage":"fr-FR"},{"@type":"Organization","@id":"https:\/\/aufildespierres.com\/#organization","name":"Au fil des pierres","url":"https:\/\/aufildespierres.com\/","logo":{"@type":"ImageObject","inLanguage":"fr-FR","@id":"https:\/\/aufildespierres.com\/#\/schema\/logo\/image\/","url":"https:\/\/aufildespierres.com\/wp-content\/uploads\/2023\/05\/cropped-Logo-PNG-Transparent.png","contentUrl":"https:\/\/aufildespierres.com\/wp-content\/uploads\/2023\/05\/cropped-Logo-PNG-Transparent.png","width":1776,"height":1625,"caption":"Au fil des pierres"},"image":{"@id":"https:\/\/aufildespierres.com\/#\/schema\/logo\/image\/"}}]}},"_links":{"self":[{"href":"https:\/\/aufildespierres.com\/index.php\/wp-json\/wp\/v2\/product\/2061","targetHints":{"allow":["GET"]}}],"collection":[{"href":"https:\/\/aufildespierres.com\/index.php\/wp-json\/wp\/v2\/product"}],"about":[{"href":"https:\/\/aufildespierres.com\/index.php\/wp-json\/wp\/v2\/types\/product"}],"replies":[{"embeddable":true,"href":"https:\/\/aufildespierres.com\/index.php\/wp-json\/wp\/v2\/comments?post=2061"}],"wp:featuredmedia":[{"embeddable":true,"href":"https:\/\/aufildespierres.com\/index.php\/wp-json\/wp\/v2\/media\/2062"}],"wp:attachment":[{"href":"https:\/\/aufildespierres.com\/index.php\/wp-json\/wp\/v2\/media?parent=2061"}],"wp:term":[{"taxonomy":"product_brand","embeddable":true,"href":"https:\/\/aufildespierres.com\/index.php\/wp-json\/wp\/v2\/product_brand?post=2061"},{"taxonomy":"product_cat","embeddable":true,"href":"https:\/\/aufildespierres.com\/index.php\/wp-json\/wp\/v2\/product_cat?post=2061"},{"taxonomy":"product_tag","embeddable":true,"href":"https:\/\/aufildespierres.com\/index.php\/wp-json\/wp\/v2\/product_tag?post=2061"}],"curies":[{"name":"wp","href":"https:\/\/api.w.org\/{rel}","templated":true}]}}