{"id":2089,"date":"2024-02-05T14:24:36","date_gmt":"2024-02-05T13:24:36","guid":{"rendered":"https:\/\/aufildespierres.com\/?post_type=product&#038;p=2089"},"modified":"2025-04-23T18:06:21","modified_gmt":"2025-04-23T16:06:21","slug":"gros-coeur-en-jaspe-kambaba","status":"publish","type":"product","link":"https:\/\/aufildespierres.com\/index.php\/product\/gros-coeur-en-jaspe-kambaba\/","title":{"rendered":"Gros coeur en Jaspe KAMBABA"},"content":{"rendered":"<p>Grand coeur de Jaspe Kambaba<\/p>\n<p>poids 456 grammes<\/p>\n<p>100&#215;90 mm<\/p>\n<p>JASPE KAMBABA ou crocodile<\/p>\n<p>(nom d&rsquo;appellation commerciale)<\/p>\n<p>Propri\u00e9t\u00e9s psychiques :<\/p>\n<ul>\n<li>Soulage les \u00e9tats de mal \u00eatre et burn -out<\/li>\n<li>Favorise ancrage et estime de soi<\/li>\n<li>Pierre qui stimule la volont\u00e9 et le caract\u00e8re<\/li>\n<li>Aide \u00e0 faire face aux soucis et surmonter d\u00e9boires et blessures<\/li>\n<li>affectives comme abandon, rejet, c\u0153ur bris\u00e9.<\/li>\n<li>Pierre de protection, prosp\u00e9rit\u00e9 et richesse<\/li>\n<li>R\u00e9tablit le lien avec la nature<\/li>\n<li>Aide \u00e0 la gestion du stress et des angoisses<\/li>\n<li>Donne la force de relever la t\u00eate et d&rsquo;avancer.<\/li>\n<\/ul>\n<p>Propri\u00e9t\u00e9s physiques :<\/p>\n<ul>\n<li>Traitement des affections de la peau<\/li>\n<li>Inflammations et irritations<\/li>\n<li>Favorise la croissance des ongles et cheveux<\/li>\n<li>Renforce le syst\u00e8me immunitaire<\/li>\n<li>Favorise un sommeil paisible et r\u00e9cup\u00e9rateur et sans cauchemars<\/li>\n<li>Soutient un bon fonctionnement digestif et l&rsquo;assimilation des min\u00e9raux et vitamines<\/li>\n<li>Bloque les nuisances \u00e9lectromagn\u00e9tiques<\/li>\n<li>Conseill\u00e9 pour les adolescents en croissance.<\/li>\n<\/ul>\n<p>&nbsp;<\/p>\n","protected":false},"excerpt":{"rendered":"<p>Grand coeur de Jaspe Kambaba poids 456 grammes 100&#215;90 mm JASPE KAMBABA ou crocodile (nom d&rsquo;appellation commerciale) Propri\u00e9t\u00e9s psychiques : Soulage les \u00e9tats de mal \u00eatre et burn -out Favorise ancrage et estime de soi Pierre qui stimule la volont\u00e9 et le caract\u00e8re Aide \u00e0 faire face aux soucis et surmonter d\u00e9boires et blessures affectives [&hellip;]<\/p>\n","protected":false},"featured_media":2090,"comment_status":"open","ping_status":"closed","template":"","meta":{"site-sidebar-layout":"default","site-content-layout":"","ast-site-content-layout":"default","site-content-style":"default","site-sidebar-style":"default","ast-global-header-display":"","ast-banner-title-visibility":"","ast-main-header-display":"","ast-hfb-above-header-display":"","ast-hfb-below-header-display":"","ast-hfb-mobile-header-display":"","site-post-title":"","ast-breadcrumbs-content":"","ast-featured-img":"","footer-sml-layout":"","ast-disable-related-posts":"","theme-transparent-header-meta":"default","adv-header-id-meta":"","stick-header-meta":"","header-above-stick-meta":"","header-main-stick-meta":"","header-below-stick-meta":"","astra-migrate-meta-layouts":"set","ast-page-background-enabled":"default","ast-page-background-meta":{"desktop":{"background-color":"var(--ast-global-color-4)","background-image":"","background-repeat":"repeat","background-position":"center center","background-size":"auto","background-attachment":"scroll","background-type":"","background-media":"","overlay-type":"","overlay-color":"","overlay-opacity":"","overlay-gradient":""},"tablet":{"background-color":"","background-image":"","background-repeat":"repeat","background-position":"center center","background-size":"auto","background-attachment":"scroll","background-type":"","background-media":"","overlay-type":"","overlay-color":"","overlay-opacity":"","overlay-gradient":""},"mobile":{"background-color":"","background-image":"","background-repeat":"repeat","background-position":"center center","background-size":"auto","background-attachment":"scroll","background-type":"","background-media":"","overlay-type":"","overlay-color":"","overlay-opacity":"","overlay-gradient":""}},"ast-content-background-meta":{"desktop":{"background-color":"var(--ast-global-color-5)","background-image":"","background-repeat":"repeat","background-position":"center center","background-size":"auto","background-attachment":"scroll","background-type":"","background-media":"","overlay-type":"","overlay-color":"","overlay-opacity":"","overlay-gradient":""},"tablet":{"background-color":"var(--ast-global-color-5)","background-image":"","background-repeat":"repeat","background-position":"center center","background-size":"auto","background-attachment":"scroll","background-type":"","background-media":"","overlay-type":"","overlay-color":"","overlay-opacity":"","overlay-gradient":""},"mobile":{"background-color":"var(--ast-global-color-5)","background-image":"","background-repeat":"repeat","background-position":"center center","background-size":"auto","background-attachment":"scroll","background-type":"","background-media":"","overlay-type":"","overlay-color":"","overlay-opacity":"","overlay-gradient":""}},"_glsr_average":0,"_glsr_ranking":0,"_glsr_reviews":0},"product_brand":[],"product_cat":[238,79,66,200,78],"product_tag":[],"class_list":{"0":"post-2089","1":"product","2":"type-product","3":"status-publish","4":"has-post-thumbnail","6":"product_cat-coeurs","7":"product_cat-jaspe-kambaba","8":"product_cat-noir","9":"product_cat-sculptees","10":"product_cat-vert","11":"desktop-align-left","12":"tablet-align-left","13":"mobile-align-left","15":"first","16":"outofstock","17":"purchasable","18":"product-type-simple"},"yoast_head":"<!-- This site is optimized with the Yoast SEO plugin v27.3 - https:\/\/yoast.com\/product\/yoast-seo-wordpress\/ -->\n<title>Gros coeur en Jaspe KAMBABA - Au fil des pierres<\/title>\n<meta name=\"robots\" content=\"index, follow, max-snippet:-1, max-image-preview:large, max-video-preview:-1\" \/>\n<link rel=\"canonical\" href=\"https:\/\/aufildespierres.com\/index.php\/product\/gros-coeur-en-jaspe-kambaba\/\" \/>\n<meta property=\"og:locale\" content=\"fr_FR\" \/>\n<meta property=\"og:type\" content=\"article\" \/>\n<meta property=\"og:title\" content=\"Gros coeur en Jaspe KAMBABA - Au fil des pierres\" \/>\n<meta property=\"og:description\" content=\"Grand coeur de Jaspe Kambaba poids 456 grammes 100&#215;90 mm JASPE KAMBABA ou crocodile (nom d&rsquo;appellation commerciale) Propri\u00e9t\u00e9s psychiques : Soulage les \u00e9tats de mal \u00eatre et burn -out Favorise ancrage et estime de soi Pierre qui stimule la volont\u00e9 et le caract\u00e8re Aide \u00e0 faire face aux soucis et surmonter d\u00e9boires et blessures affectives [&hellip;]\" \/>\n<meta property=\"og:url\" content=\"https:\/\/aufildespierres.com\/index.php\/product\/gros-coeur-en-jaspe-kambaba\/\" \/>\n<meta property=\"og:site_name\" content=\"Au fil des pierres\" \/>\n<meta property=\"article:modified_time\" content=\"2025-04-23T16:06:21+00:00\" \/>\n<meta property=\"og:image\" content=\"https:\/\/aufildespierres.com\/wp-content\/uploads\/2024\/02\/20240205_140553-scaled.jpg\" \/>\n\t<meta property=\"og:image:width\" content=\"1920\" \/>\n\t<meta property=\"og:image:height\" content=\"2560\" \/>\n\t<meta property=\"og:image:type\" content=\"image\/jpeg\" \/>\n<meta name=\"twitter:card\" content=\"summary_large_image\" \/>\n<meta name=\"twitter:label1\" content=\"Dur\u00e9e de lecture estim\u00e9e\" \/>\n\t<meta name=\"twitter:data1\" content=\"1 minute\" \/>\n<script type=\"application\/ld+json\" class=\"yoast-schema-graph\">{\"@context\":\"https:\\\/\\\/schema.org\",\"@graph\":[{\"@type\":\"WebPage\",\"@id\":\"https:\\\/\\\/aufildespierres.com\\\/index.php\\\/product\\\/gros-coeur-en-jaspe-kambaba\\\/\",\"url\":\"https:\\\/\\\/aufildespierres.com\\\/index.php\\\/product\\\/gros-coeur-en-jaspe-kambaba\\\/\",\"name\":\"Gros coeur en Jaspe KAMBABA - Au fil des pierres\",\"isPartOf\":{\"@id\":\"https:\\\/\\\/aufildespierres.com\\\/#website\"},\"primaryImageOfPage\":{\"@id\":\"https:\\\/\\\/aufildespierres.com\\\/index.php\\\/product\\\/gros-coeur-en-jaspe-kambaba\\\/#primaryimage\"},\"image\":{\"@id\":\"https:\\\/\\\/aufildespierres.com\\\/index.php\\\/product\\\/gros-coeur-en-jaspe-kambaba\\\/#primaryimage\"},\"thumbnailUrl\":\"https:\\\/\\\/aufildespierres.com\\\/wp-content\\\/uploads\\\/2024\\\/02\\\/20240205_140553-scaled.jpg\",\"datePublished\":\"2024-02-05T13:24:36+00:00\",\"dateModified\":\"2025-04-23T16:06:21+00:00\",\"breadcrumb\":{\"@id\":\"https:\\\/\\\/aufildespierres.com\\\/index.php\\\/product\\\/gros-coeur-en-jaspe-kambaba\\\/#breadcrumb\"},\"inLanguage\":\"fr-FR\",\"potentialAction\":[{\"@type\":\"ReadAction\",\"target\":[\"https:\\\/\\\/aufildespierres.com\\\/index.php\\\/product\\\/gros-coeur-en-jaspe-kambaba\\\/\"]}]},{\"@type\":\"ImageObject\",\"inLanguage\":\"fr-FR\",\"@id\":\"https:\\\/\\\/aufildespierres.com\\\/index.php\\\/product\\\/gros-coeur-en-jaspe-kambaba\\\/#primaryimage\",\"url\":\"https:\\\/\\\/aufildespierres.com\\\/wp-content\\\/uploads\\\/2024\\\/02\\\/20240205_140553-scaled.jpg\",\"contentUrl\":\"https:\\\/\\\/aufildespierres.com\\\/wp-content\\\/uploads\\\/2024\\\/02\\\/20240205_140553-scaled.jpg\",\"width\":1920,\"height\":2560},{\"@type\":\"BreadcrumbList\",\"@id\":\"https:\\\/\\\/aufildespierres.com\\\/index.php\\\/product\\\/gros-coeur-en-jaspe-kambaba\\\/#breadcrumb\",\"itemListElement\":[{\"@type\":\"ListItem\",\"position\":1,\"name\":\"Accueil\",\"item\":\"https:\\\/\\\/aufildespierres.com\\\/\"},{\"@type\":\"ListItem\",\"position\":2,\"name\":\"Boutique de Lithoth\u00e9rapie\",\"item\":\"https:\\\/\\\/aufildespierres.com\\\/index.php\\\/boutique-de-lithotherapie\\\/\"},{\"@type\":\"ListItem\",\"position\":3,\"name\":\"Gros coeur en Jaspe KAMBABA\"}]},{\"@type\":\"WebSite\",\"@id\":\"https:\\\/\\\/aufildespierres.com\\\/#website\",\"url\":\"https:\\\/\\\/aufildespierres.com\\\/\",\"name\":\"Au fil des pierres\",\"description\":\"Au fil des pierres\",\"publisher\":{\"@id\":\"https:\\\/\\\/aufildespierres.com\\\/#organization\"},\"potentialAction\":[{\"@type\":\"SearchAction\",\"target\":{\"@type\":\"EntryPoint\",\"urlTemplate\":\"https:\\\/\\\/aufildespierres.com\\\/?s={search_term_string}\"},\"query-input\":{\"@type\":\"PropertyValueSpecification\",\"valueRequired\":true,\"valueName\":\"search_term_string\"}}],\"inLanguage\":\"fr-FR\"},{\"@type\":\"Organization\",\"@id\":\"https:\\\/\\\/aufildespierres.com\\\/#organization\",\"name\":\"Au fil des pierres\",\"url\":\"https:\\\/\\\/aufildespierres.com\\\/\",\"logo\":{\"@type\":\"ImageObject\",\"inLanguage\":\"fr-FR\",\"@id\":\"https:\\\/\\\/aufildespierres.com\\\/#\\\/schema\\\/logo\\\/image\\\/\",\"url\":\"https:\\\/\\\/aufildespierres.com\\\/wp-content\\\/uploads\\\/2023\\\/05\\\/cropped-Logo-PNG-Transparent.png\",\"contentUrl\":\"https:\\\/\\\/aufildespierres.com\\\/wp-content\\\/uploads\\\/2023\\\/05\\\/cropped-Logo-PNG-Transparent.png\",\"width\":1776,\"height\":1625,\"caption\":\"Au fil des pierres\"},\"image\":{\"@id\":\"https:\\\/\\\/aufildespierres.com\\\/#\\\/schema\\\/logo\\\/image\\\/\"}}]}<\/script>\n<!-- \/ Yoast SEO plugin. -->","yoast_head_json":{"title":"Gros coeur en Jaspe KAMBABA - Au fil des pierres","robots":{"index":"index","follow":"follow","max-snippet":"max-snippet:-1","max-image-preview":"max-image-preview:large","max-video-preview":"max-video-preview:-1"},"canonical":"https:\/\/aufildespierres.com\/index.php\/product\/gros-coeur-en-jaspe-kambaba\/","og_locale":"fr_FR","og_type":"article","og_title":"Gros coeur en Jaspe KAMBABA - Au fil des pierres","og_description":"Grand coeur de Jaspe Kambaba poids 456 grammes 100&#215;90 mm JASPE KAMBABA ou crocodile (nom d&rsquo;appellation commerciale) Propri\u00e9t\u00e9s psychiques : Soulage les \u00e9tats de mal \u00eatre et burn -out Favorise ancrage et estime de soi Pierre qui stimule la volont\u00e9 et le caract\u00e8re Aide \u00e0 faire face aux soucis et surmonter d\u00e9boires et blessures affectives [&hellip;]","og_url":"https:\/\/aufildespierres.com\/index.php\/product\/gros-coeur-en-jaspe-kambaba\/","og_site_name":"Au fil des pierres","article_modified_time":"2025-04-23T16:06:21+00:00","og_image":[{"width":1920,"height":2560,"url":"https:\/\/aufildespierres.com\/wp-content\/uploads\/2024\/02\/20240205_140553-scaled.jpg","type":"image\/jpeg"}],"twitter_card":"summary_large_image","twitter_misc":{"Dur\u00e9e de lecture estim\u00e9e":"1 minute"},"schema":{"@context":"https:\/\/schema.org","@graph":[{"@type":"WebPage","@id":"https:\/\/aufildespierres.com\/index.php\/product\/gros-coeur-en-jaspe-kambaba\/","url":"https:\/\/aufildespierres.com\/index.php\/product\/gros-coeur-en-jaspe-kambaba\/","name":"Gros coeur en Jaspe KAMBABA - Au fil des pierres","isPartOf":{"@id":"https:\/\/aufildespierres.com\/#website"},"primaryImageOfPage":{"@id":"https:\/\/aufildespierres.com\/index.php\/product\/gros-coeur-en-jaspe-kambaba\/#primaryimage"},"image":{"@id":"https:\/\/aufildespierres.com\/index.php\/product\/gros-coeur-en-jaspe-kambaba\/#primaryimage"},"thumbnailUrl":"https:\/\/aufildespierres.com\/wp-content\/uploads\/2024\/02\/20240205_140553-scaled.jpg","datePublished":"2024-02-05T13:24:36+00:00","dateModified":"2025-04-23T16:06:21+00:00","breadcrumb":{"@id":"https:\/\/aufildespierres.com\/index.php\/product\/gros-coeur-en-jaspe-kambaba\/#breadcrumb"},"inLanguage":"fr-FR","potentialAction":[{"@type":"ReadAction","target":["https:\/\/aufildespierres.com\/index.php\/product\/gros-coeur-en-jaspe-kambaba\/"]}]},{"@type":"ImageObject","inLanguage":"fr-FR","@id":"https:\/\/aufildespierres.com\/index.php\/product\/gros-coeur-en-jaspe-kambaba\/#primaryimage","url":"https:\/\/aufildespierres.com\/wp-content\/uploads\/2024\/02\/20240205_140553-scaled.jpg","contentUrl":"https:\/\/aufildespierres.com\/wp-content\/uploads\/2024\/02\/20240205_140553-scaled.jpg","width":1920,"height":2560},{"@type":"BreadcrumbList","@id":"https:\/\/aufildespierres.com\/index.php\/product\/gros-coeur-en-jaspe-kambaba\/#breadcrumb","itemListElement":[{"@type":"ListItem","position":1,"name":"Accueil","item":"https:\/\/aufildespierres.com\/"},{"@type":"ListItem","position":2,"name":"Boutique de Lithoth\u00e9rapie","item":"https:\/\/aufildespierres.com\/index.php\/boutique-de-lithotherapie\/"},{"@type":"ListItem","position":3,"name":"Gros coeur en Jaspe KAMBABA"}]},{"@type":"WebSite","@id":"https:\/\/aufildespierres.com\/#website","url":"https:\/\/aufildespierres.com\/","name":"Au fil des pierres","description":"Au fil des pierres","publisher":{"@id":"https:\/\/aufildespierres.com\/#organization"},"potentialAction":[{"@type":"SearchAction","target":{"@type":"EntryPoint","urlTemplate":"https:\/\/aufildespierres.com\/?s={search_term_string}"},"query-input":{"@type":"PropertyValueSpecification","valueRequired":true,"valueName":"search_term_string"}}],"inLanguage":"fr-FR"},{"@type":"Organization","@id":"https:\/\/aufildespierres.com\/#organization","name":"Au fil des pierres","url":"https:\/\/aufildespierres.com\/","logo":{"@type":"ImageObject","inLanguage":"fr-FR","@id":"https:\/\/aufildespierres.com\/#\/schema\/logo\/image\/","url":"https:\/\/aufildespierres.com\/wp-content\/uploads\/2023\/05\/cropped-Logo-PNG-Transparent.png","contentUrl":"https:\/\/aufildespierres.com\/wp-content\/uploads\/2023\/05\/cropped-Logo-PNG-Transparent.png","width":1776,"height":1625,"caption":"Au fil des pierres"},"image":{"@id":"https:\/\/aufildespierres.com\/#\/schema\/logo\/image\/"}}]}},"_links":{"self":[{"href":"https:\/\/aufildespierres.com\/index.php\/wp-json\/wp\/v2\/product\/2089","targetHints":{"allow":["GET"]}}],"collection":[{"href":"https:\/\/aufildespierres.com\/index.php\/wp-json\/wp\/v2\/product"}],"about":[{"href":"https:\/\/aufildespierres.com\/index.php\/wp-json\/wp\/v2\/types\/product"}],"replies":[{"embeddable":true,"href":"https:\/\/aufildespierres.com\/index.php\/wp-json\/wp\/v2\/comments?post=2089"}],"wp:featuredmedia":[{"embeddable":true,"href":"https:\/\/aufildespierres.com\/index.php\/wp-json\/wp\/v2\/media\/2090"}],"wp:attachment":[{"href":"https:\/\/aufildespierres.com\/index.php\/wp-json\/wp\/v2\/media?parent=2089"}],"wp:term":[{"taxonomy":"product_brand","embeddable":true,"href":"https:\/\/aufildespierres.com\/index.php\/wp-json\/wp\/v2\/product_brand?post=2089"},{"taxonomy":"product_cat","embeddable":true,"href":"https:\/\/aufildespierres.com\/index.php\/wp-json\/wp\/v2\/product_cat?post=2089"},{"taxonomy":"product_tag","embeddable":true,"href":"https:\/\/aufildespierres.com\/index.php\/wp-json\/wp\/v2\/product_tag?post=2089"}],"curies":[{"name":"wp","href":"https:\/\/api.w.org\/{rel}","templated":true}]}}