{"id":2119,"date":"2024-02-14T10:43:29","date_gmt":"2024-02-14T09:43:29","guid":{"rendered":"https:\/\/aufildespierres.com\/?post_type=product&#038;p=2119"},"modified":"2026-04-30T15:04:14","modified_gmt":"2026-04-30T13:04:14","slug":"bracelet-calcite-verte-agate-mousse-unakite","status":"publish","type":"product","link":"https:\/\/aufildespierres.com\/index.php\/product\/bracelet-calcite-verte-agate-mousse-unakite\/","title":{"rendered":"Bracelet Calcite verte Agate mousse Unakite"},"content":{"rendered":"<section class=\"text-token-text-primary w-full focus:outline-none [--shadow-height:45px] has-data-writing-block:pointer-events-none has-data-writing-block:-mt-(--shadow-height) has-data-writing-block:pt-(--shadow-height) [&amp;:has([data-writing-block])&gt;*]:pointer-events-auto R6Vx5W_threadScrollVars scroll-mb-[calc(var(--scroll-root-safe-area-inset-bottom,0px)+var(--thread-response-height))] scroll-mt-(--header-height)\" dir=\"auto\" data-turn-id=\"a38b48fc-791f-4141-98c9-f9864f6354b7\" data-testid=\"conversation-turn-27\" data-scroll-anchor=\"false\" data-turn=\"user\"><\/section>\n<section class=\"text-token-text-primary w-full focus:outline-none [--shadow-height:45px] has-data-writing-block:pointer-events-none has-data-writing-block:-mt-(--shadow-height) has-data-writing-block:pt-(--shadow-height) [&amp;:has([data-writing-block])&gt;*]:pointer-events-auto [content-visibility:auto] supports-[content-visibility:auto]:[contain-intrinsic-size:auto_100lvh] R6Vx5W_threadScrollVars scroll-mb-[calc(var(--scroll-root-safe-area-inset-bottom,0px)+var(--thread-response-height))] scroll-mt-[calc(var(--header-height)+min(200px,max(70px,20svh)))]\" dir=\"auto\" data-turn-id=\"request-WEB:934aed32-f4ea-410c-92fc-6e21a636ff10-13\" data-testid=\"conversation-turn-28\" data-scroll-anchor=\"false\" data-turn=\"assistant\">\n<div class=\"text-base my-auto mx-auto pb-10 [--thread-content-margin:var(--thread-content-margin-xs,calc(var(--spacing)*4))] @w-sm\/main:[--thread-content-margin:var(--thread-content-margin-sm,calc(var(--spacing)*6))] @w-lg\/main:[--thread-content-margin:var(--thread-content-margin-lg,calc(var(--spacing)*16))] px-(--thread-content-margin)\">\n<div class=\"[--thread-content-max-width:40rem] @w-lg\/main:[--thread-content-max-width:48rem] mx-auto max-w-(--thread-content-max-width) flex-1 group\/turn-messages focus-visible:outline-hidden relative flex w-full min-w-0 flex-col agent-turn\">\n<div class=\"flex max-w-full flex-col gap-4 grow\">\n<div class=\"min-h-8 text-message relative flex w-full flex-col items-end gap-2 text-start break-words whitespace-normal outline-none keyboard-focused:focus-ring [.text-message+&amp;]:mt-1\" dir=\"auto\" tabindex=\"0\" data-message-author-role=\"assistant\" data-message-id=\"a435e8c4-700f-4855-ac42-442cd9916bc1\" data-message-model-slug=\"gpt-5-3\" data-turn-start-message=\"true\">\n<div class=\"flex w-full flex-col gap-1 empty:hidden\">\n<div class=\"markdown prose dark:prose-invert w-full wrap-break-word light markdown-new-styling\">\n<p data-start=\"1972\" data-end=\"2420\">\n<p data-start=\"299\" data-end=\"395\">Bracelet Calcite Verte Agate Mousse Unakite Rubis Zo\u00efsite : \u00e9quilibre et apaisement \u00e9motionnel<\/p>\n<p data-start=\"397\" data-end=\"792\">Ce bracelet est compos\u00e9 de perles de Calcite Verte, d\u2019Agate Mousse et d\u2019Unakite en 8 mm, accompagn\u00e9es de petits palets de Rubis Zo\u00efsite en 5 mm. Il est adapt\u00e9 \u00e0 un poignet de 17 \u00e0 18 cm. Ses teintes naturelles, m\u00ealant vert, rose et nuances profondes, offrent un rendu harmonieux et apaisant. La calcite verte peut pr\u00e9senter une teinte l\u00e9g\u00e8rement renforc\u00e9e tout en conservant son \u00e9nergie douce.<\/p>\n<p data-start=\"794\" data-end=\"837\"><strong data-start=\"794\" data-end=\"835\">Un bracelet pour apaiser les \u00e9motions<\/strong><\/p>\n<p data-start=\"839\" data-end=\"1094\">Le bracelet Calcite Verte Agate Mousse \u00e9quilibre est une association de pierres naturelles reconnues pour apaiser les \u00e9motions et favoriser l\u2019harmonie int\u00e9rieure. Il est particuli\u00e8rement appr\u00e9ci\u00e9 pour la sensation de calme et de stabilit\u00e9 qu\u2019il procure.<\/p>\n<p data-start=\"1096\" data-end=\"1303\">En effet, la calcite verte diffuse une \u00e9nergie douce qui aide \u00e0 rel\u00e2cher les tensions et \u00e0 assouplir les pens\u00e9es rigides. Ainsi, elle favorise l\u2019ouverture d\u2019esprit et accompagne les p\u00e9riodes de changement.<\/p>\n<p data-start=\"1305\" data-end=\"1464\">De plus, l\u2019agate mousse renforce le lien \u00e0 la nature et apporte une \u00e9nergie positive. Par ailleurs, elle diminue le stress et encourage les nouveaux d\u00e9parts.<\/p>\n<p data-start=\"1466\" data-end=\"1672\">L\u2019unakite, quant \u00e0 elle, soutient la confiance en soi et aide \u00e0 se lib\u00e9rer des blessures du pass\u00e9. Gr\u00e2ce \u00e0 cette combinaison, ce bracelet permet de retrouver \u00e9quilibre, s\u00e9r\u00e9nit\u00e9 et stabilit\u00e9 \u00e9motionnelle.<\/p>\n<p data-start=\"1674\" data-end=\"1848\">Il convient particuli\u00e8rement aux personnes sensibles ou en p\u00e9riode de transition. Par exemple, il peut aider \u00e0 mieux g\u00e9rer les \u00e9motions et \u00e0 avancer avec plus de confiance.<\/p>\n<p data-start=\"1850\" data-end=\"1895\"><strong data-start=\"1850\" data-end=\"1893\">Un soutien pour l\u2019\u00e9volution personnelle<\/strong><\/p>\n<p data-start=\"1897\" data-end=\"2028\">Ce bracelet accompagne \u00e9galement un travail int\u00e9rieur en douceur. Il aide \u00e0 se reconnecter \u00e0 soi et \u00e0 d\u00e9velopper l\u2019introspection.<\/p>\n<p data-start=\"2030\" data-end=\"2177\">En compl\u00e9ment, il favorise l\u2019ouverture du c\u0153ur et l\u2019acceptation de soi. Ainsi, il permet de cultiver des relations plus harmonieuses et sinc\u00e8res.<\/p>\n<p data-start=\"2179\" data-end=\"2378\">Le rubis zo\u00efsite apporte une \u00e9nergie dynamique qui stimule la motivation tout en apaisant l\u2019exc\u00e8s de nervosit\u00e9. Il aide \u00e0 structurer les pens\u00e9es et \u00e0 avancer vers ses objectifs avec plus de clart\u00e9.<\/p>\n<p data-start=\"2380\" data-end=\"2413\"><strong data-start=\"2380\" data-end=\"2411\">Des bienfaits pour le corps<\/strong><\/p>\n<p data-start=\"2415\" data-end=\"2559\">Sur le plan physique, il soutient l\u2019\u00e9quilibre global du corps. Il peut aider \u00e0 renforcer le syst\u00e8me immunitaire et \u00e0 am\u00e9liorer la circulation.<\/p>\n<p data-start=\"2561\" data-end=\"2759\">De plus, il agit sur le syst\u00e8me digestif et contribue \u00e0 une meilleure \u00e9limination des toxines. En outre, il participe \u00e0 apaiser certaines tensions nerveuses et favorise un sommeil plus r\u00e9parateur.<\/p>\n<p data-start=\"2761\" data-end=\"2869\">Il peut \u00e9galement soutenir les fonctions respiratoires et aider \u00e0 soulager certaines tensions corporelles.<\/p>\n<p data-start=\"2871\" data-end=\"3040\">Pour l\u2019entretien, vous pouvez le purifier \u00e0 l\u2019eau claire ou par fumigation. Ensuite, rechargez-le \u00e0 la lumi\u00e8re naturelle afin de pr\u00e9server ses propri\u00e9t\u00e9s \u00e9nerg\u00e9tiques.<\/p>\n<p data-start=\"3042\" data-end=\"3157\">Elle accompagne naturellement les p\u00e9riodes o\u00f9 un besoin d\u2019\u00e9quilibre, d\u2019apaisement et de renouveau se fait sentir.<\/p>\n<\/div>\n<\/div>\n<\/div>\n<\/div>\n<\/div>\n<\/div>\n<\/section>\n","protected":false},"excerpt":{"rendered":"<p>Acceptation de soi, changements<\/p>\n","protected":false},"featured_media":2120,"comment_status":"open","ping_status":"closed","template":"","meta":{"site-sidebar-layout":"default","site-content-layout":"","ast-site-content-layout":"default","site-content-style":"default","site-sidebar-style":"default","ast-global-header-display":"","ast-banner-title-visibility":"","ast-main-header-display":"","ast-hfb-above-header-display":"","ast-hfb-below-header-display":"","ast-hfb-mobile-header-display":"","site-post-title":"","ast-breadcrumbs-content":"","ast-featured-img":"","footer-sml-layout":"","ast-disable-related-posts":"","theme-transparent-header-meta":"default","adv-header-id-meta":"","stick-header-meta":"","header-above-stick-meta":"","header-main-stick-meta":"","header-below-stick-meta":"","astra-migrate-meta-layouts":"set","ast-page-background-enabled":"default","ast-page-background-meta":{"desktop":{"background-color":"var(--ast-global-color-4)","background-image":"","background-repeat":"repeat","background-position":"center center","background-size":"auto","background-attachment":"scroll","background-type":"","background-media":"","overlay-type":"","overlay-color":"","overlay-opacity":"","overlay-gradient":""},"tablet":{"background-color":"","background-image":"","background-repeat":"repeat","background-position":"center center","background-size":"auto","background-attachment":"scroll","background-type":"","background-media":"","overlay-type":"","overlay-color":"","overlay-opacity":"","overlay-gradient":""},"mobile":{"background-color":"","background-image":"","background-repeat":"repeat","background-position":"center center","background-size":"auto","background-attachment":"scroll","background-type":"","background-media":"","overlay-type":"","overlay-color":"","overlay-opacity":"","overlay-gradient":""}},"ast-content-background-meta":{"desktop":{"background-color":"var(--ast-global-color-5)","background-image":"","background-repeat":"repeat","background-position":"center center","background-size":"auto","background-attachment":"scroll","background-type":"","background-media":"","overlay-type":"","overlay-color":"","overlay-opacity":"","overlay-gradient":""},"tablet":{"background-color":"var(--ast-global-color-5)","background-image":"","background-repeat":"repeat","background-position":"center center","background-size":"auto","background-attachment":"scroll","background-type":"","background-media":"","overlay-type":"","overlay-color":"","overlay-opacity":"","overlay-gradient":""},"mobile":{"background-color":"var(--ast-global-color-5)","background-image":"","background-repeat":"repeat","background-position":"center center","background-size":"auto","background-attachment":"scroll","background-type":"","background-media":"","overlay-type":"","overlay-color":"","overlay-opacity":"","overlay-gradient":""}},"_glsr_average":0,"_glsr_ranking":0,"_glsr_reviews":0},"product_brand":[],"product_cat":[54,87,56,290,229,49,272,227,83,78],"product_tag":[],"class_list":{"0":"post-2119","1":"product","2":"type-product","3":"status-publish","4":"has-post-thumbnail","6":"product_cat-8-mm","7":"product_cat-agate-mousse","8":"product_cat-bracelets-de-lithotherapie","9":"product_cat-bracelets-de-lithotherapie-femmes","10":"product_cat-calcite-verte","11":"product_cat-confiance-en-soi","12":"product_cat-equilibre-emotionnel","13":"product_cat-rubis-zoisite","14":"product_cat-unakite","15":"product_cat-vert","16":"desktop-align-left","17":"tablet-align-left","18":"mobile-align-left","20":"first","21":"instock","22":"purchasable","23":"product-type-simple"},"yoast_head":"<!-- This site is optimized with the Yoast SEO plugin v27.5 - https:\/\/yoast.com\/product\/yoast-seo-wordpress\/ -->\n<title>Bracelet Calcite verte Agate mousse Unakite - Au fil des pierres<\/title>\n<meta name=\"description\" content=\"Bracelet Calcite Verte, Agate Mousse, Unakite et Rubis Zo\u00efsite : apaise le stress, \u00e9quilibre les \u00e9motions et favorise le renouveau.\" \/>\n<meta name=\"robots\" content=\"index, follow, max-snippet:-1, max-image-preview:large, max-video-preview:-1\" \/>\n<link rel=\"canonical\" href=\"https:\/\/aufildespierres.com\/index.php\/product\/bracelet-calcite-verte-agate-mousse-unakite\/\" \/>\n<meta property=\"og:locale\" content=\"fr_FR\" \/>\n<meta property=\"og:type\" content=\"article\" \/>\n<meta property=\"og:title\" content=\"Bracelet Calcite verte Agate mousse Unakite - Au fil des pierres\" \/>\n<meta property=\"og:description\" content=\"Bracelet Calcite Verte, Agate Mousse, Unakite et Rubis Zo\u00efsite : apaise le stress, \u00e9quilibre les \u00e9motions et favorise le renouveau.\" \/>\n<meta property=\"og:url\" content=\"https:\/\/aufildespierres.com\/index.php\/product\/bracelet-calcite-verte-agate-mousse-unakite\/\" \/>\n<meta property=\"og:site_name\" content=\"Au fil des pierres\" \/>\n<meta property=\"article:modified_time\" content=\"2026-04-30T13:04:14+00:00\" \/>\n<meta property=\"og:image\" content=\"https:\/\/aufildespierres.com\/wp-content\/uploads\/2024\/02\/20240214_102514-scaled.jpg\" \/>\n\t<meta property=\"og:image:width\" content=\"1920\" \/>\n\t<meta property=\"og:image:height\" content=\"2560\" \/>\n\t<meta property=\"og:image:type\" content=\"image\/jpeg\" \/>\n<meta name=\"twitter:card\" content=\"summary_large_image\" \/>\n<meta name=\"twitter:label1\" content=\"Dur\u00e9e de lecture estim\u00e9e\" \/>\n\t<meta name=\"twitter:data1\" content=\"3 minutes\" \/>\n<script type=\"application\/ld+json\" class=\"yoast-schema-graph\">{\"@context\":\"https:\\\/\\\/schema.org\",\"@graph\":[{\"@type\":\"WebPage\",\"@id\":\"https:\\\/\\\/aufildespierres.com\\\/index.php\\\/product\\\/bracelet-calcite-verte-agate-mousse-unakite\\\/\",\"url\":\"https:\\\/\\\/aufildespierres.com\\\/index.php\\\/product\\\/bracelet-calcite-verte-agate-mousse-unakite\\\/\",\"name\":\"Bracelet Calcite verte Agate mousse Unakite - Au fil des pierres\",\"isPartOf\":{\"@id\":\"https:\\\/\\\/aufildespierres.com\\\/#website\"},\"primaryImageOfPage\":{\"@id\":\"https:\\\/\\\/aufildespierres.com\\\/index.php\\\/product\\\/bracelet-calcite-verte-agate-mousse-unakite\\\/#primaryimage\"},\"image\":{\"@id\":\"https:\\\/\\\/aufildespierres.com\\\/index.php\\\/product\\\/bracelet-calcite-verte-agate-mousse-unakite\\\/#primaryimage\"},\"thumbnailUrl\":\"https:\\\/\\\/aufildespierres.com\\\/wp-content\\\/uploads\\\/2024\\\/02\\\/20240214_102514-scaled.jpg\",\"datePublished\":\"2024-02-14T09:43:29+00:00\",\"dateModified\":\"2026-04-30T13:04:14+00:00\",\"description\":\"Bracelet Calcite Verte, Agate Mousse, Unakite et Rubis Zo\u00efsite : apaise le stress, \u00e9quilibre les \u00e9motions et favorise le renouveau.\",\"breadcrumb\":{\"@id\":\"https:\\\/\\\/aufildespierres.com\\\/index.php\\\/product\\\/bracelet-calcite-verte-agate-mousse-unakite\\\/#breadcrumb\"},\"inLanguage\":\"fr-FR\",\"potentialAction\":[{\"@type\":\"ReadAction\",\"target\":[\"https:\\\/\\\/aufildespierres.com\\\/index.php\\\/product\\\/bracelet-calcite-verte-agate-mousse-unakite\\\/\"]}]},{\"@type\":\"ImageObject\",\"inLanguage\":\"fr-FR\",\"@id\":\"https:\\\/\\\/aufildespierres.com\\\/index.php\\\/product\\\/bracelet-calcite-verte-agate-mousse-unakite\\\/#primaryimage\",\"url\":\"https:\\\/\\\/aufildespierres.com\\\/wp-content\\\/uploads\\\/2024\\\/02\\\/20240214_102514-scaled.jpg\",\"contentUrl\":\"https:\\\/\\\/aufildespierres.com\\\/wp-content\\\/uploads\\\/2024\\\/02\\\/20240214_102514-scaled.jpg\",\"width\":1920,\"height\":2560},{\"@type\":\"BreadcrumbList\",\"@id\":\"https:\\\/\\\/aufildespierres.com\\\/index.php\\\/product\\\/bracelet-calcite-verte-agate-mousse-unakite\\\/#breadcrumb\",\"itemListElement\":[{\"@type\":\"ListItem\",\"position\":1,\"name\":\"Accueil\",\"item\":\"https:\\\/\\\/aufildespierres.com\\\/\"},{\"@type\":\"ListItem\",\"position\":2,\"name\":\"Boutique de Lithoth\u00e9rapie\",\"item\":\"https:\\\/\\\/aufildespierres.com\\\/index.php\\\/boutique-de-lithotherapie\\\/\"},{\"@type\":\"ListItem\",\"position\":3,\"name\":\"Bracelet Calcite verte Agate mousse Unakite\"}]},{\"@type\":\"WebSite\",\"@id\":\"https:\\\/\\\/aufildespierres.com\\\/#website\",\"url\":\"https:\\\/\\\/aufildespierres.com\\\/\",\"name\":\"Au fil des pierres\",\"description\":\"Au fil des pierres\",\"publisher\":{\"@id\":\"https:\\\/\\\/aufildespierres.com\\\/#organization\"},\"potentialAction\":[{\"@type\":\"SearchAction\",\"target\":{\"@type\":\"EntryPoint\",\"urlTemplate\":\"https:\\\/\\\/aufildespierres.com\\\/?s={search_term_string}\"},\"query-input\":{\"@type\":\"PropertyValueSpecification\",\"valueRequired\":true,\"valueName\":\"search_term_string\"}}],\"inLanguage\":\"fr-FR\"},{\"@type\":\"Organization\",\"@id\":\"https:\\\/\\\/aufildespierres.com\\\/#organization\",\"name\":\"Au fil des pierres\",\"url\":\"https:\\\/\\\/aufildespierres.com\\\/\",\"logo\":{\"@type\":\"ImageObject\",\"inLanguage\":\"fr-FR\",\"@id\":\"https:\\\/\\\/aufildespierres.com\\\/#\\\/schema\\\/logo\\\/image\\\/\",\"url\":\"https:\\\/\\\/aufildespierres.com\\\/wp-content\\\/uploads\\\/2023\\\/05\\\/cropped-Logo-PNG-Transparent.png\",\"contentUrl\":\"https:\\\/\\\/aufildespierres.com\\\/wp-content\\\/uploads\\\/2023\\\/05\\\/cropped-Logo-PNG-Transparent.png\",\"width\":1776,\"height\":1625,\"caption\":\"Au fil des pierres\"},\"image\":{\"@id\":\"https:\\\/\\\/aufildespierres.com\\\/#\\\/schema\\\/logo\\\/image\\\/\"}}]}<\/script>\n<!-- \/ Yoast SEO plugin. -->","yoast_head_json":{"title":"Bracelet Calcite verte Agate mousse Unakite - Au fil des pierres","description":"Bracelet Calcite Verte, Agate Mousse, Unakite et Rubis Zo\u00efsite : apaise le stress, \u00e9quilibre les \u00e9motions et favorise le renouveau.","robots":{"index":"index","follow":"follow","max-snippet":"max-snippet:-1","max-image-preview":"max-image-preview:large","max-video-preview":"max-video-preview:-1"},"canonical":"https:\/\/aufildespierres.com\/index.php\/product\/bracelet-calcite-verte-agate-mousse-unakite\/","og_locale":"fr_FR","og_type":"article","og_title":"Bracelet Calcite verte Agate mousse Unakite - Au fil des pierres","og_description":"Bracelet Calcite Verte, Agate Mousse, Unakite et Rubis Zo\u00efsite : apaise le stress, \u00e9quilibre les \u00e9motions et favorise le renouveau.","og_url":"https:\/\/aufildespierres.com\/index.php\/product\/bracelet-calcite-verte-agate-mousse-unakite\/","og_site_name":"Au fil des pierres","article_modified_time":"2026-04-30T13:04:14+00:00","og_image":[{"width":1920,"height":2560,"url":"https:\/\/aufildespierres.com\/wp-content\/uploads\/2024\/02\/20240214_102514-scaled.jpg","type":"image\/jpeg"}],"twitter_card":"summary_large_image","twitter_misc":{"Dur\u00e9e de lecture estim\u00e9e":"3 minutes"},"schema":{"@context":"https:\/\/schema.org","@graph":[{"@type":"WebPage","@id":"https:\/\/aufildespierres.com\/index.php\/product\/bracelet-calcite-verte-agate-mousse-unakite\/","url":"https:\/\/aufildespierres.com\/index.php\/product\/bracelet-calcite-verte-agate-mousse-unakite\/","name":"Bracelet Calcite verte Agate mousse Unakite - Au fil des pierres","isPartOf":{"@id":"https:\/\/aufildespierres.com\/#website"},"primaryImageOfPage":{"@id":"https:\/\/aufildespierres.com\/index.php\/product\/bracelet-calcite-verte-agate-mousse-unakite\/#primaryimage"},"image":{"@id":"https:\/\/aufildespierres.com\/index.php\/product\/bracelet-calcite-verte-agate-mousse-unakite\/#primaryimage"},"thumbnailUrl":"https:\/\/aufildespierres.com\/wp-content\/uploads\/2024\/02\/20240214_102514-scaled.jpg","datePublished":"2024-02-14T09:43:29+00:00","dateModified":"2026-04-30T13:04:14+00:00","description":"Bracelet Calcite Verte, Agate Mousse, Unakite et Rubis Zo\u00efsite : apaise le stress, \u00e9quilibre les \u00e9motions et favorise le renouveau.","breadcrumb":{"@id":"https:\/\/aufildespierres.com\/index.php\/product\/bracelet-calcite-verte-agate-mousse-unakite\/#breadcrumb"},"inLanguage":"fr-FR","potentialAction":[{"@type":"ReadAction","target":["https:\/\/aufildespierres.com\/index.php\/product\/bracelet-calcite-verte-agate-mousse-unakite\/"]}]},{"@type":"ImageObject","inLanguage":"fr-FR","@id":"https:\/\/aufildespierres.com\/index.php\/product\/bracelet-calcite-verte-agate-mousse-unakite\/#primaryimage","url":"https:\/\/aufildespierres.com\/wp-content\/uploads\/2024\/02\/20240214_102514-scaled.jpg","contentUrl":"https:\/\/aufildespierres.com\/wp-content\/uploads\/2024\/02\/20240214_102514-scaled.jpg","width":1920,"height":2560},{"@type":"BreadcrumbList","@id":"https:\/\/aufildespierres.com\/index.php\/product\/bracelet-calcite-verte-agate-mousse-unakite\/#breadcrumb","itemListElement":[{"@type":"ListItem","position":1,"name":"Accueil","item":"https:\/\/aufildespierres.com\/"},{"@type":"ListItem","position":2,"name":"Boutique de Lithoth\u00e9rapie","item":"https:\/\/aufildespierres.com\/index.php\/boutique-de-lithotherapie\/"},{"@type":"ListItem","position":3,"name":"Bracelet Calcite verte Agate mousse Unakite"}]},{"@type":"WebSite","@id":"https:\/\/aufildespierres.com\/#website","url":"https:\/\/aufildespierres.com\/","name":"Au fil des pierres","description":"Au fil des pierres","publisher":{"@id":"https:\/\/aufildespierres.com\/#organization"},"potentialAction":[{"@type":"SearchAction","target":{"@type":"EntryPoint","urlTemplate":"https:\/\/aufildespierres.com\/?s={search_term_string}"},"query-input":{"@type":"PropertyValueSpecification","valueRequired":true,"valueName":"search_term_string"}}],"inLanguage":"fr-FR"},{"@type":"Organization","@id":"https:\/\/aufildespierres.com\/#organization","name":"Au fil des pierres","url":"https:\/\/aufildespierres.com\/","logo":{"@type":"ImageObject","inLanguage":"fr-FR","@id":"https:\/\/aufildespierres.com\/#\/schema\/logo\/image\/","url":"https:\/\/aufildespierres.com\/wp-content\/uploads\/2023\/05\/cropped-Logo-PNG-Transparent.png","contentUrl":"https:\/\/aufildespierres.com\/wp-content\/uploads\/2023\/05\/cropped-Logo-PNG-Transparent.png","width":1776,"height":1625,"caption":"Au fil des pierres"},"image":{"@id":"https:\/\/aufildespierres.com\/#\/schema\/logo\/image\/"}}]}},"_links":{"self":[{"href":"https:\/\/aufildespierres.com\/index.php\/wp-json\/wp\/v2\/product\/2119","targetHints":{"allow":["GET"]}}],"collection":[{"href":"https:\/\/aufildespierres.com\/index.php\/wp-json\/wp\/v2\/product"}],"about":[{"href":"https:\/\/aufildespierres.com\/index.php\/wp-json\/wp\/v2\/types\/product"}],"replies":[{"embeddable":true,"href":"https:\/\/aufildespierres.com\/index.php\/wp-json\/wp\/v2\/comments?post=2119"}],"wp:featuredmedia":[{"embeddable":true,"href":"https:\/\/aufildespierres.com\/index.php\/wp-json\/wp\/v2\/media\/2120"}],"wp:attachment":[{"href":"https:\/\/aufildespierres.com\/index.php\/wp-json\/wp\/v2\/media?parent=2119"}],"wp:term":[{"taxonomy":"product_brand","embeddable":true,"href":"https:\/\/aufildespierres.com\/index.php\/wp-json\/wp\/v2\/product_brand?post=2119"},{"taxonomy":"product_cat","embeddable":true,"href":"https:\/\/aufildespierres.com\/index.php\/wp-json\/wp\/v2\/product_cat?post=2119"},{"taxonomy":"product_tag","embeddable":true,"href":"https:\/\/aufildespierres.com\/index.php\/wp-json\/wp\/v2\/product_tag?post=2119"}],"curies":[{"name":"wp","href":"https:\/\/api.w.org\/{rel}","templated":true}]}}