{"id":2126,"date":"2024-02-18T12:57:48","date_gmt":"2024-02-18T11:57:48","guid":{"rendered":"https:\/\/aufildespierres.com\/?post_type=product&#038;p=2126"},"modified":"2024-10-27T15:44:07","modified_gmt":"2024-10-27T14:44:07","slug":"bracelet-printemps-en-calcite","status":"publish","type":"product","link":"https:\/\/aufildespierres.com\/index.php\/product\/bracelet-printemps-en-calcite\/","title":{"rendered":"Bracelet Printemps en Calcite"},"content":{"rendered":"<p><strong>Bracelet en 8mm compos\u00e9 de Calcite bleue, rose tr\u00e8s pale, verte<\/strong><\/p>\n<p>Breloque coccinelle porte bonheur<\/p>\n<p>Bracelet adapt\u00e9 \u00e0 un poignet de 17 \u00e0 18 cm<\/p>\n<p><strong>Calcite bleue :<\/strong><\/p>\n<p>D\u00e9bloque tous les soucis li\u00e9s au chakra de la gorge et fluidifie les \u00e9nergies (n\u0153uds de la gorge, probl\u00e8mes de communication..)<\/p>\n<p>Aide \u00e0 se relaxer s&rsquo;apaiser et \u00eatre serein apaise les tensions\u00a0: pierre anti -stress<\/p>\n<p>Calme les enfants turbulents et apaise les conflits affectifs ou professionnels<\/p>\n<p>Aide au sommeil en diminuant le stress mental, poser dans la chambre<\/p>\n<p>Au bureau apaise l\u2019atmosph\u00e8re et favorise concentration et rigueur.<\/p>\n<p>&nbsp;<\/p>\n<p>CALCITE ROSE\u00a0 ou manganocalcite<\/p>\n<p>Apaise tensions et \u00e9motions apporte douceur et tendresse<\/p>\n<p>Adapt\u00e9e aux enfants pour leur d\u00e9veloppement physique et affectif , favorise leur croissance<\/p>\n<p>Associ\u00e9e a la sensibilit\u00e9 et au pardon, pardonner et se pardonner, encourage le d\u00e9veloppement spirituel , att\u00e9nue le chagrin<\/p>\n<p>Apprend \u00e0 faire preuve de tol\u00e9rance et patience, sagesse, bienveillance<\/p>\n<p>R\u00e9confortante et rassurante, enseigne que les choses arrivent de l\u2019int\u00e9rieur<\/p>\n<p>Ouvre \u00e0 l\u2019amour et apaisement et diminue tristesse et anxi\u00e9t\u00e9<\/p>\n<p>Augmente confiance en soi,\u00a0 joie de vivre,\u00a0 aide a prendre conscience de sa valeur et a s\u2019accepter soi m\u00eame<\/p>\n<p>Pr\u00e9vient mes cauchemars et aide au sommeil ( placer sous l\u2019oreiller )<\/p>\n<p>Soulage arthrite et douleurs musculaires et perte de m\u00e9moire, b\u00e9n\u00e9fique au c\u0153ur et \u00e0 la r\u00e9gulation de la tension\u00a0 art\u00e9rielle<\/p>\n<p>Soutient foie, os et d\u00e9toxifie .<\/p>\n<p><strong><em>Calcite verte :<\/em><\/strong><\/p>\n<ul>\n<li>Diffuse une \u00e9nergie douce et apaisante du fait de sa couleur<\/li>\n<li>Assouplit les convictions rigides, aide ceux qui ont du mal \u00e0 \u00e9couter d&rsquo;autres opinions et qui ne se laissent pas porter par la vie<\/li>\n<li>Aide lors des changements<\/li>\n<li>Enseigne l&rsquo;ouverture du c\u0153ur plut\u00f4t que tensions et \u00e9go\u00efsme, aide \u00e0 grandir avec ses intuitions de fa\u00e7on calme et lucide<\/li>\n<li>Calme le mal \u00eatre g\u00e9n\u00e9r\u00e9 par la col\u00e8re<\/li>\n<li>Prot\u00e8ge la peau des affections et dermatoses<\/li>\n<li>Renforce le syst\u00e8me immunitaire<\/li>\n<li>Permet de gu\u00e9rir les blessures d&rsquo;amour propre<\/li>\n<li>D\u00e9veloppe pardon, compassion, ouverture du c\u0153ur (accord c\u0153ur et \u00e2me ).<\/li>\n<\/ul>\n","protected":false},"excerpt":{"rendered":"<p>Bracelet en 8mm compos\u00e9 de Calcite bleue, rose tr\u00e8s pale, verte Breloque coccinelle porte bonheur Bracelet adapt\u00e9 \u00e0 un poignet de 17 \u00e0 18 cm Calcite bleue : D\u00e9bloque tous les soucis li\u00e9s au chakra de la gorge et fluidifie les \u00e9nergies (n\u0153uds de la gorge, probl\u00e8mes de communication..) Aide \u00e0 se relaxer s&rsquo;apaiser et [&hellip;]<\/p>\n","protected":false},"featured_media":2127,"comment_status":"open","ping_status":"closed","template":"","meta":{"site-sidebar-layout":"default","site-content-layout":"","ast-site-content-layout":"default","site-content-style":"default","site-sidebar-style":"default","ast-global-header-display":"","ast-banner-title-visibility":"","ast-main-header-display":"","ast-hfb-above-header-display":"","ast-hfb-below-header-display":"","ast-hfb-mobile-header-display":"","site-post-title":"","ast-breadcrumbs-content":"","ast-featured-img":"","footer-sml-layout":"","ast-disable-related-posts":"","theme-transparent-header-meta":"default","adv-header-id-meta":"","stick-header-meta":"","header-above-stick-meta":"","header-main-stick-meta":"","header-below-stick-meta":"","astra-migrate-meta-layouts":"set","ast-page-background-enabled":"default","ast-page-background-meta":{"desktop":{"background-color":"var(--ast-global-color-4)","background-image":"","background-repeat":"repeat","background-position":"center center","background-size":"auto","background-attachment":"scroll","background-type":"","background-media":"","overlay-type":"","overlay-color":"","overlay-opacity":"","overlay-gradient":""},"tablet":{"background-color":"","background-image":"","background-repeat":"repeat","background-position":"center center","background-size":"auto","background-attachment":"scroll","background-type":"","background-media":"","overlay-type":"","overlay-color":"","overlay-opacity":"","overlay-gradient":""},"mobile":{"background-color":"","background-image":"","background-repeat":"repeat","background-position":"center center","background-size":"auto","background-attachment":"scroll","background-type":"","background-media":"","overlay-type":"","overlay-color":"","overlay-opacity":"","overlay-gradient":""}},"ast-content-background-meta":{"desktop":{"background-color":"var(--ast-global-color-5)","background-image":"","background-repeat":"repeat","background-position":"center center","background-size":"auto","background-attachment":"scroll","background-type":"","background-media":"","overlay-type":"","overlay-color":"","overlay-opacity":"","overlay-gradient":""},"tablet":{"background-color":"var(--ast-global-color-5)","background-image":"","background-repeat":"repeat","background-position":"center center","background-size":"auto","background-attachment":"scroll","background-type":"","background-media":"","overlay-type":"","overlay-color":"","overlay-opacity":"","overlay-gradient":""},"mobile":{"background-color":"var(--ast-global-color-5)","background-image":"","background-repeat":"repeat","background-position":"center center","background-size":"auto","background-attachment":"scroll","background-type":"","background-media":"","overlay-type":"","overlay-color":"","overlay-opacity":"","overlay-gradient":""}},"_glsr_average":0,"_glsr_ranking":0,"_glsr_reviews":0},"product_brand":[],"product_cat":[106,232,229,15],"product_tag":[],"class_list":{"0":"post-2126","1":"product","2":"type-product","3":"status-publish","4":"has-post-thumbnail","6":"product_cat-calcite-bleue","7":"product_cat-calcite-rose","8":"product_cat-calcite-verte","9":"product_cat-tout","10":"desktop-align-left","11":"tablet-align-left","12":"mobile-align-left","14":"first","15":"outofstock","16":"purchasable","17":"product-type-simple"},"yoast_head":"<!-- This site is optimized with the Yoast SEO plugin v27.4 - https:\/\/yoast.com\/product\/yoast-seo-wordpress\/ -->\n<title>Bracelet Printemps en Calcite - Au fil des pierres<\/title>\n<meta name=\"robots\" content=\"index, follow, max-snippet:-1, max-image-preview:large, max-video-preview:-1\" \/>\n<link rel=\"canonical\" href=\"https:\/\/aufildespierres.com\/index.php\/product\/bracelet-printemps-en-calcite\/\" \/>\n<meta property=\"og:locale\" content=\"fr_FR\" \/>\n<meta property=\"og:type\" content=\"article\" \/>\n<meta property=\"og:title\" content=\"Bracelet Printemps en Calcite - Au fil des pierres\" \/>\n<meta property=\"og:description\" content=\"Bracelet en 8mm compos\u00e9 de Calcite bleue, rose tr\u00e8s pale, verte Breloque coccinelle porte bonheur Bracelet adapt\u00e9 \u00e0 un poignet de 17 \u00e0 18 cm Calcite bleue : D\u00e9bloque tous les soucis li\u00e9s au chakra de la gorge et fluidifie les \u00e9nergies (n\u0153uds de la gorge, probl\u00e8mes de communication..) Aide \u00e0 se relaxer s&rsquo;apaiser et [&hellip;]\" \/>\n<meta property=\"og:url\" content=\"https:\/\/aufildespierres.com\/index.php\/product\/bracelet-printemps-en-calcite\/\" \/>\n<meta property=\"og:site_name\" content=\"Au fil des pierres\" \/>\n<meta property=\"article:modified_time\" content=\"2024-10-27T14:44:07+00:00\" \/>\n<meta property=\"og:image\" content=\"https:\/\/aufildespierres.com\/wp-content\/uploads\/2024\/02\/20240214_102413-scaled.jpg\" \/>\n\t<meta property=\"og:image:width\" content=\"2560\" \/>\n\t<meta property=\"og:image:height\" content=\"2544\" \/>\n\t<meta property=\"og:image:type\" content=\"image\/jpeg\" \/>\n<meta name=\"twitter:card\" content=\"summary_large_image\" \/>\n<meta name=\"twitter:label1\" content=\"Dur\u00e9e de lecture estim\u00e9e\" \/>\n\t<meta name=\"twitter:data1\" content=\"2 minutes\" \/>\n<script type=\"application\/ld+json\" class=\"yoast-schema-graph\">{\"@context\":\"https:\\\/\\\/schema.org\",\"@graph\":[{\"@type\":\"WebPage\",\"@id\":\"https:\\\/\\\/aufildespierres.com\\\/index.php\\\/product\\\/bracelet-printemps-en-calcite\\\/\",\"url\":\"https:\\\/\\\/aufildespierres.com\\\/index.php\\\/product\\\/bracelet-printemps-en-calcite\\\/\",\"name\":\"Bracelet Printemps en Calcite - Au fil des pierres\",\"isPartOf\":{\"@id\":\"https:\\\/\\\/aufildespierres.com\\\/#website\"},\"primaryImageOfPage\":{\"@id\":\"https:\\\/\\\/aufildespierres.com\\\/index.php\\\/product\\\/bracelet-printemps-en-calcite\\\/#primaryimage\"},\"image\":{\"@id\":\"https:\\\/\\\/aufildespierres.com\\\/index.php\\\/product\\\/bracelet-printemps-en-calcite\\\/#primaryimage\"},\"thumbnailUrl\":\"https:\\\/\\\/aufildespierres.com\\\/wp-content\\\/uploads\\\/2024\\\/02\\\/20240214_102413-scaled.jpg\",\"datePublished\":\"2024-02-18T11:57:48+00:00\",\"dateModified\":\"2024-10-27T14:44:07+00:00\",\"breadcrumb\":{\"@id\":\"https:\\\/\\\/aufildespierres.com\\\/index.php\\\/product\\\/bracelet-printemps-en-calcite\\\/#breadcrumb\"},\"inLanguage\":\"fr-FR\",\"potentialAction\":[{\"@type\":\"ReadAction\",\"target\":[\"https:\\\/\\\/aufildespierres.com\\\/index.php\\\/product\\\/bracelet-printemps-en-calcite\\\/\"]}]},{\"@type\":\"ImageObject\",\"inLanguage\":\"fr-FR\",\"@id\":\"https:\\\/\\\/aufildespierres.com\\\/index.php\\\/product\\\/bracelet-printemps-en-calcite\\\/#primaryimage\",\"url\":\"https:\\\/\\\/aufildespierres.com\\\/wp-content\\\/uploads\\\/2024\\\/02\\\/20240214_102413-scaled.jpg\",\"contentUrl\":\"https:\\\/\\\/aufildespierres.com\\\/wp-content\\\/uploads\\\/2024\\\/02\\\/20240214_102413-scaled.jpg\",\"width\":2560,\"height\":2544},{\"@type\":\"BreadcrumbList\",\"@id\":\"https:\\\/\\\/aufildespierres.com\\\/index.php\\\/product\\\/bracelet-printemps-en-calcite\\\/#breadcrumb\",\"itemListElement\":[{\"@type\":\"ListItem\",\"position\":1,\"name\":\"Accueil\",\"item\":\"https:\\\/\\\/aufildespierres.com\\\/\"},{\"@type\":\"ListItem\",\"position\":2,\"name\":\"Boutique de Lithoth\u00e9rapie\",\"item\":\"https:\\\/\\\/aufildespierres.com\\\/index.php\\\/boutique-de-lithotherapie\\\/\"},{\"@type\":\"ListItem\",\"position\":3,\"name\":\"Bracelet Printemps en Calcite\"}]},{\"@type\":\"WebSite\",\"@id\":\"https:\\\/\\\/aufildespierres.com\\\/#website\",\"url\":\"https:\\\/\\\/aufildespierres.com\\\/\",\"name\":\"Au fil des pierres\",\"description\":\"Au fil des pierres\",\"publisher\":{\"@id\":\"https:\\\/\\\/aufildespierres.com\\\/#organization\"},\"potentialAction\":[{\"@type\":\"SearchAction\",\"target\":{\"@type\":\"EntryPoint\",\"urlTemplate\":\"https:\\\/\\\/aufildespierres.com\\\/?s={search_term_string}\"},\"query-input\":{\"@type\":\"PropertyValueSpecification\",\"valueRequired\":true,\"valueName\":\"search_term_string\"}}],\"inLanguage\":\"fr-FR\"},{\"@type\":\"Organization\",\"@id\":\"https:\\\/\\\/aufildespierres.com\\\/#organization\",\"name\":\"Au fil des pierres\",\"url\":\"https:\\\/\\\/aufildespierres.com\\\/\",\"logo\":{\"@type\":\"ImageObject\",\"inLanguage\":\"fr-FR\",\"@id\":\"https:\\\/\\\/aufildespierres.com\\\/#\\\/schema\\\/logo\\\/image\\\/\",\"url\":\"https:\\\/\\\/aufildespierres.com\\\/wp-content\\\/uploads\\\/2023\\\/05\\\/cropped-Logo-PNG-Transparent.png\",\"contentUrl\":\"https:\\\/\\\/aufildespierres.com\\\/wp-content\\\/uploads\\\/2023\\\/05\\\/cropped-Logo-PNG-Transparent.png\",\"width\":1776,\"height\":1625,\"caption\":\"Au fil des pierres\"},\"image\":{\"@id\":\"https:\\\/\\\/aufildespierres.com\\\/#\\\/schema\\\/logo\\\/image\\\/\"}}]}<\/script>\n<!-- \/ Yoast SEO plugin. -->","yoast_head_json":{"title":"Bracelet Printemps en Calcite - Au fil des pierres","robots":{"index":"index","follow":"follow","max-snippet":"max-snippet:-1","max-image-preview":"max-image-preview:large","max-video-preview":"max-video-preview:-1"},"canonical":"https:\/\/aufildespierres.com\/index.php\/product\/bracelet-printemps-en-calcite\/","og_locale":"fr_FR","og_type":"article","og_title":"Bracelet Printemps en Calcite - Au fil des pierres","og_description":"Bracelet en 8mm compos\u00e9 de Calcite bleue, rose tr\u00e8s pale, verte Breloque coccinelle porte bonheur Bracelet adapt\u00e9 \u00e0 un poignet de 17 \u00e0 18 cm Calcite bleue : D\u00e9bloque tous les soucis li\u00e9s au chakra de la gorge et fluidifie les \u00e9nergies (n\u0153uds de la gorge, probl\u00e8mes de communication..) Aide \u00e0 se relaxer s&rsquo;apaiser et [&hellip;]","og_url":"https:\/\/aufildespierres.com\/index.php\/product\/bracelet-printemps-en-calcite\/","og_site_name":"Au fil des pierres","article_modified_time":"2024-10-27T14:44:07+00:00","og_image":[{"width":2560,"height":2544,"url":"https:\/\/aufildespierres.com\/wp-content\/uploads\/2024\/02\/20240214_102413-scaled.jpg","type":"image\/jpeg"}],"twitter_card":"summary_large_image","twitter_misc":{"Dur\u00e9e de lecture estim\u00e9e":"2 minutes"},"schema":{"@context":"https:\/\/schema.org","@graph":[{"@type":"WebPage","@id":"https:\/\/aufildespierres.com\/index.php\/product\/bracelet-printemps-en-calcite\/","url":"https:\/\/aufildespierres.com\/index.php\/product\/bracelet-printemps-en-calcite\/","name":"Bracelet Printemps en Calcite - Au fil des pierres","isPartOf":{"@id":"https:\/\/aufildespierres.com\/#website"},"primaryImageOfPage":{"@id":"https:\/\/aufildespierres.com\/index.php\/product\/bracelet-printemps-en-calcite\/#primaryimage"},"image":{"@id":"https:\/\/aufildespierres.com\/index.php\/product\/bracelet-printemps-en-calcite\/#primaryimage"},"thumbnailUrl":"https:\/\/aufildespierres.com\/wp-content\/uploads\/2024\/02\/20240214_102413-scaled.jpg","datePublished":"2024-02-18T11:57:48+00:00","dateModified":"2024-10-27T14:44:07+00:00","breadcrumb":{"@id":"https:\/\/aufildespierres.com\/index.php\/product\/bracelet-printemps-en-calcite\/#breadcrumb"},"inLanguage":"fr-FR","potentialAction":[{"@type":"ReadAction","target":["https:\/\/aufildespierres.com\/index.php\/product\/bracelet-printemps-en-calcite\/"]}]},{"@type":"ImageObject","inLanguage":"fr-FR","@id":"https:\/\/aufildespierres.com\/index.php\/product\/bracelet-printemps-en-calcite\/#primaryimage","url":"https:\/\/aufildespierres.com\/wp-content\/uploads\/2024\/02\/20240214_102413-scaled.jpg","contentUrl":"https:\/\/aufildespierres.com\/wp-content\/uploads\/2024\/02\/20240214_102413-scaled.jpg","width":2560,"height":2544},{"@type":"BreadcrumbList","@id":"https:\/\/aufildespierres.com\/index.php\/product\/bracelet-printemps-en-calcite\/#breadcrumb","itemListElement":[{"@type":"ListItem","position":1,"name":"Accueil","item":"https:\/\/aufildespierres.com\/"},{"@type":"ListItem","position":2,"name":"Boutique de Lithoth\u00e9rapie","item":"https:\/\/aufildespierres.com\/index.php\/boutique-de-lithotherapie\/"},{"@type":"ListItem","position":3,"name":"Bracelet Printemps en Calcite"}]},{"@type":"WebSite","@id":"https:\/\/aufildespierres.com\/#website","url":"https:\/\/aufildespierres.com\/","name":"Au fil des pierres","description":"Au fil des pierres","publisher":{"@id":"https:\/\/aufildespierres.com\/#organization"},"potentialAction":[{"@type":"SearchAction","target":{"@type":"EntryPoint","urlTemplate":"https:\/\/aufildespierres.com\/?s={search_term_string}"},"query-input":{"@type":"PropertyValueSpecification","valueRequired":true,"valueName":"search_term_string"}}],"inLanguage":"fr-FR"},{"@type":"Organization","@id":"https:\/\/aufildespierres.com\/#organization","name":"Au fil des pierres","url":"https:\/\/aufildespierres.com\/","logo":{"@type":"ImageObject","inLanguage":"fr-FR","@id":"https:\/\/aufildespierres.com\/#\/schema\/logo\/image\/","url":"https:\/\/aufildespierres.com\/wp-content\/uploads\/2023\/05\/cropped-Logo-PNG-Transparent.png","contentUrl":"https:\/\/aufildespierres.com\/wp-content\/uploads\/2023\/05\/cropped-Logo-PNG-Transparent.png","width":1776,"height":1625,"caption":"Au fil des pierres"},"image":{"@id":"https:\/\/aufildespierres.com\/#\/schema\/logo\/image\/"}}]}},"_links":{"self":[{"href":"https:\/\/aufildespierres.com\/index.php\/wp-json\/wp\/v2\/product\/2126","targetHints":{"allow":["GET"]}}],"collection":[{"href":"https:\/\/aufildespierres.com\/index.php\/wp-json\/wp\/v2\/product"}],"about":[{"href":"https:\/\/aufildespierres.com\/index.php\/wp-json\/wp\/v2\/types\/product"}],"replies":[{"embeddable":true,"href":"https:\/\/aufildespierres.com\/index.php\/wp-json\/wp\/v2\/comments?post=2126"}],"wp:featuredmedia":[{"embeddable":true,"href":"https:\/\/aufildespierres.com\/index.php\/wp-json\/wp\/v2\/media\/2127"}],"wp:attachment":[{"href":"https:\/\/aufildespierres.com\/index.php\/wp-json\/wp\/v2\/media?parent=2126"}],"wp:term":[{"taxonomy":"product_brand","embeddable":true,"href":"https:\/\/aufildespierres.com\/index.php\/wp-json\/wp\/v2\/product_brand?post=2126"},{"taxonomy":"product_cat","embeddable":true,"href":"https:\/\/aufildespierres.com\/index.php\/wp-json\/wp\/v2\/product_cat?post=2126"},{"taxonomy":"product_tag","embeddable":true,"href":"https:\/\/aufildespierres.com\/index.php\/wp-json\/wp\/v2\/product_tag?post=2126"}],"curies":[{"name":"wp","href":"https:\/\/api.w.org\/{rel}","templated":true}]}}