{"id":2136,"date":"2024-02-19T15:18:02","date_gmt":"2024-02-19T14:18:02","guid":{"rendered":"https:\/\/aufildespierres.com\/?post_type=product&#038;p=2136"},"modified":"2024-10-27T15:44:07","modified_gmt":"2024-10-27T14:44:07","slug":"cyanite-ou-kyanite-verte","status":"publish","type":"product","link":"https:\/\/aufildespierres.com\/index.php\/product\/cyanite-ou-kyanite-verte\/","title":{"rendered":"CYANITE ou Kyanite verte"},"content":{"rendered":"<p><strong>Bracelet en Cyanite verte\u00a0<\/strong><\/p>\n<p>( pierre assez rare ) en 8mm<\/p>\n<p>convient pour un poignet de 17 \u00e0 18 cm<\/p>\n<p><strong>KYANITE ( ou Cyanite )<\/strong><\/p>\n<p>\u00ab\u00a0Apprendre de ses exp\u00e9riences pour \u00e9voluer \u00a0\u00bb<\/p>\n<p>Jolie pierre bleue avec des reflets nacr\u00e9s .<\/p>\n<p>Propri\u00e9t\u00e9s psychiques :<\/p>\n<ul>\n<li>Pierre de croissance qui soutient l&rsquo;expression personnelle pour mener \u00e0 bien des projets priv\u00e9s ou professionnels.<\/li>\n<li>Pierre d&rsquo;\u00e9volution durable qui favorise d\u00e9termination et r\u00e9silience.<\/li>\n<li>Elle pourra \u00eatre utilis\u00e9e si vous ressentez des blocages de situation, des pens\u00e9es limitantes ou des \u00e9motions trop pr\u00e9sentes. Elle aidera \u00e0 la compr\u00e9hension des exp\u00e9riences pour d\u00e9passer ses croyances et \u00e9voluer.<\/li>\n<li>D\u00e9veloppe l&rsquo;int\u00e9grit\u00e9, la capacit\u00e9 \u00e0 rester impliqu\u00e9 dans sa voie tout en regardant ce qui doit \u00eatre chang\u00e9 .<\/li>\n<li>Favorise la transmission d&rsquo;\u00e9nergie entre toutes les parties de l&rsquo;\u00eatre.<\/li>\n<li>Favorise expression de soi et vitalit\u00e9<\/li>\n<li>Favorise respect et loyaut\u00e9 de soi m\u00eame et d&rsquo;autrui. Permet de mieux communiquer dans ses relations sociales ou affectives, favorise une entente fluide au sein d&rsquo;un couple.<\/li>\n<li>Adapt\u00e9e aux personnes qui veulent toujours avoir raison .<\/li>\n<li>Aide \u00e0 se connecter \u00e0 soi pour comprendre notre contribution au monde, r\u00e9v\u00e9ler d&rsquo;\u00e9ventuelles vocations, trouver notre chemin de vie, nous relier \u00e0 notre \u00e2me.<\/li>\n<li>Favorise la communication extra sensorielle.<\/li>\n<\/ul>\n<p>Propri\u00e9t\u00e9s physiques :<\/p>\n<ul>\n<li>Soutient la circulation sanguine et limite l&rsquo;hypertension<\/li>\n<li>B\u00e9n\u00e9fique aux glandes surr\u00e9nales, paratyro\u00efde<\/li>\n<li>Augmente la vitalit\u00e9 physique et mentale<\/li>\n<li>Anti douleur notamment pour fractures, douleurs osseuses<\/li>\n<li>Soulage les probl\u00e8mes de gorge<\/li>\n<li>Favorise un bon sommeil en diminuant les ruminations.<\/li>\n<\/ul>\n<p>&nbsp;<\/p>\n<p>&nbsp;<\/p>\n","protected":false},"excerpt":{"rendered":"<p>Bracelet en Cyanite verte\u00a0 ( pierre assez rare ) en 8mm convient pour un poignet de 17 \u00e0 18 cm KYANITE ( ou Cyanite ) \u00ab\u00a0Apprendre de ses exp\u00e9riences pour \u00e9voluer \u00a0\u00bb Jolie pierre bleue avec des reflets nacr\u00e9s . Propri\u00e9t\u00e9s psychiques : Pierre de croissance qui soutient l&rsquo;expression personnelle pour mener \u00e0 bien des [&hellip;]<\/p>\n","protected":false},"featured_media":2137,"comment_status":"open","ping_status":"closed","template":"","meta":{"site-sidebar-layout":"default","site-content-layout":"","ast-site-content-layout":"default","site-content-style":"default","site-sidebar-style":"default","ast-global-header-display":"","ast-banner-title-visibility":"","ast-main-header-display":"","ast-hfb-above-header-display":"","ast-hfb-below-header-display":"","ast-hfb-mobile-header-display":"","site-post-title":"","ast-breadcrumbs-content":"","ast-featured-img":"","footer-sml-layout":"","ast-disable-related-posts":"","theme-transparent-header-meta":"default","adv-header-id-meta":"","stick-header-meta":"","header-above-stick-meta":"","header-main-stick-meta":"","header-below-stick-meta":"","astra-migrate-meta-layouts":"set","ast-page-background-enabled":"default","ast-page-background-meta":{"desktop":{"background-color":"var(--ast-global-color-4)","background-image":"","background-repeat":"repeat","background-position":"center center","background-size":"auto","background-attachment":"scroll","background-type":"","background-media":"","overlay-type":"","overlay-color":"","overlay-opacity":"","overlay-gradient":""},"tablet":{"background-color":"","background-image":"","background-repeat":"repeat","background-position":"center center","background-size":"auto","background-attachment":"scroll","background-type":"","background-media":"","overlay-type":"","overlay-color":"","overlay-opacity":"","overlay-gradient":""},"mobile":{"background-color":"","background-image":"","background-repeat":"repeat","background-position":"center center","background-size":"auto","background-attachment":"scroll","background-type":"","background-media":"","overlay-type":"","overlay-color":"","overlay-opacity":"","overlay-gradient":""}},"ast-content-background-meta":{"desktop":{"background-color":"var(--ast-global-color-5)","background-image":"","background-repeat":"repeat","background-position":"center center","background-size":"auto","background-attachment":"scroll","background-type":"","background-media":"","overlay-type":"","overlay-color":"","overlay-opacity":"","overlay-gradient":""},"tablet":{"background-color":"var(--ast-global-color-5)","background-image":"","background-repeat":"repeat","background-position":"center center","background-size":"auto","background-attachment":"scroll","background-type":"","background-media":"","overlay-type":"","overlay-color":"","overlay-opacity":"","overlay-gradient":""},"mobile":{"background-color":"var(--ast-global-color-5)","background-image":"","background-repeat":"repeat","background-position":"center center","background-size":"auto","background-attachment":"scroll","background-type":"","background-media":"","overlay-type":"","overlay-color":"","overlay-opacity":"","overlay-gradient":""}},"_glsr_average":0,"_glsr_ranking":0,"_glsr_reviews":0},"product_brand":[],"product_cat":[54,139,78],"product_tag":[],"class_list":{"0":"post-2136","1":"product","2":"type-product","3":"status-publish","4":"has-post-thumbnail","6":"product_cat-8-mm","7":"product_cat-kyanite","8":"product_cat-vert","9":"desktop-align-left","10":"tablet-align-left","11":"mobile-align-left","13":"first","14":"outofstock","15":"purchasable","16":"product-type-simple"},"yoast_head":"<!-- This site is optimized with the Yoast SEO plugin v27.5 - https:\/\/yoast.com\/product\/yoast-seo-wordpress\/ -->\n<title>CYANITE ou Kyanite verte - Au fil des pierres<\/title>\n<meta name=\"robots\" content=\"index, follow, max-snippet:-1, max-image-preview:large, max-video-preview:-1\" \/>\n<link rel=\"canonical\" href=\"https:\/\/aufildespierres.com\/index.php\/product\/cyanite-ou-kyanite-verte\/\" \/>\n<meta property=\"og:locale\" content=\"fr_FR\" \/>\n<meta property=\"og:type\" content=\"article\" \/>\n<meta property=\"og:title\" content=\"CYANITE ou Kyanite verte - Au fil des pierres\" \/>\n<meta property=\"og:description\" content=\"Bracelet en Cyanite verte\u00a0 ( pierre assez rare ) en 8mm convient pour un poignet de 17 \u00e0 18 cm KYANITE ( ou Cyanite ) \u00ab\u00a0Apprendre de ses exp\u00e9riences pour \u00e9voluer \u00a0\u00bb Jolie pierre bleue avec des reflets nacr\u00e9s . Propri\u00e9t\u00e9s psychiques : Pierre de croissance qui soutient l&rsquo;expression personnelle pour mener \u00e0 bien des [&hellip;]\" \/>\n<meta property=\"og:url\" content=\"https:\/\/aufildespierres.com\/index.php\/product\/cyanite-ou-kyanite-verte\/\" \/>\n<meta property=\"og:site_name\" content=\"Au fil des pierres\" \/>\n<meta property=\"article:modified_time\" content=\"2024-10-27T14:44:07+00:00\" \/>\n<meta property=\"og:image\" content=\"https:\/\/aufildespierres.com\/wp-content\/uploads\/2024\/02\/20240219_132138-scaled.jpg\" \/>\n\t<meta property=\"og:image:width\" content=\"1920\" \/>\n\t<meta property=\"og:image:height\" content=\"2560\" \/>\n\t<meta property=\"og:image:type\" content=\"image\/jpeg\" \/>\n<meta name=\"twitter:card\" content=\"summary_large_image\" \/>\n<meta name=\"twitter:label1\" content=\"Dur\u00e9e de lecture estim\u00e9e\" \/>\n\t<meta name=\"twitter:data1\" content=\"1 minute\" \/>\n<script type=\"application\/ld+json\" class=\"yoast-schema-graph\">{\"@context\":\"https:\\\/\\\/schema.org\",\"@graph\":[{\"@type\":\"WebPage\",\"@id\":\"https:\\\/\\\/aufildespierres.com\\\/index.php\\\/product\\\/cyanite-ou-kyanite-verte\\\/\",\"url\":\"https:\\\/\\\/aufildespierres.com\\\/index.php\\\/product\\\/cyanite-ou-kyanite-verte\\\/\",\"name\":\"CYANITE ou Kyanite verte - Au fil des pierres\",\"isPartOf\":{\"@id\":\"https:\\\/\\\/aufildespierres.com\\\/#website\"},\"primaryImageOfPage\":{\"@id\":\"https:\\\/\\\/aufildespierres.com\\\/index.php\\\/product\\\/cyanite-ou-kyanite-verte\\\/#primaryimage\"},\"image\":{\"@id\":\"https:\\\/\\\/aufildespierres.com\\\/index.php\\\/product\\\/cyanite-ou-kyanite-verte\\\/#primaryimage\"},\"thumbnailUrl\":\"https:\\\/\\\/aufildespierres.com\\\/wp-content\\\/uploads\\\/2024\\\/02\\\/20240219_132138-scaled.jpg\",\"datePublished\":\"2024-02-19T14:18:02+00:00\",\"dateModified\":\"2024-10-27T14:44:07+00:00\",\"breadcrumb\":{\"@id\":\"https:\\\/\\\/aufildespierres.com\\\/index.php\\\/product\\\/cyanite-ou-kyanite-verte\\\/#breadcrumb\"},\"inLanguage\":\"fr-FR\",\"potentialAction\":[{\"@type\":\"ReadAction\",\"target\":[\"https:\\\/\\\/aufildespierres.com\\\/index.php\\\/product\\\/cyanite-ou-kyanite-verte\\\/\"]}]},{\"@type\":\"ImageObject\",\"inLanguage\":\"fr-FR\",\"@id\":\"https:\\\/\\\/aufildespierres.com\\\/index.php\\\/product\\\/cyanite-ou-kyanite-verte\\\/#primaryimage\",\"url\":\"https:\\\/\\\/aufildespierres.com\\\/wp-content\\\/uploads\\\/2024\\\/02\\\/20240219_132138-scaled.jpg\",\"contentUrl\":\"https:\\\/\\\/aufildespierres.com\\\/wp-content\\\/uploads\\\/2024\\\/02\\\/20240219_132138-scaled.jpg\",\"width\":1920,\"height\":2560},{\"@type\":\"BreadcrumbList\",\"@id\":\"https:\\\/\\\/aufildespierres.com\\\/index.php\\\/product\\\/cyanite-ou-kyanite-verte\\\/#breadcrumb\",\"itemListElement\":[{\"@type\":\"ListItem\",\"position\":1,\"name\":\"Accueil\",\"item\":\"https:\\\/\\\/aufildespierres.com\\\/\"},{\"@type\":\"ListItem\",\"position\":2,\"name\":\"Boutique de Lithoth\u00e9rapie\",\"item\":\"https:\\\/\\\/aufildespierres.com\\\/index.php\\\/boutique-de-lithotherapie\\\/\"},{\"@type\":\"ListItem\",\"position\":3,\"name\":\"CYANITE ou Kyanite verte\"}]},{\"@type\":\"WebSite\",\"@id\":\"https:\\\/\\\/aufildespierres.com\\\/#website\",\"url\":\"https:\\\/\\\/aufildespierres.com\\\/\",\"name\":\"Au fil des pierres\",\"description\":\"Au fil des pierres\",\"publisher\":{\"@id\":\"https:\\\/\\\/aufildespierres.com\\\/#organization\"},\"potentialAction\":[{\"@type\":\"SearchAction\",\"target\":{\"@type\":\"EntryPoint\",\"urlTemplate\":\"https:\\\/\\\/aufildespierres.com\\\/?s={search_term_string}\"},\"query-input\":{\"@type\":\"PropertyValueSpecification\",\"valueRequired\":true,\"valueName\":\"search_term_string\"}}],\"inLanguage\":\"fr-FR\"},{\"@type\":\"Organization\",\"@id\":\"https:\\\/\\\/aufildespierres.com\\\/#organization\",\"name\":\"Au fil des pierres\",\"url\":\"https:\\\/\\\/aufildespierres.com\\\/\",\"logo\":{\"@type\":\"ImageObject\",\"inLanguage\":\"fr-FR\",\"@id\":\"https:\\\/\\\/aufildespierres.com\\\/#\\\/schema\\\/logo\\\/image\\\/\",\"url\":\"https:\\\/\\\/aufildespierres.com\\\/wp-content\\\/uploads\\\/2023\\\/05\\\/cropped-Logo-PNG-Transparent.png\",\"contentUrl\":\"https:\\\/\\\/aufildespierres.com\\\/wp-content\\\/uploads\\\/2023\\\/05\\\/cropped-Logo-PNG-Transparent.png\",\"width\":1776,\"height\":1625,\"caption\":\"Au fil des pierres\"},\"image\":{\"@id\":\"https:\\\/\\\/aufildespierres.com\\\/#\\\/schema\\\/logo\\\/image\\\/\"}}]}<\/script>\n<!-- \/ Yoast SEO plugin. -->","yoast_head_json":{"title":"CYANITE ou Kyanite verte - Au fil des pierres","robots":{"index":"index","follow":"follow","max-snippet":"max-snippet:-1","max-image-preview":"max-image-preview:large","max-video-preview":"max-video-preview:-1"},"canonical":"https:\/\/aufildespierres.com\/index.php\/product\/cyanite-ou-kyanite-verte\/","og_locale":"fr_FR","og_type":"article","og_title":"CYANITE ou Kyanite verte - Au fil des pierres","og_description":"Bracelet en Cyanite verte\u00a0 ( pierre assez rare ) en 8mm convient pour un poignet de 17 \u00e0 18 cm KYANITE ( ou Cyanite ) \u00ab\u00a0Apprendre de ses exp\u00e9riences pour \u00e9voluer \u00a0\u00bb Jolie pierre bleue avec des reflets nacr\u00e9s . Propri\u00e9t\u00e9s psychiques : Pierre de croissance qui soutient l&rsquo;expression personnelle pour mener \u00e0 bien des [&hellip;]","og_url":"https:\/\/aufildespierres.com\/index.php\/product\/cyanite-ou-kyanite-verte\/","og_site_name":"Au fil des pierres","article_modified_time":"2024-10-27T14:44:07+00:00","og_image":[{"width":1920,"height":2560,"url":"https:\/\/aufildespierres.com\/wp-content\/uploads\/2024\/02\/20240219_132138-scaled.jpg","type":"image\/jpeg"}],"twitter_card":"summary_large_image","twitter_misc":{"Dur\u00e9e de lecture estim\u00e9e":"1 minute"},"schema":{"@context":"https:\/\/schema.org","@graph":[{"@type":"WebPage","@id":"https:\/\/aufildespierres.com\/index.php\/product\/cyanite-ou-kyanite-verte\/","url":"https:\/\/aufildespierres.com\/index.php\/product\/cyanite-ou-kyanite-verte\/","name":"CYANITE ou Kyanite verte - Au fil des pierres","isPartOf":{"@id":"https:\/\/aufildespierres.com\/#website"},"primaryImageOfPage":{"@id":"https:\/\/aufildespierres.com\/index.php\/product\/cyanite-ou-kyanite-verte\/#primaryimage"},"image":{"@id":"https:\/\/aufildespierres.com\/index.php\/product\/cyanite-ou-kyanite-verte\/#primaryimage"},"thumbnailUrl":"https:\/\/aufildespierres.com\/wp-content\/uploads\/2024\/02\/20240219_132138-scaled.jpg","datePublished":"2024-02-19T14:18:02+00:00","dateModified":"2024-10-27T14:44:07+00:00","breadcrumb":{"@id":"https:\/\/aufildespierres.com\/index.php\/product\/cyanite-ou-kyanite-verte\/#breadcrumb"},"inLanguage":"fr-FR","potentialAction":[{"@type":"ReadAction","target":["https:\/\/aufildespierres.com\/index.php\/product\/cyanite-ou-kyanite-verte\/"]}]},{"@type":"ImageObject","inLanguage":"fr-FR","@id":"https:\/\/aufildespierres.com\/index.php\/product\/cyanite-ou-kyanite-verte\/#primaryimage","url":"https:\/\/aufildespierres.com\/wp-content\/uploads\/2024\/02\/20240219_132138-scaled.jpg","contentUrl":"https:\/\/aufildespierres.com\/wp-content\/uploads\/2024\/02\/20240219_132138-scaled.jpg","width":1920,"height":2560},{"@type":"BreadcrumbList","@id":"https:\/\/aufildespierres.com\/index.php\/product\/cyanite-ou-kyanite-verte\/#breadcrumb","itemListElement":[{"@type":"ListItem","position":1,"name":"Accueil","item":"https:\/\/aufildespierres.com\/"},{"@type":"ListItem","position":2,"name":"Boutique de Lithoth\u00e9rapie","item":"https:\/\/aufildespierres.com\/index.php\/boutique-de-lithotherapie\/"},{"@type":"ListItem","position":3,"name":"CYANITE ou Kyanite verte"}]},{"@type":"WebSite","@id":"https:\/\/aufildespierres.com\/#website","url":"https:\/\/aufildespierres.com\/","name":"Au fil des pierres","description":"Au fil des pierres","publisher":{"@id":"https:\/\/aufildespierres.com\/#organization"},"potentialAction":[{"@type":"SearchAction","target":{"@type":"EntryPoint","urlTemplate":"https:\/\/aufildespierres.com\/?s={search_term_string}"},"query-input":{"@type":"PropertyValueSpecification","valueRequired":true,"valueName":"search_term_string"}}],"inLanguage":"fr-FR"},{"@type":"Organization","@id":"https:\/\/aufildespierres.com\/#organization","name":"Au fil des pierres","url":"https:\/\/aufildespierres.com\/","logo":{"@type":"ImageObject","inLanguage":"fr-FR","@id":"https:\/\/aufildespierres.com\/#\/schema\/logo\/image\/","url":"https:\/\/aufildespierres.com\/wp-content\/uploads\/2023\/05\/cropped-Logo-PNG-Transparent.png","contentUrl":"https:\/\/aufildespierres.com\/wp-content\/uploads\/2023\/05\/cropped-Logo-PNG-Transparent.png","width":1776,"height":1625,"caption":"Au fil des pierres"},"image":{"@id":"https:\/\/aufildespierres.com\/#\/schema\/logo\/image\/"}}]}},"_links":{"self":[{"href":"https:\/\/aufildespierres.com\/index.php\/wp-json\/wp\/v2\/product\/2136","targetHints":{"allow":["GET"]}}],"collection":[{"href":"https:\/\/aufildespierres.com\/index.php\/wp-json\/wp\/v2\/product"}],"about":[{"href":"https:\/\/aufildespierres.com\/index.php\/wp-json\/wp\/v2\/types\/product"}],"replies":[{"embeddable":true,"href":"https:\/\/aufildespierres.com\/index.php\/wp-json\/wp\/v2\/comments?post=2136"}],"wp:featuredmedia":[{"embeddable":true,"href":"https:\/\/aufildespierres.com\/index.php\/wp-json\/wp\/v2\/media\/2137"}],"wp:attachment":[{"href":"https:\/\/aufildespierres.com\/index.php\/wp-json\/wp\/v2\/media?parent=2136"}],"wp:term":[{"taxonomy":"product_brand","embeddable":true,"href":"https:\/\/aufildespierres.com\/index.php\/wp-json\/wp\/v2\/product_brand?post=2136"},{"taxonomy":"product_cat","embeddable":true,"href":"https:\/\/aufildespierres.com\/index.php\/wp-json\/wp\/v2\/product_cat?post=2136"},{"taxonomy":"product_tag","embeddable":true,"href":"https:\/\/aufildespierres.com\/index.php\/wp-json\/wp\/v2\/product_tag?post=2136"}],"curies":[{"name":"wp","href":"https:\/\/api.w.org\/{rel}","templated":true}]}}