{"id":2176,"date":"2024-02-28T08:43:43","date_gmt":"2024-02-28T07:43:43","guid":{"rendered":"https:\/\/aufildespierres.com\/?post_type=product&#038;p=2176"},"modified":"2026-04-28T22:10:11","modified_gmt":"2026-04-28T20:10:11","slug":"tortue-en-agate-du-mexique","status":"publish","type":"product","link":"https:\/\/aufildespierres.com\/index.php\/product\/tortue-en-agate-du-mexique\/","title":{"rendered":"Tortue en Agate du Mexique"},"content":{"rendered":"<h2 data-section-id=\"127q53s\" data-start=\"170\" data-end=\"240\">Tortue en Agate du Mexique Crazy Lace<\/h2>\n<h2 data-section-id=\"127q53s\" data-start=\"170\" data-end=\"240\">\u00a0pierre de joie et d\u2019\u00e9nergie<\/h2>\n<p data-start=\"242\" data-end=\"656\">La <strong data-start=\"245\" data-end=\"286\">tortue en Agate du Mexique Crazy Lace<\/strong> repr\u00e9sente une pierre naturelle reconnue pour son \u00e9nergie positive et stimulante. En effet, on la surnomme souvent pierre du rire, car elle apporte joie, l\u00e9g\u00e8ret\u00e9 et bonne humeur au quotidien. Ainsi, elle aide \u00e0 adopter une attitude plus sereine face aux d\u00e9fis. Si vous traversez une p\u00e9riode de doute ou de baisse de moral, cette pierre peut naturellement vous attirer.<\/p>\n<p data-start=\"658\" data-end=\"935\">Originaire du Mexique, cette agate aux motifs uniques diffuse une \u00e9nergie dynamique et chaleureuse. Elle soutient activement l\u2019optimisme et renforce la confiance en soi. De ce fait, elle vous aide \u00e0 avancer avec plus de d\u00e9termination et \u00e0 concr\u00e9tiser vos projets avec s\u00e9r\u00e9nit\u00e9.<\/p>\n<p data-start=\"937\" data-end=\"1278\">Par ailleurs, la <strong data-start=\"954\" data-end=\"995\">tortue en Agate du Mexique Crazy Lace<\/strong> favorise des relations sociales plus harmonieuses. Elle apaise les peurs, les phobies et la tristesse. En compl\u00e9ment, elle encourage la bienveillance et vous aide \u00e0 rel\u00e2cher les ranc\u0153urs. Gr\u00e2ce \u00e0 son \u00e9nergie douce, vous retrouvez progressivement un \u00e9quilibre \u00e9motionnel plus stable.<\/p>\n<p data-start=\"1280\" data-end=\"1497\">Cette pierre accompagne \u00e9galement les phases de reconstruction personnelle. Elle d\u00e9veloppe la r\u00e9silience et soutient le pardon envers soi-m\u00eame. Ainsi, elle favorise un \u00e9panouissement personnel plus profond et durable.<\/p>\n<p data-start=\"1499\" data-end=\"1830\">Sur le plan physique, elle stimule l\u2019\u00e9nergie du corps et soutient la vitalit\u00e9. Notamment, les sportifs appr\u00e9cient son effet dynamisant. De plus, elle am\u00e9liore la circulation des fluides corporels et peut apaiser certaines inflammations articulaires. Enfin, elle est traditionnellement utilis\u00e9e pour att\u00e9nuer les piq\u00fbres d\u2019insectes.<\/p>\n<p data-start=\"1832\" data-end=\"2083\">Avec ses dimensions d\u2019environ 6 cm de longueur, 3,5 cm de largeur et 3 cm de hauteur, cette tortue de 84 grammes pr\u00e9sente une forme g\u00e9n\u00e9reuse et rassurante. Symbole de stabilit\u00e9 et de long\u00e9vit\u00e9, elle diffuse une \u00e9nergie apaisante dans votre quotidien.<\/p>\n","protected":false},"excerpt":{"rendered":"<p>Tortue en Agate du Mexique Crazy Lace \u00a0pierre de joie et d\u2019\u00e9nergie La tortue en Agate du Mexique Crazy Lace repr\u00e9sente une pierre naturelle reconnue pour son \u00e9nergie positive et stimulante. En effet, on la surnomme souvent pierre du rire, car elle apporte joie, l\u00e9g\u00e8ret\u00e9 et bonne humeur au quotidien. Ainsi, elle aide \u00e0 adopter [&hellip;]<\/p>\n","protected":false},"featured_media":2177,"comment_status":"open","ping_status":"closed","template":"","meta":{"site-sidebar-layout":"default","site-content-layout":"","ast-site-content-layout":"default","site-content-style":"default","site-sidebar-style":"default","ast-global-header-display":"","ast-banner-title-visibility":"","ast-main-header-display":"","ast-hfb-above-header-display":"","ast-hfb-below-header-display":"","ast-hfb-mobile-header-display":"","site-post-title":"","ast-breadcrumbs-content":"","ast-featured-img":"","footer-sml-layout":"","ast-disable-related-posts":"","theme-transparent-header-meta":"default","adv-header-id-meta":"","stick-header-meta":"","header-above-stick-meta":"","header-main-stick-meta":"","header-below-stick-meta":"","astra-migrate-meta-layouts":"set","ast-page-background-enabled":"default","ast-page-background-meta":{"desktop":{"background-color":"var(--ast-global-color-4)","background-image":"","background-repeat":"repeat","background-position":"center center","background-size":"auto","background-attachment":"scroll","background-type":"","background-media":"","overlay-type":"","overlay-color":"","overlay-opacity":"","overlay-gradient":""},"tablet":{"background-color":"","background-image":"","background-repeat":"repeat","background-position":"center center","background-size":"auto","background-attachment":"scroll","background-type":"","background-media":"","overlay-type":"","overlay-color":"","overlay-opacity":"","overlay-gradient":""},"mobile":{"background-color":"","background-image":"","background-repeat":"repeat","background-position":"center center","background-size":"auto","background-attachment":"scroll","background-type":"","background-media":"","overlay-type":"","overlay-color":"","overlay-opacity":"","overlay-gradient":""}},"ast-content-background-meta":{"desktop":{"background-color":"var(--ast-global-color-5)","background-image":"","background-repeat":"repeat","background-position":"center center","background-size":"auto","background-attachment":"scroll","background-type":"","background-media":"","overlay-type":"","overlay-color":"","overlay-opacity":"","overlay-gradient":""},"tablet":{"background-color":"var(--ast-global-color-5)","background-image":"","background-repeat":"repeat","background-position":"center center","background-size":"auto","background-attachment":"scroll","background-type":"","background-media":"","overlay-type":"","overlay-color":"","overlay-opacity":"","overlay-gradient":""},"mobile":{"background-color":"var(--ast-global-color-5)","background-image":"","background-repeat":"repeat","background-position":"center center","background-size":"auto","background-attachment":"scroll","background-type":"","background-media":"","overlay-type":"","overlay-color":"","overlay-opacity":"","overlay-gradient":""}},"_glsr_average":0,"_glsr_ranking":0,"_glsr_reviews":0},"product_brand":[],"product_cat":[117,136,239,200],"product_tag":[],"class_list":{"0":"post-2176","1":"product","2":"type-product","3":"status-publish","4":"has-post-thumbnail","6":"product_cat-agate-crazy-lace","7":"product_cat-beige","8":"product_cat-figurines-et-animaux","9":"product_cat-sculptees","10":"desktop-align-left","11":"tablet-align-left","12":"mobile-align-left","14":"first","15":"instock","16":"purchasable","17":"product-type-simple"},"yoast_head":"<!-- This site is optimized with the Yoast SEO plugin v27.5 - https:\/\/yoast.com\/product\/yoast-seo-wordpress\/ -->\n<title>Tortue en Agate du Mexique - Au fil des pierres<\/title>\n<meta name=\"description\" content=\"Tortue en Agate du Mexique Crazy Lace : pierre de joie, confiance et \u00e9nergie. Favorise l\u2019optimisme et apaise les \u00e9motions.\" \/>\n<meta name=\"robots\" content=\"index, follow, max-snippet:-1, max-image-preview:large, max-video-preview:-1\" \/>\n<link rel=\"canonical\" href=\"https:\/\/aufildespierres.com\/index.php\/product\/tortue-en-agate-du-mexique\/\" \/>\n<meta property=\"og:locale\" content=\"fr_FR\" \/>\n<meta property=\"og:type\" content=\"article\" \/>\n<meta property=\"og:title\" content=\"Tortue en Agate du Mexique - Au fil des pierres\" \/>\n<meta property=\"og:description\" content=\"Tortue en Agate du Mexique Crazy Lace : pierre de joie, confiance et \u00e9nergie. Favorise l\u2019optimisme et apaise les \u00e9motions.\" \/>\n<meta property=\"og:url\" content=\"https:\/\/aufildespierres.com\/index.php\/product\/tortue-en-agate-du-mexique\/\" \/>\n<meta property=\"og:site_name\" content=\"Au fil des pierres\" \/>\n<meta property=\"article:modified_time\" content=\"2026-04-28T20:10:11+00:00\" \/>\n<meta property=\"og:image\" content=\"https:\/\/aufildespierres.com\/wp-content\/uploads\/2024\/02\/20240228_082338-scaled.jpg\" \/>\n\t<meta property=\"og:image:width\" content=\"2560\" \/>\n\t<meta property=\"og:image:height\" content=\"2286\" \/>\n\t<meta property=\"og:image:type\" content=\"image\/jpeg\" \/>\n<meta name=\"twitter:card\" content=\"summary_large_image\" \/>\n<meta name=\"twitter:label1\" content=\"Dur\u00e9e de lecture estim\u00e9e\" \/>\n\t<meta name=\"twitter:data1\" content=\"2 minutes\" \/>\n<script type=\"application\/ld+json\" class=\"yoast-schema-graph\">{\"@context\":\"https:\\\/\\\/schema.org\",\"@graph\":[{\"@type\":\"WebPage\",\"@id\":\"https:\\\/\\\/aufildespierres.com\\\/index.php\\\/product\\\/tortue-en-agate-du-mexique\\\/\",\"url\":\"https:\\\/\\\/aufildespierres.com\\\/index.php\\\/product\\\/tortue-en-agate-du-mexique\\\/\",\"name\":\"Tortue en Agate du Mexique - Au fil des pierres\",\"isPartOf\":{\"@id\":\"https:\\\/\\\/aufildespierres.com\\\/#website\"},\"primaryImageOfPage\":{\"@id\":\"https:\\\/\\\/aufildespierres.com\\\/index.php\\\/product\\\/tortue-en-agate-du-mexique\\\/#primaryimage\"},\"image\":{\"@id\":\"https:\\\/\\\/aufildespierres.com\\\/index.php\\\/product\\\/tortue-en-agate-du-mexique\\\/#primaryimage\"},\"thumbnailUrl\":\"https:\\\/\\\/aufildespierres.com\\\/wp-content\\\/uploads\\\/2024\\\/02\\\/20240228_082338-scaled.jpg\",\"datePublished\":\"2024-02-28T07:43:43+00:00\",\"dateModified\":\"2026-04-28T20:10:11+00:00\",\"description\":\"Tortue en Agate du Mexique Crazy Lace : pierre de joie, confiance et \u00e9nergie. Favorise l\u2019optimisme et apaise les \u00e9motions.\",\"breadcrumb\":{\"@id\":\"https:\\\/\\\/aufildespierres.com\\\/index.php\\\/product\\\/tortue-en-agate-du-mexique\\\/#breadcrumb\"},\"inLanguage\":\"fr-FR\",\"potentialAction\":[{\"@type\":\"ReadAction\",\"target\":[\"https:\\\/\\\/aufildespierres.com\\\/index.php\\\/product\\\/tortue-en-agate-du-mexique\\\/\"]}]},{\"@type\":\"ImageObject\",\"inLanguage\":\"fr-FR\",\"@id\":\"https:\\\/\\\/aufildespierres.com\\\/index.php\\\/product\\\/tortue-en-agate-du-mexique\\\/#primaryimage\",\"url\":\"https:\\\/\\\/aufildespierres.com\\\/wp-content\\\/uploads\\\/2024\\\/02\\\/20240228_082338-scaled.jpg\",\"contentUrl\":\"https:\\\/\\\/aufildespierres.com\\\/wp-content\\\/uploads\\\/2024\\\/02\\\/20240228_082338-scaled.jpg\",\"width\":2560,\"height\":2286},{\"@type\":\"BreadcrumbList\",\"@id\":\"https:\\\/\\\/aufildespierres.com\\\/index.php\\\/product\\\/tortue-en-agate-du-mexique\\\/#breadcrumb\",\"itemListElement\":[{\"@type\":\"ListItem\",\"position\":1,\"name\":\"Accueil\",\"item\":\"https:\\\/\\\/aufildespierres.com\\\/\"},{\"@type\":\"ListItem\",\"position\":2,\"name\":\"Boutique de Lithoth\u00e9rapie\",\"item\":\"https:\\\/\\\/aufildespierres.com\\\/index.php\\\/boutique-de-lithotherapie\\\/\"},{\"@type\":\"ListItem\",\"position\":3,\"name\":\"Tortue en Agate du Mexique\"}]},{\"@type\":\"WebSite\",\"@id\":\"https:\\\/\\\/aufildespierres.com\\\/#website\",\"url\":\"https:\\\/\\\/aufildespierres.com\\\/\",\"name\":\"Au fil des pierres\",\"description\":\"Au fil des pierres\",\"publisher\":{\"@id\":\"https:\\\/\\\/aufildespierres.com\\\/#organization\"},\"potentialAction\":[{\"@type\":\"SearchAction\",\"target\":{\"@type\":\"EntryPoint\",\"urlTemplate\":\"https:\\\/\\\/aufildespierres.com\\\/?s={search_term_string}\"},\"query-input\":{\"@type\":\"PropertyValueSpecification\",\"valueRequired\":true,\"valueName\":\"search_term_string\"}}],\"inLanguage\":\"fr-FR\"},{\"@type\":\"Organization\",\"@id\":\"https:\\\/\\\/aufildespierres.com\\\/#organization\",\"name\":\"Au fil des pierres\",\"url\":\"https:\\\/\\\/aufildespierres.com\\\/\",\"logo\":{\"@type\":\"ImageObject\",\"inLanguage\":\"fr-FR\",\"@id\":\"https:\\\/\\\/aufildespierres.com\\\/#\\\/schema\\\/logo\\\/image\\\/\",\"url\":\"https:\\\/\\\/aufildespierres.com\\\/wp-content\\\/uploads\\\/2023\\\/05\\\/cropped-Logo-PNG-Transparent.png\",\"contentUrl\":\"https:\\\/\\\/aufildespierres.com\\\/wp-content\\\/uploads\\\/2023\\\/05\\\/cropped-Logo-PNG-Transparent.png\",\"width\":1776,\"height\":1625,\"caption\":\"Au fil des pierres\"},\"image\":{\"@id\":\"https:\\\/\\\/aufildespierres.com\\\/#\\\/schema\\\/logo\\\/image\\\/\"}}]}<\/script>\n<!-- \/ Yoast SEO plugin. -->","yoast_head_json":{"title":"Tortue en Agate du Mexique - Au fil des pierres","description":"Tortue en Agate du Mexique Crazy Lace : pierre de joie, confiance et \u00e9nergie. Favorise l\u2019optimisme et apaise les \u00e9motions.","robots":{"index":"index","follow":"follow","max-snippet":"max-snippet:-1","max-image-preview":"max-image-preview:large","max-video-preview":"max-video-preview:-1"},"canonical":"https:\/\/aufildespierres.com\/index.php\/product\/tortue-en-agate-du-mexique\/","og_locale":"fr_FR","og_type":"article","og_title":"Tortue en Agate du Mexique - Au fil des pierres","og_description":"Tortue en Agate du Mexique Crazy Lace : pierre de joie, confiance et \u00e9nergie. Favorise l\u2019optimisme et apaise les \u00e9motions.","og_url":"https:\/\/aufildespierres.com\/index.php\/product\/tortue-en-agate-du-mexique\/","og_site_name":"Au fil des pierres","article_modified_time":"2026-04-28T20:10:11+00:00","og_image":[{"width":2560,"height":2286,"url":"https:\/\/aufildespierres.com\/wp-content\/uploads\/2024\/02\/20240228_082338-scaled.jpg","type":"image\/jpeg"}],"twitter_card":"summary_large_image","twitter_misc":{"Dur\u00e9e de lecture estim\u00e9e":"2 minutes"},"schema":{"@context":"https:\/\/schema.org","@graph":[{"@type":"WebPage","@id":"https:\/\/aufildespierres.com\/index.php\/product\/tortue-en-agate-du-mexique\/","url":"https:\/\/aufildespierres.com\/index.php\/product\/tortue-en-agate-du-mexique\/","name":"Tortue en Agate du Mexique - Au fil des pierres","isPartOf":{"@id":"https:\/\/aufildespierres.com\/#website"},"primaryImageOfPage":{"@id":"https:\/\/aufildespierres.com\/index.php\/product\/tortue-en-agate-du-mexique\/#primaryimage"},"image":{"@id":"https:\/\/aufildespierres.com\/index.php\/product\/tortue-en-agate-du-mexique\/#primaryimage"},"thumbnailUrl":"https:\/\/aufildespierres.com\/wp-content\/uploads\/2024\/02\/20240228_082338-scaled.jpg","datePublished":"2024-02-28T07:43:43+00:00","dateModified":"2026-04-28T20:10:11+00:00","description":"Tortue en Agate du Mexique Crazy Lace : pierre de joie, confiance et \u00e9nergie. Favorise l\u2019optimisme et apaise les \u00e9motions.","breadcrumb":{"@id":"https:\/\/aufildespierres.com\/index.php\/product\/tortue-en-agate-du-mexique\/#breadcrumb"},"inLanguage":"fr-FR","potentialAction":[{"@type":"ReadAction","target":["https:\/\/aufildespierres.com\/index.php\/product\/tortue-en-agate-du-mexique\/"]}]},{"@type":"ImageObject","inLanguage":"fr-FR","@id":"https:\/\/aufildespierres.com\/index.php\/product\/tortue-en-agate-du-mexique\/#primaryimage","url":"https:\/\/aufildespierres.com\/wp-content\/uploads\/2024\/02\/20240228_082338-scaled.jpg","contentUrl":"https:\/\/aufildespierres.com\/wp-content\/uploads\/2024\/02\/20240228_082338-scaled.jpg","width":2560,"height":2286},{"@type":"BreadcrumbList","@id":"https:\/\/aufildespierres.com\/index.php\/product\/tortue-en-agate-du-mexique\/#breadcrumb","itemListElement":[{"@type":"ListItem","position":1,"name":"Accueil","item":"https:\/\/aufildespierres.com\/"},{"@type":"ListItem","position":2,"name":"Boutique de Lithoth\u00e9rapie","item":"https:\/\/aufildespierres.com\/index.php\/boutique-de-lithotherapie\/"},{"@type":"ListItem","position":3,"name":"Tortue en Agate du Mexique"}]},{"@type":"WebSite","@id":"https:\/\/aufildespierres.com\/#website","url":"https:\/\/aufildespierres.com\/","name":"Au fil des pierres","description":"Au fil des pierres","publisher":{"@id":"https:\/\/aufildespierres.com\/#organization"},"potentialAction":[{"@type":"SearchAction","target":{"@type":"EntryPoint","urlTemplate":"https:\/\/aufildespierres.com\/?s={search_term_string}"},"query-input":{"@type":"PropertyValueSpecification","valueRequired":true,"valueName":"search_term_string"}}],"inLanguage":"fr-FR"},{"@type":"Organization","@id":"https:\/\/aufildespierres.com\/#organization","name":"Au fil des pierres","url":"https:\/\/aufildespierres.com\/","logo":{"@type":"ImageObject","inLanguage":"fr-FR","@id":"https:\/\/aufildespierres.com\/#\/schema\/logo\/image\/","url":"https:\/\/aufildespierres.com\/wp-content\/uploads\/2023\/05\/cropped-Logo-PNG-Transparent.png","contentUrl":"https:\/\/aufildespierres.com\/wp-content\/uploads\/2023\/05\/cropped-Logo-PNG-Transparent.png","width":1776,"height":1625,"caption":"Au fil des pierres"},"image":{"@id":"https:\/\/aufildespierres.com\/#\/schema\/logo\/image\/"}}]}},"_links":{"self":[{"href":"https:\/\/aufildespierres.com\/index.php\/wp-json\/wp\/v2\/product\/2176","targetHints":{"allow":["GET"]}}],"collection":[{"href":"https:\/\/aufildespierres.com\/index.php\/wp-json\/wp\/v2\/product"}],"about":[{"href":"https:\/\/aufildespierres.com\/index.php\/wp-json\/wp\/v2\/types\/product"}],"replies":[{"embeddable":true,"href":"https:\/\/aufildespierres.com\/index.php\/wp-json\/wp\/v2\/comments?post=2176"}],"wp:featuredmedia":[{"embeddable":true,"href":"https:\/\/aufildespierres.com\/index.php\/wp-json\/wp\/v2\/media\/2177"}],"wp:attachment":[{"href":"https:\/\/aufildespierres.com\/index.php\/wp-json\/wp\/v2\/media?parent=2176"}],"wp:term":[{"taxonomy":"product_brand","embeddable":true,"href":"https:\/\/aufildespierres.com\/index.php\/wp-json\/wp\/v2\/product_brand?post=2176"},{"taxonomy":"product_cat","embeddable":true,"href":"https:\/\/aufildespierres.com\/index.php\/wp-json\/wp\/v2\/product_cat?post=2176"},{"taxonomy":"product_tag","embeddable":true,"href":"https:\/\/aufildespierres.com\/index.php\/wp-json\/wp\/v2\/product_tag?post=2176"}],"curies":[{"name":"wp","href":"https:\/\/api.w.org\/{rel}","templated":true}]}}