{"id":2179,"date":"2024-02-28T08:50:32","date_gmt":"2024-02-28T07:50:32","guid":{"rendered":"https:\/\/aufildespierres.com\/?post_type=product&#038;p=2179"},"modified":"2026-04-28T22:29:13","modified_gmt":"2026-04-28T20:29:13","slug":"tortue-en-oeil-de-tigre","status":"publish","type":"product","link":"https:\/\/aufildespierres.com\/index.php\/product\/tortue-en-oeil-de-tigre\/","title":{"rendered":"Tortue en \u0152il de tigre"},"content":{"rendered":"<h2 data-section-id=\"14b26ei\" data-start=\"298\" data-end=\"356\">Tortue en \u0152il de tigre<\/h2>\n<h2 data-section-id=\"14b26ei\" data-start=\"298\" data-end=\"356\">\u00a0protection et confiance en soi<\/h2>\n<p data-start=\"358\" data-end=\"573\">Cette Tortue en \u0152il de tigre p\u00e8se 76 grammes et mesure environ 3,5 cm sur 3,5 cm pour 5,5 cm de hauteur. Elle offre une pr\u00e9sence compacte et rassurante, id\u00e9ale \u00e0 placer dans un espace de vie ou \u00e0 garder pr\u00e8s de soi.<\/p>\n<p data-start=\"575\" data-end=\"994\">La <strong>Tortue en \u0152il de tigre<\/strong> est une pierre naturelle reconnue pour son pouvoir de protection et son \u00e9nergie stabilisante. En effet, elle agit comme un v\u00e9ritable bouclier face aux \u00e9nergies n\u00e9gatives et au mauvais \u0153il. Ainsi, elle renvoie les influences ext\u00e9rieures \u00e0 leur source au lieu de vous en impr\u00e9gner. Si vous vous sentez facilement impact\u00e9 par votre environnement, cette pierre peut naturellement vous attirer.<\/p>\n<p data-start=\"996\" data-end=\"1306\">Issu de formations riches en silice, l\u2019\u0152il de tigre diffuse une \u00e9nergie \u00e0 la fois ancrante et dynamique. Il soutient la confiance en soi et renforce le courage. De plus, il aide \u00e0 d\u00e9passer les peurs, les blocages et les doutes. Gr\u00e2ce \u00e0 cela, il favorise des d\u00e9cisions plus claires et align\u00e9es avec vos valeurs.<\/p>\n<p data-start=\"1308\" data-end=\"1644\">Par ailleurs, la <strong>Tortue en \u0152il de tigre<\/strong> permet de rester soi-m\u00eame, notamment lorsque l\u2019on est tr\u00e8s empathique. Elle r\u00e9gule les \u00e9motions et apaise le mental. En compl\u00e9ment, elle stimule la pers\u00e9v\u00e9rance et encourage \u00e0 aller au bout de ses projets. Elle aide \u00e9galement \u00e0 reconna\u00eetre ses qualit\u00e9s et \u00e0 adopter une vision plus optimiste.<\/p>\n<p data-start=\"1646\" data-end=\"1924\">Cette pierre accompagne aussi un travail int\u00e9rieur plus profond. Elle invite \u00e0 se remettre en question lorsque cela est n\u00e9cessaire. Ainsi, elle soutient une \u00e9volution bas\u00e9e sur la lucidit\u00e9 et l\u2019\u00e9quilibre. Elle harmonise les \u00e9nergies yin et yang, favorisant un alignement global.<\/p>\n<p data-start=\"1926\" data-end=\"2252\">Sur le plan physique, elle soutient la vitalit\u00e9 et aide \u00e0 r\u00e9cup\u00e9rer apr\u00e8s une fatigue ou une p\u00e9riode difficile. Elle favorise la mobilit\u00e9, notamment au niveau des articulations. De plus, elle peut apaiser les maux de t\u00eate et soutenir la digestion li\u00e9e au stress. Enfin, elle participe \u00e0 un meilleur \u00e9quilibre g\u00e9n\u00e9ral du corps.<\/p>\n<blockquote data-start=\"2278\" data-end=\"2509\">\n<p data-start=\"2280\" data-end=\"2509\">Si cette tortue en \u0152il de tigre vous attire, c\u2019est peut-\u00eatre qu\u2019elle r\u00e9sonne d\u00e9j\u00e0 avec un besoin de protection et d\u2019affirmation dans votre vie.<br data-start=\"2423\" data-end=\"2426\" \/>Comme la tortue, elle vous invite \u00e0 avancer avec stabilit\u00e9, confiance et ancrage.<\/p>\n<\/blockquote>\n","protected":false},"excerpt":{"rendered":"<p>Tortue en \u0152il de tigre \u00a0protection et confiance en soi Cette Tortue en \u0152il de tigre p\u00e8se 76 grammes et mesure environ 3,5 cm sur 3,5 cm pour 5,5 cm de hauteur. Elle offre une pr\u00e9sence compacte et rassurante, id\u00e9ale \u00e0 placer dans un espace de vie ou \u00e0 garder pr\u00e8s de soi. La Tortue [&hellip;]<\/p>\n","protected":false},"featured_media":2240,"comment_status":"open","ping_status":"closed","template":"","meta":{"site-sidebar-layout":"default","site-content-layout":"","ast-site-content-layout":"default","site-content-style":"default","site-sidebar-style":"default","ast-global-header-display":"","ast-banner-title-visibility":"","ast-main-header-display":"","ast-hfb-above-header-display":"","ast-hfb-below-header-display":"","ast-hfb-mobile-header-display":"","site-post-title":"","ast-breadcrumbs-content":"","ast-featured-img":"","footer-sml-layout":"","ast-disable-related-posts":"","theme-transparent-header-meta":"default","adv-header-id-meta":"","stick-header-meta":"","header-above-stick-meta":"","header-main-stick-meta":"","header-below-stick-meta":"","astra-migrate-meta-layouts":"set","ast-page-background-enabled":"default","ast-page-background-meta":{"desktop":{"background-color":"var(--ast-global-color-4)","background-image":"","background-repeat":"repeat","background-position":"center center","background-size":"auto","background-attachment":"scroll","background-type":"","background-media":"","overlay-type":"","overlay-color":"","overlay-opacity":"","overlay-gradient":""},"tablet":{"background-color":"","background-image":"","background-repeat":"repeat","background-position":"center center","background-size":"auto","background-attachment":"scroll","background-type":"","background-media":"","overlay-type":"","overlay-color":"","overlay-opacity":"","overlay-gradient":""},"mobile":{"background-color":"","background-image":"","background-repeat":"repeat","background-position":"center center","background-size":"auto","background-attachment":"scroll","background-type":"","background-media":"","overlay-type":"","overlay-color":"","overlay-opacity":"","overlay-gradient":""}},"ast-content-background-meta":{"desktop":{"background-color":"var(--ast-global-color-5)","background-image":"","background-repeat":"repeat","background-position":"center center","background-size":"auto","background-attachment":"scroll","background-type":"","background-media":"","overlay-type":"","overlay-color":"","overlay-opacity":"","overlay-gradient":""},"tablet":{"background-color":"var(--ast-global-color-5)","background-image":"","background-repeat":"repeat","background-position":"center center","background-size":"auto","background-attachment":"scroll","background-type":"","background-media":"","overlay-type":"","overlay-color":"","overlay-opacity":"","overlay-gradient":""},"mobile":{"background-color":"var(--ast-global-color-5)","background-image":"","background-repeat":"repeat","background-position":"center center","background-size":"auto","background-attachment":"scroll","background-type":"","background-media":"","overlay-type":"","overlay-color":"","overlay-opacity":"","overlay-gradient":""}},"_glsr_average":0,"_glsr_ranking":0,"_glsr_reviews":0},"product_brand":[],"product_cat":[239,103,37,200],"product_tag":[],"class_list":{"0":"post-2179","1":"product","2":"type-product","3":"status-publish","4":"has-post-thumbnail","6":"product_cat-figurines-et-animaux","7":"product_cat-marron","8":"product_cat-oeil-de-tigre","9":"product_cat-sculptees","10":"desktop-align-left","11":"tablet-align-left","12":"mobile-align-left","14":"first","15":"instock","16":"purchasable","17":"product-type-simple"},"yoast_head":"<!-- This site is optimized with the Yoast SEO plugin v27.5 - https:\/\/yoast.com\/product\/yoast-seo-wordpress\/ -->\n<title>Tortue en \u0152il de tigre - Au fil des pierres<\/title>\n<meta name=\"description\" content=\"Tortue en \u0152il de Tigre : pierre de protection et confiance. Repousse les \u00e9nergies n\u00e9gatives et favorise ancrage et \u00e9quilibre.\" \/>\n<meta name=\"robots\" content=\"index, follow, max-snippet:-1, max-image-preview:large, max-video-preview:-1\" \/>\n<link rel=\"canonical\" href=\"https:\/\/aufildespierres.com\/index.php\/product\/tortue-en-oeil-de-tigre\/\" \/>\n<meta property=\"og:locale\" content=\"fr_FR\" \/>\n<meta property=\"og:type\" content=\"article\" \/>\n<meta property=\"og:title\" content=\"Tortue en \u0152il de tigre - Au fil des pierres\" \/>\n<meta property=\"og:description\" content=\"Tortue en \u0152il de Tigre : pierre de protection et confiance. Repousse les \u00e9nergies n\u00e9gatives et favorise ancrage et \u00e9quilibre.\" \/>\n<meta property=\"og:url\" content=\"https:\/\/aufildespierres.com\/index.php\/product\/tortue-en-oeil-de-tigre\/\" \/>\n<meta property=\"og:site_name\" content=\"Au fil des pierres\" \/>\n<meta property=\"article:modified_time\" content=\"2026-04-28T20:29:13+00:00\" \/>\n<meta property=\"og:image\" content=\"https:\/\/aufildespierres.com\/wp-content\/uploads\/2024\/02\/20240318_134831-scaled.jpg\" \/>\n\t<meta property=\"og:image:width\" content=\"2551\" \/>\n\t<meta property=\"og:image:height\" content=\"2560\" \/>\n\t<meta property=\"og:image:type\" content=\"image\/jpeg\" \/>\n<meta name=\"twitter:card\" content=\"summary_large_image\" \/>\n<meta name=\"twitter:label1\" content=\"Dur\u00e9e de lecture estim\u00e9e\" \/>\n\t<meta name=\"twitter:data1\" content=\"2 minutes\" \/>\n<script type=\"application\/ld+json\" class=\"yoast-schema-graph\">{\"@context\":\"https:\\\/\\\/schema.org\",\"@graph\":[{\"@type\":\"WebPage\",\"@id\":\"https:\\\/\\\/aufildespierres.com\\\/index.php\\\/product\\\/tortue-en-oeil-de-tigre\\\/\",\"url\":\"https:\\\/\\\/aufildespierres.com\\\/index.php\\\/product\\\/tortue-en-oeil-de-tigre\\\/\",\"name\":\"Tortue en \u0152il de tigre - Au fil des pierres\",\"isPartOf\":{\"@id\":\"https:\\\/\\\/aufildespierres.com\\\/#website\"},\"primaryImageOfPage\":{\"@id\":\"https:\\\/\\\/aufildespierres.com\\\/index.php\\\/product\\\/tortue-en-oeil-de-tigre\\\/#primaryimage\"},\"image\":{\"@id\":\"https:\\\/\\\/aufildespierres.com\\\/index.php\\\/product\\\/tortue-en-oeil-de-tigre\\\/#primaryimage\"},\"thumbnailUrl\":\"https:\\\/\\\/aufildespierres.com\\\/wp-content\\\/uploads\\\/2024\\\/02\\\/20240318_134831-scaled.jpg\",\"datePublished\":\"2024-02-28T07:50:32+00:00\",\"dateModified\":\"2026-04-28T20:29:13+00:00\",\"description\":\"Tortue en \u0152il de Tigre : pierre de protection et confiance. Repousse les \u00e9nergies n\u00e9gatives et favorise ancrage et \u00e9quilibre.\",\"breadcrumb\":{\"@id\":\"https:\\\/\\\/aufildespierres.com\\\/index.php\\\/product\\\/tortue-en-oeil-de-tigre\\\/#breadcrumb\"},\"inLanguage\":\"fr-FR\",\"potentialAction\":[{\"@type\":\"ReadAction\",\"target\":[\"https:\\\/\\\/aufildespierres.com\\\/index.php\\\/product\\\/tortue-en-oeil-de-tigre\\\/\"]}]},{\"@type\":\"ImageObject\",\"inLanguage\":\"fr-FR\",\"@id\":\"https:\\\/\\\/aufildespierres.com\\\/index.php\\\/product\\\/tortue-en-oeil-de-tigre\\\/#primaryimage\",\"url\":\"https:\\\/\\\/aufildespierres.com\\\/wp-content\\\/uploads\\\/2024\\\/02\\\/20240318_134831-scaled.jpg\",\"contentUrl\":\"https:\\\/\\\/aufildespierres.com\\\/wp-content\\\/uploads\\\/2024\\\/02\\\/20240318_134831-scaled.jpg\",\"width\":2551,\"height\":2560},{\"@type\":\"BreadcrumbList\",\"@id\":\"https:\\\/\\\/aufildespierres.com\\\/index.php\\\/product\\\/tortue-en-oeil-de-tigre\\\/#breadcrumb\",\"itemListElement\":[{\"@type\":\"ListItem\",\"position\":1,\"name\":\"Accueil\",\"item\":\"https:\\\/\\\/aufildespierres.com\\\/\"},{\"@type\":\"ListItem\",\"position\":2,\"name\":\"Boutique de Lithoth\u00e9rapie\",\"item\":\"https:\\\/\\\/aufildespierres.com\\\/index.php\\\/boutique-de-lithotherapie\\\/\"},{\"@type\":\"ListItem\",\"position\":3,\"name\":\"Tortue en \u0152il de tigre\"}]},{\"@type\":\"WebSite\",\"@id\":\"https:\\\/\\\/aufildespierres.com\\\/#website\",\"url\":\"https:\\\/\\\/aufildespierres.com\\\/\",\"name\":\"Au fil des pierres\",\"description\":\"Au fil des pierres\",\"publisher\":{\"@id\":\"https:\\\/\\\/aufildespierres.com\\\/#organization\"},\"potentialAction\":[{\"@type\":\"SearchAction\",\"target\":{\"@type\":\"EntryPoint\",\"urlTemplate\":\"https:\\\/\\\/aufildespierres.com\\\/?s={search_term_string}\"},\"query-input\":{\"@type\":\"PropertyValueSpecification\",\"valueRequired\":true,\"valueName\":\"search_term_string\"}}],\"inLanguage\":\"fr-FR\"},{\"@type\":\"Organization\",\"@id\":\"https:\\\/\\\/aufildespierres.com\\\/#organization\",\"name\":\"Au fil des pierres\",\"url\":\"https:\\\/\\\/aufildespierres.com\\\/\",\"logo\":{\"@type\":\"ImageObject\",\"inLanguage\":\"fr-FR\",\"@id\":\"https:\\\/\\\/aufildespierres.com\\\/#\\\/schema\\\/logo\\\/image\\\/\",\"url\":\"https:\\\/\\\/aufildespierres.com\\\/wp-content\\\/uploads\\\/2023\\\/05\\\/cropped-Logo-PNG-Transparent.png\",\"contentUrl\":\"https:\\\/\\\/aufildespierres.com\\\/wp-content\\\/uploads\\\/2023\\\/05\\\/cropped-Logo-PNG-Transparent.png\",\"width\":1776,\"height\":1625,\"caption\":\"Au fil des pierres\"},\"image\":{\"@id\":\"https:\\\/\\\/aufildespierres.com\\\/#\\\/schema\\\/logo\\\/image\\\/\"}}]}<\/script>\n<!-- \/ Yoast SEO plugin. -->","yoast_head_json":{"title":"Tortue en \u0152il de tigre - Au fil des pierres","description":"Tortue en \u0152il de Tigre : pierre de protection et confiance. Repousse les \u00e9nergies n\u00e9gatives et favorise ancrage et \u00e9quilibre.","robots":{"index":"index","follow":"follow","max-snippet":"max-snippet:-1","max-image-preview":"max-image-preview:large","max-video-preview":"max-video-preview:-1"},"canonical":"https:\/\/aufildespierres.com\/index.php\/product\/tortue-en-oeil-de-tigre\/","og_locale":"fr_FR","og_type":"article","og_title":"Tortue en \u0152il de tigre - Au fil des pierres","og_description":"Tortue en \u0152il de Tigre : pierre de protection et confiance. Repousse les \u00e9nergies n\u00e9gatives et favorise ancrage et \u00e9quilibre.","og_url":"https:\/\/aufildespierres.com\/index.php\/product\/tortue-en-oeil-de-tigre\/","og_site_name":"Au fil des pierres","article_modified_time":"2026-04-28T20:29:13+00:00","og_image":[{"width":2551,"height":2560,"url":"https:\/\/aufildespierres.com\/wp-content\/uploads\/2024\/02\/20240318_134831-scaled.jpg","type":"image\/jpeg"}],"twitter_card":"summary_large_image","twitter_misc":{"Dur\u00e9e de lecture estim\u00e9e":"2 minutes"},"schema":{"@context":"https:\/\/schema.org","@graph":[{"@type":"WebPage","@id":"https:\/\/aufildespierres.com\/index.php\/product\/tortue-en-oeil-de-tigre\/","url":"https:\/\/aufildespierres.com\/index.php\/product\/tortue-en-oeil-de-tigre\/","name":"Tortue en \u0152il de tigre - Au fil des pierres","isPartOf":{"@id":"https:\/\/aufildespierres.com\/#website"},"primaryImageOfPage":{"@id":"https:\/\/aufildespierres.com\/index.php\/product\/tortue-en-oeil-de-tigre\/#primaryimage"},"image":{"@id":"https:\/\/aufildespierres.com\/index.php\/product\/tortue-en-oeil-de-tigre\/#primaryimage"},"thumbnailUrl":"https:\/\/aufildespierres.com\/wp-content\/uploads\/2024\/02\/20240318_134831-scaled.jpg","datePublished":"2024-02-28T07:50:32+00:00","dateModified":"2026-04-28T20:29:13+00:00","description":"Tortue en \u0152il de Tigre : pierre de protection et confiance. Repousse les \u00e9nergies n\u00e9gatives et favorise ancrage et \u00e9quilibre.","breadcrumb":{"@id":"https:\/\/aufildespierres.com\/index.php\/product\/tortue-en-oeil-de-tigre\/#breadcrumb"},"inLanguage":"fr-FR","potentialAction":[{"@type":"ReadAction","target":["https:\/\/aufildespierres.com\/index.php\/product\/tortue-en-oeil-de-tigre\/"]}]},{"@type":"ImageObject","inLanguage":"fr-FR","@id":"https:\/\/aufildespierres.com\/index.php\/product\/tortue-en-oeil-de-tigre\/#primaryimage","url":"https:\/\/aufildespierres.com\/wp-content\/uploads\/2024\/02\/20240318_134831-scaled.jpg","contentUrl":"https:\/\/aufildespierres.com\/wp-content\/uploads\/2024\/02\/20240318_134831-scaled.jpg","width":2551,"height":2560},{"@type":"BreadcrumbList","@id":"https:\/\/aufildespierres.com\/index.php\/product\/tortue-en-oeil-de-tigre\/#breadcrumb","itemListElement":[{"@type":"ListItem","position":1,"name":"Accueil","item":"https:\/\/aufildespierres.com\/"},{"@type":"ListItem","position":2,"name":"Boutique de Lithoth\u00e9rapie","item":"https:\/\/aufildespierres.com\/index.php\/boutique-de-lithotherapie\/"},{"@type":"ListItem","position":3,"name":"Tortue en \u0152il de tigre"}]},{"@type":"WebSite","@id":"https:\/\/aufildespierres.com\/#website","url":"https:\/\/aufildespierres.com\/","name":"Au fil des pierres","description":"Au fil des pierres","publisher":{"@id":"https:\/\/aufildespierres.com\/#organization"},"potentialAction":[{"@type":"SearchAction","target":{"@type":"EntryPoint","urlTemplate":"https:\/\/aufildespierres.com\/?s={search_term_string}"},"query-input":{"@type":"PropertyValueSpecification","valueRequired":true,"valueName":"search_term_string"}}],"inLanguage":"fr-FR"},{"@type":"Organization","@id":"https:\/\/aufildespierres.com\/#organization","name":"Au fil des pierres","url":"https:\/\/aufildespierres.com\/","logo":{"@type":"ImageObject","inLanguage":"fr-FR","@id":"https:\/\/aufildespierres.com\/#\/schema\/logo\/image\/","url":"https:\/\/aufildespierres.com\/wp-content\/uploads\/2023\/05\/cropped-Logo-PNG-Transparent.png","contentUrl":"https:\/\/aufildespierres.com\/wp-content\/uploads\/2023\/05\/cropped-Logo-PNG-Transparent.png","width":1776,"height":1625,"caption":"Au fil des pierres"},"image":{"@id":"https:\/\/aufildespierres.com\/#\/schema\/logo\/image\/"}}]}},"_links":{"self":[{"href":"https:\/\/aufildespierres.com\/index.php\/wp-json\/wp\/v2\/product\/2179","targetHints":{"allow":["GET"]}}],"collection":[{"href":"https:\/\/aufildespierres.com\/index.php\/wp-json\/wp\/v2\/product"}],"about":[{"href":"https:\/\/aufildespierres.com\/index.php\/wp-json\/wp\/v2\/types\/product"}],"replies":[{"embeddable":true,"href":"https:\/\/aufildespierres.com\/index.php\/wp-json\/wp\/v2\/comments?post=2179"}],"wp:featuredmedia":[{"embeddable":true,"href":"https:\/\/aufildespierres.com\/index.php\/wp-json\/wp\/v2\/media\/2240"}],"wp:attachment":[{"href":"https:\/\/aufildespierres.com\/index.php\/wp-json\/wp\/v2\/media?parent=2179"}],"wp:term":[{"taxonomy":"product_brand","embeddable":true,"href":"https:\/\/aufildespierres.com\/index.php\/wp-json\/wp\/v2\/product_brand?post=2179"},{"taxonomy":"product_cat","embeddable":true,"href":"https:\/\/aufildespierres.com\/index.php\/wp-json\/wp\/v2\/product_cat?post=2179"},{"taxonomy":"product_tag","embeddable":true,"href":"https:\/\/aufildespierres.com\/index.php\/wp-json\/wp\/v2\/product_tag?post=2179"}],"curies":[{"name":"wp","href":"https:\/\/api.w.org\/{rel}","templated":true}]}}