{"id":2206,"date":"2024-03-03T10:47:20","date_gmt":"2024-03-03T09:47:20","guid":{"rendered":"https:\/\/aufildespierres.com\/?post_type=product&#038;p=2206"},"modified":"2026-04-09T19:33:36","modified_gmt":"2026-04-09T17:33:36","slug":"amethyste-forme-libre","status":"publish","type":"product","link":"https:\/\/aufildespierres.com\/index.php\/product\/amethyste-forme-libre\/","title":{"rendered":"Am\u00e9thyste forme libre"},"content":{"rendered":"<section class=\"text-token-text-primary w-full focus:outline-none [--shadow-height:45px] has-data-writing-block:pointer-events-none has-data-writing-block:-mt-(--shadow-height) has-data-writing-block:pt-(--shadow-height) [&amp;:has([data-writing-block])&gt;*]:pointer-events-auto scroll-mt-(--header-height)\" dir=\"auto\" data-turn-id=\"d31152c2-9b44-4822-9a8a-a52528cadf9e\" data-testid=\"conversation-turn-17\" data-scroll-anchor=\"false\" data-turn=\"user\"><\/section>\n<section class=\"text-token-text-primary w-full focus:outline-none [--shadow-height:45px] has-data-writing-block:pointer-events-none has-data-writing-block:-mt-(--shadow-height) has-data-writing-block:pt-(--shadow-height) [&amp;:has([data-writing-block])&gt;*]:pointer-events-auto scroll-mt-[calc(var(--header-height)+min(200px,max(70px,20svh)))]\" dir=\"auto\" data-turn-id=\"request-WEB:73da8b38-58e5-4b7e-bd06-e14a96fde916-8\" data-testid=\"conversation-turn-18\" data-scroll-anchor=\"true\" data-turn=\"assistant\">\n<div class=\"text-base my-auto mx-auto pb-10 [--thread-content-margin:var(--thread-content-margin-xs,calc(var(--spacing)*4))] @w-sm\/main:[--thread-content-margin:var(--thread-content-margin-sm,calc(var(--spacing)*6))] @w-lg\/main:[--thread-content-margin:var(--thread-content-margin-lg,calc(var(--spacing)*16))] px-(--thread-content-margin)\">\n<div class=\"[--thread-content-max-width:40rem] @w-lg\/main:[--thread-content-max-width:48rem] mx-auto max-w-(--thread-content-max-width) flex-1 group\/turn-messages focus-visible:outline-hidden relative flex w-full min-w-0 flex-col agent-turn\">\n<div class=\"flex max-w-full flex-col gap-4 grow\">\n<div class=\"min-h-8 text-message relative flex w-full flex-col items-end gap-2 text-start break-words whitespace-normal outline-none keyboard-focused:focus-ring [.text-message+&amp;]:mt-1\" dir=\"auto\" tabindex=\"0\" data-message-author-role=\"assistant\" data-message-id=\"c84c27d2-cd27-42c7-b561-6b2c8a3a8d02\" data-message-model-slug=\"gpt-5-3\" data-turn-start-message=\"true\">\n<div class=\"flex w-full flex-col gap-1 empty:hidden\">\n<div class=\"markdown prose dark:prose-invert w-full wrap-break-word light markdown-new-styling\">\n<p data-start=\"0\" data-end=\"86\"><strong data-start=\"0\" data-end=\"86\">Am\u00e9thyste forme libre : pierre naturelle de s\u00e9r\u00e9nit\u00e9 et d\u2019\u00e9veil spirituel<\/strong><\/p>\n<p data-start=\"88\" data-end=\"364\">Cette am\u00e9thyste forme libre, en version chevron claire polie, est une pierre naturelle \u00e9l\u00e9gante et \u00e9nerg\u00e9tique. Avec un poids de 228 g et une taille d\u2019environ 80 x 60 mm, cette pierre Am\u00e9thyste s\u00e9duit par ses nuances violettes, lavande et ses bandes blanches caract\u00e9ristiques.<\/p>\n<p data-start=\"366\" data-end=\"599\">Tout d\u2019abord, la pierre Am\u00e9thyste est reconnue pour favoriser la s\u00e9r\u00e9nit\u00e9 et la paix int\u00e9rieure. Elle apaise le stress, la nervosit\u00e9 et les \u00e9motions intenses. Ainsi, elle aide \u00e0 retrouver un \u00e9quilibre \u00e9motionnel durable au quotidien.<\/p>\n<p data-start=\"601\" data-end=\"844\">Ensuite, cette pierre stimule la cr\u00e9ativit\u00e9, l\u2019imagination et l\u2019intuition. Elle accompagne \u00e9galement l\u2019\u00e9veil spirituel et am\u00e9liore la concentration. Par cons\u00e9quent, elle est id\u00e9ale pour la m\u00e9ditation, la r\u00e9flexion ou les activit\u00e9s artistiques.<\/p>\n<p data-start=\"846\" data-end=\"1107\">De plus, l\u2019am\u00e9thyste chevron renforce la confiance en soi et aide \u00e0 prendre des d\u00e9cisions avec clart\u00e9. Elle favorise aussi l\u2019ouverture d\u2019esprit et la compr\u00e9hension des situations. Elle soutient les p\u00e9riodes de changement, de deuil ou de transition \u00e9motionnelle.<\/p>\n<p data-start=\"1109\" data-end=\"1372\">Par ailleurs, cette pierre naturelle agit comme un puissant purificateur. Elle aide \u00e0 dissiper les \u00e9nergies n\u00e9gatives et favorise un environnement apaisant. Elle peut \u00e9galement accompagner les personnes souhaitant se lib\u00e9rer de certaines d\u00e9pendances ou habitudes.<\/p>\n<p data-start=\"1374\" data-end=\"1583\">Sur le plan physique, la pierre Am\u00e9thyste favorise un sommeil de qualit\u00e9 et r\u00e9duit les maux de t\u00eate ainsi que les tensions musculaires. Elle soutient aussi le syst\u00e8me nerveux et contribue au bien-\u00eatre g\u00e9n\u00e9ral.<\/p>\n<p data-start=\"1585\" data-end=\"1743\">Enfin, cette am\u00e9thyste forme libre est id\u00e9ale en d\u00e9coration ou en m\u00e9ditation. Chaque pi\u00e8ce est unique, avec des variations naturelles de couleur et de motifs.<\/p>\n<\/div>\n<\/div>\n<\/div>\n<\/div>\n<\/div>\n<\/div>\n<\/section>\n","protected":false},"excerpt":{"rendered":"<p>Am\u00e9thyste forme libre : pierre naturelle de s\u00e9r\u00e9nit\u00e9 et d\u2019\u00e9veil spirituel Cette am\u00e9thyste forme libre, en version chevron claire polie, est une pierre naturelle \u00e9l\u00e9gante et \u00e9nerg\u00e9tique. Avec un poids de 228 g et une taille d\u2019environ 80 x 60 mm, cette pierre Am\u00e9thyste s\u00e9duit par ses nuances violettes, lavande et ses bandes blanches caract\u00e9ristiques. [&hellip;]<\/p>\n","protected":false},"featured_media":2208,"comment_status":"open","ping_status":"closed","template":"","meta":{"site-sidebar-layout":"default","site-content-layout":"","ast-site-content-layout":"default","site-content-style":"default","site-sidebar-style":"default","ast-global-header-display":"","ast-banner-title-visibility":"","ast-main-header-display":"","ast-hfb-above-header-display":"","ast-hfb-below-header-display":"","ast-hfb-mobile-header-display":"","site-post-title":"","ast-breadcrumbs-content":"","ast-featured-img":"","footer-sml-layout":"","ast-disable-related-posts":"","theme-transparent-header-meta":"default","adv-header-id-meta":"","stick-header-meta":"","header-above-stick-meta":"","header-main-stick-meta":"","header-below-stick-meta":"","astra-migrate-meta-layouts":"set","ast-page-background-enabled":"default","ast-page-background-meta":{"desktop":{"background-color":"var(--ast-global-color-4)","background-image":"","background-repeat":"repeat","background-position":"center center","background-size":"auto","background-attachment":"scroll","background-type":"","background-media":"","overlay-type":"","overlay-color":"","overlay-opacity":"","overlay-gradient":""},"tablet":{"background-color":"","background-image":"","background-repeat":"repeat","background-position":"center center","background-size":"auto","background-attachment":"scroll","background-type":"","background-media":"","overlay-type":"","overlay-color":"","overlay-opacity":"","overlay-gradient":""},"mobile":{"background-color":"","background-image":"","background-repeat":"repeat","background-position":"center center","background-size":"auto","background-attachment":"scroll","background-type":"","background-media":"","overlay-type":"","overlay-color":"","overlay-opacity":"","overlay-gradient":""}},"ast-content-background-meta":{"desktop":{"background-color":"var(--ast-global-color-5)","background-image":"","background-repeat":"repeat","background-position":"center center","background-size":"auto","background-attachment":"scroll","background-type":"","background-media":"","overlay-type":"","overlay-color":"","overlay-opacity":"","overlay-gradient":""},"tablet":{"background-color":"var(--ast-global-color-5)","background-image":"","background-repeat":"repeat","background-position":"center center","background-size":"auto","background-attachment":"scroll","background-type":"","background-media":"","overlay-type":"","overlay-color":"","overlay-opacity":"","overlay-gradient":""},"mobile":{"background-color":"var(--ast-global-color-5)","background-image":"","background-repeat":"repeat","background-position":"center center","background-size":"auto","background-attachment":"scroll","background-type":"","background-media":"","overlay-type":"","overlay-color":"","overlay-opacity":"","overlay-gradient":""}},"_glsr_average":0,"_glsr_ranking":0,"_glsr_reviews":0},"product_brand":[],"product_cat":[70,179,69],"product_tag":[],"class_list":{"0":"post-2206","1":"product","2":"type-product","3":"status-publish","4":"has-post-thumbnail","6":"product_cat-amethyste","7":"product_cat-formes-libres","8":"product_cat-violet","9":"product_shipping_class-lourd","10":"desktop-align-left","11":"tablet-align-left","12":"mobile-align-left","14":"first","15":"instock","16":"purchasable","17":"product-type-simple"},"yoast_head":"<!-- This site is optimized with the Yoast SEO plugin v27.4 - https:\/\/yoast.com\/product\/yoast-seo-wordpress\/ -->\n<title>Am\u00e9thyste forme libre - Au fil des pierres<\/title>\n<meta name=\"description\" content=\"Am\u00e9thyste forme libre naturelle chevron. Cette pierre Am\u00e9thyste favorise s\u00e9r\u00e9nit\u00e9, sommeil, cr\u00e9ativit\u00e9 et \u00e9quilibre \u00e9motionnel tout en purifiant les \u00e9nergies n\u00e9gatives.\" \/>\n<meta name=\"robots\" content=\"index, follow, max-snippet:-1, max-image-preview:large, max-video-preview:-1\" \/>\n<link rel=\"canonical\" href=\"https:\/\/aufildespierres.com\/index.php\/product\/amethyste-forme-libre\/\" \/>\n<meta property=\"og:locale\" content=\"fr_FR\" \/>\n<meta property=\"og:type\" content=\"article\" \/>\n<meta property=\"og:title\" content=\"Am\u00e9thyste forme libre - Au fil des pierres\" \/>\n<meta property=\"og:description\" content=\"Am\u00e9thyste forme libre naturelle chevron. Cette pierre Am\u00e9thyste favorise s\u00e9r\u00e9nit\u00e9, sommeil, cr\u00e9ativit\u00e9 et \u00e9quilibre \u00e9motionnel tout en purifiant les \u00e9nergies n\u00e9gatives.\" \/>\n<meta property=\"og:url\" content=\"https:\/\/aufildespierres.com\/index.php\/product\/amethyste-forme-libre\/\" \/>\n<meta property=\"og:site_name\" content=\"Au fil des pierres\" \/>\n<meta property=\"article:modified_time\" content=\"2026-04-09T17:33:36+00:00\" \/>\n<meta property=\"og:image\" content=\"https:\/\/aufildespierres.com\/wp-content\/uploads\/2024\/03\/20240303_101235-scaled.jpg\" \/>\n\t<meta property=\"og:image:width\" content=\"1920\" \/>\n\t<meta property=\"og:image:height\" content=\"2560\" \/>\n\t<meta property=\"og:image:type\" content=\"image\/jpeg\" \/>\n<meta name=\"twitter:card\" content=\"summary_large_image\" \/>\n<meta name=\"twitter:label1\" content=\"Dur\u00e9e de lecture estim\u00e9e\" \/>\n\t<meta name=\"twitter:data1\" content=\"2 minutes\" \/>\n<script type=\"application\/ld+json\" class=\"yoast-schema-graph\">{\"@context\":\"https:\\\/\\\/schema.org\",\"@graph\":[{\"@type\":\"WebPage\",\"@id\":\"https:\\\/\\\/aufildespierres.com\\\/index.php\\\/product\\\/amethyste-forme-libre\\\/\",\"url\":\"https:\\\/\\\/aufildespierres.com\\\/index.php\\\/product\\\/amethyste-forme-libre\\\/\",\"name\":\"Am\u00e9thyste forme libre - Au fil des pierres\",\"isPartOf\":{\"@id\":\"https:\\\/\\\/aufildespierres.com\\\/#website\"},\"primaryImageOfPage\":{\"@id\":\"https:\\\/\\\/aufildespierres.com\\\/index.php\\\/product\\\/amethyste-forme-libre\\\/#primaryimage\"},\"image\":{\"@id\":\"https:\\\/\\\/aufildespierres.com\\\/index.php\\\/product\\\/amethyste-forme-libre\\\/#primaryimage\"},\"thumbnailUrl\":\"https:\\\/\\\/aufildespierres.com\\\/wp-content\\\/uploads\\\/2024\\\/03\\\/20240303_101235-scaled.jpg\",\"datePublished\":\"2024-03-03T09:47:20+00:00\",\"dateModified\":\"2026-04-09T17:33:36+00:00\",\"description\":\"Am\u00e9thyste forme libre naturelle chevron. Cette pierre Am\u00e9thyste favorise s\u00e9r\u00e9nit\u00e9, sommeil, cr\u00e9ativit\u00e9 et \u00e9quilibre \u00e9motionnel tout en purifiant les \u00e9nergies n\u00e9gatives.\",\"breadcrumb\":{\"@id\":\"https:\\\/\\\/aufildespierres.com\\\/index.php\\\/product\\\/amethyste-forme-libre\\\/#breadcrumb\"},\"inLanguage\":\"fr-FR\",\"potentialAction\":[{\"@type\":\"ReadAction\",\"target\":[\"https:\\\/\\\/aufildespierres.com\\\/index.php\\\/product\\\/amethyste-forme-libre\\\/\"]}]},{\"@type\":\"ImageObject\",\"inLanguage\":\"fr-FR\",\"@id\":\"https:\\\/\\\/aufildespierres.com\\\/index.php\\\/product\\\/amethyste-forme-libre\\\/#primaryimage\",\"url\":\"https:\\\/\\\/aufildespierres.com\\\/wp-content\\\/uploads\\\/2024\\\/03\\\/20240303_101235-scaled.jpg\",\"contentUrl\":\"https:\\\/\\\/aufildespierres.com\\\/wp-content\\\/uploads\\\/2024\\\/03\\\/20240303_101235-scaled.jpg\",\"width\":1920,\"height\":2560},{\"@type\":\"BreadcrumbList\",\"@id\":\"https:\\\/\\\/aufildespierres.com\\\/index.php\\\/product\\\/amethyste-forme-libre\\\/#breadcrumb\",\"itemListElement\":[{\"@type\":\"ListItem\",\"position\":1,\"name\":\"Accueil\",\"item\":\"https:\\\/\\\/aufildespierres.com\\\/\"},{\"@type\":\"ListItem\",\"position\":2,\"name\":\"Boutique de Lithoth\u00e9rapie\",\"item\":\"https:\\\/\\\/aufildespierres.com\\\/index.php\\\/boutique-de-lithotherapie\\\/\"},{\"@type\":\"ListItem\",\"position\":3,\"name\":\"Am\u00e9thyste forme libre\"}]},{\"@type\":\"WebSite\",\"@id\":\"https:\\\/\\\/aufildespierres.com\\\/#website\",\"url\":\"https:\\\/\\\/aufildespierres.com\\\/\",\"name\":\"Au fil des pierres\",\"description\":\"Au fil des pierres\",\"publisher\":{\"@id\":\"https:\\\/\\\/aufildespierres.com\\\/#organization\"},\"potentialAction\":[{\"@type\":\"SearchAction\",\"target\":{\"@type\":\"EntryPoint\",\"urlTemplate\":\"https:\\\/\\\/aufildespierres.com\\\/?s={search_term_string}\"},\"query-input\":{\"@type\":\"PropertyValueSpecification\",\"valueRequired\":true,\"valueName\":\"search_term_string\"}}],\"inLanguage\":\"fr-FR\"},{\"@type\":\"Organization\",\"@id\":\"https:\\\/\\\/aufildespierres.com\\\/#organization\",\"name\":\"Au fil des pierres\",\"url\":\"https:\\\/\\\/aufildespierres.com\\\/\",\"logo\":{\"@type\":\"ImageObject\",\"inLanguage\":\"fr-FR\",\"@id\":\"https:\\\/\\\/aufildespierres.com\\\/#\\\/schema\\\/logo\\\/image\\\/\",\"url\":\"https:\\\/\\\/aufildespierres.com\\\/wp-content\\\/uploads\\\/2023\\\/05\\\/cropped-Logo-PNG-Transparent.png\",\"contentUrl\":\"https:\\\/\\\/aufildespierres.com\\\/wp-content\\\/uploads\\\/2023\\\/05\\\/cropped-Logo-PNG-Transparent.png\",\"width\":1776,\"height\":1625,\"caption\":\"Au fil des pierres\"},\"image\":{\"@id\":\"https:\\\/\\\/aufildespierres.com\\\/#\\\/schema\\\/logo\\\/image\\\/\"}}]}<\/script>\n<!-- \/ Yoast SEO plugin. -->","yoast_head_json":{"title":"Am\u00e9thyste forme libre - Au fil des pierres","description":"Am\u00e9thyste forme libre naturelle chevron. Cette pierre Am\u00e9thyste favorise s\u00e9r\u00e9nit\u00e9, sommeil, cr\u00e9ativit\u00e9 et \u00e9quilibre \u00e9motionnel tout en purifiant les \u00e9nergies n\u00e9gatives.","robots":{"index":"index","follow":"follow","max-snippet":"max-snippet:-1","max-image-preview":"max-image-preview:large","max-video-preview":"max-video-preview:-1"},"canonical":"https:\/\/aufildespierres.com\/index.php\/product\/amethyste-forme-libre\/","og_locale":"fr_FR","og_type":"article","og_title":"Am\u00e9thyste forme libre - Au fil des pierres","og_description":"Am\u00e9thyste forme libre naturelle chevron. Cette pierre Am\u00e9thyste favorise s\u00e9r\u00e9nit\u00e9, sommeil, cr\u00e9ativit\u00e9 et \u00e9quilibre \u00e9motionnel tout en purifiant les \u00e9nergies n\u00e9gatives.","og_url":"https:\/\/aufildespierres.com\/index.php\/product\/amethyste-forme-libre\/","og_site_name":"Au fil des pierres","article_modified_time":"2026-04-09T17:33:36+00:00","og_image":[{"width":1920,"height":2560,"url":"https:\/\/aufildespierres.com\/wp-content\/uploads\/2024\/03\/20240303_101235-scaled.jpg","type":"image\/jpeg"}],"twitter_card":"summary_large_image","twitter_misc":{"Dur\u00e9e de lecture estim\u00e9e":"2 minutes"},"schema":{"@context":"https:\/\/schema.org","@graph":[{"@type":"WebPage","@id":"https:\/\/aufildespierres.com\/index.php\/product\/amethyste-forme-libre\/","url":"https:\/\/aufildespierres.com\/index.php\/product\/amethyste-forme-libre\/","name":"Am\u00e9thyste forme libre - Au fil des pierres","isPartOf":{"@id":"https:\/\/aufildespierres.com\/#website"},"primaryImageOfPage":{"@id":"https:\/\/aufildespierres.com\/index.php\/product\/amethyste-forme-libre\/#primaryimage"},"image":{"@id":"https:\/\/aufildespierres.com\/index.php\/product\/amethyste-forme-libre\/#primaryimage"},"thumbnailUrl":"https:\/\/aufildespierres.com\/wp-content\/uploads\/2024\/03\/20240303_101235-scaled.jpg","datePublished":"2024-03-03T09:47:20+00:00","dateModified":"2026-04-09T17:33:36+00:00","description":"Am\u00e9thyste forme libre naturelle chevron. Cette pierre Am\u00e9thyste favorise s\u00e9r\u00e9nit\u00e9, sommeil, cr\u00e9ativit\u00e9 et \u00e9quilibre \u00e9motionnel tout en purifiant les \u00e9nergies n\u00e9gatives.","breadcrumb":{"@id":"https:\/\/aufildespierres.com\/index.php\/product\/amethyste-forme-libre\/#breadcrumb"},"inLanguage":"fr-FR","potentialAction":[{"@type":"ReadAction","target":["https:\/\/aufildespierres.com\/index.php\/product\/amethyste-forme-libre\/"]}]},{"@type":"ImageObject","inLanguage":"fr-FR","@id":"https:\/\/aufildespierres.com\/index.php\/product\/amethyste-forme-libre\/#primaryimage","url":"https:\/\/aufildespierres.com\/wp-content\/uploads\/2024\/03\/20240303_101235-scaled.jpg","contentUrl":"https:\/\/aufildespierres.com\/wp-content\/uploads\/2024\/03\/20240303_101235-scaled.jpg","width":1920,"height":2560},{"@type":"BreadcrumbList","@id":"https:\/\/aufildespierres.com\/index.php\/product\/amethyste-forme-libre\/#breadcrumb","itemListElement":[{"@type":"ListItem","position":1,"name":"Accueil","item":"https:\/\/aufildespierres.com\/"},{"@type":"ListItem","position":2,"name":"Boutique de Lithoth\u00e9rapie","item":"https:\/\/aufildespierres.com\/index.php\/boutique-de-lithotherapie\/"},{"@type":"ListItem","position":3,"name":"Am\u00e9thyste forme libre"}]},{"@type":"WebSite","@id":"https:\/\/aufildespierres.com\/#website","url":"https:\/\/aufildespierres.com\/","name":"Au fil des pierres","description":"Au fil des pierres","publisher":{"@id":"https:\/\/aufildespierres.com\/#organization"},"potentialAction":[{"@type":"SearchAction","target":{"@type":"EntryPoint","urlTemplate":"https:\/\/aufildespierres.com\/?s={search_term_string}"},"query-input":{"@type":"PropertyValueSpecification","valueRequired":true,"valueName":"search_term_string"}}],"inLanguage":"fr-FR"},{"@type":"Organization","@id":"https:\/\/aufildespierres.com\/#organization","name":"Au fil des pierres","url":"https:\/\/aufildespierres.com\/","logo":{"@type":"ImageObject","inLanguage":"fr-FR","@id":"https:\/\/aufildespierres.com\/#\/schema\/logo\/image\/","url":"https:\/\/aufildespierres.com\/wp-content\/uploads\/2023\/05\/cropped-Logo-PNG-Transparent.png","contentUrl":"https:\/\/aufildespierres.com\/wp-content\/uploads\/2023\/05\/cropped-Logo-PNG-Transparent.png","width":1776,"height":1625,"caption":"Au fil des pierres"},"image":{"@id":"https:\/\/aufildespierres.com\/#\/schema\/logo\/image\/"}}]}},"_links":{"self":[{"href":"https:\/\/aufildespierres.com\/index.php\/wp-json\/wp\/v2\/product\/2206","targetHints":{"allow":["GET"]}}],"collection":[{"href":"https:\/\/aufildespierres.com\/index.php\/wp-json\/wp\/v2\/product"}],"about":[{"href":"https:\/\/aufildespierres.com\/index.php\/wp-json\/wp\/v2\/types\/product"}],"replies":[{"embeddable":true,"href":"https:\/\/aufildespierres.com\/index.php\/wp-json\/wp\/v2\/comments?post=2206"}],"wp:featuredmedia":[{"embeddable":true,"href":"https:\/\/aufildespierres.com\/index.php\/wp-json\/wp\/v2\/media\/2208"}],"wp:attachment":[{"href":"https:\/\/aufildespierres.com\/index.php\/wp-json\/wp\/v2\/media?parent=2206"}],"wp:term":[{"taxonomy":"product_brand","embeddable":true,"href":"https:\/\/aufildespierres.com\/index.php\/wp-json\/wp\/v2\/product_brand?post=2206"},{"taxonomy":"product_cat","embeddable":true,"href":"https:\/\/aufildespierres.com\/index.php\/wp-json\/wp\/v2\/product_cat?post=2206"},{"taxonomy":"product_tag","embeddable":true,"href":"https:\/\/aufildespierres.com\/index.php\/wp-json\/wp\/v2\/product_tag?post=2206"}],"curies":[{"name":"wp","href":"https:\/\/api.w.org\/{rel}","templated":true}]}}